{"id":7379,"date":"2016-11-28T09:25:14","date_gmt":"2016-11-28T09:25:14","guid":{"rendered":"http:\/\/www.humanium.org\/de\/?page_id=7379"},"modified":"2025-12-05T17:17:22","modified_gmt":"2025-12-05T17:17:22","slug":"kuwait","status":"publish","type":"page","link":"https:\/\/www.humanium.org\/de\/kuwait\/","title":{"rendered":"Kinder in Kuwait"},"content":{"rendered":"<h1>Kinder in Kuwait<\/h1>\n<h2>Verwirklichung der Kinderrechte in Kuwait<\/h2>\n<p>Auf Empfehlung eines Berichts des Ausschusses f\u00fcr die Rechte des Kindes, die im Jahre 1998 im Rahmen derer Pr\u00e4sentation ausgesprochen wurde, hat Kuwait die Lebenssituation f\u00fcr Kinder verbessert. Das Land weigert sich jedoch nach wie vor, seine Gesetze so zu \u00e4ndern, dass bestimmte Rechte gew\u00e4hrleistet w\u00e4ren. Diskriminierung im Bildungswesen und Kinderehen bestehen beispielsweise weiterhin.<\/p>\n<h3>Hauptprobleme, denen Kinder in Kuwait ausgesetzt sind<\/h3>\n<p><a href=\"https:\/\/www.humanium.org\/de\/kinderheirat\/\"><strong><img loading=\"lazy\" decoding=\"async\" class=\"alignright size-medium wp-image-12732\" title=\"In Kuwait the minimum legal age of marriage varies according to gender \u00a9 steve-et jemma-copley\" src=\"https:\/\/www.humanium.org\/en\/wp-content\/uploads\/2013\/02\/violence-steve-et-jemma-copley-225x300.jpg\" alt=\"\" width=\"225\" height=\"300\" \/>Kinderehen<\/strong><\/a><\/p>\n<p>In Kuwait variiert das gesetzliche Mindestalter f\u00fcr die Ehe je nach Geschlecht, wobei das Alter der ehelichen Zustimmung f\u00fcr M\u00e4dchen 15 Jahre und f\u00fcr Jungen 17 Jahre betr\u00e4gt. Das junge Alter der ehelichen Zustimmung f\u00fcr M\u00e4dchen erh\u00f6ht die Wahrscheinlichkeit auf eine verk\u00fcrzte Ausbildung.<\/p>\n<p>In diesem Land ist die Ehe mit der Pflicht zur Fortpflanzung verbunden, Jugendliche sind allerdings im Allgemeinen k\u00f6rperlich nicht weit genug entwickelt, ein Kind zu geb\u00e4ren. Eine Schwangerschaft kann daher ernste gesundheitliche Folgen f\u00fcr die M\u00e4dchen mit sich bringen.<\/p>\n<p>Kinderehen werfen zudem das Problem der Ehevergewaltigung auf. Eheverbrechen werden im kuwaitischen Recht nicht anerkannt, sodass verheiratete M\u00e4dchen anf\u00e4lliger f\u00fcr diese Art von Gewalt werden.<\/p>\n<p>Der Ausschuss f\u00fcr die Rechte des Kindes empfiehlt die Erh\u00f6hung des Mindestalters f\u00fcr die Eheschlie\u00dfung f\u00fcr M\u00e4dchen auf 17 Jahren zu erh\u00f6hen.<\/p>\n<p><a href=\"https:\/\/www.humanium.org\/de\/recht-auf-identitat\/\"><strong>Recht auf Identit\u00e4t<\/strong><\/a><\/p>\n<p><img loading=\"lazy\" decoding=\"async\" class=\"alignright size-medium wp-image-12729\" src=\"https:\/\/www.humanium.org\/en\/wp-content\/uploads\/2013\/02\/discrimination-brett-jordan-300x196.jpg\" alt=\"Inequalities remain between men and women with the transmission of Kuwaiti nationality \u00a9 discrimination-brett-jordan\" width=\"300\" height=\"196\" \/>Geschlechtsbezogene Ungleichheiten im Bezug auf die \u00dcbertragung der kuwaitischen Nationalit\u00e4t auf Kinder dauern an. Kinder erhalten automatisch die Staatsangeh\u00f6rigkeit des Vaters, die Nationalit\u00e4t der Mutter wird gem\u00e4\u00df des Staatsangeh\u00f6rigkeitsgesetzes nur im Falle einer Scheidung oder im Falle des Todes eines staatenlosen Vaters in Betracht gezogen.<\/p>\n<p>Obwohl mindestens eine dieser Voraussetzungen f\u00fcr die Gew\u00e4hrung der Staatsb\u00fcrgerschaft gegeben sein muss, tritt die \u00dcbertragung nicht automatisch ein. Daher ist das Risiko einer Staatenlosigkeit des Kindes viel h\u00f6her. Auch wenn eine kuwaitische Frau mit einem Ausl\u00e4nder verheiratet ist, kann sie ihre Nationalit\u00e4t nicht auf ihr Kind \u00fcbertragen und es wird dadurch staatenlos.<br \/>\nDas Recht auf Identit\u00e4t scheint eher ein Privileg als ein Recht zu sein.<\/p>\n<p>Zudem hat Kuwait weder dem \u00dcbereinkommen \u00fcber die Rechtsstellung der Staatenlosen von 1954, noch dem Abkommen \u00fcber die Verringerung von Staatenlosigkeit von 1961 stattgegeben.<\/p>\n<p><a href=\"https:\/\/www.humanium.org\/de\/focusdiskriminierung\/\"><strong>Diskriminierung<\/strong><\/a><\/p>\n<p>Dem <a href=\"https:\/\/www.humanium.org\/de\/recht-bildung\/\">Schulpflichtgesetz<\/a> nach, garantiert die kuwaitische Regierung freien Zugang zu Bildung f\u00fcr Kinder unabh\u00e4ngig vom Geschlecht. Nicht-Staatsb\u00fcrger haben jedoch keinen freien Zugang zu diesen Dienstleistungen.<\/p>\n<p>W\u00e4hrend diese Abgrenzung auf einem Mangel an Rechtsetzung f\u00fcr die Kinder von Nicht-Staatsangeh\u00f6rigen basiert, hat der Kuwait-Fonds ein Hilfsprogramm geschaffen, das helfen soll, die Studiengeb\u00fchren f\u00fcr diese Kinder zu decken und ihnen somit eine Schulausbildung zu erm\u00f6glichen. Der Zugang zu Gesundheitsversorgung bleibt allerdings aus.<\/p>\n<p><a href=\"https:\/\/www.humanium.org\/de\/gewalt\/\"><strong>Gewalt gegen\u00fcber Kindern<\/strong><\/a><\/p>\n<p>Kuwait hat die k\u00f6rperliche Bestrafung in der Schule zwar offiziell abgeschafft, das Verbot wird jedoch selten eingehalten. Dar\u00fcber hinaus betrachten Familien diese Praxis als Erziehungsmethode.<\/p>\n<p>Umfragen haben gezeigt, dass Gesundheitszentren des Ministeriums f\u00fcr soziale Angelegenheiten und Arbeit es ablehnen, minderj\u00e4hrige M\u00e4dchen, die h\u00e4uslicher Gewalt ausgesetzt sind, aufzunehmen.<\/p>\n<p>Der Mangel an statistischen Daten \u00fcber Gewalt gegen Kinder ist besorgniserregend.<\/p>\n<p><strong>Umwelt<\/strong><\/p>\n<p>In Kuwait tragen die Anwesenheit von \u00d6lf\u00f6rderanlagen, Chemieanlagen und der Industrie zur hohen Emission von Kohlendioxid (CO2) bei. Dieses Gas ist nicht giftig, gilt aber als Schadstoff, weil es zur Erderw\u00e4rmung beitr\u00e4gt. Durch den globalen Klimawandel steigt das Risiko auf Naturkatastrophen und geringe Ernteertr\u00e4ge. Der Klimawandel bedroht somit auch zuk\u00fcnftige Generationen.<br \/>\nDie Sorge \u00fcber das Problem ist selbst so gro\u00df, dass 150.000 Sch\u00fcler im Jahre 2010 nicht in die Schule gingen, um gegen Umweltverschmutzung zu protestieren.<\/p>\n<p><strong>Verkehrsunf\u00e4lle<\/strong><\/p>\n<p>Der Verkehr in Kuwait ist sehr dicht und dies hat zahlreiche Unf\u00e4lle zur Folge. Ob Fahrzeuginsassen oder Fu\u00dfg\u00e4nger \u2013 viele Kinder sind durch den Verkehr gef\u00e4hrdet.<br \/>\nUm das Risiko von Verkehrsunf\u00e4llen zu verringern, engagiert sich die kuwaitische Regierung daf\u00fcr, staatliche Pl\u00e4ne f\u00fcr die Sicherheit und f\u00fcr Opferhilfe in Kraft zu setzen.<\/p>\n","protected":false},"excerpt":{"rendered":"<p>Kinder in Kuwait Verwirklichung der Kinderrechte in Kuwait Auf Empfehlung eines Berichts des Ausschusses f\u00fcr die Rechte des Kindes, die im Jahre 1998 im Rahmen derer Pr\u00e4sentation ausgesprochen wurde, hat Kuwait die Lebenssituation f\u00fcr Kinder verbessert. Das Land weigert sich jedoch nach wie vor, seine Gesetze so zu \u00e4ndern, dass bestimmte Rechte gew\u00e4hrleistet w\u00e4ren. Diskriminierung [&hellip;]<\/p>\n","protected":false},"author":1,"featured_media":0,"parent":0,"menu_order":0,"comment_status":"closed","ping_status":"closed","template":"","meta":{"footnotes":""},"class_list":["post-7379","page","type-page","status-publish","hentry"],"yoast_head":"<!-- This site is optimized with the Yoast SEO plugin v26.5 - https:\/\/yoast.com\/wordpress\/plugins\/seo\/ -->\n<title>Kinder in Kuwait - Humanium<\/title>\n<meta name=\"description\" content=\"Kuwait weigert sich wie vor, seine Gesetze so zu \u00e4ndern, dass bestimmte Rechte gew\u00e4hrleistet w\u00e4ren. Diskriminierung besteht beispielsweise weiterhin.\" \/>\n<meta name=\"robots\" content=\"index, follow, max-snippet:-1, max-image-preview:large, max-video-preview:-1\" \/>\n<link rel=\"canonical\" href=\"https:\/\/www.humanium.org\/de\/kuwait\/\" \/>\n<meta property=\"og:locale\" content=\"de_DE\" \/>\n<meta property=\"og:type\" content=\"article\" \/>\n<meta property=\"og:title\" content=\"Kinder in Kuwait - Humanium\" \/>\n<meta property=\"og:description\" content=\"Kuwait weigert sich wie vor, seine Gesetze so zu \u00e4ndern, dass bestimmte Rechte gew\u00e4hrleistet w\u00e4ren. Diskriminierung besteht beispielsweise weiterhin.\" \/>\n<meta property=\"og:url\" content=\"https:\/\/www.humanium.org\/de\/kuwait\/\" \/>\n<meta property=\"og:site_name\" content=\"Humanium\" \/>\n<meta property=\"article:modified_time\" content=\"2025-12-05T17:17:22+00:00\" \/>\n<meta name=\"twitter:card\" content=\"summary_large_image\" \/>\n<meta name=\"twitter:label1\" content=\"Gesch\u00e4tzte Lesezeit\" \/>\n\t<meta name=\"twitter:data1\" content=\"4\u00a0Minuten\" \/>\n<script type=\"application\/ld+json\" class=\"yoast-schema-graph\">{\"@context\":\"https:\/\/schema.org\",\"@graph\":[{\"@type\":\"WebPage\",\"@id\":\"https:\/\/www.humanium.org\/de\/kuwait\/\",\"url\":\"https:\/\/www.humanium.org\/de\/kuwait\/\",\"name\":\"Kinder in Kuwait - Humanium\",\"isPartOf\":{\"@id\":\"https:\/\/www.humanium.org\/de\/#website\"},\"primaryImageOfPage\":{\"@id\":\"https:\/\/www.humanium.org\/de\/kuwait\/#primaryimage\"},\"image\":{\"@id\":\"https:\/\/www.humanium.org\/de\/kuwait\/#primaryimage\"},\"thumbnailUrl\":\"https:\/\/www.humanium.org\/en\/wp-content\/uploads\/2013\/02\/violence-steve-et-jemma-copley-225x300.jpg\",\"datePublished\":\"2016-11-28T09:25:14+00:00\",\"dateModified\":\"2025-12-05T17:17:22+00:00\",\"description\":\"Kuwait weigert sich wie vor, seine Gesetze so zu \u00e4ndern, dass bestimmte Rechte gew\u00e4hrleistet w\u00e4ren. Diskriminierung besteht beispielsweise weiterhin.\",\"breadcrumb\":{\"@id\":\"https:\/\/www.humanium.org\/de\/kuwait\/#breadcrumb\"},\"inLanguage\":\"de\",\"potentialAction\":[{\"@type\":\"ReadAction\",\"target\":[\"https:\/\/www.humanium.org\/de\/kuwait\/\"]}]},{\"@type\":\"ImageObject\",\"inLanguage\":\"de\",\"@id\":\"https:\/\/www.humanium.org\/de\/kuwait\/#primaryimage\",\"url\":\"https:\/\/www.humanium.org\/en\/wp-content\/uploads\/2013\/02\/violence-steve-et-jemma-copley-225x300.jpg\",\"contentUrl\":\"https:\/\/www.humanium.org\/en\/wp-content\/uploads\/2013\/02\/violence-steve-et-jemma-copley-225x300.jpg\"},{\"@type\":\"BreadcrumbList\",\"@id\":\"https:\/\/www.humanium.org\/de\/kuwait\/#breadcrumb\",\"itemListElement\":[{\"@type\":\"ListItem\",\"position\":1,\"name\":\"Home\",\"item\":\"https:\/\/www.humanium.org\/de\/\"},{\"@type\":\"ListItem\",\"position\":2,\"name\":\"Kinder in Kuwait\"}]},{\"@type\":\"WebSite\",\"@id\":\"https:\/\/www.humanium.org\/de\/#website\",\"url\":\"https:\/\/www.humanium.org\/de\/\",\"name\":\"Humanium\",\"description\":\"Kinder zuerst!\",\"potentialAction\":[{\"@type\":\"SearchAction\",\"target\":{\"@type\":\"EntryPoint\",\"urlTemplate\":\"https:\/\/www.humanium.org\/de\/?s={search_term_string}\"},\"query-input\":{\"@type\":\"PropertyValueSpecification\",\"valueRequired\":true,\"valueName\":\"search_term_string\"}}],\"inLanguage\":\"de\"}]}<\/script>\n<!-- \/ Yoast SEO plugin. -->","yoast_head_json":{"title":"Kinder in Kuwait - Humanium","description":"Kuwait weigert sich wie vor, seine Gesetze so zu \u00e4ndern, dass bestimmte Rechte gew\u00e4hrleistet w\u00e4ren. Diskriminierung besteht beispielsweise weiterhin.","robots":{"index":"index","follow":"follow","max-snippet":"max-snippet:-1","max-image-preview":"max-image-preview:large","max-video-preview":"max-video-preview:-1"},"canonical":"https:\/\/www.humanium.org\/de\/kuwait\/","og_locale":"de_DE","og_type":"article","og_title":"Kinder in Kuwait - Humanium","og_description":"Kuwait weigert sich wie vor, seine Gesetze so zu \u00e4ndern, dass bestimmte Rechte gew\u00e4hrleistet w\u00e4ren. Diskriminierung besteht beispielsweise weiterhin.","og_url":"https:\/\/www.humanium.org\/de\/kuwait\/","og_site_name":"Humanium","article_modified_time":"2025-12-05T17:17:22+00:00","twitter_card":"summary_large_image","twitter_misc":{"Gesch\u00e4tzte Lesezeit":"4\u00a0Minuten"},"schema":{"@context":"https:\/\/schema.org","@graph":[{"@type":"WebPage","@id":"https:\/\/www.humanium.org\/de\/kuwait\/","url":"https:\/\/www.humanium.org\/de\/kuwait\/","name":"Kinder in Kuwait - Humanium","isPartOf":{"@id":"https:\/\/www.humanium.org\/de\/#website"},"primaryImageOfPage":{"@id":"https:\/\/www.humanium.org\/de\/kuwait\/#primaryimage"},"image":{"@id":"https:\/\/www.humanium.org\/de\/kuwait\/#primaryimage"},"thumbnailUrl":"https:\/\/www.humanium.org\/en\/wp-content\/uploads\/2013\/02\/violence-steve-et-jemma-copley-225x300.jpg","datePublished":"2016-11-28T09:25:14+00:00","dateModified":"2025-12-05T17:17:22+00:00","description":"Kuwait weigert sich wie vor, seine Gesetze so zu \u00e4ndern, dass bestimmte Rechte gew\u00e4hrleistet w\u00e4ren. Diskriminierung besteht beispielsweise weiterhin.","breadcrumb":{"@id":"https:\/\/www.humanium.org\/de\/kuwait\/#breadcrumb"},"inLanguage":"de","potentialAction":[{"@type":"ReadAction","target":["https:\/\/www.humanium.org\/de\/kuwait\/"]}]},{"@type":"ImageObject","inLanguage":"de","@id":"https:\/\/www.humanium.org\/de\/kuwait\/#primaryimage","url":"https:\/\/www.humanium.org\/en\/wp-content\/uploads\/2013\/02\/violence-steve-et-jemma-copley-225x300.jpg","contentUrl":"https:\/\/www.humanium.org\/en\/wp-content\/uploads\/2013\/02\/violence-steve-et-jemma-copley-225x300.jpg"},{"@type":"BreadcrumbList","@id":"https:\/\/www.humanium.org\/de\/kuwait\/#breadcrumb","itemListElement":[{"@type":"ListItem","position":1,"name":"Home","item":"https:\/\/www.humanium.org\/de\/"},{"@type":"ListItem","position":2,"name":"Kinder in Kuwait"}]},{"@type":"WebSite","@id":"https:\/\/www.humanium.org\/de\/#website","url":"https:\/\/www.humanium.org\/de\/","name":"Humanium","description":"Kinder zuerst!","potentialAction":[{"@type":"SearchAction","target":{"@type":"EntryPoint","urlTemplate":"https:\/\/www.humanium.org\/de\/?s={search_term_string}"},"query-input":{"@type":"PropertyValueSpecification","valueRequired":true,"valueName":"search_term_string"}}],"inLanguage":"de"}]}},"_links":{"self":[{"href":"https:\/\/www.humanium.org\/de\/wp-json\/wp\/v2\/pages\/7379","targetHints":{"allow":["GET"]}}],"collection":[{"href":"https:\/\/www.humanium.org\/de\/wp-json\/wp\/v2\/pages"}],"about":[{"href":"https:\/\/www.humanium.org\/de\/wp-json\/wp\/v2\/types\/page"}],"author":[{"embeddable":true,"href":"https:\/\/www.humanium.org\/de\/wp-json\/wp\/v2\/users\/1"}],"replies":[{"embeddable":true,"href":"https:\/\/www.humanium.org\/de\/wp-json\/wp\/v2\/comments?post=7379"}],"version-history":[{"count":4,"href":"https:\/\/www.humanium.org\/de\/wp-json\/wp\/v2\/pages\/7379\/revisions"}],"predecessor-version":[{"id":20202,"href":"https:\/\/www.humanium.org\/de\/wp-json\/wp\/v2\/pages\/7379\/revisions\/20202"}],"wp:attachment":[{"href":"https:\/\/www.humanium.org\/de\/wp-json\/wp\/v2\/media?parent=7379"}],"curies":[{"name":"wp","href":"https:\/\/api.w.org\/{rel}","templated":true}]}}