{"id":7512,"date":"2010-09-21T12:45:41","date_gmt":"2010-09-21T12:45:41","guid":{"rendered":"http:\/\/www.humanium.org\/de\/"},"modified":"2021-04-15T11:04:00","modified_gmt":"2021-04-15T11:04:00","slug":"prasentation-2","status":"publish","type":"page","link":"https:\/\/www.humanium.org\/de\/prasentation-2\/","title":{"rendered":"Pr\u00e4sentation"},"content":{"rendered":"<h1 style=\"margin-bottom: 40px;\">Wer oder was ist Humanium ?<\/h1>\n<p style=\"text-align: justify;\"><strong>Humanium ist ein internationaler humanit\u00e4rer Verein (NGO) zur Patenschaft von Kindern, der sich daf\u00fcr einsetzt, die Verletzungen der Kinderrechte in der Welt zu beenden.<\/strong><\/p>\n<p>Die Organisation Humanium hat sich seit ihrer Gr\u00fcndung 2008 in Genf dem Wohlbefinden der Kinder in der Welt verschrieben. Wichtigstes Ziel ist die konkrete Verbesserung der Lebensbedingungen und die Einhaltung ihrer Grundrechte.<\/p>\n<p>Diese Ziele sind auf vier S\u00e4ulen aufgebaut:<\/p>\n<ul>\n<li>Die F\u00f6rderung der Kinderrechte von mehr als f\u00fcnf Millionen Menschen pro Jahr weltweit<\/li>\n<li>Juristische Beratung bei Verletzung von Kinderrechten<\/li>\n<li>Durchf\u00fchrung von Hilfsprojekten f\u00fcr Kinder mit Partnerorganisationen vor Ort<\/li>\n<li>Einsatz auf internationaler Ebene f\u00fcr die Verbesserung und Erf\u00fcllung der Kinderrechte, mit einem Schwerpunkt auf den Umweltrechten<\/li>\n<\/ul>\n","protected":false},"excerpt":{"rendered":"<p>Wer oder was ist Humanium ? Humanium ist ein internationaler humanit\u00e4rer Verein (NGO) zur Patenschaft von Kindern, der sich daf\u00fcr einsetzt, die Verletzungen der Kinderrechte in der Welt zu beenden. Die Organisation Humanium hat sich seit ihrer Gr\u00fcndung 2008 in Genf dem Wohlbefinden der Kinder in der Welt verschrieben. Wichtigstes Ziel ist die konkrete Verbesserung [&hellip;]<\/p>\n","protected":false},"author":1,"featured_media":0,"parent":0,"menu_order":0,"comment_status":"closed","ping_status":"closed","template":"","meta":{"footnotes":""},"class_list":["post-7512","page","type-page","status-publish","hentry"],"yoast_head":"<!-- This site is optimized with the Yoast SEO plugin v26.5 - https:\/\/yoast.com\/wordpress\/plugins\/seo\/ -->\n<title>Pr\u00e4sentation - Humanium<\/title>\n<meta name=\"robots\" content=\"index, follow, max-snippet:-1, max-image-preview:large, max-video-preview:-1\" \/>\n<link rel=\"canonical\" href=\"https:\/\/www.humanium.org\/de\/prasentation-2\/\" \/>\n<meta property=\"og:locale\" content=\"de_DE\" \/>\n<meta property=\"og:type\" content=\"article\" \/>\n<meta property=\"og:title\" content=\"Pr\u00e4sentation - Humanium\" \/>\n<meta property=\"og:description\" content=\"Wer oder was ist Humanium ? Humanium ist ein internationaler humanit\u00e4rer Verein (NGO) zur Patenschaft von Kindern, der sich daf\u00fcr einsetzt, die Verletzungen der Kinderrechte in der Welt zu beenden. Die Organisation Humanium hat sich seit ihrer Gr\u00fcndung 2008 in Genf dem Wohlbefinden der Kinder in der Welt verschrieben. Wichtigstes Ziel ist die konkrete Verbesserung [&hellip;]\" \/>\n<meta property=\"og:url\" content=\"https:\/\/www.humanium.org\/de\/prasentation-2\/\" \/>\n<meta property=\"og:site_name\" content=\"Humanium\" \/>\n<meta property=\"article:modified_time\" content=\"2021-04-15T11:04:00+00:00\" \/>\n<meta name=\"twitter:card\" content=\"summary_large_image\" \/>\n<meta name=\"twitter:label1\" content=\"Gesch\u00e4tzte Lesezeit\" \/>\n\t<meta name=\"twitter:data1\" content=\"1\u00a0Minute\" \/>\n<script type=\"application\/ld+json\" class=\"yoast-schema-graph\">{\"@context\":\"https:\/\/schema.org\",\"@graph\":[{\"@type\":\"WebPage\",\"@id\":\"https:\/\/www.humanium.org\/de\/prasentation-2\/\",\"url\":\"https:\/\/www.humanium.org\/de\/prasentation-2\/\",\"name\":\"Pr\u00e4sentation - Humanium\",\"isPartOf\":{\"@id\":\"https:\/\/www.humanium.org\/de\/#website\"},\"datePublished\":\"2010-09-21T12:45:41+00:00\",\"dateModified\":\"2021-04-15T11:04:00+00:00\",\"breadcrumb\":{\"@id\":\"https:\/\/www.humanium.org\/de\/prasentation-2\/#breadcrumb\"},\"inLanguage\":\"de\",\"potentialAction\":[{\"@type\":\"ReadAction\",\"target\":[\"https:\/\/www.humanium.org\/de\/prasentation-2\/\"]}]},{\"@type\":\"BreadcrumbList\",\"@id\":\"https:\/\/www.humanium.org\/de\/prasentation-2\/#breadcrumb\",\"itemListElement\":[{\"@type\":\"ListItem\",\"position\":1,\"name\":\"Home\",\"item\":\"https:\/\/www.humanium.org\/de\/\"},{\"@type\":\"ListItem\",\"position\":2,\"name\":\"Pr\u00e4sentation\"}]},{\"@type\":\"WebSite\",\"@id\":\"https:\/\/www.humanium.org\/de\/#website\",\"url\":\"https:\/\/www.humanium.org\/de\/\",\"name\":\"Humanium\",\"description\":\"Kinder zuerst!\",\"potentialAction\":[{\"@type\":\"SearchAction\",\"target\":{\"@type\":\"EntryPoint\",\"urlTemplate\":\"https:\/\/www.humanium.org\/de\/?s={search_term_string}\"},\"query-input\":{\"@type\":\"PropertyValueSpecification\",\"valueRequired\":true,\"valueName\":\"search_term_string\"}}],\"inLanguage\":\"de\"}]}<\/script>\n<!-- \/ Yoast SEO plugin. -->","yoast_head_json":{"title":"Pr\u00e4sentation - Humanium","robots":{"index":"index","follow":"follow","max-snippet":"max-snippet:-1","max-image-preview":"max-image-preview:large","max-video-preview":"max-video-preview:-1"},"canonical":"https:\/\/www.humanium.org\/de\/prasentation-2\/","og_locale":"de_DE","og_type":"article","og_title":"Pr\u00e4sentation - Humanium","og_description":"Wer oder was ist Humanium ? Humanium ist ein internationaler humanit\u00e4rer Verein (NGO) zur Patenschaft von Kindern, der sich daf\u00fcr einsetzt, die Verletzungen der Kinderrechte in der Welt zu beenden. Die Organisation Humanium hat sich seit ihrer Gr\u00fcndung 2008 in Genf dem Wohlbefinden der Kinder in der Welt verschrieben. Wichtigstes Ziel ist die konkrete Verbesserung [&hellip;]","og_url":"https:\/\/www.humanium.org\/de\/prasentation-2\/","og_site_name":"Humanium","article_modified_time":"2021-04-15T11:04:00+00:00","twitter_card":"summary_large_image","twitter_misc":{"Gesch\u00e4tzte Lesezeit":"1\u00a0Minute"},"schema":{"@context":"https:\/\/schema.org","@graph":[{"@type":"WebPage","@id":"https:\/\/www.humanium.org\/de\/prasentation-2\/","url":"https:\/\/www.humanium.org\/de\/prasentation-2\/","name":"Pr\u00e4sentation - Humanium","isPartOf":{"@id":"https:\/\/www.humanium.org\/de\/#website"},"datePublished":"2010-09-21T12:45:41+00:00","dateModified":"2021-04-15T11:04:00+00:00","breadcrumb":{"@id":"https:\/\/www.humanium.org\/de\/prasentation-2\/#breadcrumb"},"inLanguage":"de","potentialAction":[{"@type":"ReadAction","target":["https:\/\/www.humanium.org\/de\/prasentation-2\/"]}]},{"@type":"BreadcrumbList","@id":"https:\/\/www.humanium.org\/de\/prasentation-2\/#breadcrumb","itemListElement":[{"@type":"ListItem","position":1,"name":"Home","item":"https:\/\/www.humanium.org\/de\/"},{"@type":"ListItem","position":2,"name":"Pr\u00e4sentation"}]},{"@type":"WebSite","@id":"https:\/\/www.humanium.org\/de\/#website","url":"https:\/\/www.humanium.org\/de\/","name":"Humanium","description":"Kinder zuerst!","potentialAction":[{"@type":"SearchAction","target":{"@type":"EntryPoint","urlTemplate":"https:\/\/www.humanium.org\/de\/?s={search_term_string}"},"query-input":{"@type":"PropertyValueSpecification","valueRequired":true,"valueName":"search_term_string"}}],"inLanguage":"de"}]}},"_links":{"self":[{"href":"https:\/\/www.humanium.org\/de\/wp-json\/wp\/v2\/pages\/7512","targetHints":{"allow":["GET"]}}],"collection":[{"href":"https:\/\/www.humanium.org\/de\/wp-json\/wp\/v2\/pages"}],"about":[{"href":"https:\/\/www.humanium.org\/de\/wp-json\/wp\/v2\/types\/page"}],"author":[{"embeddable":true,"href":"https:\/\/www.humanium.org\/de\/wp-json\/wp\/v2\/users\/1"}],"replies":[{"embeddable":true,"href":"https:\/\/www.humanium.org\/de\/wp-json\/wp\/v2\/comments?post=7512"}],"version-history":[{"count":3,"href":"https:\/\/www.humanium.org\/de\/wp-json\/wp\/v2\/pages\/7512\/revisions"}],"predecessor-version":[{"id":14385,"href":"https:\/\/www.humanium.org\/de\/wp-json\/wp\/v2\/pages\/7512\/revisions\/14385"}],"wp:attachment":[{"href":"https:\/\/www.humanium.org\/de\/wp-json\/wp\/v2\/media?parent=7512"}],"curies":[{"name":"wp","href":"https:\/\/api.w.org\/{rel}","templated":true}]}}