{"id":7513,"date":"2010-09-21T13:46:39","date_gmt":"2010-09-21T13:46:39","guid":{"rendered":"http:\/\/www.humanium.org\/de\/"},"modified":"2018-11-20T17:23:54","modified_gmt":"2018-11-20T17:23:54","slug":"pate-werden-2","status":"publish","type":"page","link":"https:\/\/www.humanium.org\/de\/pate-werden-2\/","title":{"rendered":"Pate werden &#8211; Ethisch verantwortliche Patenschaft"},"content":{"rendered":"<h1>Entscheiden Sie sich f\u00fcr eine ethisch verantwortliche Patenschaft!<\/h1>\n<h2>Ihre Patenschaft<\/h2>\n<p>Bei Humanium stehen das Wohl und der Schutz des Kindes im Vordergrund einer Patenschaft. Ihre monatliche Spende sichert die Rechte eines Kindes. <a href=\"https:\/\/www.humanium.org\/de\/pate-werden\/ethische-und-verantwortungsvolle-patenschaften\/\">Erfahren Sie mehr dazu hier<\/a><br \/>\n<strong>Sie suchen sich jeden Monat selbst aus,<\/strong> welchen Betrag Sie \u00fcberweisen m\u00f6chten, und k\u00f6nnen Ihre Zahlungen jederzeit einstellen.<br \/>\n<strong>Ihre Patenschaft ist als gemeinn\u00fctzig anerkannt<\/strong> und damit von der Steuer absetzbar.<br \/>\n<strong>Ihre Patenschaft respektiert das Kind<\/strong> und sein Umfeld.<\/span><\/p>\n<h2>Dein Land<\/h2>\n<p>Spenden Sie jetzt, W\u00e4hlen Sie Ihr Land durch \u201canklicken\u201d aus<\/p>\n<div class=\"countryselect\">\n\t<ul>\n\t\t<li class=\"fr-fr\"><a href=\"\/h\/fr-fr\/\"><i><\/i> France<\/a><\/li>\n\t\t<li class=\"ch-fr\"><a href=\"\/h\/ch-fr\/\"><i><\/i> Suisse<\/a><\/li>\n\t\t<li class=\"ch-de\"><a href=\"\/h\/ch-de\/\"><i><\/i> Schweiz<\/a><\/li>\n\t\t<li class=\"fr-es\"><a href=\"\/h\/fr-es\/\"><i><\/i> Espa\u00f1a<\/a><\/li>\n\t\t<li class=\"de-de\"><a href=\"\/h\/de-de\/\"><i><\/i> Deutschland<\/a><\/li>\n\t\t<li class=\"fr-en\"><a href=\"\/h\/fr-en\/\"><i><\/i> Other country<\/a><\/li>\n\t<\/ul>\n\t<\/div><!--\/.countryselect-->\n","protected":false},"excerpt":{"rendered":"<p>Entscheiden Sie sich f\u00fcr eine ethisch verantwortliche Patenschaft! Ihre Patenschaft Bei Humanium stehen das Wohl und der Schutz des Kindes im Vordergrund einer Patenschaft. Ihre monatliche Spende sichert die Rechte eines Kindes. Erfahren Sie mehr dazu hier Sie suchen sich jeden Monat selbst aus, welchen Betrag Sie \u00fcberweisen m\u00f6chten, und k\u00f6nnen Ihre Zahlungen jederzeit einstellen. [&hellip;]<\/p>\n","protected":false},"author":1,"featured_media":0,"parent":0,"menu_order":0,"comment_status":"closed","ping_status":"closed","template":"","meta":{"footnotes":""},"class_list":["post-7513","page","type-page","status-publish","hentry"],"yoast_head":"<!-- This site is optimized with the Yoast SEO plugin v26.5 - https:\/\/yoast.com\/wordpress\/plugins\/seo\/ -->\n<title>Pate werden - Ethisch verantwortliche Patenschaft - Humanium<\/title>\n<meta name=\"robots\" content=\"index, follow, max-snippet:-1, max-image-preview:large, max-video-preview:-1\" \/>\n<link rel=\"canonical\" href=\"https:\/\/www.humanium.org\/de\/pate-werden-2\/\" \/>\n<meta property=\"og:locale\" content=\"de_DE\" \/>\n<meta property=\"og:type\" content=\"article\" \/>\n<meta property=\"og:title\" content=\"Pate werden - Ethisch verantwortliche Patenschaft - Humanium\" \/>\n<meta property=\"og:description\" content=\"Entscheiden Sie sich f\u00fcr eine ethisch verantwortliche Patenschaft! Ihre Patenschaft Bei Humanium stehen das Wohl und der Schutz des Kindes im Vordergrund einer Patenschaft. Ihre monatliche Spende sichert die Rechte eines Kindes. Erfahren Sie mehr dazu hier Sie suchen sich jeden Monat selbst aus, welchen Betrag Sie \u00fcberweisen m\u00f6chten, und k\u00f6nnen Ihre Zahlungen jederzeit einstellen. [&hellip;]\" \/>\n<meta property=\"og:url\" content=\"https:\/\/www.humanium.org\/de\/pate-werden-2\/\" \/>\n<meta property=\"og:site_name\" content=\"Humanium\" \/>\n<meta property=\"article:modified_time\" content=\"2018-11-20T17:23:54+00:00\" \/>\n<meta name=\"twitter:card\" content=\"summary_large_image\" \/>\n<script type=\"application\/ld+json\" class=\"yoast-schema-graph\">{\"@context\":\"https:\/\/schema.org\",\"@graph\":[{\"@type\":\"WebPage\",\"@id\":\"https:\/\/www.humanium.org\/de\/pate-werden-2\/\",\"url\":\"https:\/\/www.humanium.org\/de\/pate-werden-2\/\",\"name\":\"Pate werden - Ethisch verantwortliche Patenschaft - Humanium\",\"isPartOf\":{\"@id\":\"https:\/\/www.humanium.org\/de\/#website\"},\"datePublished\":\"2010-09-21T13:46:39+00:00\",\"dateModified\":\"2018-11-20T17:23:54+00:00\",\"breadcrumb\":{\"@id\":\"https:\/\/www.humanium.org\/de\/pate-werden-2\/#breadcrumb\"},\"inLanguage\":\"de\",\"potentialAction\":[{\"@type\":\"ReadAction\",\"target\":[\"https:\/\/www.humanium.org\/de\/pate-werden-2\/\"]}]},{\"@type\":\"BreadcrumbList\",\"@id\":\"https:\/\/www.humanium.org\/de\/pate-werden-2\/#breadcrumb\",\"itemListElement\":[{\"@type\":\"ListItem\",\"position\":1,\"name\":\"Home\",\"item\":\"https:\/\/www.humanium.org\/de\/\"},{\"@type\":\"ListItem\",\"position\":2,\"name\":\"Pate werden &#8211; Ethisch verantwortliche Patenschaft\"}]},{\"@type\":\"WebSite\",\"@id\":\"https:\/\/www.humanium.org\/de\/#website\",\"url\":\"https:\/\/www.humanium.org\/de\/\",\"name\":\"Humanium\",\"description\":\"Kinder zuerst!\",\"potentialAction\":[{\"@type\":\"SearchAction\",\"target\":{\"@type\":\"EntryPoint\",\"urlTemplate\":\"https:\/\/www.humanium.org\/de\/?s={search_term_string}\"},\"query-input\":{\"@type\":\"PropertyValueSpecification\",\"valueRequired\":true,\"valueName\":\"search_term_string\"}}],\"inLanguage\":\"de\"}]}<\/script>\n<!-- \/ Yoast SEO plugin. -->","yoast_head_json":{"title":"Pate werden - Ethisch verantwortliche Patenschaft - Humanium","robots":{"index":"index","follow":"follow","max-snippet":"max-snippet:-1","max-image-preview":"max-image-preview:large","max-video-preview":"max-video-preview:-1"},"canonical":"https:\/\/www.humanium.org\/de\/pate-werden-2\/","og_locale":"de_DE","og_type":"article","og_title":"Pate werden - Ethisch verantwortliche Patenschaft - Humanium","og_description":"Entscheiden Sie sich f\u00fcr eine ethisch verantwortliche Patenschaft! Ihre Patenschaft Bei Humanium stehen das Wohl und der Schutz des Kindes im Vordergrund einer Patenschaft. Ihre monatliche Spende sichert die Rechte eines Kindes. Erfahren Sie mehr dazu hier Sie suchen sich jeden Monat selbst aus, welchen Betrag Sie \u00fcberweisen m\u00f6chten, und k\u00f6nnen Ihre Zahlungen jederzeit einstellen. [&hellip;]","og_url":"https:\/\/www.humanium.org\/de\/pate-werden-2\/","og_site_name":"Humanium","article_modified_time":"2018-11-20T17:23:54+00:00","twitter_card":"summary_large_image","schema":{"@context":"https:\/\/schema.org","@graph":[{"@type":"WebPage","@id":"https:\/\/www.humanium.org\/de\/pate-werden-2\/","url":"https:\/\/www.humanium.org\/de\/pate-werden-2\/","name":"Pate werden - Ethisch verantwortliche Patenschaft - Humanium","isPartOf":{"@id":"https:\/\/www.humanium.org\/de\/#website"},"datePublished":"2010-09-21T13:46:39+00:00","dateModified":"2018-11-20T17:23:54+00:00","breadcrumb":{"@id":"https:\/\/www.humanium.org\/de\/pate-werden-2\/#breadcrumb"},"inLanguage":"de","potentialAction":[{"@type":"ReadAction","target":["https:\/\/www.humanium.org\/de\/pate-werden-2\/"]}]},{"@type":"BreadcrumbList","@id":"https:\/\/www.humanium.org\/de\/pate-werden-2\/#breadcrumb","itemListElement":[{"@type":"ListItem","position":1,"name":"Home","item":"https:\/\/www.humanium.org\/de\/"},{"@type":"ListItem","position":2,"name":"Pate werden &#8211; Ethisch verantwortliche Patenschaft"}]},{"@type":"WebSite","@id":"https:\/\/www.humanium.org\/de\/#website","url":"https:\/\/www.humanium.org\/de\/","name":"Humanium","description":"Kinder zuerst!","potentialAction":[{"@type":"SearchAction","target":{"@type":"EntryPoint","urlTemplate":"https:\/\/www.humanium.org\/de\/?s={search_term_string}"},"query-input":{"@type":"PropertyValueSpecification","valueRequired":true,"valueName":"search_term_string"}}],"inLanguage":"de"}]}},"_links":{"self":[{"href":"https:\/\/www.humanium.org\/de\/wp-json\/wp\/v2\/pages\/7513","targetHints":{"allow":["GET"]}}],"collection":[{"href":"https:\/\/www.humanium.org\/de\/wp-json\/wp\/v2\/pages"}],"about":[{"href":"https:\/\/www.humanium.org\/de\/wp-json\/wp\/v2\/types\/page"}],"author":[{"embeddable":true,"href":"https:\/\/www.humanium.org\/de\/wp-json\/wp\/v2\/users\/1"}],"replies":[{"embeddable":true,"href":"https:\/\/www.humanium.org\/de\/wp-json\/wp\/v2\/comments?post=7513"}],"version-history":[{"count":6,"href":"https:\/\/www.humanium.org\/de\/wp-json\/wp\/v2\/pages\/7513\/revisions"}],"predecessor-version":[{"id":11287,"href":"https:\/\/www.humanium.org\/de\/wp-json\/wp\/v2\/pages\/7513\/revisions\/11287"}],"wp:attachment":[{"href":"https:\/\/www.humanium.org\/de\/wp-json\/wp\/v2\/media?parent=7513"}],"curies":[{"name":"wp","href":"https:\/\/api.w.org\/{rel}","templated":true}]}}