{"id":7576,"date":"2015-04-13T21:20:43","date_gmt":"2015-04-13T21:20:43","guid":{"rendered":"http:\/\/www.humanium.org\/de\/?page_id=4945"},"modified":"2025-12-06T06:28:36","modified_gmt":"2025-12-06T06:28:36","slug":"algerien","status":"publish","type":"page","link":"https:\/\/www.humanium.org\/de\/algerien\/","title":{"rendered":"Kinder in Algerien"},"content":{"rendered":"<h1>Kinder in Algerien<\/h1>\n<h2>Die Kinderrechte in Algerien verwirklichen<\/h2>\n<p>Wenn auch die Grundrechte f\u00fcr algerische Kinder gesetzlich geregelt sind, so ist die Realit\u00e4t doch eine ganz andere: Armut, Gesundheitsversorgung, Misshandlungen oder aber Fl\u00fcchtlingskinder sind Bereiche, in denen in Algerien noch sehr viel getan werden muss.<\/p>\n<h3>Hauptprobleme mit denen Kinder in Algerien konfrontiert sind:<\/h3>\n<p><strong><a href=\"https:\/\/www.humanium.org\/de\/armut\/\" target=\"_blank\" rel=\"noopener\">Armut<\/a><\/strong><br \/>\n23 % der algerischen Bev\u00f6lkerung lebt unterhalb der Armutsgrenze (d. h. mit weniger als 2 Dollar pro Tag). Die l\u00e4ndlichen Gebiete sind zwei Mal mehr von der Armut betroffen als die st\u00e4dtischen Regionen.<\/p>\n<p><a title=\"Kinderarbeit\" href=\"https:\/\/www.humanium.org\/de\/kinderarbeit-2\/\" target=\"_blank\" rel=\"noopener\"><strong>Kinderarbeit<\/strong><\/a><br \/>\nArbeiten ist f\u00fcr ungef\u00e4hr 5 % der Kinder zwischen 5 und 14 Jahren in Algerien Realit\u00e4t. Seit einigen Jahren beobachtet man leider einen Anstieg der Anzahl Kinder, die die Schule verlassen m\u00fcssen, um ihre Eltern mit Arbeit beim Lebensunterhalt zu unterst\u00fctzen, manchmal unter sehr schlechten Bedingungen.<\/p>\n<p><strong><a href=\"https:\/\/www.humanium.org\/de\/kinderheirat\/\" target=\"_blank\" rel=\"noopener\">Kinderehen<\/a><\/strong><br \/>\nObwohl das gesetzliche Alter f\u00fcr die Ehe im algerischen Familiengesetzbuch auf 19 Jahre festgelegt wurde (von Ausnahmen abgesehen), praktizieren einige Volksst\u00e4mme immer noch die Kinderehen.<\/p>\n<p><strong>Gesundheit<\/strong><br \/>\nDie Kindersterberate in Algerien liegt bei 32 %, was recht hoch ist.\u00a0Au\u00dferdem sind ungef\u00e4hr 10 % der algerischen Kinder nicht gegen die schlimmsten Krankheiten geimpft; ganz allgemein ist der Zugang zur medizinischen Versorgung problematisch, insbesondere in den l\u00e4ndlichen Regionen.<\/p>\n<p><a href=\"https:\/\/www.humanium.org\/de\/misshandlung\/\" target=\"_blank\" rel=\"noopener\"><strong>Gewalt gegen\u00fcber Kindern<\/strong><\/a><br \/>\n2010 verzeichnete die algerische Polizei 4.600 Klagen von Kindern, die Opfer k\u00f6rperlicher oder sexueller Gewalttaten oder Opfer von Misshandlungen wurden. Man muss bedenken, dass viele F\u00e4lle niemals angezeigt werden, weil die Kinder Angst vor Repressalien haben und weil sie nicht immer Zugang zu Infrastrukturen haben, die das Anzeigen von Gewalttaten erm\u00f6glichen: Diese Zahl ist daher in der Realit\u00e4t wesentlich h\u00f6her.<br \/>\nBei den T\u00e4tern, die Kindern Gewalt antun handelt es sich meistens um die Eltern oder um Mitglieder des unmittelbaren Familienumfelds sowie um Lehrer.<br \/>\nDie Misshandlung bleibt in Algerien ein Tabuthema, denn manchmal ist man der Meinung, dass Gewalt zur Kindererziehung dazu geh\u00f6rt.<br \/>\nUm den Schutz der Kinderrechte zu gew\u00e4hrleisten, muss sich die algerische Regierung das Ziel setzen, das Informations- und Begleitungssystem sowie die gesetzlichen Mechanismen zum Eingreifen und zur Pr\u00e4vention vor Gewaltf\u00e4llen zu verst\u00e4rken.<\/p>\n<p><strong><a href=\"https:\/\/www.humanium.org\/de\/vertriebene-kinder\/\" target=\"_blank\" rel=\"noopener\">Fl\u00fcchtlingskinder<\/a><\/strong><br \/>\nAlgerien empf\u00e4ngt im Osten des Landes (Tindouf) seit \u00fcber 35 Jahren zahlreiche Fl\u00fcchtlinge: In diesen Camps leben ungef\u00e4hr 196.000 fl\u00fcchtige Sahraouis unter besonders rauen und schwierigen Bedingungen. Die Kinder hausen dort fast g\u00e4nzlich ohne Strom, ohne Latrinen und mit begrenzten Wasser- und Nahrungsressourcen. Ihre Behausungen bestehen aus Zelten oder Lehmh\u00e4usern.<\/p>\n<p>Die Fl\u00fcchtlinge sind auf humanit\u00e4re Hilfe angewiesen. NGOs haben Schulen errichtet, doch ungef\u00e4hr die H\u00e4lfte der Kinder bricht den Schulbesuch auf Grundschulebene ab. Au\u00dferdem haben sie keinerlei Zugang zu den erforderlichen Gesundheitsma\u00dfnahmen (Impfungen usw.).<\/p>\n<p><strong>Unterscheidung zwischen ehelichen und unehelichen Kindern<\/strong><br \/>\nUneheliche Kinder sind solche, deren Eltern nicht verheiratet sind: In Algerien werden sie oft diskriminiert. Manche Gesetze zum Schutz der Kinderrechte gelten nur f\u00fcr eheliche Kinder.<br \/>\nEine ledige Mutter gilt oft als Schande f\u00fcr die Familie und viele uneheliche Kinder werden bei der Geburt ausgesetzt (j\u00e4hrlich werden in Algerien ungef\u00e4hr 5.000 Kinder anonym zur Welt gebracht). Manche M\u00fctter behalten sie, vertrauen ihre Erziehung jedoch einer Pflegefamilie an und besuchen sie nur heimlich. Es kommt sehr selten vor, dass ein Mann die Vaterschaft au\u00dferhalb der Ehe anerkennt; so haben diese Kinder keinerlei v\u00e4terliche Identit\u00e4t und sind in der Gesellschaft schlecht angesehen.<br \/>\nEin neues Gesetz erlaubt es, den genetischen Vater dazu zu zwingen, nach der DNA-Analyse das Kind anzuerkennen, doch die algerischen M\u00fctter, die einen Antrag stellen, treffen auf zahlreiche Schwierigkeiten: Es bleibt schwer, die Mentalit\u00e4ten zu \u00e4ndern.<\/p>\n","protected":false},"excerpt":{"rendered":"<p>Kinder in Algerien Die Kinderrechte in Algerien verwirklichen Wenn auch die Grundrechte f\u00fcr algerische Kinder gesetzlich geregelt sind, so ist die Realit\u00e4t doch eine ganz andere: Armut, Gesundheitsversorgung, Misshandlungen oder aber Fl\u00fcchtlingskinder sind Bereiche, in denen in Algerien noch sehr viel getan werden muss. Hauptprobleme mit denen Kinder in Algerien konfrontiert sind: Armut 23 % [&hellip;]<\/p>\n","protected":false},"author":1,"featured_media":0,"parent":0,"menu_order":0,"comment_status":"closed","ping_status":"closed","template":"","meta":{"footnotes":""},"class_list":["post-7576","page","type-page","status-publish","hentry"],"yoast_head":"<!-- This site is optimized with the Yoast SEO plugin v26.5 - https:\/\/yoast.com\/wordpress\/plugins\/seo\/ -->\n<title>Kinder in Algerien - Humanium<\/title>\n<meta name=\"description\" content=\"Armut, Gesundheitsversorgung, Misshandlungen oder aber Fl\u00fcchtlingskinder sind Bereiche, in denen in Algerien noch sehr viel getan werden muss.\" \/>\n<meta name=\"robots\" content=\"index, follow, max-snippet:-1, max-image-preview:large, max-video-preview:-1\" \/>\n<link rel=\"canonical\" href=\"https:\/\/www.humanium.org\/de\/algerien\/\" \/>\n<meta property=\"og:locale\" content=\"de_DE\" \/>\n<meta property=\"og:type\" content=\"article\" \/>\n<meta property=\"og:title\" content=\"Kinder in Algerien - Humanium\" \/>\n<meta property=\"og:description\" content=\"Armut, Gesundheitsversorgung, Misshandlungen oder aber Fl\u00fcchtlingskinder sind Bereiche, in denen in Algerien noch sehr viel getan werden muss.\" \/>\n<meta property=\"og:url\" content=\"https:\/\/www.humanium.org\/de\/algerien\/\" \/>\n<meta property=\"og:site_name\" content=\"Humanium\" \/>\n<meta property=\"article:modified_time\" content=\"2025-12-06T06:28:36+00:00\" \/>\n<meta name=\"twitter:card\" content=\"summary_large_image\" \/>\n<meta name=\"twitter:label1\" content=\"Gesch\u00e4tzte Lesezeit\" \/>\n\t<meta name=\"twitter:data1\" content=\"4\u00a0Minuten\" \/>\n<script type=\"application\/ld+json\" class=\"yoast-schema-graph\">{\"@context\":\"https:\/\/schema.org\",\"@graph\":[{\"@type\":\"WebPage\",\"@id\":\"https:\/\/www.humanium.org\/de\/algerien\/\",\"url\":\"https:\/\/www.humanium.org\/de\/algerien\/\",\"name\":\"Kinder in Algerien - Humanium\",\"isPartOf\":{\"@id\":\"https:\/\/www.humanium.org\/de\/#website\"},\"datePublished\":\"2015-04-13T21:20:43+00:00\",\"dateModified\":\"2025-12-06T06:28:36+00:00\",\"description\":\"Armut, Gesundheitsversorgung, Misshandlungen oder aber Fl\u00fcchtlingskinder sind Bereiche, in denen in Algerien noch sehr viel getan werden muss.\",\"breadcrumb\":{\"@id\":\"https:\/\/www.humanium.org\/de\/algerien\/#breadcrumb\"},\"inLanguage\":\"de\",\"potentialAction\":[{\"@type\":\"ReadAction\",\"target\":[\"https:\/\/www.humanium.org\/de\/algerien\/\"]}]},{\"@type\":\"BreadcrumbList\",\"@id\":\"https:\/\/www.humanium.org\/de\/algerien\/#breadcrumb\",\"itemListElement\":[{\"@type\":\"ListItem\",\"position\":1,\"name\":\"Home\",\"item\":\"https:\/\/www.humanium.org\/de\/\"},{\"@type\":\"ListItem\",\"position\":2,\"name\":\"Kinder in Algerien\"}]},{\"@type\":\"WebSite\",\"@id\":\"https:\/\/www.humanium.org\/de\/#website\",\"url\":\"https:\/\/www.humanium.org\/de\/\",\"name\":\"Humanium\",\"description\":\"Kinder zuerst!\",\"potentialAction\":[{\"@type\":\"SearchAction\",\"target\":{\"@type\":\"EntryPoint\",\"urlTemplate\":\"https:\/\/www.humanium.org\/de\/?s={search_term_string}\"},\"query-input\":{\"@type\":\"PropertyValueSpecification\",\"valueRequired\":true,\"valueName\":\"search_term_string\"}}],\"inLanguage\":\"de\"}]}<\/script>\n<!-- \/ Yoast SEO plugin. -->","yoast_head_json":{"title":"Kinder in Algerien - Humanium","description":"Armut, Gesundheitsversorgung, Misshandlungen oder aber Fl\u00fcchtlingskinder sind Bereiche, in denen in Algerien noch sehr viel getan werden muss.","robots":{"index":"index","follow":"follow","max-snippet":"max-snippet:-1","max-image-preview":"max-image-preview:large","max-video-preview":"max-video-preview:-1"},"canonical":"https:\/\/www.humanium.org\/de\/algerien\/","og_locale":"de_DE","og_type":"article","og_title":"Kinder in Algerien - Humanium","og_description":"Armut, Gesundheitsversorgung, Misshandlungen oder aber Fl\u00fcchtlingskinder sind Bereiche, in denen in Algerien noch sehr viel getan werden muss.","og_url":"https:\/\/www.humanium.org\/de\/algerien\/","og_site_name":"Humanium","article_modified_time":"2025-12-06T06:28:36+00:00","twitter_card":"summary_large_image","twitter_misc":{"Gesch\u00e4tzte Lesezeit":"4\u00a0Minuten"},"schema":{"@context":"https:\/\/schema.org","@graph":[{"@type":"WebPage","@id":"https:\/\/www.humanium.org\/de\/algerien\/","url":"https:\/\/www.humanium.org\/de\/algerien\/","name":"Kinder in Algerien - Humanium","isPartOf":{"@id":"https:\/\/www.humanium.org\/de\/#website"},"datePublished":"2015-04-13T21:20:43+00:00","dateModified":"2025-12-06T06:28:36+00:00","description":"Armut, Gesundheitsversorgung, Misshandlungen oder aber Fl\u00fcchtlingskinder sind Bereiche, in denen in Algerien noch sehr viel getan werden muss.","breadcrumb":{"@id":"https:\/\/www.humanium.org\/de\/algerien\/#breadcrumb"},"inLanguage":"de","potentialAction":[{"@type":"ReadAction","target":["https:\/\/www.humanium.org\/de\/algerien\/"]}]},{"@type":"BreadcrumbList","@id":"https:\/\/www.humanium.org\/de\/algerien\/#breadcrumb","itemListElement":[{"@type":"ListItem","position":1,"name":"Home","item":"https:\/\/www.humanium.org\/de\/"},{"@type":"ListItem","position":2,"name":"Kinder in Algerien"}]},{"@type":"WebSite","@id":"https:\/\/www.humanium.org\/de\/#website","url":"https:\/\/www.humanium.org\/de\/","name":"Humanium","description":"Kinder zuerst!","potentialAction":[{"@type":"SearchAction","target":{"@type":"EntryPoint","urlTemplate":"https:\/\/www.humanium.org\/de\/?s={search_term_string}"},"query-input":{"@type":"PropertyValueSpecification","valueRequired":true,"valueName":"search_term_string"}}],"inLanguage":"de"}]}},"_links":{"self":[{"href":"https:\/\/www.humanium.org\/de\/wp-json\/wp\/v2\/pages\/7576","targetHints":{"allow":["GET"]}}],"collection":[{"href":"https:\/\/www.humanium.org\/de\/wp-json\/wp\/v2\/pages"}],"about":[{"href":"https:\/\/www.humanium.org\/de\/wp-json\/wp\/v2\/types\/page"}],"author":[{"embeddable":true,"href":"https:\/\/www.humanium.org\/de\/wp-json\/wp\/v2\/users\/1"}],"replies":[{"embeddable":true,"href":"https:\/\/www.humanium.org\/de\/wp-json\/wp\/v2\/comments?post=7576"}],"version-history":[{"count":7,"href":"https:\/\/www.humanium.org\/de\/wp-json\/wp\/v2\/pages\/7576\/revisions"}],"predecessor-version":[{"id":20960,"href":"https:\/\/www.humanium.org\/de\/wp-json\/wp\/v2\/pages\/7576\/revisions\/20960"}],"wp:attachment":[{"href":"https:\/\/www.humanium.org\/de\/wp-json\/wp\/v2\/media?parent=7576"}],"curies":[{"name":"wp","href":"https:\/\/api.w.org\/{rel}","templated":true}]}}