{"id":7578,"date":"2015-04-14T09:23:28","date_gmt":"2015-04-14T09:23:28","guid":{"rendered":"http:\/\/www.humanium.org\/de\/?page_id=4955"},"modified":"2025-12-06T06:19:45","modified_gmt":"2025-12-06T06:19:45","slug":"iran","status":"publish","type":"page","link":"https:\/\/www.humanium.org\/de\/iran\/","title":{"rendered":"Kinder in der islamischen Republik Iran"},"content":{"rendered":"<h1>Kinder in der islamischen Republik\u00a0Iran<\/h1>\n<h2>Die Kinderrechte im Iran verwirklichen<\/h2>\n<p style=\"text-align: center;\">\u00a0<img loading=\"lazy\" decoding=\"async\" class=\"alignnone  wp-image-15876\" src=\"https:\/\/www.humanium.org\/de\/wp-content\/uploads\/2022\/06\/Shutterstock_2148860795-1-300x296.jpg\" alt=\"\" width=\"163\" height=\"161\" srcset=\"https:\/\/www.humanium.org\/de\/wp-content\/uploads\/2022\/06\/Shutterstock_2148860795-1-300x296.jpg 300w, https:\/\/www.humanium.org\/de\/wp-content\/uploads\/2022\/06\/Shutterstock_2148860795-1-230x227.jpg 230w, https:\/\/www.humanium.org\/de\/wp-content\/uploads\/2022\/06\/Shutterstock_2148860795-1-350x345.jpg 350w, https:\/\/www.humanium.org\/de\/wp-content\/uploads\/2022\/06\/Shutterstock_2148860795-1.jpg 400w\" sizes=\"auto, (max-width: 163px) 100vw, 163px\" \/> <img loading=\"lazy\" decoding=\"async\" class=\"alignnone  wp-image-15872\" src=\"https:\/\/www.humanium.org\/de\/wp-content\/uploads\/2022\/06\/Shutterstock_1133610680-286x300.jpg\" alt=\"\" width=\"154\" height=\"162\" srcset=\"https:\/\/www.humanium.org\/de\/wp-content\/uploads\/2022\/06\/Shutterstock_1133610680-286x300.jpg 286w, https:\/\/www.humanium.org\/de\/wp-content\/uploads\/2022\/06\/Shutterstock_1133610680-975x1024.jpg 975w, https:\/\/www.humanium.org\/de\/wp-content\/uploads\/2022\/06\/Shutterstock_1133610680-768x806.jpg 768w, https:\/\/www.humanium.org\/de\/wp-content\/uploads\/2022\/06\/Shutterstock_1133610680-1463x1536.jpg 1463w, https:\/\/www.humanium.org\/de\/wp-content\/uploads\/2022\/06\/Shutterstock_1133610680-830x871.jpg 830w, https:\/\/www.humanium.org\/de\/wp-content\/uploads\/2022\/06\/Shutterstock_1133610680-230x241.jpg 230w, https:\/\/www.humanium.org\/de\/wp-content\/uploads\/2022\/06\/Shutterstock_1133610680-350x367.jpg 350w, https:\/\/www.humanium.org\/de\/wp-content\/uploads\/2022\/06\/Shutterstock_1133610680-480x504.jpg 480w, https:\/\/www.humanium.org\/de\/wp-content\/uploads\/2022\/06\/Shutterstock_1133610680.jpg 1702w\" sizes=\"auto, (max-width: 154px) 100vw, 154px\" \/><\/p>\n<p>Die Kinder im Iran befinden sich in einer schweren und m\u00fchsamen Lage. Mehr als 100 Kinder sterben in jedem Monat an Hunger, bei Stra\u00dfenschl\u00e4gereien oder an Krankheiten. Die nationalen Autorit\u00e4ten versuchen L\u00f6sungen zu finden, um Probleme wie die Kinderarbeit oder den Kinderhandel einzud\u00e4mmen. Allerdings versto\u00dfen dieselben \u00a0\u00a0Institutionen mitunter selbst gegen die fundamentalsten Rechte der Kinder: Der Iran ist heute einer der letzten Staaten auf der Welt, in denen die Todesstrafe bei Minderj\u00e4hrigen unter 18 Jahren angewendet wird.<\/p>\n<h3>Hauptprobleme mit denen Kinder im Iran\u00a0konfrontiert sind:<\/h3>\n<p><strong><a href=\"https:\/\/www.humanium.org\/de\/armut\/\" target=\"_blank\" rel=\"noopener\">Armut<\/a><\/strong><\/p>\n<p style=\"text-align: left;\"><strong><a href=\"https:\/\/www.humanium.org\/de\/armut\/\" target=\"_blank\" rel=\"noopener\"><img loading=\"lazy\" decoding=\"async\" class=\"size-medium wp-image-15871 alignright\" src=\"https:\/\/www.humanium.org\/de\/wp-content\/uploads\/2022\/06\/shutterstock_1101346547-300x200.jpg\" alt=\"\" width=\"300\" height=\"200\" srcset=\"https:\/\/www.humanium.org\/de\/wp-content\/uploads\/2022\/06\/shutterstock_1101346547-300x200.jpg 300w, https:\/\/www.humanium.org\/de\/wp-content\/uploads\/2022\/06\/shutterstock_1101346547-1024x683.jpg 1024w, https:\/\/www.humanium.org\/de\/wp-content\/uploads\/2022\/06\/shutterstock_1101346547-768x512.jpg 768w, https:\/\/www.humanium.org\/de\/wp-content\/uploads\/2022\/06\/shutterstock_1101346547-1536x1024.jpg 1536w, https:\/\/www.humanium.org\/de\/wp-content\/uploads\/2022\/06\/shutterstock_1101346547-2048x1366.jpg 2048w, https:\/\/www.humanium.org\/de\/wp-content\/uploads\/2022\/06\/shutterstock_1101346547-830x553.jpg 830w, https:\/\/www.humanium.org\/de\/wp-content\/uploads\/2022\/06\/shutterstock_1101346547-230x153.jpg 230w, https:\/\/www.humanium.org\/de\/wp-content\/uploads\/2022\/06\/shutterstock_1101346547-350x233.jpg 350w, https:\/\/www.humanium.org\/de\/wp-content\/uploads\/2022\/06\/shutterstock_1101346547-480x320.jpg 480w, https:\/\/www.humanium.org\/de\/wp-content\/uploads\/2022\/06\/shutterstock_1101346547-272x182.jpg 272w\" sizes=\"auto, (max-width: 300px) 100vw, 300px\" \/><\/a><\/strong>Obwohl der Iran \u00fcber viele nat\u00fcrliche Ressourcen verf\u00fcgt, werden diese oft gestohlen oder von Drogenh\u00e4ndlernetzwerken oder Terroristennetzen gehandelt. Die Bev\u00f6lkerung ist also zum Gro\u00dfteil von Armut betroffen.<\/p>\n<p>Tats\u00e4chlich leben den offiziellen Statistiken zufolge 80% der iranischen Bev\u00f6lkerung unter der Armutsgrenze. Die Kinder, die in l\u00e4ndlichen Gebieten leben, sind besonders stark davon betroffen.<\/p>\n<p><strong>Gesundheit<\/p>\n<p><\/strong>Laut Artikel 24 der Internationalen Kinderrechtskonvention erkennen die Vertragsstaaten \u201edas Recht des Kindes auf das erreichbare H\u00f6chstma\u00df an Gesundheit sowie auf Inanspruchnahme von Einrichtungen zur Behandlung von Krankheiten\u201c an. Im Iran ist die Kindersterblichkeitsrate bei den unter 5-j\u00e4hrigen sehr hoch. Bei S\u00e4uglingen z\u00e4hlen Fr\u00fchgeburten, Lungenentz\u00fcndungen und Durchfall zu den h\u00e4ufigsten Todesursachen.<\/p>\n<p>Die Gesundheit der M\u00fctter hat sich im Laufe der letzten Jahre verbessert, doch die Mangelern\u00e4hrung bleibt insbesondere in den l\u00e4ndlichen Regionen ein gro\u00dfes Problem.<\/p>\n<p><strong><a href=\"https:\/\/www.humanium.org\/de\/recht-bildung\/\" target=\"_blank\" rel=\"noopener\">Recht auf Bildung<\/a><\/strong><\/p>\n<p><img loading=\"lazy\" decoding=\"async\" class=\" wp-image-15873 alignright\" src=\"https:\/\/www.humanium.org\/de\/wp-content\/uploads\/2022\/06\/shutterstock_1368263135-300x225.jpg\" alt=\"\" width=\"229\" height=\"172\" srcset=\"https:\/\/www.humanium.org\/de\/wp-content\/uploads\/2022\/06\/shutterstock_1368263135-300x225.jpg 300w, https:\/\/www.humanium.org\/de\/wp-content\/uploads\/2022\/06\/shutterstock_1368263135-1024x768.jpg 1024w, https:\/\/www.humanium.org\/de\/wp-content\/uploads\/2022\/06\/shutterstock_1368263135-768x576.jpg 768w, https:\/\/www.humanium.org\/de\/wp-content\/uploads\/2022\/06\/shutterstock_1368263135-1536x1152.jpg 1536w, https:\/\/www.humanium.org\/de\/wp-content\/uploads\/2022\/06\/shutterstock_1368263135-2048x1536.jpg 2048w, https:\/\/www.humanium.org\/de\/wp-content\/uploads\/2022\/06\/shutterstock_1368263135-830x623.jpg 830w, https:\/\/www.humanium.org\/de\/wp-content\/uploads\/2022\/06\/shutterstock_1368263135-230x173.jpg 230w, https:\/\/www.humanium.org\/de\/wp-content\/uploads\/2022\/06\/shutterstock_1368263135-350x263.jpg 350w, https:\/\/www.humanium.org\/de\/wp-content\/uploads\/2022\/06\/shutterstock_1368263135-480x360.jpg 480w\" sizes=\"auto, (max-width: 229px) 100vw, 229px\" \/><\/p>\n<p>Der Schulbesuch ist f\u00fcr Kinder bis zum Alter von 11 Jahren kostenlos und verpflichtend. Allerdings nimmt in den l\u00e4ndlichen Regionen insbesondere die Quote der M\u00e4dchen, die die Schule besuchen, ab. In den entlegensten Gegenden des Landes m\u00fc\u00dfen viele Infrastrukturmassnahmen noch umgesetzt werden.<\/p>\n<p><a href=\"https:\/\/www.humanium.org\/de\/diskriminierung\/\"><strong>Recht auf Nichtdiskriminierung<br \/>\n<\/strong><br \/>\n<\/a>In der iranischen Gesellschaft hat der Mann eine h\u00f6here Stellung inne als die Frau. Das iranische Bildungssystem tr\u00e4gt zur Verbreitung eines religi\u00f6sen Glaubenssystems bei, demzufolge Frauen als minderwertige Lebewesen angesehen werden. Beispielsweise \u00a0\u00a0wird den Sch\u00fclern beigebracht, dass Frauen das Eigentum von M\u00e4nnern sind, dass M\u00e4nner ihre Ehefrauen bei Ungehorsam bestrafen d\u00fcrfen oder auch, dass Frauen eine potentielle Quelle von Korruption sind<\/p>\n<p>Dennoch hat man in den letzten Jahren festgestellt, dass weitaus mehr M\u00e4dchen als Jungen die Universit\u00e4ten besuchen.<\/p>\n<p><strong>Jugendstrafrecht<\/strong><\/p>\n<p>Der Iran ist neben Pakistan, Saudi Arabien, dem Sudan und Jemen eines von f\u00fcnf L\u00e4ndern, das die Todesstrafe bei Jugendlichen unter 18 Jahren anwendet. Die festgehaltenen Kinder haben sehr oft nicht das Recht auf ein faires Verfahren und es gibt immer mehr zum Tode Verurteilte. Au\u00dferdem verf\u00fcgen arme Kinder nicht \u00fcber \u00a0\u00a0ausreichende finanzielle Mittel, um die entstehenden Gerichtskosten zu tragen.<\/p>\n<p>Die Zahl der zum Tode verurteilten Minderj\u00e4hrigen stieg unter dem Regime von Mahmoud Ahmadinejad, dem derzeitigen Pr\u00e4sidenten des Iran. Zahlreiche Menschenrechtsorganisationen prangern dieses Ph\u00e4nomen vehement an, doch die nationalen Autorit\u00e4ten richten weiterhin Kinder hin.<\/p>\n<p><strong><a href=\"https:\/\/www.humanium.org\/de\/kinderheirat\/\" target=\"_blank\" rel=\"noopener\">Kinderheirat<\/a><\/strong><\/p>\n<p>Das iranische Gesetz schreibt vor, dass M\u00e4dchen bei einer Heirat mindestens 13 Jahre alt sein m\u00fcssen, demgegen\u00fcber steht ein Mindestalter von 15 Jahren bei Jungen. Es kommt jedoch in l\u00e4ndlichen Gebieten h\u00e4ufig vor, dass junge M\u00e4dchen weitaus fr\u00fcher verheiratet werden um wirtschaftliche Vorteile zu erzielen.<\/p>\n<p>Noch schlimmeren Berichten zufolge werden zahlreiche junge iranische M\u00e4dchen verkauft und mit Pakistanern zwangsverheiratet, von denen sie sexuell ausgebeutet werden.<\/p>\n<p><strong><a href=\"https:\/\/www.humanium.org\/de\/kinderhandel\/\" target=\"_blank\" rel=\"noopener\">Kinderhandel<br \/>\n<\/a><br \/>\n<\/strong>Der Iran ist ein regelrechter Umschlagplatz f\u00fcr Prostitution und Kinderhandel. Zahlreiche iranische Kinder werden in Pakistan, in der T\u00fcrkei, in den Arabischen Emiraten, im Bahrein oder in Europa sexuell ausgebeutet. Die zwischen 9 und 14 Jahre alten M\u00e4dchen und Jungen werden f\u00fcr 15 bis 20 Dollar verkauft. Die Hauptabnehmer im Iran sind Lastwagenfahrer, religi\u00f6se F\u00fchrer und afghanische Gastarbeiter.<\/p>\n<p>Dar\u00fcber hinaus \u00fcbertreten immer mehr Kinder aus den Nachbarstaaten, insbesondere aus Afghanistan und Pakistan, die iranische Grenze um sich in Bordellen im s\u00fcdlichen Iran zu prostituieren.<\/p>\n<p><b><a href=\"https:\/\/www.humanium.org\/de\/strasenkinder\/\" target=\"_blank\" rel=\"noopener\">Strassenkinder<img loading=\"lazy\" decoding=\"async\" class=\" wp-image-15874 alignright\" src=\"https:\/\/www.humanium.org\/de\/wp-content\/uploads\/2022\/06\/shutterstock_1718926753-300x200.jpg\" alt=\"\" width=\"240\" height=\"160\" srcset=\"https:\/\/www.humanium.org\/de\/wp-content\/uploads\/2022\/06\/shutterstock_1718926753-300x200.jpg 300w, https:\/\/www.humanium.org\/de\/wp-content\/uploads\/2022\/06\/shutterstock_1718926753-1024x683.jpg 1024w, https:\/\/www.humanium.org\/de\/wp-content\/uploads\/2022\/06\/shutterstock_1718926753-768x512.jpg 768w, https:\/\/www.humanium.org\/de\/wp-content\/uploads\/2022\/06\/shutterstock_1718926753-1536x1024.jpg 1536w, https:\/\/www.humanium.org\/de\/wp-content\/uploads\/2022\/06\/shutterstock_1718926753-2048x1365.jpg 2048w, https:\/\/www.humanium.org\/de\/wp-content\/uploads\/2022\/06\/shutterstock_1718926753-830x553.jpg 830w, https:\/\/www.humanium.org\/de\/wp-content\/uploads\/2022\/06\/shutterstock_1718926753-230x153.jpg 230w, https:\/\/www.humanium.org\/de\/wp-content\/uploads\/2022\/06\/shutterstock_1718926753-350x233.jpg 350w, https:\/\/www.humanium.org\/de\/wp-content\/uploads\/2022\/06\/shutterstock_1718926753-480x320.jpg 480w, https:\/\/www.humanium.org\/de\/wp-content\/uploads\/2022\/06\/shutterstock_1718926753-272x182.jpg 272w\" sizes=\"auto, (max-width: 240px) 100vw, 240px\" \/><br \/>\n<\/a><\/b><\/p>\n<p>Das Ph\u00e4nomen der Stra\u00dfenkinder \u00a0spielt im Iran eine wesentliche Rolle. Die gro\u00dfe Mehrzahl dieser Kinder sind keine Waisen, doch da ihre Eltern oftmals suchtabh\u00e4ngig sind, sind sie gezwungen auf der Stra\u00dfe zu leben. Andere sind Kinder von Fl\u00fcchtlingen oder Arbeitslosen, die arbeiten und Geld f\u00fcr ihre Familie verdienen m\u00fcssen.<\/p>\n<p>Sch\u00e4tzungen zufolge leben heute mehr als 200 000 Kinder auf der Stra\u00dfe. Die obdachlosen Kinder schlafen oft in verlassenen Geb\u00e4uden, Containern oder Fahrzeugen und m\u00fcssen sich eine Arbeit suchen, um f\u00fcr ihre eigenen und die Bed\u00fcrfnisse ihrer Familien aufzukommen.<\/p>\n<p>Verletzlich und sich selbst \u00fcberlassen sind diese iranischen Kinder leichte Opfer f\u00fcr erwachsene Straft\u00e4ter, die nicht davor zur\u00fcckschrecken, sie zu missbrauchen. Mehr als 60% der obdachlosen M\u00e4dchen werden ab ihrer ersten Woche auf der Stra\u00dfe Opfer sexuellen Missbrauchs. Alle sechs Tage wird in Teheran ein M\u00e4dchen vergewaltigt und ermordet.<\/p>\n<p><strong><a href=\"https:\/\/www.humanium.org\/de\/kinderarbeit-2\/\" target=\"_blank\" rel=\"noopener\">Kinderarbeit<\/a><\/strong><\/p>\n<p>Es wird gesch\u00e4tzt, dass mehr als 14% der iranischen Kinder gezwungen sind, unter elenden und gesundheitsgef\u00e4hrdenden Bedingungen zu arbeiten. Kinder arbeiten haupts\u00e4chlich auf der Stra\u00dfe, in Auto-Fabriken, Teppichunternehmen oder in der Sexindustrie. F\u00fcr viele tausende Kinder treten ihre Gesundheit und ihre Bildung in den Hintergrund und sie haben keinerlei Chance, ihre Lebensumst\u00e4ndezu verbessern.<\/p>\n","protected":false},"excerpt":{"rendered":"<p>Kinder in der islamischen Republik\u00a0Iran Die Kinderrechte im Iran verwirklichen \u00a0 Die Kinder im Iran befinden sich in einer schweren und m\u00fchsamen Lage. Mehr als 100 Kinder sterben in jedem Monat an Hunger, bei Stra\u00dfenschl\u00e4gereien oder an Krankheiten. Die nationalen Autorit\u00e4ten versuchen L\u00f6sungen zu finden, um Probleme wie die Kinderarbeit oder den Kinderhandel einzud\u00e4mmen. Allerdings [&hellip;]<\/p>\n","protected":false},"author":1,"featured_media":0,"parent":0,"menu_order":0,"comment_status":"closed","ping_status":"closed","template":"","meta":{"footnotes":""},"class_list":["post-7578","page","type-page","status-publish","hentry"],"yoast_head":"<!-- This site is optimized with the Yoast SEO plugin v26.5 - https:\/\/yoast.com\/wordpress\/plugins\/seo\/ -->\n<title>Kinder in der islamischen Republik Iran - Humanium<\/title>\n<meta name=\"description\" content=\"Die Kinder im Iran befinden sich in einer schweren Lage. Mehr als 100 Kinder sterben in jedem Monat an Hunger, bei Stra\u00dfenschl\u00e4gereien oder an Krankheiten.\" \/>\n<meta name=\"robots\" content=\"index, follow, max-snippet:-1, max-image-preview:large, max-video-preview:-1\" \/>\n<link rel=\"canonical\" href=\"https:\/\/www.humanium.org\/de\/iran\/\" \/>\n<meta property=\"og:locale\" content=\"de_DE\" \/>\n<meta property=\"og:type\" content=\"article\" \/>\n<meta property=\"og:title\" content=\"Kinder in der islamischen Republik Iran - Humanium\" \/>\n<meta property=\"og:description\" content=\"Die Kinder im Iran befinden sich in einer schweren Lage. Mehr als 100 Kinder sterben in jedem Monat an Hunger, bei Stra\u00dfenschl\u00e4gereien oder an Krankheiten.\" \/>\n<meta property=\"og:url\" content=\"https:\/\/www.humanium.org\/de\/iran\/\" \/>\n<meta property=\"og:site_name\" content=\"Humanium\" \/>\n<meta property=\"article:modified_time\" content=\"2025-12-06T06:19:45+00:00\" \/>\n<meta property=\"og:image\" content=\"https:\/\/www.humanium.org\/de\/wp-content\/uploads\/2022\/06\/Shutterstock_2148860795-1.jpg\" \/>\n\t<meta property=\"og:image:width\" content=\"400\" \/>\n\t<meta property=\"og:image:height\" content=\"394\" \/>\n\t<meta property=\"og:image:type\" content=\"image\/jpeg\" \/>\n<meta name=\"twitter:card\" content=\"summary_large_image\" \/>\n<meta name=\"twitter:label1\" content=\"Gesch\u00e4tzte Lesezeit\" \/>\n\t<meta name=\"twitter:data1\" content=\"6\u00a0Minuten\" \/>\n<script type=\"application\/ld+json\" class=\"yoast-schema-graph\">{\"@context\":\"https:\/\/schema.org\",\"@graph\":[{\"@type\":\"WebPage\",\"@id\":\"https:\/\/www.humanium.org\/de\/iran\/\",\"url\":\"https:\/\/www.humanium.org\/de\/iran\/\",\"name\":\"Kinder in der islamischen Republik Iran - Humanium\",\"isPartOf\":{\"@id\":\"https:\/\/www.humanium.org\/de\/#website\"},\"primaryImageOfPage\":{\"@id\":\"https:\/\/www.humanium.org\/de\/iran\/#primaryimage\"},\"image\":{\"@id\":\"https:\/\/www.humanium.org\/de\/iran\/#primaryimage\"},\"thumbnailUrl\":\"https:\/\/www.humanium.org\/de\/wp-content\/uploads\/2022\/06\/Shutterstock_2148860795-1-300x296.jpg\",\"datePublished\":\"2015-04-14T09:23:28+00:00\",\"dateModified\":\"2025-12-06T06:19:45+00:00\",\"description\":\"Die Kinder im Iran befinden sich in einer schweren Lage. Mehr als 100 Kinder sterben in jedem Monat an Hunger, bei Stra\u00dfenschl\u00e4gereien oder an Krankheiten.\",\"breadcrumb\":{\"@id\":\"https:\/\/www.humanium.org\/de\/iran\/#breadcrumb\"},\"inLanguage\":\"de\",\"potentialAction\":[{\"@type\":\"ReadAction\",\"target\":[\"https:\/\/www.humanium.org\/de\/iran\/\"]}]},{\"@type\":\"ImageObject\",\"inLanguage\":\"de\",\"@id\":\"https:\/\/www.humanium.org\/de\/iran\/#primaryimage\",\"url\":\"https:\/\/www.humanium.org\/de\/wp-content\/uploads\/2022\/06\/Shutterstock_2148860795-1.jpg\",\"contentUrl\":\"https:\/\/www.humanium.org\/de\/wp-content\/uploads\/2022\/06\/Shutterstock_2148860795-1.jpg\",\"width\":400,\"height\":394},{\"@type\":\"BreadcrumbList\",\"@id\":\"https:\/\/www.humanium.org\/de\/iran\/#breadcrumb\",\"itemListElement\":[{\"@type\":\"ListItem\",\"position\":1,\"name\":\"Home\",\"item\":\"https:\/\/www.humanium.org\/de\/\"},{\"@type\":\"ListItem\",\"position\":2,\"name\":\"Kinder in der islamischen Republik Iran\"}]},{\"@type\":\"WebSite\",\"@id\":\"https:\/\/www.humanium.org\/de\/#website\",\"url\":\"https:\/\/www.humanium.org\/de\/\",\"name\":\"Humanium\",\"description\":\"Kinder zuerst!\",\"potentialAction\":[{\"@type\":\"SearchAction\",\"target\":{\"@type\":\"EntryPoint\",\"urlTemplate\":\"https:\/\/www.humanium.org\/de\/?s={search_term_string}\"},\"query-input\":{\"@type\":\"PropertyValueSpecification\",\"valueRequired\":true,\"valueName\":\"search_term_string\"}}],\"inLanguage\":\"de\"}]}<\/script>\n<!-- \/ Yoast SEO plugin. -->","yoast_head_json":{"title":"Kinder in der islamischen Republik Iran - Humanium","description":"Die Kinder im Iran befinden sich in einer schweren Lage. Mehr als 100 Kinder sterben in jedem Monat an Hunger, bei Stra\u00dfenschl\u00e4gereien oder an Krankheiten.","robots":{"index":"index","follow":"follow","max-snippet":"max-snippet:-1","max-image-preview":"max-image-preview:large","max-video-preview":"max-video-preview:-1"},"canonical":"https:\/\/www.humanium.org\/de\/iran\/","og_locale":"de_DE","og_type":"article","og_title":"Kinder in der islamischen Republik Iran - Humanium","og_description":"Die Kinder im Iran befinden sich in einer schweren Lage. Mehr als 100 Kinder sterben in jedem Monat an Hunger, bei Stra\u00dfenschl\u00e4gereien oder an Krankheiten.","og_url":"https:\/\/www.humanium.org\/de\/iran\/","og_site_name":"Humanium","article_modified_time":"2025-12-06T06:19:45+00:00","og_image":[{"width":400,"height":394,"url":"https:\/\/www.humanium.org\/de\/wp-content\/uploads\/2022\/06\/Shutterstock_2148860795-1.jpg","type":"image\/jpeg"}],"twitter_card":"summary_large_image","twitter_misc":{"Gesch\u00e4tzte Lesezeit":"6\u00a0Minuten"},"schema":{"@context":"https:\/\/schema.org","@graph":[{"@type":"WebPage","@id":"https:\/\/www.humanium.org\/de\/iran\/","url":"https:\/\/www.humanium.org\/de\/iran\/","name":"Kinder in der islamischen Republik Iran - Humanium","isPartOf":{"@id":"https:\/\/www.humanium.org\/de\/#website"},"primaryImageOfPage":{"@id":"https:\/\/www.humanium.org\/de\/iran\/#primaryimage"},"image":{"@id":"https:\/\/www.humanium.org\/de\/iran\/#primaryimage"},"thumbnailUrl":"https:\/\/www.humanium.org\/de\/wp-content\/uploads\/2022\/06\/Shutterstock_2148860795-1-300x296.jpg","datePublished":"2015-04-14T09:23:28+00:00","dateModified":"2025-12-06T06:19:45+00:00","description":"Die Kinder im Iran befinden sich in einer schweren Lage. Mehr als 100 Kinder sterben in jedem Monat an Hunger, bei Stra\u00dfenschl\u00e4gereien oder an Krankheiten.","breadcrumb":{"@id":"https:\/\/www.humanium.org\/de\/iran\/#breadcrumb"},"inLanguage":"de","potentialAction":[{"@type":"ReadAction","target":["https:\/\/www.humanium.org\/de\/iran\/"]}]},{"@type":"ImageObject","inLanguage":"de","@id":"https:\/\/www.humanium.org\/de\/iran\/#primaryimage","url":"https:\/\/www.humanium.org\/de\/wp-content\/uploads\/2022\/06\/Shutterstock_2148860795-1.jpg","contentUrl":"https:\/\/www.humanium.org\/de\/wp-content\/uploads\/2022\/06\/Shutterstock_2148860795-1.jpg","width":400,"height":394},{"@type":"BreadcrumbList","@id":"https:\/\/www.humanium.org\/de\/iran\/#breadcrumb","itemListElement":[{"@type":"ListItem","position":1,"name":"Home","item":"https:\/\/www.humanium.org\/de\/"},{"@type":"ListItem","position":2,"name":"Kinder in der islamischen Republik Iran"}]},{"@type":"WebSite","@id":"https:\/\/www.humanium.org\/de\/#website","url":"https:\/\/www.humanium.org\/de\/","name":"Humanium","description":"Kinder zuerst!","potentialAction":[{"@type":"SearchAction","target":{"@type":"EntryPoint","urlTemplate":"https:\/\/www.humanium.org\/de\/?s={search_term_string}"},"query-input":{"@type":"PropertyValueSpecification","valueRequired":true,"valueName":"search_term_string"}}],"inLanguage":"de"}]}},"_links":{"self":[{"href":"https:\/\/www.humanium.org\/de\/wp-json\/wp\/v2\/pages\/7578","targetHints":{"allow":["GET"]}}],"collection":[{"href":"https:\/\/www.humanium.org\/de\/wp-json\/wp\/v2\/pages"}],"about":[{"href":"https:\/\/www.humanium.org\/de\/wp-json\/wp\/v2\/types\/page"}],"author":[{"embeddable":true,"href":"https:\/\/www.humanium.org\/de\/wp-json\/wp\/v2\/users\/1"}],"replies":[{"embeddable":true,"href":"https:\/\/www.humanium.org\/de\/wp-json\/wp\/v2\/comments?post=7578"}],"version-history":[{"count":6,"href":"https:\/\/www.humanium.org\/de\/wp-json\/wp\/v2\/pages\/7578\/revisions"}],"predecessor-version":[{"id":20540,"href":"https:\/\/www.humanium.org\/de\/wp-json\/wp\/v2\/pages\/7578\/revisions\/20540"}],"wp:attachment":[{"href":"https:\/\/www.humanium.org\/de\/wp-json\/wp\/v2\/media?parent=7578"}],"curies":[{"name":"wp","href":"https:\/\/api.w.org\/{rel}","templated":true}]}}