{"id":7610,"date":"2016-04-05T08:23:35","date_gmt":"2016-04-05T08:23:35","guid":{"rendered":"http:\/\/www.humanium.org\/de\/?page_id=6254"},"modified":"2025-12-05T17:03:05","modified_gmt":"2025-12-05T17:03:05","slug":"mazedonien","status":"publish","type":"page","link":"https:\/\/www.humanium.org\/de\/mazedonien\/","title":{"rendered":"Kinder in Mazedonien"},"content":{"rendered":"<h1>Kinder in Mazedonien<\/h1>\n<h2>Die Verwirklichung der Kinderrechte in Mazedonien<\/h2>\n<p style=\"text-align: center;\"><img loading=\"lazy\" decoding=\"async\" class=\"alignnone wp-image-13026\" title=\"M\u00e4dchen in Mazedonien \u00a9 SOS Children's Village\" src=\"https:\/\/www.humanium.org\/en\/wp-content\/uploads\/2013\/03\/Image-du-Petite-Fille-300x214.jpg\" alt=\"\" width=\"240\" height=\"220\" \/><\/p>\n<p>Mazedonien ist ein fr\u00fcheres Teilgebiet der Republik Jugoslawien. Mazedoniens heutige Unabh\u00e4ngigkeit bedeutet, dass das Land seine eigenen Gesetze erlassen muss. Aufgrund der Unerfahrenheit Mazedoniens bei der Gesetzgebung zu Kinderrechten werden diese Rechte weitgehend vernachl\u00e4ssigt.<\/p>\n<h3>Hauptprobleme, mit denen Kinder in Mazedonien konfrontiert sind:<\/h3>\n<p><a href=\"https:\/\/www.humanium.org\/de\/focusdiskriminierung\/\"><strong>Diskriminierung<\/strong><\/a><\/p>\n<p>Selbst die wenigen vorhandenen Gesetze zur Verhinderung von Diskriminierung enthalten eine Reihe von Ausnahmen. Beispielsweise stellte der UN-Ausschuss f\u00fcr die Rechte des Kindes 2011 fest, dass Kinder in Minderheitengruppen, insbesondere Roma-Kinder, keine Identit\u00e4tsdokumente besitzen d\u00fcrfen. Sie haben deshalb keinen Zugang zu grundlegenden Sozialleistungen. Wahrscheinlich ist aus diesem Grund auch die S\u00e4uglingssterblichkeit innerhalb der Roma-Gemeinschaften h\u00f6her, da nur begrenzter Zugang zum Gesundheitssystem besteht.<\/p>\n<p>Dar\u00fcber hinaus benachteiligt das Gesundheitssystem Roma-Kinder, da nur Kinder versorgt werden, die regelm\u00e4\u00dfig die Schule besuchen und deren Eltern erwerbst\u00e4tig oder vom Sozialsystem abgedeckt sind.<\/p>\n<p><a href=\"https:\/\/www.humanium.org\/de\/recht-bildung\/\"><strong>Das Recht auf Bildung<\/strong><\/a><\/p>\n<p>Obwohl die Rate an Grundschulbesuchen gut scheint (93 % zwischen 2007 und 2009), ist die Besuchsrate f\u00fcr Minderheitengruppen sehr gering, auch hier wieder insbesondere unter Roma-Kindern. Diese haben keinen Zugang zu Unterricht in ihrer Sprache und erhalten damit keine normale Schulbildung. Kinder werden zunehmend nach ihrer ethnischen Zugeh\u00f6rigkeit unterteilt, was zu Ungleichheiten im Zugang zur Schulbildung f\u00fchrt.<\/p>\n<p>Momentan sind nur wenige Schulen f\u00fcr behinderte Kinder zug\u00e4nglich, die nach wie vor vom Bildungssystem ausgegrenzt werden.<\/p>\n<p><a href=\"https:\/\/www.humanium.org\/de\/recht-auf-identitat\/\"><strong>Das Recht auf Identit\u00e4t<\/strong><\/a><\/p>\n<p>Das Recht auf Identit\u00e4t ist essenziell f\u00fcr alle B\u00fcrger, um offiziell in ihrem Land anerkannt zu werden. In Mazedonien verf\u00fcgen viele Kinder nicht \u00fcber Identit\u00e4tsdokumente oder Geburtsurkunden, weshalb ihnen der Zugang zu grundlegenden Sozialleistungen verwehrt bleibt (Schulbildung, Gesundheitsversorgung, Familienzusch\u00fcsse etc.). Dieses Fehlen von Dokumenten trifft insbesondere auf Roma- und Fl\u00fcchtlingskinder zu.<\/p>\n<p>Dar\u00fcber hinaus erlaubt die Gesetzgebung der ehemaligen jugoslawischen Republik Mazedonien das Zur\u00fcckhalten von Informationen bez\u00fcglich der Herkunft adoptierter Kinder. Daher haben adoptierte Kinder nicht immer die M\u00f6glichkeit, ihre Herkunft und wahre Identit\u00e4t herauszufinden.<\/p>\n<p><strong><a href=\"https:\/\/www.humanium.org\/de\/ausbeutung\/\">Kinderhandel<\/a> und <a href=\"https:\/\/www.humanium.org\/de\/ausbeutung\/\">Kinderarbeit<\/a><\/strong><\/p>\n<p>Kinderhandel ist immer noch verbreitet und steht im Widerspruch zu den Rechten des Kindes. Obwohl das gesetzliche Mindestalter f\u00fcr eine Heirat bei 18 Jahren liegt, werden weiterhin viele Kinder in j\u00fcngerem Alter verkauft und zwangsverheiratet.<\/p>\n<p>Kinder werden au\u00dferdem manchmal zu illegaler Arbeit gezwungen. Um legal zu arbeiten, m\u00fcssen sie mindestens 15 Jahre alt sein. Es ist au\u00dferdem wichtig hinzuzuf\u00fcgen, dass Angestellte unter 18 Jahren besondere Sozialversicherungsvorteile erhalten. Der UN-Ausschuss f\u00fcr die Rechte des Kindes geht jedoch davon aus, dass diese Gesetzgebung in Mazedonien nicht ausreichend eingehalten wird. Es scheint einen gro\u00dfen Schwarzmarkt zu geben, in dem viele Kinder arbeiten, vor allem als Bettler, Stra\u00dfenverk\u00e4ufer oder in Restaurants.<\/p>\n<p><a href=\"https:\/\/www.humanium.org\/de\/gewalt\/\"><strong>K\u00f6rperliche Z\u00fcchtigung<\/strong><\/a><\/p>\n<p>K\u00f6rperliche Z\u00fcchtigung ist an Schulen gesetzlich verboten, allerdings kommen diese immer noch h\u00e4ufig in Familien vor.<\/p>\n<p>Dar\u00fcber hinaus hat der UN-Ausschuss festgestellt, dass Misshandlungen in alternativen Pflegeeinrichtungen auftreten, wie zum Beispiel in Waisenh\u00e4usern oder Justizvollzugsanstalten, in denen regelm\u00e4\u00dfig Schlagst\u00f6cke eingesetzt werden.<\/p>\n","protected":false},"excerpt":{"rendered":"<p>Kinder in Mazedonien Die Verwirklichung der Kinderrechte in Mazedonien Mazedonien ist ein fr\u00fcheres Teilgebiet der Republik Jugoslawien. Mazedoniens heutige Unabh\u00e4ngigkeit bedeutet, dass das Land seine eigenen Gesetze erlassen muss. Aufgrund der Unerfahrenheit Mazedoniens bei der Gesetzgebung zu Kinderrechten werden diese Rechte weitgehend vernachl\u00e4ssigt. Hauptprobleme, mit denen Kinder in Mazedonien konfrontiert sind: Diskriminierung Selbst die wenigen [&hellip;]<\/p>\n","protected":false},"author":1,"featured_media":0,"parent":0,"menu_order":0,"comment_status":"closed","ping_status":"closed","template":"","meta":{"footnotes":""},"class_list":["post-7610","page","type-page","status-publish","hentry"],"yoast_head":"<!-- This site is optimized with the Yoast SEO plugin v26.5 - https:\/\/yoast.com\/wordpress\/plugins\/seo\/ -->\n<title>Kinder in Mazedonien - Humanium<\/title>\n<meta name=\"description\" content=\"Aufgrund der Unerfahrenheit Mazedoniens bei der Gesetzgebung zu Kinderrechten werden diese Rechte weitgehend vernachl\u00e4ssigt.\" \/>\n<meta name=\"robots\" content=\"index, follow, max-snippet:-1, max-image-preview:large, max-video-preview:-1\" \/>\n<link rel=\"canonical\" href=\"https:\/\/www.humanium.org\/de\/mazedonien\/\" \/>\n<meta property=\"og:locale\" content=\"de_DE\" \/>\n<meta property=\"og:type\" content=\"article\" \/>\n<meta property=\"og:title\" content=\"Kinder in Mazedonien - Humanium\" \/>\n<meta property=\"og:description\" content=\"Aufgrund der Unerfahrenheit Mazedoniens bei der Gesetzgebung zu Kinderrechten werden diese Rechte weitgehend vernachl\u00e4ssigt.\" \/>\n<meta property=\"og:url\" content=\"https:\/\/www.humanium.org\/de\/mazedonien\/\" \/>\n<meta property=\"og:site_name\" content=\"Humanium\" \/>\n<meta property=\"article:modified_time\" content=\"2025-12-05T17:03:05+00:00\" \/>\n<meta name=\"twitter:card\" content=\"summary_large_image\" \/>\n<meta name=\"twitter:label1\" content=\"Gesch\u00e4tzte Lesezeit\" \/>\n\t<meta name=\"twitter:data1\" content=\"3\u00a0Minuten\" \/>\n<script type=\"application\/ld+json\" class=\"yoast-schema-graph\">{\"@context\":\"https:\/\/schema.org\",\"@graph\":[{\"@type\":\"WebPage\",\"@id\":\"https:\/\/www.humanium.org\/de\/mazedonien\/\",\"url\":\"https:\/\/www.humanium.org\/de\/mazedonien\/\",\"name\":\"Kinder in Mazedonien - Humanium\",\"isPartOf\":{\"@id\":\"https:\/\/www.humanium.org\/de\/#website\"},\"primaryImageOfPage\":{\"@id\":\"https:\/\/www.humanium.org\/de\/mazedonien\/#primaryimage\"},\"image\":{\"@id\":\"https:\/\/www.humanium.org\/de\/mazedonien\/#primaryimage\"},\"thumbnailUrl\":\"https:\/\/www.humanium.org\/en\/wp-content\/uploads\/2013\/03\/Image-du-Petite-Fille-300x214.jpg\",\"datePublished\":\"2016-04-05T08:23:35+00:00\",\"dateModified\":\"2025-12-05T17:03:05+00:00\",\"description\":\"Aufgrund der Unerfahrenheit Mazedoniens bei der Gesetzgebung zu Kinderrechten werden diese Rechte weitgehend vernachl\u00e4ssigt.\",\"breadcrumb\":{\"@id\":\"https:\/\/www.humanium.org\/de\/mazedonien\/#breadcrumb\"},\"inLanguage\":\"de\",\"potentialAction\":[{\"@type\":\"ReadAction\",\"target\":[\"https:\/\/www.humanium.org\/de\/mazedonien\/\"]}]},{\"@type\":\"ImageObject\",\"inLanguage\":\"de\",\"@id\":\"https:\/\/www.humanium.org\/de\/mazedonien\/#primaryimage\",\"url\":\"https:\/\/www.humanium.org\/en\/wp-content\/uploads\/2013\/03\/Image-du-Petite-Fille-300x214.jpg\",\"contentUrl\":\"https:\/\/www.humanium.org\/en\/wp-content\/uploads\/2013\/03\/Image-du-Petite-Fille-300x214.jpg\"},{\"@type\":\"BreadcrumbList\",\"@id\":\"https:\/\/www.humanium.org\/de\/mazedonien\/#breadcrumb\",\"itemListElement\":[{\"@type\":\"ListItem\",\"position\":1,\"name\":\"Home\",\"item\":\"https:\/\/www.humanium.org\/de\/\"},{\"@type\":\"ListItem\",\"position\":2,\"name\":\"Kinder in Mazedonien\"}]},{\"@type\":\"WebSite\",\"@id\":\"https:\/\/www.humanium.org\/de\/#website\",\"url\":\"https:\/\/www.humanium.org\/de\/\",\"name\":\"Humanium\",\"description\":\"Kinder zuerst!\",\"potentialAction\":[{\"@type\":\"SearchAction\",\"target\":{\"@type\":\"EntryPoint\",\"urlTemplate\":\"https:\/\/www.humanium.org\/de\/?s={search_term_string}\"},\"query-input\":{\"@type\":\"PropertyValueSpecification\",\"valueRequired\":true,\"valueName\":\"search_term_string\"}}],\"inLanguage\":\"de\"}]}<\/script>\n<!-- \/ Yoast SEO plugin. -->","yoast_head_json":{"title":"Kinder in Mazedonien - Humanium","description":"Aufgrund der Unerfahrenheit Mazedoniens bei der Gesetzgebung zu Kinderrechten werden diese Rechte weitgehend vernachl\u00e4ssigt.","robots":{"index":"index","follow":"follow","max-snippet":"max-snippet:-1","max-image-preview":"max-image-preview:large","max-video-preview":"max-video-preview:-1"},"canonical":"https:\/\/www.humanium.org\/de\/mazedonien\/","og_locale":"de_DE","og_type":"article","og_title":"Kinder in Mazedonien - Humanium","og_description":"Aufgrund der Unerfahrenheit Mazedoniens bei der Gesetzgebung zu Kinderrechten werden diese Rechte weitgehend vernachl\u00e4ssigt.","og_url":"https:\/\/www.humanium.org\/de\/mazedonien\/","og_site_name":"Humanium","article_modified_time":"2025-12-05T17:03:05+00:00","twitter_card":"summary_large_image","twitter_misc":{"Gesch\u00e4tzte Lesezeit":"3\u00a0Minuten"},"schema":{"@context":"https:\/\/schema.org","@graph":[{"@type":"WebPage","@id":"https:\/\/www.humanium.org\/de\/mazedonien\/","url":"https:\/\/www.humanium.org\/de\/mazedonien\/","name":"Kinder in Mazedonien - Humanium","isPartOf":{"@id":"https:\/\/www.humanium.org\/de\/#website"},"primaryImageOfPage":{"@id":"https:\/\/www.humanium.org\/de\/mazedonien\/#primaryimage"},"image":{"@id":"https:\/\/www.humanium.org\/de\/mazedonien\/#primaryimage"},"thumbnailUrl":"https:\/\/www.humanium.org\/en\/wp-content\/uploads\/2013\/03\/Image-du-Petite-Fille-300x214.jpg","datePublished":"2016-04-05T08:23:35+00:00","dateModified":"2025-12-05T17:03:05+00:00","description":"Aufgrund der Unerfahrenheit Mazedoniens bei der Gesetzgebung zu Kinderrechten werden diese Rechte weitgehend vernachl\u00e4ssigt.","breadcrumb":{"@id":"https:\/\/www.humanium.org\/de\/mazedonien\/#breadcrumb"},"inLanguage":"de","potentialAction":[{"@type":"ReadAction","target":["https:\/\/www.humanium.org\/de\/mazedonien\/"]}]},{"@type":"ImageObject","inLanguage":"de","@id":"https:\/\/www.humanium.org\/de\/mazedonien\/#primaryimage","url":"https:\/\/www.humanium.org\/en\/wp-content\/uploads\/2013\/03\/Image-du-Petite-Fille-300x214.jpg","contentUrl":"https:\/\/www.humanium.org\/en\/wp-content\/uploads\/2013\/03\/Image-du-Petite-Fille-300x214.jpg"},{"@type":"BreadcrumbList","@id":"https:\/\/www.humanium.org\/de\/mazedonien\/#breadcrumb","itemListElement":[{"@type":"ListItem","position":1,"name":"Home","item":"https:\/\/www.humanium.org\/de\/"},{"@type":"ListItem","position":2,"name":"Kinder in Mazedonien"}]},{"@type":"WebSite","@id":"https:\/\/www.humanium.org\/de\/#website","url":"https:\/\/www.humanium.org\/de\/","name":"Humanium","description":"Kinder zuerst!","potentialAction":[{"@type":"SearchAction","target":{"@type":"EntryPoint","urlTemplate":"https:\/\/www.humanium.org\/de\/?s={search_term_string}"},"query-input":{"@type":"PropertyValueSpecification","valueRequired":true,"valueName":"search_term_string"}}],"inLanguage":"de"}]}},"_links":{"self":[{"href":"https:\/\/www.humanium.org\/de\/wp-json\/wp\/v2\/pages\/7610","targetHints":{"allow":["GET"]}}],"collection":[{"href":"https:\/\/www.humanium.org\/de\/wp-json\/wp\/v2\/pages"}],"about":[{"href":"https:\/\/www.humanium.org\/de\/wp-json\/wp\/v2\/types\/page"}],"author":[{"embeddable":true,"href":"https:\/\/www.humanium.org\/de\/wp-json\/wp\/v2\/users\/1"}],"replies":[{"embeddable":true,"href":"https:\/\/www.humanium.org\/de\/wp-json\/wp\/v2\/comments?post=7610"}],"version-history":[{"count":6,"href":"https:\/\/www.humanium.org\/de\/wp-json\/wp\/v2\/pages\/7610\/revisions"}],"predecessor-version":[{"id":20140,"href":"https:\/\/www.humanium.org\/de\/wp-json\/wp\/v2\/pages\/7610\/revisions\/20140"}],"wp:attachment":[{"href":"https:\/\/www.humanium.org\/de\/wp-json\/wp\/v2\/media?parent=7610"}],"curies":[{"name":"wp","href":"https:\/\/api.w.org\/{rel}","templated":true}]}}