{"id":7613,"date":"2016-04-18T19:55:09","date_gmt":"2016-04-18T19:55:09","guid":{"rendered":"http:\/\/www.humanium.org\/de\/?page_id=6330"},"modified":"2025-12-06T06:19:29","modified_gmt":"2025-12-06T06:19:29","slug":"lettland","status":"publish","type":"page","link":"https:\/\/www.humanium.org\/de\/lettland\/","title":{"rendered":"Kinder in Lettland"},"content":{"rendered":"<h1>Kinder in Lettland<\/h1>\n<h2>Die Verwirklichung der Kinderrechte in Lettland<\/h2>\n<p align=\"center\"><img loading=\"lazy\" decoding=\"async\" class=\"alignnone size-full wp-image-7209\" title=\"Lettisches M\u00e4dchen \u00a9 sklo\" src=\"https:\/\/www.humanium.org\/en\/wp-content\/uploads\/2012\/05\/latvian-girl\u00a9sklo.jpg\" alt=\"\" width=\"180\" height=\"200\" \/>\u00a0<img loading=\"lazy\" decoding=\"async\" class=\"alignnone wp-image-7210\" title=\"Lettischer Junge \u00a9 jens-olaf\" src=\"https:\/\/www.humanium.org\/en\/wp-content\/uploads\/2012\/05\/latvian-boy\u00a9jens-olaf.jpg\" alt=\"\" width=\"266\" height=\"200\" \/><\/p>\n<p>Trotz einer Bewertung von 8,99\/10 nach dem Index der Realisierung von Kinderrechten ist die Lage der lettischen Kinder nicht unbedingt beneidenswert. Sie sind deutlichen Gefahren ausgesetzt, vor allem was Gewalt, sexuelle Ausbeutung und Diskriminierung der Minderheiten betrifft. Zur erfolgreichen Verbesserung der Kinderrechte, muss Lettland seine Ma\u00dfnahmen weiter ausbauen.<\/p>\n<h3>Hauptprobleme, mit denen die Kinder in Lettland konfrontiert sind:<\/h3>\n<p><strong><a title=\"Health\" href=\"https:\/\/www.humanium.org\/de\/das-recht-auf-gesundheit\/\">Das Recht auf Gesundheit<\/a><\/strong><\/p>\n<p>For some Latvian children access to healthcare F\u00fcr manche Kinder ist der Zugang zum Gesundheitswesen in Lettland aus finanziellen und\/oder geographischen Gr\u00fcnden trotz der Einf\u00fchrung von Ma\u00dfnahmen zur Erweiterung der Grundgesundheitsversorgung, weiterhin begrenzt.<\/p>\n<p>Zus\u00e4tzlich treten Erkrankungen wie Tuberkulose und Hepatitis zunehmend auf, w\u00e4hrend gleichzeitig Eisenmangel und Mangelern\u00e4hrung weiterhin bestehen. Aus diesem Grund, aber auch in Folge von Gewalt, Verkehrsunf\u00e4llen, etc. ist die Kindersterblichkeitsrate hoch (8%).<\/p>\n<p>Bez\u00fcglich Jugendlicher f\u00e4llt besonders die hohe Zahl an Schwangerschaften unter 15 bis 17-j\u00e4hrigen M\u00e4dchen auf. Es ist auch \u00fcblich, dass sie auf Abtreibungen zur\u00fcckgreifen, weil keine Verh\u00fctungsmittel benutzt wurden. Psychisch kranke Jugendliche werden oft in spezielle Einrichtungen gebracht, weil die Eltern \u00fcber nicht ausreichende finanzielle Mittel verf\u00fcgen, um sie zu pflegen. Leider werden diese Jugendlichen im gro\u00dfen Ma\u00dfe ihrer Freiheit entzogen.<\/p>\n<p><strong><a title=\"Right to education\" href=\"https:\/\/www.humanium.org\/de\/recht-bildung\/\">Das Recht auf Bildung<\/a><\/strong><\/p>\n<p><img loading=\"lazy\" decoding=\"async\" class=\"alignright wp-image-7215\" title=\"Jeder Sch\u00fcler muss Lettisch lernen \u00a9 geri lavrov (gettyimages)\" src=\"https:\/\/www.humanium.org\/en\/wp-content\/uploads\/2012\/05\/education\u00a9geri-lavrov-gettyimages.jpg\" alt=\"\" width=\"201\" height=\"160\" \/>In Lettland sind Grundschule und Sekundarstufe kostenlos und geh\u00f6ren zur Pflichtschule. Au\u00dfer den traditionellen Schulen gibt es auch Schulen f\u00fcr ethnische Minderheiten, in denen der Unterricht nicht auf Lettisch abgehalten wird. Doch alle Sch\u00fcler, die in einer anderen Sprache unterrichtet werden, m\u00fcssen auch Lettisch lernen und Pr\u00fcfungen in dieser Sprache bestehen.<\/p>\n<p>Das Kinderrechtskomitee stellte eine hohe Abwesenheit in lettischen Schulen fest. Dies l\u00e4sst sich auf Armut, schlechte Verkehrsanbindungen oder die Schlie\u00dfung von Schulen in d\u00fcnn besiedelten Gegenden, auf mangelndes Interesse der Eltern f\u00fcr die Bildung Ihrer Kinder und auf Mobbing in den Schulen zur\u00fcckf\u00fchren.<\/p>\n<p><strong>Kinder von Minderheiten<\/strong><\/p>\n<p>In Lettland hat sich der Gedanke der Nichtdiskriminierung noch nicht vollkommen etabliert. Kinder aus ethnischen Minderheiten wie der Roma, russischsprachige Kinder, Kinder mit Behinderungen oder die, die in l\u00e4ndlichen Gegenden Leben, haben keinen Zugang zum Gesundheitswesen und zu Bildungseinrichtungen.<\/p>\n<p><strong><em>Russischsprachige Bev\u00f6lkerung<\/em><\/strong><\/p>\n<p>Die Diskriminierung in Lettland gegen die russischsprachige Bev\u00f6lkerung, die ein Drittel ausmacht, wird stark kritisiert. Beispielsweise m\u00fcssen sie, um die lettische Staatsangeh\u00f6rigkeit zu erhalten, mindestens 16 Jahre in Lettland gelebt haben und einen lettischen Sprachtest bestehen.<\/p>\n<p>Die Europ\u00e4ische Kommission gegen Rassismus und Intoleranz hat den lettischen Beh\u00f6rden empfohlen, die Verbesserung des lettischen Bildungssystems f\u00fcr ethnische Minderheiten zu gew\u00e4hrleisten, so dass Chancengleichheit in der Zulassung zur Hochschulbildung, sowie auf dem Arbeitsmarkt besteht. Des Weiteren wurde geraten, die Sprachen der Minderheiten und deren Kultur in die Lehrpl\u00e4ne einzubauen.<\/p>\n<p><strong><em>Roma<\/em><\/strong><\/p>\n<p><img loading=\"lazy\" decoding=\"async\" class=\"alignright size-thumbnail wp-image-7216\" title=\"Roma werden sehr oft diskriminiert in Lettland \u00a9 bartosz hadyniak (gettyimages)\" src=\"https:\/\/www.humanium.org\/en\/wp-content\/uploads\/2012\/05\/minorites-\u00a9-bartosz-hadyniak-gettyimages-150x150.jpg\" alt=\"\" width=\"150\" height=\"150\" \/>Neben der russischsprachigen Bev\u00f6lkerung stellen die Roma eine der Diskriminierung am meisten ausgesetzte Gruppe dar. Bislang wurden keinerlei Versuche unternommen, den Einb\u00fcrgerungsprozess von in Lettland geborenen Kindern aus Familien nicht lettischer Herkunft, die nach 1991 hinzugezogen sind, zu erleichtern.<\/p>\n<p>Stattdessen wurde ein besonderer Unterricht f\u00fcr Roma-Kinder eingef\u00fchrt, was diese Minderheitengruppe weiter stigmatisiert. Die Anti-Rassismus-Kommission des Europarats pl\u00e4diert f\u00fcr die Aufhebung dieses Unterrichts und die Eingliederung der Roma-Kinder in den gew\u00f6hnlichen Unterricht.<\/p>\n<p><strong><a href=\"https:\/\/www.humanium.org\/de\/gewalt\/\">Gewalt<\/a><\/strong><\/p>\n<p><strong><em>Missbrauch<\/em><\/strong><\/p>\n<p>Gesetzlich ist die k\u00f6rperliche Z\u00fcchtigung in Lettland verboten. Dennoch ist Gewalt gegen Kinder im Land weit verbreitet. In Schulen wird die k\u00f6rperliche Z\u00fcchtigung weiterhin angewandt und es wurden bislang keine geeigneten Sanktionen dagegen eingef\u00fchrt. Auch die Auffassung, dass es sich bei Gewalttaten in der Familie um private Angelegenheiten handle, tr\u00e4gt nicht dazu bei, diesen dem\u00fctigenden Handlungen ein Ende zu setzen.<\/p>\n<p><strong><em>Sexuelle Gewalt<\/em><\/strong><\/p>\n<p><img loading=\"lazy\" decoding=\"async\" class=\"alignright size-full wp-image-7217\" title=\"Viele lettische Kinder sind mit sexueller Gewalt konfrontiert, wie zum Beispiel Vergewaltigung und Missbrauch \u00a9 jose luis pelaez (gettyimages)\" src=\"https:\/\/www.humanium.org\/en\/wp-content\/uploads\/2012\/05\/violences-\u00a9-jose-luis-pelaez-gettyimages.jpg\" alt=\"\" width=\"133\" height=\"200\" \/>Viele lettische Kinder erfahren auch sexuelle Gewalt wie etwa Vergewaltigung oder Missbrauch. So sind 10% der Kinder im Alter von 15 Jahren bereits missbraucht worden. Aufgrund von mangelndem Personal in Jugendheimen und Internaten leben Kinder oft isoliert und unbeaufsichtigt in Gefahr, von Gleichaltrigen missbraucht zu werden. So f\u00fcgen junge Opfer von sexuellen Missbrauchs h\u00e4ufig anderen Kindern dasselbe zu, wie auch manche Eltern aus demselben Grund ihre Kinder missbrauchen.<\/p>\n<p>Laut dem Dardedze Center &#8211; einer lettische NGO, die sich gegen die Gewalt gegen Kinder engagiert &#8211; ist die Zahl der angezeigten F\u00e4lle sexuellen Missbrauchs gegen Kinder, sowie sexueller Gewalt in den letzten Jahren gestiegen. Dies k\u00f6nnte auch daran liegen, dass die Bev\u00f6lkerung das Problem erkannt hat und daher immer mehr F\u00e4lle angezeigt werden.<\/p>\n<p><strong><em>Rassistisch motivierte Gewalt<\/em><\/strong><\/p>\n<p>Am meisten fallen Roma, sowie deren Kinder, der rassistisch motivierten Gewalt zu Opfer. Doch oft zeigen Roma solche Angriffe aus Angst vor der Polizei nicht an.<\/p>\n<p>Die Europ\u00e4ische Kommission gegen Rassismus und Intoleranz pl\u00e4diert daf\u00fcr, dass die lettischen Beh\u00f6rden ihre Anstrengungen bzgl. dieses Problems verst\u00e4rken. So haben Skinheads und andere rechtsextremistische Parteien wiederholt rassistisch motivierte Angriffe gegen die Roma ausgef\u00fchrt. Daher empfiehlt die Kommission Lettland die \u00dcberwachung der Aktivit\u00e4ten und die Umsetzung von Bildungsinitiativen f\u00fcr Kinder in Schulen.<\/p>\n<p><strong><a href=\"https:\/\/www.humanium.org\/de\/die-sexuelle-ausbeutung-von-kindern\/\">Sexuelle Ausbeutung<\/a><\/strong><\/p>\n<p><img loading=\"lazy\" decoding=\"async\" class=\"alignright wp-image-7218\" title=\"In Lettland ist sexuelle Ausbeutung von Kinder sehr schwer zu verhindern \u00a9 fausto mirandoli (gettyimages)\" src=\"https:\/\/www.humanium.org\/en\/wp-content\/uploads\/2012\/05\/exploitation-\u00a9-fausto-mirandoli-gettyimages.jpg\" alt=\"\" width=\"191\" height=\"160\" \/>Die sexuelle Ausbeutung von Kindern ist in Lettland ein schwer zu l\u00f6sendes Problem. Oft wird es verleugnet oder verschwiegen und viele weitere Faktoren tragen zum weiteren Bestehen bei.<\/p>\n<p>Viele Stra\u00dfenkinder sind in Prostitution verwickelt. Auch werden Kinder in Waisenheimen h\u00e4ufig skrupellos zum Zweck der sexuellen Ausbeutung verkauft.<\/p>\n<p>So werden auch Kinder aus armen Verh\u00e4ltnissen, deren Familien \u00fcber keine ausreichenden finanziellen Mittel und Zeit, um sich um die Kinder zu k\u00fcmmern, verf\u00fcgen, verkauft. Solche Familien und Kinder geraten oft in die Falle der Menschenh\u00e4ndler, die die Kinder zur sexuellen Ausbeutung zwingen.<\/p>\n<p><strong><a href=\"https:\/\/www.humanium.org\/de\/kinderhandel\/\">Kinderhandel<\/a><\/strong><\/p>\n<p>Offiziell gilt der Kinderhandel im Land als ausgerottet, dennoch geh\u00f6rt Lettland zu den Herkunftsl\u00e4ndern von Kinderhandel. Dabei sind Stra\u00dfenkinder aufgrund ihrer Verletzlichkeit am meisten von dieser Art von Handel betroffen.<\/p>\n<p><img loading=\"lazy\" decoding=\"async\" class=\"alignright wp-image-7219\" title=\"Lettland z\u00e4hlt zu den Herkunftsl\u00e4ndern von Kinderhandel \u00a9 imgorthand (gettyimages)\" src=\"https:\/\/www.humanium.org\/en\/wp-content\/uploads\/2012\/05\/trafic-\u00a9-imgorthand-gettyimages.jpg\" alt=\"\" width=\"192\" height=\"140\" \/>\u00dcber den Kinderhandel gibt es wenige, offizielle oder inoffizielle Informationen oder Statistiken. Laut einer Studie der Agentur der Europ\u00e4ischen Union f\u00fcr Grundrechte aus dem Jahre 2009 lag in den letzten vier Jahren die h\u00f6chste monatliche Zahl von verkauften Kindern bei 100. Dennoch wird nicht gekl\u00e4rt, ob diese Zahl auch die tats\u00e4chliche Situation wiederspiegelt.<\/p>\n<p><strong><a href=\"https:\/\/www.humanium.org\/de\/kinder-im-justizsystem\/\">Inhaftierte Kinder<\/a><\/strong><\/p>\n<p>Gesetzlich k\u00f6nnen Minderj\u00e4hrige Einwanderer unter 14 Jahre, die in Lettland ankommen, nicht inhaftiert werden. Doch ein Bericht der US-amerikanischen Regierung von 2010 prangerte die Bedingungen an, unter denen m\u00e4nnliche Jugendliche inhaftiert werden und brachte ans Licht, wie sie t\u00e4glich neben erwachsenen Gefangenen &#8211; oft auch f\u00fcr lange Zeitr\u00e4ume &#8211; leben m\u00fcssen.<\/p>\n<p><img loading=\"lazy\" decoding=\"async\" class=\"alignright wp-image-7220\" title=\"Die Gefangenennahme von Kindern ist verboten nach dem gesetz, tritt jedoch immer noch auf \u00a9 dblight (gettyimages)\" src=\"https:\/\/www.humanium.org\/en\/wp-content\/uploads\/2012\/05\/detention-\u00a9-dblight-gettyimages.jpg\" alt=\"\" width=\"188\" height=\"140\" \/>Zus\u00e4tzlich sind die Voraussetzungen f\u00fcr die Festnahme unangemessen und entsprechen den festgelegten Kriterien des internationalen Rechts nicht. Die inhaftierten Kinder haben keinen Bezug zur Au\u00dfenwelt und keinen ausreichenden Platz und verf\u00fcgen \u00fcber kein Wasser, keine Heizung und keine entsprechenden sanit\u00e4ren Einrichtungen. Sie werden ohne Zugang zum Gesundheits- und Bildungswesen isoliert und oft auch ohne Zugang zu einer rechtlichen Beratung deportiert. In Haft geborene Kinder erhalten keine Geburtsurkunde und bleiben somit unerkannt.<\/p>\n<p>Letztlich f\u00f6rdert die Gesetzgebung auch die Familienzusammenf\u00fchrung nicht. Dies ist f\u00fcr unbegleitete Kinder und f\u00fcr diejenigen, die von ihren Familien getrennt wurden, \u00e4u\u00dferst bedauernswert, da es ihre Entwicklung hindert und sie dadurch ihr Recht auf Familie nicht wahrnehmen k\u00f6nnen.<\/p>\n","protected":false},"excerpt":{"rendered":"<p>Kinder in Lettland Die Verwirklichung der Kinderrechte in Lettland \u00a0 Trotz einer Bewertung von 8,99\/10 nach dem Index der Realisierung von Kinderrechten ist die Lage der lettischen Kinder nicht unbedingt beneidenswert. Sie sind deutlichen Gefahren ausgesetzt, vor allem was Gewalt, sexuelle Ausbeutung und Diskriminierung der Minderheiten betrifft. Zur erfolgreichen Verbesserung der Kinderrechte, muss Lettland seine [&hellip;]<\/p>\n","protected":false},"author":1,"featured_media":0,"parent":0,"menu_order":0,"comment_status":"closed","ping_status":"closed","template":"","meta":{"footnotes":""},"class_list":["post-7613","page","type-page","status-publish","hentry"],"yoast_head":"<!-- This site is optimized with the Yoast SEO plugin v26.5 - https:\/\/yoast.com\/wordpress\/plugins\/seo\/ -->\n<title>Kinder in Lettland - Humanium<\/title>\n<meta name=\"description\" content=\"Trotz einer Bewertung von 8,99\/10 nach dem Index der Realisierung von Kinderrechten ist die Lage der lettischen Kinder nicht unbedingt beneidenswert.\" \/>\n<meta name=\"robots\" content=\"index, follow, max-snippet:-1, max-image-preview:large, max-video-preview:-1\" \/>\n<link rel=\"canonical\" href=\"https:\/\/www.humanium.org\/de\/lettland\/\" \/>\n<meta property=\"og:locale\" content=\"de_DE\" \/>\n<meta property=\"og:type\" content=\"article\" \/>\n<meta property=\"og:title\" content=\"Kinder in Lettland - Humanium\" \/>\n<meta property=\"og:description\" content=\"Trotz einer Bewertung von 8,99\/10 nach dem Index der Realisierung von Kinderrechten ist die Lage der lettischen Kinder nicht unbedingt beneidenswert.\" \/>\n<meta property=\"og:url\" content=\"https:\/\/www.humanium.org\/de\/lettland\/\" \/>\n<meta property=\"og:site_name\" content=\"Humanium\" \/>\n<meta property=\"article:modified_time\" content=\"2025-12-06T06:19:29+00:00\" \/>\n<meta name=\"twitter:card\" content=\"summary_large_image\" \/>\n<meta name=\"twitter:label1\" content=\"Gesch\u00e4tzte Lesezeit\" \/>\n\t<meta name=\"twitter:data1\" content=\"8\u00a0Minuten\" \/>\n<script type=\"application\/ld+json\" class=\"yoast-schema-graph\">{\"@context\":\"https:\/\/schema.org\",\"@graph\":[{\"@type\":\"WebPage\",\"@id\":\"https:\/\/www.humanium.org\/de\/lettland\/\",\"url\":\"https:\/\/www.humanium.org\/de\/lettland\/\",\"name\":\"Kinder in Lettland - Humanium\",\"isPartOf\":{\"@id\":\"https:\/\/www.humanium.org\/de\/#website\"},\"datePublished\":\"2016-04-18T19:55:09+00:00\",\"dateModified\":\"2025-12-06T06:19:29+00:00\",\"description\":\"Trotz einer Bewertung von 8,99\/10 nach dem Index der Realisierung von Kinderrechten ist die Lage der lettischen Kinder nicht unbedingt beneidenswert.\",\"breadcrumb\":{\"@id\":\"https:\/\/www.humanium.org\/de\/lettland\/#breadcrumb\"},\"inLanguage\":\"de\",\"potentialAction\":[{\"@type\":\"ReadAction\",\"target\":[\"https:\/\/www.humanium.org\/de\/lettland\/\"]}]},{\"@type\":\"BreadcrumbList\",\"@id\":\"https:\/\/www.humanium.org\/de\/lettland\/#breadcrumb\",\"itemListElement\":[{\"@type\":\"ListItem\",\"position\":1,\"name\":\"Home\",\"item\":\"https:\/\/www.humanium.org\/de\/\"},{\"@type\":\"ListItem\",\"position\":2,\"name\":\"Kinder in Lettland\"}]},{\"@type\":\"WebSite\",\"@id\":\"https:\/\/www.humanium.org\/de\/#website\",\"url\":\"https:\/\/www.humanium.org\/de\/\",\"name\":\"Humanium\",\"description\":\"Kinder zuerst!\",\"potentialAction\":[{\"@type\":\"SearchAction\",\"target\":{\"@type\":\"EntryPoint\",\"urlTemplate\":\"https:\/\/www.humanium.org\/de\/?s={search_term_string}\"},\"query-input\":{\"@type\":\"PropertyValueSpecification\",\"valueRequired\":true,\"valueName\":\"search_term_string\"}}],\"inLanguage\":\"de\"}]}<\/script>\n<!-- \/ Yoast SEO plugin. -->","yoast_head_json":{"title":"Kinder in Lettland - Humanium","description":"Trotz einer Bewertung von 8,99\/10 nach dem Index der Realisierung von Kinderrechten ist die Lage der lettischen Kinder nicht unbedingt beneidenswert.","robots":{"index":"index","follow":"follow","max-snippet":"max-snippet:-1","max-image-preview":"max-image-preview:large","max-video-preview":"max-video-preview:-1"},"canonical":"https:\/\/www.humanium.org\/de\/lettland\/","og_locale":"de_DE","og_type":"article","og_title":"Kinder in Lettland - Humanium","og_description":"Trotz einer Bewertung von 8,99\/10 nach dem Index der Realisierung von Kinderrechten ist die Lage der lettischen Kinder nicht unbedingt beneidenswert.","og_url":"https:\/\/www.humanium.org\/de\/lettland\/","og_site_name":"Humanium","article_modified_time":"2025-12-06T06:19:29+00:00","twitter_card":"summary_large_image","twitter_misc":{"Gesch\u00e4tzte Lesezeit":"8\u00a0Minuten"},"schema":{"@context":"https:\/\/schema.org","@graph":[{"@type":"WebPage","@id":"https:\/\/www.humanium.org\/de\/lettland\/","url":"https:\/\/www.humanium.org\/de\/lettland\/","name":"Kinder in Lettland - Humanium","isPartOf":{"@id":"https:\/\/www.humanium.org\/de\/#website"},"datePublished":"2016-04-18T19:55:09+00:00","dateModified":"2025-12-06T06:19:29+00:00","description":"Trotz einer Bewertung von 8,99\/10 nach dem Index der Realisierung von Kinderrechten ist die Lage der lettischen Kinder nicht unbedingt beneidenswert.","breadcrumb":{"@id":"https:\/\/www.humanium.org\/de\/lettland\/#breadcrumb"},"inLanguage":"de","potentialAction":[{"@type":"ReadAction","target":["https:\/\/www.humanium.org\/de\/lettland\/"]}]},{"@type":"BreadcrumbList","@id":"https:\/\/www.humanium.org\/de\/lettland\/#breadcrumb","itemListElement":[{"@type":"ListItem","position":1,"name":"Home","item":"https:\/\/www.humanium.org\/de\/"},{"@type":"ListItem","position":2,"name":"Kinder in Lettland"}]},{"@type":"WebSite","@id":"https:\/\/www.humanium.org\/de\/#website","url":"https:\/\/www.humanium.org\/de\/","name":"Humanium","description":"Kinder zuerst!","potentialAction":[{"@type":"SearchAction","target":{"@type":"EntryPoint","urlTemplate":"https:\/\/www.humanium.org\/de\/?s={search_term_string}"},"query-input":{"@type":"PropertyValueSpecification","valueRequired":true,"valueName":"search_term_string"}}],"inLanguage":"de"}]}},"_links":{"self":[{"href":"https:\/\/www.humanium.org\/de\/wp-json\/wp\/v2\/pages\/7613","targetHints":{"allow":["GET"]}}],"collection":[{"href":"https:\/\/www.humanium.org\/de\/wp-json\/wp\/v2\/pages"}],"about":[{"href":"https:\/\/www.humanium.org\/de\/wp-json\/wp\/v2\/types\/page"}],"author":[{"embeddable":true,"href":"https:\/\/www.humanium.org\/de\/wp-json\/wp\/v2\/users\/1"}],"replies":[{"embeddable":true,"href":"https:\/\/www.humanium.org\/de\/wp-json\/wp\/v2\/comments?post=7613"}],"version-history":[{"count":5,"href":"https:\/\/www.humanium.org\/de\/wp-json\/wp\/v2\/pages\/7613\/revisions"}],"predecessor-version":[{"id":20494,"href":"https:\/\/www.humanium.org\/de\/wp-json\/wp\/v2\/pages\/7613\/revisions\/20494"}],"wp:attachment":[{"href":"https:\/\/www.humanium.org\/de\/wp-json\/wp\/v2\/media?parent=7613"}],"curies":[{"name":"wp","href":"https:\/\/api.w.org\/{rel}","templated":true}]}}