{"id":7619,"date":"2016-04-26T15:18:48","date_gmt":"2016-04-26T15:18:48","guid":{"rendered":"http:\/\/www.humanium.org\/de\/?page_id=6453"},"modified":"2025-12-05T16:58:46","modified_gmt":"2025-12-05T16:58:46","slug":"russland","status":"publish","type":"page","link":"https:\/\/www.humanium.org\/de\/russland\/","title":{"rendered":"Kinder in Russland"},"content":{"rendered":"<h1>Kinder in Russland<\/h1>\n<h2>Die Verwirklichung der Kinderrechte in Russland<\/h2>\n<p style=\"text-align: center;\">\u00a0\u00a0<span class=\"Apple-style-span\" style=\"color: #000000; font-family: Georgia, 'Times New Roman', 'Bitstream Charter', Times, serif; font-size: 12px; line-height: 18px;\"><img loading=\"lazy\" decoding=\"async\" class=\"alignnone size-full wp-image-3096\" title=\"Girl of Russia \u00a9 Martin Talbot (flickr)\" src=\"https:\/\/www.humanium.org\/en\/wp-content\/uploads\/2011\/09\/fillette-russe-martin-talbot-flickr.jpg\" alt=\"\" width=\"210\" height=\"200\" \/>\u00a0\u00a0<span class=\"Apple-style-span\" style=\"color: #444444; font-family: Georgia, 'Bitstream Charter', serif; font-size: 16px; line-height: 24px;\"><img loading=\"lazy\" decoding=\"async\" class=\"alignnone size-full wp-image-3020\" title=\"Boy of Russia (flickr)\" src=\"https:\/\/www.humanium.org\/en\/wp-content\/uploads\/2011\/09\/flickr-garcon-russie.jpg\" alt=\"\" width=\"171\" height=\"200\" \/>\u00a0\u00a0<\/span><\/span><\/p>\n<p>Eine Beurteilung der Lage der Kinder in Russland f\u00fchrt zu gemischten Ergebnissen. Einige der Rechte der Kinder sind klar etabliert, f\u00fcr andere m\u00fcssen noch viele Anstrengungen unternommen werden: die freie Meinungs\u00e4u\u00dferung, das Recht auf Schutz, das Recht auf Nichtdiskriminierung&#8230;<\/p>\n<h3>Hauptprobleme, mit denen die Kinder in Russland konfrontiert sind:<\/h3>\n<p><strong><a href=\"https:\/\/www.humanium.org\/de\/kinder-und-aids\/\">AIDS<\/a><\/strong><\/p>\n<p><a href=\"https:\/\/www.humanium.org\/de\/kinder-und-aids\/\">HIV\/AIDS<\/a> ist in Russland besonders weit verbreitet. Es wird manchmal sehr sp\u00e4t erkannt, da es f\u00fcr <a href=\"https:\/\/www.humanium.org\/de\/strasenkinder\/\">Stra\u00dfenkinder <\/a>und <a href=\"https:\/\/www.humanium.org\/de\/vertriebene-kinder\/\">vertriebene Kinder<\/a> sehr schwer sein kann, medizinische Hilfe zu erhalten. Sie sind jedoch am anf\u00e4lligsten f\u00fcr Infektionen. Zus\u00e4tzlich fehlen HIV-positiven Frauen zur Pr\u00e4vention der \u00dcbertragung des Virus die Informationen \u00fcber Risiken und vor allem \u00fcber Hilfen und Dienstleistungen zum Wohlergehen ihrer Kinder.<\/p>\n<p><strong><a href=\"https:\/\/www.humanium.org\/de\/kinder-mit-behinderung\/\">Behinderte Kinder<\/a><\/strong><\/p>\n<p>Behinderte Kinder erfahren keine Gleichberechtigung. Russland muss in diesem Bereich noch einige Fortschritte machen und mehr Unterbringungsm\u00f6glichkeiten sowie Infrastruktur und Personal f\u00fcr<a href=\"https:\/\/www.humanium.org\/de\/kinder-mit-behinderung\/\"> behinderte Kinder<\/a>\u00a0anbieten. Die wahrgenommene allgemeine Mentalit\u00e4t gegen\u00fcber Behinderten muss sich ebenfalls \u00e4ndern und zu der Auffassung gelangen, dass diese Kinder ein integraler Bestandteil der Gesellschaft sind und nicht ausgeschlossen werden d\u00fcrfen.<\/p>\n<p>Beispielsweise besitzen sie keinen einfachen Zugang zu Bildung. Die Bildung, die ihnen zur Verf\u00fcgung steht, ist &#8211; im Vergleich zu dem Angebot, das der Mehrheit der russischen Kinder zur Verf\u00fcgung steht &#8211; von schlechter Qualit\u00e4t. Dennoch wurden j\u00fcngst Anstrengungen von Russland unternommen, um Kinder mit Schwierigkeiten in der Schule besser zu integrieren und bestimmte spezialisierte Strukturen wurden geschaffen. Trotzdem m\u00fcssen die Fortschritte in diesem Bereich stetig weitergehen, sodass die Situation dieser Kinder mit den M\u00f6glichkeiten vergleichbar wird, die Kindern in den meisten anderen europ\u00e4ischen L\u00e4ndern zur Verf\u00fcgung stehen.<\/p>\n<p><strong><a href=\"https:\/\/www.humanium.org\/de\/gewalt\/\">Misshandelte Kinder<\/a><\/strong><\/p>\n<p>Laut j\u00fcngsten Umfragen ist Gewalt in der Familie ziemlich normal. Frauen und Kinder sind die ersten Opfer dieser Art von <a href=\"https:\/\/www.humanium.org\/de\/gewalt\/\">Gewalt.<\/a>Russland muss Bem\u00fchungen unternehmen, diesen Opfern zu helfen. F\u00fcr misshandelte Frauen und Kinder existieren nur wenige Hilfseinrichtungen.<\/p>\n<p><strong><a href=\"https:\/\/www.humanium.org\/de\/das-recht-auf-schutz\/\">Das Recht auf Schutz<\/a><\/strong><\/p>\n<p><img loading=\"lazy\" decoding=\"async\" class=\"size-medium wp-image-3023 alignright\" title=\"There are not enough resources in place in Russia to aid children who need to be protected \u00a9 flickr\" src=\"https:\/\/www.humanium.org\/en\/wp-content\/uploads\/2011\/09\/russie-protection-flickr1-300x180.jpg\" alt=\"\" width=\"207\" height=\"124\" \/>Jedes Kind sollte gesch\u00fctzt werden, innerhalb der Familie als auch innerhalb des Staates. In Russland gibt es noch immer viele Kinder ohne <a href=\"https:\/\/www.humanium.org\/de\/das-recht-auf-schutz\/\">Schutz.<\/a> Deshalb sind Waisenheime und Internate stark ausgelastet (mehr als 150.000 Kinder wurden im Jahr 2009 gez\u00e4hlt). Es gibt generell nur sehr wenige Einrichtungen, die diese Kinder betreuen oder an ihrer Adoption arbeiten. Zudem gibt es nur wenige<\/p>\n<p>Alternativen f\u00fcr Kinder, die von ihren Familien verlassen wurden. Sie werden h\u00e4ufig zu<a href=\"https:\/\/www.humanium.org\/de\/strasenkinder\/\"> Stra\u00dfenkindern<\/a> und sind mit Armut, Krankheit und Gewalt konfrontiert. Deshalb k\u00f6nnen einige Kinder nicht in einer stabilen, eingespielten Familie &#8211; den Grunds\u00e4tzen aus der <a href=\"https:\/\/www.humanium.org\/de\/konvention\/\">Kinderrechtskonvention entsprechend<\/a> &#8211; aufwachsen.<\/p>\n<p><strong><a href=\"https:\/\/www.humanium.org\/de\/diskriminierung\/\">Das Recht auf Nichtdiskriminierung<\/a><\/strong><\/p>\n<p>Homosexualit\u00e4t ist noch weit davon entfernt, in Russland ein Bestandteil des t\u00e4glichen Lebens zu sein. Homosexuelle, darunter Jugendliche, werden st\u00e4ndig Opfer von Homophobie. Sie werden von normalen B\u00fcrgern als auch von \u00f6ffentlichen Beh\u00f6rden \u00fcberfallen, vergewaltigt und bel\u00e4stigt. Tats\u00e4chlich verbietet die russische Polizei zeitweise mit Gewalt die Demonstrationen von Menschen, die ihr Recht auf Homosexualit\u00e4t einfordern. Homosexuelle Jugendliche haben kein Recht, ihre sexuelle Orientierung frei zu leben, und der Hass, den der Rest der Bev\u00f6lkerung ihnen gegen\u00fcber zeigt, ist sehr beunruhigend.<\/p>\n<p><strong><a href=\"https:\/\/www.humanium.org\/de\/vertriebene-kinder\/\">Fl\u00fcchtlingskinder<\/a><\/strong><\/p>\n<p><img loading=\"lazy\" decoding=\"async\" class=\"size-medium wp-image-3024 alignright\" title=\"Three young pretty Russian girls \u00a9 Adam Jones\" src=\"https:\/\/www.humanium.org\/en\/wp-content\/uploads\/2011\/09\/russie-3-filles-flickr-adam-jones-191x300.jpg\" alt=\"\" width=\"127\" height=\"202\" \/>Nach einem gewaltsamen Konflikt, der 1992 in Tschetschenien ausbrach, wurden Familien<br \/>\ngezwungen, ihre H\u00e4user zu verlassen und <a href=\"https:\/\/www.humanium.org\/de\/vertriebene-kinder\/\">Zuflucht<\/a> in anderen Teilen Russlands zu suchen, insbesondere in Inguschetien. Die Zahl der Fl\u00fcchtlinge im Land stieg auf mehr als 60.000 an. Heute finden sich diese aus ihren H\u00e4usern vertriebenen Familien auf der Stra\u00dfe wieder. Kinder werden nicht verschont und ihre Rechte werden komplett ignoriert. Sie finden sich in bedauernswerten Lebensbedingungen, f\u00fcr die die Regierung keine L\u00f6sung hat. Ohne Unterkunft, Zugang zu medizinischen Behandlungen oder Bildung werden diese Kinder teilweise von Russland ignoriert.<\/p>\n<p>Familien, die nicht vertrieben wurden, haben jedoch ebenfalls keine angenehmen Lebensbedingungen. Manche leben in vorl\u00e4ufigen Unterk\u00fcnften, die f\u00fcr Kinder eindeutig nicht geeignet sind und stark von den Bedingungen abweichen, die in der <a href=\"https:\/\/www.humanium.org\/de\/konvention\/\">UN-Kinderrechtskonvention<\/a> beschrieben sind.<\/p>\n<p><strong><a href=\"https:\/\/www.humanium.org\/de\/recht-freiheit\/\">Freie Meinungs\u00e4u\u00dferung\/a&gt;<\/a><\/strong><\/p>\n<p><img loading=\"lazy\" decoding=\"async\" class=\"alignright size-full wp-image-3025\" title=\"Children\u2019s freedom of expression is one of the principles guaranteed by the Convention on the Rights of the Child \u00a9 flickr\" src=\"https:\/\/www.humanium.org\/en\/wp-content\/uploads\/2011\/09\/expression-russie-flickr.jpg\" alt=\"\" width=\"168\" height=\"202\" \/>Korruption ist in Russland Realit\u00e4t. Nichtregierungsorganisationen (NGOs) unterliegen beispielsweise sehr schwerf\u00e4lligen Gesetzgebungsverfahren hinsichtlich ihrer Organisation und der Zusicherungen, die sie der Regierung bieten m\u00fcssen. Deshalb sind sie nicht v\u00f6llig frei und m\u00fcssen eine gewisse \u201epolitische Korrektheit\u201c respektieren, damit sie nicht zum Ziel von Beh\u00f6rden werden. Die derzeitige Situation der Kinder kann deshalb nicht immer so beschrieben werden, wie sie ist, und angesichts der Tatsache, dass die Situation teilweise vertuscht wird, ist die Verbesserung der Lebensbedingungen f\u00fcr diese Kinder noch schwieriger.<\/p>\n<p>Obwohl die russische Gesetzgebung die<a href=\"https:\/\/www.humanium.org\/de\/recht-freiheit\/\">freie Meinungs\u00e4u\u00dferung<\/a>,garantiert, bleibt diese Freiheit eingeschr\u00e4nkt: Die Medien werden stark kontrolliert, Gegner oder Bef\u00fcrworter von Menschenrechten werden in bestimmten Regionen oft bedroht. Die Regierung ist f\u00fcr ihre relativ strikte Zensurpolitik bekannt. Diese Einschr\u00e4nkungen hindern russische Kinder an der Aus\u00fcbung ihres Rechts auf Information und der freien Meinungs\u00e4u\u00dferung. Dies verletzt Artikel 13 der <a href=\"https:\/\/www.humanium.org\/de\/konvention\/\">UN-Kinderrechtskonvention.<\/a><\/p>\n<p><strong>Umwelt<\/strong><\/p>\n<p>Mit einer hohen Rate von 10,9 Tonnen CO 2 -Emissionen pro Einwohner pro Jahr hat der negative \u00f6kologische Fu\u00dfabdruck in Russland ebenfalls sch\u00e4dliche Auswirkungen auf das Leben der russischen Kinder und auf ihre Zukunftsaussichten. Er verletzt damit ihr Recht auf ein Leben und Aufwachsen in einer gesunden Umwelt.<\/p>\n","protected":false},"excerpt":{"rendered":"<p>Kinder in Russland Die Verwirklichung der Kinderrechte in Russland \u00a0\u00a0\u00a0\u00a0\u00a0\u00a0 Eine Beurteilung der Lage der Kinder in Russland f\u00fchrt zu gemischten Ergebnissen. Einige der Rechte der Kinder sind klar etabliert, f\u00fcr andere m\u00fcssen noch viele Anstrengungen unternommen werden: die freie Meinungs\u00e4u\u00dferung, das Recht auf Schutz, das Recht auf Nichtdiskriminierung&#8230; Hauptprobleme, mit denen die Kinder in [&hellip;]<\/p>\n","protected":false},"author":1,"featured_media":0,"parent":0,"menu_order":0,"comment_status":"closed","ping_status":"closed","template":"","meta":{"footnotes":""},"class_list":["post-7619","page","type-page","status-publish","hentry"],"yoast_head":"<!-- This site is optimized with the Yoast SEO plugin v26.5 - https:\/\/yoast.com\/wordpress\/plugins\/seo\/ -->\n<title>Kinder in Russland - Humanium<\/title>\n<meta name=\"description\" content=\"Einige der Rechte der Kinder in Russland sind klar etabliert, f\u00fcr andere m\u00fcssen noch viele Anstrengungen unternommen werden.\" \/>\n<meta name=\"robots\" content=\"index, follow, max-snippet:-1, max-image-preview:large, max-video-preview:-1\" \/>\n<link rel=\"canonical\" href=\"https:\/\/www.humanium.org\/de\/russland\/\" \/>\n<meta property=\"og:locale\" content=\"de_DE\" \/>\n<meta property=\"og:type\" content=\"article\" \/>\n<meta property=\"og:title\" content=\"Kinder in Russland - Humanium\" \/>\n<meta property=\"og:description\" content=\"Einige der Rechte der Kinder in Russland sind klar etabliert, f\u00fcr andere m\u00fcssen noch viele Anstrengungen unternommen werden.\" \/>\n<meta property=\"og:url\" content=\"https:\/\/www.humanium.org\/de\/russland\/\" \/>\n<meta property=\"og:site_name\" content=\"Humanium\" \/>\n<meta property=\"article:modified_time\" content=\"2025-12-05T16:58:46+00:00\" \/>\n<meta name=\"twitter:card\" content=\"summary_large_image\" \/>\n<meta name=\"twitter:label1\" content=\"Gesch\u00e4tzte Lesezeit\" \/>\n\t<meta name=\"twitter:data1\" content=\"7\u00a0Minuten\" \/>\n<script type=\"application\/ld+json\" class=\"yoast-schema-graph\">{\"@context\":\"https:\/\/schema.org\",\"@graph\":[{\"@type\":\"WebPage\",\"@id\":\"https:\/\/www.humanium.org\/de\/russland\/\",\"url\":\"https:\/\/www.humanium.org\/de\/russland\/\",\"name\":\"Kinder in Russland - Humanium\",\"isPartOf\":{\"@id\":\"https:\/\/www.humanium.org\/de\/#website\"},\"primaryImageOfPage\":{\"@id\":\"https:\/\/www.humanium.org\/de\/russland\/#primaryimage\"},\"image\":{\"@id\":\"https:\/\/www.humanium.org\/de\/russland\/#primaryimage\"},\"thumbnailUrl\":\"https:\/\/www.humanium.org\/en\/wp-content\/uploads\/2011\/09\/fillette-russe-martin-talbot-flickr.jpg\",\"datePublished\":\"2016-04-26T15:18:48+00:00\",\"dateModified\":\"2025-12-05T16:58:46+00:00\",\"description\":\"Einige der Rechte der Kinder in Russland sind klar etabliert, f\u00fcr andere m\u00fcssen noch viele Anstrengungen unternommen werden.\",\"breadcrumb\":{\"@id\":\"https:\/\/www.humanium.org\/de\/russland\/#breadcrumb\"},\"inLanguage\":\"de\",\"potentialAction\":[{\"@type\":\"ReadAction\",\"target\":[\"https:\/\/www.humanium.org\/de\/russland\/\"]}]},{\"@type\":\"ImageObject\",\"inLanguage\":\"de\",\"@id\":\"https:\/\/www.humanium.org\/de\/russland\/#primaryimage\",\"url\":\"https:\/\/www.humanium.org\/en\/wp-content\/uploads\/2011\/09\/fillette-russe-martin-talbot-flickr.jpg\",\"contentUrl\":\"https:\/\/www.humanium.org\/en\/wp-content\/uploads\/2011\/09\/fillette-russe-martin-talbot-flickr.jpg\"},{\"@type\":\"BreadcrumbList\",\"@id\":\"https:\/\/www.humanium.org\/de\/russland\/#breadcrumb\",\"itemListElement\":[{\"@type\":\"ListItem\",\"position\":1,\"name\":\"Home\",\"item\":\"https:\/\/www.humanium.org\/de\/\"},{\"@type\":\"ListItem\",\"position\":2,\"name\":\"Kinder in Russland\"}]},{\"@type\":\"WebSite\",\"@id\":\"https:\/\/www.humanium.org\/de\/#website\",\"url\":\"https:\/\/www.humanium.org\/de\/\",\"name\":\"Humanium\",\"description\":\"Kinder zuerst!\",\"potentialAction\":[{\"@type\":\"SearchAction\",\"target\":{\"@type\":\"EntryPoint\",\"urlTemplate\":\"https:\/\/www.humanium.org\/de\/?s={search_term_string}\"},\"query-input\":{\"@type\":\"PropertyValueSpecification\",\"valueRequired\":true,\"valueName\":\"search_term_string\"}}],\"inLanguage\":\"de\"}]}<\/script>\n<!-- \/ Yoast SEO plugin. -->","yoast_head_json":{"title":"Kinder in Russland - Humanium","description":"Einige der Rechte der Kinder in Russland sind klar etabliert, f\u00fcr andere m\u00fcssen noch viele Anstrengungen unternommen werden.","robots":{"index":"index","follow":"follow","max-snippet":"max-snippet:-1","max-image-preview":"max-image-preview:large","max-video-preview":"max-video-preview:-1"},"canonical":"https:\/\/www.humanium.org\/de\/russland\/","og_locale":"de_DE","og_type":"article","og_title":"Kinder in Russland - Humanium","og_description":"Einige der Rechte der Kinder in Russland sind klar etabliert, f\u00fcr andere m\u00fcssen noch viele Anstrengungen unternommen werden.","og_url":"https:\/\/www.humanium.org\/de\/russland\/","og_site_name":"Humanium","article_modified_time":"2025-12-05T16:58:46+00:00","twitter_card":"summary_large_image","twitter_misc":{"Gesch\u00e4tzte Lesezeit":"7\u00a0Minuten"},"schema":{"@context":"https:\/\/schema.org","@graph":[{"@type":"WebPage","@id":"https:\/\/www.humanium.org\/de\/russland\/","url":"https:\/\/www.humanium.org\/de\/russland\/","name":"Kinder in Russland - Humanium","isPartOf":{"@id":"https:\/\/www.humanium.org\/de\/#website"},"primaryImageOfPage":{"@id":"https:\/\/www.humanium.org\/de\/russland\/#primaryimage"},"image":{"@id":"https:\/\/www.humanium.org\/de\/russland\/#primaryimage"},"thumbnailUrl":"https:\/\/www.humanium.org\/en\/wp-content\/uploads\/2011\/09\/fillette-russe-martin-talbot-flickr.jpg","datePublished":"2016-04-26T15:18:48+00:00","dateModified":"2025-12-05T16:58:46+00:00","description":"Einige der Rechte der Kinder in Russland sind klar etabliert, f\u00fcr andere m\u00fcssen noch viele Anstrengungen unternommen werden.","breadcrumb":{"@id":"https:\/\/www.humanium.org\/de\/russland\/#breadcrumb"},"inLanguage":"de","potentialAction":[{"@type":"ReadAction","target":["https:\/\/www.humanium.org\/de\/russland\/"]}]},{"@type":"ImageObject","inLanguage":"de","@id":"https:\/\/www.humanium.org\/de\/russland\/#primaryimage","url":"https:\/\/www.humanium.org\/en\/wp-content\/uploads\/2011\/09\/fillette-russe-martin-talbot-flickr.jpg","contentUrl":"https:\/\/www.humanium.org\/en\/wp-content\/uploads\/2011\/09\/fillette-russe-martin-talbot-flickr.jpg"},{"@type":"BreadcrumbList","@id":"https:\/\/www.humanium.org\/de\/russland\/#breadcrumb","itemListElement":[{"@type":"ListItem","position":1,"name":"Home","item":"https:\/\/www.humanium.org\/de\/"},{"@type":"ListItem","position":2,"name":"Kinder in Russland"}]},{"@type":"WebSite","@id":"https:\/\/www.humanium.org\/de\/#website","url":"https:\/\/www.humanium.org\/de\/","name":"Humanium","description":"Kinder zuerst!","potentialAction":[{"@type":"SearchAction","target":{"@type":"EntryPoint","urlTemplate":"https:\/\/www.humanium.org\/de\/?s={search_term_string}"},"query-input":{"@type":"PropertyValueSpecification","valueRequired":true,"valueName":"search_term_string"}}],"inLanguage":"de"}]}},"_links":{"self":[{"href":"https:\/\/www.humanium.org\/de\/wp-json\/wp\/v2\/pages\/7619","targetHints":{"allow":["GET"]}}],"collection":[{"href":"https:\/\/www.humanium.org\/de\/wp-json\/wp\/v2\/pages"}],"about":[{"href":"https:\/\/www.humanium.org\/de\/wp-json\/wp\/v2\/types\/page"}],"author":[{"embeddable":true,"href":"https:\/\/www.humanium.org\/de\/wp-json\/wp\/v2\/users\/1"}],"replies":[{"embeddable":true,"href":"https:\/\/www.humanium.org\/de\/wp-json\/wp\/v2\/comments?post=7619"}],"version-history":[{"count":4,"href":"https:\/\/www.humanium.org\/de\/wp-json\/wp\/v2\/pages\/7619\/revisions"}],"predecessor-version":[{"id":20129,"href":"https:\/\/www.humanium.org\/de\/wp-json\/wp\/v2\/pages\/7619\/revisions\/20129"}],"wp:attachment":[{"href":"https:\/\/www.humanium.org\/de\/wp-json\/wp\/v2\/media?parent=7619"}],"curies":[{"name":"wp","href":"https:\/\/api.w.org\/{rel}","templated":true}]}}