{"id":7620,"date":"2016-04-26T16:38:41","date_gmt":"2016-04-26T16:38:41","guid":{"rendered":"http:\/\/www.humanium.org\/de\/?page_id=6470"},"modified":"2025-12-05T16:58:39","modified_gmt":"2025-12-05T16:58:39","slug":"samoa","status":"publish","type":"page","link":"https:\/\/www.humanium.org\/de\/samoa\/","title":{"rendered":"Kinder in Samoa"},"content":{"rendered":"<h1>Kinder in Samoa<\/h1>\n<h2>Die Verwirklichung der Kinderrechte in Samoa<\/h2>\n<p style=\"text-align: center;\"><img loading=\"lazy\" decoding=\"async\" class=\"alignnone wp-image-12713\" title=\"girl of Samoa \u00a9 John-Harrold\" src=\"https:\/\/www.humanium.org\/en\/wp-content\/uploads\/2013\/02\/girl-John-Harrold.jpg\" alt=\"\" width=\"240\" height=\"200\" \/>\u00a0 <img loading=\"lazy\" decoding=\"async\" class=\"alignnone wp-image-12714\" title=\"Boy of Samoa \u00a9 John-Harrold2-flickr\" src=\"https:\/\/www.humanium.org\/en\/wp-content\/uploads\/2013\/02\/John-Harrold2-flickr.jpg\" alt=\"\" width=\"240\" height=\"200\" \/><\/p>\n<p>Samoa ist ein unabh\u00e4ngiger Staat in Polynesien, im S\u00fcden des Pazifischen Ozeans. Er besteht aus vier bewohnten und sechs unbewohnten Inseln. Das Land ist vor allem von l\u00e4ndlichen Gebieten gepr\u00e4gt. Traditionelle kulturelle und religi\u00f6se Br\u00e4uche bestimmen noch heute die Gesellschaft, in welcher die Kinder in Samoa aufwachsen.<\/p>\n<h3>Hauptprobleme, mit denen die Kinder in Samoa konfrontiert sind:<\/h3>\n<p><strong><a href=\"https:\/\/www.humanium.org\/de\/armut\/\">Armut<\/a><\/strong><\/p>\n<p>Die Wirtschaft von Samoa basierte schon immer stark auf der Landwirtschaft. Die Mehrheit der Bev\u00f6lkerung ist vom Land und Meer f\u00fcr Nahrung und Einkommen abh\u00e4ngig.<\/p>\n<p>Dank einer guten wirtschaftlichen Leistung in den letzten Jahren hat das j\u00e4hrliche Pro-Kopf-Einkommen im Jahr 2003 5034 Tala erreicht. Damit geh\u00f6rt Samoa nicht mehr zur Kategorie der \u201eam wenigsten entwickelten\u201c L\u00e4nder nach der Skala der Vereinten Nationen.<\/p>\n<p>Die Wirtschaft von Samoa ist jedoch nach wie vor sehr anf\u00e4llig, da sie sowohl Naturkatastrophen ausgeliefert ist (vor allem Zyklonen), wie auch von der Konjunktur von Neuseeland und Australien abh\u00e4ngig ist, woher gro\u00dfe Anteile des Kapitals stammen.<\/p>\n<p><strong><a href=\"https:\/\/www.humanium.org\/de\/recht-bildung\/\">Bildung<\/a><\/strong><\/p>\n<p><img loading=\"lazy\" decoding=\"async\" class=\"alignright wp-image-12716\" title=\"Children of Samoa \u00a9 JSA_NZ-flickr\" src=\"https:\/\/www.humanium.org\/en\/wp-content\/uploads\/2013\/02\/JSA_NZ-flickr-300x237.jpg\" alt=\"\" width=\"220\" height=\"170\" \/>F\u00fcr die Samoaner ist die Bildung ihrer Kinder sehr wichtig, wie das Niveau von Primar- und Sekundarschule so wie eine Alphabetisierungsrate von 98% zeigen.<\/p>\n<p>Kinder bis zum Alter von zw\u00f6lf Jahren haben im ganzen Land Zugang zu Bildung durch die Primarschulen in jedem Dorf.<\/p>\n<p>In Samoa verf\u00fcgt das Gesetz, dass nur der Besuch der Primarschule obligatorisch ist. Momentan wird die Einhaltung dieses Gesetzes jedoch nur selten kontrolliert.<\/p>\n<p>In der Primarschule wird vom ersten bis zum dritten Schuljahr in Samoanisch unterrichtet, vom vierten bis zum sechsten Schuljahr ist der Unterricht zweisprachig (Samoanisch und Englisch). Im siebten und achten Schuljahr liegt der Schwerpunkt vermehrt auf der englischen Sprache.<\/p>\n<p>Am 29. September 2009 verursachte ein starkes Erdbeben unter Wasser einen Tsunami, welcher auf den S\u00fcden Samoas traf und dort Primar- und Sekundarschulen zerst\u00f6rte.<\/p>\n<p><a title=\"Gewalt\" href=\"https:\/\/www.humanium.org\/de\/gewalt\/\"><strong>Gewalt<\/strong><\/a><\/p>\n<p>Kinder werden in Samoa nicht gen\u00fcgend vor Gewalt gesch\u00fctzt. Sie k\u00f6nnen den verschiedensten Arten ausgesetzt sein, wie beispielsweise Missbrauch und sexuelle Ausbeutung, Arbeit auf der Stra\u00dfe und k\u00f6rperliche Z\u00fcchtigung.<\/p>\n<p>Im Kampf gegen solche Strafen wurden soziale Programme gestartet, welche auf alle Personen abzielen, die sich um Kinder k\u00fcmmern (enge Familienmitglieder und weitere Familienmitglieder sowie deren Umgebung, die eine Rolle f\u00fcr die Kinderbetreuung spielen).<\/p>\n<p>K\u00f6rperliche Z\u00fcchtigung an Schulen ist verboten, jeder Lehrer, der gegen diese Regelung verst\u00f6\u00dft, riskiert es, seinen Job zu verlieren.<\/p>\n<p>Samoa durchl\u00e4uft eine Phase des Wandels: Tief verankerte Vorstellungen bez\u00fcglich der Methoden, wie Kinder bestraft werden, ver\u00e4ndern sich zunehmend und k\u00f6rperliche Strafen werden zugunsten von anderen disziplinarischen Ma\u00dfnahmen aufgegeben.<\/p>\n<p>Trotzdem verwenden Lehrer weiterhin oft k\u00f6rperliche Strafen. Die Medien berichten regelm\u00e4\u00dfig \u00fcber Vorf\u00e4lle, bei denen Kinder so brutal geschlagen wurden, dass sie medizinische Hilfe ben\u00f6tigten.<\/p>\n<p>Au\u00dferdem hat die Gesetzgebung zu Kinderschutz sowie zivilen Rechten und Freiheiten oft noch L\u00fccken betreffend dem Schutz der Kinder, welche Opfer von Misshandlung wurden, besonders in F\u00e4llen von Misshandlung durch die eigene Familie.<\/p>\n<p><a href=\"https:\/\/www.humanium.org\/de\/focusdiskriminierung\/\"><strong>Diskriminierung<\/strong><\/a><\/p>\n<p><img loading=\"lazy\" decoding=\"async\" class=\"alignright wp-image-12712\" title=\"Little girl of Samoa \u00a9 gefafwisp-flickr\" src=\"https:\/\/www.humanium.org\/en\/wp-content\/uploads\/2013\/02\/gefafwisp-flickr-225x300.jpg\" alt=\"\" width=\"190\" height=\"250\" \/>M\u00e4dchen werden nicht gleich behandelt wie Jungen.<\/p>\n<p>Beispielsweise ist das gesetzliche Mindestalter f\u00fcr die Heirat f\u00fcr M\u00e4nner 18 Jahre, aber 16 Jahre f\u00fcr M\u00e4dchen. Es w\u00e4re besser, wenn es f\u00fcr beide Geschlechter auf 18 Jahre festgelegt w\u00fcrde.<\/p>\n<p>Es wurde verlangt, dass f\u00fcr zuk\u00fcnftige Revisionen der Gesetzgebung geschlechterneutrale Begriffe verwendet werden sollen. Momentan herrscht im Gro\u00dfteil der Gesetzestexte die m\u00e4nnliche Form vor.<\/p>\n<p><a href=\"https:\/\/www.humanium.org\/de\/das-recht-auf-gesundheit\/\"><strong>Gesundheit<\/strong><\/a><\/p>\n<p>Notfallsituationen wie der Tsunami, der Samoa am 29. September 2009 traf, gef\u00e4hrden die Gesundheit der Kinder in Samoa und machen sie anf\u00e4llig f\u00fcr Krankheiten, wobei Massenimpfungskampagnen urspr\u00fcnglich vorgesehen waren und doch nicht umgesetzt wurden.<\/p>\n<p>Weitere Fortschritte sind beispielsweise bez\u00fcglich Blutarmut bei Kindern n\u00f6tig. In Samoa sind 61% der Kinder im Alter von 6 bis 23 Monaten, 23,2% der Kinder im Alter von 2 bis 4 Jahren, 10% der Kinder im Alter von 5 bis 12 Jahren und 20,7% der Jugendlichen im Alter von 13 bis 19 Jahren an\u00e4misch.<\/p>\n<p><img loading=\"lazy\" decoding=\"async\" class=\"alignright wp-image-12717\" title=\"Smiling children of Samoa \u00a9 taupou2-flickr\" src=\"https:\/\/www.humanium.org\/en\/wp-content\/uploads\/2013\/02\/taupou2-flickr-300x225.jpg\" alt=\"\" width=\"240\" height=\"190\" \/>In den letzten Jahren hat sich das samoanische Gesundheitssystem entwickelt: Es gibt universellen Zugang zu medizinischer Grundversorgung, die Qualit\u00e4t der Wohnungen, des Wassers und der Sanit\u00e4rinstallationen ist befriedigend, genauso wie Impfungen und die Gesundheitsversorgung f\u00fcr Schwangere und Neugeborene.<\/p>\n<p>Alle Kinder unter sechs Jahren haben kostenfreien Zugang zu medizinischer Grundversorgung.<\/p>\n<p>Das Hauptziel des Gesundheitssektors ist es, einen fairen Zugang zu einem qualitativ hochwertigen Gesundheitssystem zu erm\u00f6glichen. Dabei liegt der Schwerpunkt auf medizinischer Grundversorgung f\u00fcr alle Einwohner Samoas.<\/p>\n<p>Neben der modernen Medizin wird auf Samoa h\u00e4ufig auf traditionelle medizinische Praktiken zur\u00fcckgegriffen. Die traditionelle Medizin wird von taulaseas (Apothekern) und Fofos (Masseusen) angewendet.<\/p>\n<p>Besonders in den D\u00f6rfern haben traditionelle Heilmethoden einen gro\u00dfen Stellenwert in der Gesundheitsversorgung von Kindern. Dies gilt besonders f\u00fcr Neugeborene, welche in den Genuss von behutsamen Massagen oder pflanzenbasierten B\u00e4dern kommen.<\/p>\n<p><a href=\"https:\/\/www.humanium.org\/de\/kinderarbeit-2\/\"><strong>Kinderarbeit<\/strong><\/a><\/p>\n<p>Kinderarbeit wird in Samoa in drei Kategorien aufgeteilt: Arbeit in strukturierten Sektoren der \u00d6konomie, Arbeit in halbstrukturierten Sektoren und informelle Arbeit.<\/p>\n<p>Das Verbot von Kinderarbeit (Kinder unter 15 Jahren) muss erweitert werden, um auch Kinder in informellen Arbeitsverh\u00e4ltnissen zu erfassen, welche von der aktuellen Gesetzgebung nicht abgedeckt werden.<\/p>\n<p>Etwa 4000 Jugendliche brechen die Schule jedes Jahr ab und m\u00fcssen ins Arbeitsleben integriert werden. W\u00e4hrend aktuelle Angaben zur Arbeitslosigkeit nicht verf\u00fcgbar sind, ist es naheliegend, dass ein Teil dieser Schulabg\u00e4nger keine Anstellung in den strukturierten Sektoren der Wirtschaft findet und gezwungen ist, auszuwandern oder im informellen Sektor der landwirtschaftlich gepr\u00e4gten D\u00f6rfer zu arbeiten.<\/p>\n<p><strong><a href=\"https:\/\/www.humanium.org\/de\/minderjahrigenrecht\/\">Justiz f\u00fcr Minderj\u00e4hrige<\/a><\/strong><\/p>\n<p><img loading=\"lazy\" decoding=\"async\" class=\"alignright wp-image-12715\" title=\"Two boys of Samoa \u00a9 John-Harrold-flickr\" src=\"https:\/\/www.humanium.org\/en\/wp-content\/uploads\/2013\/02\/John-Harrold-flickr-300x199.jpg\" alt=\"\" width=\"240\" height=\"150\" \/>Es gibt in Samoa weder ein Jugendgericht noch ein Rehabilitierungszentrum f\u00fcr Jugendliche. Da diese Situation dazu f\u00fchrt, dass jugendliche Straft\u00e4ter im Gef\u00e4ngnissystem f\u00fcr Erwachsene untergebracht werden m\u00fcssen, bevorzugen es Richter oft, jugendliche Straft\u00e4ter nicht zu Gef\u00e4ngnisstrafen zu verurteilen, sondern einfach unter \u00dcberwachung zu behalten. Seit 2003 hat sich die Situation jedoch verbessert und Kinder verb\u00fc\u00dfen ihre Gef\u00e4ngnisstrafe nun getrennt von den Erwachsenen.<\/p>\n<p>Gem\u00e4\u00df des Strafgesetzbuches von 1961, darf kein Kind unter 8 Jahren f\u00fcr Taten oder Unterlassungen verurteilt werden, die es begangen hat.<\/p>\n<p>Artikel 12 legt fest, dass Kinder im Alter von 8 bis 14 Jahren nicht f\u00fcr ihre Handlungen oder Unterlassungen verurteilt werden k\u00f6nnen, au\u00dfer die Jury oder das Gericht, welches f\u00fcr diesen Fall zust\u00e4ndig ist, ist der Meinung, dass das Kind wusste, dass seine Handlungen oder Unterlassungen moralisch verwerflich sind.<\/p>\n<p><a href=\"https:\/\/www.humanium.org\/de\/kulturelle-praktiken\/\"><strong>Kulturelle Prinzipien<\/strong><\/a><\/p>\n<p>Im Jahr 2001 gaben 100% der Bev\u00f6lkerung an, religi\u00f6se \u00dcberzeugungen zu haben und 99% der Samoaner bezeichneten sich als Christen. Kulturelle und christliche Prinzipien beeinflussen daher die fr\u00fchkindliche Erziehung stark.<br \/>\n<img loading=\"lazy\" decoding=\"async\" class=\"alignright wp-image-12718\" title=\"Children of Samoa \u00a9 UsEmbassyNewZealand-flickr\" src=\"https:\/\/www.humanium.org\/en\/wp-content\/uploads\/2013\/02\/UsEmbassyNewZealand-flickr-199x300.jpg\" alt=\"\" width=\"199\" height=\"300\" \/>Kinder werden in Samoa als die Zukunft ihrer Familie, ihrer Gemeinschaft und ihrer Nation gesehen. Daher werden sie als g\u00f6ttliches Geschenk betrachtet und Familien verhalten sich sehr besch\u00fctzerisch, wenn es um ihre Kinder geht.<\/p>\n<p>W\u00e4hrend die Kinder aufwachsen, wachsen jedoch die Hoffnungen und Erwartungen ihrer Eltern mit, was w\u00e4hrend der Pubert\u00e4t auch exzessive und unterdr\u00fcckerische Z\u00fcge annehmen kann.<\/p>\n<p>Wenn eine Familie auseinandergerissen wird, k\u00fcmmern sich oft Onkel, Tanten, Gro\u00dfeltern oder andere Verwandte um die Kinder. Dieses \u201eSicherheitsnetz\u201c, welches die samoanische Kultur begr\u00fcndet, tr\u00e4gt stark zum Schutz der Kinder bei und ist besonders bemerkenswert, da es keine sozialen Auffangnetze im westlichen Stil gibt.<\/p>\n","protected":false},"excerpt":{"rendered":"<p>Kinder in Samoa Die Verwirklichung der Kinderrechte in Samoa \u00a0 Samoa ist ein unabh\u00e4ngiger Staat in Polynesien, im S\u00fcden des Pazifischen Ozeans. Er besteht aus vier bewohnten und sechs unbewohnten Inseln. Das Land ist vor allem von l\u00e4ndlichen Gebieten gepr\u00e4gt. Traditionelle kulturelle und religi\u00f6se Br\u00e4uche bestimmen noch heute die Gesellschaft, in welcher die Kinder in [&hellip;]<\/p>\n","protected":false},"author":1,"featured_media":0,"parent":0,"menu_order":0,"comment_status":"closed","ping_status":"closed","template":"","meta":{"footnotes":""},"class_list":["post-7620","page","type-page","status-publish","hentry"],"yoast_head":"<!-- This site is optimized with the Yoast SEO plugin v26.5 - https:\/\/yoast.com\/wordpress\/plugins\/seo\/ -->\n<title>Kinder in Samoa - Humanium<\/title>\n<meta name=\"description\" content=\"Traditionelle kulturelle und religi\u00f6se Br\u00e4uche bestimmen noch heute die Gesellschaft, in welcher die Kinder in Samoa aufwachsen.\" \/>\n<meta name=\"robots\" content=\"index, follow, max-snippet:-1, max-image-preview:large, max-video-preview:-1\" \/>\n<link rel=\"canonical\" href=\"https:\/\/www.humanium.org\/de\/samoa\/\" \/>\n<meta property=\"og:locale\" content=\"de_DE\" \/>\n<meta property=\"og:type\" content=\"article\" \/>\n<meta property=\"og:title\" content=\"Kinder in Samoa - Humanium\" \/>\n<meta property=\"og:description\" content=\"Traditionelle kulturelle und religi\u00f6se Br\u00e4uche bestimmen noch heute die Gesellschaft, in welcher die Kinder in Samoa aufwachsen.\" \/>\n<meta property=\"og:url\" content=\"https:\/\/www.humanium.org\/de\/samoa\/\" \/>\n<meta property=\"og:site_name\" content=\"Humanium\" \/>\n<meta property=\"article:modified_time\" content=\"2025-12-05T16:58:39+00:00\" \/>\n<meta name=\"twitter:card\" content=\"summary_large_image\" \/>\n<meta name=\"twitter:label1\" content=\"Gesch\u00e4tzte Lesezeit\" \/>\n\t<meta name=\"twitter:data1\" content=\"8\u00a0Minuten\" \/>\n<script type=\"application\/ld+json\" class=\"yoast-schema-graph\">{\"@context\":\"https:\/\/schema.org\",\"@graph\":[{\"@type\":\"WebPage\",\"@id\":\"https:\/\/www.humanium.org\/de\/samoa\/\",\"url\":\"https:\/\/www.humanium.org\/de\/samoa\/\",\"name\":\"Kinder in Samoa - Humanium\",\"isPartOf\":{\"@id\":\"https:\/\/www.humanium.org\/de\/#website\"},\"primaryImageOfPage\":{\"@id\":\"https:\/\/www.humanium.org\/de\/samoa\/#primaryimage\"},\"image\":{\"@id\":\"https:\/\/www.humanium.org\/de\/samoa\/#primaryimage\"},\"thumbnailUrl\":\"https:\/\/www.humanium.org\/en\/wp-content\/uploads\/2013\/02\/girl-John-Harrold.jpg\",\"datePublished\":\"2016-04-26T16:38:41+00:00\",\"dateModified\":\"2025-12-05T16:58:39+00:00\",\"description\":\"Traditionelle kulturelle und religi\u00f6se Br\u00e4uche bestimmen noch heute die Gesellschaft, in welcher die Kinder in Samoa aufwachsen.\",\"breadcrumb\":{\"@id\":\"https:\/\/www.humanium.org\/de\/samoa\/#breadcrumb\"},\"inLanguage\":\"de\",\"potentialAction\":[{\"@type\":\"ReadAction\",\"target\":[\"https:\/\/www.humanium.org\/de\/samoa\/\"]}]},{\"@type\":\"ImageObject\",\"inLanguage\":\"de\",\"@id\":\"https:\/\/www.humanium.org\/de\/samoa\/#primaryimage\",\"url\":\"https:\/\/www.humanium.org\/en\/wp-content\/uploads\/2013\/02\/girl-John-Harrold.jpg\",\"contentUrl\":\"https:\/\/www.humanium.org\/en\/wp-content\/uploads\/2013\/02\/girl-John-Harrold.jpg\"},{\"@type\":\"BreadcrumbList\",\"@id\":\"https:\/\/www.humanium.org\/de\/samoa\/#breadcrumb\",\"itemListElement\":[{\"@type\":\"ListItem\",\"position\":1,\"name\":\"Home\",\"item\":\"https:\/\/www.humanium.org\/de\/\"},{\"@type\":\"ListItem\",\"position\":2,\"name\":\"Kinder in Samoa\"}]},{\"@type\":\"WebSite\",\"@id\":\"https:\/\/www.humanium.org\/de\/#website\",\"url\":\"https:\/\/www.humanium.org\/de\/\",\"name\":\"Humanium\",\"description\":\"Kinder zuerst!\",\"potentialAction\":[{\"@type\":\"SearchAction\",\"target\":{\"@type\":\"EntryPoint\",\"urlTemplate\":\"https:\/\/www.humanium.org\/de\/?s={search_term_string}\"},\"query-input\":{\"@type\":\"PropertyValueSpecification\",\"valueRequired\":true,\"valueName\":\"search_term_string\"}}],\"inLanguage\":\"de\"}]}<\/script>\n<!-- \/ Yoast SEO plugin. -->","yoast_head_json":{"title":"Kinder in Samoa - Humanium","description":"Traditionelle kulturelle und religi\u00f6se Br\u00e4uche bestimmen noch heute die Gesellschaft, in welcher die Kinder in Samoa aufwachsen.","robots":{"index":"index","follow":"follow","max-snippet":"max-snippet:-1","max-image-preview":"max-image-preview:large","max-video-preview":"max-video-preview:-1"},"canonical":"https:\/\/www.humanium.org\/de\/samoa\/","og_locale":"de_DE","og_type":"article","og_title":"Kinder in Samoa - Humanium","og_description":"Traditionelle kulturelle und religi\u00f6se Br\u00e4uche bestimmen noch heute die Gesellschaft, in welcher die Kinder in Samoa aufwachsen.","og_url":"https:\/\/www.humanium.org\/de\/samoa\/","og_site_name":"Humanium","article_modified_time":"2025-12-05T16:58:39+00:00","twitter_card":"summary_large_image","twitter_misc":{"Gesch\u00e4tzte Lesezeit":"8\u00a0Minuten"},"schema":{"@context":"https:\/\/schema.org","@graph":[{"@type":"WebPage","@id":"https:\/\/www.humanium.org\/de\/samoa\/","url":"https:\/\/www.humanium.org\/de\/samoa\/","name":"Kinder in Samoa - Humanium","isPartOf":{"@id":"https:\/\/www.humanium.org\/de\/#website"},"primaryImageOfPage":{"@id":"https:\/\/www.humanium.org\/de\/samoa\/#primaryimage"},"image":{"@id":"https:\/\/www.humanium.org\/de\/samoa\/#primaryimage"},"thumbnailUrl":"https:\/\/www.humanium.org\/en\/wp-content\/uploads\/2013\/02\/girl-John-Harrold.jpg","datePublished":"2016-04-26T16:38:41+00:00","dateModified":"2025-12-05T16:58:39+00:00","description":"Traditionelle kulturelle und religi\u00f6se Br\u00e4uche bestimmen noch heute die Gesellschaft, in welcher die Kinder in Samoa aufwachsen.","breadcrumb":{"@id":"https:\/\/www.humanium.org\/de\/samoa\/#breadcrumb"},"inLanguage":"de","potentialAction":[{"@type":"ReadAction","target":["https:\/\/www.humanium.org\/de\/samoa\/"]}]},{"@type":"ImageObject","inLanguage":"de","@id":"https:\/\/www.humanium.org\/de\/samoa\/#primaryimage","url":"https:\/\/www.humanium.org\/en\/wp-content\/uploads\/2013\/02\/girl-John-Harrold.jpg","contentUrl":"https:\/\/www.humanium.org\/en\/wp-content\/uploads\/2013\/02\/girl-John-Harrold.jpg"},{"@type":"BreadcrumbList","@id":"https:\/\/www.humanium.org\/de\/samoa\/#breadcrumb","itemListElement":[{"@type":"ListItem","position":1,"name":"Home","item":"https:\/\/www.humanium.org\/de\/"},{"@type":"ListItem","position":2,"name":"Kinder in Samoa"}]},{"@type":"WebSite","@id":"https:\/\/www.humanium.org\/de\/#website","url":"https:\/\/www.humanium.org\/de\/","name":"Humanium","description":"Kinder zuerst!","potentialAction":[{"@type":"SearchAction","target":{"@type":"EntryPoint","urlTemplate":"https:\/\/www.humanium.org\/de\/?s={search_term_string}"},"query-input":{"@type":"PropertyValueSpecification","valueRequired":true,"valueName":"search_term_string"}}],"inLanguage":"de"}]}},"_links":{"self":[{"href":"https:\/\/www.humanium.org\/de\/wp-json\/wp\/v2\/pages\/7620","targetHints":{"allow":["GET"]}}],"collection":[{"href":"https:\/\/www.humanium.org\/de\/wp-json\/wp\/v2\/pages"}],"about":[{"href":"https:\/\/www.humanium.org\/de\/wp-json\/wp\/v2\/types\/page"}],"author":[{"embeddable":true,"href":"https:\/\/www.humanium.org\/de\/wp-json\/wp\/v2\/users\/1"}],"replies":[{"embeddable":true,"href":"https:\/\/www.humanium.org\/de\/wp-json\/wp\/v2\/comments?post=7620"}],"version-history":[{"count":3,"href":"https:\/\/www.humanium.org\/de\/wp-json\/wp\/v2\/pages\/7620\/revisions"}],"predecessor-version":[{"id":20128,"href":"https:\/\/www.humanium.org\/de\/wp-json\/wp\/v2\/pages\/7620\/revisions\/20128"}],"wp:attachment":[{"href":"https:\/\/www.humanium.org\/de\/wp-json\/wp\/v2\/media?parent=7620"}],"curies":[{"name":"wp","href":"https:\/\/api.w.org\/{rel}","templated":true}]}}