{"id":7625,"date":"2016-05-23T10:13:14","date_gmt":"2016-05-23T10:13:14","guid":{"rendered":"http:\/\/www.humanium.org\/de\/?page_id=6574"},"modified":"2025-12-06T06:28:36","modified_gmt":"2025-12-06T06:28:36","slug":"schweiz","status":"publish","type":"page","link":"https:\/\/www.humanium.org\/de\/schweiz\/","title":{"rendered":"Kinder in der Schweiz"},"content":{"rendered":"<h1>Kinder in der Schweiz<\/h1>\n<h2>Die Verwirklichung der Kinderrechte in der Schweiz<\/h2>\n<p>Neben ihrem Image als Schokolade produzierendes Steuerparadies hat die Schweiz auch eine verborgene Seite: Bei der Verwirklichung der Kinderrechte m\u00fcssen noch Fortschritte erzielt werden, insbesondere in den Bereichen Missbrauch, Empfang von minderj\u00e4hrigen Fl\u00fcchtlingen, Diskriminierung, Armut \u2026<\/p>\n<h3>Die gr\u00f6\u00dften Probleme der Kinder in der Schweiz:<\/h3>\n<p><strong><a href=\"https:\/\/www.humanium.org\/de\/misshandlung\/\">Missbrauch<\/a><\/strong><\/p>\n<p>Das <a href=\"https:\/\/www.humanium.org\/de\/konvention\/\">\u00dcbereinkommen \u00fcber die Rechte des Kindes<\/a> verurteilt jede Form von Gewalt gegen Kinder: In der Schweiz wurde die Bestrafung von Kindern durch ihre Eltern 1978 verboten. Dennoch ist die Pr\u00fcgelstrafe nicht ausdr\u00fccklich im schweizer Recht verboten.<\/p>\n<p>Bis heute gibt es keine genauen Statistiken \u00fcber die H\u00e4ufigkeit dieser Art von Gewalt, doch Fachleute sch\u00e4tzen, dass 10-20% der schweizer Kinder im Verlauf ihrer Kindheit einer Art von Missbrauch ausgesetzt sind.<\/p>\n<p>Der Ausschuss f\u00fcr die Rechte des Kindes hat seine Besorgnis \u00fcber diese Situation ausgedr\u00fcckt und hat die Schweiz ermutigt, Aufkl\u00e4rungskampagnen zu den negativen Auswirkungen von Gewalt gegen Kinder zu starten.<\/p>\n<p><strong><a href=\"https:\/\/www.humanium.org\/de\/focusdiskriminierung\/\">Diskriminierung<\/a><\/strong><\/p>\n<p>Im Jahr 2008 ergab ein nationales Forschungsprogramm, dass Kinder in der Schweiz unter ungleichen Bedingungen aufwachsen. Es gibt eine Gruppe von Kindern, die nicht in vollem Umfang die ihnen garantierten Rechte der Kinderrechtskonvention genie\u00dfen. Lehrmethoden und die Arbeitsbedingungen der Eltern sowie die soziale und kulturelle Herkunft f\u00fchren zu erheblichen Diskrepanzen beim Schulbesuch der Kinder und ihrem Erfolg.<\/p>\n<p>Au\u00dferdem f\u00fchren Unterschiede in den Systemen zwischen den verschiedenen schweizerischen Kantonen zu Ungleichbehandlung von Kindern: Zum Beispiel in den Kantonen, in denen Kinder sehr schnell in verschiedene Klassen in weiterf\u00fchrenden Schule eingeteilt werden, sind Kinder mit Lernschwierigkeiten und Kinder von Einwanderern weniger erfolgreich. Es hat sich gezeigt, dass diese Kinder viermal wahrscheinlicher in eine besondere Klasse eingruppiert werden und anschlie\u00dfend ihren Bildungsweg nicht fortsetzen.<\/p>\n<p><a href=\"https:\/\/www.humanium.org\/de\/selbstmord\/\"><strong>Selbstmord<\/strong><\/a><\/p>\n<p>Die Schweiz ist in der ungl\u00fccklichen Position, zu den L\u00e4ndern mit der h\u00f6chsten Selbstmordrate zu geh\u00f6ren. Selbstmord ist sogar die h\u00e4ufigste Todesursache unter den 15- bis 24-J\u00e4hrigen. Die Statistiken zeigen, dass in der Schweiz jeder zwanzigste Jugendliche versucht, sich das Leben zu nehmen: Alle 3 Tage begeht ein\/e Jugendliche\/r Selbstmord. Ein relativ leichter Zugang zu einer Anzahl von t\u00f6dlichen Mitteln und insbesondere der Zugang zu Schusswaffen sind eine Hauptursache dieser Rate.<\/p>\n<p>Die Schweiz ist eines der wenigen L\u00e4nder in Westeuropa, das kein nationales Suizid-Pr\u00e4ventionsprogramm hat. K\u00fcrzlich wurde dem Parlament ein Antrag vorgelegt, um dieses Ph\u00e4nomen auf Bundesebene besser zu verstehen und zu analysieren.<\/p>\n<p><strong><a href=\"https:\/\/www.humanium.org\/de\/armut\/\">Armut<\/a><\/strong><\/p>\n<p>Die Schweiz hat den Ruf ein reiches Land zu sein: Doch fast 9 % der Bev\u00f6lkerung leben unterhalb der Armutsgrenze. Nach dem Eidgen\u00f6ssischen Statistischen Amt erhalten 4,4% der Kinder zwischen 0 und 17 Jahren Sozialhilfe. Dies ist auch f\u00fcr die Altersgruppe, die am meisten von Armut betroffen ist. Rund 45% der Menschen, die auf Sozialhilfe angewiesen sind, sind Kinder. Die Familien, die in der Schweiz von Armut betroffen sind, sind im Allgemeinen gro\u00df oder es sind Familien mit nur einem Elternteil.<\/p>\n<p>Dar\u00fcber hinaus gibt es betr\u00e4chtliche Unterschiede zwischen den Kantonen in Bezug auf die gew\u00e4hrte finanzielle Unterst\u00fctzung f\u00fcr Familien in einer prek\u00e4ren Situation: Dies gibt Anlass zu einer inakzeptablen Ungleichheit bei der Behandlung der betroffenen Kinder.<\/p>\n<p><strong><a href=\"https:\/\/www.humanium.org\/de\/vertriebene-kinder\/\">Fl\u00fcchtlings- und nicht gemeldete Kinder<\/a><\/strong><\/p>\n<p>Die Politik zu Ausl\u00e4ndern ist in der Schweiz besonders streng. Es wird gesch\u00e4tzt, dass rund 10.000 nicht gemeldete Kinder in der Schweiz leben. Eine Studie von Terre des Hommes aus dem Jahr 2010 ergab, dass aufgrund der Komplexit\u00e4t des Asylantragsprozesses eine erschreckende Anzahl von unbegleiteten Minderj\u00e4hrigen jedes Jahr verschwindet, manchmal sogar vor Beginn des Asylverfahrens. Sich selbst \u00fcberlassen, lassen sich betroffene Jugendliche mit Drogenhandel oder Kriminalit\u00e4t ein oder werden Opfer von <a href=\"https:\/\/www.humanium.org\/de\/die-sexuelle-ausbeutung-von-kindern\/\">sexueller Ausbeutung<\/a>.<\/p>\n<p>In bestimmten F\u00e4llen werden junge Fl\u00fcchtlinge in Verwaltungshaft genommen, oft f\u00fcr mehrere Monate, bevor sie zur\u00fcck in ihr Herkunftsland geschickt werden. Dieses Vorgehen steht im Widerspruch zum internationalen \u00dcbereinkommen \u00fcber die Rechte des Kindes, wonach ein Kind nur eingesperrt werden soll, wenn keine andere Alternative m\u00f6glich ist.<\/p>\n<p>Dar\u00fcber hinaus sind f\u00fcr jene Jugendliche, die vor\u00fcbergehend Asyl erhalten, die M\u00f6glichkeiten f\u00fcr den Erwerb einer Berufsausbildung sehr begrenzt, da nicht immer eine Arbeitserlaubnis erteilt wird. Nicht gemeldete Kinder k\u00f6nnen zur Schule gehen, ohne dass die Beh\u00f6rden alarmiert werden, doch etwa 10% von ihnen erhalten keine ordentliche Schulbildung. Im Allgemeinen vermeiden nicht gemeldete Personen es, aus Angst, denunziert zu werden, zum Arzt zu gehen. Deshalb haben ihre Kinder normalerweise keinen Zugang zu grundlegender Gesundheitsversorgung. Au\u00dferdem leben die meisten von ihnen unterhalb der Armutsgrenze.<\/p>\n<p>Die Zukunftsaussichten f\u00fcr die Fl\u00fcchtlingskinder sind deshalb in der Schweiz besonders d\u00fcster.<\/p>\n<p><strong><a href=\"https:\/\/www.humanium.org\/de\/recht-freiheit\/\">Das Recht auf Mitwirkung<\/a><\/strong><\/p>\n<p>Trotz der Anstrengungen der Schweiz ist die Umsetzung von Artikel 12 des Internationalen \u00dcbereinkommens \u00fcber die Rechte des Kindes, der garantiert, dass Kinder das Recht auf Mitwirkung an Entscheidungsprozessen haben, die f\u00fcr sie relevant sind, unvollst\u00e4ndig, insbesondere in der Justiz. Zum Beispiel haben Kinder in Scheidungsverfahren das Recht auf eine Anh\u00f6rung durch den Richter. In der Praxis wird nur eine Minderheit von ihnen angeh\u00f6rt. Die Repr\u00e4sentation von Kindern wird nur selten gefordert und Gerichte haben kein Bewusstsein \u00fcber die Wichtigkeit der Mitwirkung von Kindern.<\/p>\n<p>Der <a href=\"https:\/\/www.humanium.org\/de\/kinder-im-justizsystem\/\">Bundesgerichtshof<\/a> tendiert dazu, s\u00e4mtlich Mitwirkungsrechte von Kindern zu beschneiden: Er glaubt, dass nur Kinder im Alter von 12 Jahren und \u00e4lter zu Fragen, die sie betreffen bei Gericht geh\u00f6rt werden sollten, dass ein\/e Minderj\u00e4hrige\/r in einem Verfahren \u00fcber Ausl\u00e4nder oder in Verfahren zur Schule nicht geh\u00f6rt werden muss, da die Darstellung der Eltern als ausreichend angesehen wird. Deshalb sind viele Kinder nicht in der Lage, sich zu \u00e4u\u00dfern, insbesondere nicht diejenigen, die am meisten gef\u00e4hrdet sind, wie zum Beispiel junge <a href=\"https:\/\/www.humanium.org\/de\/kinder-mit-behinderung\/\">Menschen mit Behinderungen<\/a>.<\/p>\n<p><strong>Umwelt<\/strong><\/p>\n<p>Der durchschnittliche \u00f6kologische Fu\u00dfabdruck der Schweiz entspricht 5 gha: Das bedeutet, wenn jeder so viel wie die Schweizer verbraucht, br\u00e4uchten wir drei Planeten! Umweltverschmutzung und \u00dcberkonsum wirken sich auf die k\u00fcnftigen Perspektiven der Kinder aus. Die Schweizer sollten deshalb weitere Anstrengungen zur Verringerung dieser negativen \u00f6kologischen Folgen unternehmen.<\/p>\n","protected":false},"excerpt":{"rendered":"<p>Kinder in der Schweiz Die Verwirklichung der Kinderrechte in der Schweiz Neben ihrem Image als Schokolade produzierendes Steuerparadies hat die Schweiz auch eine verborgene Seite: Bei der Verwirklichung der Kinderrechte m\u00fcssen noch Fortschritte erzielt werden, insbesondere in den Bereichen Missbrauch, Empfang von minderj\u00e4hrigen Fl\u00fcchtlingen, Diskriminierung, Armut \u2026 Die gr\u00f6\u00dften Probleme der Kinder in der Schweiz: [&hellip;]<\/p>\n","protected":false},"author":1,"featured_media":0,"parent":0,"menu_order":0,"comment_status":"closed","ping_status":"closed","template":"","meta":{"footnotes":""},"class_list":["post-7625","page","type-page","status-publish","hentry"],"yoast_head":"<!-- This site is optimized with the Yoast SEO plugin v26.5 - https:\/\/yoast.com\/wordpress\/plugins\/seo\/ -->\n<title>Kinder in der Schweiz - Humanium<\/title>\n<meta name=\"description\" content=\"Bei der Verwirklichung der Kinderrechte in der Schweiz m\u00fcssen noch Fortschritte erzielt werden, in den Bereichen Missbrauch, Diskriminierung, usw.\" \/>\n<meta name=\"robots\" content=\"index, follow, max-snippet:-1, max-image-preview:large, max-video-preview:-1\" \/>\n<link rel=\"canonical\" href=\"https:\/\/www.humanium.org\/de\/schweiz\/\" \/>\n<meta property=\"og:locale\" content=\"de_DE\" \/>\n<meta property=\"og:type\" content=\"article\" \/>\n<meta property=\"og:title\" content=\"Kinder in der Schweiz - Humanium\" \/>\n<meta property=\"og:description\" content=\"Bei der Verwirklichung der Kinderrechte in der Schweiz m\u00fcssen noch Fortschritte erzielt werden, in den Bereichen Missbrauch, Diskriminierung, usw.\" \/>\n<meta property=\"og:url\" content=\"https:\/\/www.humanium.org\/de\/schweiz\/\" \/>\n<meta property=\"og:site_name\" content=\"Humanium\" \/>\n<meta property=\"article:modified_time\" content=\"2025-12-06T06:28:36+00:00\" \/>\n<meta name=\"twitter:card\" content=\"summary_large_image\" \/>\n<meta name=\"twitter:label1\" content=\"Gesch\u00e4tzte Lesezeit\" \/>\n\t<meta name=\"twitter:data1\" content=\"7\u00a0Minuten\" \/>\n<script type=\"application\/ld+json\" class=\"yoast-schema-graph\">{\"@context\":\"https:\/\/schema.org\",\"@graph\":[{\"@type\":\"WebPage\",\"@id\":\"https:\/\/www.humanium.org\/de\/schweiz\/\",\"url\":\"https:\/\/www.humanium.org\/de\/schweiz\/\",\"name\":\"Kinder in der Schweiz - Humanium\",\"isPartOf\":{\"@id\":\"https:\/\/www.humanium.org\/de\/#website\"},\"datePublished\":\"2016-05-23T10:13:14+00:00\",\"dateModified\":\"2025-12-06T06:28:36+00:00\",\"description\":\"Bei der Verwirklichung der Kinderrechte in der Schweiz m\u00fcssen noch Fortschritte erzielt werden, in den Bereichen Missbrauch, Diskriminierung, usw.\",\"breadcrumb\":{\"@id\":\"https:\/\/www.humanium.org\/de\/schweiz\/#breadcrumb\"},\"inLanguage\":\"de\",\"potentialAction\":[{\"@type\":\"ReadAction\",\"target\":[\"https:\/\/www.humanium.org\/de\/schweiz\/\"]}]},{\"@type\":\"BreadcrumbList\",\"@id\":\"https:\/\/www.humanium.org\/de\/schweiz\/#breadcrumb\",\"itemListElement\":[{\"@type\":\"ListItem\",\"position\":1,\"name\":\"Home\",\"item\":\"https:\/\/www.humanium.org\/de\/\"},{\"@type\":\"ListItem\",\"position\":2,\"name\":\"Kinder in der Schweiz\"}]},{\"@type\":\"WebSite\",\"@id\":\"https:\/\/www.humanium.org\/de\/#website\",\"url\":\"https:\/\/www.humanium.org\/de\/\",\"name\":\"Humanium\",\"description\":\"Kinder zuerst!\",\"potentialAction\":[{\"@type\":\"SearchAction\",\"target\":{\"@type\":\"EntryPoint\",\"urlTemplate\":\"https:\/\/www.humanium.org\/de\/?s={search_term_string}\"},\"query-input\":{\"@type\":\"PropertyValueSpecification\",\"valueRequired\":true,\"valueName\":\"search_term_string\"}}],\"inLanguage\":\"de\"}]}<\/script>\n<!-- \/ Yoast SEO plugin. -->","yoast_head_json":{"title":"Kinder in der Schweiz - Humanium","description":"Bei der Verwirklichung der Kinderrechte in der Schweiz m\u00fcssen noch Fortschritte erzielt werden, in den Bereichen Missbrauch, Diskriminierung, usw.","robots":{"index":"index","follow":"follow","max-snippet":"max-snippet:-1","max-image-preview":"max-image-preview:large","max-video-preview":"max-video-preview:-1"},"canonical":"https:\/\/www.humanium.org\/de\/schweiz\/","og_locale":"de_DE","og_type":"article","og_title":"Kinder in der Schweiz - Humanium","og_description":"Bei der Verwirklichung der Kinderrechte in der Schweiz m\u00fcssen noch Fortschritte erzielt werden, in den Bereichen Missbrauch, Diskriminierung, usw.","og_url":"https:\/\/www.humanium.org\/de\/schweiz\/","og_site_name":"Humanium","article_modified_time":"2025-12-06T06:28:36+00:00","twitter_card":"summary_large_image","twitter_misc":{"Gesch\u00e4tzte Lesezeit":"7\u00a0Minuten"},"schema":{"@context":"https:\/\/schema.org","@graph":[{"@type":"WebPage","@id":"https:\/\/www.humanium.org\/de\/schweiz\/","url":"https:\/\/www.humanium.org\/de\/schweiz\/","name":"Kinder in der Schweiz - Humanium","isPartOf":{"@id":"https:\/\/www.humanium.org\/de\/#website"},"datePublished":"2016-05-23T10:13:14+00:00","dateModified":"2025-12-06T06:28:36+00:00","description":"Bei der Verwirklichung der Kinderrechte in der Schweiz m\u00fcssen noch Fortschritte erzielt werden, in den Bereichen Missbrauch, Diskriminierung, usw.","breadcrumb":{"@id":"https:\/\/www.humanium.org\/de\/schweiz\/#breadcrumb"},"inLanguage":"de","potentialAction":[{"@type":"ReadAction","target":["https:\/\/www.humanium.org\/de\/schweiz\/"]}]},{"@type":"BreadcrumbList","@id":"https:\/\/www.humanium.org\/de\/schweiz\/#breadcrumb","itemListElement":[{"@type":"ListItem","position":1,"name":"Home","item":"https:\/\/www.humanium.org\/de\/"},{"@type":"ListItem","position":2,"name":"Kinder in der Schweiz"}]},{"@type":"WebSite","@id":"https:\/\/www.humanium.org\/de\/#website","url":"https:\/\/www.humanium.org\/de\/","name":"Humanium","description":"Kinder zuerst!","potentialAction":[{"@type":"SearchAction","target":{"@type":"EntryPoint","urlTemplate":"https:\/\/www.humanium.org\/de\/?s={search_term_string}"},"query-input":{"@type":"PropertyValueSpecification","valueRequired":true,"valueName":"search_term_string"}}],"inLanguage":"de"}]}},"_links":{"self":[{"href":"https:\/\/www.humanium.org\/de\/wp-json\/wp\/v2\/pages\/7625","targetHints":{"allow":["GET"]}}],"collection":[{"href":"https:\/\/www.humanium.org\/de\/wp-json\/wp\/v2\/pages"}],"about":[{"href":"https:\/\/www.humanium.org\/de\/wp-json\/wp\/v2\/types\/page"}],"author":[{"embeddable":true,"href":"https:\/\/www.humanium.org\/de\/wp-json\/wp\/v2\/users\/1"}],"replies":[{"embeddable":true,"href":"https:\/\/www.humanium.org\/de\/wp-json\/wp\/v2\/comments?post=7625"}],"version-history":[{"count":7,"href":"https:\/\/www.humanium.org\/de\/wp-json\/wp\/v2\/pages\/7625\/revisions"}],"predecessor-version":[{"id":20969,"href":"https:\/\/www.humanium.org\/de\/wp-json\/wp\/v2\/pages\/7625\/revisions\/20969"}],"wp:attachment":[{"href":"https:\/\/www.humanium.org\/de\/wp-json\/wp\/v2\/media?parent=7625"}],"curies":[{"name":"wp","href":"https:\/\/api.w.org\/{rel}","templated":true}]}}