{"id":7628,"date":"2016-06-07T17:31:32","date_gmt":"2016-06-07T17:31:32","guid":{"rendered":"http:\/\/www.humanium.org\/de\/?page_id=6639"},"modified":"2025-12-05T17:11:51","modified_gmt":"2025-12-05T17:11:51","slug":"sanmarino","status":"publish","type":"page","link":"https:\/\/www.humanium.org\/de\/sanmarino\/","title":{"rendered":"Kinder in San Marino"},"content":{"rendered":"<h1>Kinder in San Marino<\/h1>\n<h2>Die Verwirklichung der\u00a0Kinderrechte in San Marino<\/h2>\n<p style=\"text-align: center;\"><img loading=\"lazy\" decoding=\"async\" class=\"alignnone wp-image-12641\" title=\"M\u00e4dchen aus San Marino \u00a9 Carlitos (flickr)\" src=\"https:\/\/www.humanium.org\/en\/wp-content\/uploads\/2013\/02\/Carlitos-flickr.jpg\" alt=\"\" width=\"150\" height=\"200\" \/>\u00a0\u00a0 <img loading=\"lazy\" decoding=\"async\" class=\"alignnone wp-image-12642\" title=\"Junge aus San Marino \u00a9 Something from Nancy (flickr)\" src=\"https:\/\/www.humanium.org\/en\/wp-content\/uploads\/2013\/02\/Something-from-Nancy-flickr.jpg\" alt=\"\" width=\"150\" height=\"200\" \/><\/p>\n<p>San Marino ist eine Enklave in Italien und der f\u00fcnftkleinste Staat der Welt. In San Marino leben ungef\u00e4hr 5000 Kinder unter 15 Jahren. Mit anderen Worten, so eine \u201ekleine Welt\u201c erleichtert die Umsetzung der Kinderrechtskonvention. San Marino legt gro\u00dfen Wert auf den Schutz und die F\u00f6rderung der Kinderrechte und stellt f\u00fcr den Schutz von Kindern in allen Lebensphasen betr\u00e4chtliche Mittel zur Verf\u00fcgung.<\/p>\n<h3>Hauptprobleme, mit denen Kinder in San Marino konfrontiert sind:<\/h3>\n<p><a href=\"https:\/\/www.humanium.org\/de\/recht-bildung\/\"><strong>Das Recht auf Bildung<\/strong><\/a><\/p>\n<p>Die Alphabetisierungsquote wird auf 98% gesch\u00e4tzt und die Schulpflicht (kostenlose Schulen) besteht f\u00fcr Kinder bis zu 16 Jahren. Die Unterrichtssprache ist Italienisch.<\/p>\n<p>Da San Marino sehr klein ist, hat es nur eine Universit\u00e4t: die Universit\u00e0 degli Studi di San Marino.<\/p>\n<p>In San Marino besuchen alle Kinder die Schule, auch Kinder mit psychischen St\u00f6rungen oder einer Behinderung.<\/p>\n<p><a href=\"https:\/\/www.humanium.org\/de\/was-ist-gerechtigkeit\/\"><strong>Das Justizsystem<\/strong><\/a><\/p>\n<p><img loading=\"lazy\" decoding=\"async\" class=\"alignright size-medium wp-image-12639\" title=\"Kinder aus San Marino \u00a9 Mesaba (flickr)\" src=\"https:\/\/www.humanium.org\/en\/wp-content\/uploads\/2013\/02\/Mesaba-flickr-300x200.jpg\" alt=\"\" width=\"300\" height=\"200\" \/>Das Alter der strafrechtlichen Verantwortlichkeit ist auf 12 Jahre festgesetzt. Dies wird vom Kinderrechts-Ausschuss als zu niedrig angesehen. Gem\u00e4\u00df Artikel 10 des Strafgesetzbuches kann einem Kind unter 12 Jahren ein Verbrechen nicht zur Last gelegt werden. Jedoch kann ein Minderj\u00e4hriger \u00fcber 12 Jahren nach \u00dcberpr\u00fcfung seiner geistigen F\u00e4higkeiten zu einer verminderten Strafe verurteilt werden.<\/p>\n<p>Das Strafrecht sieht f\u00fcr den Vollzug f\u00fcr Minderj\u00e4hrige vor, dass verurteilte Jugendliche unter 18 Jahren begnadigt werden k\u00f6nnen, wenn der Richter zu dem Schluss kommt, dass der Straff\u00e4llige nicht r\u00fcckf\u00e4llig wird.<\/p>\n<p>In San Marino gibt es kein Gericht f\u00fcr Minderj\u00e4hrige, es wurde jedoch eine spezielle Kammer eingerichtet, die f\u00fcr F\u00e4lle, die Minderj\u00e4hrige betreffen, zust\u00e4ndig ist.<\/p>\n<p>In San Marion gibt es keine Wehrpflicht.<\/p>\n<p><a href=\"https:\/\/www.humanium.org\/de\/das-recht-auf-gesundheit\/\"><strong>Das Recht auf Gesundheit<\/strong><\/a><\/p>\n<p>Das Land z\u00e4hlt im Bereich medizinische Dienstleistungen zu den drei besten L\u00e4ndern Europas.<\/p>\n<p>Die Sozialversicherung ist nicht an den Erwerb der Staatsangeh\u00f6rigkeit von San Marino gebunden, daher k\u00f6nnen alle Einwohner des Landes medizinische Gesundheitsversorgung erhalten.<\/p>\n<p>Trotzdem l\u00e4sst sich leider wie in vielen entwickelten L\u00e4ndern eine starke Pr\u00e4valenz von Adipositas feststellen.<\/p>\n<p>Des Weiteren ist Abtreibung in San Marino strengstens untersagt, selbst im Fall einer lebensbedrohlichen Gef\u00e4hrdung f\u00fcr die Schwangere. Dies ist eine der restriktivsten Rechtsvorschriften Europas.<\/p>\n<p><a href=\"https:\/\/www.humanium.org\/de\/gewalt\/\"><strong>Gewalt<\/strong><\/a><\/p>\n<p>San Marino wurde gebeten, statistische Daten zu Misshandlung und Vernachl\u00e4ssigung von Kindern zu erstellen. Ohne Angaben ist es schwierig, die aktuelle Situation einzusch\u00e4tzen.<\/p>\n<p>Der Ausschuss f\u00fcr Kinderrechte hat den Staat trotzdem aufgefordert, verst\u00e4rkte Ma\u00dfnahmen zum Schutz von Kindern gegen alle Formen von Gewalt, Angriffen, k\u00f6rperlicher und geistiger Gewaltanwendung, Kindesaussetzung, Vernachl\u00e4ssigung, schlechte Behandlung oder Ausbeutung zu ergreifen.<\/p>\n<p>Was die Pr\u00fcgelstrafe betrifft, verfolgt die derzeitige Gesetzgebung den Machtmissbrauch bei k\u00f6rperlicher Bestrafung, der als Straftat gilt.<\/p>\n","protected":false},"excerpt":{"rendered":"<p>Kinder in San Marino Die Verwirklichung der\u00a0Kinderrechte in San Marino \u00a0\u00a0 San Marino ist eine Enklave in Italien und der f\u00fcnftkleinste Staat der Welt. In San Marino leben ungef\u00e4hr 5000 Kinder unter 15 Jahren. Mit anderen Worten, so eine \u201ekleine Welt\u201c erleichtert die Umsetzung der Kinderrechtskonvention. San Marino legt gro\u00dfen Wert auf den Schutz und [&hellip;]<\/p>\n","protected":false},"author":1,"featured_media":0,"parent":0,"menu_order":0,"comment_status":"closed","ping_status":"closed","template":"","meta":{"footnotes":""},"class_list":["post-7628","page","type-page","status-publish","hentry"],"yoast_head":"<!-- This site is optimized with the Yoast SEO plugin v26.5 - https:\/\/yoast.com\/wordpress\/plugins\/seo\/ -->\n<title>Kinder in San Marino - Humanium<\/title>\n<meta name=\"description\" content=\"San Marino legt gro\u00dfen Wert auf den Schutz der Kinderrechte und stellt f\u00fcr den Schutz von Kindern in allen Lebensphasen betr\u00e4chtliche Mittel zur Verf\u00fcgung.\" \/>\n<meta name=\"robots\" content=\"index, follow, max-snippet:-1, max-image-preview:large, max-video-preview:-1\" \/>\n<link rel=\"canonical\" href=\"https:\/\/www.humanium.org\/de\/sanmarino\/\" \/>\n<meta property=\"og:locale\" content=\"de_DE\" \/>\n<meta property=\"og:type\" content=\"article\" \/>\n<meta property=\"og:title\" content=\"Kinder in San Marino - Humanium\" \/>\n<meta property=\"og:description\" content=\"San Marino legt gro\u00dfen Wert auf den Schutz der Kinderrechte und stellt f\u00fcr den Schutz von Kindern in allen Lebensphasen betr\u00e4chtliche Mittel zur Verf\u00fcgung.\" \/>\n<meta property=\"og:url\" content=\"https:\/\/www.humanium.org\/de\/sanmarino\/\" \/>\n<meta property=\"og:site_name\" content=\"Humanium\" \/>\n<meta property=\"article:modified_time\" content=\"2025-12-05T17:11:51+00:00\" \/>\n<meta property=\"og:image\" content=\"https:\/\/www.humanium.org\/de\/wp-content\/uploads\/2020\/03\/shutterstock_520754878.jpg\" \/>\n\t<meta property=\"og:image:width\" content=\"1000\" \/>\n\t<meta property=\"og:image:height\" content=\"667\" \/>\n\t<meta property=\"og:image:type\" content=\"image\/jpeg\" \/>\n<meta name=\"twitter:card\" content=\"summary_large_image\" \/>\n<meta name=\"twitter:label1\" content=\"Gesch\u00e4tzte Lesezeit\" \/>\n\t<meta name=\"twitter:data1\" content=\"3\u00a0Minuten\" \/>\n<script type=\"application\/ld+json\" class=\"yoast-schema-graph\">{\"@context\":\"https:\/\/schema.org\",\"@graph\":[{\"@type\":\"WebPage\",\"@id\":\"https:\/\/www.humanium.org\/de\/sanmarino\/\",\"url\":\"https:\/\/www.humanium.org\/de\/sanmarino\/\",\"name\":\"Kinder in San Marino - Humanium\",\"isPartOf\":{\"@id\":\"https:\/\/www.humanium.org\/de\/#website\"},\"primaryImageOfPage\":{\"@id\":\"https:\/\/www.humanium.org\/de\/sanmarino\/#primaryimage\"},\"image\":{\"@id\":\"https:\/\/www.humanium.org\/de\/sanmarino\/#primaryimage\"},\"thumbnailUrl\":\"https:\/\/www.humanium.org\/en\/wp-content\/uploads\/2013\/02\/Carlitos-flickr.jpg\",\"datePublished\":\"2016-06-07T17:31:32+00:00\",\"dateModified\":\"2025-12-05T17:11:51+00:00\",\"description\":\"San Marino legt gro\u00dfen Wert auf den Schutz der Kinderrechte und stellt f\u00fcr den Schutz von Kindern in allen Lebensphasen betr\u00e4chtliche Mittel zur Verf\u00fcgung.\",\"breadcrumb\":{\"@id\":\"https:\/\/www.humanium.org\/de\/sanmarino\/#breadcrumb\"},\"inLanguage\":\"de\",\"potentialAction\":[{\"@type\":\"ReadAction\",\"target\":[\"https:\/\/www.humanium.org\/de\/sanmarino\/\"]}]},{\"@type\":\"ImageObject\",\"inLanguage\":\"de\",\"@id\":\"https:\/\/www.humanium.org\/de\/sanmarino\/#primaryimage\",\"url\":\"https:\/\/www.humanium.org\/en\/wp-content\/uploads\/2013\/02\/Carlitos-flickr.jpg\",\"contentUrl\":\"https:\/\/www.humanium.org\/en\/wp-content\/uploads\/2013\/02\/Carlitos-flickr.jpg\"},{\"@type\":\"BreadcrumbList\",\"@id\":\"https:\/\/www.humanium.org\/de\/sanmarino\/#breadcrumb\",\"itemListElement\":[{\"@type\":\"ListItem\",\"position\":1,\"name\":\"Home\",\"item\":\"https:\/\/www.humanium.org\/de\/\"},{\"@type\":\"ListItem\",\"position\":2,\"name\":\"Kinder in San Marino\"}]},{\"@type\":\"WebSite\",\"@id\":\"https:\/\/www.humanium.org\/de\/#website\",\"url\":\"https:\/\/www.humanium.org\/de\/\",\"name\":\"Humanium\",\"description\":\"Kinder zuerst!\",\"potentialAction\":[{\"@type\":\"SearchAction\",\"target\":{\"@type\":\"EntryPoint\",\"urlTemplate\":\"https:\/\/www.humanium.org\/de\/?s={search_term_string}\"},\"query-input\":{\"@type\":\"PropertyValueSpecification\",\"valueRequired\":true,\"valueName\":\"search_term_string\"}}],\"inLanguage\":\"de\"}]}<\/script>\n<!-- \/ Yoast SEO plugin. -->","yoast_head_json":{"title":"Kinder in San Marino - Humanium","description":"San Marino legt gro\u00dfen Wert auf den Schutz der Kinderrechte und stellt f\u00fcr den Schutz von Kindern in allen Lebensphasen betr\u00e4chtliche Mittel zur Verf\u00fcgung.","robots":{"index":"index","follow":"follow","max-snippet":"max-snippet:-1","max-image-preview":"max-image-preview:large","max-video-preview":"max-video-preview:-1"},"canonical":"https:\/\/www.humanium.org\/de\/sanmarino\/","og_locale":"de_DE","og_type":"article","og_title":"Kinder in San Marino - Humanium","og_description":"San Marino legt gro\u00dfen Wert auf den Schutz der Kinderrechte und stellt f\u00fcr den Schutz von Kindern in allen Lebensphasen betr\u00e4chtliche Mittel zur Verf\u00fcgung.","og_url":"https:\/\/www.humanium.org\/de\/sanmarino\/","og_site_name":"Humanium","article_modified_time":"2025-12-05T17:11:51+00:00","og_image":[{"width":1000,"height":667,"url":"https:\/\/www.humanium.org\/de\/wp-content\/uploads\/2020\/03\/shutterstock_520754878.jpg","type":"image\/jpeg"}],"twitter_card":"summary_large_image","twitter_misc":{"Gesch\u00e4tzte Lesezeit":"3\u00a0Minuten"},"schema":{"@context":"https:\/\/schema.org","@graph":[{"@type":"WebPage","@id":"https:\/\/www.humanium.org\/de\/sanmarino\/","url":"https:\/\/www.humanium.org\/de\/sanmarino\/","name":"Kinder in San Marino - Humanium","isPartOf":{"@id":"https:\/\/www.humanium.org\/de\/#website"},"primaryImageOfPage":{"@id":"https:\/\/www.humanium.org\/de\/sanmarino\/#primaryimage"},"image":{"@id":"https:\/\/www.humanium.org\/de\/sanmarino\/#primaryimage"},"thumbnailUrl":"https:\/\/www.humanium.org\/en\/wp-content\/uploads\/2013\/02\/Carlitos-flickr.jpg","datePublished":"2016-06-07T17:31:32+00:00","dateModified":"2025-12-05T17:11:51+00:00","description":"San Marino legt gro\u00dfen Wert auf den Schutz der Kinderrechte und stellt f\u00fcr den Schutz von Kindern in allen Lebensphasen betr\u00e4chtliche Mittel zur Verf\u00fcgung.","breadcrumb":{"@id":"https:\/\/www.humanium.org\/de\/sanmarino\/#breadcrumb"},"inLanguage":"de","potentialAction":[{"@type":"ReadAction","target":["https:\/\/www.humanium.org\/de\/sanmarino\/"]}]},{"@type":"ImageObject","inLanguage":"de","@id":"https:\/\/www.humanium.org\/de\/sanmarino\/#primaryimage","url":"https:\/\/www.humanium.org\/en\/wp-content\/uploads\/2013\/02\/Carlitos-flickr.jpg","contentUrl":"https:\/\/www.humanium.org\/en\/wp-content\/uploads\/2013\/02\/Carlitos-flickr.jpg"},{"@type":"BreadcrumbList","@id":"https:\/\/www.humanium.org\/de\/sanmarino\/#breadcrumb","itemListElement":[{"@type":"ListItem","position":1,"name":"Home","item":"https:\/\/www.humanium.org\/de\/"},{"@type":"ListItem","position":2,"name":"Kinder in San Marino"}]},{"@type":"WebSite","@id":"https:\/\/www.humanium.org\/de\/#website","url":"https:\/\/www.humanium.org\/de\/","name":"Humanium","description":"Kinder zuerst!","potentialAction":[{"@type":"SearchAction","target":{"@type":"EntryPoint","urlTemplate":"https:\/\/www.humanium.org\/de\/?s={search_term_string}"},"query-input":{"@type":"PropertyValueSpecification","valueRequired":true,"valueName":"search_term_string"}}],"inLanguage":"de"}]}},"_links":{"self":[{"href":"https:\/\/www.humanium.org\/de\/wp-json\/wp\/v2\/pages\/7628","targetHints":{"allow":["GET"]}}],"collection":[{"href":"https:\/\/www.humanium.org\/de\/wp-json\/wp\/v2\/pages"}],"about":[{"href":"https:\/\/www.humanium.org\/de\/wp-json\/wp\/v2\/types\/page"}],"author":[{"embeddable":true,"href":"https:\/\/www.humanium.org\/de\/wp-json\/wp\/v2\/users\/1"}],"replies":[{"embeddable":true,"href":"https:\/\/www.humanium.org\/de\/wp-json\/wp\/v2\/comments?post=7628"}],"version-history":[{"count":3,"href":"https:\/\/www.humanium.org\/de\/wp-json\/wp\/v2\/pages\/7628\/revisions"}],"predecessor-version":[{"id":20179,"href":"https:\/\/www.humanium.org\/de\/wp-json\/wp\/v2\/pages\/7628\/revisions\/20179"}],"wp:attachment":[{"href":"https:\/\/www.humanium.org\/de\/wp-json\/wp\/v2\/media?parent=7628"}],"curies":[{"name":"wp","href":"https:\/\/api.w.org\/{rel}","templated":true}]}}