{"id":7629,"date":"2016-06-15T11:06:52","date_gmt":"2016-06-15T11:06:52","guid":{"rendered":"http:\/\/www.humanium.org\/de\/?page_id=6642"},"modified":"2025-12-06T06:25:52","modified_gmt":"2025-12-06T06:25:52","slug":"moldawien","status":"publish","type":"page","link":"https:\/\/www.humanium.org\/de\/moldawien\/","title":{"rendered":"Kinder in Moldawien"},"content":{"rendered":"<h1>Kinder in Moldawien<\/h1>\n<h2>Die Verwirklichung der Kinderrechte in Moldawien<\/h2>\n<p style=\"text-align: center;\"><img loading=\"lazy\" decoding=\"async\" class=\"alignnone size-full wp-image-5198\" title=\"M\u00e4dchen aus Moldawien \u00a9 D proffer (flickr)\" src=\"https:\/\/www.humanium.org\/en\/wp-content\/uploads\/2011\/11\/fillette-d-proffer-flickr1.jpg\" alt=\"\" width=\"123\" height=\"200\" \/> <img loading=\"lazy\" decoding=\"async\" class=\"alignnone size-full wp-image-5199\" title=\"Junge aus Moldawien \u00a9 Mr Mihi (flickr)\" src=\"https:\/\/www.humanium.org\/en\/wp-content\/uploads\/2011\/11\/garcon-mr-mihi-flickr.jpg\" alt=\"\" width=\"128\" height=\"200\" \/><\/p>\n<p>In Moldawien, oder der Republik Moldau, werden viele Rechte der Kinder verletzt. Viele Kinder (u.a. eingewanderte Kinder, oder Kinder aus Minderheiten) werden aus der Gesellschaft ausgegrenzt und leben unter sehr erschwerten Bedingungen.<\/p>\n<h3>Hauptprobleme, mit denen Kinder in Moldawien konfrontiert sind:<\/h3>\n<p><strong><a href=\"https:\/\/www.humanium.org\/de\/armut\/\">Armut<\/a><\/strong><\/p>\n<p>Mehr als ein Viertel der moldawischen Einwohner lebt unterhalb der Armutsgrenze, darunter sind 30% Kinder. Diese wirtschaftliche Situation hat negative Auswirkungen auf das Wohlbefinden der Kinder, da sie h\u00e4ufig nicht die n\u00f6tigen Mittel haben, um Zugang zu all ihren Rechten, sogar den elementarsten, zu haben.<\/p>\n<p><strong><a href=\"https:\/\/www.humanium.org\/de\/das-recht-auf-gesundheit\/\" target=\"_blank\" rel=\"noopener\">Das Recht auf Gesundheit<\/a><\/strong><\/p>\n<p><img loading=\"lazy\" decoding=\"async\" class=\"alignright size-full wp-image-5203\" title=\"Trotz neusten Verbesserungen bestehen immer noch bestimmte Probleme in Moldawien. \u00a9 Mr Mihi (flickr)\" src=\"https:\/\/www.humanium.org\/en\/wp-content\/uploads\/2011\/11\/sante-mr-mihi-flickr.jpg\" alt=\"\" width=\"153\" height=\"200\" \/>In den letzten Jahrzehnten hat Moldawien einen gro\u00dfen Fortschritt in der Verbesserung des Gesundheitssystems gemacht. Dadurch sind die Indikatoren in diesem Bereich heute viel besser, vor allem f\u00fcr die junge Bev\u00f6lkerung. Jedoch gibt es immer noch einige Probleme, die ein gro\u00dfes Hindernis f\u00fcr den Zugang zur gesundheitlichen Versorgung darstellen.<\/p>\n<p>Die finanziellen Ressourcen sind, zum Beispiel, meist sehr knapp und erlauben es nicht, die ganze Familie gesundheitlich zu versorgen (dies betrifft vor allem die \u00c4rmsten in der Bev\u00f6lkerung). Die medizinische Ausstattung ist oft nicht ausreichend und das Personal nicht gut genug geschult. Qualit\u00e4tsstandards f\u00fcr sanit\u00e4re und hygienische Ma\u00dfnahmen lassen zu w\u00fcnschen \u00fcbrig.<\/p>\n<p><strong><a href=\"https:\/\/www.humanium.org\/de\/kinder-und-aids\/\">HIV\/AIDS<\/a><\/strong><\/p>\n<p>Die HIV-Infektionsrate verzeichnet in Moldawien steigende Zahlen. Besonders hoch ist die Anzahl von Jugendlichen, die HIV-positiv sind. Die Ansteckung mit dem Virus auf sexuellem Wege tritt h\u00e4ufig auf.<\/p>\n<p>Eine bessere Informations- und Pr\u00e4ventionskampagne \u00fcber HIV f\u00fcr Jugendliche w\u00fcrde helfen die Verbreitung zu stoppen.<\/p>\n<p><strong><a href=\"https:\/\/www.humanium.org\/de\/recht-bildung\/\">Das Recht auf Bildung<\/a><\/strong><\/p>\n<p><img loading=\"lazy\" decoding=\"async\" class=\"alignright size-full wp-image-5204\" title=\"Der moldawische Bildungsbereich braucht zahlreiche Verbesserungen \u00a9 United Nations Development Programme (flickr)\" src=\"https:\/\/www.humanium.org\/en\/wp-content\/uploads\/2011\/11\/ecole-united-nations-development-programme-flickr-notouch.jpg\" alt=\"\" width=\"240\" height=\"160\" \/>Eins von zehn Kindern wird in Moldawien nicht eingeschult. Diese Quote hat sich in den letzten Jahren verschlimmert, vor allem da der Zugang zur Schule stark von der wirtschaftlichen Situation der Eltern abh\u00e4ngt.<\/p>\n<p>Des Weiteren tragen die schlechte Infrastruktur und das ungen\u00fcgende Schulmaterial nicht gerade zu guten Lernvoraussetzungen der Kinder bei. Die Qualit\u00e4t des Unterrichts ist manchmal auch unzureichend.<\/p>\n<p><strong><a href=\"https:\/\/www.humanium.org\/de\/kinderarbeit-2\/\">Kinderarbeit<\/a><\/strong><\/p>\n<p>Moldawien hat verschiedene Gesetze verabschiedet, um Kinderarbeit abzuschaffen. Da jedoch die Gesetzgebung wenig effizient ist, existiert Kinderarbeit weiterhin. Mehr als 30% der moldawischen Kinder arbeiten gegen Bezahlung.<\/p>\n<p>Einige Kinder haben keine andere Wahl und m\u00fcssen die schlimmsten Formen von Arbeit ausf\u00fchren. Sie sind manchmal Opfer von Zwangsarbeit oder <a href=\"https:\/\/www.humanium.org\/de\/die-sexuelle-ausbeutung-von-kindern\/\">sexueller Ausbeutung<\/a>.<\/p>\n<p><strong>Kinder aus Minderheiten<\/strong><\/p>\n<p><img loading=\"lazy\" decoding=\"async\" class=\"alignright size-medium wp-image-5205\" title=\"Kinder aus Minderheiten werden oft in Moldawien diskriminiert \u00a9 Dasha Gaian (flickr)\" src=\"https:\/\/www.humanium.org\/en\/wp-content\/uploads\/2011\/11\/minorite-dasha-gaian-flickr-notouch-300x128.jpg\" alt=\"\" width=\"300\" height=\"128\" \/>Kinder aus religi\u00f6sen oder ethnischen Minderheiten werden regelm\u00e4\u00dfig diskriminiert. Die Kinder der Roma sind besonders betroffen. Sie haben oft Schwierigkeiten Zugang zu \u00f6ffentlichen Dienstleistungen zu erhalten, wie z.B. Bildung, Gesundheit usw.<\/p>\n<p>Die Einschulungsquote der Roma Kinder ist zum Beispiel viel niedriger. Nur die H\u00e4lfte der Kinder geht auf eine weiterf\u00fchrende Schulen.<\/p>\n<p><strong>Migration<\/strong><\/p>\n<p>Das \u00f6konomische Klima in Moldawien f\u00fchrt dazu, dass manche aus dem Land fliehen. Einige Familien gehen sogar soweit, dass sie aus dem Land fliehen und ihre Kinder zur\u00fcck lassen, die dann v\u00f6llig sich selbst \u00fcberlassen sind.<\/p>\n<p>Die Kinder entscheiden sich oftmals dazu, das Land ebenfalls zu verlassen und gehen h\u00e4ufig in die Ukraine oder nach Russland. Sie tr\u00e4umen von einem einfacheren Leben und einer besseren Zukunft. Leider wird ihre Hoffnung meist schnell entt\u00e4uscht. Allein, in einem Land, das keine Vorkehrungen getroffen hat, sich um sie zu k\u00fcmmern, leben sie auf der Stra\u00dfe, die viele Gefahren mit sich bringt. Das macht sie verletzlich und sie werden zur leichten Beute f\u00fcr einige Erwachsene, die nicht z\u00f6gern sie auszubeuten.<\/p>\n<p><strong><a href=\"https:\/\/www.humanium.org\/de\/gewalt\/\">Gewalt gegen\u00fcber Kindern<\/a><\/strong><\/p>\n<p>Der Ausschuss f\u00fcr die Rechte des Kindes zeigt sich besorgt \u00fcber die Pr\u00e4valenz von k\u00f6rperlicher Z\u00fcchtigung gegen\u00fcber Kindern. Ob im sozialen oder famili\u00e4ren Rahmen &#8211; diese Bestrafungen werden weitestgehend von der moldawischen Bev\u00f6lkerung akzeptiert, die diese Vorgehensweise f\u00fcr das beste Mittel h\u00e4lt, um die Kinder zu disziplinieren. Jedoch k\u00f6nnen diese Gewaltanwendungen schwere Konsequenzen f\u00fcr ihre physische und psychische Gesundheit haben.<\/p>\n<p><strong><a href=\"https:\/\/www.humanium.org\/de\/kinderheirat\/\">Kinderheirat<\/a><\/strong><\/p>\n<p><img loading=\"lazy\" decoding=\"async\" class=\"alignright size-full wp-image-5206\" title=\"Verheiratung von Kindern geh\u00f6rt in Moldawien noch zur Normalit\u00e4t. \u00a9 Laughing tree (flickr)\" src=\"https:\/\/www.humanium.org\/en\/wp-content\/uploads\/2011\/11\/mariage-laughing-tree-flickr-notouch.jpg\" alt=\"\" width=\"135\" height=\"180\" \/>In Moldawien werden 19% der jungen Frauen vor dem Erreichen ihres 18. Lebensjahres verheiratet. Dieser Brauch kann sich negativ auf ihr Wohlbefinden auswirken. Sie sind sich meist nicht \u00fcber die Folgen ihres neuen Status als Ehefrau im Klaren. Au\u00dferdem w\u00e4hlen sie nicht immer ihren Ehemann und m\u00fcssen oftmals ohne ihr Einverst\u00e4ndnis sexuelle Handlungen ertragen, wenn nicht sogar unerw\u00fcnschte Schwangerschaften.<\/p>\n","protected":false},"excerpt":{"rendered":"<p>Kinder in Moldawien Die Verwirklichung der Kinderrechte in Moldawien In Moldawien, oder der Republik Moldau, werden viele Rechte der Kinder verletzt. Viele Kinder (u.a. eingewanderte Kinder, oder Kinder aus Minderheiten) werden aus der Gesellschaft ausgegrenzt und leben unter sehr erschwerten Bedingungen. Hauptprobleme, mit denen Kinder in Moldawien konfrontiert sind: Armut Mehr als ein Viertel der [&hellip;]<\/p>\n","protected":false},"author":1,"featured_media":0,"parent":0,"menu_order":0,"comment_status":"closed","ping_status":"closed","template":"","meta":{"footnotes":""},"class_list":["post-7629","page","type-page","status-publish","hentry"],"yoast_head":"<!-- This site is optimized with the Yoast SEO plugin v26.5 - https:\/\/yoast.com\/wordpress\/plugins\/seo\/ -->\n<title>Kinder in Moldawien - Humanium<\/title>\n<meta name=\"description\" content=\"In Moldawien werden viele Rechte der Kinder verletzt. Viele Kinder werden aus der Gesellschaft ausgegrenzt und leben unter sehr erschwerten Bedingungen.\" \/>\n<meta name=\"robots\" content=\"index, follow, max-snippet:-1, max-image-preview:large, max-video-preview:-1\" \/>\n<link rel=\"canonical\" href=\"https:\/\/www.humanium.org\/de\/moldawien\/\" \/>\n<meta property=\"og:locale\" content=\"de_DE\" \/>\n<meta property=\"og:type\" content=\"article\" \/>\n<meta property=\"og:title\" content=\"Kinder in Moldawien - Humanium\" \/>\n<meta property=\"og:description\" content=\"In Moldawien werden viele Rechte der Kinder verletzt. Viele Kinder werden aus der Gesellschaft ausgegrenzt und leben unter sehr erschwerten Bedingungen.\" \/>\n<meta property=\"og:url\" content=\"https:\/\/www.humanium.org\/de\/moldawien\/\" \/>\n<meta property=\"og:site_name\" content=\"Humanium\" \/>\n<meta property=\"article:modified_time\" content=\"2025-12-06T06:25:52+00:00\" \/>\n<meta name=\"twitter:card\" content=\"summary_large_image\" \/>\n<meta name=\"twitter:label1\" content=\"Gesch\u00e4tzte Lesezeit\" \/>\n\t<meta name=\"twitter:data1\" content=\"6\u00a0Minuten\" \/>\n<script type=\"application\/ld+json\" class=\"yoast-schema-graph\">{\"@context\":\"https:\/\/schema.org\",\"@graph\":[{\"@type\":\"WebPage\",\"@id\":\"https:\/\/www.humanium.org\/de\/moldawien\/\",\"url\":\"https:\/\/www.humanium.org\/de\/moldawien\/\",\"name\":\"Kinder in Moldawien - Humanium\",\"isPartOf\":{\"@id\":\"https:\/\/www.humanium.org\/de\/#website\"},\"primaryImageOfPage\":{\"@id\":\"https:\/\/www.humanium.org\/de\/moldawien\/#primaryimage\"},\"image\":{\"@id\":\"https:\/\/www.humanium.org\/de\/moldawien\/#primaryimage\"},\"thumbnailUrl\":\"https:\/\/www.humanium.org\/en\/wp-content\/uploads\/2011\/11\/fillette-d-proffer-flickr1.jpg\",\"datePublished\":\"2016-06-15T11:06:52+00:00\",\"dateModified\":\"2025-12-06T06:25:52+00:00\",\"description\":\"In Moldawien werden viele Rechte der Kinder verletzt. Viele Kinder werden aus der Gesellschaft ausgegrenzt und leben unter sehr erschwerten Bedingungen.\",\"breadcrumb\":{\"@id\":\"https:\/\/www.humanium.org\/de\/moldawien\/#breadcrumb\"},\"inLanguage\":\"de\",\"potentialAction\":[{\"@type\":\"ReadAction\",\"target\":[\"https:\/\/www.humanium.org\/de\/moldawien\/\"]}]},{\"@type\":\"ImageObject\",\"inLanguage\":\"de\",\"@id\":\"https:\/\/www.humanium.org\/de\/moldawien\/#primaryimage\",\"url\":\"https:\/\/www.humanium.org\/en\/wp-content\/uploads\/2011\/11\/fillette-d-proffer-flickr1.jpg\",\"contentUrl\":\"https:\/\/www.humanium.org\/en\/wp-content\/uploads\/2011\/11\/fillette-d-proffer-flickr1.jpg\"},{\"@type\":\"BreadcrumbList\",\"@id\":\"https:\/\/www.humanium.org\/de\/moldawien\/#breadcrumb\",\"itemListElement\":[{\"@type\":\"ListItem\",\"position\":1,\"name\":\"Home\",\"item\":\"https:\/\/www.humanium.org\/de\/\"},{\"@type\":\"ListItem\",\"position\":2,\"name\":\"Kinder in Moldawien\"}]},{\"@type\":\"WebSite\",\"@id\":\"https:\/\/www.humanium.org\/de\/#website\",\"url\":\"https:\/\/www.humanium.org\/de\/\",\"name\":\"Humanium\",\"description\":\"Kinder zuerst!\",\"potentialAction\":[{\"@type\":\"SearchAction\",\"target\":{\"@type\":\"EntryPoint\",\"urlTemplate\":\"https:\/\/www.humanium.org\/de\/?s={search_term_string}\"},\"query-input\":{\"@type\":\"PropertyValueSpecification\",\"valueRequired\":true,\"valueName\":\"search_term_string\"}}],\"inLanguage\":\"de\"}]}<\/script>\n<!-- \/ Yoast SEO plugin. -->","yoast_head_json":{"title":"Kinder in Moldawien - Humanium","description":"In Moldawien werden viele Rechte der Kinder verletzt. Viele Kinder werden aus der Gesellschaft ausgegrenzt und leben unter sehr erschwerten Bedingungen.","robots":{"index":"index","follow":"follow","max-snippet":"max-snippet:-1","max-image-preview":"max-image-preview:large","max-video-preview":"max-video-preview:-1"},"canonical":"https:\/\/www.humanium.org\/de\/moldawien\/","og_locale":"de_DE","og_type":"article","og_title":"Kinder in Moldawien - Humanium","og_description":"In Moldawien werden viele Rechte der Kinder verletzt. Viele Kinder werden aus der Gesellschaft ausgegrenzt und leben unter sehr erschwerten Bedingungen.","og_url":"https:\/\/www.humanium.org\/de\/moldawien\/","og_site_name":"Humanium","article_modified_time":"2025-12-06T06:25:52+00:00","twitter_card":"summary_large_image","twitter_misc":{"Gesch\u00e4tzte Lesezeit":"6\u00a0Minuten"},"schema":{"@context":"https:\/\/schema.org","@graph":[{"@type":"WebPage","@id":"https:\/\/www.humanium.org\/de\/moldawien\/","url":"https:\/\/www.humanium.org\/de\/moldawien\/","name":"Kinder in Moldawien - Humanium","isPartOf":{"@id":"https:\/\/www.humanium.org\/de\/#website"},"primaryImageOfPage":{"@id":"https:\/\/www.humanium.org\/de\/moldawien\/#primaryimage"},"image":{"@id":"https:\/\/www.humanium.org\/de\/moldawien\/#primaryimage"},"thumbnailUrl":"https:\/\/www.humanium.org\/en\/wp-content\/uploads\/2011\/11\/fillette-d-proffer-flickr1.jpg","datePublished":"2016-06-15T11:06:52+00:00","dateModified":"2025-12-06T06:25:52+00:00","description":"In Moldawien werden viele Rechte der Kinder verletzt. Viele Kinder werden aus der Gesellschaft ausgegrenzt und leben unter sehr erschwerten Bedingungen.","breadcrumb":{"@id":"https:\/\/www.humanium.org\/de\/moldawien\/#breadcrumb"},"inLanguage":"de","potentialAction":[{"@type":"ReadAction","target":["https:\/\/www.humanium.org\/de\/moldawien\/"]}]},{"@type":"ImageObject","inLanguage":"de","@id":"https:\/\/www.humanium.org\/de\/moldawien\/#primaryimage","url":"https:\/\/www.humanium.org\/en\/wp-content\/uploads\/2011\/11\/fillette-d-proffer-flickr1.jpg","contentUrl":"https:\/\/www.humanium.org\/en\/wp-content\/uploads\/2011\/11\/fillette-d-proffer-flickr1.jpg"},{"@type":"BreadcrumbList","@id":"https:\/\/www.humanium.org\/de\/moldawien\/#breadcrumb","itemListElement":[{"@type":"ListItem","position":1,"name":"Home","item":"https:\/\/www.humanium.org\/de\/"},{"@type":"ListItem","position":2,"name":"Kinder in Moldawien"}]},{"@type":"WebSite","@id":"https:\/\/www.humanium.org\/de\/#website","url":"https:\/\/www.humanium.org\/de\/","name":"Humanium","description":"Kinder zuerst!","potentialAction":[{"@type":"SearchAction","target":{"@type":"EntryPoint","urlTemplate":"https:\/\/www.humanium.org\/de\/?s={search_term_string}"},"query-input":{"@type":"PropertyValueSpecification","valueRequired":true,"valueName":"search_term_string"}}],"inLanguage":"de"}]}},"_links":{"self":[{"href":"https:\/\/www.humanium.org\/de\/wp-json\/wp\/v2\/pages\/7629","targetHints":{"allow":["GET"]}}],"collection":[{"href":"https:\/\/www.humanium.org\/de\/wp-json\/wp\/v2\/pages"}],"about":[{"href":"https:\/\/www.humanium.org\/de\/wp-json\/wp\/v2\/types\/page"}],"author":[{"embeddable":true,"href":"https:\/\/www.humanium.org\/de\/wp-json\/wp\/v2\/users\/1"}],"replies":[{"embeddable":true,"href":"https:\/\/www.humanium.org\/de\/wp-json\/wp\/v2\/comments?post=7629"}],"version-history":[{"count":7,"href":"https:\/\/www.humanium.org\/de\/wp-json\/wp\/v2\/pages\/7629\/revisions"}],"predecessor-version":[{"id":20823,"href":"https:\/\/www.humanium.org\/de\/wp-json\/wp\/v2\/pages\/7629\/revisions\/20823"}],"wp:attachment":[{"href":"https:\/\/www.humanium.org\/de\/wp-json\/wp\/v2\/media?parent=7629"}],"curies":[{"name":"wp","href":"https:\/\/api.w.org\/{rel}","templated":true}]}}