{"id":7633,"date":"2016-06-28T16:58:28","date_gmt":"2016-06-28T16:58:28","guid":{"rendered":"http:\/\/www.humanium.org\/de\/?page_id=6706"},"modified":"2025-12-06T06:25:52","modified_gmt":"2025-12-06T06:25:52","slug":"kosovo","status":"publish","type":"page","link":"https:\/\/www.humanium.org\/de\/kosovo\/","title":{"rendered":"Kinder im Kosovo"},"content":{"rendered":"<h1>Kinder im Kosovo<\/h1>\n<h2>Die Verwirklichung der\u00a0Kinderrechte im Kosovo<\/h2>\n<p style=\"text-align: center;\"><img loading=\"lazy\" decoding=\"async\" class=\"alignnone size-full wp-image-8420\" title=\"Portrait eines jungen kosovarischen M\u00e4dchens \u00a9 Shkumbin (Flickr)\" src=\"https:\/\/www.humanium.org\/en\/wp-content\/uploads\/2012\/07\/portrait-petite-fille-\u00a9-Shkumbin-Flickr.jpg\" alt=\"\" width=\"150\" height=\"200\" \/><\/p>\n<p>Nach einem gewaltsamen Krieg hat sich Kosovo am 17. Februar 2008 von Serbien unabh\u00e4ngig erkl\u00e4rt. Allerdings wurde dieser Status im Jahr 2012 nur von 91 der 193 Mitgliedsstaaten der Vereinten Nationen anerkannt. Man sp\u00fcrt immer noch starke ethnische Spannungen; Armut und Kinderarbeit sind sehr besorgniserregende Themen. Am meisten davon betroffen sind Kinder, vor allem die, die einer Minderheit angeh\u00f6ren.<\/p>\n<h3>Hauptprobleme, denen Kinder im Kosovo gegen\u00fcberstehen:<\/h3>\n<p><a href=\"https:\/\/www.humanium.org\/de\/armut\/\"><strong>Armut<\/strong><\/a><\/p>\n<p>Im Kosovo leben fast 30% der Bev\u00f6lkerung unterhalb der Armutsgrenze (ca. 1,25$ pro Tag) und somit ist das Land eines der \u00e4rmsten L\u00e4nder auf dem europ\u00e4ischen Kontinent. Auch wenn in den letzten Jahren bedeutende Fortschritte gemacht wurden, um die Wirtschaft zu stabilisieren, bleibt der Kosovo immer noch abh\u00e4ngig von internationalen Hilfen.<\/p>\n<p>Au\u00dferdem ist der Zugang zum Arbeitsmarkt sehr beschr\u00e4nkt und es ist nicht einfach, diesen moderner zu gestalten: 26% der Bev\u00f6lkerung ist arbeitslos. Armut betrifft vor allem Kinder und Minderheiten wie Roma oder Ashkali.<\/p>\n<p><a href=\"https:\/\/www.humanium.org\/de\/strasenkinder\/\"><strong>Stra\u00dfenkinder<\/strong><\/a><\/p>\n<p>W\u00e4hrend des Krieges mussten Tausende von Menschen ihre Wohnungen verlassen und selten trifft man welche, die zur\u00fcckkehren konnten. Da sie in extremer Armut leben, m\u00fcssen zahlreiche Familien auf der Stra\u00dfe leben oder in provisorischen Lagern, zusammen mit ihren Kindern.<\/p>\n<p><a href=\"https:\/\/www.humanium.org\/de\/kinderarbeit-2\/\"><strong>Kinderarbeit und Bettelei<\/strong><\/a><\/p>\n<p>Mehr als 100 000 Kinder unter 14 Jahren m\u00fcssen mit weniger als 1\u20ac pro Tag auskommen. Deshalb arbeiten viele von ihnen haupts\u00e4chlich als fliegende H\u00e4ndler und M\u00fcllsammler. Man sieht ebenfalls zahlreiche bettelnde Kinder auf den Stra\u00dfen. Diese T\u00e4tigkeiten haben Auswirkungen auf die Entwicklung und die Sicherheit der Kinder, aber langfristig auch auf die Gesellschaft, da diese Kinder keine Schulbildung erfahren.<\/p>\n<p><a href=\"https:\/\/www.humanium.org\/de\/recht-bildung\/\"><strong>Das Recht auf Bildung<\/strong><\/a><\/p>\n<p>Obwohl die Bev\u00f6lkerung im Kosovo relativ jung ist, ist Bildung keine Priorit\u00e4t. Aufgrund von fehlender angemessener Infrastruktur, gehen die Kinder in der Regel in drei bis vier rotierenden Gruppen zur Grundschule.<\/p>\n<p>Vorschuleinrichtungen sind kaum entwickelt. Zurzeit haben weniger als 10% der Kinder zwischen drei und sechs Jahren Zugang zur vorschulischen Bildung.<\/p>\n<p>Zudem bestehen gro\u00dfe Ungleichheiten zwischen Jungen und M\u00e4dchen, da nur etwa 70% der M\u00e4dchen nach der Grundschule zur weiterf\u00fchrenden Schule gehen im Vergleich zu 95% der Jungen. Aber auch zwischen Kosovoalbanern (von denen etwa 98% der Kinder zur Grundschule gehen) und Kosovaren, die Minderheiten angeh\u00f6ren (von denen nur 77% der Kinder zwischen 6 und 14 Jahren an einer Schule eingeschrieben sind), gibt es Unterschiede.<\/p>\n<p><strong><a href=\"https:\/\/www.humanium.org\/de\/das-recht-auf-gesundheit\/\">Das Recht auf Gesundheit<\/a><\/strong><\/p>\n<p>Die Infrastruktur der Gesundheitsleistungen ist sehr schlecht ausgebaut. Etwa 36% der Bev\u00f6lkerung hat keinen Zugang zu Trinkwasser. Anderweitig z\u00e4hlt man zahlreiche F\u00e4lle von Tuberkulose. Industrieller Verunreinigung, vor allem durch Eisen, sind ebenfalls ein Problem. Zuletzt konnte bei <a href=\"https:\/\/www.humanium.org\/de\/kinder-und-aids\/\">HIV\/AIDS<\/a> eine besorgniserregende Zunahme der F\u00e4lle registriert werden. Als Folge einer mangelnden Bewusstseinsschaffung in der Bev\u00f6lkerung, einer fehlenden gesundheitlichen Bildung und sexueller Aufkl\u00e4rung tritt diese Krankheit vermehrt auf. Migrationsbewegungen und das Vorkommen von <a href=\"https:\/\/www.humanium.org\/de\/die-sexuelle-ausbeutung-von-kindern\/\">sexuellem Missbrauch<\/a> von Kindern erh\u00f6ht die Verbreitung der Krankheit.<\/p>\n<p><a href=\"https:\/\/www.humanium.org\/de\/kinder-mit-behinderung\/\"><strong>Kinder mit Behinderungen<\/strong><\/a><\/p>\n<p><a href=\"https:\/\/www.humanium.org\/en\/wp-content\/uploads\/2012\/07\/victime-des-mines-anti-personnel-\u00a9-UN-Photo-UNHCR-Roger-LeMoyne.jpg\"><img loading=\"lazy\" decoding=\"async\" class=\"alignright wp-image-8424\" title=\"Junges Opfer einer Antipersonenmine \u00a9 UN Photo - UNHCR - Roger LeMoyne\" src=\"https:\/\/www.humanium.org\/en\/wp-content\/uploads\/2012\/07\/victime-des-mines-anti-personnel-\u00a9-UN-Photo-UNHCR-Roger-LeMoyne.jpg\" alt=\"\" width=\"214\" height=\"144\" \/><\/a>Es wird gesch\u00e4tzt, dass 70% der Opfer von Antipersonenminen j\u00fcnger als 24 Jahre alt sind. Es fehlt aber leider immer noch an wichtigen Gesundheitsleistungen f\u00fcr diejenigen, die vom Krieg verst\u00fcmmelt wurden. Das gilt umso mehr f\u00fcr Menschen mit Behinderungen, die Probleme bei der Integration in die Gesellschaft versp\u00fcren.<\/p>\n<p><a href=\"https:\/\/www.humanium.org\/de\/recht-nahrung\/\"><strong>Unterern\u00e4hrung<\/strong><\/a><\/p>\n<p>Nach Sch\u00e4tzungen ist im Kosovo ein Zehntel aller Kinder unter f\u00fcnf Jahren unterern\u00e4hrt. Einer der Hauptgr\u00fcnde daf\u00fcr ist ein Mangel an Jodsalz in der Ern\u00e4hrung der Kosovaren. Dieser Mangel hat gro\u00dfe Auswirkungen auf die k\u00f6rperliche und geistige Entwicklung der Kinder.<\/p>\n<p><a href=\"https:\/\/www.humanium.org\/de\/kinderhandel\/\"><strong>Kinderhandel<\/strong><\/a><\/p>\n<p>Eine vor kurzem durchgef\u00fchrte Studie von UNICEF zeigt, dass der Kinderhandel zunimmt. Diese Kinder sind haupts\u00e4chlich Opfer von sexueller Ausbeutung, Organhandel oder Zwangsarbeit innerhalb des Kosovos oder werden in andere europ\u00e4ische Staaten gebracht.<\/p>\n<p><strong>Kinder aus Minderheiten<\/strong><\/p>\n<p><img loading=\"lazy\" decoding=\"async\" class=\"alignright wp-image-8425\" title=\"Roma-Kinder aus dem Kosovo \u00a9 CharlesFred (Flickr)\" src=\"https:\/\/www.humanium.org\/en\/wp-content\/uploads\/2012\/07\/enfants-Rom-au-Kosovo-\u00a9-CharlesFred-Flickr.jpg\" alt=\"\" width=\"210\" height=\"140\" \/>Im Kosovo leben mehrere ethnische nichtalbanische Minderheiten, so zum Beispiel Roma, Ashkali oder Serben. Sie repr\u00e4sentieren 8% der Bev\u00f6lkerung, das entspricht ca. 160 000 Menschen. Kinder, die Minderheiten angeh\u00f6ren, sind h\u00e4ufiger Opfer von Kinderrechtsverletzungen.<\/p>\n<p>Betonen muss man auch, dass die Kinder aus der serbischen Gemeinde im Kosovo besonders h\u00e4ufig Opfer von Gewalt sind und Kinder aus der Gemeinde der Ashkali oder Roma vor allem von Armut, Bettelei und fehlender Schulbildung betroffen sind.<\/p>\n","protected":false},"excerpt":{"rendered":"<p>Kinder im Kosovo Die Verwirklichung der\u00a0Kinderrechte im Kosovo Nach einem gewaltsamen Krieg hat sich Kosovo am 17. Februar 2008 von Serbien unabh\u00e4ngig erkl\u00e4rt. Allerdings wurde dieser Status im Jahr 2012 nur von 91 der 193 Mitgliedsstaaten der Vereinten Nationen anerkannt. Man sp\u00fcrt immer noch starke ethnische Spannungen; Armut und Kinderarbeit sind sehr besorgniserregende Themen. Am [&hellip;]<\/p>\n","protected":false},"author":1,"featured_media":0,"parent":0,"menu_order":0,"comment_status":"closed","ping_status":"closed","template":"","meta":{"footnotes":""},"class_list":["post-7633","page","type-page","status-publish","hentry"],"yoast_head":"<!-- This site is optimized with the Yoast SEO plugin v26.5 - https:\/\/yoast.com\/wordpress\/plugins\/seo\/ -->\n<title>Kinder im Kosovo - Humanium<\/title>\n<meta name=\"description\" content=\"Armut und Kinderarbeit sind in Kosovo sehr besorgniserregende Themen. Am meisten davon betroffen sind Kinder, vor allem die, die einer Minderheit angeh\u00f6ren.\" \/>\n<meta name=\"robots\" content=\"index, follow, max-snippet:-1, max-image-preview:large, max-video-preview:-1\" \/>\n<link rel=\"canonical\" href=\"https:\/\/www.humanium.org\/de\/kosovo\/\" \/>\n<meta property=\"og:locale\" content=\"de_DE\" \/>\n<meta property=\"og:type\" content=\"article\" \/>\n<meta property=\"og:title\" content=\"Kinder im Kosovo - Humanium\" \/>\n<meta property=\"og:description\" content=\"Armut und Kinderarbeit sind in Kosovo sehr besorgniserregende Themen. Am meisten davon betroffen sind Kinder, vor allem die, die einer Minderheit angeh\u00f6ren.\" \/>\n<meta property=\"og:url\" content=\"https:\/\/www.humanium.org\/de\/kosovo\/\" \/>\n<meta property=\"og:site_name\" content=\"Humanium\" \/>\n<meta property=\"article:modified_time\" content=\"2025-12-06T06:25:52+00:00\" \/>\n<meta name=\"twitter:card\" content=\"summary_large_image\" \/>\n<meta name=\"twitter:label1\" content=\"Gesch\u00e4tzte Lesezeit\" \/>\n\t<meta name=\"twitter:data1\" content=\"5\u00a0Minuten\" \/>\n<script type=\"application\/ld+json\" class=\"yoast-schema-graph\">{\"@context\":\"https:\/\/schema.org\",\"@graph\":[{\"@type\":\"WebPage\",\"@id\":\"https:\/\/www.humanium.org\/de\/kosovo\/\",\"url\":\"https:\/\/www.humanium.org\/de\/kosovo\/\",\"name\":\"Kinder im Kosovo - Humanium\",\"isPartOf\":{\"@id\":\"https:\/\/www.humanium.org\/de\/#website\"},\"datePublished\":\"2016-06-28T16:58:28+00:00\",\"dateModified\":\"2025-12-06T06:25:52+00:00\",\"description\":\"Armut und Kinderarbeit sind in Kosovo sehr besorgniserregende Themen. Am meisten davon betroffen sind Kinder, vor allem die, die einer Minderheit angeh\u00f6ren.\",\"breadcrumb\":{\"@id\":\"https:\/\/www.humanium.org\/de\/kosovo\/#breadcrumb\"},\"inLanguage\":\"de\",\"potentialAction\":[{\"@type\":\"ReadAction\",\"target\":[\"https:\/\/www.humanium.org\/de\/kosovo\/\"]}]},{\"@type\":\"BreadcrumbList\",\"@id\":\"https:\/\/www.humanium.org\/de\/kosovo\/#breadcrumb\",\"itemListElement\":[{\"@type\":\"ListItem\",\"position\":1,\"name\":\"Home\",\"item\":\"https:\/\/www.humanium.org\/de\/\"},{\"@type\":\"ListItem\",\"position\":2,\"name\":\"Kinder im Kosovo\"}]},{\"@type\":\"WebSite\",\"@id\":\"https:\/\/www.humanium.org\/de\/#website\",\"url\":\"https:\/\/www.humanium.org\/de\/\",\"name\":\"Humanium\",\"description\":\"Kinder zuerst!\",\"potentialAction\":[{\"@type\":\"SearchAction\",\"target\":{\"@type\":\"EntryPoint\",\"urlTemplate\":\"https:\/\/www.humanium.org\/de\/?s={search_term_string}\"},\"query-input\":{\"@type\":\"PropertyValueSpecification\",\"valueRequired\":true,\"valueName\":\"search_term_string\"}}],\"inLanguage\":\"de\"}]}<\/script>\n<!-- \/ Yoast SEO plugin. -->","yoast_head_json":{"title":"Kinder im Kosovo - Humanium","description":"Armut und Kinderarbeit sind in Kosovo sehr besorgniserregende Themen. Am meisten davon betroffen sind Kinder, vor allem die, die einer Minderheit angeh\u00f6ren.","robots":{"index":"index","follow":"follow","max-snippet":"max-snippet:-1","max-image-preview":"max-image-preview:large","max-video-preview":"max-video-preview:-1"},"canonical":"https:\/\/www.humanium.org\/de\/kosovo\/","og_locale":"de_DE","og_type":"article","og_title":"Kinder im Kosovo - Humanium","og_description":"Armut und Kinderarbeit sind in Kosovo sehr besorgniserregende Themen. Am meisten davon betroffen sind Kinder, vor allem die, die einer Minderheit angeh\u00f6ren.","og_url":"https:\/\/www.humanium.org\/de\/kosovo\/","og_site_name":"Humanium","article_modified_time":"2025-12-06T06:25:52+00:00","twitter_card":"summary_large_image","twitter_misc":{"Gesch\u00e4tzte Lesezeit":"5\u00a0Minuten"},"schema":{"@context":"https:\/\/schema.org","@graph":[{"@type":"WebPage","@id":"https:\/\/www.humanium.org\/de\/kosovo\/","url":"https:\/\/www.humanium.org\/de\/kosovo\/","name":"Kinder im Kosovo - Humanium","isPartOf":{"@id":"https:\/\/www.humanium.org\/de\/#website"},"datePublished":"2016-06-28T16:58:28+00:00","dateModified":"2025-12-06T06:25:52+00:00","description":"Armut und Kinderarbeit sind in Kosovo sehr besorgniserregende Themen. Am meisten davon betroffen sind Kinder, vor allem die, die einer Minderheit angeh\u00f6ren.","breadcrumb":{"@id":"https:\/\/www.humanium.org\/de\/kosovo\/#breadcrumb"},"inLanguage":"de","potentialAction":[{"@type":"ReadAction","target":["https:\/\/www.humanium.org\/de\/kosovo\/"]}]},{"@type":"BreadcrumbList","@id":"https:\/\/www.humanium.org\/de\/kosovo\/#breadcrumb","itemListElement":[{"@type":"ListItem","position":1,"name":"Home","item":"https:\/\/www.humanium.org\/de\/"},{"@type":"ListItem","position":2,"name":"Kinder im Kosovo"}]},{"@type":"WebSite","@id":"https:\/\/www.humanium.org\/de\/#website","url":"https:\/\/www.humanium.org\/de\/","name":"Humanium","description":"Kinder zuerst!","potentialAction":[{"@type":"SearchAction","target":{"@type":"EntryPoint","urlTemplate":"https:\/\/www.humanium.org\/de\/?s={search_term_string}"},"query-input":{"@type":"PropertyValueSpecification","valueRequired":true,"valueName":"search_term_string"}}],"inLanguage":"de"}]}},"_links":{"self":[{"href":"https:\/\/www.humanium.org\/de\/wp-json\/wp\/v2\/pages\/7633","targetHints":{"allow":["GET"]}}],"collection":[{"href":"https:\/\/www.humanium.org\/de\/wp-json\/wp\/v2\/pages"}],"about":[{"href":"https:\/\/www.humanium.org\/de\/wp-json\/wp\/v2\/types\/page"}],"author":[{"embeddable":true,"href":"https:\/\/www.humanium.org\/de\/wp-json\/wp\/v2\/users\/1"}],"replies":[{"embeddable":true,"href":"https:\/\/www.humanium.org\/de\/wp-json\/wp\/v2\/comments?post=7633"}],"version-history":[{"count":9,"href":"https:\/\/www.humanium.org\/de\/wp-json\/wp\/v2\/pages\/7633\/revisions"}],"predecessor-version":[{"id":20825,"href":"https:\/\/www.humanium.org\/de\/wp-json\/wp\/v2\/pages\/7633\/revisions\/20825"}],"wp:attachment":[{"href":"https:\/\/www.humanium.org\/de\/wp-json\/wp\/v2\/media?parent=7633"}],"curies":[{"name":"wp","href":"https:\/\/api.w.org\/{rel}","templated":true}]}}