{"id":7641,"date":"2016-07-20T12:50:29","date_gmt":"2016-07-20T12:50:29","guid":{"rendered":"http:\/\/www.humanium.org\/de\/?page_id=6957"},"modified":"2025-12-05T17:17:30","modified_gmt":"2025-12-05T17:17:30","slug":"katar","status":"publish","type":"page","link":"https:\/\/www.humanium.org\/de\/katar\/","title":{"rendered":"Die Kinder von Katar"},"content":{"rendered":"<h1>Die Kinder von Katar<\/h1>\n<h2>Die Verwirklichung der Kinderrechte in Katar<\/h2>\n<p style=\"text-align: center;\"><a href=\"https:\/\/www.humanium.org\/en\/wp-content\/uploads\/2012\/08\/jeune-fille-qatar-zitona.jpg\"><img loading=\"lazy\" decoding=\"async\" class=\"alignnone size-full wp-image-8612\" title=\"Portrait eines jungen M\u00e4dchens in Katar \u00ae Zitona (Flickr)\" src=\"https:\/\/www.humanium.org\/en\/wp-content\/uploads\/2012\/08\/jeune-fille-qatar-zitona.jpg\" alt=\"\" width=\"154\" height=\"200\" \/><\/a><\/p>\n<p>Die \u00d6l- und Erdgasvorr\u00e4te von Katar erm\u00f6glichen derzeit ein bequemes Leben f\u00fcr die Bev\u00f6lkerung des Landes. In Bezug auf Kinderrechte scheint sich die Situation zu verbessern \u2013 da es jedoch zu wenig Daten \u00fcber Kinderarbeit und Gewalt gegen\u00fcber Kindern gibt, bleibt es schwierig, diesen Fortschritt genau festzustellen.<\/p>\n<h3>Haupts\u00e4chliche Probleme von Kinder in Katar<\/h3>\n<p><strong><a href=\"https:\/\/www.humanium.org\/de\/focusdiskriminierung\/\">Das Recht auf Nichtdiskriminierung<br \/>\n<\/a><\/strong><br \/>\n<a href=\"https:\/\/www.humanium.org\/en\/wp-content\/uploads\/2012\/08\/enfants-doha-qatar2.jpg\"><img loading=\"lazy\" decoding=\"async\" class=\"alignright wp-image-8626\" title=\"Kinder, Doha, Katar \u00a9 Daniele Muscetta (Flickr)\" src=\"https:\/\/www.humanium.org\/en\/wp-content\/uploads\/2012\/08\/enfants-doha-qatar2.jpg\" alt=\"\" width=\"222\" height=\"148\" \/><\/a>80 % der Bev\u00f6lkerung Katars besteht aus ausl\u00e4ndischen Arbeitern, die vor allem aus S\u00fcdasien und dem Mittleren Osten kommen. Obwohl sowohl die Verfassung von Katar als auch die Scharia rassistische Diskriminierung verbieten, werden die Kinder von Migrantenarbeitern im Bereich Gesundheitsf\u00fcrsorge und Bildung benachteiligt. Geschlechterdiskriminierung ist in der Gesellschaft Katars ebenfalls weit verbreitet. So erhalten beispielsweise beim Tod eines Elternteils junge muslimische M\u00e4dchen ein geringeres Erbe als ihre Br\u00fcder.<\/p>\n<p><strong><a href=\"https:\/\/www.humanium.org\/de\/gewalt\/\">Misshandlung<\/a><\/strong><\/p>\n<p>Obwohl Katar K\u00f6rperstrafe in Schulen und im Justizvollzugssystem gesetzlich verboten hat, ist diese Praxis innerhalb der Familie immer noch erlaubt. Einige Eltern halten es f\u00fcr eine notwendige Ma\u00dfnahme zur Erziehung ihrer Kinder.<\/p>\n<p><strong><a href=\"https:\/\/www.humanium.org\/de\/kinderheirat\/\">Kinderheirat<\/a><\/strong><\/p>\n<p><a style=\"color: #ff4b33; line-height: 24px;\" href=\"https:\/\/www.humanium.org\/en\/wp-content\/uploads\/2012\/08\/jeunes-filles2.gif\"><img loading=\"lazy\" decoding=\"async\" class=\"alignright wp-image-8632\" title=\"Junge M\u00e4dchen \u00a9 L\u03c5\u0432\u03b1\u03b9\u0432 (Flickr)\" src=\"https:\/\/www.humanium.org\/en\/wp-content\/uploads\/2012\/08\/jeunes-filles2.gif\" alt=\"\" width=\"222\" height=\"148\" \/><\/a>Trotz der Tatsache, dass die Zahl arrangierter Hochzeiten in Katar abnimmt, gibt es in Bezug auf Kinderheiraten immer noch Grund zur Sorge. Das Mindestheiratsalter f\u00fcr M\u00e4dchen ist 16 Jahre, w\u00e4hrend es f\u00fcr Jungen bei 18 liegt. Dieser Unterschied zeigt, dass noch immer eine Geschlechterdiskriminierung stattfindet. Eines der Hauptrisiken dieser Ehen ist h\u00e4usliche Gewalt gegen\u00fcber den jungen M\u00e4dchen.<\/p>\n<p><strong><a href=\"https:\/\/www.humanium.org\/de\/genitalverstummelung\/\">Weibliche Genitalverst\u00fcmmelung<\/a><\/strong><\/p>\n<p>Es gibt eine Reihe von L\u00e4ndern, in denen weibliche Genitalverst\u00fcmmelung immer noch praktiziert wird. Katar ist eines von sechs L\u00e4ndern im Mittleren Osten, in denen weiterhin Beschneidungen stattfinden. Diese Praxis wirkt sich erheblich auf die Gesundheit junger M\u00e4dchen aus und verursacht schwerwiegende Traumata.<\/p>\n<p><strong><a href=\"https:\/\/www.humanium.org\/de\/recht-bildung\/\">Das Recht auf Bildung<\/a><\/strong><\/p>\n<p>Kinder haben in Katar ein Recht auf freie Schulbildung von 6 bis 14 Jahren. Es existieren \u00f6ffentliche Schulen, um den Zugang zu dieser Schulbildung sicherzustellen. 98 % aller Kinder besuchen die Prim\u00e4rschule. Dass allerdings Unterricht vor und nach der Prim\u00e4rschule nicht obligatorisch ist, f\u00fchrt zu einer niedrigen Bildungsrate, besonders unter M\u00e4dchen. Es wurde beobachtet, dass 65 % der M\u00e4dchen eine Sekundarschule besuchen, im Gegensatz zu 96 % der Jungen. Auf diese Weise existiert zwischen M\u00e4dchen und Jungen eine Ungleichheit in Bezug auf Sekundarbildung.<\/p>\n<p><strong><a href=\"https:\/\/www.humanium.org\/de\/kinder-mit-behinderung\/\">Kinder mit Behinderungen<\/a><\/strong><\/p>\n<p>Katar arbeitet an der Verbesserung der Lebensbedingungen von Kindern im Land und an der Entwicklung von Strukturen, die speziell auf deren Bed\u00fcrfnisse zugeschnitten sind. Das 1999 gegr\u00fcndete Shafallah Center zum Beispiel nimmt Kinder mit Behinderungen von jungem Alter bis zum Erwachsenensein auf. Das Center unterst\u00fctzt diese Kinder in ihrer Bildung und ihrer pers\u00f6nlichen Entwicklung.<\/p>\n<p><strong><a href=\"https:\/\/www.humanium.org\/de\/recht-auf-identitat\/\">Das Recht auf Identit\u00e4t<\/a><\/strong><\/p>\n<p>Ein mit einer Ausl\u00e4nderin verheirateter Katarer kann seine Nationalit\u00e4t auf seine Kinder \u00fcbertragen. Im Gegensatz dazu kann eine mit einem Ausl\u00e4nder verheiratete Katarerin dies nicht tun. In F\u00e4llen, in denen der Vater seine Nationalit\u00e4t nicht auf das Kind \u00fcbertragen kann, riskiert dieses also, jedwede Nationalit\u00e4t zu verlieren. Dar\u00fcber hinaus stellt dies eine schwerwiegende Diskriminierung zwischen Frauen und M\u00e4nnern in Katar dar.<\/p>\n<p><strong><a href=\"https:\/\/www.humanium.org\/de\/was-ist-gerechtigkeit\/\">Kinder und das Justizsystem<\/a><\/strong><\/p>\n<p>Obwohl das Verbot von K\u00f6rperstrafen als Antwort auf von Minderj\u00e4hrigen begangene Ordnungswidrigkeiten ein gro\u00dfer Schritt vorw\u00e4rts f\u00fcr Katar ist, werden Kinder ab dem Alter von 7 Jahren als schuldf\u00e4hig angesehen. Dieses Mindestalter ist vergleichsweise niedrig, insbesondere auch angesichts der Tatsache, dass die Aussage des Kindes w\u00e4hrend eines Strafprozesses selten ber\u00fccksichtigt wird. Obwohl das UN-Kinderrechtsabkommen eine Unterscheidung zwischen der Behandlung von Minderj\u00e4hrigen unter 18 Jahren und Erwachsenen in Bezug auf Strafsachen empfiehlt, k\u00f6nnen Kinder zwischen 16 und 18 Jahren in Katar wie Erwachsene behandelt werden. Nach der Scharia ist die Auspeitschung von Kindern \u00fcber 16 Jahren erlaubt.<\/p>\n<p><strong><a href=\"https:\/\/www.humanium.org\/de\/kinderarbeit-2\/\">Zwangsarbeit<\/a><\/strong><\/p>\n<p><a href=\"https:\/\/www.humanium.org\/en\/wp-content\/uploads\/2012\/08\/enfant-jockey-de-chameau-Zitona1.jpg\"><img loading=\"lazy\" decoding=\"async\" class=\"alignright wp-image-8630\" title=\"Junger Kameljockey \u00a9 Zitona (Flickr)\" src=\"https:\/\/www.humanium.org\/en\/wp-content\/uploads\/2012\/08\/enfant-jockey-de-chameau-Zitona1.jpg\" alt=\"\" width=\"227\" height=\"148\" \/><\/a>Vor allem afrikanische Kinder wurden fr\u00fcher verkauft oder entf\u00fchrt, um sie zu Kameljockey zu machen. Diese Vorgehensweise gef\u00e4hrdete Minderj\u00e4hrige, die oft mangelern\u00e4hrt wurden, unter schlechten Bedingungen arbeiteten und ihre Gesundheit riskierten. Seit 2005 sind minderj\u00e4hrige Kameljockeys gesetzlich verboten und wurden durch Roboter ersetzt. Kinderarbeit ist f\u00fcr alle katarischen Staatsb\u00fcrger verboten, ausl\u00e4ndische Kinder allerdings bleiben weiterhin gef\u00e4hrdet.<\/p>\n<p><strong>Stra\u00dfenverkehr<\/strong><\/p>\n<p>Verkehrsunf\u00e4lle sind eine der Ursachen f\u00fcr Kindersterblichkeit in Katar. Im Vergleich mit \u00e4hnlichen reichen L\u00e4ndern hat Katar die h\u00f6chste Unfallrate. Kampagnen zur Erh\u00f6hung der Aufmerksamkeit f\u00fcr Sicherheit im Stra\u00dfenverkehr wurden durchgef\u00fchrt, allerdings bleibt durch die j\u00e4hrliche Steigerung der Fahrzeugzahl auf den Stra\u00dfen Katars das Potenzial f\u00fcr die Verschlimmerung der Statistik von Unf\u00e4llen mit Kindern beunruhigend.<\/p>\n","protected":false},"excerpt":{"rendered":"<p>Die Kinder von Katar Die Verwirklichung der Kinderrechte in Katar Die \u00d6l- und Erdgasvorr\u00e4te von Katar erm\u00f6glichen derzeit ein bequemes Leben f\u00fcr die Bev\u00f6lkerung des Landes. In Bezug auf Kinderrechte scheint sich die Situation zu verbessern \u2013 da es jedoch zu wenig Daten \u00fcber Kinderarbeit und Gewalt gegen\u00fcber Kindern gibt, bleibt es schwierig, diesen Fortschritt [&hellip;]<\/p>\n","protected":false},"author":1,"featured_media":0,"parent":0,"menu_order":0,"comment_status":"closed","ping_status":"closed","template":"","meta":{"footnotes":""},"class_list":["post-7641","page","type-page","status-publish","hentry"],"yoast_head":"<!-- This site is optimized with the Yoast SEO plugin v26.5 - https:\/\/yoast.com\/wordpress\/plugins\/seo\/ -->\n<title>Die Kinder von Katar - Humanium<\/title>\n<meta name=\"description\" content=\"In Bezug auf Kinderrechte, da es zu wenig Daten \u00fcber Kinderarbeit und Gewalt gegen\u00fcber Kindern gibt, bleibt es schwierig, den Fortschritt genau ermitteln.\" \/>\n<meta name=\"robots\" content=\"index, follow, max-snippet:-1, max-image-preview:large, max-video-preview:-1\" \/>\n<link rel=\"canonical\" href=\"https:\/\/www.humanium.org\/de\/katar\/\" \/>\n<meta property=\"og:locale\" content=\"de_DE\" \/>\n<meta property=\"og:type\" content=\"article\" \/>\n<meta property=\"og:title\" content=\"Die Kinder von Katar - Humanium\" \/>\n<meta property=\"og:description\" content=\"In Bezug auf Kinderrechte, da es zu wenig Daten \u00fcber Kinderarbeit und Gewalt gegen\u00fcber Kindern gibt, bleibt es schwierig, den Fortschritt genau ermitteln.\" \/>\n<meta property=\"og:url\" content=\"https:\/\/www.humanium.org\/de\/katar\/\" \/>\n<meta property=\"og:site_name\" content=\"Humanium\" \/>\n<meta property=\"article:modified_time\" content=\"2025-12-05T17:17:30+00:00\" \/>\n<meta name=\"twitter:card\" content=\"summary_large_image\" \/>\n<meta name=\"twitter:label1\" content=\"Gesch\u00e4tzte Lesezeit\" \/>\n\t<meta name=\"twitter:data1\" content=\"5\u00a0Minuten\" \/>\n<script type=\"application\/ld+json\" class=\"yoast-schema-graph\">{\"@context\":\"https:\/\/schema.org\",\"@graph\":[{\"@type\":\"WebPage\",\"@id\":\"https:\/\/www.humanium.org\/de\/katar\/\",\"url\":\"https:\/\/www.humanium.org\/de\/katar\/\",\"name\":\"Die Kinder von Katar - Humanium\",\"isPartOf\":{\"@id\":\"https:\/\/www.humanium.org\/de\/#website\"},\"primaryImageOfPage\":{\"@id\":\"https:\/\/www.humanium.org\/de\/katar\/#primaryimage\"},\"image\":{\"@id\":\"https:\/\/www.humanium.org\/de\/katar\/#primaryimage\"},\"thumbnailUrl\":\"https:\/\/www.humanium.org\/en\/wp-content\/uploads\/2012\/08\/jeune-fille-qatar-zitona.jpg\",\"datePublished\":\"2016-07-20T12:50:29+00:00\",\"dateModified\":\"2025-12-05T17:17:30+00:00\",\"description\":\"In Bezug auf Kinderrechte, da es zu wenig Daten \u00fcber Kinderarbeit und Gewalt gegen\u00fcber Kindern gibt, bleibt es schwierig, den Fortschritt genau ermitteln.\",\"breadcrumb\":{\"@id\":\"https:\/\/www.humanium.org\/de\/katar\/#breadcrumb\"},\"inLanguage\":\"de\",\"potentialAction\":[{\"@type\":\"ReadAction\",\"target\":[\"https:\/\/www.humanium.org\/de\/katar\/\"]}]},{\"@type\":\"ImageObject\",\"inLanguage\":\"de\",\"@id\":\"https:\/\/www.humanium.org\/de\/katar\/#primaryimage\",\"url\":\"https:\/\/www.humanium.org\/en\/wp-content\/uploads\/2012\/08\/jeune-fille-qatar-zitona.jpg\",\"contentUrl\":\"https:\/\/www.humanium.org\/en\/wp-content\/uploads\/2012\/08\/jeune-fille-qatar-zitona.jpg\"},{\"@type\":\"BreadcrumbList\",\"@id\":\"https:\/\/www.humanium.org\/de\/katar\/#breadcrumb\",\"itemListElement\":[{\"@type\":\"ListItem\",\"position\":1,\"name\":\"Home\",\"item\":\"https:\/\/www.humanium.org\/de\/\"},{\"@type\":\"ListItem\",\"position\":2,\"name\":\"Die Kinder von Katar\"}]},{\"@type\":\"WebSite\",\"@id\":\"https:\/\/www.humanium.org\/de\/#website\",\"url\":\"https:\/\/www.humanium.org\/de\/\",\"name\":\"Humanium\",\"description\":\"Kinder zuerst!\",\"potentialAction\":[{\"@type\":\"SearchAction\",\"target\":{\"@type\":\"EntryPoint\",\"urlTemplate\":\"https:\/\/www.humanium.org\/de\/?s={search_term_string}\"},\"query-input\":{\"@type\":\"PropertyValueSpecification\",\"valueRequired\":true,\"valueName\":\"search_term_string\"}}],\"inLanguage\":\"de\"}]}<\/script>\n<!-- \/ Yoast SEO plugin. -->","yoast_head_json":{"title":"Die Kinder von Katar - Humanium","description":"In Bezug auf Kinderrechte, da es zu wenig Daten \u00fcber Kinderarbeit und Gewalt gegen\u00fcber Kindern gibt, bleibt es schwierig, den Fortschritt genau ermitteln.","robots":{"index":"index","follow":"follow","max-snippet":"max-snippet:-1","max-image-preview":"max-image-preview:large","max-video-preview":"max-video-preview:-1"},"canonical":"https:\/\/www.humanium.org\/de\/katar\/","og_locale":"de_DE","og_type":"article","og_title":"Die Kinder von Katar - Humanium","og_description":"In Bezug auf Kinderrechte, da es zu wenig Daten \u00fcber Kinderarbeit und Gewalt gegen\u00fcber Kindern gibt, bleibt es schwierig, den Fortschritt genau ermitteln.","og_url":"https:\/\/www.humanium.org\/de\/katar\/","og_site_name":"Humanium","article_modified_time":"2025-12-05T17:17:30+00:00","twitter_card":"summary_large_image","twitter_misc":{"Gesch\u00e4tzte Lesezeit":"5\u00a0Minuten"},"schema":{"@context":"https:\/\/schema.org","@graph":[{"@type":"WebPage","@id":"https:\/\/www.humanium.org\/de\/katar\/","url":"https:\/\/www.humanium.org\/de\/katar\/","name":"Die Kinder von Katar - Humanium","isPartOf":{"@id":"https:\/\/www.humanium.org\/de\/#website"},"primaryImageOfPage":{"@id":"https:\/\/www.humanium.org\/de\/katar\/#primaryimage"},"image":{"@id":"https:\/\/www.humanium.org\/de\/katar\/#primaryimage"},"thumbnailUrl":"https:\/\/www.humanium.org\/en\/wp-content\/uploads\/2012\/08\/jeune-fille-qatar-zitona.jpg","datePublished":"2016-07-20T12:50:29+00:00","dateModified":"2025-12-05T17:17:30+00:00","description":"In Bezug auf Kinderrechte, da es zu wenig Daten \u00fcber Kinderarbeit und Gewalt gegen\u00fcber Kindern gibt, bleibt es schwierig, den Fortschritt genau ermitteln.","breadcrumb":{"@id":"https:\/\/www.humanium.org\/de\/katar\/#breadcrumb"},"inLanguage":"de","potentialAction":[{"@type":"ReadAction","target":["https:\/\/www.humanium.org\/de\/katar\/"]}]},{"@type":"ImageObject","inLanguage":"de","@id":"https:\/\/www.humanium.org\/de\/katar\/#primaryimage","url":"https:\/\/www.humanium.org\/en\/wp-content\/uploads\/2012\/08\/jeune-fille-qatar-zitona.jpg","contentUrl":"https:\/\/www.humanium.org\/en\/wp-content\/uploads\/2012\/08\/jeune-fille-qatar-zitona.jpg"},{"@type":"BreadcrumbList","@id":"https:\/\/www.humanium.org\/de\/katar\/#breadcrumb","itemListElement":[{"@type":"ListItem","position":1,"name":"Home","item":"https:\/\/www.humanium.org\/de\/"},{"@type":"ListItem","position":2,"name":"Die Kinder von Katar"}]},{"@type":"WebSite","@id":"https:\/\/www.humanium.org\/de\/#website","url":"https:\/\/www.humanium.org\/de\/","name":"Humanium","description":"Kinder zuerst!","potentialAction":[{"@type":"SearchAction","target":{"@type":"EntryPoint","urlTemplate":"https:\/\/www.humanium.org\/de\/?s={search_term_string}"},"query-input":{"@type":"PropertyValueSpecification","valueRequired":true,"valueName":"search_term_string"}}],"inLanguage":"de"}]}},"_links":{"self":[{"href":"https:\/\/www.humanium.org\/de\/wp-json\/wp\/v2\/pages\/7641","targetHints":{"allow":["GET"]}}],"collection":[{"href":"https:\/\/www.humanium.org\/de\/wp-json\/wp\/v2\/pages"}],"about":[{"href":"https:\/\/www.humanium.org\/de\/wp-json\/wp\/v2\/types\/page"}],"author":[{"embeddable":true,"href":"https:\/\/www.humanium.org\/de\/wp-json\/wp\/v2\/users\/1"}],"replies":[{"embeddable":true,"href":"https:\/\/www.humanium.org\/de\/wp-json\/wp\/v2\/comments?post=7641"}],"version-history":[{"count":8,"href":"https:\/\/www.humanium.org\/de\/wp-json\/wp\/v2\/pages\/7641\/revisions"}],"predecessor-version":[{"id":20203,"href":"https:\/\/www.humanium.org\/de\/wp-json\/wp\/v2\/pages\/7641\/revisions\/20203"}],"wp:attachment":[{"href":"https:\/\/www.humanium.org\/de\/wp-json\/wp\/v2\/media?parent=7641"}],"curies":[{"name":"wp","href":"https:\/\/api.w.org\/{rel}","templated":true}]}}