{"id":7653,"date":"2016-11-22T13:53:28","date_gmt":"2016-11-22T13:53:28","guid":{"rendered":"http:\/\/www.humanium.org\/de\/?page_id=7361"},"modified":"2025-12-06T06:28:37","modified_gmt":"2025-12-06T06:28:37","slug":"marokko-und-westsahara","status":"publish","type":"page","link":"https:\/\/www.humanium.org\/de\/marokko-und-westsahara\/","title":{"rendered":"Kinder aus Marokko und Westsahara"},"content":{"rendered":"<h1>Kinder aus Marokko und Westsahara<\/h1>\n<h2>Kinderrechte in Marokko und Westsahara verwirklichen<\/h2>\n<p>In den letzten Jahren hat Marokko gro\u00dfe Fortschritte f\u00fcr die Kinderrechte gemacht, ganz besonders im Bereich Bildung. Dennoch gibt es noch zahlreiche Rechtsverletzungen: Sexuelle Gewalt, Kinderarbeit, Kinderheirat etc.<\/p>\n<h3>Hauptprobleme, vor denen Kinder in Marokko und Westsahara stehen:<\/h3>\n<p><strong><a href=\"https:\/\/www.humanium.org\/de\/armut\/\">Armut<\/a><\/strong><\/p>\n<p>15% der Bev\u00f6lkerung lebt unterhalb der <a href=\"https:\/\/www.humanium.org\/de\/kinderarmut\/\">Armutsgrenze<\/a>\u00a0(mit weniger als 2 Dollar pro Tag).<\/p>\n<p>Allerdings nimmt die Armut in haupts\u00e4chlich l\u00e4ndlichen Gebieten dank eingeleiteter Ma\u00dfnahmen des K\u00f6nigreich Marokkos ab.<\/p>\n<p><strong><a href=\"https:\/\/www.humanium.org\/en\/fundamental-rights\/health\/\">Gesundheit<\/a><\/strong><\/p>\n<p>In den letzten f\u00fcnf Jahren lag die Kindersterblichkeitsrate bei 18.7 \u2030. Nichtsdestotrotz muss gesagt werden, dass Marokko gro\u00dfe Fortschritte dabei gemacht hat, diese Zahl zu senken.<\/p>\n<p>Marokko muss nun die Gesundheitseinrichtungen ausbauen und verbessern, sodass alle Kinder das gleiche Recht auf Leben haben.<\/p>\n<p><strong><a href=\"https:\/\/www.humanium.org\/de\/kinderarbeit-2\/\">Kinderarbeit<\/a><\/strong><\/p>\n<p>In Marokko f\u00fchren viele Familien ein sehr schweres Leben und leben in elender Armut. Als Opfer dieser Armut sind Kinder dazu gezwungen, die Schule abzubrechen und auf Arbeitssuche zu gehen.<br \/>\nKinderarbeit betrifft 8% der Kinder zwischen 5 und 14 Jahren. Dieses Problem, welches haupts\u00e4chlich M\u00e4dchen betrifft, besteht auch heute noch.<br \/>\nJunge M\u00e4dchen werden h\u00e4ufig zu Hausangestellten, wohingegen Jungen Taschent\u00fccher auf der Stra\u00dfe verkaufen oder Schuhe polieren. Diese Kinder werden schon sehr jung ausgebeutet.<br \/>\nDiese wirtschaftlich ausgebeuteten Kinder werden auch manchmal f\u00fcr sexuelle Dienste verkauft und werden Opfer von Missbrauch oder sogar Gewalt.<br \/>\nDie Ausbeutung von Kindern in Marokko ist Teil eines illegalen und unmoralischen Handels, der selten vom Gesetz bestraft wird. Jedoch konnten in den letzten Jahren erhebliche Fortschritte gemacht werden hinsichtlich der Gesetzgebung, die den Kindern helfen kann.<\/p>\n<p><strong><a href=\"https:\/\/www.humanium.org\/de\/recht-bildung\/\">Bildung<\/a><\/strong><\/p>\n<p><img loading=\"lazy\" decoding=\"async\" class=\"alignright size-medium wp-image-2201\" title=\"Some Moroccan children still do not have access to education \u00a9 The photo strand (flickr)\" src=\"https:\/\/www.humanium.org\/en\/wp-content\/uploads\/2011\/07\/maroc-education-the-photo-strand-flickr-300x148.jpg\" alt=\"\" width=\"221\" height=\"110\" \/>Obwohl die Schule seit 2002 obligatorisch und kostenlos f\u00fcr Kinder zwischen 6 und 15 Jahren ist, kann man nur von 88% der marokkanischen Kinder sagen, dass sie eine Schulbildung erfahren haben.<br \/>\nAuch bei einer kostenlosen Schule k\u00f6nnen Eltern, die in Armut leben, sich die Schulmaterialien nicht leisten. Arme Familien sind manchmal dazu gezwungen, ihre Kinder zur Arbeit zu schicken, damit sie die Familie unterst\u00fctzen k\u00f6nnen. Das erkl\u00e4rt, warum etwa ein Drittel der Kinder, die \u00e4lter als 10 Jahre sind, nicht lesen kann.<br \/>\nBem\u00fchungen wurden von Marokko angestellt, allen Kindern einen Zugang zu Bildung zu erm\u00f6glichen. Diese Bem\u00fchungen m\u00fcssen mit denen der marokkanischen Zivilgesellschaft vereint werden, um das Ziel der universalen Bildung zu erreichen.<\/p>\n<p><strong><a href=\"https:\/\/www.humanium.org\/de\/waisenkinder\/\">Waisenkinder<\/a><\/strong><\/p>\n<p>J\u00e4hrlich werden etwa 100 bis 200 Kinder im ganzen Land Marokko ausgesetzt. Eine uneheliche Schwangerschaft wird als Traditionsbruch betrachtet. Aus Angst vor Konsequenzen fliehen alleinstehende M\u00fctter vor ihrem Zuhause, um die Schwangerschaft zu verstecken und das Kind dann auszusetzen.<br \/>\nMarokko hat keine Einrichtungen, die die Mutter und das Kind aufnehmen k\u00f6nnen. M\u00fctter erhalten keine angemessene emotionale und finanzielle Unterst\u00fctzung und das zwingt sie dazu, verzweifelte Ma\u00dfnahmen zu ergreifen, wie ihr Kind auszusetzen.<br \/>\nUNICEF und die Marokkanische Liga f\u00fcr Kinder haben vor kurzem ein neues Programm mit dem Titel \u201eDas Aussetzen von Kindern verhindern\u201c ins Leben gerufen, um dieses Problem zu l\u00f6sen.<\/p>\n<p><strong><a href=\"https:\/\/www.humanium.org\/de\/vertriebene-kinder\/\">Migrantenkinder<\/a><\/strong><\/p>\n<p>In den letzten Jahren ist Marokko zu einem wichtigen Aufenthaltsland f\u00fcr Migranten auf dem Weg nach Europa geworden. Marokkanische St\u00e4dte sind zu einem Wohnsitz f\u00fcr fl\u00fcchtende M\u00e4nner, Frauen und Kinder geworden.<br \/>\nDie Bedingungen f\u00fcr vertriebene Migrantenkinder sind schwierig und sie leiden an Unterern\u00e4hrung und Gesundheitsproblemen. Sehr oft wird ihnen das Recht zu Gesundheitsleistungen, Bildung und sogar Gerechtigkeit verwehrt. Unbegleitete Migrantenkinder sind noch mehr gef\u00e4hrdet, w\u00e4hrend ihres Aufenthalts misshandelt oder ausgebeutet zu werden.<\/p>\n<p><strong><a href=\"https:\/\/www.humanium.org\/de\/misshandlung\/\">Sexuelle Gewalt<\/a><\/strong><\/p>\n<p>Immer mehr marokkanische Kinder sind Opfer von <a href=\"https:\/\/www.humanium.org\/de\/die-sexuelle-ausbeutung-von-kindern\/\">sexuellem Missbrauch<\/a>. Dieses zunehmende Gesellschaftsproblem hat sich auf alle gro\u00dfen St\u00e4dte des K\u00f6nigreichs ausgeweitet. Ein Bericht der Organisation \u201eTouche pas \u00e0 mon enfant\u201c (zu Deutsch etwa: Fass mein Kind nicht an) hat im Jahr 2008 gezeigt, dass die Kinder in vielen F\u00e4llen von jemandem missbraucht werden, den sie kennen, wie zum Beispiel von ihren Eltern oder sogar Freunden der Familie.<br \/>\nVerletzliche Kinder vertrauen diesen Personen. So eine Tat traumatisiert das Kind und hat psychologische Auswirkungen.<br \/>\nEs ist noch viel schockierender, dass die Kinder, die j\u00fcnger als 8 Jahre alt sind, am meisten vom Sexhandel betroffen sind. Die Lage ist sehr ernst f\u00fcr sie, da sie in ihrem Alter noch keinen Unterschied zwischen normalem und sexuellem Verhalten machen k\u00f6nnen.<br \/>\nM\u00e4dchen sowie Jungen sind Opfer von Misshandlungen wie sexueller Bel\u00e4stigung, Prostitution, Sextourismus oder gar Vergewaltigung. Vergewaltigungen, die extremste Form, bedeuten ebenfalls emotionale Traumata und k\u00f6nnen zu ungewollten Schwangerschaften f\u00fchren.<br \/>\nIn Marokko ist eine erhebliche Ver\u00e4nderung der Mentalit\u00e4t notwendig, denn aktuell sind die Strafen f\u00fcr Kindersch\u00e4nder noch viel zu locker. Zudem m\u00fcssen erhebliche Bem\u00fchungen zur Bewusstseinsschaffung und Verbesserung der gesundheitlichen und rechtlichen Institutionen umgesetzt werden, um die Zahl der F\u00e4lle von sexueller Misshandlungen bei Kindern zu senken.<\/p>\n<p><strong><a href=\"https:\/\/www.humanium.org\/de\/kinderheirat\/\">Kinderehe<\/a><\/strong><\/p>\n<p>Das legale Heiratsalter in Marokko ist 18 Jahre. Es ist f\u00fcr zwei Minderj\u00e4hrige nur m\u00f6glich zu heiraten, wenn sie zuvor das Einverst\u00e4ndnis eines Richters eingeholt haben. Jedoch sind 16% der minderj\u00e4hrigen M\u00e4dchen bereits verheiratet. Um diese Erlaubnis zu erhalten, \u00fcben einige Familien enormen Druck auf ihre Kinder aus, sodass sie letzten Endes der Heirat zusagen.<br \/>\nDiese Ehen haben h\u00e4ufig ernste Konsequenzen f\u00fcr die Gesundheit des jungen Kindes, da es noch nicht versteht, was eine Ehe bedeutet und mit sich bringt.<\/p>\n","protected":false},"excerpt":{"rendered":"<p>Kinder aus Marokko und Westsahara Kinderrechte in Marokko und Westsahara verwirklichen In den letzten Jahren hat Marokko gro\u00dfe Fortschritte f\u00fcr die Kinderrechte gemacht, ganz besonders im Bereich Bildung. Dennoch gibt es noch zahlreiche Rechtsverletzungen: Sexuelle Gewalt, Kinderarbeit, Kinderheirat etc. Hauptprobleme, vor denen Kinder in Marokko und Westsahara stehen: Armut 15% der Bev\u00f6lkerung lebt unterhalb der [&hellip;]<\/p>\n","protected":false},"author":1,"featured_media":0,"parent":0,"menu_order":0,"comment_status":"closed","ping_status":"closed","template":"","meta":{"footnotes":""},"class_list":["post-7653","page","type-page","status-publish","hentry"],"yoast_head":"<!-- This site is optimized with the Yoast SEO plugin v26.5 - https:\/\/yoast.com\/wordpress\/plugins\/seo\/ -->\n<title>Kinder aus Marokko und Westsahara - Humanium<\/title>\n<meta name=\"description\" content=\"In den letzten Jahren hat Marokko gro\u00dfe Fortschritte f\u00fcr die Kinderrechte gemacht. Dennoch gibt es noch zahlreiche Rechtsverletzungen.\" \/>\n<meta name=\"robots\" content=\"index, follow, max-snippet:-1, max-image-preview:large, max-video-preview:-1\" \/>\n<link rel=\"canonical\" href=\"https:\/\/www.humanium.org\/de\/marokko-und-westsahara\/\" \/>\n<meta property=\"og:locale\" content=\"de_DE\" \/>\n<meta property=\"og:type\" content=\"article\" \/>\n<meta property=\"og:title\" content=\"Kinder aus Marokko und Westsahara - Humanium\" \/>\n<meta property=\"og:description\" content=\"In den letzten Jahren hat Marokko gro\u00dfe Fortschritte f\u00fcr die Kinderrechte gemacht. Dennoch gibt es noch zahlreiche Rechtsverletzungen.\" \/>\n<meta property=\"og:url\" content=\"https:\/\/www.humanium.org\/de\/marokko-und-westsahara\/\" \/>\n<meta property=\"og:site_name\" content=\"Humanium\" \/>\n<meta property=\"article:modified_time\" content=\"2025-12-06T06:28:37+00:00\" \/>\n<meta name=\"twitter:card\" content=\"summary_large_image\" \/>\n<meta name=\"twitter:label1\" content=\"Gesch\u00e4tzte Lesezeit\" \/>\n\t<meta name=\"twitter:data1\" content=\"7\u00a0Minuten\" \/>\n<script type=\"application\/ld+json\" class=\"yoast-schema-graph\">{\"@context\":\"https:\/\/schema.org\",\"@graph\":[{\"@type\":\"WebPage\",\"@id\":\"https:\/\/www.humanium.org\/de\/marokko-und-westsahara\/\",\"url\":\"https:\/\/www.humanium.org\/de\/marokko-und-westsahara\/\",\"name\":\"Kinder aus Marokko und Westsahara - Humanium\",\"isPartOf\":{\"@id\":\"https:\/\/www.humanium.org\/de\/#website\"},\"primaryImageOfPage\":{\"@id\":\"https:\/\/www.humanium.org\/de\/marokko-und-westsahara\/#primaryimage\"},\"image\":{\"@id\":\"https:\/\/www.humanium.org\/de\/marokko-und-westsahara\/#primaryimage\"},\"thumbnailUrl\":\"https:\/\/www.humanium.org\/en\/wp-content\/uploads\/2011\/07\/maroc-education-the-photo-strand-flickr-300x148.jpg\",\"datePublished\":\"2016-11-22T13:53:28+00:00\",\"dateModified\":\"2025-12-06T06:28:37+00:00\",\"description\":\"In den letzten Jahren hat Marokko gro\u00dfe Fortschritte f\u00fcr die Kinderrechte gemacht. Dennoch gibt es noch zahlreiche Rechtsverletzungen.\",\"breadcrumb\":{\"@id\":\"https:\/\/www.humanium.org\/de\/marokko-und-westsahara\/#breadcrumb\"},\"inLanguage\":\"de\",\"potentialAction\":[{\"@type\":\"ReadAction\",\"target\":[\"https:\/\/www.humanium.org\/de\/marokko-und-westsahara\/\"]}]},{\"@type\":\"ImageObject\",\"inLanguage\":\"de\",\"@id\":\"https:\/\/www.humanium.org\/de\/marokko-und-westsahara\/#primaryimage\",\"url\":\"https:\/\/www.humanium.org\/en\/wp-content\/uploads\/2011\/07\/maroc-education-the-photo-strand-flickr-300x148.jpg\",\"contentUrl\":\"https:\/\/www.humanium.org\/en\/wp-content\/uploads\/2011\/07\/maroc-education-the-photo-strand-flickr-300x148.jpg\"},{\"@type\":\"BreadcrumbList\",\"@id\":\"https:\/\/www.humanium.org\/de\/marokko-und-westsahara\/#breadcrumb\",\"itemListElement\":[{\"@type\":\"ListItem\",\"position\":1,\"name\":\"Home\",\"item\":\"https:\/\/www.humanium.org\/de\/\"},{\"@type\":\"ListItem\",\"position\":2,\"name\":\"Kinder aus Marokko und Westsahara\"}]},{\"@type\":\"WebSite\",\"@id\":\"https:\/\/www.humanium.org\/de\/#website\",\"url\":\"https:\/\/www.humanium.org\/de\/\",\"name\":\"Humanium\",\"description\":\"Kinder zuerst!\",\"potentialAction\":[{\"@type\":\"SearchAction\",\"target\":{\"@type\":\"EntryPoint\",\"urlTemplate\":\"https:\/\/www.humanium.org\/de\/?s={search_term_string}\"},\"query-input\":{\"@type\":\"PropertyValueSpecification\",\"valueRequired\":true,\"valueName\":\"search_term_string\"}}],\"inLanguage\":\"de\"}]}<\/script>\n<!-- \/ Yoast SEO plugin. -->","yoast_head_json":{"title":"Kinder aus Marokko und Westsahara - Humanium","description":"In den letzten Jahren hat Marokko gro\u00dfe Fortschritte f\u00fcr die Kinderrechte gemacht. Dennoch gibt es noch zahlreiche Rechtsverletzungen.","robots":{"index":"index","follow":"follow","max-snippet":"max-snippet:-1","max-image-preview":"max-image-preview:large","max-video-preview":"max-video-preview:-1"},"canonical":"https:\/\/www.humanium.org\/de\/marokko-und-westsahara\/","og_locale":"de_DE","og_type":"article","og_title":"Kinder aus Marokko und Westsahara - Humanium","og_description":"In den letzten Jahren hat Marokko gro\u00dfe Fortschritte f\u00fcr die Kinderrechte gemacht. Dennoch gibt es noch zahlreiche Rechtsverletzungen.","og_url":"https:\/\/www.humanium.org\/de\/marokko-und-westsahara\/","og_site_name":"Humanium","article_modified_time":"2025-12-06T06:28:37+00:00","twitter_card":"summary_large_image","twitter_misc":{"Gesch\u00e4tzte Lesezeit":"7\u00a0Minuten"},"schema":{"@context":"https:\/\/schema.org","@graph":[{"@type":"WebPage","@id":"https:\/\/www.humanium.org\/de\/marokko-und-westsahara\/","url":"https:\/\/www.humanium.org\/de\/marokko-und-westsahara\/","name":"Kinder aus Marokko und Westsahara - Humanium","isPartOf":{"@id":"https:\/\/www.humanium.org\/de\/#website"},"primaryImageOfPage":{"@id":"https:\/\/www.humanium.org\/de\/marokko-und-westsahara\/#primaryimage"},"image":{"@id":"https:\/\/www.humanium.org\/de\/marokko-und-westsahara\/#primaryimage"},"thumbnailUrl":"https:\/\/www.humanium.org\/en\/wp-content\/uploads\/2011\/07\/maroc-education-the-photo-strand-flickr-300x148.jpg","datePublished":"2016-11-22T13:53:28+00:00","dateModified":"2025-12-06T06:28:37+00:00","description":"In den letzten Jahren hat Marokko gro\u00dfe Fortschritte f\u00fcr die Kinderrechte gemacht. Dennoch gibt es noch zahlreiche Rechtsverletzungen.","breadcrumb":{"@id":"https:\/\/www.humanium.org\/de\/marokko-und-westsahara\/#breadcrumb"},"inLanguage":"de","potentialAction":[{"@type":"ReadAction","target":["https:\/\/www.humanium.org\/de\/marokko-und-westsahara\/"]}]},{"@type":"ImageObject","inLanguage":"de","@id":"https:\/\/www.humanium.org\/de\/marokko-und-westsahara\/#primaryimage","url":"https:\/\/www.humanium.org\/en\/wp-content\/uploads\/2011\/07\/maroc-education-the-photo-strand-flickr-300x148.jpg","contentUrl":"https:\/\/www.humanium.org\/en\/wp-content\/uploads\/2011\/07\/maroc-education-the-photo-strand-flickr-300x148.jpg"},{"@type":"BreadcrumbList","@id":"https:\/\/www.humanium.org\/de\/marokko-und-westsahara\/#breadcrumb","itemListElement":[{"@type":"ListItem","position":1,"name":"Home","item":"https:\/\/www.humanium.org\/de\/"},{"@type":"ListItem","position":2,"name":"Kinder aus Marokko und Westsahara"}]},{"@type":"WebSite","@id":"https:\/\/www.humanium.org\/de\/#website","url":"https:\/\/www.humanium.org\/de\/","name":"Humanium","description":"Kinder zuerst!","potentialAction":[{"@type":"SearchAction","target":{"@type":"EntryPoint","urlTemplate":"https:\/\/www.humanium.org\/de\/?s={search_term_string}"},"query-input":{"@type":"PropertyValueSpecification","valueRequired":true,"valueName":"search_term_string"}}],"inLanguage":"de"}]}},"_links":{"self":[{"href":"https:\/\/www.humanium.org\/de\/wp-json\/wp\/v2\/pages\/7653","targetHints":{"allow":["GET"]}}],"collection":[{"href":"https:\/\/www.humanium.org\/de\/wp-json\/wp\/v2\/pages"}],"about":[{"href":"https:\/\/www.humanium.org\/de\/wp-json\/wp\/v2\/types\/page"}],"author":[{"embeddable":true,"href":"https:\/\/www.humanium.org\/de\/wp-json\/wp\/v2\/users\/1"}],"replies":[{"embeddable":true,"href":"https:\/\/www.humanium.org\/de\/wp-json\/wp\/v2\/comments?post=7653"}],"version-history":[{"count":8,"href":"https:\/\/www.humanium.org\/de\/wp-json\/wp\/v2\/pages\/7653\/revisions"}],"predecessor-version":[{"id":20974,"href":"https:\/\/www.humanium.org\/de\/wp-json\/wp\/v2\/pages\/7653\/revisions\/20974"}],"wp:attachment":[{"href":"https:\/\/www.humanium.org\/de\/wp-json\/wp\/v2\/media?parent=7653"}],"curies":[{"name":"wp","href":"https:\/\/api.w.org\/{rel}","templated":true}]}}