{"id":9042,"date":"2017-04-25T08:20:24","date_gmt":"2017-04-25T08:20:24","guid":{"rendered":"https:\/\/www.humanium.gives\/de\/?page_id=9042"},"modified":"2025-12-05T07:16:30","modified_gmt":"2025-12-05T07:16:30","slug":"rechtsprechung-fur-kinder","status":"publish","type":"page","link":"https:\/\/www.humanium.org\/de\/rechtsprechung-fur-kinder\/","title":{"rendered":"Rechtsprechung f\u00fcr Kinder"},"content":{"rendered":"<h1>Rechtsprechung f\u00fcr Kinder<\/h1>\n<hr align=\"left\" size=\"4\" width=\"30%\" \/>\n<h2 style=\"margin-bottom: 10px;\"><a href=\"https:\/\/www.humanium.org\/de\/was-ist-gerechtigkeit\/\"><img loading=\"lazy\" decoding=\"async\" class=\" wp-image-18409 alignleft\" src=\"https:\/\/www.humanium.org\/de\/wp-content\/uploads\/2025\/02\/Shutterstock_752997244-1-300x300.jpg\" alt=\"\" width=\"141\" height=\"141\" srcset=\"https:\/\/www.humanium.org\/de\/wp-content\/uploads\/2025\/02\/Shutterstock_752997244-1-300x300.jpg 300w, https:\/\/www.humanium.org\/de\/wp-content\/uploads\/2025\/02\/Shutterstock_752997244-1-150x150.jpg 150w, https:\/\/www.humanium.org\/de\/wp-content\/uploads\/2025\/02\/Shutterstock_752997244-1-768x768.jpg 768w, https:\/\/www.humanium.org\/de\/wp-content\/uploads\/2025\/02\/Shutterstock_752997244-1-830x830.jpg 830w, https:\/\/www.humanium.org\/de\/wp-content\/uploads\/2025\/02\/Shutterstock_752997244-1-230x230.jpg 230w, https:\/\/www.humanium.org\/de\/wp-content\/uploads\/2025\/02\/Shutterstock_752997244-1-350x350.jpg 350w, https:\/\/www.humanium.org\/de\/wp-content\/uploads\/2025\/02\/Shutterstock_752997244-1-480x480.jpg 480w, https:\/\/www.humanium.org\/de\/wp-content\/uploads\/2025\/02\/Shutterstock_752997244-1.jpg 900w\" sizes=\"auto, (max-width: 141px) 100vw, 141px\" \/>Was ist Rechtsprechung?<\/a><\/h2>\n<p>Eine kindgerechte Justiz umfasst rechtliche Ma\u00dfnahmen zum Schutz der Rechte und des Wohlergehens von Kindern und geht \u00fcber den Bereich des Strafrechts hinaus. Sie beinhaltet Grunds\u00e4tze der kindgerechten Justiz nach internationalen Normen und deckt auch nicht-strafrechtliche Gerichtsverfahren ab.<\/p>\n<hr \/>\n<h2 style=\"margin-bottom: 10px;\"><img loading=\"lazy\" decoding=\"async\" class=\"wp-image-18466 alignleft\" src=\"https:\/\/www.humanium.org\/de\/wp-content\/uploads\/2025\/03\/Shutterstock_2512543919-1-300x300.jpg\" alt=\"\" width=\"152\" height=\"152\" srcset=\"https:\/\/www.humanium.org\/de\/wp-content\/uploads\/2025\/03\/Shutterstock_2512543919-1-300x300.jpg 300w, https:\/\/www.humanium.org\/de\/wp-content\/uploads\/2025\/03\/Shutterstock_2512543919-1-150x150.jpg 150w, https:\/\/www.humanium.org\/de\/wp-content\/uploads\/2025\/03\/Shutterstock_2512543919-1-768x768.jpg 768w, https:\/\/www.humanium.org\/de\/wp-content\/uploads\/2025\/03\/Shutterstock_2512543919-1-830x830.jpg 830w, https:\/\/www.humanium.org\/de\/wp-content\/uploads\/2025\/03\/Shutterstock_2512543919-1-230x230.jpg 230w, https:\/\/www.humanium.org\/de\/wp-content\/uploads\/2025\/03\/Shutterstock_2512543919-1-350x350.jpg 350w, https:\/\/www.humanium.org\/de\/wp-content\/uploads\/2025\/03\/Shutterstock_2512543919-1-480x480.jpg 480w, https:\/\/www.humanium.org\/de\/wp-content\/uploads\/2025\/03\/Shutterstock_2512543919-1.jpg 900w\" sizes=\"auto, (max-width: 152px) 100vw, 152px\" \/><a href=\"https:\/\/www.humanium.org\/de\/internationale-regeln\/\">Internationale Rechtsvorschriften f\u00fcr Kinder<\/a><\/h2>\n<p style=\"margin-bottom: 1px;\">Ein wesentlicher Bestandteil der Verwirklichung der Rechtsstaatlichkeit und der damit verbundenen Ziele liegt in der Behandlung von Kindern durch nationale Rechts-, Sozial- und Justizsysteme sowie Sicherheitsorgane.<\/p>\n<hr \/>\n<header class=\"entry-header\">\n<h2 class=\"title-post entry-title\"><a href=\"https:\/\/www.humanium.org\/de\/wahlrecht-fuer-kinder-und-jugendliche\/\"><img loading=\"lazy\" decoding=\"async\" class=\"wp-image-19058 alignleft\" src=\"https:\/\/www.humanium.org\/de\/wp-content\/uploads\/2025\/10\/shutterstock_1556002430_edited-300x300.jpeg\" alt=\"\" width=\"157\" height=\"157\" srcset=\"https:\/\/www.humanium.org\/de\/wp-content\/uploads\/2025\/10\/shutterstock_1556002430_edited-300x300.jpeg 300w, https:\/\/www.humanium.org\/de\/wp-content\/uploads\/2025\/10\/shutterstock_1556002430_edited-150x150.jpeg 150w, https:\/\/www.humanium.org\/de\/wp-content\/uploads\/2025\/10\/shutterstock_1556002430_edited-230x230.jpeg 230w, https:\/\/www.humanium.org\/de\/wp-content\/uploads\/2025\/10\/shutterstock_1556002430_edited.jpeg 334w\" sizes=\"auto, (max-width: 157px) 100vw, 157px\" \/>Wahlrecht f\u00fcr Kinder und Jugendliche<\/a><\/h2>\n<\/header>\n<p style=\"margin-bottom: 1px;\">Kinder sind grunds\u00e4tzlich vom Wahlrecht ausgeschlossen, mit nur wenigen Ausnahmen wie zum Beispiel in L\u00e4ndern. Der Hauptgrund daf\u00fcr ist die weitverbreitete Meinung, dass Kinder nicht gut genug informiert sind, um bestimmte Entscheidungen zu treffen.<\/p>\n<header class=\"entry-header\">\n<hr \/>\n<\/header>\n<h2 style=\"margin-bottom: 10px;\"><a href=\"https:\/\/www.humanium.org\/de\/kinder-im-justizsystem\/\"><img loading=\"lazy\" decoding=\"async\" class=\" wp-image-18468 alignleft\" src=\"https:\/\/www.humanium.org\/de\/wp-content\/uploads\/2025\/03\/Shutterstock_1539387056-300x300.jpg\" alt=\"\" width=\"145\" height=\"145\" srcset=\"https:\/\/www.humanium.org\/de\/wp-content\/uploads\/2025\/03\/Shutterstock_1539387056-300x300.jpg 300w, https:\/\/www.humanium.org\/de\/wp-content\/uploads\/2025\/03\/Shutterstock_1539387056-150x150.jpg 150w, https:\/\/www.humanium.org\/de\/wp-content\/uploads\/2025\/03\/Shutterstock_1539387056-768x768.jpg 768w, https:\/\/www.humanium.org\/de\/wp-content\/uploads\/2025\/03\/Shutterstock_1539387056-830x830.jpg 830w, https:\/\/www.humanium.org\/de\/wp-content\/uploads\/2025\/03\/Shutterstock_1539387056-230x230.jpg 230w, https:\/\/www.humanium.org\/de\/wp-content\/uploads\/2025\/03\/Shutterstock_1539387056-350x350.jpg 350w, https:\/\/www.humanium.org\/de\/wp-content\/uploads\/2025\/03\/Shutterstock_1539387056-480x480.jpg 480w, https:\/\/www.humanium.org\/de\/wp-content\/uploads\/2025\/03\/Shutterstock_1539387056.jpg 900w\" sizes=\"auto, (max-width: 145px) 100vw, 145px\" \/>Kinder im Justizsystem<\/a><\/h2>\n<p style=\"margin-bottom: 1px;\">Jedes Jahr kommen Tausende von Kindern mit dem Justizsystem in Ber\u00fchrung. Sie werden in Strafverfahren verwickelt, weil sie mit dem Gesetz in Konflikt geraten sind oder weil sie Zeugen oder Opfer von Straftaten geworden sind, oder eine Kombination davon.<\/p>\n<hr \/>\n<h2 style=\"margin-bottom: 10px;\"><a href=\"https:\/\/www.humanium.org\/de\/minderjahrigenrecht\/\"><img loading=\"lazy\" decoding=\"async\" class=\"wp-image-18346 alignleft\" src=\"https:\/\/www.humanium.org\/de\/wp-content\/uploads\/2025\/02\/Shutterstock_1959770014-300x300.jpg\" alt=\"\" width=\"147\" height=\"147\" srcset=\"https:\/\/www.humanium.org\/de\/wp-content\/uploads\/2025\/02\/Shutterstock_1959770014-300x300.jpg 300w, https:\/\/www.humanium.org\/de\/wp-content\/uploads\/2025\/02\/Shutterstock_1959770014-150x150.jpg 150w, https:\/\/www.humanium.org\/de\/wp-content\/uploads\/2025\/02\/Shutterstock_1959770014-768x768.jpg 768w, https:\/\/www.humanium.org\/de\/wp-content\/uploads\/2025\/02\/Shutterstock_1959770014-830x830.jpg 830w, https:\/\/www.humanium.org\/de\/wp-content\/uploads\/2025\/02\/Shutterstock_1959770014-230x230.jpg 230w, https:\/\/www.humanium.org\/de\/wp-content\/uploads\/2025\/02\/Shutterstock_1959770014-350x350.jpg 350w, https:\/\/www.humanium.org\/de\/wp-content\/uploads\/2025\/02\/Shutterstock_1959770014-480x480.jpg 480w, https:\/\/www.humanium.org\/de\/wp-content\/uploads\/2025\/02\/Shutterstock_1959770014.jpg 900w\" sizes=\"auto, (max-width: 147px) 100vw, 147px\" \/>Jugendstrafrecht<\/a><\/h2>\n<p style=\"margin-bottom: 10px;\">Das Jugendrecht ist ein komplexes und vielschichtiges Rechtsgebiet, das sich mit der Schnittstelle zwischen dem Rechtssystem und den besonderen Bed\u00fcrfnissen und Umst\u00e4nden von Minderj\u00e4hrigen befasst.<\/p>\n<hr \/>\n<h2 style=\"margin-bottom: 10px;\"><a href=\"https:\/\/www.humanium.org\/de\/jugendgerichtsbarkeit\/\"><img loading=\"lazy\" decoding=\"async\" class=\"wp-image-18312 alignleft\" src=\"https:\/\/www.humanium.org\/de\/wp-content\/uploads\/2025\/01\/Shutterstock_2434644861-1-300x300.jpg\" alt=\"\" width=\"143\" height=\"143\" srcset=\"https:\/\/www.humanium.org\/de\/wp-content\/uploads\/2025\/01\/Shutterstock_2434644861-1-300x300.jpg 300w, https:\/\/www.humanium.org\/de\/wp-content\/uploads\/2025\/01\/Shutterstock_2434644861-1-150x150.jpg 150w, https:\/\/www.humanium.org\/de\/wp-content\/uploads\/2025\/01\/Shutterstock_2434644861-1-768x768.jpg 768w, https:\/\/www.humanium.org\/de\/wp-content\/uploads\/2025\/01\/Shutterstock_2434644861-1-830x830.jpg 830w, https:\/\/www.humanium.org\/de\/wp-content\/uploads\/2025\/01\/Shutterstock_2434644861-1-230x230.jpg 230w, https:\/\/www.humanium.org\/de\/wp-content\/uploads\/2025\/01\/Shutterstock_2434644861-1-350x350.jpg 350w, https:\/\/www.humanium.org\/de\/wp-content\/uploads\/2025\/01\/Shutterstock_2434644861-1-480x480.jpg 480w, https:\/\/www.humanium.org\/de\/wp-content\/uploads\/2025\/01\/Shutterstock_2434644861-1.jpg 900w\" sizes=\"auto, (max-width: 143px) 100vw, 143px\" \/>Jugendgerichtsbarkeit<\/a><\/h2>\n<p>Das Versagen der Jugendgerichtsbarkeit ist leider offensichtlich: J\u00e4hrlich werden 1,3 bis 1,5 Millionen Kinder inhaftiert. Die Staaten m\u00fcssen die Grunds\u00e4tze der Jugendgerichtsbarkeit rigoros durchsetzen, um Kinder vor gewaltt\u00e4tigen und sch\u00e4dlichen Haftbedingungen zu sch\u00fctzen.<\/p>\n<hr \/>\n<h2 style=\"margin-bottom: 10px;\"><a href=\"https:\/\/www.humanium.org\/de\/inhaftierte-kinder\/\"><img loading=\"lazy\" decoding=\"async\" class=\"wp-image-18354 alignleft\" src=\"https:\/\/www.humanium.org\/de\/wp-content\/uploads\/2025\/02\/Shutterstock_366005588-300x300.jpg\" alt=\"\" width=\"150\" height=\"150\" srcset=\"https:\/\/www.humanium.org\/de\/wp-content\/uploads\/2025\/02\/Shutterstock_366005588-300x300.jpg 300w, https:\/\/www.humanium.org\/de\/wp-content\/uploads\/2025\/02\/Shutterstock_366005588-150x150.jpg 150w, https:\/\/www.humanium.org\/de\/wp-content\/uploads\/2025\/02\/Shutterstock_366005588-768x768.jpg 768w, https:\/\/www.humanium.org\/de\/wp-content\/uploads\/2025\/02\/Shutterstock_366005588-830x830.jpg 830w, https:\/\/www.humanium.org\/de\/wp-content\/uploads\/2025\/02\/Shutterstock_366005588-230x230.jpg 230w, https:\/\/www.humanium.org\/de\/wp-content\/uploads\/2025\/02\/Shutterstock_366005588-350x350.jpg 350w, https:\/\/www.humanium.org\/de\/wp-content\/uploads\/2025\/02\/Shutterstock_366005588-480x480.jpg 480w, https:\/\/www.humanium.org\/de\/wp-content\/uploads\/2025\/02\/Shutterstock_366005588.jpg 900w\" sizes=\"auto, (max-width: 150px) 100vw, 150px\" \/>Kinder in Haft<\/a><\/h2>\n<p style=\"margin-bottom: 1px;\">Die betr\u00e4chtliche Zahl inhaftierter Kinder zeigt, dass es dringend notwendig ist, das Bewusstsein f\u00fcr diese Problematik zu sch\u00e4rfen und konzertierte Anstrengungen zu unternehmen, um die Rechte und das Wohlergehen dieser gef\u00e4hrdeten Jugendlichen zu sch\u00fctzen.<\/p>\n<hr \/>\n<h2 style=\"margin-bottom: 10px;\"><img loading=\"lazy\" decoding=\"async\" class=\"wp-image-18553 alignleft\" src=\"https:\/\/www.humanium.org\/de\/wp-content\/uploads\/2025\/04\/Shutterstock_1095110036-1-300x300.jpg\" alt=\"\" width=\"153\" height=\"153\" srcset=\"https:\/\/www.humanium.org\/de\/wp-content\/uploads\/2025\/04\/Shutterstock_1095110036-1-300x300.jpg 300w, https:\/\/www.humanium.org\/de\/wp-content\/uploads\/2025\/04\/Shutterstock_1095110036-1-150x150.jpg 150w, https:\/\/www.humanium.org\/de\/wp-content\/uploads\/2025\/04\/Shutterstock_1095110036-1-768x768.jpg 768w, https:\/\/www.humanium.org\/de\/wp-content\/uploads\/2025\/04\/Shutterstock_1095110036-1-830x830.jpg 830w, https:\/\/www.humanium.org\/de\/wp-content\/uploads\/2025\/04\/Shutterstock_1095110036-1-230x230.jpg 230w, https:\/\/www.humanium.org\/de\/wp-content\/uploads\/2025\/04\/Shutterstock_1095110036-1-350x350.jpg 350w, https:\/\/www.humanium.org\/de\/wp-content\/uploads\/2025\/04\/Shutterstock_1095110036-1-480x480.jpg 480w, https:\/\/www.humanium.org\/de\/wp-content\/uploads\/2025\/04\/Shutterstock_1095110036-1.jpg 900w\" sizes=\"auto, (max-width: 153px) 100vw, 153px\" \/><a href=\"https:\/\/www.humanium.org\/de\/kinderrechte-und-leihmutterschaft\/\">Kinderrechte und Leihmutterschaft<\/a><\/h2>\n<p>Die Leihmutterschaft ist eine Vereinbarung, bei der sich eine Frau dazu verpflichtet, das Kind einer anderen Person oder eines Paares auszutragen und zur Welt zu bringen. Der Prozess wird durch neue Technologien erleichtert, die es zuk\u00fcnftigen Eltern erm\u00f6glichen, trotz bestehender Komplikationen leibliche Kinder zu bekommen.<\/p>\n","protected":false},"excerpt":{"rendered":"<p>Rechtsprechung f\u00fcr Kinder Was ist Rechtsprechung? Eine kindgerechte Justiz umfasst rechtliche Ma\u00dfnahmen zum Schutz der Rechte und des Wohlergehens von Kindern und geht \u00fcber den Bereich des Strafrechts hinaus. Sie beinhaltet Grunds\u00e4tze der kindgerechten Justiz nach internationalen Normen und deckt auch nicht-strafrechtliche Gerichtsverfahren ab. Internationale Rechtsvorschriften f\u00fcr Kinder Ein wesentlicher Bestandteil der Verwirklichung der Rechtsstaatlichkeit [&hellip;]<\/p>\n","protected":false},"author":1,"featured_media":0,"parent":0,"menu_order":0,"comment_status":"closed","ping_status":"closed","template":"","meta":{"footnotes":""},"class_list":["post-9042","page","type-page","status-publish","hentry"],"yoast_head":"<!-- This site is optimized with the Yoast SEO plugin v26.5 - https:\/\/yoast.com\/wordpress\/plugins\/seo\/ -->\n<title>Rechtsprechung f\u00fcr Kinder - Humanium<\/title>\n<meta name=\"robots\" content=\"index, follow, max-snippet:-1, max-image-preview:large, max-video-preview:-1\" \/>\n<link rel=\"canonical\" href=\"https:\/\/www.humanium.org\/de\/rechtsprechung-fur-kinder\/\" \/>\n<meta property=\"og:locale\" content=\"de_DE\" \/>\n<meta property=\"og:type\" content=\"article\" \/>\n<meta property=\"og:title\" content=\"Rechtsprechung f\u00fcr Kinder - Humanium\" \/>\n<meta property=\"og:description\" content=\"Rechtsprechung f\u00fcr Kinder Was ist Rechtsprechung? Eine kindgerechte Justiz umfasst rechtliche Ma\u00dfnahmen zum Schutz der Rechte und des Wohlergehens von Kindern und geht \u00fcber den Bereich des Strafrechts hinaus. Sie beinhaltet Grunds\u00e4tze der kindgerechten Justiz nach internationalen Normen und deckt auch nicht-strafrechtliche Gerichtsverfahren ab. Internationale Rechtsvorschriften f\u00fcr Kinder Ein wesentlicher Bestandteil der Verwirklichung der Rechtsstaatlichkeit [&hellip;]\" \/>\n<meta property=\"og:url\" content=\"https:\/\/www.humanium.org\/de\/rechtsprechung-fur-kinder\/\" \/>\n<meta property=\"og:site_name\" content=\"Humanium\" \/>\n<meta property=\"article:modified_time\" content=\"2025-12-05T07:16:30+00:00\" \/>\n<meta property=\"og:image\" content=\"https:\/\/www.humanium.org\/de\/wp-content\/uploads\/2025\/02\/Shutterstock_752997244-1.jpg\" \/>\n\t<meta property=\"og:image:width\" content=\"900\" \/>\n\t<meta property=\"og:image:height\" content=\"900\" \/>\n\t<meta property=\"og:image:type\" content=\"image\/jpeg\" \/>\n<meta name=\"twitter:card\" content=\"summary_large_image\" \/>\n<meta name=\"twitter:label1\" content=\"Gesch\u00e4tzte Lesezeit\" \/>\n\t<meta name=\"twitter:data1\" content=\"4\u00a0Minuten\" \/>\n<script type=\"application\/ld+json\" class=\"yoast-schema-graph\">{\"@context\":\"https:\/\/schema.org\",\"@graph\":[{\"@type\":\"WebPage\",\"@id\":\"https:\/\/www.humanium.org\/de\/rechtsprechung-fur-kinder\/\",\"url\":\"https:\/\/www.humanium.org\/de\/rechtsprechung-fur-kinder\/\",\"name\":\"Rechtsprechung f\u00fcr Kinder - Humanium\",\"isPartOf\":{\"@id\":\"https:\/\/www.humanium.org\/de\/#website\"},\"primaryImageOfPage\":{\"@id\":\"https:\/\/www.humanium.org\/de\/rechtsprechung-fur-kinder\/#primaryimage\"},\"image\":{\"@id\":\"https:\/\/www.humanium.org\/de\/rechtsprechung-fur-kinder\/#primaryimage\"},\"thumbnailUrl\":\"https:\/\/www.humanium.org\/de\/wp-content\/uploads\/2025\/02\/Shutterstock_752997244-1-300x300.jpg\",\"datePublished\":\"2017-04-25T08:20:24+00:00\",\"dateModified\":\"2025-12-05T07:16:30+00:00\",\"breadcrumb\":{\"@id\":\"https:\/\/www.humanium.org\/de\/rechtsprechung-fur-kinder\/#breadcrumb\"},\"inLanguage\":\"de\",\"potentialAction\":[{\"@type\":\"ReadAction\",\"target\":[\"https:\/\/www.humanium.org\/de\/rechtsprechung-fur-kinder\/\"]}]},{\"@type\":\"ImageObject\",\"inLanguage\":\"de\",\"@id\":\"https:\/\/www.humanium.org\/de\/rechtsprechung-fur-kinder\/#primaryimage\",\"url\":\"https:\/\/www.humanium.org\/de\/wp-content\/uploads\/2025\/02\/Shutterstock_752997244-1.jpg\",\"contentUrl\":\"https:\/\/www.humanium.org\/de\/wp-content\/uploads\/2025\/02\/Shutterstock_752997244-1.jpg\",\"width\":900,\"height\":900},{\"@type\":\"BreadcrumbList\",\"@id\":\"https:\/\/www.humanium.org\/de\/rechtsprechung-fur-kinder\/#breadcrumb\",\"itemListElement\":[{\"@type\":\"ListItem\",\"position\":1,\"name\":\"Home\",\"item\":\"https:\/\/www.humanium.org\/de\/\"},{\"@type\":\"ListItem\",\"position\":2,\"name\":\"Rechtsprechung f\u00fcr Kinder\"}]},{\"@type\":\"WebSite\",\"@id\":\"https:\/\/www.humanium.org\/de\/#website\",\"url\":\"https:\/\/www.humanium.org\/de\/\",\"name\":\"Humanium\",\"description\":\"Kinder zuerst!\",\"potentialAction\":[{\"@type\":\"SearchAction\",\"target\":{\"@type\":\"EntryPoint\",\"urlTemplate\":\"https:\/\/www.humanium.org\/de\/?s={search_term_string}\"},\"query-input\":{\"@type\":\"PropertyValueSpecification\",\"valueRequired\":true,\"valueName\":\"search_term_string\"}}],\"inLanguage\":\"de\"}]}<\/script>\n<!-- \/ Yoast SEO plugin. -->","yoast_head_json":{"title":"Rechtsprechung f\u00fcr Kinder - Humanium","robots":{"index":"index","follow":"follow","max-snippet":"max-snippet:-1","max-image-preview":"max-image-preview:large","max-video-preview":"max-video-preview:-1"},"canonical":"https:\/\/www.humanium.org\/de\/rechtsprechung-fur-kinder\/","og_locale":"de_DE","og_type":"article","og_title":"Rechtsprechung f\u00fcr Kinder - Humanium","og_description":"Rechtsprechung f\u00fcr Kinder Was ist Rechtsprechung? Eine kindgerechte Justiz umfasst rechtliche Ma\u00dfnahmen zum Schutz der Rechte und des Wohlergehens von Kindern und geht \u00fcber den Bereich des Strafrechts hinaus. Sie beinhaltet Grunds\u00e4tze der kindgerechten Justiz nach internationalen Normen und deckt auch nicht-strafrechtliche Gerichtsverfahren ab. Internationale Rechtsvorschriften f\u00fcr Kinder Ein wesentlicher Bestandteil der Verwirklichung der Rechtsstaatlichkeit [&hellip;]","og_url":"https:\/\/www.humanium.org\/de\/rechtsprechung-fur-kinder\/","og_site_name":"Humanium","article_modified_time":"2025-12-05T07:16:30+00:00","og_image":[{"width":900,"height":900,"url":"https:\/\/www.humanium.org\/de\/wp-content\/uploads\/2025\/02\/Shutterstock_752997244-1.jpg","type":"image\/jpeg"}],"twitter_card":"summary_large_image","twitter_misc":{"Gesch\u00e4tzte Lesezeit":"4\u00a0Minuten"},"schema":{"@context":"https:\/\/schema.org","@graph":[{"@type":"WebPage","@id":"https:\/\/www.humanium.org\/de\/rechtsprechung-fur-kinder\/","url":"https:\/\/www.humanium.org\/de\/rechtsprechung-fur-kinder\/","name":"Rechtsprechung f\u00fcr Kinder - Humanium","isPartOf":{"@id":"https:\/\/www.humanium.org\/de\/#website"},"primaryImageOfPage":{"@id":"https:\/\/www.humanium.org\/de\/rechtsprechung-fur-kinder\/#primaryimage"},"image":{"@id":"https:\/\/www.humanium.org\/de\/rechtsprechung-fur-kinder\/#primaryimage"},"thumbnailUrl":"https:\/\/www.humanium.org\/de\/wp-content\/uploads\/2025\/02\/Shutterstock_752997244-1-300x300.jpg","datePublished":"2017-04-25T08:20:24+00:00","dateModified":"2025-12-05T07:16:30+00:00","breadcrumb":{"@id":"https:\/\/www.humanium.org\/de\/rechtsprechung-fur-kinder\/#breadcrumb"},"inLanguage":"de","potentialAction":[{"@type":"ReadAction","target":["https:\/\/www.humanium.org\/de\/rechtsprechung-fur-kinder\/"]}]},{"@type":"ImageObject","inLanguage":"de","@id":"https:\/\/www.humanium.org\/de\/rechtsprechung-fur-kinder\/#primaryimage","url":"https:\/\/www.humanium.org\/de\/wp-content\/uploads\/2025\/02\/Shutterstock_752997244-1.jpg","contentUrl":"https:\/\/www.humanium.org\/de\/wp-content\/uploads\/2025\/02\/Shutterstock_752997244-1.jpg","width":900,"height":900},{"@type":"BreadcrumbList","@id":"https:\/\/www.humanium.org\/de\/rechtsprechung-fur-kinder\/#breadcrumb","itemListElement":[{"@type":"ListItem","position":1,"name":"Home","item":"https:\/\/www.humanium.org\/de\/"},{"@type":"ListItem","position":2,"name":"Rechtsprechung f\u00fcr Kinder"}]},{"@type":"WebSite","@id":"https:\/\/www.humanium.org\/de\/#website","url":"https:\/\/www.humanium.org\/de\/","name":"Humanium","description":"Kinder zuerst!","potentialAction":[{"@type":"SearchAction","target":{"@type":"EntryPoint","urlTemplate":"https:\/\/www.humanium.org\/de\/?s={search_term_string}"},"query-input":{"@type":"PropertyValueSpecification","valueRequired":true,"valueName":"search_term_string"}}],"inLanguage":"de"}]}},"_links":{"self":[{"href":"https:\/\/www.humanium.org\/de\/wp-json\/wp\/v2\/pages\/9042","targetHints":{"allow":["GET"]}}],"collection":[{"href":"https:\/\/www.humanium.org\/de\/wp-json\/wp\/v2\/pages"}],"about":[{"href":"https:\/\/www.humanium.org\/de\/wp-json\/wp\/v2\/types\/page"}],"author":[{"embeddable":true,"href":"https:\/\/www.humanium.org\/de\/wp-json\/wp\/v2\/users\/1"}],"replies":[{"embeddable":true,"href":"https:\/\/www.humanium.org\/de\/wp-json\/wp\/v2\/comments?post=9042"}],"version-history":[{"count":37,"href":"https:\/\/www.humanium.org\/de\/wp-json\/wp\/v2\/pages\/9042\/revisions"}],"predecessor-version":[{"id":19067,"href":"https:\/\/www.humanium.org\/de\/wp-json\/wp\/v2\/pages\/9042\/revisions\/19067"}],"wp:attachment":[{"href":"https:\/\/www.humanium.org\/de\/wp-json\/wp\/v2\/media?parent=9042"}],"curies":[{"name":"wp","href":"https:\/\/api.w.org\/{rel}","templated":true}]}}