{"id":9079,"date":"2017-05-08T20:56:16","date_gmt":"2017-05-08T20:56:16","guid":{"rendered":"https:\/\/www.humanium.gives\/de\/?page_id=9079"},"modified":"2025-12-05T16:52:08","modified_gmt":"2025-12-05T16:52:08","slug":"kirgistan","status":"publish","type":"page","link":"https:\/\/www.humanium.org\/de\/kirgistan\/","title":{"rendered":"Die Kinder von Kirgistan"},"content":{"rendered":"<h1>Die Kinder von Kirgistan<\/h1>\n<h2>Kinderrechte in Kirgistan jetzt umsetzen!<\/h2>\n<p style=\"text-align: center;\"><img loading=\"lazy\" decoding=\"async\" class=\"alignnone wp-image-18193\" title=\"Fillette kirghize \u00a9 Zz77-zz (flickr)\" src=\"https:\/\/www.humanium.org\/fr\/wp-content\/uploads\/2012\/01\/fillette-zzsoixantedixseptflickr.jpg\" alt=\"\" width=\"157\" height=\"200\" \/>\u00a0<img loading=\"lazy\" decoding=\"async\" class=\"alignnone size-full wp-image-18192\" title=\"Gar\u00e7on kirghize \u00a9 Gusjer (flickr)\" src=\"https:\/\/www.humanium.org\/fr\/wp-content\/uploads\/2012\/01\/garcon-gusjer-flickr.jpg\" alt=\"\" width=\"207\" height=\"200\" \/><\/p>\n<p style=\"text-align: left;\">1991 erlangte die ehemalige Sowjet Republik Kirgistan ihre Unabh\u00e4ngigkeit. Die Kirgisen leben \u00fcberwiegend als Nomaden und setzen sich aus mehreren Bev\u00f6lkerungsgruppen von Russen, Usbeken und Ukrainern zusammen. 2010 brach der Konflikt zwischen den Minderheiten im S\u00fcden des Landes offen aus, wodurch viele Angeh\u00f6rige der usbekischen Minderheit in das Nachbarland Usbekistan vertrieben wurden<\/p>\n<p style=\"text-align: left;\">Kirgistan hat ein massives Problem hinsichtlich der Situation der Kinder. Am schlimmsten betroffen sind die M\u00e4dchen: Jedes Jahr werden viele junge M\u00e4dchen entf\u00fchrt und gezwungen, ihre Entf\u00fchrer zu heiraten.<\/p>\n<h3>Die gr\u00f6\u00dften Probleme:<\/h3>\n<p><strong><a href=\"https:\/\/www.humanium.org\/de\/kinderarmut\/\">Armut<\/a><\/strong><\/p>\n<p>Kirgistan ist das zweit\u00e4rmste Land in Zentralasien. \u00dcber 36% der Kirgisischen Kinder wachsen in <a href=\"https:\/\/www.humanium.org\/de\/kinderarmut\/\">Armut<\/a> auf, 7% leben gar in extremer Armut.<\/p>\n<p><strong><a href=\"https:\/\/www.humanium.org\/de\/das-recht-auf-gesundheit\/\">Gesundheit<\/a><\/strong><\/p>\n<p><img loading=\"lazy\" decoding=\"async\" class=\"alignright size-full wp-image-18195\" title=\"De nombreux enfants souffrent de malnutrition \u00a9 The Gonger (flickr)\" src=\"https:\/\/www.humanium.org\/fr\/wp-content\/uploads\/2012\/01\/sante-the-gonger-flickr.jpg\" alt=\"\" width=\"200\" height=\"283\" \/>Eines von f\u00fcnf Kindern in Kirgistan <a href=\"https:\/\/www.humanium.org\/de\/kindersterblichkeit\/\">stirbt im Kindesalter<\/a>, haupts\u00e4chlich aufgrund der Folgen von Mangelern\u00e4hrung.<\/p>\n<p>Kirgistan ist h\u00e4ufig von Erdbeben und \u00dcberflutungen betroffen. 2010 wurden 476 F\u00e4lle von Polio registriert, davon waren 70% auf das Erdbeben zur\u00fcckzuf\u00fchren.<\/p>\n<p>Der Zugang zu <a href=\"https:\/\/www.humanium.org\/de\/das-recht-auf-gesundheit\/\">Gesundheitsleistungen<\/a> ist sehr unterschiedlich, vielen Fl\u00fcchtlingen und Zuwanderern wird dieser g\u00e4nzlich verweigert.<\/p>\n<p><strong><a href=\"https:\/\/www.humanium.org\/de\/recht-bildung\/\">Bildung<\/a><\/strong><\/p>\n<p>In Kirgistan ist der <a href=\"https:\/\/www.humanium.org\/de\/recht-bildung\/\">Schulbesuch<\/a> bis zu einem Alter von 14 Jahren Pflicht und kostenfrei. Weiterf\u00fchrende Schulen sind kostenfrei bis zu einem Alter von 17 Jahren. Falls Eltern ihre Kinder nicht zur Schule schicken, m\u00fcssen sie mit finanziellen Strafen rechnen. Trotz dessen gibt es in l\u00e4ndlichen Gegenden nur einen eingeschr\u00e4nkten Zugang zu Bildung.<\/p>\n<p>Die Regierung unterst\u00fctzt Eltern finanziell bei der Anschaffung von Schulmaterialien, wenn sie nur \u00fcber ein geringes Einkommen verf\u00fcgen oder <a href=\"https:\/\/www.humanium.org\/de\/kinder-mit-behinderung\/\">Kinder mit Behinderungen<\/a> haben.<\/p>\n<p><strong><a href=\"https:\/\/www.humanium.org\/de\/strasenkinder\/\">Stra\u00dfenkinder<\/a><\/strong><\/p>\n<p><img loading=\"lazy\" decoding=\"async\" class=\"alignright wp-image-18196\" title=\"Les enfants des rues sont contraints de travailler pour subvenir \u00e0 leur besoin \u00a9 The Gonger (flickr)\" src=\"https:\/\/www.humanium.org\/fr\/wp-content\/uploads\/2012\/01\/enfant-des-rues-the-gonger-flickr.jpg\" alt=\"\" width=\"300\" height=\"200\" \/>Das Ph\u00e4nomen von <a href=\"https:\/\/www.humanium.org\/de\/strasenkinder\/\">Stra\u00dfenkinder<\/a> ist nicht neu in Kirgistan und hat sich in den letzten Jahren verschlimmert. \u00dcber 80% der Stra\u00dfenkinder sind ein Produkt der inl\u00e4ndischen Migration.<\/p>\n<p>Die staatlichen Beh\u00f6rden versuchen die Pflege der Kinder zu \u00fcbernehmen. Die Kinder werden entweder an ihre Heimatadresse zur\u00fcckgebracht, wo diese bekannt ist, in eine Pflegeeinrichtung oder ein <a href=\"https:\/\/www.humanium.org\/de\/waisenkinder\/\">Waisenhaus<\/a>. Im Jahr 2008 gab es 5.390 solcher Kinder in staatlichen Einrichtungen.<\/p>\n<p>Leider gibt es jedoch immer noch tausende von Stra\u00dfenkindern, die auf der Suche nach einer Arbeit sind, um sich selbst helfen zu k\u00f6nnen. Sie werden Abf\u00fcller, Lastentr\u00e4ger, Stra\u00dfenverk\u00e4ufer oder Prostituierte, Dieb oder Gauner. Sie verdienen durchschnittlich nur 75 Cent bis 2 Dollar pro Tag.<\/p>\n<p><strong><a href=\"https:\/\/www.humanium.org\/de\/kinderheirat\/\">Kinderheirat<\/a><\/strong><\/p>\n<p>Obwohl eine <a href=\"https:\/\/www.humanium.org\/de\/kinderheirat\/\">Verheiratung unter 16 Jahren<\/a> gesetzlich verboten ist, werden erzwungene Hochzeiten immer mehr zu einer \u00fcblichen Praxis in Kirgistan. Jedes Jahr werden um die 16.000 M\u00e4dchen entf\u00fchrt, <a href=\"https:\/\/www.humanium.org\/de\/die-sexuelle-ausbeutung-von-kindern\/\">vergewaltigt<\/a> und gezwungen, ihre Peiniger zu heiraten.<\/p>\n<p><a href=\"https:\/\/www.humanium.org\/de\/kinderarmut\/\">Armut<\/a> ist die Hauptursache f\u00fcr dieses soziale Ph\u00e4nomen. Die Eltern k\u00f6nnen oft das Schulgeld f\u00fcr ihre T\u00f6chter nach obligatorischer Schulpflicht nicht bezahlen und hoffen, dass die Heirat ihre finanziellen Probleme l\u00f6sen wird.<\/p>\n<p>Diese Praxis hat schlimme Konsequenzen f\u00fcr die M\u00e4dchen. In den letzten 6 Jahren gab es 15 Selbstmorde von M\u00e4dchen, die zwangsverheiratet wurden.<\/p>\n<p><strong><a href=\"https:\/\/www.humanium.org\/de\/kinderprostitution\/\">Prostitution<\/a><\/strong><\/p>\n<p><img loading=\"lazy\" decoding=\"async\" class=\"alignright size-full wp-image-18197\" title=\"La prostitution est un fait social important au Kirghizistan \u00a9 Surrealpenguin (flickr)\" src=\"https:\/\/www.humanium.org\/fr\/wp-content\/uploads\/2012\/01\/prostitution-surrealpenguin-flickr.jpg\" alt=\"\" width=\"150\" height=\"200\" \/>Obwohl <a href=\"https:\/\/www.humanium.org\/de\/kinderprostitution\/\">Prostitution<\/a> gesetzlich verboten ist, verbreitet sie sich zunehmend in Kirgistan. Immer mehr junge M\u00e4dchen arbeiten in der Sexindustrie. In Bishkek, der Hauptstadt, sind mehr als 20% der Prostituierten sehr junge M\u00e4dchen. Die Mehrheit der Prostituiertenringe wird durch weibliche Zuh\u00e4lter kontrolliert.<\/p>\n<p>Auch immer mehr Jungs zwischen 12 und 16 Jahren werden dort ausgebeutet.<\/p>\n<p>Die Kunden, meist Gesch\u00e4ftsleute, kennen die Orte an denen sie f\u00fcr weniger als einen Dollar sexuelle Dienstleistungen von Schulm\u00e4dchen erhalten k\u00f6nnen. In den gro\u00dfen St\u00e4dten etablieren sich immer mehr Escort Agenturen.<\/p>\n<p><strong><a href=\"https:\/\/www.humanium.org\/de\/staatenlos-und-unsichtbar\/\">Staatenlos<\/a><\/strong><\/p>\n<p><img loading=\"lazy\" decoding=\"async\" class=\"alignright size-full wp-image-18198\" title=\"Enfant apatride \u00a9 HCR A.Zhoroba D\u00e9cembre 2010\" src=\"https:\/\/www.humanium.org\/fr\/wp-content\/uploads\/2012\/01\/enfant-apatride-hcr-a.zhoroba-decembre.jpg\" alt=\"\" width=\"214\" height=\"180\" \/>Den Angaben der UN Kommission f\u00fcr Fl\u00fcchtlinge zufolge gibt es \u00fcber 17.000 <a href=\"https:\/\/www.humanium.org\/de\/staatenlos-und-unsichtbar\/\">wohnsitzlose<\/a> Personen und solche, die von Obdachlosigkeit gef\u00e4hrdet sind.Die Mehrzahl dieser Personen sind Frauen oder Minderheiten.<\/p>\n<p>Kinder, die bei der Geburt nicht registriert werden, haben nicht die gleichen Rechte wie Personen mit einer Staatsangeh\u00f6rigkeit. So erhalten staatenlose Kinder keine staatlichen Hilfen und haben keinen Zugang zu <a href=\"https:\/\/www.humanium.org\/de\/das-recht-auf-gesundheit\/\">Gesundheitsleistungen<\/a>.<\/p>\n","protected":false},"excerpt":{"rendered":"<p>Die Kinder von Kirgistan Kinderrechte in Kirgistan jetzt umsetzen! \u00a0 1991 erlangte die ehemalige Sowjet Republik Kirgistan ihre Unabh\u00e4ngigkeit. Die Kirgisen leben \u00fcberwiegend als Nomaden und setzen sich aus mehreren Bev\u00f6lkerungsgruppen von Russen, Usbeken und Ukrainern zusammen. 2010 brach der Konflikt zwischen den Minderheiten im S\u00fcden des Landes offen aus, wodurch viele Angeh\u00f6rige der usbekischen [&hellip;]<\/p>\n","protected":false},"author":1,"featured_media":0,"parent":0,"menu_order":0,"comment_status":"closed","ping_status":"closed","template":"","meta":{"footnotes":""},"class_list":["post-9079","page","type-page","status-publish","hentry"],"yoast_head":"<!-- This site is optimized with the Yoast SEO plugin v26.5 - https:\/\/yoast.com\/wordpress\/plugins\/seo\/ -->\n<title>Die Kinder von Kirgistan - Humanium<\/title>\n<meta name=\"robots\" content=\"index, follow, max-snippet:-1, max-image-preview:large, max-video-preview:-1\" \/>\n<link rel=\"canonical\" href=\"https:\/\/www.humanium.org\/de\/kirgistan\/\" \/>\n<meta property=\"og:locale\" content=\"de_DE\" \/>\n<meta property=\"og:type\" content=\"article\" \/>\n<meta property=\"og:title\" content=\"Die Kinder von Kirgistan - Humanium\" \/>\n<meta property=\"og:description\" content=\"Die Kinder von Kirgistan Kinderrechte in Kirgistan jetzt umsetzen! \u00a0 1991 erlangte die ehemalige Sowjet Republik Kirgistan ihre Unabh\u00e4ngigkeit. Die Kirgisen leben \u00fcberwiegend als Nomaden und setzen sich aus mehreren Bev\u00f6lkerungsgruppen von Russen, Usbeken und Ukrainern zusammen. 2010 brach der Konflikt zwischen den Minderheiten im S\u00fcden des Landes offen aus, wodurch viele Angeh\u00f6rige der usbekischen [&hellip;]\" \/>\n<meta property=\"og:url\" content=\"https:\/\/www.humanium.org\/de\/kirgistan\/\" \/>\n<meta property=\"og:site_name\" content=\"Humanium\" \/>\n<meta property=\"article:modified_time\" content=\"2025-12-05T16:52:08+00:00\" \/>\n<meta name=\"twitter:card\" content=\"summary_large_image\" \/>\n<meta name=\"twitter:label1\" content=\"Gesch\u00e4tzte Lesezeit\" \/>\n\t<meta name=\"twitter:data1\" content=\"5\u00a0Minuten\" \/>\n<script type=\"application\/ld+json\" class=\"yoast-schema-graph\">{\"@context\":\"https:\/\/schema.org\",\"@graph\":[{\"@type\":\"WebPage\",\"@id\":\"https:\/\/www.humanium.org\/de\/kirgistan\/\",\"url\":\"https:\/\/www.humanium.org\/de\/kirgistan\/\",\"name\":\"Die Kinder von Kirgistan - Humanium\",\"isPartOf\":{\"@id\":\"https:\/\/www.humanium.org\/de\/#website\"},\"primaryImageOfPage\":{\"@id\":\"https:\/\/www.humanium.org\/de\/kirgistan\/#primaryimage\"},\"image\":{\"@id\":\"https:\/\/www.humanium.org\/de\/kirgistan\/#primaryimage\"},\"thumbnailUrl\":\"https:\/\/www.humanium.org\/fr\/wp-content\/uploads\/2012\/01\/fillette-zzsoixantedixseptflickr.jpg\",\"datePublished\":\"2017-05-08T20:56:16+00:00\",\"dateModified\":\"2025-12-05T16:52:08+00:00\",\"breadcrumb\":{\"@id\":\"https:\/\/www.humanium.org\/de\/kirgistan\/#breadcrumb\"},\"inLanguage\":\"de\",\"potentialAction\":[{\"@type\":\"ReadAction\",\"target\":[\"https:\/\/www.humanium.org\/de\/kirgistan\/\"]}]},{\"@type\":\"ImageObject\",\"inLanguage\":\"de\",\"@id\":\"https:\/\/www.humanium.org\/de\/kirgistan\/#primaryimage\",\"url\":\"https:\/\/www.humanium.org\/fr\/wp-content\/uploads\/2012\/01\/fillette-zzsoixantedixseptflickr.jpg\",\"contentUrl\":\"https:\/\/www.humanium.org\/fr\/wp-content\/uploads\/2012\/01\/fillette-zzsoixantedixseptflickr.jpg\"},{\"@type\":\"BreadcrumbList\",\"@id\":\"https:\/\/www.humanium.org\/de\/kirgistan\/#breadcrumb\",\"itemListElement\":[{\"@type\":\"ListItem\",\"position\":1,\"name\":\"Home\",\"item\":\"https:\/\/www.humanium.org\/de\/\"},{\"@type\":\"ListItem\",\"position\":2,\"name\":\"Die Kinder von Kirgistan\"}]},{\"@type\":\"WebSite\",\"@id\":\"https:\/\/www.humanium.org\/de\/#website\",\"url\":\"https:\/\/www.humanium.org\/de\/\",\"name\":\"Humanium\",\"description\":\"Kinder zuerst!\",\"potentialAction\":[{\"@type\":\"SearchAction\",\"target\":{\"@type\":\"EntryPoint\",\"urlTemplate\":\"https:\/\/www.humanium.org\/de\/?s={search_term_string}\"},\"query-input\":{\"@type\":\"PropertyValueSpecification\",\"valueRequired\":true,\"valueName\":\"search_term_string\"}}],\"inLanguage\":\"de\"}]}<\/script>\n<!-- \/ Yoast SEO plugin. -->","yoast_head_json":{"title":"Die Kinder von Kirgistan - Humanium","robots":{"index":"index","follow":"follow","max-snippet":"max-snippet:-1","max-image-preview":"max-image-preview:large","max-video-preview":"max-video-preview:-1"},"canonical":"https:\/\/www.humanium.org\/de\/kirgistan\/","og_locale":"de_DE","og_type":"article","og_title":"Die Kinder von Kirgistan - Humanium","og_description":"Die Kinder von Kirgistan Kinderrechte in Kirgistan jetzt umsetzen! \u00a0 1991 erlangte die ehemalige Sowjet Republik Kirgistan ihre Unabh\u00e4ngigkeit. Die Kirgisen leben \u00fcberwiegend als Nomaden und setzen sich aus mehreren Bev\u00f6lkerungsgruppen von Russen, Usbeken und Ukrainern zusammen. 2010 brach der Konflikt zwischen den Minderheiten im S\u00fcden des Landes offen aus, wodurch viele Angeh\u00f6rige der usbekischen [&hellip;]","og_url":"https:\/\/www.humanium.org\/de\/kirgistan\/","og_site_name":"Humanium","article_modified_time":"2025-12-05T16:52:08+00:00","twitter_card":"summary_large_image","twitter_misc":{"Gesch\u00e4tzte Lesezeit":"5\u00a0Minuten"},"schema":{"@context":"https:\/\/schema.org","@graph":[{"@type":"WebPage","@id":"https:\/\/www.humanium.org\/de\/kirgistan\/","url":"https:\/\/www.humanium.org\/de\/kirgistan\/","name":"Die Kinder von Kirgistan - Humanium","isPartOf":{"@id":"https:\/\/www.humanium.org\/de\/#website"},"primaryImageOfPage":{"@id":"https:\/\/www.humanium.org\/de\/kirgistan\/#primaryimage"},"image":{"@id":"https:\/\/www.humanium.org\/de\/kirgistan\/#primaryimage"},"thumbnailUrl":"https:\/\/www.humanium.org\/fr\/wp-content\/uploads\/2012\/01\/fillette-zzsoixantedixseptflickr.jpg","datePublished":"2017-05-08T20:56:16+00:00","dateModified":"2025-12-05T16:52:08+00:00","breadcrumb":{"@id":"https:\/\/www.humanium.org\/de\/kirgistan\/#breadcrumb"},"inLanguage":"de","potentialAction":[{"@type":"ReadAction","target":["https:\/\/www.humanium.org\/de\/kirgistan\/"]}]},{"@type":"ImageObject","inLanguage":"de","@id":"https:\/\/www.humanium.org\/de\/kirgistan\/#primaryimage","url":"https:\/\/www.humanium.org\/fr\/wp-content\/uploads\/2012\/01\/fillette-zzsoixantedixseptflickr.jpg","contentUrl":"https:\/\/www.humanium.org\/fr\/wp-content\/uploads\/2012\/01\/fillette-zzsoixantedixseptflickr.jpg"},{"@type":"BreadcrumbList","@id":"https:\/\/www.humanium.org\/de\/kirgistan\/#breadcrumb","itemListElement":[{"@type":"ListItem","position":1,"name":"Home","item":"https:\/\/www.humanium.org\/de\/"},{"@type":"ListItem","position":2,"name":"Die Kinder von Kirgistan"}]},{"@type":"WebSite","@id":"https:\/\/www.humanium.org\/de\/#website","url":"https:\/\/www.humanium.org\/de\/","name":"Humanium","description":"Kinder zuerst!","potentialAction":[{"@type":"SearchAction","target":{"@type":"EntryPoint","urlTemplate":"https:\/\/www.humanium.org\/de\/?s={search_term_string}"},"query-input":{"@type":"PropertyValueSpecification","valueRequired":true,"valueName":"search_term_string"}}],"inLanguage":"de"}]}},"_links":{"self":[{"href":"https:\/\/www.humanium.org\/de\/wp-json\/wp\/v2\/pages\/9079","targetHints":{"allow":["GET"]}}],"collection":[{"href":"https:\/\/www.humanium.org\/de\/wp-json\/wp\/v2\/pages"}],"about":[{"href":"https:\/\/www.humanium.org\/de\/wp-json\/wp\/v2\/types\/page"}],"author":[{"embeddable":true,"href":"https:\/\/www.humanium.org\/de\/wp-json\/wp\/v2\/users\/1"}],"replies":[{"embeddable":true,"href":"https:\/\/www.humanium.org\/de\/wp-json\/wp\/v2\/comments?post=9079"}],"version-history":[{"count":4,"href":"https:\/\/www.humanium.org\/de\/wp-json\/wp\/v2\/pages\/9079\/revisions"}],"predecessor-version":[{"id":20098,"href":"https:\/\/www.humanium.org\/de\/wp-json\/wp\/v2\/pages\/9079\/revisions\/20098"}],"wp:attachment":[{"href":"https:\/\/www.humanium.org\/de\/wp-json\/wp\/v2\/media?parent=9079"}],"curies":[{"name":"wp","href":"https:\/\/api.w.org\/{rel}","templated":true}]}}