{"id":9083,"date":"2017-05-09T16:49:52","date_gmt":"2017-05-09T16:49:52","guid":{"rendered":"https:\/\/www.humanium.gives\/de\/?page_id=9083"},"modified":"2025-12-05T17:00:05","modified_gmt":"2025-12-05T17:00:05","slug":"die-kinder-von-ost-timor","status":"publish","type":"page","link":"https:\/\/www.humanium.org\/de\/die-kinder-von-ost-timor\/","title":{"rendered":"Die Kinder von Ost-Timor"},"content":{"rendered":"<h2>Die Umsetzung von Kinderrechten in Ost-Timor<\/h2>\n<p><strong>\u00a0<img decoding=\"async\" class=\"alignleft\" src=\"https:\/\/www.humanium.org\/en\/wp-content\/uploads\/2013\/02\/Girl-of-Timor-UnitedNationsPhoto.jpg\" \/><img decoding=\"async\" class=\"alignleft\" src=\"https:\/\/www.humanium.org\/en\/wp-content\/uploads\/2013\/02\/Boy-of-Timor-KateBdixon.jpg\" \/><\/strong><\/p>\n<p><strong>\u00a0<\/strong><\/p>\n<p>HunderteinundneunzigL\u00e4nder haben die Internationale Kinderrechtskonvention ratifiziert, das letzte Land, das dies getan hat, war Ost-Timor am 16. April 2003. Trotz dieses Fortschritts gibt esf\u00fcr die Kinder immer noch schwerwiegende Probleme. Bis zum Jahr 2002 gab es in dem Land einen Unabh\u00e4ngigkeitskrieg, in dem Kinder als Soldaten eingezogen wurden. Ost-Timor garantiert noch immer keine Bildung und keine zufriedenstellende Justiz. Es gibt nach wie vor Kinderarbeit, Prostitution und Gewalt, was vom Staat nicht merklich einged\u00e4mmt wird.<\/p>\n<h3>Hauptprobleme, mit denen die Kinder in Ost-Timor konfrontiert werden:<\/h3>\n<p><strong>Armut<\/strong><\/p>\n<p>46 Prozent der Menschen von Ost-Timor sind zwischen 0 und 14 Jahre alt, also besteht fast die H\u00e4lfte der Bev\u00f6lkerung aus Kindern, und sie sind die ersten Opfer der hohen Armutsrate im Land. Tats\u00e4chlich leben 73% der Bev\u00f6lkerung mit weniger als 2$ am Tag.<\/p>\n<p>Die erh\u00f6hte Kindersterblichkeitsrate ist eine der Folgen der fehlenden Staatsmittel. Von 1000 geborenen Kindern erleben 36 nicht ihren ersten Geburtstag.<\/p>\n<p>Fehlende Mittel bringen Eltern manchmal auch dazu, ihre Kinder an spezielle Institutionen abzugeben, die sie gro\u00dfziehen sollen.<br \/>\n<strong>Bildung<\/strong><\/p>\n<p>14 Prozent der Kinder zwischen 6 und 11 Jahren sind nicht immer in der Schule angemeldet und der Zugang zu Schulen gestaltet sich vor allem in l\u00e4ndlichen Gegenden weiterhin problematisch.<\/p>\n<p><img decoding=\"async\" class=\"alignright\" src=\"https:\/\/www.humanium.org\/en\/wp-content\/uploads\/2013\/02\/Australia-Timor-Leste-Friendship-Network2-300x225.jpg\" \/>Nur 39% der M\u00e4dchen und 34% der Jungen sind an einer weiterf\u00fchrenden Schule eingeschrieben.<\/p>\n<p>Au\u00dferdem ist die Ausbildung von Lehrern unzureichend und es fehlt den Schulen an Materialien.<br \/>\n<strong>Gesundheit<\/strong><\/p>\n<p>Ein 2012 ver\u00f6ffentlichter Bericht der Weltbank sch\u00e4tzt, dass 45,3% der Kinder unter 5 Jahren Untergewicht haben. Unterern\u00e4hrung ist ein wiederkehrendes Problem in Osttimor, aber mit der Hilfe von UNICEF hat das Land eine nationale Ern\u00e4hrungsstrategie erarbeitet.<\/p>\n<p>Es wurde auch ein erweitertes Impfprogramm in Zusammenarbeit mit verschiedenen Organen der Vereinten Nationen und anderen Geldgebern aufgelegt, welches zu einem betr\u00e4chtlichenAnstieg der Impfquote gef\u00fchrt hat.<\/p>\n<p>Trotz dieser positiven Fakten bleiben die Rate der Unterern\u00e4hrung von Kindern, die Sterblichkeitsrate von Kindern<img loading=\"lazy\" decoding=\"async\" class=\"wp-image-12686 alignright\" title=\"Smiling girl \u00a9 United Nations Photo (flickr)\" src=\"https:\/\/www.humanium.org\/en\/wp-content\/uploads\/2013\/02\/UnitedNationsPhoto2-300x199.jpg\" alt=\"\" width=\"300\" height=\"200\" \/> und Jugendlichen sowie die M\u00fcttersterblichkeit weiterhin erh\u00f6ht. Au\u00dferdemgibt es unzureichende Gesundheitsdienste speziell f\u00fcr Jugendliche.<\/p>\n<p>Zudem ist die hohe Anf\u00e4lligkeit der Kinder in Ost-Timor f\u00fcr Krankheiten wie Malaria, R\u00f6teln, Typhus und Dengue Fieber sowie Lungen- und Magen-Darm-Erkrankungen gleicherma\u00dfen beunruhigend.<br \/>\n<strong>Justiz<\/strong><\/p>\n<p>Die F\u00e4lle von Kindesmisshandlungen scheinen im Justizsystem nur unzul\u00e4nglich behandelt zu werden und der Gro\u00dfteil dieser F\u00e4lle wird von rechtlichen Institutionen nicht angezeigt oder absichtlich \u201evergessen\u201c.<\/p>\n<p>Die Dauer der Untersuchungshaft vor der Verurteilung \u00fcberschreitet oft die vorgeschriebene Maximalstrafe in den anzuwendenden Regelwerken. Inhaftierte Kinder werden nicht immer komplett von erwachsenen H\u00e4ftlingen getrennt.<br \/>\n<strong>Kinderhandel, Prostitution von Kindern und Kinderpornographie<\/strong><\/p>\n<p>Angeklagt wird das hartn\u00e4ckige Festhalten an Kinderarbeit in Ost-Timor, vor allem im informellen Sektor.<\/p>\n<p>Obwohl es wenig Informationen und Daten dar\u00fcber gibt, wie verbreitet Kinderhandel, Prostitution von Kindern und Kinderpornographie sind, gibt es einen Bericht des Komitees der Kinderrechte, in dem diese Probleme angeprangert werden.<\/p>\n<p>In manchen F\u00e4llen treibt die Armut in entlegenen D\u00f6rfern Familien dazu, ihre T\u00f6chter ab dem Alter von zehn Jahren an die Orte zu schicken, an denen man mit Prostitution Geld verdienen kann. Je j\u00fcnger die M\u00e4dchen sind, desto h\u00f6her sind die Nachfrage und der Preis.<\/p>\n<p>Viele dieser M\u00e4dchen werden schwanger und werden in ihre Familien zur\u00fcckgeschickt, um dort zu geb\u00e4ren. Das Neugeborene wird dann der F\u00fcrsorge der Familie \u00fcberlassen oder in eine Institution gebracht, w\u00e4hrend das M\u00e4dchen weiterhin zur Prostitution gezwungen wird.<img loading=\"lazy\" decoding=\"async\" class=\"alignright size-medium wp-image-12687\" title=\"Pregnant girl \u00a9 United Nations Photo (flickr)\" src=\"https:\/\/www.humanium.org\/en\/wp-content\/uploads\/2013\/02\/UnitedNationsPhoto3-300x199.jpg\" alt=\"\" width=\"300\" height=\"199\" \/><\/p>\n<p>Diese Kinder, denen der Schutz durch ihre Familien und ihre sozialen Netzwerke entzogen wurde, laufen erst recht Gefahr,erneuten Gewalttaten ausgesetzt zu werden.<\/p>\n<p>Die Brutalit\u00e4t gegen\u00fcber Kindern und deren Ausbeutung werden in Ost-Timor generell akzeptiert und eine Ver\u00e4nderung dieser sozialen Moralvorstellungen stellt den ersten Schritt zum Verschwinden des Problems dar.<br \/>\n<strong>Gewalt und k\u00f6rperliche Bestrafung<\/strong><\/p>\n<p>Obwohl es wenige offizielle Statistiken gibt, zeichnen die Berichte von Partnern auf lokaler Ebene in diesem Landein sorgenvolles Bild von sexueller Gewalt, und erschreckend oft fallen ihr junge M\u00e4dchenzum Opfer.<\/p>\n<p>Dar\u00fcber hinaus ist k\u00f6rperliche Bestrafung eine g\u00e4ngige Praxis in Familien und wird oft angewendet, um Kinder in der Schule und anderen Bildungsinstitutionen zu disziplinieren.<\/p>\n<p>Es wird au\u00dferdem die degradierende Behandlung von Kindern durch die Polizei und durch das Strafvollzugssystem angeprangert.<br \/>\n<strong>Diskriminierung<\/strong><\/p>\n<p>Manche Gruppen von Kindern, vor allem die Kinder von R\u00fcckkehrern, Kinder die keine Taufurkunde besitzen, Kinder, die aus sexuellen Beziehungen zwischen Familienmitgliedern entstanden sind und Kinder mit Behinderungen sind Opfer von Diskriminierung, vor allem wenn es sich um den Zugang zu Bildung handelt.<br \/>\n<strong>Kinder, die ihren Familien entzogen wurden<\/strong><\/p>\n<p>In Osttimor wurden Kinder, als Folge der ausl\u00e4ndischen Besetzung, von ihren Familien getrennt. In der Tat wurde das Land f\u00fcr lange Jahre von Indonesien besetzt und Kinder wurden von ihren Familien getrennt, ohne dass diese dem zugestimmt hatten.<\/p>\n<p>Gleicherma\u00dfen werden Kinder aus verschiedenen Gr\u00fcnden aus ihren Familien gerissen und das Kinderrechtskomitee legt dem Staat nahe sicherzustellen, dass Kinder nicht gegen ihren Willen von ihrer Familie getrennt werden.<img decoding=\"async\" class=\"alignright\" src=\"https:\/\/www.humanium.org\/en\/wp-content\/uploads\/2013\/02\/UnitedNationsPhoto4-300x199.jpg\" \/><\/p>\n<p>Schlie\u00dflich gibt es auch informelle Arrangements, aufgrund derer Kinder einer Familie in einer anderen als ihrer biologischen Familie leben. Diese Praxis ist im Land weit verbreitet.<br \/>\n<strong>Kulturelle Praktiken<\/strong><\/p>\n<p>Das Mindestheiratsalter f\u00fcr M\u00e4dchen ist im Moment relativ gering. M\u00e4dchen k\u00f6nnen mit 15 Jahren heiraten, obwohl Jungen erst ab 18 Jahren heiraten d\u00fcrfen.<\/p>\n<p>Die Praxis von arrangierten Ehen mit sehr jungen M\u00e4dchen h\u00e4lt sich hartn\u00e4ckig, vor allem in l\u00e4ndlichen Gebieten. Diese Praktiken verletzen die Anordnungen und Prinzipien der Kinderrechtskonvention.<\/p>\n","protected":false},"excerpt":{"rendered":"<p>Die Umsetzung von Kinderrechten in Ost-Timor \u00a0 \u00a0 HunderteinundneunzigL\u00e4nder haben die Internationale Kinderrechtskonvention ratifiziert, das letzte Land, das dies getan hat, war Ost-Timor am 16. April 2003. Trotz dieses Fortschritts gibt esf\u00fcr die Kinder immer noch schwerwiegende Probleme. Bis zum Jahr 2002 gab es in dem Land einen Unabh\u00e4ngigkeitskrieg, in dem Kinder als Soldaten eingezogen [&hellip;]<\/p>\n","protected":false},"author":1,"featured_media":0,"parent":0,"menu_order":0,"comment_status":"closed","ping_status":"closed","template":"","meta":{"footnotes":""},"class_list":["post-9083","page","type-page","status-publish","hentry"],"yoast_head":"<!-- This site is optimized with the Yoast SEO plugin v26.5 - https:\/\/yoast.com\/wordpress\/plugins\/seo\/ -->\n<title>Die Kinder von Ost-Timor - Humanium<\/title>\n<meta name=\"description\" content=\"Ost-Timor garantiert noch immer keine Bildung und keine zufriedenstellende Justiz. Es gibt nach wie vor Kinderarbeit, Prostitution und Gewalt.\" \/>\n<meta name=\"robots\" content=\"index, follow, max-snippet:-1, max-image-preview:large, max-video-preview:-1\" \/>\n<link rel=\"canonical\" href=\"https:\/\/www.humanium.org\/de\/die-kinder-von-ost-timor\/\" \/>\n<meta property=\"og:locale\" content=\"de_DE\" \/>\n<meta property=\"og:type\" content=\"article\" \/>\n<meta property=\"og:title\" content=\"Die Kinder von Ost-Timor - Humanium\" \/>\n<meta property=\"og:description\" content=\"Ost-Timor garantiert noch immer keine Bildung und keine zufriedenstellende Justiz. Es gibt nach wie vor Kinderarbeit, Prostitution und Gewalt.\" \/>\n<meta property=\"og:url\" content=\"https:\/\/www.humanium.org\/de\/die-kinder-von-ost-timor\/\" \/>\n<meta property=\"og:site_name\" content=\"Humanium\" \/>\n<meta property=\"article:modified_time\" content=\"2025-12-05T17:00:05+00:00\" \/>\n<meta property=\"og:image\" content=\"https:\/\/www.humanium.org\/en\/wp-content\/uploads\/2013\/02\/Girl-of-Timor-UnitedNationsPhoto.jpg\" \/>\n<meta name=\"twitter:card\" content=\"summary_large_image\" \/>\n<meta name=\"twitter:label1\" content=\"Gesch\u00e4tzte Lesezeit\" \/>\n\t<meta name=\"twitter:data1\" content=\"6\u00a0Minuten\" \/>\n<script type=\"application\/ld+json\" class=\"yoast-schema-graph\">{\"@context\":\"https:\/\/schema.org\",\"@graph\":[{\"@type\":\"WebPage\",\"@id\":\"https:\/\/www.humanium.org\/de\/die-kinder-von-ost-timor\/\",\"url\":\"https:\/\/www.humanium.org\/de\/die-kinder-von-ost-timor\/\",\"name\":\"Die Kinder von Ost-Timor - Humanium\",\"isPartOf\":{\"@id\":\"https:\/\/www.humanium.org\/de\/#website\"},\"primaryImageOfPage\":{\"@id\":\"https:\/\/www.humanium.org\/de\/die-kinder-von-ost-timor\/#primaryimage\"},\"image\":{\"@id\":\"https:\/\/www.humanium.org\/de\/die-kinder-von-ost-timor\/#primaryimage\"},\"thumbnailUrl\":\"https:\/\/www.humanium.org\/en\/wp-content\/uploads\/2013\/02\/Girl-of-Timor-UnitedNationsPhoto.jpg\",\"datePublished\":\"2017-05-09T16:49:52+00:00\",\"dateModified\":\"2025-12-05T17:00:05+00:00\",\"description\":\"Ost-Timor garantiert noch immer keine Bildung und keine zufriedenstellende Justiz. Es gibt nach wie vor Kinderarbeit, Prostitution und Gewalt.\",\"breadcrumb\":{\"@id\":\"https:\/\/www.humanium.org\/de\/die-kinder-von-ost-timor\/#breadcrumb\"},\"inLanguage\":\"de\",\"potentialAction\":[{\"@type\":\"ReadAction\",\"target\":[\"https:\/\/www.humanium.org\/de\/die-kinder-von-ost-timor\/\"]}]},{\"@type\":\"ImageObject\",\"inLanguage\":\"de\",\"@id\":\"https:\/\/www.humanium.org\/de\/die-kinder-von-ost-timor\/#primaryimage\",\"url\":\"https:\/\/www.humanium.org\/en\/wp-content\/uploads\/2013\/02\/Girl-of-Timor-UnitedNationsPhoto.jpg\",\"contentUrl\":\"https:\/\/www.humanium.org\/en\/wp-content\/uploads\/2013\/02\/Girl-of-Timor-UnitedNationsPhoto.jpg\"},{\"@type\":\"BreadcrumbList\",\"@id\":\"https:\/\/www.humanium.org\/de\/die-kinder-von-ost-timor\/#breadcrumb\",\"itemListElement\":[{\"@type\":\"ListItem\",\"position\":1,\"name\":\"Home\",\"item\":\"https:\/\/www.humanium.org\/de\/\"},{\"@type\":\"ListItem\",\"position\":2,\"name\":\"Die Kinder von Ost-Timor\"}]},{\"@type\":\"WebSite\",\"@id\":\"https:\/\/www.humanium.org\/de\/#website\",\"url\":\"https:\/\/www.humanium.org\/de\/\",\"name\":\"Humanium\",\"description\":\"Kinder zuerst!\",\"potentialAction\":[{\"@type\":\"SearchAction\",\"target\":{\"@type\":\"EntryPoint\",\"urlTemplate\":\"https:\/\/www.humanium.org\/de\/?s={search_term_string}\"},\"query-input\":{\"@type\":\"PropertyValueSpecification\",\"valueRequired\":true,\"valueName\":\"search_term_string\"}}],\"inLanguage\":\"de\"}]}<\/script>\n<!-- \/ Yoast SEO plugin. -->","yoast_head_json":{"title":"Die Kinder von Ost-Timor - Humanium","description":"Ost-Timor garantiert noch immer keine Bildung und keine zufriedenstellende Justiz. Es gibt nach wie vor Kinderarbeit, Prostitution und Gewalt.","robots":{"index":"index","follow":"follow","max-snippet":"max-snippet:-1","max-image-preview":"max-image-preview:large","max-video-preview":"max-video-preview:-1"},"canonical":"https:\/\/www.humanium.org\/de\/die-kinder-von-ost-timor\/","og_locale":"de_DE","og_type":"article","og_title":"Die Kinder von Ost-Timor - Humanium","og_description":"Ost-Timor garantiert noch immer keine Bildung und keine zufriedenstellende Justiz. Es gibt nach wie vor Kinderarbeit, Prostitution und Gewalt.","og_url":"https:\/\/www.humanium.org\/de\/die-kinder-von-ost-timor\/","og_site_name":"Humanium","article_modified_time":"2025-12-05T17:00:05+00:00","og_image":[{"url":"https:\/\/www.humanium.org\/en\/wp-content\/uploads\/2013\/02\/Girl-of-Timor-UnitedNationsPhoto.jpg","type":"","width":"","height":""}],"twitter_card":"summary_large_image","twitter_misc":{"Gesch\u00e4tzte Lesezeit":"6\u00a0Minuten"},"schema":{"@context":"https:\/\/schema.org","@graph":[{"@type":"WebPage","@id":"https:\/\/www.humanium.org\/de\/die-kinder-von-ost-timor\/","url":"https:\/\/www.humanium.org\/de\/die-kinder-von-ost-timor\/","name":"Die Kinder von Ost-Timor - Humanium","isPartOf":{"@id":"https:\/\/www.humanium.org\/de\/#website"},"primaryImageOfPage":{"@id":"https:\/\/www.humanium.org\/de\/die-kinder-von-ost-timor\/#primaryimage"},"image":{"@id":"https:\/\/www.humanium.org\/de\/die-kinder-von-ost-timor\/#primaryimage"},"thumbnailUrl":"https:\/\/www.humanium.org\/en\/wp-content\/uploads\/2013\/02\/Girl-of-Timor-UnitedNationsPhoto.jpg","datePublished":"2017-05-09T16:49:52+00:00","dateModified":"2025-12-05T17:00:05+00:00","description":"Ost-Timor garantiert noch immer keine Bildung und keine zufriedenstellende Justiz. Es gibt nach wie vor Kinderarbeit, Prostitution und Gewalt.","breadcrumb":{"@id":"https:\/\/www.humanium.org\/de\/die-kinder-von-ost-timor\/#breadcrumb"},"inLanguage":"de","potentialAction":[{"@type":"ReadAction","target":["https:\/\/www.humanium.org\/de\/die-kinder-von-ost-timor\/"]}]},{"@type":"ImageObject","inLanguage":"de","@id":"https:\/\/www.humanium.org\/de\/die-kinder-von-ost-timor\/#primaryimage","url":"https:\/\/www.humanium.org\/en\/wp-content\/uploads\/2013\/02\/Girl-of-Timor-UnitedNationsPhoto.jpg","contentUrl":"https:\/\/www.humanium.org\/en\/wp-content\/uploads\/2013\/02\/Girl-of-Timor-UnitedNationsPhoto.jpg"},{"@type":"BreadcrumbList","@id":"https:\/\/www.humanium.org\/de\/die-kinder-von-ost-timor\/#breadcrumb","itemListElement":[{"@type":"ListItem","position":1,"name":"Home","item":"https:\/\/www.humanium.org\/de\/"},{"@type":"ListItem","position":2,"name":"Die Kinder von Ost-Timor"}]},{"@type":"WebSite","@id":"https:\/\/www.humanium.org\/de\/#website","url":"https:\/\/www.humanium.org\/de\/","name":"Humanium","description":"Kinder zuerst!","potentialAction":[{"@type":"SearchAction","target":{"@type":"EntryPoint","urlTemplate":"https:\/\/www.humanium.org\/de\/?s={search_term_string}"},"query-input":{"@type":"PropertyValueSpecification","valueRequired":true,"valueName":"search_term_string"}}],"inLanguage":"de"}]}},"_links":{"self":[{"href":"https:\/\/www.humanium.org\/de\/wp-json\/wp\/v2\/pages\/9083","targetHints":{"allow":["GET"]}}],"collection":[{"href":"https:\/\/www.humanium.org\/de\/wp-json\/wp\/v2\/pages"}],"about":[{"href":"https:\/\/www.humanium.org\/de\/wp-json\/wp\/v2\/types\/page"}],"author":[{"embeddable":true,"href":"https:\/\/www.humanium.org\/de\/wp-json\/wp\/v2\/users\/1"}],"replies":[{"embeddable":true,"href":"https:\/\/www.humanium.org\/de\/wp-json\/wp\/v2\/comments?post=9083"}],"version-history":[{"count":20,"href":"https:\/\/www.humanium.org\/de\/wp-json\/wp\/v2\/pages\/9083\/revisions"}],"predecessor-version":[{"id":20135,"href":"https:\/\/www.humanium.org\/de\/wp-json\/wp\/v2\/pages\/9083\/revisions\/20135"}],"wp:attachment":[{"href":"https:\/\/www.humanium.org\/de\/wp-json\/wp\/v2\/media?parent=9083"}],"curies":[{"name":"wp","href":"https:\/\/api.w.org\/{rel}","templated":true}]}}