{"id":2772,"date":"2011-11-06T18:00:50","date_gmt":"2011-11-07T01:00:50","guid":{"rendered":"http:\/\/humanium.org\/en\/?page_id=2772"},"modified":"2025-12-05T15:27:21","modified_gmt":"2025-12-05T15:27:21","slug":"africa","status":"publish","type":"page","link":"https:\/\/www.humanium.org\/en\/africa\/","title":{"rendered":"Africa"},"content":{"rendered":"<h1 style=\"margin-bottom: 30px;\">Children in Africa<\/h1>\n<h2>The children&#8217;s right situation in sub-Saharan Africa, by country<\/h2>\n<p><strong>Learn more about children&#8217;s situation in sub-Saharan Africa and the responses put forward to make their rights a reality.<\/strong><\/p>\n\n\n<div class=\"wp-block-columns is-layout-flex wp-container-core-columns-is-layout-9d6595d7 wp-block-columns-is-layout-flex\">\n<div class=\"wp-block-column is-layout-flow wp-block-column-is-layout-flow\">\n<p><a href=\"https:\/\/www.humanium.org\/en\/angola\/\">Angola<\/a><br><a href=\"https:\/\/www.humanium.org\/en\/benin\/\">Benin<\/a><br><a href=\"https:\/\/www.humanium.org\/en\/botswana\/\">Botswana<\/a><br><a href=\"https:\/\/www.humanium.org\/en\/burkina-faso\/\">Burkina Faso<\/a><br><a href=\"https:\/\/www.humanium.org\/en\/burundi\/\">Burundi<\/a><br><a href=\"https:\/\/www.humanium.org\/en\/cameroon\/\">Cameroon<\/a><br><a href=\"https:\/\/www.humanium.org\/en\/cape-verde\/\">Cape Verde<\/a><br><a href=\"https:\/\/www.humanium.org\/en\/central-african-republic\/\">Central African Republic<\/a><br><a href=\"https:\/\/www.humanium.org\/en\/chad\/\">Chad<\/a><br><a href=\" https:\/\/www.humanium.org\/en\/comoros\/\">Comoros<\/a><br><a href=\"https:\/\/www.humanium.org\/en\/democratic-republic-congo\/\">Democratic Republic of the Congo<br><\/a><a href=\"https:\/\/www.humanium.org\/en\/djibouti\/\">Djibouti<\/a><br><a href=\"https:\/\/www.humanium.org\/en\/equatorial-guinea\/\">Equatorial Guinea<\/a><br><a href=\"https:\/\/www.humanium.org\/en\/eritrea\/\">Eritrea<\/a><br><a href=\"https:\/\/www.humanium.org\/en\/ethiopia\/\">Ethiopia<\/a><br><a href=\"https:\/\/www.humanium.org\/en\/gabon\/\">Gabon<\/a><br><a href=\"https:\/\/www.humanium.org\/en\/gambia\/\">Gambia<\/a><br><a href=\"https:\/\/www.humanium.org\/en\/ghana\/\">Ghana<\/a><br><a href=\"https:\/\/www.humanium.org\/en\/guinea\/\">Guinea<\/a><br><a href=\"https:\/\/www.humanium.org\/en\/guinea-bissau\/\">Guinea-Bissau<\/a><br><a href=\"https:\/\/www.humanium.org\/en\/kenya\/\">Kenya<\/a><br><a href=\"https:\/\/www.humanium.org\/en\/ivory-coast\/\">Ivory Coast<\/a><br><a href=\"https:\/\/www.humanium.org\/en\/lesotho\/\">Lesotho<\/a><br><a href=\" https:\/\/www.humanium.org\/en\/liberia\/\">Liberia<\/a><\/p>\n<\/div>\n\n\n\n<div class=\"wp-block-column is-layout-flow wp-block-column-is-layout-flow\">\n<p><a href=\"https:\/\/www.humanium.org\/en\/madagascar\/\">Madagascar<\/a><br><a href=\"https:\/\/www.humanium.org\/en\/malawi\/\">Malawi<\/a><br><a href=\"https:\/\/www.humanium.org\/en\/mali\/\">Mali<\/a><br><a href=\"https:\/\/www.humanium.org\/en\/mauritius\/\">Mauritius<\/a><br><a href=\"https:\/\/www.humanium.org\/en\/mozambique\/\">Mozambique<\/a><br><a href=\"https:\/\/www.humanium.org\/en\/namibia\/\">Namibia<\/a><br><a href=\"https:\/\/www.humanium.org\/en\/niger\">Niger<\/a><br><a href=\"https:\/\/www.humanium.org\/en\/nigeria\/\">Nigeria<\/a><br><a href=\"https:\/\/www.humanium.org\/en\/republic-of-congo\/\">Republic of the Congo<\/a><br><a href=\"https:\/\/www.humanium.org\/en\/rwanda\/\" target=\"_blank\" rel=\"noreferrer noopener\">Rwanda<\/a><br><a href=\"https:\/\/www.humanium.org\/en\/sao-tome-and-principe\/\">S\u00e3o Tom\u00e9 and Pr\u00edncipe<\/a><br><a href=\"https:\/\/www.humanium.org\/en\/senegal\/\">Senegal<\/a><br><a href=\"https:\/\/www.humanium.org\/en\/seychelles\/\">Seychelles<\/a><br><a href=\"https:\/\/www.humanium.org\/en\/sierra-leone\/\">Sierra Leone<\/a><br><a href=\"https:\/\/www.humanium.org\/en\/somalia\/\">Somalia<\/a><br><a href=\"https:\/\/www.humanium.org\/en\/south-africa\/\">South Africa<\/a><br><a href=\"https:\/\/www.humanium.org\/en\/south-sudan\/\">South Sudan<\/a><br><a href=\"https:\/\/www.humanium.org\/en\/sudan\/\">Sudan<\/a><br><a href=\"https:\/\/www.humanium.org\/en\/swaziland\/\">Swaziland<\/a><br><a href=\"https:\/\/www.humanium.org\/en\/tanzania\/\">Tanzania<\/a><br><a href=\"https:\/\/www.humanium.org\/en\/togo\/\">Togo<\/a><br><a href=\"https:\/\/www.humanium.org\/en\/uganda\/\">Uganda<\/a><br><a href=\"https:\/\/www.humanium.org\/en\/zambia\/\">Zambia<\/a><br><a href=\"https:\/\/www.humanium.org\/en\/zimbabwe\/\">Zimbabwe<\/a><\/p>\n<\/div>\n<\/div>\n","protected":false},"excerpt":{"rendered":"<p>Children in Africa The children&#8217;s right situation in sub-Saharan Africa, by country Learn more about children&#8217;s situation in sub-Saharan Africa and the responses put forward to make their rights a reality. AngolaBeninBotswanaBurkina FasoBurundiCameroonCape VerdeCentral African RepublicChadComorosDemocratic Republic of the CongoDjiboutiEquatorial GuineaEritreaEthiopiaGabonGambiaGhanaGuineaGuinea-BissauKenyaIvory CoastLesothoLiberia MadagascarMalawiMaliMauritiusMozambiqueNamibiaNigerNigeriaRepublic of the CongoRwandaS\u00e3o Tom\u00e9 and Pr\u00edncipeSenegalSeychellesSierra LeoneSomaliaSouth AfricaSouth SudanSudanSwazilandTanzaniaTogoUgandaZambiaZimbabwe<\/p>\n","protected":false},"author":1,"featured_media":0,"parent":0,"menu_order":0,"comment_status":"closed","ping_status":"closed","template":"","meta":{"footnotes":""},"class_list":["post-2772","page","type-page","status-publish","hentry"],"yoast_head":"<!-- This site is optimized with the Yoast SEO plugin v26.5 - https:\/\/yoast.com\/wordpress\/plugins\/seo\/ -->\n<title>Children in Africa - Humanium<\/title>\n<meta name=\"description\" content=\"Learn more about children&#039;s situation in sub-Saharan Africa and the responses put forwardto make their rights a reality.\" \/>\n<meta name=\"robots\" content=\"index, follow, max-snippet:-1, max-image-preview:large, max-video-preview:-1\" \/>\n<link rel=\"canonical\" href=\"https:\/\/www.humanium.org\/en\/africa\/\" \/>\n<meta property=\"og:locale\" content=\"en_GB\" \/>\n<meta property=\"og:type\" content=\"article\" \/>\n<meta property=\"og:title\" content=\"Children in Africa - Humanium\" \/>\n<meta property=\"og:description\" content=\"Learn more about children&#039;s situation in sub-Saharan Africa and the responses put forwardto make their rights a reality.\" \/>\n<meta property=\"og:url\" content=\"https:\/\/www.humanium.org\/en\/africa\/\" \/>\n<meta property=\"og:site_name\" content=\"Humanium\" \/>\n<meta property=\"article:modified_time\" content=\"2025-12-05T15:27:21+00:00\" \/>\n<meta name=\"twitter:card\" content=\"summary_large_image\" \/>\n<meta name=\"twitter:label1\" content=\"Estimated reading time\" \/>\n\t<meta name=\"twitter:data1\" content=\"1 minute\" \/>\n<script type=\"application\/ld+json\" class=\"yoast-schema-graph\">{\"@context\":\"https:\/\/schema.org\",\"@graph\":[{\"@type\":\"WebPage\",\"@id\":\"https:\/\/www.humanium.org\/en\/africa\/\",\"url\":\"https:\/\/www.humanium.org\/en\/africa\/\",\"name\":\"Children in Africa - Humanium\",\"isPartOf\":{\"@id\":\"https:\/\/www.humanium.org\/en\/#website\"},\"datePublished\":\"2011-11-07T01:00:50+00:00\",\"dateModified\":\"2025-12-05T15:27:21+00:00\",\"description\":\"Learn more about children's situation in sub-Saharan Africa and the responses put forwardto make their rights a reality.\",\"breadcrumb\":{\"@id\":\"https:\/\/www.humanium.org\/en\/africa\/#breadcrumb\"},\"inLanguage\":\"en-GB\",\"potentialAction\":[{\"@type\":\"ReadAction\",\"target\":[\"https:\/\/www.humanium.org\/en\/africa\/\"]}]},{\"@type\":\"BreadcrumbList\",\"@id\":\"https:\/\/www.humanium.org\/en\/africa\/#breadcrumb\",\"itemListElement\":[{\"@type\":\"ListItem\",\"position\":1,\"name\":\"Home\",\"item\":\"https:\/\/www.humanium.org\/en\/\"},{\"@type\":\"ListItem\",\"position\":2,\"name\":\"Africa\"}]},{\"@type\":\"WebSite\",\"@id\":\"https:\/\/www.humanium.org\/en\/#website\",\"url\":\"https:\/\/www.humanium.org\/en\/\",\"name\":\"Humanium\",\"description\":\"Children first!\",\"potentialAction\":[{\"@type\":\"SearchAction\",\"target\":{\"@type\":\"EntryPoint\",\"urlTemplate\":\"https:\/\/www.humanium.org\/en\/?s={search_term_string}\"},\"query-input\":{\"@type\":\"PropertyValueSpecification\",\"valueRequired\":true,\"valueName\":\"search_term_string\"}}],\"inLanguage\":\"en-GB\"}]}<\/script>\n<!-- \/ Yoast SEO plugin. -->","yoast_head_json":{"title":"Children in Africa - Humanium","description":"Learn more about children's situation in sub-Saharan Africa and the responses put forwardto make their rights a reality.","robots":{"index":"index","follow":"follow","max-snippet":"max-snippet:-1","max-image-preview":"max-image-preview:large","max-video-preview":"max-video-preview:-1"},"canonical":"https:\/\/www.humanium.org\/en\/africa\/","og_locale":"en_GB","og_type":"article","og_title":"Children in Africa - Humanium","og_description":"Learn more about children's situation in sub-Saharan Africa and the responses put forwardto make their rights a reality.","og_url":"https:\/\/www.humanium.org\/en\/africa\/","og_site_name":"Humanium","article_modified_time":"2025-12-05T15:27:21+00:00","twitter_card":"summary_large_image","twitter_misc":{"Estimated reading time":"1 minute"},"schema":{"@context":"https:\/\/schema.org","@graph":[{"@type":"WebPage","@id":"https:\/\/www.humanium.org\/en\/africa\/","url":"https:\/\/www.humanium.org\/en\/africa\/","name":"Children in Africa - Humanium","isPartOf":{"@id":"https:\/\/www.humanium.org\/en\/#website"},"datePublished":"2011-11-07T01:00:50+00:00","dateModified":"2025-12-05T15:27:21+00:00","description":"Learn more about children's situation in sub-Saharan Africa and the responses put forwardto make their rights a reality.","breadcrumb":{"@id":"https:\/\/www.humanium.org\/en\/africa\/#breadcrumb"},"inLanguage":"en-GB","potentialAction":[{"@type":"ReadAction","target":["https:\/\/www.humanium.org\/en\/africa\/"]}]},{"@type":"BreadcrumbList","@id":"https:\/\/www.humanium.org\/en\/africa\/#breadcrumb","itemListElement":[{"@type":"ListItem","position":1,"name":"Home","item":"https:\/\/www.humanium.org\/en\/"},{"@type":"ListItem","position":2,"name":"Africa"}]},{"@type":"WebSite","@id":"https:\/\/www.humanium.org\/en\/#website","url":"https:\/\/www.humanium.org\/en\/","name":"Humanium","description":"Children first!","potentialAction":[{"@type":"SearchAction","target":{"@type":"EntryPoint","urlTemplate":"https:\/\/www.humanium.org\/en\/?s={search_term_string}"},"query-input":{"@type":"PropertyValueSpecification","valueRequired":true,"valueName":"search_term_string"}}],"inLanguage":"en-GB"}]}},"_links":{"self":[{"href":"https:\/\/www.humanium.org\/en\/wp-json\/wp\/v2\/pages\/2772","targetHints":{"allow":["GET"]}}],"collection":[{"href":"https:\/\/www.humanium.org\/en\/wp-json\/wp\/v2\/pages"}],"about":[{"href":"https:\/\/www.humanium.org\/en\/wp-json\/wp\/v2\/types\/page"}],"author":[{"embeddable":true,"href":"https:\/\/www.humanium.org\/en\/wp-json\/wp\/v2\/users\/1"}],"replies":[{"embeddable":true,"href":"https:\/\/www.humanium.org\/en\/wp-json\/wp\/v2\/comments?post=2772"}],"version-history":[{"count":10,"href":"https:\/\/www.humanium.org\/en\/wp-json\/wp\/v2\/pages\/2772\/revisions"}],"predecessor-version":[{"id":86561,"href":"https:\/\/www.humanium.org\/en\/wp-json\/wp\/v2\/pages\/2772\/revisions\/86561"}],"wp:attachment":[{"href":"https:\/\/www.humanium.org\/en\/wp-json\/wp\/v2\/media?parent=2772"}],"curies":[{"name":"wp","href":"https:\/\/api.w.org\/{rel}","templated":true}]}}