{"id":4763,"date":"2011-10-31T08:00:47","date_gmt":"2011-10-31T15:00:47","guid":{"rendered":"http:\/\/humanium.org\/en\/?page_id=4763"},"modified":"2025-12-05T11:05:02","modified_gmt":"2025-12-05T11:05:02","slug":"rcri-world-ranking-by-countries","status":"publish","type":"page","link":"https:\/\/www.humanium.org\/en\/rcri-world-ranking-by-countries\/","title":{"rendered":"Ranking of countries according to their respect for the Rights of the Child"},"content":{"rendered":"<h1>Ranking of countries according to their respect for the Rights of the Child<\/h1>\n<p><strong>The ranking of the world\u2019s countries with respect to the Rights of the Child is determined by <a href=\"https:\/\/www.humanium.org\/en\/rcri\/\">the Realization of Children\u2019s Rights Index (RCRI).<\/a><\/strong><\/p>\n<p>A rank of 1 indicates the best conditions, while the rank of 196 indicates the most serious offenses.<\/p>\n<p><img loading=\"lazy\" decoding=\"async\" class=\"alignright size-full wp-image-3485\" title=\"Map on the Respect of Children's Rights Worldwide\" src=\"https:\/\/www.humanium.org\/en\/wp-content\/uploads\/2011\/09\/carte-respect1.gif\" alt=\"\" width=\"237\" height=\"185\" \/><strong>Rank \/ Country \/ RCRI<\/strong><\/p>\n<ol>\n<li>Liechtenstein 9,42<\/li>\n<li>San Marino 9,42<\/li>\n<li>Andorra 9,36<\/li>\n<li>New Zealand 9,35<\/li>\n<li>Monaco 9,33<\/li>\n<li>Sweden 9,31<\/li>\n<li>Netherlands 9,30<\/li>\n<li>Finland 9,25<\/li>\n<li>Switzerland 9,23<\/li>\n<li>Austria 9,18<\/li>\n<li>Norway 9,15<\/li>\n<li>Germany 9,12<\/li>\n<li>Iceland 9,11<\/li>\n<li>Japan 9,05<\/li>\n<li>United Kingdom 9,03<\/li>\n<li>Slovenia 9,03<\/li>\n<li>Ireland 9,01<\/li>\n<li>Belgium 8,99<\/li>\n<li>Barbados 8,97<\/li>\n<li>Costa Rica 8,97<\/li>\n<li>Canada 8,95<\/li>\n<li>France 8,95<\/li>\n<li>Lithuania 8,94<\/li>\n<li>Denmark 8,92<\/li>\n<li>Chile 8,91<\/li>\n<li>Cyprus 8,91<\/li>\n<li>Malta 8,87<\/li>\n<li>Bahamas 8,86<\/li>\n<li>Portugal 8,86<\/li>\n<li>St. Kitts &amp; Nevis 8,85<\/li>\n<li>St. Vincent 8,82<\/li>\n<li>Australia 8,80<\/li>\n<li>Poland 8,79<\/li>\n<li>Slovak Republic\/ Slovakia 8,78<\/li>\n<li>South Korea 8,76<\/li>\n<li>Cook Islands 8,75<\/li>\n<li>Spain 8,75<\/li>\n<li>Palau 8,74<\/li>\n<li>Italy 8,71<\/li>\n<li>St. Lucia 8,69<\/li>\n<li>Mauritius 8,68<\/li>\n<li>Croatia 8,67<\/li>\n<li>Grenada 8,67<\/li>\n<li>Antigua and Barbuda 8,66<\/li>\n<li>Hungary 8,66<\/li>\n<li>Czech Republic 8,64<\/li>\n<li>Luxembourg 8,61<\/li>\n<li>Bulgaria 8,57<\/li>\n<li>Estonia 8,56<\/li>\n<li>Latvia 8,55<\/li>\n<li>Uruguay 8,55<\/li>\n<li>Seychelles 8,54<\/li>\n<li>Singapore 8,54<\/li>\n<li>Montenegro 8,52<\/li>\n<li>Serbia 8,51<\/li>\n<li>United States of America 8,46<\/li>\n<li>Israel 8,46<\/li>\n<li>Greece 8,45<\/li>\n<li>Dominica 8,41<\/li>\n<li>Kosovo 8,41<\/li>\n<li>Malaysia 8,41<\/li>\n<li>Romania 8,33<\/li>\n<li>Argentina 8,27<\/li>\n<li>Samoa 8,26<\/li>\n<li>Tonga 8,26<\/li>\n<li>Micronesia 8,25<\/li>\n<li>Panama 8,24<\/li>\n<li>Bosnia and Herzegovina 8,20<\/li>\n<li>Albania 8,10<\/li>\n<li>Tuvalu 8,09<\/li>\n<li>Cuba 8,08<\/li>\n<li>Jamaica 8,06<\/li>\n<li>Maldives 8,04<\/li>\n<li>Cape Verde 8,03<\/li>\n<li>Kiribati 7,99<\/li>\n<li>Macedonia 7,93<\/li>\n<li>Brunei 7,92<\/li>\n<li>Fidji 7,91<\/li>\n<li>Tunisia 7,91<\/li>\n<li>Qatar 7,89<\/li>\n<li>El Salvador 7,88<\/li>\n<li>Jordan 7,85<\/li>\n<li>Trinidad and Tobago 7,85<\/li>\n<li>Brazil 7,75<\/li>\n<li>Bahrain 7,72<\/li>\n<li>China 7,72<\/li>\n<li>Belize 7,71<\/li>\n<li>Armenia 7,70<\/li>\n<li>Paraguay 7,63<\/li>\n<li>Ukraine 7,61<\/li>\n<li>Lebanon 7,60<\/li>\n<li>Sri Lanka 7,60<\/li>\n<li>Oman 7,59<\/li>\n<li>Marshall Islands 7,57<\/li>\n<li>Kuwait 7,55<\/li>\n<li>Russia 7,52<\/li>\n<li>Turkey 7,52<\/li>\n<li>Mongolia 7,51<\/li>\n<li>Ecuador 7,49<\/li>\n<li>Suriname 7,48<\/li>\n<li>Saudi Arabia 7,45<\/li>\n<li>Thailand 7,44<\/li>\n<li>Venezuela 7,41<\/li>\n<li>Libya 7,39<\/li>\n<li>Moldova 7,36<\/li>\n<li>Algeria 7,30<\/li>\n<li>Georgia 7,30<\/li>\n<li>Kazakhstan 7,30<\/li>\n<li>United Arab Emirates 7,28<\/li>\n<li>Egypt 7,27<\/li>\n<li>Mexico 7,27<\/li>\n<li>Belarus 7,26<\/li>\n<li>Viet Nam 7,26<\/li>\n<li>Solomon Islands 7,25<\/li>\n<li>Nauru 7,24<\/li>\n<li>Morocco and Western Sahara 7,15<\/li>\n<li>Peru 7,15<\/li>\n<li>Vanuatu 7,15<\/li>\n<li>Guyana 7,14<\/li>\n<li>Iran 7,11<\/li>\n<li>Colombia 7,07<\/li>\n<li>Uzbekistan 7,06<\/li>\n<li>Syria 7,04<\/li>\n<li>North Korea 7,00<\/li>\n<li>Bhutan 6,96<\/li>\n<li>Dominican Republic 6,94<\/li>\n<li>Philippines 6,87<\/li>\n<li>Indonesia 6,85<\/li>\n<li>Nicaragua 6,77<\/li>\n<li>Azerbaijan 6,76<\/li>\n<li>South Africa 6,73<\/li>\n<li>Guatemala 6,72<\/li>\n<li>Kyrgyzstan 6,71<\/li>\n<li>Bolivia 6,61<\/li>\n<li>Turkmenistan 6,60<\/li>\n<li>Botswana 6,58<\/li>\n<li>Palestine 6,55<\/li>\n<li>Namibia 6,51<\/li>\n<li>Timor-Leste 6,51<\/li>\n<li>Iraq 6,40<\/li>\n<li>Tajikistan 6,36<\/li>\n<li>Gabon 6,26<\/li>\n<li>Honduras 6,25<\/li>\n<li>S\u00e3o Tom\u00e9 and Pr\u00edncipe 6,25<\/li>\n<li>Laos 6,16<\/li>\n<li>Papua New Guinea 6,08<\/li>\n<li>Ghana 5,99<\/li>\n<li>Myanmar 5,56<\/li>\n<li>India 5,42<\/li>\n<li>Togo 5,32<\/li>\n<li>Madagascar 5,31<\/li>\n<li>Nepal 5,27<\/li>\n<li>Djibouti 5,23<\/li>\n<li>Cambodia 5,12<\/li>\n<li>Malawi 5,03<\/li>\n<li>Bangladesh 5,02<\/li>\n<li>Kenya 4,90<\/li>\n<li>Lesotho 4,88<\/li>\n<li>Pakistan 4,87<\/li>\n<li>Comoros 4,84<\/li>\n<li>Zimbabwe 4,74<\/li>\n<li>Swaziland 4,73<\/li>\n<li>Haiti 4,64<\/li>\n<li>Rwanda 4,45<\/li>\n<li>Benin 4,44<\/li>\n<li>Republic of the Congo 4,42<\/li>\n<li>Tanzania 4,40<\/li>\n<li>Senegal 4,34<\/li>\n<li>Eritrea 4,18<\/li>\n<li>Yemen 4,09<\/li>\n<li>C\u00f4te d&#8217;Ivoire 3,77<\/li>\n<li>Cameroon 3,70<\/li>\n<li>Gambia 3,68<\/li>\n<li>Burundi 3,62<\/li>\n<li>Uganda 3,54<\/li>\n<li>Mauritania 3,52<\/li>\n<li>Angola 3,48<\/li>\n<li>Mozambique 3,27<\/li>\n<li>Equatorial Guinea 3,24<\/li>\n<li>Liberia 2,97<\/li>\n<li>Zambia 2,95<\/li>\n<li>Nigeria 2,84<\/li>\n<li>Sudan 2,81<\/li>\n<li>South Sudan 2,70<\/li>\n<li>Burkina Faso 2,63<\/li>\n<li>Guinea 2,49<\/li>\n<li>Ethiopia 2,36<\/li>\n<li>Guinea-Bissau 2,21<\/li>\n<li>Sierra Leone 2,16<\/li>\n<li>Central African Republic 1,98<\/li>\n<li>Mali 1,86<\/li>\n<li>Niger 1,68<\/li>\n<li>Democratic Republic of the Congo 1,67<\/li>\n<li>Afghanistan 1,49<\/li>\n<li>Somalia 0,14<\/li>\n<li>Chad 0,05<\/li>\n<\/ol>\n","protected":false},"excerpt":{"rendered":"<p>Ranking of countries according to their respect for the Rights of the Child The ranking of the world\u2019s countries with respect to the Rights of the Child is determined by the Realization of Children\u2019s Rights Index (RCRI). A rank of 1 indicates the best conditions, while the rank of 196 indicates the most serious offenses. [&hellip;]<\/p>\n","protected":false},"author":1,"featured_media":0,"parent":0,"menu_order":0,"comment_status":"closed","ping_status":"closed","template":"","meta":{"footnotes":""},"class_list":["post-4763","page","type-page","status-publish","hentry"],"yoast_head":"<!-- This site is optimized with the Yoast SEO plugin v26.5 - https:\/\/yoast.com\/wordpress\/plugins\/seo\/ -->\n<title>Ranking of countries according to their respect for the Rights of the Child - Humanium<\/title>\n<meta name=\"robots\" content=\"index, follow, max-snippet:-1, max-image-preview:large, max-video-preview:-1\" \/>\n<link rel=\"canonical\" href=\"https:\/\/www.humanium.org\/en\/rcri-world-ranking-by-countries\/\" \/>\n<meta property=\"og:locale\" content=\"en_GB\" \/>\n<meta property=\"og:type\" content=\"article\" \/>\n<meta property=\"og:title\" content=\"Ranking of countries according to their respect for the Rights of the Child - Humanium\" \/>\n<meta property=\"og:description\" content=\"Ranking of countries according to their respect for the Rights of the Child The ranking of the world\u2019s countries with respect to the Rights of the Child is determined by the Realization of Children\u2019s Rights Index (RCRI). A rank of 1 indicates the best conditions, while the rank of 196 indicates the most serious offenses. [&hellip;]\" \/>\n<meta property=\"og:url\" content=\"https:\/\/www.humanium.org\/en\/rcri-world-ranking-by-countries\/\" \/>\n<meta property=\"og:site_name\" content=\"Humanium\" \/>\n<meta property=\"article:modified_time\" content=\"2025-12-05T11:05:02+00:00\" \/>\n<meta name=\"twitter:card\" content=\"summary_large_image\" \/>\n<meta name=\"twitter:label1\" content=\"Estimated reading time\" \/>\n\t<meta name=\"twitter:data1\" content=\"2 minutes\" \/>\n<script type=\"application\/ld+json\" class=\"yoast-schema-graph\">{\"@context\":\"https:\/\/schema.org\",\"@graph\":[{\"@type\":\"WebPage\",\"@id\":\"https:\/\/www.humanium.org\/en\/rcri-world-ranking-by-countries\/\",\"url\":\"https:\/\/www.humanium.org\/en\/rcri-world-ranking-by-countries\/\",\"name\":\"Ranking of countries according to their respect for the Rights of the Child - Humanium\",\"isPartOf\":{\"@id\":\"https:\/\/www.humanium.org\/en\/#website\"},\"primaryImageOfPage\":{\"@id\":\"https:\/\/www.humanium.org\/en\/rcri-world-ranking-by-countries\/#primaryimage\"},\"image\":{\"@id\":\"https:\/\/www.humanium.org\/en\/rcri-world-ranking-by-countries\/#primaryimage\"},\"thumbnailUrl\":\"https:\/\/www.humanium.org\/en\/wp-content\/uploads\/2011\/09\/carte-respect1.gif\",\"datePublished\":\"2011-10-31T15:00:47+00:00\",\"dateModified\":\"2025-12-05T11:05:02+00:00\",\"breadcrumb\":{\"@id\":\"https:\/\/www.humanium.org\/en\/rcri-world-ranking-by-countries\/#breadcrumb\"},\"inLanguage\":\"en-GB\",\"potentialAction\":[{\"@type\":\"ReadAction\",\"target\":[\"https:\/\/www.humanium.org\/en\/rcri-world-ranking-by-countries\/\"]}]},{\"@type\":\"ImageObject\",\"inLanguage\":\"en-GB\",\"@id\":\"https:\/\/www.humanium.org\/en\/rcri-world-ranking-by-countries\/#primaryimage\",\"url\":\"https:\/\/www.humanium.org\/en\/wp-content\/uploads\/2011\/09\/carte-respect1.gif\",\"contentUrl\":\"https:\/\/www.humanium.org\/en\/wp-content\/uploads\/2011\/09\/carte-respect1.gif\"},{\"@type\":\"BreadcrumbList\",\"@id\":\"https:\/\/www.humanium.org\/en\/rcri-world-ranking-by-countries\/#breadcrumb\",\"itemListElement\":[{\"@type\":\"ListItem\",\"position\":1,\"name\":\"Home\",\"item\":\"https:\/\/www.humanium.org\/en\/\"},{\"@type\":\"ListItem\",\"position\":2,\"name\":\"Ranking of countries according to their respect for the Rights of the Child\"}]},{\"@type\":\"WebSite\",\"@id\":\"https:\/\/www.humanium.org\/en\/#website\",\"url\":\"https:\/\/www.humanium.org\/en\/\",\"name\":\"Humanium\",\"description\":\"Children first!\",\"potentialAction\":[{\"@type\":\"SearchAction\",\"target\":{\"@type\":\"EntryPoint\",\"urlTemplate\":\"https:\/\/www.humanium.org\/en\/?s={search_term_string}\"},\"query-input\":{\"@type\":\"PropertyValueSpecification\",\"valueRequired\":true,\"valueName\":\"search_term_string\"}}],\"inLanguage\":\"en-GB\"}]}<\/script>\n<!-- \/ Yoast SEO plugin. -->","yoast_head_json":{"title":"Ranking of countries according to their respect for the Rights of the Child - Humanium","robots":{"index":"index","follow":"follow","max-snippet":"max-snippet:-1","max-image-preview":"max-image-preview:large","max-video-preview":"max-video-preview:-1"},"canonical":"https:\/\/www.humanium.org\/en\/rcri-world-ranking-by-countries\/","og_locale":"en_GB","og_type":"article","og_title":"Ranking of countries according to their respect for the Rights of the Child - Humanium","og_description":"Ranking of countries according to their respect for the Rights of the Child The ranking of the world\u2019s countries with respect to the Rights of the Child is determined by the Realization of Children\u2019s Rights Index (RCRI). A rank of 1 indicates the best conditions, while the rank of 196 indicates the most serious offenses. [&hellip;]","og_url":"https:\/\/www.humanium.org\/en\/rcri-world-ranking-by-countries\/","og_site_name":"Humanium","article_modified_time":"2025-12-05T11:05:02+00:00","twitter_card":"summary_large_image","twitter_misc":{"Estimated reading time":"2 minutes"},"schema":{"@context":"https:\/\/schema.org","@graph":[{"@type":"WebPage","@id":"https:\/\/www.humanium.org\/en\/rcri-world-ranking-by-countries\/","url":"https:\/\/www.humanium.org\/en\/rcri-world-ranking-by-countries\/","name":"Ranking of countries according to their respect for the Rights of the Child - Humanium","isPartOf":{"@id":"https:\/\/www.humanium.org\/en\/#website"},"primaryImageOfPage":{"@id":"https:\/\/www.humanium.org\/en\/rcri-world-ranking-by-countries\/#primaryimage"},"image":{"@id":"https:\/\/www.humanium.org\/en\/rcri-world-ranking-by-countries\/#primaryimage"},"thumbnailUrl":"https:\/\/www.humanium.org\/en\/wp-content\/uploads\/2011\/09\/carte-respect1.gif","datePublished":"2011-10-31T15:00:47+00:00","dateModified":"2025-12-05T11:05:02+00:00","breadcrumb":{"@id":"https:\/\/www.humanium.org\/en\/rcri-world-ranking-by-countries\/#breadcrumb"},"inLanguage":"en-GB","potentialAction":[{"@type":"ReadAction","target":["https:\/\/www.humanium.org\/en\/rcri-world-ranking-by-countries\/"]}]},{"@type":"ImageObject","inLanguage":"en-GB","@id":"https:\/\/www.humanium.org\/en\/rcri-world-ranking-by-countries\/#primaryimage","url":"https:\/\/www.humanium.org\/en\/wp-content\/uploads\/2011\/09\/carte-respect1.gif","contentUrl":"https:\/\/www.humanium.org\/en\/wp-content\/uploads\/2011\/09\/carte-respect1.gif"},{"@type":"BreadcrumbList","@id":"https:\/\/www.humanium.org\/en\/rcri-world-ranking-by-countries\/#breadcrumb","itemListElement":[{"@type":"ListItem","position":1,"name":"Home","item":"https:\/\/www.humanium.org\/en\/"},{"@type":"ListItem","position":2,"name":"Ranking of countries according to their respect for the Rights of the Child"}]},{"@type":"WebSite","@id":"https:\/\/www.humanium.org\/en\/#website","url":"https:\/\/www.humanium.org\/en\/","name":"Humanium","description":"Children first!","potentialAction":[{"@type":"SearchAction","target":{"@type":"EntryPoint","urlTemplate":"https:\/\/www.humanium.org\/en\/?s={search_term_string}"},"query-input":{"@type":"PropertyValueSpecification","valueRequired":true,"valueName":"search_term_string"}}],"inLanguage":"en-GB"}]}},"_links":{"self":[{"href":"https:\/\/www.humanium.org\/en\/wp-json\/wp\/v2\/pages\/4763","targetHints":{"allow":["GET"]}}],"collection":[{"href":"https:\/\/www.humanium.org\/en\/wp-json\/wp\/v2\/pages"}],"about":[{"href":"https:\/\/www.humanium.org\/en\/wp-json\/wp\/v2\/types\/page"}],"author":[{"embeddable":true,"href":"https:\/\/www.humanium.org\/en\/wp-json\/wp\/v2\/users\/1"}],"replies":[{"embeddable":true,"href":"https:\/\/www.humanium.org\/en\/wp-json\/wp\/v2\/comments?post=4763"}],"version-history":[{"count":2,"href":"https:\/\/www.humanium.org\/en\/wp-json\/wp\/v2\/pages\/4763\/revisions"}],"predecessor-version":[{"id":86468,"href":"https:\/\/www.humanium.org\/en\/wp-json\/wp\/v2\/pages\/4763\/revisions\/86468"}],"wp:attachment":[{"href":"https:\/\/www.humanium.org\/en\/wp-json\/wp\/v2\/media?parent=4763"}],"curies":[{"name":"wp","href":"https:\/\/api.w.org\/{rel}","templated":true}]}}