{"id":8513,"date":"2012-08-07T03:04:31","date_gmt":"2012-08-07T10:04:31","guid":{"rendered":"http:\/\/humanium.org\/en\/?page_id=8513"},"modified":"2025-12-06T16:14:29","modified_gmt":"2025-12-06T16:14:29","slug":"criticisms-of-childrens-rights","status":"publish","type":"page","link":"https:\/\/www.humanium.org\/en\/criticisms-of-childrens-rights\/","title":{"rendered":"Criticisms of Children\u2019s Rights"},"content":{"rendered":"<h1 style=\"text-align: left;\" align=\"center\">Criticisms of Children\u2019s Rights<\/h1>\n<h2>Children faced with limitations of the law<\/h2>\n<p><strong>Children are born helpless and completely dependent on adults. The law, therefore, is there to protect them, to offer them opportunities and to allow them a say in decisions which concern them. There are, however, a number of failings in the system.<\/strong><\/p>\n<h3>Finding the balance between protection and independence<\/h3>\n<p><strong>A human being unlike others<\/strong><\/p>\n<p>Specific rights for children exist, which are separate from human rights and could, therefore, be viewed as a sub category of rights. The distinction could be taken to mean that a child is not considered a human being and is therefore not entitled to the same protection as an adult.<\/p>\n<p>Furthermore, the system often fails to find a balance between overprotection and too much freedom. For example, although children are expected to take on more and more responsibilities as they get older, it is often the parents who are held financially responsible for their child\u2019s misdemeanours while they are under 18 years of age. The child, therefore, can be seen as more of a burden than a responsible individual.<\/p>\n<p>Lastly, for some, rights don\u2019t exist without their counterparts: responsibilities. The international rights regarding childrenin the majority suggest only moral obligations, such as respect towards parents and are therefore often seen as irrelevant.<\/p>\n<p><strong>Defining children by age<\/strong><\/p>\n<p>It is difficult to determine the precise age at which a child becomes an adult since each person develops at a different pace. A fixed age limit is therefore determined by opinion and can prove very inappropriate.<\/p>\n<p><img loading=\"lazy\" decoding=\"async\" class=\"wp-image-8525 alignright\" title=\"It is difficult to determine the exact age at which a child becomes an adult \u00a9 Susana Perez Diaz (Union Europ\u00e9enne)\" src=\"https:\/\/www.humanium.org\/en\/wp-content\/uploads\/2012\/08\/enfants-adolescents-300x225.gif\" alt=\"\" width=\"264\" height=\"197\" \/>However, without clearly defined rules, children are at risk of being treated in ways which, although acceptable for adults, are not suitable for children. This can include<a href=\"https:\/\/www.humanium.org\/en\/child-marriage\/\"> marriage<\/a>, <a href=\"https:\/\/www.humanium.org\/en\/child-labour\/\">work<\/a> and imprisonment. On the other hand, those children who are able to think for themselves and make their own decisions may find that their views are ignored.<\/p>\n<p>Children\u2019s rights which fix no specific age limits are therefore criticised as they leave children open to abuse in certain countries. The <em>African Charter on the Rights and Welfare of the Child<\/em>, for example, forbids the enlistment of children for armed conflict, but fails to specify the age at which this rule applies. In reality, it permits the enlistment of 11-year-old \u2018adults\u2019. The protection outlined in the text is therefore meaningless.<\/p>\n<p>Some texts, however, do state age limits. But they are sometimes inappropriate because too much protective face with the maturity\u00a0 of a child who maybe would like to buy a house or mary someone before turning 18, for example.<\/p>\n<p><a href=\"https:\/\/www.humanium.org\/en\/convention\/\">The International Convention on the Rights of the Child<\/a>, states in its first article that, \u2018child means every human being below the age of eighteen years <strong>unless under the law applicable to the child, maturity is attained earlier.\u2019<\/strong><\/p>\n<p>This age limit, however, is just as ineffective, as it still allows for children to be treated as adults too early. It would be more protective to impose a lower age limit below which one cannot be considered an adult under any circumstance. For example, it\u2019s reasonable to imagine a minimum age limit which protects all those under the age of 16.<\/p>\n<h3>Universal rights?<\/h3>\n<p>Children\u2019s rights as described in<a href=\"https:\/\/www.humanium.org\/en\/convention\/\"> the Convention on the Rights of the Child <\/a>are aimed at guaranteeing all children in the world the same rights.<\/p>\n<p><a href=\"https:\/\/www.humanium.org\/en\/wp-content\/uploads\/2012\/08\/fillette-princesse.jpg\"><img loading=\"lazy\" decoding=\"async\" class=\"wp-image-8527 alignright\" title=\"The western vision of a child isn\u2019t universal \u00a9 dagwald (flickr)\" src=\"https:\/\/www.humanium.org\/en\/wp-content\/uploads\/2012\/08\/fillette-princesse-225x300.jpg\" alt=\"\" width=\"180\" height=\"240\" \/><\/a>This idealistic western vision of children is strongly contested across the world. Different countries have different cultures and children don\u2019t all have the same wants or needs. The western countries at the heart of the texts don\u2019t take different practices and traditions into enough consideration. Countries whose customs differ to those of western countries are therefore little encouraged to integrate these children\u2019s rights into their way of life as they may fear it having a negative impact on theirculture.<\/p>\n<p>On a regional level, however, local differences are more integrated into the texts. They are gradually being taken into consideration, but are still all too often ignored by international organisations on a global level.<\/p>\n<p>The African Charter on the Rights and Welfare of the Child, for example, integrates children into the notion of the \u2018group\u2019 and unlike<a href=\"https:\/\/www.humanium.org\/en\/convention\/\"> the Convention on the Rights of the Child, <\/a>imposes responsibilities. It states in article 31 that \u2018every child shall have responsibilities towards his family and society, the State and other legally recognised communities and the international community\u2019. The importance placed on the group, which can diminish that of the individual, reflects the recognition of customs on the African continent.<\/p>\n<p>Lastly, children\u2019s rights are sometimes criticised as being unrealistic as they don\u2019t take into account economical, social and political differences which exist between countries. In practice, it is difficult to apply the same rights to all children in the world since they don\u2019t live in the same conditions. It would be irrelevant, for example, to apply a right to leisure time in countries where <a href=\"https:\/\/www.humanium.org\/en\/life\/\">the right to life<\/a> or <a href=\"https:\/\/www.humanium.org\/en\/water\/\">the right to water<\/a> cannot even be enforced.<\/p>\n<h3>Children\u2019s rights\u2026 and reality<\/h3>\n<p><strong>Action and inaction of the state<\/strong><\/p>\n<h4><em>Adherence to the texts<\/em><\/h4>\n<p>A lot of countries still haven\u2019t signed or ratified international texts on the rights of children. Of those countries who have signed texts, some use jurisdiction or political means to limit their scope. This essentially makes some of the rights outlined in the texts meaningless.<\/p>\n<p>The credibility of children\u2019s rights is also jeopardised when those states who created and edited them don\u2019t even fully respect them themselves.<\/p>\n<h4><em>Effectiveness of children\u2019s rights<\/em><\/h4>\n<p><img loading=\"lazy\" decoding=\"async\" class=\"alignnone  wp-image-8528 alignright\" title=\"Children don\u2019t all live in the same conditions \u00a9 Julien Harneis (Flickr)\" src=\"https:\/\/www.humanium.org\/en\/wp-content\/uploads\/2012\/08\/enfant-cherchant-de-l-eau-au-puit-199x300.gif\" alt=\"\" width=\"159\" height=\"240\" \/>Article 4 of <a href=\"https:\/\/www.humanium.org\/en\/convention\/\">the International Convention on the Rights of the Child\u00a0<\/a>states that member states should undertake to implement children\u2019s rights as set out in the text. There are, however, very few countries which don\u2019t commit significant human rights violations, including violations of children\u2019s rights. In fact, in spite of the obligatory nature of the international law, many states still don\u2019t consider children\u2019s rights as anything more than moral principles.<\/p>\n<p>Moreover, in order to impose an international text on a national level, laws must be vetoed and adapted to meet the rights they proclaim. This system is complex and it is often not seen as a priority. Therefore, some states, even if they have adhered to international conventions, don\u2019t always integrate children\u2019s rights into their internal jurisdiction for political or religious reasons\u2026<\/p>\n<p>Even when laws are adopted, institutions essential for the implementation of these rights, such as childcare, police and hospitals, etc., aren\u2019t always available due to their high cost.<\/p>\n<p>Where these institutions do exist, they are often inaccessible or ineffective due to location or financial restrictions and\/or a lack of knowledge or corruption.<\/p>\n<p>Children\u2019s rights can only be effective when states put in place strategies for condemning anyone guilty of violating these rights. Yet many countries have no means of effectively condemning abuse.<\/p>\n<p>Furthermore, it isn\u2019t always possible to impose legal decisions even when they are made. The very existence of children\u2019s rights is called in to question by the fact that they can\u2019t be enforced and that abuses go unpunished.<\/p>\n<h4><a href=\"https:\/\/www.humanium.org\/en\/justice-of-children\/\"><em>International justice and children\u2019s rights<\/em><\/a><\/h4>\n<p><img loading=\"lazy\" decoding=\"async\" class=\"size-full wp-image-8529 alignright\" title=\"Putting children\u2019s rights into effect is still problematic \u00a9 Stockbyte (gettyimage)\" src=\"https:\/\/www.humanium.org\/en\/wp-content\/uploads\/2012\/08\/balance.gif\" alt=\"\" width=\"200\" height=\"200\" \/>The problem remains that on an international level there is no authority with the power to sanction states and individuals with regard to the respect of children\u2019s rights.<\/p>\n<p>Associations and organisations denounce violations but are unable to improve situations without the power to impose legal judgements or sanctions.<\/p>\n<p>The member states of <a href=\"https:\/\/www.humanium.org\/en\/convention\/\">the Convention on the Rights of the Child <\/a>must produce a report on the progress they have made concerning measures imposed to enable children\u2019s rights in their country. They are, however, only required to produce one report in the two years following adoption of the Convention and then once every five years thereafter. These reports seem imprecise and inefficient.<\/p>\n<p>Although an additional optional protocol was approved in 2011 to allow individual complaints to be lodged with the <a href=\"https:\/\/www.humanium.org\/en\/committee\/\">Committee for the Rights of the Child<\/a>, there are many obstacles which hinder its effectiveness (the state must agree to the protocol, and the complaints procedure, which is not widely publicised, is lengthy and expensive). There are other institutions in place, such as the European Court of Human Rights or the African Committee on the Rights and Welfare of the Child, but the same difficulties apply.<\/p>\n<p>Sanctioning a state remains problematic and unusual and is even more difficult if the state is economically or militarily powerful.<\/p>\n<h4><em>Cases of state absence<\/em><\/h4>\n<p><a href=\"https:\/\/www.humanium.org\/en\/children-in-war\/\">In cases of war<\/a> or an overthrow of power, the state itself isn\u2019t always able to demand respect of children\u2019s rights by the population. Where there is violence in a country, it can even be that children\u2019s rights don\u2019t apply under specific wartime law. Only the most basic rights such as the right to life remain applicable.<\/p>\n<p>Lastly, <a href=\"https:\/\/www.humanium.org\/en\/stateless-invisible\/\">stateless children<\/a>, that\u2019s to say those who have no country or refugees who have fled their country, aren\u2019t able to count on their state of origin for protection.<\/p>\n<h4><em>The role of society<\/em><\/h4>\n<h4><em><img loading=\"lazy\" decoding=\"async\" class=\"wp-image-8530 alignright\" title=\"International law has its limitations: individual states must take control \u00a9 Azadeh Tajdar (Union Europ\u00e9enne)\" src=\"https:\/\/www.humanium.org\/en\/wp-content\/uploads\/2012\/08\/famille-225x300.jpg\" alt=\"\" width=\"180\" height=\"240\" \/><\/em><\/h4>\n<p>International law is often too far distanced from the realities. The fulfilment of children\u2019s rights remains dependant on the cooperation of parents and families, but also public and private professionals and all other people on a daily basis. In fact, without them, children\u2019s rights don\u2019t exist.<\/p>\n<p>In most countries, a child can\u2019t lodge a complaint himself. He must be accompanied by an adult to ensure, at the very least, that his voice is heard.<\/p>\n<p>Likewise, international law promotes principles of equality and<a href=\"https:\/\/www.humanium.org\/en\/nondiscrimination\/\"> non-discrimination<\/a>, but remains purely theoretical. In practice, it is necessary to fight much more actively against discriminatory customs. In fact, vulnerable children such as young girls or children from ethnic minorities are more affected by children\u2019s rights violations than others. For example, according to a report by Amnesty International in 2008, Roma children in Slovakia are systematically seen to be refused access to schools despite the fact that Slovakia has signed a number of international texts fighting this type of practice.<\/p>\n<p>Therefore, in order to make children\u2019s rights a reality, states should further develop information concerning rights and offer more help to children and their families as well as doing more to prevent violations.<\/p>\n<p><\/p>\n<div id=\"toggle\"><a onclick=\"show_voir_aussi('voir_aussi_box')\" href=\"javascript:show_voir_aussi(id)\"><\/a><\/div>\n<div id=\"voir_aussi_box\" style=\"display: none;\">\n<ul>\n<li><a href=\"https:\/\/www.humanium.org\/en\/childrens-rights-history\/\">Children&#8217;s rights history<\/a><\/li>\n<li><a href=\"https:\/\/www.humanium.org\/en\/child-rights\/\">Rights of the Child<\/a><\/li>\n<li><a href=\"https:\/\/www.humanium.org\/en\/references-on-child-rights\/\">Standard References on Child Rights<\/a><\/li>\n<li><a href=\"https:\/\/www.humanium.org\/en\/further-conventions\/\">Further\u00a0Conventions related to Children\u2019s rights<\/a><\/li>\n<li><a href=\"https:\/\/www.humanium.org\/en\/focus-on\/\">Other focuses<\/a><\/li>\n<li><a href=\"https:\/\/www.humanium.org\/en\/childrens-day\/\">International Children\u2019s day<\/a><\/li>\n<\/ul>\n<\/div>\n<p><\/p>\n<div id=\"toggle\"><a onclick=\"show_sources('sources_box')\" href=\"javascript:show_sources(id)\"><\/a><\/div>\n<div id=\"sources_box\" style=\"display: none;\">\n<ul>\n<li>Amnesty International, Droits \u00e9conomiques, sociaux et culturels<\/li>\n<li>UNICEF, Convention on the Rights of the Child, <a href=\"http:\/\/www.unicef.org\/crc\/index_protecting.html\">Protecting and realizing children&#8217;s rights<\/a><\/li>\n<li>Amnesty International,Annual Report 2008 on Slovak republic<\/li>\n<li><a title=\"Critique des droits de l'Homme\" href=\"http:\/\/fr.wikipedia.org\/wiki\/Droits_de_l%27homme#Critiques_des_droits_de_l.27homme\">Wikip\u00e9dia, Droits de l&#8217;Homme, Critiques<\/a><\/li>\n<li>UNIFR, Comparaison entre la Convention internationale des droits de l&#8217;enfant et la Charte africaine sur les droits et le bien-\u00eatre de l&#8217;enfant<\/li>\n<li>Nations Unies, Comit\u00e9 des droits de l&#8217;enfant, observation g\u00e9n\u00e9rale num\u00e9ro 10, 2007,<a title=\"Enfants et responsabilit\u00e9s\" href=\"http:\/\/www2.ohchr.org\/english\/bodies\/crc\/docs\/CRC.C.GC.10_fr.pdf\">&#8220;Les droits de l&#8217;\u0092enfant dans le syst\u00e8me de justice pour mineurs&#8221;<\/a><\/li>\n<li>Droit des enfants, analyser la soci\u00e9t\u00e9 \u00e0 travers le prisme des droits de l&#8217;enfant, \u00a0 \u00a0&#8211;<a title=\"Devoirs de l'enfant\" href=\"http:\/\/jprosen.blog.lemonde.fr\/2012\/03\/10\/lenfant-a-des-devoirs-car-il-a-des-droits-459\/\">L\u2019enfant a des devoirs car il a des droits, 10 Ma<\/a><a title=\"Devoirs de l'enfant\" href=\"http:\/\/jprosen.blog.lemonde.fr\/2012\/03\/10\/lenfant-a-des-devoirs-car-il-a-des-droits-459\/\">rs 2012<\/a>\u00a0 \u00a0 \u00a0 \u00a0 \u00a0 \u00a0 \u00a0 \u00a0 \u00a0 \u00a0 \u00a0 \u00a0 \u00a0 \u00a0 \u00a0 \u00a0 \u00a0 \u00a0 \u00a0 \u00a0 \u00a0 \u00a0\u00a0 &#8211;<a title=\"Cr\u00e9dibilit\u00e9 des droits de l'enfant, exemple de la France\" href=\"http:\/\/jprosen.blog.lemonde.fr\/2012\/03\/24\/la-france-aurait-elle-peur-des-plaintes-des-enfants-462a\/\">La France aurait-elle peur des plaintes des enfants ?, 24 Mars 2012<\/a><\/li>\n<li>Bertrand Binoche,\u00a0Critique des droits de l&#8217;homme, Philosophies, puf,1989<\/li>\n<\/ul>\n<\/div>\n<table>\n<tbody style=\"background: #f9f9f9;\">\n<tr>\n<td>\n<div style=\"float: left; width: 55%;\">Written by : Apolline Garnier<br \/>\nReview by : Cathy Chillard<\/div>\n<div style=\"float: left; width: 45%;\">Translated by : Sae hee Hanna kim<br \/>\nReview by : Laurie Wynne<\/div>\n<\/td>\n<\/tr>\n<\/tbody>\n<\/table>\n<table>\n<tbody style=\"background: #f9f9f9;\">\n<tr>\n<td>\n<div style=\"float: left; width: 90%;\">Last update 7<sup>th\u00a0 <\/sup>august 2012<\/div>\n<\/td>\n<\/tr>\n<\/tbody>\n<\/table>\n","protected":false},"excerpt":{"rendered":"<p>Criticisms of Children\u2019s Rights Children faced with limitations of the law Children are born helpless and completely dependent on adults. The law, therefore, is there to protect them, to offer them opportunities and to allow them a say in decisions which concern them. There are, however, a number of failings in the system. Finding the [&hellip;]<\/p>\n","protected":false},"author":1,"featured_media":0,"parent":0,"menu_order":0,"comment_status":"closed","ping_status":"closed","template":"","meta":{"footnotes":""},"class_list":["post-8513","page","type-page","status-publish","hentry"],"yoast_head":"<!-- This site is optimized with the Yoast SEO plugin v26.5 - https:\/\/yoast.com\/wordpress\/plugins\/seo\/ -->\n<title>Criticisms of Children\u2019s Rights - Humanium<\/title>\n<meta name=\"robots\" content=\"index, follow, max-snippet:-1, max-image-preview:large, max-video-preview:-1\" \/>\n<link rel=\"canonical\" href=\"https:\/\/www.humanium.org\/en\/criticisms-of-childrens-rights\/\" \/>\n<meta property=\"og:locale\" content=\"en_GB\" \/>\n<meta property=\"og:type\" content=\"article\" \/>\n<meta property=\"og:title\" content=\"Criticisms of Children\u2019s Rights - Humanium\" \/>\n<meta property=\"og:description\" content=\"Criticisms of Children\u2019s Rights Children faced with limitations of the law Children are born helpless and completely dependent on adults. The law, therefore, is there to protect them, to offer them opportunities and to allow them a say in decisions which concern them. There are, however, a number of failings in the system. Finding the [&hellip;]\" \/>\n<meta property=\"og:url\" content=\"https:\/\/www.humanium.org\/en\/criticisms-of-childrens-rights\/\" \/>\n<meta property=\"og:site_name\" content=\"Humanium\" \/>\n<meta property=\"article:modified_time\" content=\"2025-12-06T16:14:29+00:00\" \/>\n<meta name=\"twitter:card\" content=\"summary_large_image\" \/>\n<meta name=\"twitter:label1\" content=\"Estimated reading time\" \/>\n\t<meta name=\"twitter:data1\" content=\"9 minutes\" \/>\n<script type=\"application\/ld+json\" class=\"yoast-schema-graph\">{\"@context\":\"https:\/\/schema.org\",\"@graph\":[{\"@type\":\"WebPage\",\"@id\":\"https:\/\/www.humanium.org\/en\/criticisms-of-childrens-rights\/\",\"url\":\"https:\/\/www.humanium.org\/en\/criticisms-of-childrens-rights\/\",\"name\":\"Criticisms of Children\u2019s Rights - Humanium\",\"isPartOf\":{\"@id\":\"https:\/\/www.humanium.org\/en\/#website\"},\"primaryImageOfPage\":{\"@id\":\"https:\/\/www.humanium.org\/en\/criticisms-of-childrens-rights\/#primaryimage\"},\"image\":{\"@id\":\"https:\/\/www.humanium.org\/en\/criticisms-of-childrens-rights\/#primaryimage\"},\"thumbnailUrl\":\"https:\/\/www.humanium.org\/en\/wp-content\/uploads\/2012\/08\/enfants-adolescents-300x225.gif\",\"datePublished\":\"2012-08-07T10:04:31+00:00\",\"dateModified\":\"2025-12-06T16:14:29+00:00\",\"breadcrumb\":{\"@id\":\"https:\/\/www.humanium.org\/en\/criticisms-of-childrens-rights\/#breadcrumb\"},\"inLanguage\":\"en-GB\",\"potentialAction\":[{\"@type\":\"ReadAction\",\"target\":[\"https:\/\/www.humanium.org\/en\/criticisms-of-childrens-rights\/\"]}]},{\"@type\":\"ImageObject\",\"inLanguage\":\"en-GB\",\"@id\":\"https:\/\/www.humanium.org\/en\/criticisms-of-childrens-rights\/#primaryimage\",\"url\":\"https:\/\/www.humanium.org\/en\/wp-content\/uploads\/2012\/08\/enfants-adolescents-300x225.gif\",\"contentUrl\":\"https:\/\/www.humanium.org\/en\/wp-content\/uploads\/2012\/08\/enfants-adolescents-300x225.gif\"},{\"@type\":\"BreadcrumbList\",\"@id\":\"https:\/\/www.humanium.org\/en\/criticisms-of-childrens-rights\/#breadcrumb\",\"itemListElement\":[{\"@type\":\"ListItem\",\"position\":1,\"name\":\"Home\",\"item\":\"https:\/\/www.humanium.org\/en\/\"},{\"@type\":\"ListItem\",\"position\":2,\"name\":\"Criticisms of Children\u2019s Rights\"}]},{\"@type\":\"WebSite\",\"@id\":\"https:\/\/www.humanium.org\/en\/#website\",\"url\":\"https:\/\/www.humanium.org\/en\/\",\"name\":\"Humanium\",\"description\":\"Children first!\",\"potentialAction\":[{\"@type\":\"SearchAction\",\"target\":{\"@type\":\"EntryPoint\",\"urlTemplate\":\"https:\/\/www.humanium.org\/en\/?s={search_term_string}\"},\"query-input\":{\"@type\":\"PropertyValueSpecification\",\"valueRequired\":true,\"valueName\":\"search_term_string\"}}],\"inLanguage\":\"en-GB\"}]}<\/script>\n<!-- \/ Yoast SEO plugin. -->","yoast_head_json":{"title":"Criticisms of Children\u2019s Rights - Humanium","robots":{"index":"index","follow":"follow","max-snippet":"max-snippet:-1","max-image-preview":"max-image-preview:large","max-video-preview":"max-video-preview:-1"},"canonical":"https:\/\/www.humanium.org\/en\/criticisms-of-childrens-rights\/","og_locale":"en_GB","og_type":"article","og_title":"Criticisms of Children\u2019s Rights - Humanium","og_description":"Criticisms of Children\u2019s Rights Children faced with limitations of the law Children are born helpless and completely dependent on adults. The law, therefore, is there to protect them, to offer them opportunities and to allow them a say in decisions which concern them. There are, however, a number of failings in the system. Finding the [&hellip;]","og_url":"https:\/\/www.humanium.org\/en\/criticisms-of-childrens-rights\/","og_site_name":"Humanium","article_modified_time":"2025-12-06T16:14:29+00:00","twitter_card":"summary_large_image","twitter_misc":{"Estimated reading time":"9 minutes"},"schema":{"@context":"https:\/\/schema.org","@graph":[{"@type":"WebPage","@id":"https:\/\/www.humanium.org\/en\/criticisms-of-childrens-rights\/","url":"https:\/\/www.humanium.org\/en\/criticisms-of-childrens-rights\/","name":"Criticisms of Children\u2019s Rights - Humanium","isPartOf":{"@id":"https:\/\/www.humanium.org\/en\/#website"},"primaryImageOfPage":{"@id":"https:\/\/www.humanium.org\/en\/criticisms-of-childrens-rights\/#primaryimage"},"image":{"@id":"https:\/\/www.humanium.org\/en\/criticisms-of-childrens-rights\/#primaryimage"},"thumbnailUrl":"https:\/\/www.humanium.org\/en\/wp-content\/uploads\/2012\/08\/enfants-adolescents-300x225.gif","datePublished":"2012-08-07T10:04:31+00:00","dateModified":"2025-12-06T16:14:29+00:00","breadcrumb":{"@id":"https:\/\/www.humanium.org\/en\/criticisms-of-childrens-rights\/#breadcrumb"},"inLanguage":"en-GB","potentialAction":[{"@type":"ReadAction","target":["https:\/\/www.humanium.org\/en\/criticisms-of-childrens-rights\/"]}]},{"@type":"ImageObject","inLanguage":"en-GB","@id":"https:\/\/www.humanium.org\/en\/criticisms-of-childrens-rights\/#primaryimage","url":"https:\/\/www.humanium.org\/en\/wp-content\/uploads\/2012\/08\/enfants-adolescents-300x225.gif","contentUrl":"https:\/\/www.humanium.org\/en\/wp-content\/uploads\/2012\/08\/enfants-adolescents-300x225.gif"},{"@type":"BreadcrumbList","@id":"https:\/\/www.humanium.org\/en\/criticisms-of-childrens-rights\/#breadcrumb","itemListElement":[{"@type":"ListItem","position":1,"name":"Home","item":"https:\/\/www.humanium.org\/en\/"},{"@type":"ListItem","position":2,"name":"Criticisms of Children\u2019s Rights"}]},{"@type":"WebSite","@id":"https:\/\/www.humanium.org\/en\/#website","url":"https:\/\/www.humanium.org\/en\/","name":"Humanium","description":"Children first!","potentialAction":[{"@type":"SearchAction","target":{"@type":"EntryPoint","urlTemplate":"https:\/\/www.humanium.org\/en\/?s={search_term_string}"},"query-input":{"@type":"PropertyValueSpecification","valueRequired":true,"valueName":"search_term_string"}}],"inLanguage":"en-GB"}]}},"_links":{"self":[{"href":"https:\/\/www.humanium.org\/en\/wp-json\/wp\/v2\/pages\/8513","targetHints":{"allow":["GET"]}}],"collection":[{"href":"https:\/\/www.humanium.org\/en\/wp-json\/wp\/v2\/pages"}],"about":[{"href":"https:\/\/www.humanium.org\/en\/wp-json\/wp\/v2\/types\/page"}],"author":[{"embeddable":true,"href":"https:\/\/www.humanium.org\/en\/wp-json\/wp\/v2\/users\/1"}],"replies":[{"embeddable":true,"href":"https:\/\/www.humanium.org\/en\/wp-json\/wp\/v2\/comments?post=8513"}],"version-history":[{"count":14,"href":"https:\/\/www.humanium.org\/en\/wp-json\/wp\/v2\/pages\/8513\/revisions"}],"predecessor-version":[{"id":87679,"href":"https:\/\/www.humanium.org\/en\/wp-json\/wp\/v2\/pages\/8513\/revisions\/87679"}],"wp:attachment":[{"href":"https:\/\/www.humanium.org\/en\/wp-json\/wp\/v2\/media?parent=8513"}],"curies":[{"name":"wp","href":"https:\/\/api.w.org\/{rel}","templated":true}]}}