{"id":104,"date":"2012-11-12T08:54:39","date_gmt":"2012-11-12T08:54:39","guid":{"rendered":"http:\/\/www.humanium.org\/es\/?page_id=104"},"modified":"2021-11-14T12:13:15","modified_gmt":"2021-11-14T12:13:15","slug":"dia-mundial-del-nino","status":"publish","type":"page","link":"https:\/\/www.humanium.org\/es\/dia-mundial-del-nino\/","title":{"rendered":"D\u00eda Mundial del Ni\u00f1o"},"content":{"rendered":"<h1>D\u00eda Mundial del Ni\u00f1o<\/h1>\n<h2>Noviembre 20: D\u00eda de los Derechos del Ni\u00f1o<\/h2>\n<p><strong>El D\u00eda Mundial del Ni\u00f1o (o D\u00eda de los Derechos del Ni\u00f1o) se celebra cada 20 de noviembre. Este d\u00eda se\u00f1ala el aniversario de la <a title=\"Convenci\u00f3n Internacional sobre los Derechos del Ni\u00f1o\" href=\"https:\/\/www.humanium.org\/es\/convencion\/\">Convenci\u00f3n Internacional por los Derechos del Ni\u00f1o<\/a> del 20 de noviembre de 1989. <\/strong><\/p>\n<h3>Historia del D\u00eda del Ni\u00f1o<\/h3>\n<p>En 1954, las Naciones Unidas propuso que \u201ccada pa\u00eds debe establecer un D\u00eda del Ni\u00f1o que se dedicara a la fraternidad y al entendimiento entre los ni\u00f1os del mundo, y que se destacara con actividades que estimulen el bienestar de los Ni\u00f1os de todo el mundo\u201d. (1)<\/p>\n<p>Si las Naciones Unidas \u201csugiere al gobierno de cada pa\u00eds celebrar el D\u00eda del Ni\u00f1o en el d\u00eda y de la manera que mejor se adec\u00fae\u201d, los eventos de 1959 y 1989 designan inevitablemente el 20 de noviembre.<\/p>\n<p><img loading=\"lazy\" decoding=\"async\" class=\"size-full wp-image-5552 alignleft\" title=\"Adoption of the convention regarding the Children\u2019s rights by the United Nations on November 20th 1989\" src=\"https:\/\/www.humanium.org\/es\/wp-content\/uploads\/portail-fr\/AG-ONU-CIDE-20-11-1989.jpg\" alt=\"\" width=\"278\" height=\"154\" \/><\/p>\n<p>De hecho, en el 20 de noviembre de 1959, las Naciones Unidas adopt\u00f3 la <a title=\"Declaraci\u00f3n de los Derechos del Ni\u00f1o 1959\" href=\"https:\/\/www.humanium.org\/es\/declaracion-1959\/\">Declaraci\u00f3n de los Derechos del Ni\u00f1o<\/a> y el 20 de noviembre de 1989, casi todos los Estados tomando parte en las Naciones Unidas ratificaron la <a title=\"Convenci\u00f3n Internacional sobre los Derechos del Ni\u00f1o\" href=\"https:\/\/www.humanium.org\/es\/convencion\/\">Convenci\u00f3n Internacional por los Derechos del Ni\u00f1o<\/a>. En la actualidad, s\u00f3lo los Estados Unidos y Somalia no han ratificado esta Convenci\u00f3n.<\/p>\n<h3>\u00bfCu\u00e1l es el nombre \u00abcorrecto\u00bb para este d\u00eda?<\/h3>\n<p>De acuerdo a la Resoluci\u00f3n 836 (IX) de diciembre de 1954 de las Naciones Unidas, la denominaci\u00f3n original para este d\u00eda es \u201cD\u00eda del Ni\u00f1o\u201d. Sin embargo, por los eventos hist\u00f3ricos que tuvieron lugar en 1959 y 1989, el D\u00eda del Ni\u00f1o tambi\u00e9n es conocido como el D\u00eda de los Derechos del Ni\u00f1o o el D\u00eda Internacional de los Derechos del Ni\u00f1o.<\/p>\n<h3>\u00bfPor qu\u00e9 el D\u00eda del Ni\u00f1o?<\/h3>\n<p>La creaci\u00f3n de un D\u00eda del Ni\u00f1o por parte de las Naciones Unidas tiene el prop\u00f3sito de atraer la atenci\u00f3n hacia un tema importante: el bienestar de los ni\u00f1os de todo el mundo.<\/p>\n<p>Las Naciones Unidas ha considerado que \u201cno podr\u00edan cumplir sus obligaciones referentes a las generaciones futuras sin intensificar sus esfuerzos en favor de los ni\u00f1os del mundo, quienes son futuros ciudadanos, y que una celebraci\u00f3n mundial del D\u00eda del Ni\u00f1o contribuir\u00eda a la solidaridad de la humanidad y a la cooperaci\u00f3n internacional\u201d. (1)<\/p>\n<p>Cada a\u00f1o, el 20 de noviembre nos recuerda que \u201cla humanidad le debe dar a los ni\u00f1os lo mejor que les puede dar\u201d. (2) Este d\u00eda nos recuerda la necesidad de actuar en favor del bienestar de los ni\u00f1os de todo el mundo.<\/p>\n<p style=\"text-align: center;\"><img decoding=\"async\" class=\"aligncenter\" src=\"https:\/\/www.humanium.org\/es\/wp-content\/uploads\/portail-fr\/Related-topics.jpg\" alt=\"\" width=\"\u200b550\u200b\" height=\"46\" \/><\/p>\n<ul>\n<li><a href=\"https:\/\/www.humanium.org\/es\/historia\/\">Historia de los Derechos del Ni\u00f1o<\/a><\/li>\n<li><a href=\"https:\/\/www.humanium.org\/es\/definicion\/\">Derechos del Ni\u00f1o<\/a><\/li>\n<li><a href=\"https:\/\/www.humanium.org\/es\/referecias-estandares\/\">Referencias est\u00e1ndares de los Derechos del Ni\u00f1o<\/a><\/li>\n<li><a href=\"https:\/\/www.humanium.org\/es\/otros-textos\/\">Otras Convenciones relacionadas con los Derechos del Ni\u00f1o<\/a><\/li>\n<li><a href=\"https:\/\/www.humanium.org\/es\/enfoques-tematicos\/\">Enfoques tem\u00e1ticos relacionados con los Derechos del Ni\u00f1o<\/a><\/li>\n<li><a href=\"https:\/\/www.humanium.org\/es\/critica\/\">Cr\u00edticas a los Derechos del Ni\u00f1o<\/a><\/li>\n<\/ul>\n<p style=\"text-align: center;\"><img decoding=\"async\" class=\"aligncenter\" src=\"https:\/\/www.humanium.org\/es\/wp-content\/uploads\/2013\/04\/read-more.jpg\" alt=\"\" width=\"\u200b550\u200b\" height=\"46\" \/><\/p>\n<ul>\n<li><a href=\"http:\/\/www.un.org\/es\/events\/childrenday\/\" target=\"_blank\" rel=\"noopener\">ONU, D\u00eda Universal del Ni\u00f1o<\/a><\/li>\n<\/ul>\n<p style=\"text-align: center;\"><img decoding=\"async\" class=\"aligncenter\" src=\"https:\/\/www.humanium.org\/es\/wp-content\/uploads\/portail-fr\/References.jpg\" alt=\"\" width=\"\u200b550\u200b\" height=\"46\" \/><\/p>\n<ul>\n<li><a href=\"http:\/\/www.un.org\/french\/documents\/view_doc.asp?symbol=A\/RES\/836%28IX%29&amp;TYPE=&amp;referer=http:\/\/www.droits-enfant.org\/journee-mondiale-enfance\/&amp;Lang=E\" target=\"_blank\" rel=\"noopener\">ONU, Resoluci\u00f3n sobre el D\u00eda Internacional del Ni\u00f1o (en franc\u00e9s)<br \/>\n<\/a><\/li>\n<\/ul>\n<table style=\"height: 141px;\" width=\"727\">\n<tbody style=\"background: #f9f9f9;\">\n<tr>\n<td>\n<div style=\"float: left; width: 55%;\">\n<p>Traducido por Allison Charette<\/p>\n<p>\u00daltima actualizaci\u00f3n el 10 de noviembre de 2011<\/p>\n<\/div>\n<\/td>\n<\/tr>\n<\/tbody>\n<\/table>\n","protected":false},"excerpt":{"rendered":"<p>D\u00eda Mundial del Ni\u00f1o Noviembre 20: D\u00eda de los Derechos del Ni\u00f1o El D\u00eda Mundial del Ni\u00f1o (o D\u00eda de los Derechos del Ni\u00f1o) se celebra cada 20 de noviembre. Este d\u00eda se\u00f1ala el aniversario de la Convenci\u00f3n Internacional por los Derechos del Ni\u00f1o del 20 de noviembre de 1989. Historia del D\u00eda del Ni\u00f1o [&hellip;]<\/p>\n","protected":false},"author":1,"featured_media":0,"parent":0,"menu_order":0,"comment_status":"closed","ping_status":"closed","template":"","meta":{"footnotes":""},"class_list":["post-104","page","type-page","status-publish","hentry"],"yoast_head":"<!-- This site is optimized with the Yoast SEO plugin v26.5 - https:\/\/yoast.com\/wordpress\/plugins\/seo\/ -->\n<title>D\u00eda Mundial del Ni\u00f1o - Humanium<\/title>\n<meta name=\"description\" content=\"El D\u00eda Mundial del Ni\u00f1o, que se\u00f1ala el aniversario de la Convenci\u00f3n Internacional por los Derechos del Ni\u00f1o, se celebra cada 20 de noviembre.\" \/>\n<meta name=\"robots\" content=\"index, follow, max-snippet:-1, max-image-preview:large, max-video-preview:-1\" \/>\n<link rel=\"canonical\" href=\"https:\/\/www.humanium.org\/es\/dia-mundial-del-nino\/\" \/>\n<meta property=\"og:locale\" content=\"es_ES\" \/>\n<meta property=\"og:type\" content=\"article\" \/>\n<meta property=\"og:title\" content=\"D\u00eda Mundial del Ni\u00f1o - Humanium\" \/>\n<meta property=\"og:description\" content=\"El D\u00eda Mundial del Ni\u00f1o, que se\u00f1ala el aniversario de la Convenci\u00f3n Internacional por los Derechos del Ni\u00f1o, se celebra cada 20 de noviembre.\" \/>\n<meta property=\"og:url\" content=\"https:\/\/www.humanium.org\/es\/dia-mundial-del-nino\/\" \/>\n<meta property=\"og:site_name\" content=\"Humanium\" \/>\n<meta property=\"article:modified_time\" content=\"2021-11-14T12:13:15+00:00\" \/>\n<meta property=\"og:image\" content=\"https:\/\/www.humanium.org\/es\/wp-content\/uploads\/portail-fr\/AG-ONU-CIDE-20-11-1989.jpg\" \/>\n<meta name=\"twitter:card\" content=\"summary_large_image\" \/>\n<meta name=\"twitter:label1\" content=\"Tiempo de lectura\" \/>\n\t<meta name=\"twitter:data1\" content=\"3 minutos\" \/>\n<script type=\"application\/ld+json\" class=\"yoast-schema-graph\">{\"@context\":\"https:\/\/schema.org\",\"@graph\":[{\"@type\":\"WebPage\",\"@id\":\"https:\/\/www.humanium.org\/es\/dia-mundial-del-nino\/\",\"url\":\"https:\/\/www.humanium.org\/es\/dia-mundial-del-nino\/\",\"name\":\"D\u00eda Mundial del Ni\u00f1o - Humanium\",\"isPartOf\":{\"@id\":\"https:\/\/www.humanium.org\/es\/#website\"},\"primaryImageOfPage\":{\"@id\":\"https:\/\/www.humanium.org\/es\/dia-mundial-del-nino\/#primaryimage\"},\"image\":{\"@id\":\"https:\/\/www.humanium.org\/es\/dia-mundial-del-nino\/#primaryimage\"},\"thumbnailUrl\":\"https:\/\/www.humanium.org\/es\/wp-content\/uploads\/portail-fr\/AG-ONU-CIDE-20-11-1989.jpg\",\"datePublished\":\"2012-11-12T08:54:39+00:00\",\"dateModified\":\"2021-11-14T12:13:15+00:00\",\"description\":\"El D\u00eda Mundial del Ni\u00f1o, que se\u00f1ala el aniversario de la Convenci\u00f3n Internacional por los Derechos del Ni\u00f1o, se celebra cada 20 de noviembre.\",\"breadcrumb\":{\"@id\":\"https:\/\/www.humanium.org\/es\/dia-mundial-del-nino\/#breadcrumb\"},\"inLanguage\":\"es\",\"potentialAction\":[{\"@type\":\"ReadAction\",\"target\":[\"https:\/\/www.humanium.org\/es\/dia-mundial-del-nino\/\"]}]},{\"@type\":\"ImageObject\",\"inLanguage\":\"es\",\"@id\":\"https:\/\/www.humanium.org\/es\/dia-mundial-del-nino\/#primaryimage\",\"url\":\"https:\/\/www.humanium.org\/es\/wp-content\/uploads\/portail-fr\/AG-ONU-CIDE-20-11-1989.jpg\",\"contentUrl\":\"https:\/\/www.humanium.org\/es\/wp-content\/uploads\/portail-fr\/AG-ONU-CIDE-20-11-1989.jpg\"},{\"@type\":\"BreadcrumbList\",\"@id\":\"https:\/\/www.humanium.org\/es\/dia-mundial-del-nino\/#breadcrumb\",\"itemListElement\":[{\"@type\":\"ListItem\",\"position\":1,\"name\":\"Home\",\"item\":\"https:\/\/www.humanium.org\/es\/\"},{\"@type\":\"ListItem\",\"position\":2,\"name\":\"D\u00eda Mundial del Ni\u00f1o\"}]},{\"@type\":\"WebSite\",\"@id\":\"https:\/\/www.humanium.org\/es\/#website\",\"url\":\"https:\/\/www.humanium.org\/es\/\",\"name\":\"Humanium\",\"description\":\"\u00a1Los ni\u00f1os primero!\",\"potentialAction\":[{\"@type\":\"SearchAction\",\"target\":{\"@type\":\"EntryPoint\",\"urlTemplate\":\"https:\/\/www.humanium.org\/es\/?s={search_term_string}\"},\"query-input\":{\"@type\":\"PropertyValueSpecification\",\"valueRequired\":true,\"valueName\":\"search_term_string\"}}],\"inLanguage\":\"es\"}]}<\/script>\n<!-- \/ Yoast SEO plugin. -->","yoast_head_json":{"title":"D\u00eda Mundial del Ni\u00f1o - Humanium","description":"El D\u00eda Mundial del Ni\u00f1o, que se\u00f1ala el aniversario de la Convenci\u00f3n Internacional por los Derechos del Ni\u00f1o, se celebra cada 20 de noviembre.","robots":{"index":"index","follow":"follow","max-snippet":"max-snippet:-1","max-image-preview":"max-image-preview:large","max-video-preview":"max-video-preview:-1"},"canonical":"https:\/\/www.humanium.org\/es\/dia-mundial-del-nino\/","og_locale":"es_ES","og_type":"article","og_title":"D\u00eda Mundial del Ni\u00f1o - Humanium","og_description":"El D\u00eda Mundial del Ni\u00f1o, que se\u00f1ala el aniversario de la Convenci\u00f3n Internacional por los Derechos del Ni\u00f1o, se celebra cada 20 de noviembre.","og_url":"https:\/\/www.humanium.org\/es\/dia-mundial-del-nino\/","og_site_name":"Humanium","article_modified_time":"2021-11-14T12:13:15+00:00","og_image":[{"url":"https:\/\/www.humanium.org\/es\/wp-content\/uploads\/portail-fr\/AG-ONU-CIDE-20-11-1989.jpg","type":"","width":"","height":""}],"twitter_card":"summary_large_image","twitter_misc":{"Tiempo de lectura":"3 minutos"},"schema":{"@context":"https:\/\/schema.org","@graph":[{"@type":"WebPage","@id":"https:\/\/www.humanium.org\/es\/dia-mundial-del-nino\/","url":"https:\/\/www.humanium.org\/es\/dia-mundial-del-nino\/","name":"D\u00eda Mundial del Ni\u00f1o - Humanium","isPartOf":{"@id":"https:\/\/www.humanium.org\/es\/#website"},"primaryImageOfPage":{"@id":"https:\/\/www.humanium.org\/es\/dia-mundial-del-nino\/#primaryimage"},"image":{"@id":"https:\/\/www.humanium.org\/es\/dia-mundial-del-nino\/#primaryimage"},"thumbnailUrl":"https:\/\/www.humanium.org\/es\/wp-content\/uploads\/portail-fr\/AG-ONU-CIDE-20-11-1989.jpg","datePublished":"2012-11-12T08:54:39+00:00","dateModified":"2021-11-14T12:13:15+00:00","description":"El D\u00eda Mundial del Ni\u00f1o, que se\u00f1ala el aniversario de la Convenci\u00f3n Internacional por los Derechos del Ni\u00f1o, se celebra cada 20 de noviembre.","breadcrumb":{"@id":"https:\/\/www.humanium.org\/es\/dia-mundial-del-nino\/#breadcrumb"},"inLanguage":"es","potentialAction":[{"@type":"ReadAction","target":["https:\/\/www.humanium.org\/es\/dia-mundial-del-nino\/"]}]},{"@type":"ImageObject","inLanguage":"es","@id":"https:\/\/www.humanium.org\/es\/dia-mundial-del-nino\/#primaryimage","url":"https:\/\/www.humanium.org\/es\/wp-content\/uploads\/portail-fr\/AG-ONU-CIDE-20-11-1989.jpg","contentUrl":"https:\/\/www.humanium.org\/es\/wp-content\/uploads\/portail-fr\/AG-ONU-CIDE-20-11-1989.jpg"},{"@type":"BreadcrumbList","@id":"https:\/\/www.humanium.org\/es\/dia-mundial-del-nino\/#breadcrumb","itemListElement":[{"@type":"ListItem","position":1,"name":"Home","item":"https:\/\/www.humanium.org\/es\/"},{"@type":"ListItem","position":2,"name":"D\u00eda Mundial del Ni\u00f1o"}]},{"@type":"WebSite","@id":"https:\/\/www.humanium.org\/es\/#website","url":"https:\/\/www.humanium.org\/es\/","name":"Humanium","description":"\u00a1Los ni\u00f1os primero!","potentialAction":[{"@type":"SearchAction","target":{"@type":"EntryPoint","urlTemplate":"https:\/\/www.humanium.org\/es\/?s={search_term_string}"},"query-input":{"@type":"PropertyValueSpecification","valueRequired":true,"valueName":"search_term_string"}}],"inLanguage":"es"}]}},"_links":{"self":[{"href":"https:\/\/www.humanium.org\/es\/wp-json\/wp\/v2\/pages\/104","targetHints":{"allow":["GET"]}}],"collection":[{"href":"https:\/\/www.humanium.org\/es\/wp-json\/wp\/v2\/pages"}],"about":[{"href":"https:\/\/www.humanium.org\/es\/wp-json\/wp\/v2\/types\/page"}],"author":[{"embeddable":true,"href":"https:\/\/www.humanium.org\/es\/wp-json\/wp\/v2\/users\/1"}],"replies":[{"embeddable":true,"href":"https:\/\/www.humanium.org\/es\/wp-json\/wp\/v2\/comments?post=104"}],"version-history":[{"count":5,"href":"https:\/\/www.humanium.org\/es\/wp-json\/wp\/v2\/pages\/104\/revisions"}],"predecessor-version":[{"id":16391,"href":"https:\/\/www.humanium.org\/es\/wp-json\/wp\/v2\/pages\/104\/revisions\/16391"}],"wp:attachment":[{"href":"https:\/\/www.humanium.org\/es\/wp-json\/wp\/v2\/media?parent=104"}],"curies":[{"name":"wp","href":"https:\/\/api.w.org\/{rel}","templated":true}]}}