{"id":1058,"date":"2013-05-01T09:09:50","date_gmt":"2013-05-01T09:09:50","guid":{"rendered":"http:\/\/www.humanium.org\/es\/?page_id=1058"},"modified":"2025-12-06T16:28:49","modified_gmt":"2025-12-06T16:28:49","slug":"presentacion-humanium","status":"publish","type":"page","link":"https:\/\/www.humanium.org\/es\/presentacion-humanium\/","title":{"rendered":"Presentaci\u00f3n de Humanium"},"content":{"rendered":"<h1 style=\"margin-bottom: 40px;\">\u00bfQu\u00e9 es Humanium?<\/h1>\n<p style=\"text-align: left;\"><strong>Humanium es una ONG internacional de apadrinamiento de ni\u00f1os comprometida a acabar con la violaci\u00f3n de los derechos infantiles en el mundo.<\/strong><\/p>\n<table>\n<tbody>\n<tr>\n<td>\n<h3 style=\"font-size: 1.3em; margin-top: 15px; margin-bottom: 20px; line-height: 20px; text-align: left;\"><strong>Nuestra misi\u00f3n est\u00e1 dedicada a actuar en favor de los ni\u00f1os<\/strong><\/h3>\n<p style=\"text-align: left;\"><strong>Humanium se compromete para que los derechos infantiles sean respetados en todo el mundo.\u00a0<\/strong>Sostenemos un desarrollo duradero y equitativo, privilegiando un enfoque global centrado en la ayuda mutua, la participaci\u00f3n y la autonom\u00eda de los m\u00e1s vulnerables.<\/p>\n<\/td>\n<\/tr>\n<\/tbody>\n<\/table>\n<table>\n<tbody>\n<tr>\n<td>\n<h3 style=\"font-size: 1.3em; margin-top: 15px; margin-bottom: 20px; line-height: 20px; text-align: left;\"><strong>Nuestro enfoque es global<\/strong><\/h3>\n<p style=\"text-align: left;\"><strong>Humanium se caracteriza por un enfoque global y un compromiso \u00e9tico y responsable.\u00a0<\/strong>La asociaci\u00f3n es neutral, apol\u00edtica y aconfesional.<\/p>\n<p style=\"text-align: left;\">Para responder a la totalidad de las necesidades y crear un desarrollo sostenible, Humanium trabaja con siete programas de ayuda al desarrollo:<\/p>\n<ol>\n<li><a href=\"https:\/\/www.humanium.org\/fr\/education\/\">Educaci\u00f3n<\/a>;<\/li>\n<li>Salud;<\/li>\n<li>Microfinanzas;<\/li>\n<li>Derechos Humanos;<\/li>\n<li>Medio ambiente;<\/li>\n<li>Ciudadan\u00eda y<\/li>\n<li>Paz.<\/li>\n<\/ol>\n<p>Este enfoque global permite un desarrollo armonioso y equitativo, respetuoso con las personas y con su cultura.<\/td>\n<\/tr>\n<\/tbody>\n<\/table>\n<table>\n<tbody>\n<tr>\n<td>\n<h3 style=\"font-size: 1.3em; margin-top: 15px; margin-bottom: 20px; line-height: 30px; text-align: left;\"><strong>Nuestros proyectos de ayuda a favor de la infancia permiten un desarrollo sostenible.<\/strong><\/h3>\n<p style=\"text-align: left;\"><strong>Nuestras acciones son a escala humana,<\/strong>\u00a0nuestros proyectos se concentran en las causas de los problemas, para garantizar una acci\u00f3n eficaz dirigida hacia la autonom\u00eda y un desarrollo viable a largo plazo.<\/p>\n<p style=\"text-align: left;\"><strong>Humanium act\u00faa con y para los m\u00e1s pobres,<\/strong>\u00a0los adultos son actores y decisores de su vida, llevan los proyectos y se hacen responsables del porvenir de sus hijos. Humanium desarrolla la asistencia a la ayuda mutua y proporciona a los m\u00e1s desprovistos los recursos necesarios para salir adelante por s\u00ed mismos.<\/p>\n<p style=\"text-align: left;\"><strong>Humanium trabaja con un esp\u00edritu de cooperaci\u00f3n y de colaboraci\u00f3n,<\/strong>\u00a0no creamos estructuras alternativas, reforzamos y desarrollamos las estructuras locales existentes.<\/p>\n<\/td>\n<\/tr>\n<\/tbody>\n<\/table>\n<table>\n<tbody style=\"background: #f9f9f9;\">\n<tr>\n<td>\n<div style=\"float: left; width: 90%;\">Traducido por: Alicia Moulenne S\u00e1nchez<br \/>\nRevisado por: Natalia L\u00f3pez Arriazu<\/div>\n<\/td>\n<\/tr>\n<\/tbody>\n<\/table>\n","protected":false},"excerpt":{"rendered":"<p>\u00bfQu\u00e9 es Humanium? Humanium es una ONG internacional de apadrinamiento de ni\u00f1os comprometida a acabar con la violaci\u00f3n de los derechos infantiles en el mundo. Nuestra misi\u00f3n est\u00e1 dedicada a actuar en favor de los ni\u00f1os Humanium se compromete para que los derechos infantiles sean respetados en todo el mundo.\u00a0Sostenemos un desarrollo duradero y equitativo, [&hellip;]<\/p>\n","protected":false},"author":1,"featured_media":0,"parent":0,"menu_order":0,"comment_status":"closed","ping_status":"closed","template":"","meta":{"footnotes":""},"class_list":["post-1058","page","type-page","status-publish","hentry"],"yoast_head":"<!-- This site is optimized with the Yoast SEO plugin v26.5 - https:\/\/yoast.com\/wordpress\/plugins\/seo\/ -->\n<title>Presentaci\u00f3n de Humanium - Humanium<\/title>\n<meta name=\"robots\" content=\"index, follow, max-snippet:-1, max-image-preview:large, max-video-preview:-1\" \/>\n<link rel=\"canonical\" href=\"https:\/\/www.humanium.org\/es\/presentacion-humanium\/\" \/>\n<meta property=\"og:locale\" content=\"es_ES\" \/>\n<meta property=\"og:type\" content=\"article\" \/>\n<meta property=\"og:title\" content=\"Presentaci\u00f3n de Humanium - Humanium\" \/>\n<meta property=\"og:description\" content=\"\u00bfQu\u00e9 es Humanium? Humanium es una ONG internacional de apadrinamiento de ni\u00f1os comprometida a acabar con la violaci\u00f3n de los derechos infantiles en el mundo. Nuestra misi\u00f3n est\u00e1 dedicada a actuar en favor de los ni\u00f1os Humanium se compromete para que los derechos infantiles sean respetados en todo el mundo.\u00a0Sostenemos un desarrollo duradero y equitativo, [&hellip;]\" \/>\n<meta property=\"og:url\" content=\"https:\/\/www.humanium.org\/es\/presentacion-humanium\/\" \/>\n<meta property=\"og:site_name\" content=\"Humanium\" \/>\n<meta property=\"article:modified_time\" content=\"2025-12-06T16:28:49+00:00\" \/>\n<meta name=\"twitter:card\" content=\"summary_large_image\" \/>\n<meta name=\"twitter:label1\" content=\"Tiempo de lectura\" \/>\n\t<meta name=\"twitter:data1\" content=\"1 minuto\" \/>\n<script type=\"application\/ld+json\" class=\"yoast-schema-graph\">{\"@context\":\"https:\/\/schema.org\",\"@graph\":[{\"@type\":\"WebPage\",\"@id\":\"https:\/\/www.humanium.org\/es\/presentacion-humanium\/\",\"url\":\"https:\/\/www.humanium.org\/es\/presentacion-humanium\/\",\"name\":\"Presentaci\u00f3n de Humanium - Humanium\",\"isPartOf\":{\"@id\":\"https:\/\/www.humanium.org\/es\/#website\"},\"datePublished\":\"2013-05-01T09:09:50+00:00\",\"dateModified\":\"2025-12-06T16:28:49+00:00\",\"breadcrumb\":{\"@id\":\"https:\/\/www.humanium.org\/es\/presentacion-humanium\/#breadcrumb\"},\"inLanguage\":\"es\",\"potentialAction\":[{\"@type\":\"ReadAction\",\"target\":[\"https:\/\/www.humanium.org\/es\/presentacion-humanium\/\"]}]},{\"@type\":\"BreadcrumbList\",\"@id\":\"https:\/\/www.humanium.org\/es\/presentacion-humanium\/#breadcrumb\",\"itemListElement\":[{\"@type\":\"ListItem\",\"position\":1,\"name\":\"Home\",\"item\":\"https:\/\/www.humanium.org\/es\/\"},{\"@type\":\"ListItem\",\"position\":2,\"name\":\"Presentaci\u00f3n de Humanium\"}]},{\"@type\":\"WebSite\",\"@id\":\"https:\/\/www.humanium.org\/es\/#website\",\"url\":\"https:\/\/www.humanium.org\/es\/\",\"name\":\"Humanium\",\"description\":\"\u00a1Los ni\u00f1os primero!\",\"potentialAction\":[{\"@type\":\"SearchAction\",\"target\":{\"@type\":\"EntryPoint\",\"urlTemplate\":\"https:\/\/www.humanium.org\/es\/?s={search_term_string}\"},\"query-input\":{\"@type\":\"PropertyValueSpecification\",\"valueRequired\":true,\"valueName\":\"search_term_string\"}}],\"inLanguage\":\"es\"}]}<\/script>\n<!-- \/ Yoast SEO plugin. -->","yoast_head_json":{"title":"Presentaci\u00f3n de Humanium - Humanium","robots":{"index":"index","follow":"follow","max-snippet":"max-snippet:-1","max-image-preview":"max-image-preview:large","max-video-preview":"max-video-preview:-1"},"canonical":"https:\/\/www.humanium.org\/es\/presentacion-humanium\/","og_locale":"es_ES","og_type":"article","og_title":"Presentaci\u00f3n de Humanium - Humanium","og_description":"\u00bfQu\u00e9 es Humanium? Humanium es una ONG internacional de apadrinamiento de ni\u00f1os comprometida a acabar con la violaci\u00f3n de los derechos infantiles en el mundo. Nuestra misi\u00f3n est\u00e1 dedicada a actuar en favor de los ni\u00f1os Humanium se compromete para que los derechos infantiles sean respetados en todo el mundo.\u00a0Sostenemos un desarrollo duradero y equitativo, [&hellip;]","og_url":"https:\/\/www.humanium.org\/es\/presentacion-humanium\/","og_site_name":"Humanium","article_modified_time":"2025-12-06T16:28:49+00:00","twitter_card":"summary_large_image","twitter_misc":{"Tiempo de lectura":"1 minuto"},"schema":{"@context":"https:\/\/schema.org","@graph":[{"@type":"WebPage","@id":"https:\/\/www.humanium.org\/es\/presentacion-humanium\/","url":"https:\/\/www.humanium.org\/es\/presentacion-humanium\/","name":"Presentaci\u00f3n de Humanium - Humanium","isPartOf":{"@id":"https:\/\/www.humanium.org\/es\/#website"},"datePublished":"2013-05-01T09:09:50+00:00","dateModified":"2025-12-06T16:28:49+00:00","breadcrumb":{"@id":"https:\/\/www.humanium.org\/es\/presentacion-humanium\/#breadcrumb"},"inLanguage":"es","potentialAction":[{"@type":"ReadAction","target":["https:\/\/www.humanium.org\/es\/presentacion-humanium\/"]}]},{"@type":"BreadcrumbList","@id":"https:\/\/www.humanium.org\/es\/presentacion-humanium\/#breadcrumb","itemListElement":[{"@type":"ListItem","position":1,"name":"Home","item":"https:\/\/www.humanium.org\/es\/"},{"@type":"ListItem","position":2,"name":"Presentaci\u00f3n de Humanium"}]},{"@type":"WebSite","@id":"https:\/\/www.humanium.org\/es\/#website","url":"https:\/\/www.humanium.org\/es\/","name":"Humanium","description":"\u00a1Los ni\u00f1os primero!","potentialAction":[{"@type":"SearchAction","target":{"@type":"EntryPoint","urlTemplate":"https:\/\/www.humanium.org\/es\/?s={search_term_string}"},"query-input":{"@type":"PropertyValueSpecification","valueRequired":true,"valueName":"search_term_string"}}],"inLanguage":"es"}]}},"_links":{"self":[{"href":"https:\/\/www.humanium.org\/es\/wp-json\/wp\/v2\/pages\/1058","targetHints":{"allow":["GET"]}}],"collection":[{"href":"https:\/\/www.humanium.org\/es\/wp-json\/wp\/v2\/pages"}],"about":[{"href":"https:\/\/www.humanium.org\/es\/wp-json\/wp\/v2\/types\/page"}],"author":[{"embeddable":true,"href":"https:\/\/www.humanium.org\/es\/wp-json\/wp\/v2\/users\/1"}],"replies":[{"embeddable":true,"href":"https:\/\/www.humanium.org\/es\/wp-json\/wp\/v2\/comments?post=1058"}],"version-history":[{"count":10,"href":"https:\/\/www.humanium.org\/es\/wp-json\/wp\/v2\/pages\/1058\/revisions"}],"predecessor-version":[{"id":20899,"href":"https:\/\/www.humanium.org\/es\/wp-json\/wp\/v2\/pages\/1058\/revisions\/20899"}],"wp:attachment":[{"href":"https:\/\/www.humanium.org\/es\/wp-json\/wp\/v2\/media?parent=1058"}],"curies":[{"name":"wp","href":"https:\/\/api.w.org\/{rel}","templated":true}]}}