{"id":10645,"date":"2017-04-05T11:44:35","date_gmt":"2017-04-05T11:44:35","guid":{"rendered":"https:\/\/www.humanium.gives\/es\/?page_id=10645"},"modified":"2025-12-13T21:23:29","modified_gmt":"2025-12-13T21:23:29","slug":"ninos-de-santa-lucia","status":"publish","type":"page","link":"https:\/\/www.humanium.org\/es\/ninos-de-santa-lucia\/","title":{"rendered":"Ni\u00f1os de Santa Luc\u00eda"},"content":{"rendered":"<h1>Ni\u00f1os de Santa Luc\u00eda<\/h1>\n<h2>Haciendo que los derechos de los ni\u00f1os sean una realidad en Santa Luc\u00eda<\/h2>\n<p style=\"text-align: center;\"><img loading=\"lazy\" decoding=\"async\" class=\"alignnone size-full wp-image-28105\" title=\"Ni\u00f1a de Santa Luc\u00eda \u00a9 missmeng (Flickr.com)\" src=\"https:\/\/www.humanium.org\/fr\/wp-content\/uploads\/2013\/04\/missmeng-Flickr.com_.jpg\" alt=\"\" width=\"200\" height=\"200\" \/>\u00a0\u00a0<img loading=\"lazy\" decoding=\"async\" class=\"alignnone size-full wp-image-28106\" title=\"Ni\u00f1os de Santa Luc\u00eda\u00a9 Jason Michael (Flickr.com)\" src=\"https:\/\/www.humanium.org\/fr\/wp-content\/uploads\/2013\/04\/Jason-Michael-Flickr.com_1.jpg\" alt=\"\" width=\"200\" height=\"200\" \/><\/p>\n<p>La situaci\u00f3n de los derechos de los ni\u00f1os en Santa Luc\u00eda es preocupante. Muchos ni\u00f1os est\u00e1n sujetos a diferentes formas de abuso y <a href=\"https:\/\/www.humanium.org\/es\/explotacion-sexual-infantil\/\">explotaci\u00f3n<\/a>, tales como la\u00a0<a href=\"https:\/\/www.humanium.org\/es\/explotacion-sexual-infantil\/\">violencia sexual<\/a>,<a href=\"https:\/\/www.humanium.org\/es\/abuso-infantil\/\"> castigos f\u00edsicos<\/a> y<a href=\"https:\/\/www.humanium.org\/es\/trabajo-infantil\/\"> trabajo forzado<\/a>.<\/p>\n<p style=\"text-align: center;\">\u00a0<a href=\"https:\/\/www.humanium.org\/es\/wp-content\/uploads\/2013\/08\/Carte_SAINTE-LUCIE.gif\" rel=\"attachment wp-att-8938\"><img loading=\"lazy\" decoding=\"async\" class=\"alignnone size-full wp-image-8938\" src=\"https:\/\/www.humanium.org\/es\/wp-content\/uploads\/2013\/08\/Carte_SAINTE-LUCIE.gif\" alt=\"Carte_SAINTE-LUCIE\" width=\"230\" height=\"146\" \/><\/a><\/p>\n<table style=\"height: 38px;\" width=\"298\">\n<tbody style=\"background: #f2f2f2;\">\n<tr>\n<td>\n<div style=\"float: left; width: 100%;\">\n<p style=\"margin-top: 20px;\"><img loading=\"lazy\" decoding=\"async\" class=\"alignleft size-full wp-image-9670\" src=\"https:\/\/www.humanium.org\/fr\/wp-content\/uploads\/2011\/06\/orange.gif\" alt=\"\" width=\"150\" height=\"52\" \/><strong> \u00cdndice de Cumplimiento de los Derechos del Ni\u00f1o <\/strong>: 7,78 \/ 10<br \/>\n<strong>Nivel Naranja: <\/strong>Problemas sensibles<\/p>\n<\/div>\n<div style=\"float: left; width: 39%;\">\n<p style=\"margin-bottom: 20px;\"><strong>Poblaci\u00f3n :<\/strong>\u00a0162.781<br \/>\n<strong>Pob. De 0-14 a\u00f1os :<\/strong>\u00a021,6 %<\/p>\n<\/div>\n<div style=\"float: right; width: 59%;\">\n<p style=\"margin-bottom: 20px;\"><strong>Esperanza de vida :<\/strong>\u00a074,8 a\u00f1os.<br \/>\n<strong>Mortalidad &#8211; de 5 a\u00f1os :<\/strong>\u00a013 \u2030<\/p>\n<\/div>\n<\/td>\n<\/tr>\n<\/tbody>\n<\/table>\n<h3>Principales problemas que enfrentan los ni\u00f1os de Santa Luc\u00eda:<\/h3>\n<p><strong><a href=\"https:\/\/www.humanium.org\/es\/pobreza-infantil\/\"><strong>Pobreza<\/strong><\/a><\/strong><\/p>\n<p>M\u00e1s del 25% de la poblaci\u00f3n de Santa Luc\u00eda vive bajo la l\u00ednea de pobreza. Casi la mitad de todos los ni\u00f1os viven en hogares donde no siempre hay suficiente comida y viven sin acceso seguro al<a href=\"https:\/\/www.humanium.org\/es\/derecho-alimentacion\/\"> alimento.<\/a><\/p>\n<p>&nbsp;<\/p>\n<p><strong><a href=\"https:\/\/www.humanium.org\/es\/abuso-infantil\/\"><strong>Castigo f\u00edsico<\/strong><\/a><\/strong><\/p>\n<p>La pr\u00e1ctica de castigos f\u00edsicos no est\u00e1 prohibida legalmente en Santa Luc\u00eda, y sigue siendo una manera legal de disciplinar a los ni\u00f1os. El castigo f\u00edsico es incluso recomendado como la forma preferida de disciplina.<\/p>\n<p><img loading=\"lazy\" decoding=\"async\" class=\"size-full wp-image-28104 alignright\" title=\"Casi la mitad de todos los ni\u00f1os que viven en hogares que no siempre tienen suficiente comida.\u00a9 Jason Michael (Flickr.com)\" src=\"https:\/\/www.humanium.org\/fr\/wp-content\/uploads\/2013\/04\/Jason-Michael-Flickr.com_.jpg\" alt=\"\" width=\"240\" height=\"160\" \/><\/p>\n<p>Cualquier padre, maestro o tutor legal tiene permitido impartir un castigo \u201crazonable\u201d de este modo.Alrededor del 30% de los padres con ni\u00f1os menores de 12 a\u00f1os imparte castigos violentos. La mayor\u00eda de las veces, estos castigos adoptan la forma de azotes con un objeto (palo, cintur\u00f3n, zapato, etc.).<\/p>\n<p>&nbsp;<\/p>\n<p><strong><a href=\"https:\/\/www.humanium.org\/es\/explotacion-sexual-infantil\/\"><strong>Explotaci\u00f3n sexual de ni\u00f1os<\/strong><\/a><\/strong><\/p>\n<p>Resulta dif\u00edcil calcular el alcance real del problema de<a href=\"https:\/\/www.humanium.org\/es\/explotacion-sexual-infantil\/\">l abuso sexual<\/a> en Santa Luc\u00eda. Los casos m\u00e1s comunes de violencia sexual involucran a una mujer joven y a un hombre miembro de la familia. Ciertas investigaciones demuestran que, a menudo, las mujeres hacen la vista gorda mientras sus esposos mantienen relaciones sexuales con un hijo de la pareja.<\/p>\n<p>Este tipo de situaci\u00f3n puede ocurrir por un n\u00famero de motivos, particularmente, la pobreza, las actitudes patriarcales, las normas culturales y la persistencia de un ciclo de violencia en el cual las personas que fueron v\u00edctimas de violencia sexual durante la ni\u00f1ez se convierten en los agresores al crecer.<\/p>\n<p>En 2011, el departamento de gobierno en cargo de la protecci\u00f3n de los ni\u00f1os en Santa Luc\u00eda calcul\u00f3 que hubo 254 casos declarados de ni\u00f1os v\u00edctimas de <a href=\"https:\/\/www.humanium.org\/es\/explotacion-sexual-infantil\/\">violencia sexual.<\/a><\/p>\n<p>&nbsp;<\/p>\n<p><strong><a href=\"https:\/\/www.humanium.org\/es\/trabajo-infantil\/\"><strong>Trabajo infantil<\/strong><\/a><\/strong><\/p>\n<p>Santa Luc\u00eda no cuenta con clasificaciones para trabajos peligrosos ni normas que regulen las condiciones de <a href=\"https:\/\/www.humanium.org\/es\/trabajo-infantil\/\">trabajo<\/a>. El<a href=\"https:\/\/www.humanium.org\/es\/trabajo-infantil\/\"> trabajo infantil<\/a> existe en las \u00e1reas rurales. Por ejemplo, algunos ni\u00f1os en edad escolar ayudan a sus padres a cosechar bananas. En general, los ni\u00f1os trabajan en la restauraci\u00f3n urbana durante los d\u00edas que no tienen escuela y durante festivales. No existe un informe oficial sobre las violaciones de las leyes de<a href=\"https:\/\/www.humanium.org\/es\/trabajo-infantil\/\"> trabajo infantil.<\/a><\/p>\n<p>&nbsp;<\/p>\n<p><strong><a href=\"https:\/\/www.humanium.org\/es\/derecho-educacion\/\">Derecho a la educaci\u00f3n<\/a><\/strong><\/p>\n<p>El sistema educativo de Santa Luc\u00eda no garantiza el acceso universal a la educaci\u00f3n, especialmente a la educaci\u00f3n secundaria. Las madres adolescentes, todav\u00eda en edad escolar, interrumpen sus estudios y muchos ni\u00f1os tambi\u00e9n dejan la escuela. Los servicios de guarder\u00edas solo son accesibles para menos del 20% del grupo etario adecuado.<\/p>\n<p>&nbsp;<\/p>\n<p><strong><a href=\"https:\/\/www.humanium.org\/es\/derecho-salud\/\"><strong>Salud<\/strong><\/a><\/strong><\/p>\n<p>El n\u00famero de ni\u00f1os que nace por debajo del peso normal sigue aumentando.<\/p>\n<p><img loading=\"lazy\" decoding=\"async\" class=\"alignright\" title=\"Santa Luc\u00edano maneja correctamente los asuntos de salud de los adolescentes\u00a9 Richard Janda (Flickr.com)\" src=\"https:\/\/www.humanium.org\/fr\/wp-content\/uploads\/2013\/04\/Richard-Janda-Flickr.com_.jpg\" alt=\"\" width=\"189\" height=\"253\" \/><br \/>\nPor otro lado, la tasa de obesidad infantil est\u00e1 en crecimiento, junto con las <a href=\"https:\/\/www.humanium.org\/es\/ninos-enfermos\/\">enfermedades<\/a> a corto y largo plazo asociadas.<br \/>\nHay una gran falta de programas de <a href=\"https:\/\/www.humanium.org\/es\/derecho-salud\/\">educaci\u00f3n de la salud<\/a> para los ni\u00f1os.<br \/>\nOtro problema preocupante es que Santa Luc\u00eda no maneja correctamente los asuntos de salud de los adolescentes, tales como los problemas mentales, de desarrollo y reproductivos.Adem\u00e1s, la tasa de nuevos casos de<a href=\"https:\/\/www.humanium.org\/es\/ninos-sida\/\"> VIH\/SIDA <\/a>y otras enfermedades de transmisi\u00f3n sexual es alta entre los adolescentes.<\/p>\n<p>&nbsp;<\/p>\n<p><strong>Alcoholismo y drogadicci\u00f3n<\/strong><\/p>\n<p>Seg\u00fan los resultados de una encuesta sobre la salud juvenil en Santa Luc\u00eda, el \u00edndice de consumo de drogas y alcohol por parte de j\u00f3venes entre 10 y 19 a\u00f1os es alto. Los varones son cuatro veces m\u00e1s propensos a la bebida que las mujeres. En lo que respecta al consumo de tabaco, m\u00e1s del 11% de los ni\u00f1os ya ha fumado un cigarrillo. Aunque es ilegal, el consumo de marihuana es com\u00fan entre los adolescentes.<\/p>\n","protected":false},"excerpt":{"rendered":"<p>Ni\u00f1os de Santa Luc\u00eda Haciendo que los derechos de los ni\u00f1os sean una realidad en Santa Luc\u00eda \u00a0\u00a0 La situaci\u00f3n de los derechos de los ni\u00f1os en Santa Luc\u00eda es preocupante. Muchos ni\u00f1os est\u00e1n sujetos a diferentes formas de abuso y explotaci\u00f3n, tales como la\u00a0violencia sexual, castigos f\u00edsicos y trabajo forzado. \u00a0 \u00cdndice de Cumplimiento [&hellip;]<\/p>\n","protected":false},"author":1,"featured_media":0,"parent":0,"menu_order":0,"comment_status":"closed","ping_status":"closed","template":"","meta":{"footnotes":""},"class_list":["post-10645","page","type-page","status-publish","hentry"],"yoast_head":"<!-- This site is optimized with the Yoast SEO plugin v26.5 - https:\/\/yoast.com\/wordpress\/plugins\/seo\/ -->\n<title>Ni\u00f1os de Santa Luc\u00eda - Humanium<\/title>\n<meta name=\"description\" content=\"En Santa Luc\u00eda muchos ni\u00f1os est\u00e1n sujetos a diferentes formas de abuso y explotaci\u00f3n, tales como, la violencia sexual, castigos f\u00edsicos y trabajo forzado.\" \/>\n<meta name=\"robots\" content=\"index, follow, max-snippet:-1, max-image-preview:large, max-video-preview:-1\" \/>\n<link rel=\"canonical\" href=\"https:\/\/www.humanium.org\/es\/ninos-de-santa-lucia\/\" \/>\n<meta property=\"og:locale\" content=\"es_ES\" \/>\n<meta property=\"og:type\" content=\"article\" \/>\n<meta property=\"og:title\" content=\"Ni\u00f1os de Santa Luc\u00eda - Humanium\" \/>\n<meta property=\"og:description\" content=\"En Santa Luc\u00eda muchos ni\u00f1os est\u00e1n sujetos a diferentes formas de abuso y explotaci\u00f3n, tales como, la violencia sexual, castigos f\u00edsicos y trabajo forzado.\" \/>\n<meta property=\"og:url\" content=\"https:\/\/www.humanium.org\/es\/ninos-de-santa-lucia\/\" \/>\n<meta property=\"og:site_name\" content=\"Humanium\" \/>\n<meta property=\"article:modified_time\" content=\"2025-12-13T21:23:29+00:00\" \/>\n<meta name=\"twitter:card\" content=\"summary_large_image\" \/>\n<meta name=\"twitter:label1\" content=\"Tiempo de lectura\" \/>\n\t<meta name=\"twitter:data1\" content=\"4 minutos\" \/>\n<script type=\"application\/ld+json\" class=\"yoast-schema-graph\">{\"@context\":\"https:\/\/schema.org\",\"@graph\":[{\"@type\":\"WebPage\",\"@id\":\"https:\/\/www.humanium.org\/es\/ninos-de-santa-lucia\/\",\"url\":\"https:\/\/www.humanium.org\/es\/ninos-de-santa-lucia\/\",\"name\":\"Ni\u00f1os de Santa Luc\u00eda - Humanium\",\"isPartOf\":{\"@id\":\"https:\/\/www.humanium.org\/es\/#website\"},\"primaryImageOfPage\":{\"@id\":\"https:\/\/www.humanium.org\/es\/ninos-de-santa-lucia\/#primaryimage\"},\"image\":{\"@id\":\"https:\/\/www.humanium.org\/es\/ninos-de-santa-lucia\/#primaryimage\"},\"thumbnailUrl\":\"https:\/\/www.humanium.org\/fr\/wp-content\/uploads\/2013\/04\/missmeng-Flickr.com_.jpg\",\"datePublished\":\"2017-04-05T11:44:35+00:00\",\"dateModified\":\"2025-12-13T21:23:29+00:00\",\"description\":\"En Santa Luc\u00eda muchos ni\u00f1os est\u00e1n sujetos a diferentes formas de abuso y explotaci\u00f3n, tales como, la violencia sexual, castigos f\u00edsicos y trabajo forzado.\",\"breadcrumb\":{\"@id\":\"https:\/\/www.humanium.org\/es\/ninos-de-santa-lucia\/#breadcrumb\"},\"inLanguage\":\"es\",\"potentialAction\":[{\"@type\":\"ReadAction\",\"target\":[\"https:\/\/www.humanium.org\/es\/ninos-de-santa-lucia\/\"]}]},{\"@type\":\"ImageObject\",\"inLanguage\":\"es\",\"@id\":\"https:\/\/www.humanium.org\/es\/ninos-de-santa-lucia\/#primaryimage\",\"url\":\"https:\/\/www.humanium.org\/fr\/wp-content\/uploads\/2013\/04\/missmeng-Flickr.com_.jpg\",\"contentUrl\":\"https:\/\/www.humanium.org\/fr\/wp-content\/uploads\/2013\/04\/missmeng-Flickr.com_.jpg\"},{\"@type\":\"BreadcrumbList\",\"@id\":\"https:\/\/www.humanium.org\/es\/ninos-de-santa-lucia\/#breadcrumb\",\"itemListElement\":[{\"@type\":\"ListItem\",\"position\":1,\"name\":\"Home\",\"item\":\"https:\/\/www.humanium.org\/es\/\"},{\"@type\":\"ListItem\",\"position\":2,\"name\":\"Ni\u00f1os de Santa Luc\u00eda\"}]},{\"@type\":\"WebSite\",\"@id\":\"https:\/\/www.humanium.org\/es\/#website\",\"url\":\"https:\/\/www.humanium.org\/es\/\",\"name\":\"Humanium\",\"description\":\"\u00a1Los ni\u00f1os primero!\",\"potentialAction\":[{\"@type\":\"SearchAction\",\"target\":{\"@type\":\"EntryPoint\",\"urlTemplate\":\"https:\/\/www.humanium.org\/es\/?s={search_term_string}\"},\"query-input\":{\"@type\":\"PropertyValueSpecification\",\"valueRequired\":true,\"valueName\":\"search_term_string\"}}],\"inLanguage\":\"es\"}]}<\/script>\n<!-- \/ Yoast SEO plugin. -->","yoast_head_json":{"title":"Ni\u00f1os de Santa Luc\u00eda - Humanium","description":"En Santa Luc\u00eda muchos ni\u00f1os est\u00e1n sujetos a diferentes formas de abuso y explotaci\u00f3n, tales como, la violencia sexual, castigos f\u00edsicos y trabajo forzado.","robots":{"index":"index","follow":"follow","max-snippet":"max-snippet:-1","max-image-preview":"max-image-preview:large","max-video-preview":"max-video-preview:-1"},"canonical":"https:\/\/www.humanium.org\/es\/ninos-de-santa-lucia\/","og_locale":"es_ES","og_type":"article","og_title":"Ni\u00f1os de Santa Luc\u00eda - Humanium","og_description":"En Santa Luc\u00eda muchos ni\u00f1os est\u00e1n sujetos a diferentes formas de abuso y explotaci\u00f3n, tales como, la violencia sexual, castigos f\u00edsicos y trabajo forzado.","og_url":"https:\/\/www.humanium.org\/es\/ninos-de-santa-lucia\/","og_site_name":"Humanium","article_modified_time":"2025-12-13T21:23:29+00:00","twitter_card":"summary_large_image","twitter_misc":{"Tiempo de lectura":"4 minutos"},"schema":{"@context":"https:\/\/schema.org","@graph":[{"@type":"WebPage","@id":"https:\/\/www.humanium.org\/es\/ninos-de-santa-lucia\/","url":"https:\/\/www.humanium.org\/es\/ninos-de-santa-lucia\/","name":"Ni\u00f1os de Santa Luc\u00eda - Humanium","isPartOf":{"@id":"https:\/\/www.humanium.org\/es\/#website"},"primaryImageOfPage":{"@id":"https:\/\/www.humanium.org\/es\/ninos-de-santa-lucia\/#primaryimage"},"image":{"@id":"https:\/\/www.humanium.org\/es\/ninos-de-santa-lucia\/#primaryimage"},"thumbnailUrl":"https:\/\/www.humanium.org\/fr\/wp-content\/uploads\/2013\/04\/missmeng-Flickr.com_.jpg","datePublished":"2017-04-05T11:44:35+00:00","dateModified":"2025-12-13T21:23:29+00:00","description":"En Santa Luc\u00eda muchos ni\u00f1os est\u00e1n sujetos a diferentes formas de abuso y explotaci\u00f3n, tales como, la violencia sexual, castigos f\u00edsicos y trabajo forzado.","breadcrumb":{"@id":"https:\/\/www.humanium.org\/es\/ninos-de-santa-lucia\/#breadcrumb"},"inLanguage":"es","potentialAction":[{"@type":"ReadAction","target":["https:\/\/www.humanium.org\/es\/ninos-de-santa-lucia\/"]}]},{"@type":"ImageObject","inLanguage":"es","@id":"https:\/\/www.humanium.org\/es\/ninos-de-santa-lucia\/#primaryimage","url":"https:\/\/www.humanium.org\/fr\/wp-content\/uploads\/2013\/04\/missmeng-Flickr.com_.jpg","contentUrl":"https:\/\/www.humanium.org\/fr\/wp-content\/uploads\/2013\/04\/missmeng-Flickr.com_.jpg"},{"@type":"BreadcrumbList","@id":"https:\/\/www.humanium.org\/es\/ninos-de-santa-lucia\/#breadcrumb","itemListElement":[{"@type":"ListItem","position":1,"name":"Home","item":"https:\/\/www.humanium.org\/es\/"},{"@type":"ListItem","position":2,"name":"Ni\u00f1os de Santa Luc\u00eda"}]},{"@type":"WebSite","@id":"https:\/\/www.humanium.org\/es\/#website","url":"https:\/\/www.humanium.org\/es\/","name":"Humanium","description":"\u00a1Los ni\u00f1os primero!","potentialAction":[{"@type":"SearchAction","target":{"@type":"EntryPoint","urlTemplate":"https:\/\/www.humanium.org\/es\/?s={search_term_string}"},"query-input":{"@type":"PropertyValueSpecification","valueRequired":true,"valueName":"search_term_string"}}],"inLanguage":"es"}]}},"_links":{"self":[{"href":"https:\/\/www.humanium.org\/es\/wp-json\/wp\/v2\/pages\/10645","targetHints":{"allow":["GET"]}}],"collection":[{"href":"https:\/\/www.humanium.org\/es\/wp-json\/wp\/v2\/pages"}],"about":[{"href":"https:\/\/www.humanium.org\/es\/wp-json\/wp\/v2\/types\/page"}],"author":[{"embeddable":true,"href":"https:\/\/www.humanium.org\/es\/wp-json\/wp\/v2\/users\/1"}],"replies":[{"embeddable":true,"href":"https:\/\/www.humanium.org\/es\/wp-json\/wp\/v2\/comments?post=10645"}],"version-history":[{"count":7,"href":"https:\/\/www.humanium.org\/es\/wp-json\/wp\/v2\/pages\/10645\/revisions"}],"predecessor-version":[{"id":21321,"href":"https:\/\/www.humanium.org\/es\/wp-json\/wp\/v2\/pages\/10645\/revisions\/21321"}],"wp:attachment":[{"href":"https:\/\/www.humanium.org\/es\/wp-json\/wp\/v2\/media?parent=10645"}],"curies":[{"name":"wp","href":"https:\/\/api.w.org\/{rel}","templated":true}]}}