{"id":1075,"date":"2013-05-01T10:18:21","date_gmt":"2013-05-01T10:18:21","guid":{"rendered":"http:\/\/www.humanium.org\/es\/?page_id=1075"},"modified":"2025-12-06T16:29:45","modified_gmt":"2025-12-06T16:29:45","slug":"contacto","status":"publish","type":"page","link":"https:\/\/www.humanium.org\/es\/contacto\/","title":{"rendered":"Contacto"},"content":{"rendered":"<h1>Contacto: S\u00edrvase utilizar el siguiente formulario<\/h1>\n<p>Humanium Suiza &#8211; Route Suisse 89A &#8211; CH-1295 Tannay &#8211; Suiza<br \/>Humanium Francia &#8211; 5 Rue de l&#8217;Automne &#8211; F-68510 Sierentz &#8211; Francia<br \/>Humanium Alemania &#8211; Breitscheidstrasse 35 &#8211; D-16321 Bernau (b. Berlin) &#8211; Alemania<\/p>\n<p><strong>Casos espec\u00edficos :<\/strong><\/p>\n<ul>\n<li>Solicitud de ayuda para un ni\u00f1o : <a href=\"https:\/\/www.humanium.org\/es\/helpline\/\" target=\"_blank\" rel=\"noopener\">Helpline<\/a><\/li>\n<li><a href=\"https:\/\/www.humanium.org\/es\/voluntariado\/\" target=\"_blank\" rel=\"noopener\">Voluntariado<\/a> (no enviamos a ning\u00fan voluntario sobre terreno)<\/li>\n<li>Pr\u00e1cticas o Empleo (favor de no enviar solicitudes, \u00fanicamente se tienen en cuenta las ofertas que actualizamos en la p\u00e1gina)<\/li>\n<li>Denuncia una p\u00e1gina web de pedofilia: <a href=\"https:\/\/prevensi.es\/sobre-prevensi\/\" target=\"_blank\" rel=\"noopener\">Denuncia la p\u00e1gina\u00a0<\/a><\/li>\n<\/ul>\n\n<div class=\"wpcf7 no-js\" id=\"wpcf7-f7-o1\" lang=\"en-US\" dir=\"ltr\" data-wpcf7-id=\"7\">\n<div class=\"screen-reader-response\"><p role=\"status\" aria-live=\"polite\" aria-atomic=\"true\"><\/p> <ul><\/ul><\/div>\n<form action=\"\/es\/wp-json\/wp\/v2\/pages\/1075#wpcf7-f7-o1\" method=\"post\" class=\"wpcf7-form init\" aria-label=\"Contact form\" enctype=\"multipart\/form-data\" novalidate=\"novalidate\" data-status=\"init\">\n<fieldset class=\"hidden-fields-container\"><input type=\"hidden\" name=\"_wpcf7\" value=\"7\" \/><input type=\"hidden\" name=\"_wpcf7_version\" value=\"6.1.4\" \/><input type=\"hidden\" name=\"_wpcf7_locale\" value=\"en_US\" \/><input type=\"hidden\" name=\"_wpcf7_unit_tag\" value=\"wpcf7-f7-o1\" \/><input type=\"hidden\" name=\"_wpcf7_container_post\" value=\"0\" \/><input type=\"hidden\" name=\"_wpcf7_posted_data_hash\" value=\"\" \/>\n<\/fieldset>\n<h2>Formulario de contacto\n<\/h2>\n<p>Para que podamos responder a vuestras preguntas de la mejor manera y en el menor tiempo posible, s\u00edrvase utilizar el siguiente formulario que aparece a continuaci\u00f3n.<br \/>\n<span style=\"font-size: 0.7em; color: #999999;\">* campos obligatorios<\/span>\n<\/p>\n<div class=\"col-sm-12 col-md-12 col-lg-2 col-xl-2\">\n\t<p><label>T\u00edtulo*<\/label><br \/>\n<span class=\"wpcf7-form-control-wrap\" data-name=\"champ_title\"><select class=\"wpcf7-form-control wpcf7-select wpcf7-validates-as-required\" aria-required=\"true\" aria-invalid=\"false\" name=\"champ_title\"><option value=\"\">&#8212;Please choose an option&#8212;<\/option><option value=\"Se\u00f1ora\">Se\u00f1ora<\/option><option value=\"Se\u00f1or\">Se\u00f1or<\/option><option value=\"Familia\">Familia<\/option><option value=\"Empresa\">Empresa<\/option><option value=\"Fundaci\u00f3n\">Fundaci\u00f3n<\/option><\/select><\/span>\n\t<\/p>\n<\/div>\n<div class=\"col-sm-12 col-md-12 col-lg-5 col-xl-5\">\n\t<p><label>Nombre*<\/label><br \/>\n<span class=\"wpcf7-form-control-wrap\" data-name=\"champ_lname\"><input size=\"30\" maxlength=\"400\" class=\"wpcf7-form-control wpcf7-text wpcf7-validates-as-required\" aria-required=\"true\" aria-invalid=\"false\" value=\"\" type=\"text\" name=\"champ_lname\" \/><\/span>\n\t<\/p>\n<\/div>\n<div class=\"col-sm-12 col-md-12 col-lg-5 col-xl-5\">\n\t<p><label>Apellidos*<\/label><br \/>\n<span class=\"wpcf7-form-control-wrap\" data-name=\"champ_fname\"><input size=\"30\" maxlength=\"400\" class=\"wpcf7-form-control wpcf7-text wpcf7-validates-as-required\" aria-required=\"true\" aria-invalid=\"false\" value=\"\" type=\"text\" name=\"champ_fname\" \/><\/span>\n\t<\/p>\n<\/div>\n<div class=\"col-sm-12 col-md-12 col-lg-12 col-xl-12\">\n\t<p><label>Correo electr\u00f3nico*<\/label><br \/>\n<span class=\"wpcf7-form-control-wrap\" data-name=\"champ_email\"><input size=\"50\" maxlength=\"400\" class=\"wpcf7-form-control wpcf7-email wpcf7-validates-as-required wpcf7-text wpcf7-validates-as-email\" aria-required=\"true\" aria-invalid=\"false\" value=\"\" type=\"email\" name=\"champ_email\" \/><\/span>\n\t<\/p>\n<\/div>\n<div class=\"col-sm-12 col-md-12 col-lg-12 col-xl-12\">\n\t<p><label>Asunto*<\/label><br \/>\n<span class=\"wpcf7-form-control-wrap\" data-name=\"champ_subject\"><select class=\"wpcf7-form-control wpcf7-select wpcf7-validates-as-required\" aria-required=\"true\" aria-invalid=\"false\" name=\"champ_subject\"><option value=\"\">&#8212;Please choose an option&#8212;<\/option><option value=\"Donativos, apadrinamientos, devenir miembro u otras formas de apoyo financiero\">Donativos, apadrinamientos, devenir miembro u otras formas de apoyo financiero<\/option><option value=\"Pedir ayuda sobre un caso relacionado con los Derechos del Ni\u00f1o\">Pedir ayuda sobre un caso relacionado con los Derechos del Ni\u00f1o<\/option><option value=\"Preguntas relativas a los Derechos del Ni\u00f1o\">Preguntas relativas a los Derechos del Ni\u00f1o<\/option><option value=\"Petici\u00f3n de apoyo financiero\">Petici\u00f3n de apoyo financiero<\/option><option value=\"Petici\u00f3n de colaboraci\u00f3n\">Petici\u00f3n de colaboraci\u00f3n<\/option><option value=\"Copyright - Petici\u00f3n de derechos de utilizaci\u00f3n del contenido\">Copyright - Petici\u00f3n de derechos de utilizaci\u00f3n del contenido<\/option><option value=\"Empleos \/ Pr\u00e1cticas \/ Pasant\u00edas\">Empleos \/ Pr\u00e1cticas \/ Pasant\u00edas<\/option><option value=\"Voluntariado por internet\">Voluntariado por internet<\/option><option value=\"Voluntariado sobre proyectos\">Voluntariado sobre proyectos<\/option><option value=\"Otros\">Otros<\/option><\/select><\/span>\n\t<\/p>\n<\/div>\n<div class=\"col-sm-12 col-md-12 col-lg-12 col-xl-12\">\n\t<p><label>Precisar brevemente el asunto<\/label><br \/>\n<span class=\"wpcf7-form-control-wrap\" data-name=\"champ_brief\"><input size=\"80\" maxlength=\"400\" class=\"wpcf7-form-control wpcf7-text\" aria-invalid=\"false\" value=\"\" type=\"text\" name=\"champ_brief\" \/><\/span>\n\t<\/p>\n<\/div>\n<div class=\"col-sm-12 col-md-12 col-lg-12 col-xl-12\">\n\t<p><label>Mensaje*<\/label><br \/>\n<span class=\"wpcf7-form-control-wrap\" data-name=\"champ_message\"><textarea cols=\"40\" rows=\"10\" maxlength=\"2000\" class=\"wpcf7-form-control wpcf7-textarea wpcf7-validates-as-required\" aria-required=\"true\" aria-invalid=\"false\" name=\"champ_message\"><\/textarea><\/span>\n\t<\/p>\n<\/div>\n<div class=\"col-sm-12 col-md-12 col-lg-12 col-xl-12\">\n\t<p><label>Archivo(s) adjuntos(s)<\/label><br \/>\n<span class=\"wpcf7-form-control-wrap\" data-name=\"champ_file1\"><input size=\"40\" class=\"wpcf7-form-control wpcf7-file\" accept=\"audio\/*,video\/*,image\/*\" aria-invalid=\"false\" type=\"file\" name=\"champ_file1\" \/><\/span><br \/>\n<span class=\"wpcf7-form-control-wrap\" data-name=\"champ_file2\"><input size=\"40\" class=\"wpcf7-form-control wpcf7-file\" accept=\"audio\/*,video\/*,image\/*\" aria-invalid=\"false\" type=\"file\" name=\"champ_file2\" \/><\/span>\n\t<\/p>\n\t<p>Por favor, espere nuestra respuesta antes de enviar cualquier archivo adjunto.\n\t<\/p>\n\t<p>Estos datos son de uso exclusivo de Humanium y respetamos vuestro derecho a la privacidad: <a href=\"https:\/\/www.humanium.org\/fr\/declaration-de-confidentialite\/\" target=\"_self\">Declaraci\u00f3n de confidencialidad<\/a>.\n\t<\/p>\n<\/div>\n<div class=\"col-sm-12 col-md-12 col-lg-12 col-xl-12\">\n\t<p><input class=\"wpcf7-form-control wpcf7-submit has-spinner\" type=\"submit\" value=\"Enviar\" \/>\n\t<\/p>\n<\/div><p style=\"display: none !important;\" class=\"akismet-fields-container\" data-prefix=\"_wpcf7_ak_\"><label>&#916;<textarea name=\"_wpcf7_ak_hp_textarea\" cols=\"45\" rows=\"8\" maxlength=\"100\"><\/textarea><\/label><input type=\"hidden\" id=\"ak_js_1\" name=\"_wpcf7_ak_js\" value=\"182\"\/><script>document.getElementById( \"ak_js_1\" ).setAttribute( \"value\", ( new Date() ).getTime() );<\/script><\/p><div class=\"wpcf7-response-output\" aria-hidden=\"true\"><\/div>\n<\/form>\n<\/div>\n\n\n\n<p><\/p>\n","protected":false},"excerpt":{"rendered":"<p>Contacto: S\u00edrvase utilizar el siguiente formulario Humanium Suiza &#8211; Route Suisse 89A &#8211; CH-1295 Tannay &#8211; SuizaHumanium Francia &#8211; 5 Rue de l&#8217;Automne &#8211; F-68510 Sierentz &#8211; FranciaHumanium Alemania &#8211; Breitscheidstrasse 35 &#8211; D-16321 Bernau (b. Berlin) &#8211; Alemania Casos espec\u00edficos : Solicitud de ayuda para un ni\u00f1o : Helpline Voluntariado (no enviamos a ning\u00fan [&hellip;]<\/p>\n","protected":false},"author":1,"featured_media":0,"parent":0,"menu_order":0,"comment_status":"closed","ping_status":"closed","template":"","meta":{"footnotes":""},"class_list":["post-1075","page","type-page","status-publish","hentry"],"yoast_head":"<!-- This site is optimized with the Yoast SEO plugin v26.5 - https:\/\/yoast.com\/wordpress\/plugins\/seo\/ -->\n<title>Contacto - Humanium<\/title>\n<meta name=\"robots\" content=\"index, follow, max-snippet:-1, max-image-preview:large, max-video-preview:-1\" \/>\n<link rel=\"canonical\" href=\"https:\/\/www.humanium.org\/es\/contacto\/\" \/>\n<meta property=\"og:locale\" content=\"es_ES\" \/>\n<meta property=\"og:type\" content=\"article\" \/>\n<meta property=\"og:title\" content=\"Contacto - Humanium\" \/>\n<meta property=\"og:description\" content=\"Contacto: S\u00edrvase utilizar el siguiente formulario Humanium Suiza &#8211; Route Suisse 89A &#8211; CH-1295 Tannay &#8211; SuizaHumanium Francia &#8211; 5 Rue de l&#8217;Automne &#8211; F-68510 Sierentz &#8211; FranciaHumanium Alemania &#8211; Breitscheidstrasse 35 &#8211; D-16321 Bernau (b. Berlin) &#8211; Alemania Casos espec\u00edficos : Solicitud de ayuda para un ni\u00f1o : Helpline Voluntariado (no enviamos a ning\u00fan [&hellip;]\" \/>\n<meta property=\"og:url\" content=\"https:\/\/www.humanium.org\/es\/contacto\/\" \/>\n<meta property=\"og:site_name\" content=\"Humanium\" \/>\n<meta property=\"article:modified_time\" content=\"2025-12-06T16:29:45+00:00\" \/>\n<meta name=\"twitter:card\" content=\"summary_large_image\" \/>\n<meta name=\"twitter:label1\" content=\"Tiempo de lectura\" \/>\n\t<meta name=\"twitter:data1\" content=\"1 minuto\" \/>\n<script type=\"application\/ld+json\" class=\"yoast-schema-graph\">{\"@context\":\"https:\/\/schema.org\",\"@graph\":[{\"@type\":\"WebPage\",\"@id\":\"https:\/\/www.humanium.org\/es\/contacto\/\",\"url\":\"https:\/\/www.humanium.org\/es\/contacto\/\",\"name\":\"Contacto - Humanium\",\"isPartOf\":{\"@id\":\"https:\/\/www.humanium.org\/es\/#website\"},\"datePublished\":\"2013-05-01T10:18:21+00:00\",\"dateModified\":\"2025-12-06T16:29:45+00:00\",\"breadcrumb\":{\"@id\":\"https:\/\/www.humanium.org\/es\/contacto\/#breadcrumb\"},\"inLanguage\":\"es\",\"potentialAction\":[{\"@type\":\"ReadAction\",\"target\":[\"https:\/\/www.humanium.org\/es\/contacto\/\"]}]},{\"@type\":\"BreadcrumbList\",\"@id\":\"https:\/\/www.humanium.org\/es\/contacto\/#breadcrumb\",\"itemListElement\":[{\"@type\":\"ListItem\",\"position\":1,\"name\":\"Home\",\"item\":\"https:\/\/www.humanium.org\/es\/\"},{\"@type\":\"ListItem\",\"position\":2,\"name\":\"Contacto\"}]},{\"@type\":\"WebSite\",\"@id\":\"https:\/\/www.humanium.org\/es\/#website\",\"url\":\"https:\/\/www.humanium.org\/es\/\",\"name\":\"Humanium\",\"description\":\"\u00a1Los ni\u00f1os primero!\",\"potentialAction\":[{\"@type\":\"SearchAction\",\"target\":{\"@type\":\"EntryPoint\",\"urlTemplate\":\"https:\/\/www.humanium.org\/es\/?s={search_term_string}\"},\"query-input\":{\"@type\":\"PropertyValueSpecification\",\"valueRequired\":true,\"valueName\":\"search_term_string\"}}],\"inLanguage\":\"es\"}]}<\/script>\n<!-- \/ Yoast SEO plugin. -->","yoast_head_json":{"title":"Contacto - Humanium","robots":{"index":"index","follow":"follow","max-snippet":"max-snippet:-1","max-image-preview":"max-image-preview:large","max-video-preview":"max-video-preview:-1"},"canonical":"https:\/\/www.humanium.org\/es\/contacto\/","og_locale":"es_ES","og_type":"article","og_title":"Contacto - Humanium","og_description":"Contacto: S\u00edrvase utilizar el siguiente formulario Humanium Suiza &#8211; Route Suisse 89A &#8211; CH-1295 Tannay &#8211; SuizaHumanium Francia &#8211; 5 Rue de l&#8217;Automne &#8211; F-68510 Sierentz &#8211; FranciaHumanium Alemania &#8211; Breitscheidstrasse 35 &#8211; D-16321 Bernau (b. Berlin) &#8211; Alemania Casos espec\u00edficos : Solicitud de ayuda para un ni\u00f1o : Helpline Voluntariado (no enviamos a ning\u00fan [&hellip;]","og_url":"https:\/\/www.humanium.org\/es\/contacto\/","og_site_name":"Humanium","article_modified_time":"2025-12-06T16:29:45+00:00","twitter_card":"summary_large_image","twitter_misc":{"Tiempo de lectura":"1 minuto"},"schema":{"@context":"https:\/\/schema.org","@graph":[{"@type":"WebPage","@id":"https:\/\/www.humanium.org\/es\/contacto\/","url":"https:\/\/www.humanium.org\/es\/contacto\/","name":"Contacto - Humanium","isPartOf":{"@id":"https:\/\/www.humanium.org\/es\/#website"},"datePublished":"2013-05-01T10:18:21+00:00","dateModified":"2025-12-06T16:29:45+00:00","breadcrumb":{"@id":"https:\/\/www.humanium.org\/es\/contacto\/#breadcrumb"},"inLanguage":"es","potentialAction":[{"@type":"ReadAction","target":["https:\/\/www.humanium.org\/es\/contacto\/"]}]},{"@type":"BreadcrumbList","@id":"https:\/\/www.humanium.org\/es\/contacto\/#breadcrumb","itemListElement":[{"@type":"ListItem","position":1,"name":"Home","item":"https:\/\/www.humanium.org\/es\/"},{"@type":"ListItem","position":2,"name":"Contacto"}]},{"@type":"WebSite","@id":"https:\/\/www.humanium.org\/es\/#website","url":"https:\/\/www.humanium.org\/es\/","name":"Humanium","description":"\u00a1Los ni\u00f1os primero!","potentialAction":[{"@type":"SearchAction","target":{"@type":"EntryPoint","urlTemplate":"https:\/\/www.humanium.org\/es\/?s={search_term_string}"},"query-input":{"@type":"PropertyValueSpecification","valueRequired":true,"valueName":"search_term_string"}}],"inLanguage":"es"}]}},"_links":{"self":[{"href":"https:\/\/www.humanium.org\/es\/wp-json\/wp\/v2\/pages\/1075","targetHints":{"allow":["GET"]}}],"collection":[{"href":"https:\/\/www.humanium.org\/es\/wp-json\/wp\/v2\/pages"}],"about":[{"href":"https:\/\/www.humanium.org\/es\/wp-json\/wp\/v2\/types\/page"}],"author":[{"embeddable":true,"href":"https:\/\/www.humanium.org\/es\/wp-json\/wp\/v2\/users\/1"}],"replies":[{"embeddable":true,"href":"https:\/\/www.humanium.org\/es\/wp-json\/wp\/v2\/comments?post=1075"}],"version-history":[{"count":15,"href":"https:\/\/www.humanium.org\/es\/wp-json\/wp\/v2\/pages\/1075\/revisions"}],"predecessor-version":[{"id":20902,"href":"https:\/\/www.humanium.org\/es\/wp-json\/wp\/v2\/pages\/1075\/revisions\/20902"}],"wp:attachment":[{"href":"https:\/\/www.humanium.org\/es\/wp-json\/wp\/v2\/media?parent=1075"}],"curies":[{"name":"wp","href":"https:\/\/api.w.org\/{rel}","templated":true}]}}