{"id":1094,"date":"2013-05-06T14:36:44","date_gmt":"2013-05-06T14:36:44","guid":{"rendered":"http:\/\/www.humanium.org\/es\/?page_id=1094"},"modified":"2017-07-06T09:21:14","modified_gmt":"2017-07-06T09:21:14","slug":"copyright","status":"publish","type":"page","link":"https:\/\/www.humanium.org\/es\/copyright\/","title":{"rendered":"Copyright \u00a9 y t\u00e9rminos de uso"},"content":{"rendered":"<h1 style=\"text-align: left;\"><span style=\"color: #800000;\">Copyright \u00a9 y t\u00e9rminos de uso<\/span><\/h1>\n<p style=\"text-align: left;\"><span style=\"color: #003366;\"><strong>1) Uso comercial:<\/strong><\/span> el uso, mediante copia, publicaci\u00f3n (de textos, im\u00e1genes, pel\u00edculas, gr\u00e1ficos, logotipos, etc.) total o parcial de este sitio, queda rigurosamente prohibido sin la autorizaci\u00f3n previa de la asociaci\u00f3n Humanium o de los propietarios de los contenidos.<\/p>\n<p style=\"text-align: left;\">Es indispensable la autorizaci\u00f3n previa por escrito. Para cualquier cuesti\u00f3n relacionada con los contenidos cuya propiedad pertenezca a la asociaci\u00f3n Humanium puede dirigirse a: <a href=\"mailto:info@humanium.org\">info@humanium.org<\/a><\/p>\n<p style=\"text-align: left;\">Se proh\u00edbe cualquier modificaci\u00f3n del material protegido por los derechos de autor.<\/p>\n<p style=\"text-align: left;\"><span style=\"color: #003366;\"><strong>2) Uso personal y acad\u00e9mico:<\/strong><\/span> los documentos pueden ser utilizados parcialmente con la condici\u00f3n de que se haga menci\u00f3n expl\u00edcita de la fuente y de los derechos de autor. Para su uso en Internet, deber\u00e1 incluirse necesariamente un v\u00ednculo visible y expl\u00edcito, adem\u00e1s de las menciones previstas a los efectos. Asimismo, las citas deber\u00e1n incluir un v\u00ednculo o referencia exacto.<\/p>\n<p style=\"text-align: left;\">Aquellos contenidos cuyo propietario no sea Humanium est\u00e1n sujetos a las reglas propias establecidas por el propietario de dichos contenidos. Pueden estar sujetos a una petici\u00f3n de autorizaci\u00f3n que deber\u00e1 solicitarse directamente al propietario.<\/p>\n<p style=\"text-align: left;\">Atenci\u00f3n: la informaci\u00f3n contenida en este sitio no refleja necesariamente la postura oficial de la asociaci\u00f3n Humaium, sino que pueden servir como testimonio, consejo y opini\u00f3n de colaboradores o de internautas y son, por lo tanto, personales.<\/p>\n<p style=\"text-align: left;\"><span style=\"color: #003366;\"><strong>3) El logotipo y el nombre de Humanium <\/strong><\/span> est\u00e1n rigurosamente protegidos por los derechos de autor. El uso del nombre Humanium o de su logotipo precisa de un acuerdo previo por escrito por parte de Humanium.<\/p>\n<table>\n<tbody style=\"background: #f9f9f9;\">\n<tr>\n<td>\n<div style=\"float: left; width: 90%;\">Traducido por: Ana M\u00aa Bennasar L\u00f3pez<br \/>\nRevisado por: Natalia L\u00f3pez Arriazu<\/div>\n<\/td>\n<\/tr>\n<\/tbody>\n<\/table>\n","protected":false},"excerpt":{"rendered":"<p>Copyright \u00a9 y t\u00e9rminos de uso 1) Uso comercial: el uso, mediante copia, publicaci\u00f3n (de textos, im\u00e1genes, pel\u00edculas, gr\u00e1ficos, logotipos, etc.) total o parcial de este sitio, queda rigurosamente prohibido sin la autorizaci\u00f3n previa de la asociaci\u00f3n Humanium o de los propietarios de los contenidos. Es indispensable la autorizaci\u00f3n previa por escrito. Para cualquier cuesti\u00f3n [&hellip;]<\/p>\n","protected":false},"author":1,"featured_media":0,"parent":0,"menu_order":0,"comment_status":"closed","ping_status":"closed","template":"","meta":{"footnotes":""},"class_list":["post-1094","page","type-page","status-publish","hentry"],"yoast_head":"<!-- This site is optimized with the Yoast SEO plugin v26.5 - https:\/\/yoast.com\/wordpress\/plugins\/seo\/ -->\n<title>Copyright \u00a9 y t\u00e9rminos de uso - Humanium<\/title>\n<meta name=\"robots\" content=\"index, follow, max-snippet:-1, max-image-preview:large, max-video-preview:-1\" \/>\n<link rel=\"canonical\" href=\"https:\/\/www.humanium.org\/es\/copyright\/\" \/>\n<meta property=\"og:locale\" content=\"es_ES\" \/>\n<meta property=\"og:type\" content=\"article\" \/>\n<meta property=\"og:title\" content=\"Copyright \u00a9 y t\u00e9rminos de uso - Humanium\" \/>\n<meta property=\"og:description\" content=\"Copyright \u00a9 y t\u00e9rminos de uso 1) Uso comercial: el uso, mediante copia, publicaci\u00f3n (de textos, im\u00e1genes, pel\u00edculas, gr\u00e1ficos, logotipos, etc.) total o parcial de este sitio, queda rigurosamente prohibido sin la autorizaci\u00f3n previa de la asociaci\u00f3n Humanium o de los propietarios de los contenidos. Es indispensable la autorizaci\u00f3n previa por escrito. Para cualquier cuesti\u00f3n [&hellip;]\" \/>\n<meta property=\"og:url\" content=\"https:\/\/www.humanium.org\/es\/copyright\/\" \/>\n<meta property=\"og:site_name\" content=\"Humanium\" \/>\n<meta property=\"article:modified_time\" content=\"2017-07-06T09:21:14+00:00\" \/>\n<meta name=\"twitter:card\" content=\"summary_large_image\" \/>\n<meta name=\"twitter:label1\" content=\"Tiempo de lectura\" \/>\n\t<meta name=\"twitter:data1\" content=\"1 minuto\" \/>\n<script type=\"application\/ld+json\" class=\"yoast-schema-graph\">{\"@context\":\"https:\/\/schema.org\",\"@graph\":[{\"@type\":\"WebPage\",\"@id\":\"https:\/\/www.humanium.org\/es\/copyright\/\",\"url\":\"https:\/\/www.humanium.org\/es\/copyright\/\",\"name\":\"Copyright \u00a9 y t\u00e9rminos de uso - Humanium\",\"isPartOf\":{\"@id\":\"https:\/\/www.humanium.org\/es\/#website\"},\"datePublished\":\"2013-05-06T14:36:44+00:00\",\"dateModified\":\"2017-07-06T09:21:14+00:00\",\"breadcrumb\":{\"@id\":\"https:\/\/www.humanium.org\/es\/copyright\/#breadcrumb\"},\"inLanguage\":\"es\",\"potentialAction\":[{\"@type\":\"ReadAction\",\"target\":[\"https:\/\/www.humanium.org\/es\/copyright\/\"]}]},{\"@type\":\"BreadcrumbList\",\"@id\":\"https:\/\/www.humanium.org\/es\/copyright\/#breadcrumb\",\"itemListElement\":[{\"@type\":\"ListItem\",\"position\":1,\"name\":\"Home\",\"item\":\"https:\/\/www.humanium.org\/es\/\"},{\"@type\":\"ListItem\",\"position\":2,\"name\":\"Copyright \u00a9 y t\u00e9rminos de uso\"}]},{\"@type\":\"WebSite\",\"@id\":\"https:\/\/www.humanium.org\/es\/#website\",\"url\":\"https:\/\/www.humanium.org\/es\/\",\"name\":\"Humanium\",\"description\":\"\u00a1Los ni\u00f1os primero!\",\"potentialAction\":[{\"@type\":\"SearchAction\",\"target\":{\"@type\":\"EntryPoint\",\"urlTemplate\":\"https:\/\/www.humanium.org\/es\/?s={search_term_string}\"},\"query-input\":{\"@type\":\"PropertyValueSpecification\",\"valueRequired\":true,\"valueName\":\"search_term_string\"}}],\"inLanguage\":\"es\"}]}<\/script>\n<!-- \/ Yoast SEO plugin. -->","yoast_head_json":{"title":"Copyright \u00a9 y t\u00e9rminos de uso - Humanium","robots":{"index":"index","follow":"follow","max-snippet":"max-snippet:-1","max-image-preview":"max-image-preview:large","max-video-preview":"max-video-preview:-1"},"canonical":"https:\/\/www.humanium.org\/es\/copyright\/","og_locale":"es_ES","og_type":"article","og_title":"Copyright \u00a9 y t\u00e9rminos de uso - Humanium","og_description":"Copyright \u00a9 y t\u00e9rminos de uso 1) Uso comercial: el uso, mediante copia, publicaci\u00f3n (de textos, im\u00e1genes, pel\u00edculas, gr\u00e1ficos, logotipos, etc.) total o parcial de este sitio, queda rigurosamente prohibido sin la autorizaci\u00f3n previa de la asociaci\u00f3n Humanium o de los propietarios de los contenidos. Es indispensable la autorizaci\u00f3n previa por escrito. Para cualquier cuesti\u00f3n [&hellip;]","og_url":"https:\/\/www.humanium.org\/es\/copyright\/","og_site_name":"Humanium","article_modified_time":"2017-07-06T09:21:14+00:00","twitter_card":"summary_large_image","twitter_misc":{"Tiempo de lectura":"1 minuto"},"schema":{"@context":"https:\/\/schema.org","@graph":[{"@type":"WebPage","@id":"https:\/\/www.humanium.org\/es\/copyright\/","url":"https:\/\/www.humanium.org\/es\/copyright\/","name":"Copyright \u00a9 y t\u00e9rminos de uso - Humanium","isPartOf":{"@id":"https:\/\/www.humanium.org\/es\/#website"},"datePublished":"2013-05-06T14:36:44+00:00","dateModified":"2017-07-06T09:21:14+00:00","breadcrumb":{"@id":"https:\/\/www.humanium.org\/es\/copyright\/#breadcrumb"},"inLanguage":"es","potentialAction":[{"@type":"ReadAction","target":["https:\/\/www.humanium.org\/es\/copyright\/"]}]},{"@type":"BreadcrumbList","@id":"https:\/\/www.humanium.org\/es\/copyright\/#breadcrumb","itemListElement":[{"@type":"ListItem","position":1,"name":"Home","item":"https:\/\/www.humanium.org\/es\/"},{"@type":"ListItem","position":2,"name":"Copyright \u00a9 y t\u00e9rminos de uso"}]},{"@type":"WebSite","@id":"https:\/\/www.humanium.org\/es\/#website","url":"https:\/\/www.humanium.org\/es\/","name":"Humanium","description":"\u00a1Los ni\u00f1os primero!","potentialAction":[{"@type":"SearchAction","target":{"@type":"EntryPoint","urlTemplate":"https:\/\/www.humanium.org\/es\/?s={search_term_string}"},"query-input":{"@type":"PropertyValueSpecification","valueRequired":true,"valueName":"search_term_string"}}],"inLanguage":"es"}]}},"_links":{"self":[{"href":"https:\/\/www.humanium.org\/es\/wp-json\/wp\/v2\/pages\/1094","targetHints":{"allow":["GET"]}}],"collection":[{"href":"https:\/\/www.humanium.org\/es\/wp-json\/wp\/v2\/pages"}],"about":[{"href":"https:\/\/www.humanium.org\/es\/wp-json\/wp\/v2\/types\/page"}],"author":[{"embeddable":true,"href":"https:\/\/www.humanium.org\/es\/wp-json\/wp\/v2\/users\/1"}],"replies":[{"embeddable":true,"href":"https:\/\/www.humanium.org\/es\/wp-json\/wp\/v2\/comments?post=1094"}],"version-history":[{"count":1,"href":"https:\/\/www.humanium.org\/es\/wp-json\/wp\/v2\/pages\/1094\/revisions"}],"predecessor-version":[{"id":9948,"href":"https:\/\/www.humanium.org\/es\/wp-json\/wp\/v2\/pages\/1094\/revisions\/9948"}],"wp:attachment":[{"href":"https:\/\/www.humanium.org\/es\/wp-json\/wp\/v2\/media?parent=1094"}],"curies":[{"name":"wp","href":"https:\/\/api.w.org\/{rel}","templated":true}]}}