{"id":11129,"date":"2017-08-12T05:00:52","date_gmt":"2017-08-12T05:00:52","guid":{"rendered":"https:\/\/www.humanium.gives\/es\/?page_id=11129"},"modified":"2025-12-05T18:13:06","modified_gmt":"2025-12-05T18:13:06","slug":"malasia","status":"publish","type":"page","link":"https:\/\/www.humanium.org\/es\/asia-pacifico\/malasia\/","title":{"rendered":"Ni\u00f1os de Malasia"},"content":{"rendered":"<h1>Ni\u00f1os de Malasia<\/h1>\n<h2>Descubriendo los Derechos del Ni\u00f1o en Malasia<\/h2>\n<p style=\"text-align: center;\"><img loading=\"lazy\" decoding=\"async\" class=\"size-thumbnail wp-image-19089 alignnone\" title=\"Ni\u00f1a de Malasia \u00a9 James Chew (flickr)\" src=\"https:\/\/www.humanium.org\/fr\/wp-content\/uploads\/2012\/03\/fillette-malaisienne\u00a9jameschew-150x150.jpg\" alt=\"\" width=\"150\" height=\"150\" \/> <img loading=\"lazy\" decoding=\"async\" class=\"size-thumbnail wp-image-19091 alignnone\" title=\"ni\u00f1o de Malasia \u00a9 James Chew (flickr)\" src=\"https:\/\/www.humanium.org\/fr\/wp-content\/uploads\/2012\/03\/garcon-malaisien\u00a9jameschew-133x150.jpg\" alt=\"\" width=\"133\" height=\"150\" \/><\/p>\n<p>El gobierno de Malasia promueve una imagen del pa\u00eds en la que los diferentes grupos \u00e9tnicos viven en paz y harmon\u00eda. Sin embargo, la realidad es muy diferente. Adem\u00e1s de los problemas que los ni\u00f1os se encuentran como resultado de pertenecer a minor\u00edas \u00e9tnicas o religiosas, de manera general, sus derechos no son respectados correctamente.<\/p>\n<h3>Principales problemas que afectan a los ni\u00f1os en Malasia<\/h3>\n<p><strong><a href=\"https:\/\/www.humanium.org\/es\/pobreza-infantil\/\">Pobreza<\/a><\/strong><\/p>\n<p>Los ni\u00f1os de Malasia sufren condiciones de <a href=\"https:\/\/www.humanium.org\/es\/pobreza-infantil\/\">pobreza<\/a>.De hecho, a\u00fan cuando el pa\u00eds se ha esforzado por mejorar la situaci\u00f3n, UNICEF estima que m\u00e1s de 72.000 ni\u00f1os menores de 15 a\u00f1os viven todav\u00eda en condiciones dif\u00edciles porque no tienen con qu\u00e9 cubrir sus necesidades b\u00e1sicas.<\/p>\n<p>La organizaci\u00f3n trabaja adem\u00e1s en colaboraci\u00f3n con el pa\u00eds para luchar contra la <a href=\"https:\/\/www.humanium.org\/es\/pobreza-infantil\/\">pobreza <\/a>y sus efectos en la vida de los ni\u00f1os.<\/p>\n<p><strong><a href=\"https:\/\/www.humanium.org\/fr\/comprendre\/droit-a-l-education\/\"><img loading=\"lazy\" decoding=\"async\" class=\"alignright wp-image-19096\" title=\"En Malasia, el 90% de los ni\u00f1os van a la escuela \u00a9 Abdul Rahman (flickr)\" src=\"https:\/\/www.humanium.org\/fr\/wp-content\/uploads\/2012\/03\/education\u00a9abdulrahman-150x150.jpg\" alt=\"\" width=\"162\" height=\"162\" \/>Derecho a la educaci\u00f3n<\/a><\/strong><\/p>\n<p>En Malasia, la <a href=\"https:\/\/www.humanium.org\/es\/derecho-educacion\/\">educaci\u00f3n <\/a>es obligatoria de los 6 a los 15 a\u00f1os y las escuelas p\u00fablicas son gratuitas. Las asignaturas se imparten principalmente en malayo y en ingl\u00e9s. Sin embargo, tambi\u00e9n es posible seguir las clases en chino o en tamil.<\/p>\n<p>Cerca del 90% de los ni\u00f1os van a la escuela. No obstante, debido a las diferencias que existen entre las regiones rurales y urbanas, los ni\u00f1os procedentes de regiones rec\u00f3nditas (a menudo de poblaciones ind\u00edgenas) no tienen acceso a la <a href=\"https:\/\/www.humanium.org\/es\/derecho-educacion\/\">educaci\u00f3n<\/a>. Por otro lado, del 90% de los ni\u00f1os que van a la escuela, apenas un 25% termina el instituto.<\/p>\n<p>Tambi\u00e9n es lamentable que los padres que no tienen la ciudadan\u00eda malaya tengan que pagar tasas adicionales para escolarizar a sus hijos.<\/p>\n<p>Por \u00faltimo, a menudo se les priva a las ni\u00f1as del derecho a la <a href=\"https:\/\/www.humanium.org\/es\/derecho-educacion\/\">educaci\u00f3n<\/a> por razones culturales, aunque las pol\u00edticas de escolarizaci\u00f3n han permitido mejorar su situaci\u00f3n, al igual que la igualdad de sexos a este nivel.<\/p>\n<p><strong><a href=\"https:\/\/www.humanium.org\/es\/derecho-identidad\/\">Derecho a la identidad<\/a><\/strong><\/p>\n<p>Las autoridades malayas no autorizan el registro de un ni\u00f1o nacido de padres inmigrantes o solicitantes de asilo. Adem\u00e1s, al intentar registrar a sus hijos, los solicitantes de asilo corren el riesgo de que les detengan por inmigraci\u00f3n ilegal.<\/p>\n<p>Por otro lado, los matrimonios entre musulmanes y no musulmanes oficialmente son considerados nulos, por lo que las parejas que nacen de dichas uniones tienen dificultad para registrar el nacimiento de sus hijos.<\/p>\n<p>Los ni\u00f1os sin certificado de nacimiento son considerado <a href=\"https:\/\/www.humanium.org\/es\/apatridas-invisibles\/\">ap\u00e1tridas<\/a> y ven como sus <a href=\"https:\/\/www.humanium.org\/es\/derecho-identidad\/\">derechos a una identidad<\/a> y a la<a href=\"https:\/\/www.humanium.org\/es\/derecho-educacion\/\">educaci\u00f3n<\/a> son burlados debido a que se les proh\u00edbe la admisi\u00f3n en escuelas p\u00fablicas y privadas.<\/p>\n<p><strong><a href=\"https:\/\/www.humanium.org\/es\/no-discriminacion\/\">Derecho a la no discriminaci\u00f3n<\/a><\/strong><\/p>\n<h4>Discriminaci\u00f3n a los ni\u00f1os de minor\u00edas \u00e9tnicas<\/h4>\n<p>Malasia se compone principalmente de tres etnias: los malayos (60%), los chinos (25%) y los indios (10%).<\/p>\n<p>Hace muchos a\u00f1os, las autoridades malayas desarrollaron un programa de <a href=\"https:\/\/www.humanium.org\/es\/no-discriminacion\/\">discriminaci\u00f3n<\/a> positiva para favorecer de manera injusta a los malayos. Temiendo que las minor\u00edas \u00e9tnicas fueran un obst\u00e1culo para la unidad del pa\u00eds, el Estado ha procurado favorecer a la comunidad malaya en detrimento de las comunidades minoritarias.<\/p>\n<p>Debido a esta pol\u00edtica, los ni\u00f1os procedentes de minor\u00edas chinas, indias u otras, no han tenido acceso a las mismas ventajas que los ni\u00f1os malayos, principalmente a nivel de <a href=\"https:\/\/www.humanium.org\/es\/derecho-educacion\/\">educaci\u00f3n<\/a>.<\/p>\n<h4><img loading=\"lazy\" decoding=\"async\" class=\"alignright size-thumbnail wp-image-19105\" title=\"El Islam es la religi\u00f3n mayoritaria, los ni\u00f1os de las minor\u00edas religiosas sufren discriminaci\u00f3n \u00a9 llariak (flickr)\" src=\"https:\/\/www.humanium.org\/fr\/wp-content\/uploads\/2012\/03\/discrimination\u00a9llariak-150x150.jpg\" alt=\"\" width=\"150\" height=\"150\" \/>Discriminaci\u00f3n a los ni\u00f1os de minor\u00edas religiosas<\/h4>\n<p>En Malasia, el Islam es la religi\u00f3n del Estado. El 60% de los malayos son musulmanes y, aunque las minor\u00edas religiosas no sufren ning\u00fan tipo de persecuci\u00f3n, s\u00ed que son objeto de <a href=\"https:\/\/www.humanium.org\/es\/no-discriminacion\/\">discriminaci\u00f3n<\/a>. De hecho, si bien es cierto que en teor\u00eda se respeta la libertad de culto, en la pr\u00e1ctica, debido a la radicalizaci\u00f3n en Malasia, esto no es as\u00ed. Por ejemplo, las autoridades malayas han confiscado libros cristianos para ni\u00f1os en base a que las ilustraciones de los profetas como Mois\u00e9s y Abraham violan la ley isl\u00e1mica (sharia).<\/p>\n<p>Los hind\u00faes, los cristianos, los budistas y otros grupos religiosos presentes en Malasia se encuentran en una posici\u00f3n cada vez m\u00e1s d\u00e9bil y se les priva de su derecho a practicar libremente su religi\u00f3n.<\/p>\n<h4>Discriminaci\u00f3n a las ni\u00f1as<\/h4>\n<p>La igualdad de sexos no siempre se respeta y las ni\u00f1as no pueden beneficiarse de la misma atenci\u00f3n que se les presta a los ni\u00f1os. Sin embargo, se est\u00e1n haciendo esfuerzos importantes a nivel de escolarizaci\u00f3n para ellas.<\/p>\n<p><strong><a href=\"https:\/\/www.humanium.org\/es\/mutilacion-genital\/\">Mutilaci\u00f3n genital femenina<\/a><\/strong><\/p>\n<p>La <a href=\"https:\/\/www.humanium.org\/es\/mutilacion-genital\/\">mutilaci\u00f3n genital femenina<\/a> (MGF), tambi\u00e9n conocida como circuncisi\u00f3n femenina, a menudo se practica entre los musulmanes malayos. La mayor\u00eda de las veces son practicadas en ni\u00f1os de pocos meses de edad por m\u00e9dicos o por comadronas.<\/p>\n<p>Aunque las <a href=\"https:\/\/www.humanium.org\/es\/mutilacion-genital\/\">mutilaciones genitales<\/a> a menudo se realizan en condiciones m\u00e1s higi\u00e9nicas que en algunos pa\u00edses de \u00c1frica, representan riesgos importantes para la<a href=\"https:\/\/www.humanium.org\/es\/derecho-salud\/\"> salud<\/a> y la vida de las ni\u00f1as. A pesar de la crueldad de este acto, y del intenso dolor que conlleva, se sigue practicando la circuncisi\u00f3n femenina de generaci\u00f3n en generaci\u00f3n debido a las tradiciones culturales.<\/p>\n<p><strong><a href=\"https:\/\/www.humanium.org\/es\/matrimonio-infantil\/\"><img loading=\"lazy\" decoding=\"async\" class=\"alignright size-thumbnail wp-image-19099\" title=\"Los matrimonios infantiles se practican en el pa\u00eds \u00a9 James Chew (flickr)\" src=\"https:\/\/www.humanium.org\/fr\/wp-content\/uploads\/2012\/03\/fillette\u00a9jameschew-150x150.jpg\" alt=\"\" width=\"150\" height=\"150\" \/>Matrimonios infantiles<\/a><\/strong><\/p>\n<p>En la religi\u00f3n isl\u00e1mica, la edad m\u00ednima para contraer matrimonio es de 18 a\u00f1os en el caso de los varones y de 16 a\u00f1os en el caso de las f\u00e9minas. De este modo, los musulmanes menores de 16 a\u00f1os que deseen <a href=\"https:\/\/www.humanium.org\/es\/matrimonio-infantil\/\">casarse<\/a> deben obtener la autorizaci\u00f3n de un tribunal religioso.<\/p>\n<p>Es obligatorio que todos los musulmanes que quieran casarse se sometan a una prueba del VIH\/SIDA antes del matrimonio. Esta es la raz\u00f3n por la que el gobierno ha registrado un gran n\u00famero de ni\u00f1os con la intenci\u00f3n de casarse. Sin embargo, parece que el tribunal religioso es cada vez m\u00e1s estricto a la hora de dar su aprobaci\u00f3n y los matrimonios infantiles son por lo tanto cada vez menos frecuentes que anta\u00f1o.<\/p>\n<p>Tras la celebraci\u00f3n p\u00fablica de un <a href=\"https:\/\/www.humanium.org\/es\/matrimonio-infantil\/\">matrimonio<\/a> ntre una joven de 14 a\u00f1os y un profesor de 23 en diciembre de 2010, se ha abierto un debate en el pa\u00eds sobre el matrimonio de los menores. La Ministra de mujeres, familia y desarrollo entonces declar\u00f3 que el <a href=\"hhttps:\/\/www.humanium.org\/es\/matrimonio-infantil\/\">matrimonio entre menores<\/a>. era moral y socialmente inaceptable.<\/p>\n<p><strong><a href=\"https:\/\/www.humanium.org\/es\/ninos-sida\/\">SIDA<\/a><\/strong><\/p>\n<p>A pesar de los esfuerzos realizados por el pa\u00eds en cuanto a prevenci\u00f3n, el <a href=\"https:\/\/www.humanium.org\/es\/ninos-sida\/\">VIH\/SIDA<\/a> est\u00e1 aumentando el Malasia y los recursos existentes no son suficientes para hacer frente a los problemas derivados.<\/p>\n<p>El comit\u00e9 de derechos de los ni\u00f1os est\u00e1 alarmado en cuanto al n\u00famero creciente de <a href=\"https:\/\/www.humanium.org\/es\/ninos-sida\/\">hu\u00e9rfanos del SIDA<\/a> y espera que se implementen programas de protecci\u00f3n y de ayuda para poder ayudarles.<\/p>\n<p>Ser\u00eda igualmente juicioso implementar programas a nivel nacional para sensibilizar a la poblaci\u00f3n sobre los medios existentes para protegerse contra <a href=\"https:\/\/www.humanium.org\/es\/ninos-sida\/\">este virus<\/a>. De hecho, <a href=\"https:\/\/www.humanium.org\/es\/ninos-sida\/\">el SIDA<\/a> sigue siendo un tema cultural y religiosamente muy sensible en Malasia, lo que impide la puesta en marcha de una buena pol\u00edtica de comunicaci\u00f3n para su prevenci\u00f3n, tanto para los adultos como para los ni\u00f1os.<\/p>\n<p><strong><a href=\"https:\/\/www.humanium.org\/es\/abuso-infantil\/\"><img loading=\"lazy\" decoding=\"async\" class=\"alignright size-thumbnail wp-image-19100\" title=\"Los ni\u00f1os son a menudo v\u00edctimas de la violencia \u00a9 Salmannas (flickr)\" src=\"https:\/\/www.humanium.org\/fr\/wp-content\/uploads\/2012\/03\/identite\u00a9salmannas-150x150.jpg\" alt=\"\" width=\"150\" height=\"150\" \/>Ni\u00f1os v\u00edctima de la violencia<\/a><\/strong><\/p>\n<p>En Malasia, no est\u00e1 prohibida la <a href=\"https:\/\/www.humanium.org\/es\/abuso-infantil\/\">tortura<\/a>Como castigo complementario a la c\u00e1rcel, el derecho penal prev\u00e9 tambi\u00e9n los golpes (el hecho de ser azotado). Este castigo se practica en los hombres adultos y tambi\u00e9n en los ni\u00f1os peque\u00f1os que tienen como m\u00ednimo 10 a\u00f1os, siempre que se trate de delitos no violentos. En el caso de los ni\u00f1os, el castigo consiste en 10 golpes dados con una peque\u00f1a vara de mimbre. Por su parte, en algunos estados, a las mujeres y a las ni\u00f1as se les dispensa de estas pr\u00e1cticas.<\/p>\n<p><strong>Pena de muerte de ni\u00f1os<\/strong><\/p>\n<p>Desgraciadamente, la <a href=\"https:\/\/www.humanium.org\/es\/derecho-vida\/\">pena de muerte<\/a> aplicada a los ni\u00f1os tambi\u00e9n es legal en este pa\u00eds, lo que evidentemente atenta contra el <a href=\"https:\/\/www.humanium.org\/es\/derecho-vida\/\">derecho a la vida<\/a>. Sin embargo, la Constituci\u00f3n s\u00f3lo la prev\u00e9 para ciertos delitos: un ni\u00f1o puede ser efectivamente condenado a la pena de muerte si comente un acto que va en contra de la seguridad. Estos actos incluyen la utilizaci\u00f3n de armas de fuego, de munici\u00f3n o de explosivos, la alteraci\u00f3n a la seguridad interna y del orden p\u00fablico y el terrorismo. Sin embargo, desde hace a\u00f1os no se ha aplicado la pena de muerte a menores.<\/p>\n<p><strong>Cadena perpetua<\/strong><\/p>\n<p>Para aquellos delitos en los que no se aplica la <a href=\"https:\/\/www.humanium.org\/es\/derecho-vida\/\">pena de muerte<\/a> en el caso de ni\u00f1os, la cadena perpetua se ha convertido en la soluci\u00f3n alternativa.<\/p>\n<p>En principio, los ni\u00f1os menores de 14 de a\u00f1os no pueden ser condenados de por vida. Sin embargo, si se les asocia con personas que poseen armas de fuego o explosivos, que hayan alterado la seguridad interna o el orden p\u00fablico o que est\u00e9n vinculadas con actos de terrorismo, los ni\u00f1os pueden ser condenados a permanecer en prisi\u00f3n de por vida.<\/p>\n<p><strong>Explotaci\u00f3n sexual<\/strong><\/p>\n<h3>Prostituci\u00f3n infantil<\/h3>\n<p><img loading=\"lazy\" decoding=\"async\" class=\"alignright size-thumbnail wp-image-19102\" title=\"La explotaci\u00f3n sexual de los ni\u00f1os est\u00e1 muy extendido en Malasia \u00a9 Wjboyz\" src=\"https:\/\/www.humanium.org\/fr\/wp-content\/uploads\/2012\/03\/exploitation-sexuelle\u00a9wjboyz-150x150.jpg\" alt=\"\" width=\"150\" height=\"150\" \/>En las regiones rurales, es frecuente la <a href=\"https:\/\/www.humanium.org\/es\/explotacion-sexual-infantil\/\">explotaci\u00f3n sexual de los ni\u00f1os<\/a> Aquellos ni\u00f1os que viven o trabajan en la calle a menudo son v\u00edctimas de esta explotaci\u00f3n. Malasia es el destino de muchas mujeres y ni\u00f1as procedentes de Indonesia, de Tailandia, de Filipinas, de Camboya, de Vietnam, de Myanmar, de Mongolia o de China. Aunque pensaban encontrar un trabajo apropiado o acceder a una vida mejor la mayor parte de ellas se ven obligadas a ejercer la <a href=\"https:\/\/www.humanium.org\/es\/prostitucion-infantil\/\">prostituci\u00f3n<\/a>.<\/p>\n<p>El <a href=\"https:\/\/www.humanium.org\/es\/trata-ninos\/\">tr\u00e1fico de ni\u00f1os<\/a> es por lo tanto muy frecuente en el pa\u00eds y alimenta la <a href=\"https:\/\/www.humanium.org\/es\/explotacion-sexual-infantil\/\">explotaci\u00f3n sexual<\/a> de ni\u00f1os con fines comerciales.<\/p>\n<p>Los <a href=\"https:\/\/www.humanium.org\/es\/prostitucion-infantil\/\">ni\u00f1os que se prostituyen<\/a> son considerados con m\u00e1s cada vez frecuencia delincuentes o inmigrantes ilegales y no lo que son en realidad: v\u00edctimas.<\/p>\n<h3>Abusos sexuales<\/h3>\n<p>En Malasia es com\u00fan que en el seno de su propia familia, los ni\u00f1os sean v\u00edctimas de <a href=\"https:\/\/www.humanium.org\/es\/explotacion-sexual-infantil\/\">abusos sexuales<\/a> perpetuados por un miembro de su familia. Esto se llama incesto.<\/p>\n<p>La Ley prev\u00e9 una pena de entre 6 y 20 a\u00f1os de c\u00e1rcel y golpes de bast\u00f3n para las personas condenadas por incesto. Sin embargo, no se acepta el testimonio de los ni\u00f1os si no existen pruebas de ello. Ahora bien, la mayor\u00eda del tiempo, el ni\u00f1o es el \u00fanico testigo de los actos que ha sufrido.<\/p>\n<p><strong><a href=\"https:\/\/www.humanium.org\/es\/trabajo-infantil\/\">Trabajo infantil<\/a><\/strong><\/p>\n<p>La ley proh\u00edbe <a href=\"https:\/\/www.humanium.org\/es\/trabajo-infantil\/\">trabajar<\/a>, a los ni\u00f1os menores de 14 a\u00f1os, aunque s\u00ed que se les autoriza a participar en las empresas familiares. Tambi\u00e9n es legal que los ni\u00f1os <a href=\"https:\/\/www.humanium.org\/es\/trabajo-infantil\/\">trabajen<\/a> n actividades relacionadas con la diversi\u00f3n p\u00fablica, para el gobierno dentro de las escuelas o como aprendices.<\/p>\n<p>En ning\u00fan caso debe un ni\u00f1o trabajar m\u00e1s de 6 horas al d\u00eda, m\u00e1s de 6 d\u00edas a la semana o por las noches. Sin embargo, estos requisitos son ya bastante exigentes y van en contra de los intereses de los ni\u00f1os.<\/p>\n<p><strong><a href=\"https:\/\/www.humanium.org\/es\/ninos-calle\/\"><img loading=\"lazy\" decoding=\"async\" class=\"alignright size-thumbnail wp-image-19086\" title=\"En Malasia, muchos ni\u00f1os viven en las calles y tienen que mendigar para sobrevivir \u00a9 En Shahdi (flickr)\" src=\"https:\/\/www.humanium.org\/fr\/wp-content\/uploads\/2012\/03\/street-child\u00a9en-shahdi-150x150.jpg\" alt=\"\" width=\"150\" height=\"150\" \/>Ni\u00f1os de las calles<\/a><\/strong><\/p>\n<p>En el centro del estado de Sabah, cerca de 15000 ni\u00f1os nacen de padres en situaciones ilegales de inmigraci\u00f3n y viven en la calle. Estos ni\u00f1os <a href=\"https:\/\/www.humanium.org\/es\/apatridas-invisibles\/\">no tienen la ciudadan\u00eda<\/a> porque, seg\u00fan la ley, no pueden sus nacimientos no pueden ser registrados.<\/p>\n<p>Tampoco tienen acceso a ninguna ayuda del gobierno y a menudo son v\u00edctimas de <a href=\"https:\/\/www.humanium.org\/es\/trata-ninos\/\">tr\u00e1fico<\/a> de personas. Se les fuerza a la <a href=\"https:\/\/www.humanium.org\/es\/prostitucion-infantil\/\">prostituci\u00f3n<\/a>, a participar en actividades delictivas o a <a href=\"https:\/\/www.humanium.org\/es\/trabajo-infantil\/\">trabajar<\/a> trabajar para cubrir sus necesidades.<\/p>\n<p>Los <a href=\"https:\/\/www.humanium.org\/es\/ninos-desplazados\/\">ni\u00f1os refugiados <\/a>y sus familias se encuentran en una situaci\u00f3n m\u00e1s o menos similar a la de los ni\u00f1os de la calle. De hecho, no son bien acogidos, incluso reciben menos protecci\u00f3n y no tienen acceso a la <a href=\"https:\/\/www.humanium.org\/es\/derecho-educacion\/\">educaci\u00f3n<\/a>. A menudo son objeto de <a href=\"https:\/\/www.humanium.org\/es\/trata-ninos\/\">tr\u00e1fico <\/a>de menores y se les convierte en esclavos.<\/p>\n<p>Malasia no ha ratificado el Convenio de los Refugiados, ni su protocolo, ni dispone tampoco de un sistema jur\u00eddico de protecci\u00f3n a los refugiados. Debido a esto, los refugiados pueden ser expulsados y devueltos a sus pa\u00edses de origen incluso si sus vidas est\u00e1n en peligro.<\/p>\n","protected":false},"excerpt":{"rendered":"<p>Ni\u00f1os de Malasia Descubriendo los Derechos del Ni\u00f1o en Malasia El gobierno de Malasia promueve una imagen del pa\u00eds en la que los diferentes grupos \u00e9tnicos viven en paz y harmon\u00eda. Sin embargo, la realidad es muy diferente. Adem\u00e1s de los problemas que los ni\u00f1os se encuentran como resultado de pertenecer a minor\u00edas \u00e9tnicas o [&hellip;]<\/p>\n","protected":false},"author":1,"featured_media":0,"parent":830,"menu_order":0,"comment_status":"closed","ping_status":"closed","template":"","meta":{"footnotes":""},"class_list":["post-11129","page","type-page","status-publish","hentry"],"yoast_head":"<!-- This site is optimized with the Yoast SEO plugin v26.5 - https:\/\/yoast.com\/wordpress\/plugins\/seo\/ -->\n<title>Ni\u00f1os de Malasia - Humanium<\/title>\n<meta name=\"description\" content=\"El gobierno de Malasia promueve una imagen del pa\u00eds en la que los diferentes grupos \u00e9tnicos viven en paz y harmon\u00eda.\" \/>\n<meta name=\"robots\" content=\"index, follow, max-snippet:-1, max-image-preview:large, max-video-preview:-1\" \/>\n<link rel=\"canonical\" href=\"https:\/\/www.humanium.org\/es\/asia-pacifico\/malasia\/\" \/>\n<meta property=\"og:locale\" content=\"es_ES\" \/>\n<meta property=\"og:type\" content=\"article\" \/>\n<meta property=\"og:title\" content=\"Ni\u00f1os de Malasia - Humanium\" \/>\n<meta property=\"og:description\" content=\"El gobierno de Malasia promueve una imagen del pa\u00eds en la que los diferentes grupos \u00e9tnicos viven en paz y harmon\u00eda.\" \/>\n<meta property=\"og:url\" content=\"https:\/\/www.humanium.org\/es\/asia-pacifico\/malasia\/\" \/>\n<meta property=\"og:site_name\" content=\"Humanium\" \/>\n<meta property=\"article:modified_time\" content=\"2025-12-05T18:13:06+00:00\" \/>\n<meta name=\"twitter:card\" content=\"summary_large_image\" \/>\n<meta name=\"twitter:label1\" content=\"Tiempo de lectura\" \/>\n\t<meta name=\"twitter:data1\" content=\"11 minutos\" \/>\n<script type=\"application\/ld+json\" class=\"yoast-schema-graph\">{\"@context\":\"https:\/\/schema.org\",\"@graph\":[{\"@type\":\"WebPage\",\"@id\":\"https:\/\/www.humanium.org\/es\/asia-pacifico\/malasia\/\",\"url\":\"https:\/\/www.humanium.org\/es\/asia-pacifico\/malasia\/\",\"name\":\"Ni\u00f1os de Malasia - Humanium\",\"isPartOf\":{\"@id\":\"https:\/\/www.humanium.org\/es\/#website\"},\"datePublished\":\"2017-08-12T05:00:52+00:00\",\"dateModified\":\"2025-12-05T18:13:06+00:00\",\"description\":\"El gobierno de Malasia promueve una imagen del pa\u00eds en la que los diferentes grupos \u00e9tnicos viven en paz y harmon\u00eda.\",\"breadcrumb\":{\"@id\":\"https:\/\/www.humanium.org\/es\/asia-pacifico\/malasia\/#breadcrumb\"},\"inLanguage\":\"es\",\"potentialAction\":[{\"@type\":\"ReadAction\",\"target\":[\"https:\/\/www.humanium.org\/es\/asia-pacifico\/malasia\/\"]}]},{\"@type\":\"BreadcrumbList\",\"@id\":\"https:\/\/www.humanium.org\/es\/asia-pacifico\/malasia\/#breadcrumb\",\"itemListElement\":[{\"@type\":\"ListItem\",\"position\":1,\"name\":\"Home\",\"item\":\"https:\/\/www.humanium.org\/es\/\"},{\"@type\":\"ListItem\",\"position\":2,\"name\":\"Asia y Pac\u00edfico\",\"item\":\"https:\/\/www.humanium.org\/es\/asia-pacifico\/\"},{\"@type\":\"ListItem\",\"position\":3,\"name\":\"Ni\u00f1os de Malasia\"}]},{\"@type\":\"WebSite\",\"@id\":\"https:\/\/www.humanium.org\/es\/#website\",\"url\":\"https:\/\/www.humanium.org\/es\/\",\"name\":\"Humanium\",\"description\":\"\u00a1Los ni\u00f1os primero!\",\"potentialAction\":[{\"@type\":\"SearchAction\",\"target\":{\"@type\":\"EntryPoint\",\"urlTemplate\":\"https:\/\/www.humanium.org\/es\/?s={search_term_string}\"},\"query-input\":{\"@type\":\"PropertyValueSpecification\",\"valueRequired\":true,\"valueName\":\"search_term_string\"}}],\"inLanguage\":\"es\"}]}<\/script>\n<!-- \/ Yoast SEO plugin. -->","yoast_head_json":{"title":"Ni\u00f1os de Malasia - Humanium","description":"El gobierno de Malasia promueve una imagen del pa\u00eds en la que los diferentes grupos \u00e9tnicos viven en paz y harmon\u00eda.","robots":{"index":"index","follow":"follow","max-snippet":"max-snippet:-1","max-image-preview":"max-image-preview:large","max-video-preview":"max-video-preview:-1"},"canonical":"https:\/\/www.humanium.org\/es\/asia-pacifico\/malasia\/","og_locale":"es_ES","og_type":"article","og_title":"Ni\u00f1os de Malasia - Humanium","og_description":"El gobierno de Malasia promueve una imagen del pa\u00eds en la que los diferentes grupos \u00e9tnicos viven en paz y harmon\u00eda.","og_url":"https:\/\/www.humanium.org\/es\/asia-pacifico\/malasia\/","og_site_name":"Humanium","article_modified_time":"2025-12-05T18:13:06+00:00","twitter_card":"summary_large_image","twitter_misc":{"Tiempo de lectura":"11 minutos"},"schema":{"@context":"https:\/\/schema.org","@graph":[{"@type":"WebPage","@id":"https:\/\/www.humanium.org\/es\/asia-pacifico\/malasia\/","url":"https:\/\/www.humanium.org\/es\/asia-pacifico\/malasia\/","name":"Ni\u00f1os de Malasia - Humanium","isPartOf":{"@id":"https:\/\/www.humanium.org\/es\/#website"},"datePublished":"2017-08-12T05:00:52+00:00","dateModified":"2025-12-05T18:13:06+00:00","description":"El gobierno de Malasia promueve una imagen del pa\u00eds en la que los diferentes grupos \u00e9tnicos viven en paz y harmon\u00eda.","breadcrumb":{"@id":"https:\/\/www.humanium.org\/es\/asia-pacifico\/malasia\/#breadcrumb"},"inLanguage":"es","potentialAction":[{"@type":"ReadAction","target":["https:\/\/www.humanium.org\/es\/asia-pacifico\/malasia\/"]}]},{"@type":"BreadcrumbList","@id":"https:\/\/www.humanium.org\/es\/asia-pacifico\/malasia\/#breadcrumb","itemListElement":[{"@type":"ListItem","position":1,"name":"Home","item":"https:\/\/www.humanium.org\/es\/"},{"@type":"ListItem","position":2,"name":"Asia y Pac\u00edfico","item":"https:\/\/www.humanium.org\/es\/asia-pacifico\/"},{"@type":"ListItem","position":3,"name":"Ni\u00f1os de Malasia"}]},{"@type":"WebSite","@id":"https:\/\/www.humanium.org\/es\/#website","url":"https:\/\/www.humanium.org\/es\/","name":"Humanium","description":"\u00a1Los ni\u00f1os primero!","potentialAction":[{"@type":"SearchAction","target":{"@type":"EntryPoint","urlTemplate":"https:\/\/www.humanium.org\/es\/?s={search_term_string}"},"query-input":{"@type":"PropertyValueSpecification","valueRequired":true,"valueName":"search_term_string"}}],"inLanguage":"es"}]}},"_links":{"self":[{"href":"https:\/\/www.humanium.org\/es\/wp-json\/wp\/v2\/pages\/11129","targetHints":{"allow":["GET"]}}],"collection":[{"href":"https:\/\/www.humanium.org\/es\/wp-json\/wp\/v2\/pages"}],"about":[{"href":"https:\/\/www.humanium.org\/es\/wp-json\/wp\/v2\/types\/page"}],"author":[{"embeddable":true,"href":"https:\/\/www.humanium.org\/es\/wp-json\/wp\/v2\/users\/1"}],"replies":[{"embeddable":true,"href":"https:\/\/www.humanium.org\/es\/wp-json\/wp\/v2\/comments?post=11129"}],"version-history":[{"count":3,"href":"https:\/\/www.humanium.org\/es\/wp-json\/wp\/v2\/pages\/11129\/revisions"}],"predecessor-version":[{"id":20710,"href":"https:\/\/www.humanium.org\/es\/wp-json\/wp\/v2\/pages\/11129\/revisions\/20710"}],"up":[{"embeddable":true,"href":"https:\/\/www.humanium.org\/es\/wp-json\/wp\/v2\/pages\/830"}],"wp:attachment":[{"href":"https:\/\/www.humanium.org\/es\/wp-json\/wp\/v2\/media?parent=11129"}],"curies":[{"name":"wp","href":"https:\/\/api.w.org\/{rel}","templated":true}]}}