{"id":1116,"date":"2013-05-10T16:31:33","date_gmt":"2013-05-10T16:31:33","guid":{"rendered":"http:\/\/www.humanium.org\/es\/?page_id=1116"},"modified":"2025-12-05T17:48:39","modified_gmt":"2025-12-05T17:48:39","slug":"tuvalu","status":"publish","type":"page","link":"https:\/\/www.humanium.org\/es\/tuvalu\/","title":{"rendered":"Ni\u00f1os de Tuvalu"},"content":{"rendered":"<h1>Los ni\u00f1os de Tuvalu<\/h1>\n<h2>Descubriendo los derechos del ni\u00f1o en Tuvalu<\/h2>\n<p style=\"text-align: center;\"><img loading=\"lazy\" decoding=\"async\" class=\"wp-image-27202 alignnone\" title=\"ni\u00f1a de Tuvalu \u00a9 Joe Strangelight (flickr)\" src=\"https:\/\/www.humanium.org\/fr\/wp-content\/uploads\/2012\/11\/Joe-Strangelight-girl3-300x199.jpg\" alt=\"\" width=\"265\" height=\"175\" \/><a href=\"https:\/\/www.humanium.org\/fr\/wp-content\/uploads\/2012\/11\/Helena-Jinx-boy2.jpg\"><img loading=\"lazy\" decoding=\"async\" class=\"alignnone wp-image-27203\" title=\"ni\u00f1o de Tuvalu \u00a9 Helena Jinx (flickr)\" src=\"https:\/\/www.humanium.org\/fr\/wp-content\/uploads\/2012\/11\/Helena-Jinx-boy2-300x225.jpg\" alt=\"\" width=\"233\" height=\"175\" \/><\/a><\/p>\n<p>Tuvalu, Estado y archipi\u00e9lago de la Polinesia, resulta id\u00edlico para muchas personas. Sin embargo, esa imagen paradis\u00edaca no se corresponde con el verdadero peligro que constituye el cambio clim\u00e1tico. A pesar de una mejora patente de la situaci\u00f3n de los derechos del ni\u00f1o en el archipi\u00e9lago, \u00e9sta a\u00fan no es perfecta. El progreso en materia de educaci\u00f3n b\u00e1sica y asistencia sanitaria a\u00fan deja mucho que desear y es preciso hacer frente a grandes retos en cuesti\u00f3n de desarrollo.<\/p>\n<h3>Principales problemas que afectan a los ni\u00f1os en Tuvalu:<\/h3>\n<p><strong>Cambio clim\u00e1tico<\/strong><\/p>\n<p><a href=\"https:\/\/www.humanium.org\/fr\/wp-content\/uploads\/2012\/11\/350.org-Tuvalu.jpg\"><img loading=\"lazy\" decoding=\"async\" class=\"alignright size-medium wp-image-27136\" title=\"350.org - Tuvalu\" src=\"https:\/\/www.humanium.org\/fr\/wp-content\/uploads\/2012\/11\/350.org-Tuvalu-300x225.jpg\" alt=\"\" width=\"300\" height=\"225\" \/><\/a>Tras la Conferencia celebrada en Copenhague en 2009, Tuvalu pas\u00f3 a ser el s\u00edmbolo internacional de las consecuencias del cambio clim\u00e1tico.<\/p>\n<p>Uno de los principales problemas a los que se enfrentan los ni\u00f1os en Tuvalu en la actualidad est\u00e1 directamente relacionado con el calentamiento global y el aumento del nivel del mar, pues sufren en primera persona sus consecuencias. Son los \u201cni\u00f1os del cambio clim\u00e1tico\u201d: la primera generaci\u00f3n que se ha visto obligada a enfrentarse a la posibilidad real de perder su pa\u00eds a causa del aumento del nivel del mar, lo cual har\u00eda de estos ni\u00f1os futuros refugiados clim\u00e1ticos.<\/p>\n<p>D\u00eda a d\u00eda, estos ni\u00f1os est\u00e1n viendo c\u00f3mo desaparecen sus playas. Las olas arrancan de ra\u00edz palmeras enteras en las islas y el arrecife de coral se va deteriorando cada vez m\u00e1s. Seg\u00fan algunos expertos, para el a\u00f1o 2050 las islas de Tuvalu habr\u00e1n desaparecido.<\/p>\n<p><img loading=\"lazy\" decoding=\"async\" class=\"alignright size-full wp-image-27205\" title=\"Kids playing in the waves, the day after the storm on Funafuti - Tuvalu \u00a9 Ecoflo (flickr)\" src=\"https:\/\/www.humanium.org\/fr\/wp-content\/uploads\/2012\/11\/Kids-playing-in-the-waves-the-day-after-the-storm-on-FunafutiTuvalu-Ecoflo.jpg\" alt=\"\" width=\"240\" height=\"160\" \/>La La realidad que viven los ni\u00f1os de Tuvalu hoy en d\u00eda resulta inquietante: <a href=\"https:\/\/www.humanium.org\/es\/derecho-agua\/\">el agua <\/a> potable cada vez es m\u00e1s escasa y es necesario importarla. Para satisfacer sus necesidades, los habitantes de Tuvalu dependen completamente del almacenamiento de agua de lluvia<\/p>\n<p>En el \u00e1mbito agr\u00edcola, el cultivo de vegetales tradicionales (pulaka y taro) es cada vez m\u00e1s complicado puesto que las tierras presentan una concentraci\u00f3n de sal cada vez mayor<\/p>\n<p>El nivel del mar contin\u00faa ascendiendo .<\/p>\n<p>Asimismo, son m\u00e1s frecuentes los casos de enfermedades transmitidas a trav\u00e9s del agua, as\u00ed como de epidemias, debido a las inundaciones originadas por mareas altas o ciclones.<\/p>\n<p>La biodiversidad est\u00e1 amenazada, sobre todo los arrecifes de coral y la fauna y flora marinas. Es preciso proteger estos ecosistemas fr\u00e1giles para evitar la extinci\u00f3n de las especies.<\/p>\n<p>Adem\u00e1s, el aumento de las temperaturas de las aguas oce\u00e1nicas puede conllevar una reducci\u00f3n considerable de moluscos y peces. Si se tiene en cuenta que los isle\u00f1os consumen de media 500 gramos de pescado por persona y por d\u00eda, una disminuci\u00f3n de dicho recurso tendr\u00eda consecuencias desastrosas no solo en las fuentes de alimentaci\u00f3n sino tambi\u00e9n en el desarrollo de los ni\u00f1os.<\/p>\n<p>El cambio clim\u00e1tico, que ha pasado a ser algo habitual en las vidas de los ni\u00f1os de Tuvalu, pone en peligro los propios pilares que sustentan la vida humana. Amenaza la salud y el entorno natural de los isle\u00f1os, pues perjudica su acceso al agua, a los alimentos y a las tierras.<\/p>\n<p><strong>Educaci\u00f3n<\/strong><\/p>\n<p>El Estado de Tuvalu dirige la educaci\u00f3n hacia el desarrollo. Se han realizado importantes avances a favor de los ni\u00f1os desde 2002, principalmente en lo que concierne a la mejora de la calidad de la ense\u00f1anza.<\/p>\n<p>En 1991 comenzaron las reformas en educaci\u00f3n, con algunas intr\u00e9pidas iniciativas: la duraci\u00f3n de la ense\u00f1anza primaria pas\u00f3 de seis a ocho a\u00f1os; tras \u00e9sta, los ni\u00f1os continuar\u00edan con la educaci\u00f3n secundaria obligatoria, de dos a\u00f1os de duraci\u00f3n, sin necesidad de aprobar un examen de acceso.<\/p>\n<p><strong><a href=\"https:\/\/www.humanium.org\/fr\/wp-content\/uploads\/2012\/11\/UKinFiji.jpg\"><img loading=\"lazy\" decoding=\"async\" class=\"alignright wp-image-27206\" title=\"Children at the Nauti School \u00a9UKinFiji (flickr)\" src=\"https:\/\/www.humanium.org\/fr\/wp-content\/uploads\/2012\/11\/UKinFiji.jpg\" alt=\"\" width=\"240\" height=\"160\" \/><\/a><\/strong>La ense\u00f1anza secundaria superior es accesible para aquellos que tienen tanto la capacidad como la voluntad de proseguir sus estudios. El plan de estudios se reorganiz\u00f3 completamente a fin de garantizar que se mantuviesen los valores culturales y la lengua de Tuvalu, y de dar con un equilibrio entre las disciplinas acad\u00e9micas y t\u00e9cnicas.<\/p>\n<p>Tuvalu se divide en 9 islas y atolones. Es f\u00e1cil imaginarse las dificultades que plantea la geograf\u00eda de una isla en materia de disponibilidad de profesores, edificios y materiales.<\/p>\n<p>A pesar de esto, en Tuvalu la educaci\u00f3n es obligatoria para todos los ni\u00f1os de entre 6 y 16 a\u00f1os. La educaci\u00f3n primaria es gratuita. Hay doce escuelas primarias, nueve p\u00fablicas gratuitas y tres religiosas que requieren el pago de una peque\u00f1a suma como matr\u00edcula.<\/p>\n<p>Sin embargo, hay determinados problemas que prevalecen.<\/p>\n<p>Los est\u00e1ndares y el \u00edndice de alfabetismo en las escuelas primarias var\u00edan significativamente de un colegio a otro. Estas divergencias est\u00e1n ligadas al hecho de que los profesores no siempre est\u00e1n lo suficientemente cualificados, a la falta de recursos y a la falta de motivaci\u00f3n tanto de estudiantes como de docentes. El 83% de los profesores de primaria y secundaria reciben su formaci\u00f3n en centros regionales ubicados en Fiji, Samoa y Tonga.<\/p>\n<p>La escuela primaria de la capital se ve desbordada: cuenta con 630 alumnos para tan s\u00f3lo 19 profesores.<\/p>\n<p>Adem\u00e1s, Tuvalu s\u00f3lo tiene dos escuelas secundarias en las islas de Funafati y Vaitupu, lo que significa que todos los ni\u00f1os que viven en otras partes del pa\u00eds deben dejar sus hogares y vivir en residencias.<\/p>\n<p><a href=\"https:\/\/www.humanium.org\/es\/derecho-salud\/\"><strong>Salud<\/strong><\/a><\/p>\n<p>Seg\u00fan un informe publicado por el PNUD en 2011, la esperanza de vida en Tuvalu era de 67,2 a\u00f1os y la tasa de mortalidad infantil de los menores de 5 a\u00f1os era de 35 por cada 1000 nacimientos en ese a\u00f1o.<\/p>\n<p>Algunos problemas de salud contin\u00faan siendo una prioridad debido a la magnitud de su impacto en la sociedad, especialmente en los ni\u00f1os. El aumento de los casos de diabetes infantil y el incremento de los efectos negativos del VIH y del <a href=\"https:\/\/www.humanium.org\/es\/ninos-sida\/\"> sida <\/a>en las familias son dos ejemplos.<\/p>\n<p><strong>Pobreza<\/strong><\/p>\n<p>A pesar de que <strong><a href=\"https:\/\/www.humanium.org\/fr\/wp-content\/uploads\/2012\/11\/joe-strangelight.jpg\"><img loading=\"lazy\" decoding=\"async\" class=\"alignright size-full wp-image-27207\" title=\"\u00a9 Joe Strangelight (flickr)\" src=\"https:\/\/www.humanium.org\/fr\/wp-content\/uploads\/2012\/11\/joe-strangelight.jpg\" alt=\"\" width=\"240\" height=\"160\" \/><\/a><\/strong>el \u00edndice de pobreza absoluta es muy bajo en la isla, existen grandes desigualdades en todo el territorio en materia de los ingresos familiares. Los ni\u00f1os que provienen de familias pobres son los primeros en sufrir discriminaci\u00f3n, casos de abandono escolar y problemas de salud.<\/p>\n<p>En Tuvalu, la mejora del bienestar de los ni\u00f1os no constituye el problema de una sola persona, sino que concierne a toda la sociedad en su conjunto. Uno de los numerosos retos a los que debe enfrentarse Tuvalu es la mejora de la coordinaci\u00f3n entre los diversos ministerios y departamentos implicados en las cuestiones que afectan a los ni\u00f1os.<\/p>\n","protected":false},"excerpt":{"rendered":"<p>Los ni\u00f1os de Tuvalu Descubriendo los derechos del ni\u00f1o en Tuvalu Tuvalu, Estado y archipi\u00e9lago de la Polinesia, resulta id\u00edlico para muchas personas. Sin embargo, esa imagen paradis\u00edaca no se corresponde con el verdadero peligro que constituye el cambio clim\u00e1tico. A pesar de una mejora patente de la situaci\u00f3n de los derechos del ni\u00f1o en [&hellip;]<\/p>\n","protected":false},"author":1,"featured_media":0,"parent":0,"menu_order":0,"comment_status":"closed","ping_status":"open","template":"","meta":{"footnotes":""},"class_list":["post-1116","page","type-page","status-publish","hentry"],"yoast_head":"<!-- This site is optimized with the Yoast SEO plugin v26.5 - https:\/\/yoast.com\/wordpress\/plugins\/seo\/ -->\n<title>Ni\u00f1os de Tuvalu - Humanium<\/title>\n<meta name=\"description\" content=\"A pesar de una gran mejora patente de la situaci\u00f3n de los derechos del ni\u00f1o en Tuvalu, \u00e9sta a\u00fan esta lejos de ser perfecta.\" \/>\n<meta name=\"robots\" content=\"index, follow, max-snippet:-1, max-image-preview:large, max-video-preview:-1\" \/>\n<link rel=\"canonical\" href=\"https:\/\/www.humanium.org\/es\/tuvalu\/\" \/>\n<meta property=\"og:locale\" content=\"es_ES\" \/>\n<meta property=\"og:type\" content=\"article\" \/>\n<meta property=\"og:title\" content=\"Ni\u00f1os de Tuvalu - Humanium\" \/>\n<meta property=\"og:description\" content=\"A pesar de una gran mejora patente de la situaci\u00f3n de los derechos del ni\u00f1o en Tuvalu, \u00e9sta a\u00fan esta lejos de ser perfecta.\" \/>\n<meta property=\"og:url\" content=\"https:\/\/www.humanium.org\/es\/tuvalu\/\" \/>\n<meta property=\"og:site_name\" content=\"Humanium\" \/>\n<meta property=\"article:modified_time\" content=\"2025-12-05T17:48:39+00:00\" \/>\n<meta name=\"twitter:card\" content=\"summary_large_image\" \/>\n<meta name=\"twitter:label1\" content=\"Tiempo de lectura\" \/>\n\t<meta name=\"twitter:data1\" content=\"7 minutos\" \/>\n<script type=\"application\/ld+json\" class=\"yoast-schema-graph\">{\"@context\":\"https:\/\/schema.org\",\"@graph\":[{\"@type\":\"WebPage\",\"@id\":\"https:\/\/www.humanium.org\/es\/tuvalu\/\",\"url\":\"https:\/\/www.humanium.org\/es\/tuvalu\/\",\"name\":\"Ni\u00f1os de Tuvalu - Humanium\",\"isPartOf\":{\"@id\":\"https:\/\/www.humanium.org\/es\/#website\"},\"primaryImageOfPage\":{\"@id\":\"https:\/\/www.humanium.org\/es\/tuvalu\/#primaryimage\"},\"image\":{\"@id\":\"https:\/\/www.humanium.org\/es\/tuvalu\/#primaryimage\"},\"thumbnailUrl\":\"https:\/\/www.humanium.org\/fr\/wp-content\/uploads\/2012\/11\/Joe-Strangelight-girl3-300x199.jpg\",\"datePublished\":\"2013-05-10T16:31:33+00:00\",\"dateModified\":\"2025-12-05T17:48:39+00:00\",\"description\":\"A pesar de una gran mejora patente de la situaci\u00f3n de los derechos del ni\u00f1o en Tuvalu, \u00e9sta a\u00fan esta lejos de ser perfecta.\",\"breadcrumb\":{\"@id\":\"https:\/\/www.humanium.org\/es\/tuvalu\/#breadcrumb\"},\"inLanguage\":\"es\",\"potentialAction\":[{\"@type\":\"ReadAction\",\"target\":[\"https:\/\/www.humanium.org\/es\/tuvalu\/\"]}]},{\"@type\":\"ImageObject\",\"inLanguage\":\"es\",\"@id\":\"https:\/\/www.humanium.org\/es\/tuvalu\/#primaryimage\",\"url\":\"https:\/\/www.humanium.org\/fr\/wp-content\/uploads\/2012\/11\/Joe-Strangelight-girl3-300x199.jpg\",\"contentUrl\":\"https:\/\/www.humanium.org\/fr\/wp-content\/uploads\/2012\/11\/Joe-Strangelight-girl3-300x199.jpg\"},{\"@type\":\"BreadcrumbList\",\"@id\":\"https:\/\/www.humanium.org\/es\/tuvalu\/#breadcrumb\",\"itemListElement\":[{\"@type\":\"ListItem\",\"position\":1,\"name\":\"Home\",\"item\":\"https:\/\/www.humanium.org\/es\/\"},{\"@type\":\"ListItem\",\"position\":2,\"name\":\"Ni\u00f1os de Tuvalu\"}]},{\"@type\":\"WebSite\",\"@id\":\"https:\/\/www.humanium.org\/es\/#website\",\"url\":\"https:\/\/www.humanium.org\/es\/\",\"name\":\"Humanium\",\"description\":\"\u00a1Los ni\u00f1os primero!\",\"potentialAction\":[{\"@type\":\"SearchAction\",\"target\":{\"@type\":\"EntryPoint\",\"urlTemplate\":\"https:\/\/www.humanium.org\/es\/?s={search_term_string}\"},\"query-input\":{\"@type\":\"PropertyValueSpecification\",\"valueRequired\":true,\"valueName\":\"search_term_string\"}}],\"inLanguage\":\"es\"}]}<\/script>\n<!-- \/ Yoast SEO plugin. -->","yoast_head_json":{"title":"Ni\u00f1os de Tuvalu - Humanium","description":"A pesar de una gran mejora patente de la situaci\u00f3n de los derechos del ni\u00f1o en Tuvalu, \u00e9sta a\u00fan esta lejos de ser perfecta.","robots":{"index":"index","follow":"follow","max-snippet":"max-snippet:-1","max-image-preview":"max-image-preview:large","max-video-preview":"max-video-preview:-1"},"canonical":"https:\/\/www.humanium.org\/es\/tuvalu\/","og_locale":"es_ES","og_type":"article","og_title":"Ni\u00f1os de Tuvalu - Humanium","og_description":"A pesar de una gran mejora patente de la situaci\u00f3n de los derechos del ni\u00f1o en Tuvalu, \u00e9sta a\u00fan esta lejos de ser perfecta.","og_url":"https:\/\/www.humanium.org\/es\/tuvalu\/","og_site_name":"Humanium","article_modified_time":"2025-12-05T17:48:39+00:00","twitter_card":"summary_large_image","twitter_misc":{"Tiempo de lectura":"7 minutos"},"schema":{"@context":"https:\/\/schema.org","@graph":[{"@type":"WebPage","@id":"https:\/\/www.humanium.org\/es\/tuvalu\/","url":"https:\/\/www.humanium.org\/es\/tuvalu\/","name":"Ni\u00f1os de Tuvalu - Humanium","isPartOf":{"@id":"https:\/\/www.humanium.org\/es\/#website"},"primaryImageOfPage":{"@id":"https:\/\/www.humanium.org\/es\/tuvalu\/#primaryimage"},"image":{"@id":"https:\/\/www.humanium.org\/es\/tuvalu\/#primaryimage"},"thumbnailUrl":"https:\/\/www.humanium.org\/fr\/wp-content\/uploads\/2012\/11\/Joe-Strangelight-girl3-300x199.jpg","datePublished":"2013-05-10T16:31:33+00:00","dateModified":"2025-12-05T17:48:39+00:00","description":"A pesar de una gran mejora patente de la situaci\u00f3n de los derechos del ni\u00f1o en Tuvalu, \u00e9sta a\u00fan esta lejos de ser perfecta.","breadcrumb":{"@id":"https:\/\/www.humanium.org\/es\/tuvalu\/#breadcrumb"},"inLanguage":"es","potentialAction":[{"@type":"ReadAction","target":["https:\/\/www.humanium.org\/es\/tuvalu\/"]}]},{"@type":"ImageObject","inLanguage":"es","@id":"https:\/\/www.humanium.org\/es\/tuvalu\/#primaryimage","url":"https:\/\/www.humanium.org\/fr\/wp-content\/uploads\/2012\/11\/Joe-Strangelight-girl3-300x199.jpg","contentUrl":"https:\/\/www.humanium.org\/fr\/wp-content\/uploads\/2012\/11\/Joe-Strangelight-girl3-300x199.jpg"},{"@type":"BreadcrumbList","@id":"https:\/\/www.humanium.org\/es\/tuvalu\/#breadcrumb","itemListElement":[{"@type":"ListItem","position":1,"name":"Home","item":"https:\/\/www.humanium.org\/es\/"},{"@type":"ListItem","position":2,"name":"Ni\u00f1os de Tuvalu"}]},{"@type":"WebSite","@id":"https:\/\/www.humanium.org\/es\/#website","url":"https:\/\/www.humanium.org\/es\/","name":"Humanium","description":"\u00a1Los ni\u00f1os primero!","potentialAction":[{"@type":"SearchAction","target":{"@type":"EntryPoint","urlTemplate":"https:\/\/www.humanium.org\/es\/?s={search_term_string}"},"query-input":{"@type":"PropertyValueSpecification","valueRequired":true,"valueName":"search_term_string"}}],"inLanguage":"es"}]}},"_links":{"self":[{"href":"https:\/\/www.humanium.org\/es\/wp-json\/wp\/v2\/pages\/1116","targetHints":{"allow":["GET"]}}],"collection":[{"href":"https:\/\/www.humanium.org\/es\/wp-json\/wp\/v2\/pages"}],"about":[{"href":"https:\/\/www.humanium.org\/es\/wp-json\/wp\/v2\/types\/page"}],"author":[{"embeddable":true,"href":"https:\/\/www.humanium.org\/es\/wp-json\/wp\/v2\/users\/1"}],"replies":[{"embeddable":true,"href":"https:\/\/www.humanium.org\/es\/wp-json\/wp\/v2\/comments?post=1116"}],"version-history":[{"count":4,"href":"https:\/\/www.humanium.org\/es\/wp-json\/wp\/v2\/pages\/1116\/revisions"}],"predecessor-version":[{"id":20436,"href":"https:\/\/www.humanium.org\/es\/wp-json\/wp\/v2\/pages\/1116\/revisions\/20436"}],"wp:attachment":[{"href":"https:\/\/www.humanium.org\/es\/wp-json\/wp\/v2\/media?parent=1116"}],"curies":[{"name":"wp","href":"https:\/\/api.w.org\/{rel}","templated":true}]}}