{"id":117,"date":"2012-11-14T11:37:29","date_gmt":"2012-11-14T11:37:29","guid":{"rendered":"http:\/\/www.humanium.org\/es\/?page_id=117"},"modified":"2017-10-04T09:17:40","modified_gmt":"2017-10-04T09:17:40","slug":"convencion-definicion","status":"publish","type":"page","link":"https:\/\/www.humanium.org\/es\/convencion-definicion\/","title":{"rendered":"La Convenci\u00f3n de los Derechos del Ni\u00f1o, definici\u00f3n"},"content":{"rendered":"<h1>La Convenci\u00f3n de los Derechos del Ni\u00f1o<\/h1>\n<h2>Definici\u00f3n de la Convenci\u00f3n<\/h2>\n<p><strong>La Convenci\u00f3n de los Derechos del Ni\u00f1o forma parte de los instrumentos internacionales jur\u00eddicamente vinculantes que garantizan y protegen los Derechos Humanos. El objetivo de la Convenci\u00f3n, adoptada en 1989, es proteger los derechos de todos los ni\u00f1os del mundo.<br \/>\n<\/strong><\/p>\n<h3>El primer texto legalmente vinculante que protege los derechos de los ni\u00f1os<\/h3>\n<p><strong><img loading=\"lazy\" decoding=\"async\" class=\"size-full wp-image-5486 alignleft\" title=\"La Asamblea General de las Naciones Unidas adopta la Convenci\u00f3n - \u00a9 UN\/J. Isaac\" src=\"https:\/\/www.humanium.org\/es\/wp-content\/uploads\/portail-fr\/UN-John-isaac.jpg\" alt=\"\" width=\"194\" height=\"126\" \/><em>La Convenci\u00f3n es el primer instrumento internacional jur\u00eddicamente vinculante de la protecci\u00f3n de los Derechos del Ni\u00f1o, lo que significa que establece una fuerza obligatoria para el conjunto de derechos que estipula.<br \/>\nEsto implica que los Estados que han ratificado la Convenci\u00f3n est\u00e1n obligados a respetar y a asegurar que se respeten todos los derechos que \u00e9sta establece en nombre de los ni\u00f1os.<\/em><\/strong><\/p>\n<h3>El texto m\u00e1s completo sobre la protecci\u00f3n de los derechos de los ni\u00f1os<\/h3>\n<p>Esta Convenci\u00f3n representa el texto internacional m\u00e1s completo que existe en cuanto a la protecci\u00f3n de los derechos del ni\u00f1o. A pesar de que existen otros instrumentos internacionales que garantizan los derechos de los ni\u00f1os, como los Pactos Internacionales, las Convenciones de la OIT y la Convenci\u00f3n relativa a la adopci\u00f3n internacional, <strong><em>la Convenci\u00f3n es el \u00fanico texto que abarca todos los aspectos de los derechos de los ni\u00f1os.<\/em><\/strong><\/p>\n<p><img loading=\"lazy\" decoding=\"async\" class=\"size-full wp-image-5487 alignright\" title=\":La Convenci\u00f3n protege el conjunto de derechos del ni\u00f1o, incluidos los derechos de los ni\u00f1os con necesidades especiales, de refugiados, etc. - \u00a9 UNESCO\/T.Munita \" src=\"https:\/\/www.humanium.org\/es\/wp-content\/uploads\/portail-fr\/UNESCO-T-Munita.jpg\" alt=\"\" width=\"205\" height=\"139\" \/>La Convenci\u00f3n consta de 54 art\u00edculos que constituyen el conjunto de todos los derechos civiles y pol\u00edticos de los ni\u00f1os, as\u00ed como sus derechos econ\u00f3micos, sociales y culturales.<\/p>\n<p>Tambi\u00e9n aboga por la protecci\u00f3n y promoci\u00f3n de los derechos de los ni\u00f1os con necesidades especiales, los pertenecientes a minor\u00edas y de los ni\u00f1os refugiados.<\/p>\n<p>Esta Convenci\u00f3n establece 4 principios que deben regir la implementaci\u00f3n de todos los derechos que defiende:<\/p>\n<ul>\n<li>La no discriminaci\u00f3n<\/li>\n<li>El mejor inter\u00e9s del ni\u00f1o<\/li>\n<li>El derecho a la vida, a la supervivencia y al desarrollo<\/li>\n<li>El respeto de la opini\u00f3n del ni\u00f1o<\/li>\n<\/ul>\n<p>La Convenci\u00f3n se complet\u00f3 en el a\u00f1o 2000 con dos protocolos, y en 2011 se a\u00f1adi\u00f3 un tercero:<\/p>\n<p><img loading=\"lazy\" decoding=\"async\" class=\"size-full wp-image-5488 alignleft\" title=\"Ratificaci\u00f3n de los protocolos opcionales de la Convenci\u00f3n - \u00a9 UN\" src=\"https:\/\/www.humanium.org\/es\/wp-content\/uploads\/portail-fr\/un-adoption-protocol.jpg\" alt=\"\" width=\"180\" height=\"135\" \/><\/p>\n<ul>\n<li>El protocolo facultativo sobre la participaci\u00f3n de ni\u00f1os en conflictos armados.<\/li>\n<\/ul>\n<ul>\n<li>El protocolo facultativo sobre la venta de ni\u00f1os, la prostituci\u00f3n infantil y la utilizaci\u00f3n de ni\u00f1os en la pornograf\u00eda.<\/li>\n<\/ul>\n<ul>\n<li>El protocolo facultativo sobre el procedimiento de denuncias ante el Comit\u00e9 de los Derechos del Ni\u00f1o.<\/li>\n<\/ul>\n<h3 style=\"text-align: left;\">Un instrumento jur\u00eddicamente vinculante dotado de un mecanismo de control<\/h3>\n<p style=\"text-align: left;\">En su segunda parte, la Convenci\u00f3n dispone que su implementaci\u00f3n sea controlada por un comit\u00e9 de expertos. El Comit\u00e9 de los Derechos del Ni\u00f1o es quien supervisa que todos los Estados participantes respetan la Convenci\u00f3n, as\u00ed como los dos protocolos adicionales.<\/p>\n<table>\n<tbody style=\"background: #f9f9f9;\">\n<tr>\n<td>\n<div style=\"float: left; width: 65%;\">Traducido por: Laura Ibarrola<br \/>\nCorregido por: Miriam Guti\u00e9rrez<\/div>\n<\/td>\n<\/tr>\n<\/tbody>\n<\/table>\n<p style=\"text-align: center;\"><img decoding=\"async\" class=\"aligncenter\" src=\"https:\/\/www.humanium.org\/es\/wp-content\/uploads\/portail-fr\/Related-topics.jpg\" alt=\"\" width=\"\u200b550\u200b\" height=\"46\" \/><\/p>\n<ul>\n<li style=\"list-style-type: none;\">\n<ul>\n<li style=\"list-style-type: none;\">\n<ul>\n<li><a href=\"https:\/\/www.humanium.org\/es\/temas-convencion\/\">Temas de la Convenci\u00f3n de los Derechos del Ni\u00f1o<\/a><\/li>\n<li><a href=\"https:\/\/www.humanium.org\/es\/convencion-comienzos\/\">Comienzos de la Convenci\u00f3n de los Derechos del Ni\u00f1o<\/a><\/li>\n<li><a href=\"https:\/\/www.humanium.org\/es\/aprobacion-convencion\/\">Aprobaci\u00f3n de la Convenci\u00f3n<\/a><\/li>\n<li><a href=\"https:\/\/www.humanium.org\/es\/signatarios-convencion\/\">Estados Signatarios y Partes de la Convenci\u00f3n<\/a><\/li>\n<\/ul>\n<\/li>\n<\/ul>\n<\/li>\n<\/ul>\n<p style=\"text-align: center;\"><img decoding=\"async\" class=\"aligncenter\" src=\"https:\/\/www.humanium.org\/es\/wp-content\/uploads\/2013\/04\/read-more.jpg\" alt=\"\" width=\"\u200b550\u200b\" height=\"46\" \/><\/p>\n<ul>\n<li style=\"list-style-type: none;\">\n<ul>\n<li style=\"list-style-type: none;\">\n<ul>\n<li><a href=\"https:\/\/www.unicef.org\/spanish\/why\/why_rights.html\" target=\"_blank\" rel=\"noopener noreferrer\">UNICEF, La infancia tiene derechos<\/a><\/li>\n<li><a href=\"https:\/\/es.wikipedia.org\/wiki\/Derechos_del_ni%C3%B1o\" target=\"_blank\" rel=\"noopener noreferrer\">Wikipedia, Derechos del Ni\u00f1o<\/a><\/li>\n<li><a href=\"https:\/\/es.wikipedia.org\/wiki\/Convenci%C3%B3n_sobre_los_Derechos_del_Ni%C3%B1o\">Wikipedia, Convenci\u00f3n sobre los Derechos del Ni\u00f1o<\/a><\/li>\n<\/ul>\n<\/li>\n<\/ul>\n<\/li>\n<\/ul>\n","protected":false},"excerpt":{"rendered":"<p>La Convenci\u00f3n de los Derechos del Ni\u00f1o Definici\u00f3n de la Convenci\u00f3n La Convenci\u00f3n de los Derechos del Ni\u00f1o forma parte de los instrumentos internacionales jur\u00eddicamente vinculantes que garantizan y protegen los Derechos Humanos. El objetivo de la Convenci\u00f3n, adoptada en 1989, es proteger los derechos de todos los ni\u00f1os del mundo. El primer texto legalmente [&hellip;]<\/p>\n","protected":false},"author":1,"featured_media":0,"parent":0,"menu_order":0,"comment_status":"closed","ping_status":"closed","template":"","meta":{"footnotes":""},"class_list":["post-117","page","type-page","status-publish","hentry"],"yoast_head":"<!-- This site is optimized with the Yoast SEO plugin v26.5 - https:\/\/yoast.com\/wordpress\/plugins\/seo\/ -->\n<title>La Convenci\u00f3n de los Derechos del Ni\u00f1o, definici\u00f3n - Humanium<\/title>\n<meta name=\"robots\" content=\"index, follow, max-snippet:-1, max-image-preview:large, max-video-preview:-1\" \/>\n<link rel=\"canonical\" href=\"https:\/\/www.humanium.org\/es\/convencion-definicion\/\" \/>\n<meta property=\"og:locale\" content=\"es_ES\" \/>\n<meta property=\"og:type\" content=\"article\" \/>\n<meta property=\"og:title\" content=\"La Convenci\u00f3n de los Derechos del Ni\u00f1o, definici\u00f3n - Humanium\" \/>\n<meta property=\"og:description\" content=\"La Convenci\u00f3n de los Derechos del Ni\u00f1o Definici\u00f3n de la Convenci\u00f3n La Convenci\u00f3n de los Derechos del Ni\u00f1o forma parte de los instrumentos internacionales jur\u00eddicamente vinculantes que garantizan y protegen los Derechos Humanos. El objetivo de la Convenci\u00f3n, adoptada en 1989, es proteger los derechos de todos los ni\u00f1os del mundo. El primer texto legalmente [&hellip;]\" \/>\n<meta property=\"og:url\" content=\"https:\/\/www.humanium.org\/es\/convencion-definicion\/\" \/>\n<meta property=\"og:site_name\" content=\"Humanium\" \/>\n<meta property=\"article:modified_time\" content=\"2017-10-04T09:17:40+00:00\" \/>\n<meta property=\"og:image\" content=\"https:\/\/www.humanium.org\/es\/wp-content\/uploads\/portail-fr\/UN-John-isaac.jpg\" \/>\n<meta name=\"twitter:card\" content=\"summary_large_image\" \/>\n<meta name=\"twitter:label1\" content=\"Tiempo de lectura\" \/>\n\t<meta name=\"twitter:data1\" content=\"3 minutos\" \/>\n<script type=\"application\/ld+json\" class=\"yoast-schema-graph\">{\"@context\":\"https:\/\/schema.org\",\"@graph\":[{\"@type\":\"WebPage\",\"@id\":\"https:\/\/www.humanium.org\/es\/convencion-definicion\/\",\"url\":\"https:\/\/www.humanium.org\/es\/convencion-definicion\/\",\"name\":\"La Convenci\u00f3n de los Derechos del Ni\u00f1o, definici\u00f3n - Humanium\",\"isPartOf\":{\"@id\":\"https:\/\/www.humanium.org\/es\/#website\"},\"primaryImageOfPage\":{\"@id\":\"https:\/\/www.humanium.org\/es\/convencion-definicion\/#primaryimage\"},\"image\":{\"@id\":\"https:\/\/www.humanium.org\/es\/convencion-definicion\/#primaryimage\"},\"thumbnailUrl\":\"https:\/\/www.humanium.org\/es\/wp-content\/uploads\/portail-fr\/UN-John-isaac.jpg\",\"datePublished\":\"2012-11-14T11:37:29+00:00\",\"dateModified\":\"2017-10-04T09:17:40+00:00\",\"breadcrumb\":{\"@id\":\"https:\/\/www.humanium.org\/es\/convencion-definicion\/#breadcrumb\"},\"inLanguage\":\"es\",\"potentialAction\":[{\"@type\":\"ReadAction\",\"target\":[\"https:\/\/www.humanium.org\/es\/convencion-definicion\/\"]}]},{\"@type\":\"ImageObject\",\"inLanguage\":\"es\",\"@id\":\"https:\/\/www.humanium.org\/es\/convencion-definicion\/#primaryimage\",\"url\":\"https:\/\/www.humanium.org\/es\/wp-content\/uploads\/portail-fr\/UN-John-isaac.jpg\",\"contentUrl\":\"https:\/\/www.humanium.org\/es\/wp-content\/uploads\/portail-fr\/UN-John-isaac.jpg\"},{\"@type\":\"BreadcrumbList\",\"@id\":\"https:\/\/www.humanium.org\/es\/convencion-definicion\/#breadcrumb\",\"itemListElement\":[{\"@type\":\"ListItem\",\"position\":1,\"name\":\"Home\",\"item\":\"https:\/\/www.humanium.org\/es\/\"},{\"@type\":\"ListItem\",\"position\":2,\"name\":\"La Convenci\u00f3n de los Derechos del Ni\u00f1o, definici\u00f3n\"}]},{\"@type\":\"WebSite\",\"@id\":\"https:\/\/www.humanium.org\/es\/#website\",\"url\":\"https:\/\/www.humanium.org\/es\/\",\"name\":\"Humanium\",\"description\":\"\u00a1Los ni\u00f1os primero!\",\"potentialAction\":[{\"@type\":\"SearchAction\",\"target\":{\"@type\":\"EntryPoint\",\"urlTemplate\":\"https:\/\/www.humanium.org\/es\/?s={search_term_string}\"},\"query-input\":{\"@type\":\"PropertyValueSpecification\",\"valueRequired\":true,\"valueName\":\"search_term_string\"}}],\"inLanguage\":\"es\"}]}<\/script>\n<!-- \/ Yoast SEO plugin. -->","yoast_head_json":{"title":"La Convenci\u00f3n de los Derechos del Ni\u00f1o, definici\u00f3n - Humanium","robots":{"index":"index","follow":"follow","max-snippet":"max-snippet:-1","max-image-preview":"max-image-preview:large","max-video-preview":"max-video-preview:-1"},"canonical":"https:\/\/www.humanium.org\/es\/convencion-definicion\/","og_locale":"es_ES","og_type":"article","og_title":"La Convenci\u00f3n de los Derechos del Ni\u00f1o, definici\u00f3n - Humanium","og_description":"La Convenci\u00f3n de los Derechos del Ni\u00f1o Definici\u00f3n de la Convenci\u00f3n La Convenci\u00f3n de los Derechos del Ni\u00f1o forma parte de los instrumentos internacionales jur\u00eddicamente vinculantes que garantizan y protegen los Derechos Humanos. El objetivo de la Convenci\u00f3n, adoptada en 1989, es proteger los derechos de todos los ni\u00f1os del mundo. El primer texto legalmente [&hellip;]","og_url":"https:\/\/www.humanium.org\/es\/convencion-definicion\/","og_site_name":"Humanium","article_modified_time":"2017-10-04T09:17:40+00:00","og_image":[{"url":"https:\/\/www.humanium.org\/es\/wp-content\/uploads\/portail-fr\/UN-John-isaac.jpg","type":"","width":"","height":""}],"twitter_card":"summary_large_image","twitter_misc":{"Tiempo de lectura":"3 minutos"},"schema":{"@context":"https:\/\/schema.org","@graph":[{"@type":"WebPage","@id":"https:\/\/www.humanium.org\/es\/convencion-definicion\/","url":"https:\/\/www.humanium.org\/es\/convencion-definicion\/","name":"La Convenci\u00f3n de los Derechos del Ni\u00f1o, definici\u00f3n - Humanium","isPartOf":{"@id":"https:\/\/www.humanium.org\/es\/#website"},"primaryImageOfPage":{"@id":"https:\/\/www.humanium.org\/es\/convencion-definicion\/#primaryimage"},"image":{"@id":"https:\/\/www.humanium.org\/es\/convencion-definicion\/#primaryimage"},"thumbnailUrl":"https:\/\/www.humanium.org\/es\/wp-content\/uploads\/portail-fr\/UN-John-isaac.jpg","datePublished":"2012-11-14T11:37:29+00:00","dateModified":"2017-10-04T09:17:40+00:00","breadcrumb":{"@id":"https:\/\/www.humanium.org\/es\/convencion-definicion\/#breadcrumb"},"inLanguage":"es","potentialAction":[{"@type":"ReadAction","target":["https:\/\/www.humanium.org\/es\/convencion-definicion\/"]}]},{"@type":"ImageObject","inLanguage":"es","@id":"https:\/\/www.humanium.org\/es\/convencion-definicion\/#primaryimage","url":"https:\/\/www.humanium.org\/es\/wp-content\/uploads\/portail-fr\/UN-John-isaac.jpg","contentUrl":"https:\/\/www.humanium.org\/es\/wp-content\/uploads\/portail-fr\/UN-John-isaac.jpg"},{"@type":"BreadcrumbList","@id":"https:\/\/www.humanium.org\/es\/convencion-definicion\/#breadcrumb","itemListElement":[{"@type":"ListItem","position":1,"name":"Home","item":"https:\/\/www.humanium.org\/es\/"},{"@type":"ListItem","position":2,"name":"La Convenci\u00f3n de los Derechos del Ni\u00f1o, definici\u00f3n"}]},{"@type":"WebSite","@id":"https:\/\/www.humanium.org\/es\/#website","url":"https:\/\/www.humanium.org\/es\/","name":"Humanium","description":"\u00a1Los ni\u00f1os primero!","potentialAction":[{"@type":"SearchAction","target":{"@type":"EntryPoint","urlTemplate":"https:\/\/www.humanium.org\/es\/?s={search_term_string}"},"query-input":{"@type":"PropertyValueSpecification","valueRequired":true,"valueName":"search_term_string"}}],"inLanguage":"es"}]}},"_links":{"self":[{"href":"https:\/\/www.humanium.org\/es\/wp-json\/wp\/v2\/pages\/117","targetHints":{"allow":["GET"]}}],"collection":[{"href":"https:\/\/www.humanium.org\/es\/wp-json\/wp\/v2\/pages"}],"about":[{"href":"https:\/\/www.humanium.org\/es\/wp-json\/wp\/v2\/types\/page"}],"author":[{"embeddable":true,"href":"https:\/\/www.humanium.org\/es\/wp-json\/wp\/v2\/users\/1"}],"replies":[{"embeddable":true,"href":"https:\/\/www.humanium.org\/es\/wp-json\/wp\/v2\/comments?post=117"}],"version-history":[{"count":5,"href":"https:\/\/www.humanium.org\/es\/wp-json\/wp\/v2\/pages\/117\/revisions"}],"predecessor-version":[{"id":11628,"href":"https:\/\/www.humanium.org\/es\/wp-json\/wp\/v2\/pages\/117\/revisions\/11628"}],"wp:attachment":[{"href":"https:\/\/www.humanium.org\/es\/wp-json\/wp\/v2\/media?parent=117"}],"curies":[{"name":"wp","href":"https:\/\/api.w.org\/{rel}","templated":true}]}}