{"id":11852,"date":"2018-01-22T17:02:44","date_gmt":"2018-01-22T17:02:44","guid":{"rendered":"https:\/\/www.humanium.org\/es\/?page_id=11852"},"modified":"2018-01-22T17:02:44","modified_gmt":"2018-01-22T17:02:44","slug":"politica-de-privacidad","status":"publish","type":"page","link":"https:\/\/www.humanium.org\/es\/politica-de-privacidad\/","title":{"rendered":"Pol\u00edtica de privacidad"},"content":{"rendered":"<h2>Versi\u00f3n: enero 2018<\/h2>\n<p>Su privacidad es importante para Humanium. El objetivo de esta Pol\u00edtica de Privacidad es proporcionarle una comprensi\u00f3n de c\u00f3mo interactuamos con usted y darle la opci\u00f3n de, en cualquier momento, cambiar sus preferencias. Usted es y siempre ser\u00e1 el propietario de sus datos personales.<\/p>\n<p>&nbsp;<\/p>\n<h3><strong>Introducci\u00f3n<\/strong><\/h3>\n<p>En el Art\u00edculo 4 del RGPD ( Reglamento General de Protecci\u00f3n de Datos) se define como \u00ab\u00a0datos personales\u00a0\u00bb cualquier tipo de informaci\u00f3n vinculada a una persona f\u00edsica identificable o identificada. Una persona f\u00edsica identificable es la que puede ser identificada directa o indirectamente\u00a0; es decir, a trav\u00e9s de un identificador como por ejemplo\u00a0: un nombre, un n\u00famero de identificaci\u00f3n, un dato de localizaci\u00f3n, un identificador virtual o por medio de uno o m\u00e1s factores espec\u00edficos de la persona f\u00edsica como datos sociales, culturales, econ\u00f3micos, mentales, gen\u00e9ticos, fisiol\u00f3gicos o f\u00edsicos.<\/p>\n<p>Por favor, tenga en cuenta que: el p\u00e1gina web de Humanium contiene enlaces a otros sitios web. Humanium no se responsabiliza de las pr\u00e1cticas y privacidad de esas otras p\u00e1ginas web ni tampoco somos responsables de su contenido y de la forma en que trabajan. Sin embargo, puede saber que leemos sus pol\u00edticas de privacidad antes de interactuar con otras p\u00e1ginas en web. De hecho, tambi\u00e9n le recomendamos que lea sus pol\u00edticas de privacidad antes de comenzar a interactuar con ellos.<\/p>\n<p>&nbsp;<\/p>\n<h3><strong>Informaci\u00f3n que recibimos<\/strong><\/h3>\n<p><u>Informaci\u00f3n Personal<\/u><\/p>\n<p>No guardamos informaci\u00f3n personal de quienes visitan nuestra p\u00e1gina web a no ser que expl\u00edcita e intencionalmente nos faciliten esa informaci\u00f3n. No se recopila informaci\u00f3n personal sobre usted si solo visita nuestra p\u00e1gina web. Sin embargo, trabajamos con Google Analytics\u00a0: <a href=\"https:\/\/www.google.com\/policies\/privacy\/\">https:\/\/www.google.com\/policies\/privacy\/<\/a> as\u00ed como con Facebook Pixel\u00a0: https:\/\/www.facebook.com\/legal\/FB_Work_Privacy Para obtener m\u00e1s informaci\u00f3n al respecto, puede entrar a\u00a0 ambos enlaces.<\/p>\n<p>Existen dos maneras a trav\u00e9s de las cuales usted puede expl\u00edcitamente e intencionalmente otorgarnos informaci\u00f3n personal o autorizarnos para que la guardemos.<\/p>\n<p>Solicitar informaci\u00f3n a trav\u00e9s de la Revista Virtual o por correo electr\u00f3nico.<\/p>\n<p>Nuestra p\u00e1gina web contiene enlaces que le permiten contactarnos por correo electr\u00f3nico para hacer preguntas, solicitar informaci\u00f3n y documentos o para dejarnos sus comentarios y sugerencias. Cuando se inscriba, debe mencionar si acepta este tipo de contacto. Si usted lo acepta, podr\u00edamos pedirle m\u00e1s informaci\u00f3n como por ejemplo su nombre o n\u00famero de tel\u00e9fono para completar la inscripci\u00f3n.<\/p>\n<p>Solamente le enviaremos informaci\u00f3n sobre nuestros proyectos si usted nos lo ha autorizado. Usted puede cambiar de parecer en cualquier momento y cancelar la suscripci\u00f3n a trav\u00e9s del enlace que aparece en los correos electr\u00f3nicos publicitarios (por lo general se encuentra al final del correo electr\u00f3nico). Tambi\u00e9n puede contactar a nuestro Director de asuntos legales escribiendo a : <a href=\"mailto:arndt.soret@humanium.org\">arndt.soret@humanium.org<\/a><\/p>\n<p>&nbsp;<\/p>\n<h3><strong>\u00bfC\u00f3mo utilizaremos la informaci\u00f3n personal que hemos guardado y con quienes la compartiremos?<\/strong><\/h3>\n<p>Cuando le proporciona a Humanium cualquier informaci\u00f3n personal, la cuidamos siguiendo nuestras obligaciones legales.<\/p>\n<p>El uso principal de la informaci\u00f3n que usted le da a Humanium es para\u00a0:<\/p>\n<p>&#8211; Que nos comuniquemos con usted<\/p>\n<p>&#8211; Ofrecerle informaci\u00f3n sobre Humanium y sobre nuestros proyectos.<\/p>\n<p>Recuerde que en caso de que facilite su n\u00famero de tarjeta de cr\u00e9dito, esta informaci\u00f3n no se comparte con Humanium sino s\u00f3lo con su banco o proveedor del pago.<\/p>\n<p>&nbsp;<\/p>\n<h3><strong>Conservaci\u00f3n de los datos personales<\/strong><\/h3>\n<p>Nos comprometemos a guardar correctamente toda la informaci\u00f3n personal siguiendo las obligaciones legales acordadas (Disposiciones legales suizas, en concreto sobre la ley federal de protecci\u00f3n de datos)\u00a0: <a href=\"https:\/\/www.admin.ch\/opc\/en\/classified-compilation\/19920153\/index.html\">https:\/\/www.admin.ch\/opc\/en\/classified-compilation\/19920153\/index.html<\/a><\/p>\n<p>En caso de que solicite trabajar con nosotros y proporcione su Curriculum Vitae, se le asegura que esto sigue nuestra pol\u00edtica de retenci\u00f3n y su Curriculum Vitae y correo electr\u00f3nico se eliminar\u00e1n\u00a0 inmediatamente y la informaci\u00f3n ser\u00e1 borrada de forma autom\u00e1tica. en caso de que no sea seleccionado\u00a0 De ser seleccionado, guardaremos la informaci\u00f3n mientras trabaje con nosotros.<\/p>\n<p>&nbsp;<\/p>\n<h3><strong>Respecto al env\u00edo de respuestas o actualizaciones<\/strong><\/h3>\n<p>Por lo general, contestamos todas las preguntas y solicitudes sobre Humanium y sobre nuestros proyectos, por correo electr\u00f3nico. Tambi\u00e9n podr\u00edamos utilizar dichos correos electr\u00f3nicos para mejorar nuestros proyectos y nuestra p\u00e1gina de web. Es frecuente que guardemos los contactos para enviar actualizaciones individuales o para proporcionar informaci\u00f3n relevante sobre alg\u00fan proyecto.<\/p>\n<p>&nbsp;<\/p>\n<h3><strong>Trasferir datos personales<\/strong><\/h3>\n<p>Sus datos personales est\u00e1n seguros con Humanium y no los enviaremos a ninguna tercera persona.<\/p>\n<p>Por favor, conf\u00ede en que tomamos medidas de seguridad para evitar la p\u00e9rdida, robo o alteraci\u00f3n de cualquier dato personal que hallamos recibido. Sin embargo, como cualquier otra transmisi\u00f3n realizada por internet, existe un riesgo al proporcionarse informaci\u00f3n personal.<\/p>\n<p>Si desea acceder a sus datos personales, por favor contacte a\u00a0: arndt.soret@humanium.org o contact@humanium.org en el apartado de \u00ab\u00a0PRIVACIDAD\u00a0\u00bb.<\/p>\n<p>Usted tiene el derecho a expresare sobre su informaci\u00f3n personal y puede pedir que se corrija cualquier informaci\u00f3n que no sea correcta.<\/p>\n<p>Cualquier cambio a esta Pol\u00edtica ser\u00e1 actualizada por correo electr\u00f3nico\/ en la revista electr\u00f3nica.<\/p>\n<p>Ultima modificaci\u00f3n: 7 de Enero del 2018.<\/p>\n<p>&nbsp;<\/p>\n<p><em>Translated: Maria Guadalupe Suarez<\/em><\/p>\n<p><em>Proofread by: Victoria Clavijo<\/em><\/p>\n","protected":false},"excerpt":{"rendered":"<p>Versi\u00f3n: enero 2018 Su privacidad es importante para Humanium. El objetivo de esta Pol\u00edtica de Privacidad es proporcionarle una comprensi\u00f3n de c\u00f3mo interactuamos con usted y darle la opci\u00f3n de, en cualquier momento, cambiar sus preferencias. Usted es y siempre ser\u00e1 el propietario de sus datos personales. &nbsp; Introducci\u00f3n En el Art\u00edculo 4 del RGPD [&hellip;]<\/p>\n","protected":false},"author":1,"featured_media":0,"parent":0,"menu_order":0,"comment_status":"closed","ping_status":"closed","template":"","meta":{"footnotes":""},"class_list":["post-11852","page","type-page","status-publish","hentry"],"yoast_head":"<!-- This site is optimized with the Yoast SEO plugin v26.5 - https:\/\/yoast.com\/wordpress\/plugins\/seo\/ -->\n<title>Pol\u00edtica de privacidad - Humanium<\/title>\n<meta name=\"robots\" content=\"index, follow, max-snippet:-1, max-image-preview:large, max-video-preview:-1\" \/>\n<link rel=\"canonical\" href=\"https:\/\/www.humanium.org\/es\/politica-de-privacidad\/\" \/>\n<meta property=\"og:locale\" content=\"es_ES\" \/>\n<meta property=\"og:type\" content=\"article\" \/>\n<meta property=\"og:title\" content=\"Pol\u00edtica de privacidad - Humanium\" \/>\n<meta property=\"og:description\" content=\"Versi\u00f3n: enero 2018 Su privacidad es importante para Humanium. El objetivo de esta Pol\u00edtica de Privacidad es proporcionarle una comprensi\u00f3n de c\u00f3mo interactuamos con usted y darle la opci\u00f3n de, en cualquier momento, cambiar sus preferencias. Usted es y siempre ser\u00e1 el propietario de sus datos personales. &nbsp; Introducci\u00f3n En el Art\u00edculo 4 del RGPD [&hellip;]\" \/>\n<meta property=\"og:url\" content=\"https:\/\/www.humanium.org\/es\/politica-de-privacidad\/\" \/>\n<meta property=\"og:site_name\" content=\"Humanium\" \/>\n<meta name=\"twitter:card\" content=\"summary_large_image\" \/>\n<meta name=\"twitter:label1\" content=\"Tiempo de lectura\" \/>\n\t<meta name=\"twitter:data1\" content=\"5 minutos\" \/>\n<script type=\"application\/ld+json\" class=\"yoast-schema-graph\">{\"@context\":\"https:\/\/schema.org\",\"@graph\":[{\"@type\":\"WebPage\",\"@id\":\"https:\/\/www.humanium.org\/es\/politica-de-privacidad\/\",\"url\":\"https:\/\/www.humanium.org\/es\/politica-de-privacidad\/\",\"name\":\"Pol\u00edtica de privacidad - Humanium\",\"isPartOf\":{\"@id\":\"https:\/\/www.humanium.org\/es\/#website\"},\"datePublished\":\"2018-01-22T17:02:44+00:00\",\"breadcrumb\":{\"@id\":\"https:\/\/www.humanium.org\/es\/politica-de-privacidad\/#breadcrumb\"},\"inLanguage\":\"es\",\"potentialAction\":[{\"@type\":\"ReadAction\",\"target\":[\"https:\/\/www.humanium.org\/es\/politica-de-privacidad\/\"]}]},{\"@type\":\"BreadcrumbList\",\"@id\":\"https:\/\/www.humanium.org\/es\/politica-de-privacidad\/#breadcrumb\",\"itemListElement\":[{\"@type\":\"ListItem\",\"position\":1,\"name\":\"Home\",\"item\":\"https:\/\/www.humanium.org\/es\/\"},{\"@type\":\"ListItem\",\"position\":2,\"name\":\"Pol\u00edtica de privacidad\"}]},{\"@type\":\"WebSite\",\"@id\":\"https:\/\/www.humanium.org\/es\/#website\",\"url\":\"https:\/\/www.humanium.org\/es\/\",\"name\":\"Humanium\",\"description\":\"\u00a1Los ni\u00f1os primero!\",\"potentialAction\":[{\"@type\":\"SearchAction\",\"target\":{\"@type\":\"EntryPoint\",\"urlTemplate\":\"https:\/\/www.humanium.org\/es\/?s={search_term_string}\"},\"query-input\":{\"@type\":\"PropertyValueSpecification\",\"valueRequired\":true,\"valueName\":\"search_term_string\"}}],\"inLanguage\":\"es\"}]}<\/script>\n<!-- \/ Yoast SEO plugin. -->","yoast_head_json":{"title":"Pol\u00edtica de privacidad - Humanium","robots":{"index":"index","follow":"follow","max-snippet":"max-snippet:-1","max-image-preview":"max-image-preview:large","max-video-preview":"max-video-preview:-1"},"canonical":"https:\/\/www.humanium.org\/es\/politica-de-privacidad\/","og_locale":"es_ES","og_type":"article","og_title":"Pol\u00edtica de privacidad - Humanium","og_description":"Versi\u00f3n: enero 2018 Su privacidad es importante para Humanium. El objetivo de esta Pol\u00edtica de Privacidad es proporcionarle una comprensi\u00f3n de c\u00f3mo interactuamos con usted y darle la opci\u00f3n de, en cualquier momento, cambiar sus preferencias. Usted es y siempre ser\u00e1 el propietario de sus datos personales. &nbsp; Introducci\u00f3n En el Art\u00edculo 4 del RGPD [&hellip;]","og_url":"https:\/\/www.humanium.org\/es\/politica-de-privacidad\/","og_site_name":"Humanium","twitter_card":"summary_large_image","twitter_misc":{"Tiempo de lectura":"5 minutos"},"schema":{"@context":"https:\/\/schema.org","@graph":[{"@type":"WebPage","@id":"https:\/\/www.humanium.org\/es\/politica-de-privacidad\/","url":"https:\/\/www.humanium.org\/es\/politica-de-privacidad\/","name":"Pol\u00edtica de privacidad - Humanium","isPartOf":{"@id":"https:\/\/www.humanium.org\/es\/#website"},"datePublished":"2018-01-22T17:02:44+00:00","breadcrumb":{"@id":"https:\/\/www.humanium.org\/es\/politica-de-privacidad\/#breadcrumb"},"inLanguage":"es","potentialAction":[{"@type":"ReadAction","target":["https:\/\/www.humanium.org\/es\/politica-de-privacidad\/"]}]},{"@type":"BreadcrumbList","@id":"https:\/\/www.humanium.org\/es\/politica-de-privacidad\/#breadcrumb","itemListElement":[{"@type":"ListItem","position":1,"name":"Home","item":"https:\/\/www.humanium.org\/es\/"},{"@type":"ListItem","position":2,"name":"Pol\u00edtica de privacidad"}]},{"@type":"WebSite","@id":"https:\/\/www.humanium.org\/es\/#website","url":"https:\/\/www.humanium.org\/es\/","name":"Humanium","description":"\u00a1Los ni\u00f1os primero!","potentialAction":[{"@type":"SearchAction","target":{"@type":"EntryPoint","urlTemplate":"https:\/\/www.humanium.org\/es\/?s={search_term_string}"},"query-input":{"@type":"PropertyValueSpecification","valueRequired":true,"valueName":"search_term_string"}}],"inLanguage":"es"}]}},"_links":{"self":[{"href":"https:\/\/www.humanium.org\/es\/wp-json\/wp\/v2\/pages\/11852","targetHints":{"allow":["GET"]}}],"collection":[{"href":"https:\/\/www.humanium.org\/es\/wp-json\/wp\/v2\/pages"}],"about":[{"href":"https:\/\/www.humanium.org\/es\/wp-json\/wp\/v2\/types\/page"}],"author":[{"embeddable":true,"href":"https:\/\/www.humanium.org\/es\/wp-json\/wp\/v2\/users\/1"}],"replies":[{"embeddable":true,"href":"https:\/\/www.humanium.org\/es\/wp-json\/wp\/v2\/comments?post=11852"}],"version-history":[{"count":2,"href":"https:\/\/www.humanium.org\/es\/wp-json\/wp\/v2\/pages\/11852\/revisions"}],"predecessor-version":[{"id":11854,"href":"https:\/\/www.humanium.org\/es\/wp-json\/wp\/v2\/pages\/11852\/revisions\/11854"}],"wp:attachment":[{"href":"https:\/\/www.humanium.org\/es\/wp-json\/wp\/v2\/media?parent=11852"}],"curies":[{"name":"wp","href":"https:\/\/api.w.org\/{rel}","templated":true}]}}