{"id":122,"date":"2012-11-14T11:50:42","date_gmt":"2012-11-14T11:50:42","guid":{"rendered":"http:\/\/www.humanium.org\/es\/?page_id=122"},"modified":"2017-10-04T09:17:40","modified_gmt":"2017-10-04T09:17:40","slug":"temas-convencion","status":"publish","type":"page","link":"https:\/\/www.humanium.org\/es\/temas-convencion\/","title":{"rendered":"Temas de la Convenci\u00f3n"},"content":{"rendered":"<h1>La Convenci\u00f3n sobre de los Derechos de los Ni\u00f1os<\/h1>\n<h2>Temas de la Convenci\u00f3n<\/h2>\n<p><strong>La garant\u00eda y protecci\u00f3n de los derechos de los ni\u00f1os son los principales asuntos de inter\u00e9s considerados en la Convenci\u00f3n.<\/strong><\/p>\n<h3>Un texto legal que implica obligaciones para los Estados<\/h3>\n<p><img loading=\"lazy\" decoding=\"async\" class=\"alignright size-full wp-image-5479\" title=\"Ni\u00f1os se re\u00fanen con el Secretario General de las Naciones Unidas, 19 de noviembre de 1989- \u00a9 UN\/M. Grant\" alt=\"\" src=\"https:\/\/www.humanium.org\/es\/wp-content\/uploads\/portail-fr\/UN-milton-grant.jpg\" width=\"259\" height=\"167\" \/>La Convenci\u00f3n Internacional los Derechos de los Ni\u00f1os, incluyendo sus dos protocolos, representa un avance enorme hacia la protecci\u00f3n de los derechos de los ni\u00f1os.<\/p>\n<p>Como primer texto internacional legalmente persuasivo en el campo, la Convenci\u00f3n y sus protocolos imponen obligaciones a los Estados que la ratificaron. En consecuencia, los estados partes est\u00e1n obligados a respetar y hacer cumplir todos los procedimientos desarrollados por estos instrumentos judiciales. Esto implica respetar los derechos de los ni\u00f1os, particularmente en sus instituciones de protecci\u00f3n y cuidado de la ni\u00f1ez.<\/p>\n<p>Tambi\u00e9n deben establecer una frontera de protecci\u00f3n para todos los ni\u00f1os dentro de su territorio, sean o no parte de esta jurisdicci\u00f3n. Esto asegurar\u00e1 el respeto de todos sus derechos fundamentales.<\/p>\n<p><img loading=\"lazy\" decoding=\"async\" class=\"size-full wp-image-5480 alignleft\" title=\"Miembros actuales del Comit\u00e9 de los Derechos del Ni\u00f1o - \u00a9 UN\/E. Schneider\" alt=\"\" src=\"https:\/\/www.humanium.org\/es\/wp-content\/uploads\/portail-fr\/UNphoto-Evan-Schneider1.jpg\" width=\"201\" height=\"137\" \/>Adicionalmente, la Convenci\u00f3n cuenta con un aparato de control, el Comit\u00e9 de los Derechos de los Ni\u00f1os, que tiene la misi\u00f3n de comprobar la implementaci\u00f3n de estos textos por parte de los estados miembros.<br \/>\nEs as\u00ed como los estados miembros tienen que presentar reportes peri\u00f3dicos al Comit\u00e9 con respecto a los esfuerzos realizados para estipular e implementar los textos, as\u00ed como a la situaci\u00f3n actual y los derechos de los ni\u00f1os en su pa\u00eds.<\/p>\n<p>Con la preocupaci\u00f3n de respetar los derechos de los ni\u00f1os y al mismo tiempo ser transparentes con la situaci\u00f3n de los Estados, el comit\u00e9 examin\u00f3 en paralelo los reportes nacionales y los reportes transmitidos por las ONG nacionales.<\/p>\n<h3>El reconocimiento de los ni\u00f1os como sujetos de derechos<\/h3>\n<p>La Convenci\u00f3n sobre los Derechos del Ni\u00f1o es el primer reconocimiento internacional de que los ni\u00f1os son sujetos de derecho y personas con libertades.<\/p>\n<p>Hasta entonces, los principales documentos que proteg\u00edan los derechos de los ni\u00f1os, como las declaraciones de 1924 y 1959, establec\u00edan normas para los ni\u00f1os pero no los reconoc\u00edan como individuos que pudieran tener derechos.<\/p>\n<p>La Convenci\u00f3n tambi\u00e9n les da un rol activo en la determinaci\u00f3n de su bienestar y el respeto de sus derechos. Es innegable que como sujetos de derecho, los ni\u00f1os tienen la facultad de expresar sus opiniones con respecto a las decisiones que los afectan y a participar en las elecciones que conciernen a su bienestar.<\/p>\n<p>El inter\u00e9s del ni\u00f1o ya no es solamente valorado desde la perspectiva del adulto, sino que proviene directamente desde el punto de vista del ni\u00f1o. La Convenci\u00f3n resalta el hecho de que el bienestar del ni\u00f1o no puede ser alcanzado sin la participaci\u00f3n del ni\u00f1o en cuesti\u00f3n.<\/p>\n<table>\n<tbody style=\"background: #f9f9f9;\">\n<tr>\n<td>\n<div style=\"float: left; width: 65%;\">Traducido por: Mar\u00eda Paba<br \/>\nCorregido por: Cristian P\u00e9rez Lecaros<\/div>\n<\/td>\n<\/tr>\n<\/tbody>\n<\/table>\n<p style=\"text-align: center;\"><img decoding=\"async\" class=\"aligncenter\" alt=\"\" src=\"https:\/\/www.humanium.org\/es\/wp-content\/uploads\/portail-fr\/Related-topics.jpg\" width=\"\u200b550\u200b\" height=\"46\" \/><\/p>\n<ul>\n<li><a href=\"https:\/\/www.humanium.org\/es\/convencion\/\">La Convenci\u00f3n de los Derechos del Ni\u00f1o<\/a><\/li>\n<li><a href=\"https:\/\/www.humanium.org\/es\/convencion-definicion\/\">Definici\u00f3n de la Convenci\u00f3n<\/a><\/li>\n<li><a href=\"https:\/\/www.humanium.org\/es\/convencion-texto\/\">Texto completo de la Convenci\u00f3n<\/a><\/li>\n<li><a href=\"https:\/\/www.humanium.org\/es\/derecho-libertad\/\">El Derecho de los ni\u00f1os a la Libertad<\/a><\/li>\n<\/ul>\n<p style=\"text-align: center;\"><img decoding=\"async\" class=\"aligncenter\" alt=\"\" src=\"https:\/\/www.humanium.org\/es\/wp-content\/uploads\/2013\/04\/read-more.jpg\" width=\"\u200b550\u200b\" height=\"46\" \/><\/p>\n<div id=\"stb-body-box-7391\">\n<ul>\n<li><a href=\"https:\/\/www.unicef.org\/spanish\/why\/why_rights.html\" target=\"_blank\">UNICEF, La infancia tiene derechos<\/a><\/li>\n<li><a href=\"https:\/\/es.wikipedia.org\/wiki\/Derechos_del_ni%C3%B1o\" target=\"_blank\">Wikipedia, Derechos del Ni\u00f1o<\/a><\/li>\n<li><a href=\"https:\/\/es.wikipedia.org\/wiki\/Convenci%C3%B3n_sobre_los_Derechos_del_Ni%C3%B1o\" target=\"_blank\">Wikipedia, Convenci\u00f3n de los Derechos del Ni\u00f1o<\/a><\/li>\n<\/ul>\n<\/div>\n<p style=\"text-align: center;\"><img decoding=\"async\" class=\"aligncenter\" alt=\"\" src=\"https:\/\/www.humanium.org\/es\/wp-content\/uploads\/portail-fr\/References.jpg\" width=\"\u200b550\u200b\" height=\"46\" \/><\/p>\n<ul>\n<li><a href=\"https:\/\/www.unicef.org\/spanish\/rightsite\/sowc\/pdfs\/SOWC_SpecEd_CRC_MainReport_SP_100109.pdf\" target=\"_blank\">UNICEF, Estado Mundial de la Infancia 2010: Conmemoraci\u00f3n de los 20 a\u00f1os de la Convenci\u00f3n sobre los Derechos del Ni\u00f1o<\/a><\/li>\n<\/ul>\n","protected":false},"excerpt":{"rendered":"<p>La Convenci\u00f3n sobre de los Derechos de los Ni\u00f1os Temas de la Convenci\u00f3n La garant\u00eda y protecci\u00f3n de los derechos de los ni\u00f1os son los principales asuntos de inter\u00e9s considerados en la Convenci\u00f3n. Un texto legal que implica obligaciones para los Estados La Convenci\u00f3n Internacional los Derechos de los Ni\u00f1os, incluyendo sus dos protocolos, representa [&hellip;]<\/p>\n","protected":false},"author":1,"featured_media":0,"parent":0,"menu_order":0,"comment_status":"closed","ping_status":"closed","template":"","meta":{"footnotes":""},"class_list":["post-122","page","type-page","status-publish","hentry"],"yoast_head":"<!-- This site is optimized with the Yoast SEO plugin v26.5 - https:\/\/yoast.com\/wordpress\/plugins\/seo\/ -->\n<title>Temas de la Convenci\u00f3n - Humanium<\/title>\n<meta name=\"robots\" content=\"index, follow, max-snippet:-1, max-image-preview:large, max-video-preview:-1\" \/>\n<link rel=\"canonical\" href=\"https:\/\/www.humanium.org\/es\/temas-convencion\/\" \/>\n<meta property=\"og:locale\" content=\"es_ES\" \/>\n<meta property=\"og:type\" content=\"article\" \/>\n<meta property=\"og:title\" content=\"Temas de la Convenci\u00f3n - Humanium\" \/>\n<meta property=\"og:description\" content=\"La Convenci\u00f3n sobre de los Derechos de los Ni\u00f1os Temas de la Convenci\u00f3n La garant\u00eda y protecci\u00f3n de los derechos de los ni\u00f1os son los principales asuntos de inter\u00e9s considerados en la Convenci\u00f3n. Un texto legal que implica obligaciones para los Estados La Convenci\u00f3n Internacional los Derechos de los Ni\u00f1os, incluyendo sus dos protocolos, representa [&hellip;]\" \/>\n<meta property=\"og:url\" content=\"https:\/\/www.humanium.org\/es\/temas-convencion\/\" \/>\n<meta property=\"og:site_name\" content=\"Humanium\" \/>\n<meta property=\"article:modified_time\" content=\"2017-10-04T09:17:40+00:00\" \/>\n<meta property=\"og:image\" content=\"https:\/\/www.humanium.org\/es\/wp-content\/uploads\/portail-fr\/UN-milton-grant.jpg\" \/>\n<meta name=\"twitter:card\" content=\"summary_large_image\" \/>\n<meta name=\"twitter:label1\" content=\"Tiempo de lectura\" \/>\n\t<meta name=\"twitter:data1\" content=\"3 minutos\" \/>\n<script type=\"application\/ld+json\" class=\"yoast-schema-graph\">{\"@context\":\"https:\/\/schema.org\",\"@graph\":[{\"@type\":\"WebPage\",\"@id\":\"https:\/\/www.humanium.org\/es\/temas-convencion\/\",\"url\":\"https:\/\/www.humanium.org\/es\/temas-convencion\/\",\"name\":\"Temas de la Convenci\u00f3n - Humanium\",\"isPartOf\":{\"@id\":\"https:\/\/www.humanium.org\/es\/#website\"},\"primaryImageOfPage\":{\"@id\":\"https:\/\/www.humanium.org\/es\/temas-convencion\/#primaryimage\"},\"image\":{\"@id\":\"https:\/\/www.humanium.org\/es\/temas-convencion\/#primaryimage\"},\"thumbnailUrl\":\"https:\/\/www.humanium.org\/es\/wp-content\/uploads\/portail-fr\/UN-milton-grant.jpg\",\"datePublished\":\"2012-11-14T11:50:42+00:00\",\"dateModified\":\"2017-10-04T09:17:40+00:00\",\"breadcrumb\":{\"@id\":\"https:\/\/www.humanium.org\/es\/temas-convencion\/#breadcrumb\"},\"inLanguage\":\"es\",\"potentialAction\":[{\"@type\":\"ReadAction\",\"target\":[\"https:\/\/www.humanium.org\/es\/temas-convencion\/\"]}]},{\"@type\":\"ImageObject\",\"inLanguage\":\"es\",\"@id\":\"https:\/\/www.humanium.org\/es\/temas-convencion\/#primaryimage\",\"url\":\"https:\/\/www.humanium.org\/es\/wp-content\/uploads\/portail-fr\/UN-milton-grant.jpg\",\"contentUrl\":\"https:\/\/www.humanium.org\/es\/wp-content\/uploads\/portail-fr\/UN-milton-grant.jpg\"},{\"@type\":\"BreadcrumbList\",\"@id\":\"https:\/\/www.humanium.org\/es\/temas-convencion\/#breadcrumb\",\"itemListElement\":[{\"@type\":\"ListItem\",\"position\":1,\"name\":\"Home\",\"item\":\"https:\/\/www.humanium.org\/es\/\"},{\"@type\":\"ListItem\",\"position\":2,\"name\":\"Temas de la Convenci\u00f3n\"}]},{\"@type\":\"WebSite\",\"@id\":\"https:\/\/www.humanium.org\/es\/#website\",\"url\":\"https:\/\/www.humanium.org\/es\/\",\"name\":\"Humanium\",\"description\":\"\u00a1Los ni\u00f1os primero!\",\"potentialAction\":[{\"@type\":\"SearchAction\",\"target\":{\"@type\":\"EntryPoint\",\"urlTemplate\":\"https:\/\/www.humanium.org\/es\/?s={search_term_string}\"},\"query-input\":{\"@type\":\"PropertyValueSpecification\",\"valueRequired\":true,\"valueName\":\"search_term_string\"}}],\"inLanguage\":\"es\"}]}<\/script>\n<!-- \/ Yoast SEO plugin. -->","yoast_head_json":{"title":"Temas de la Convenci\u00f3n - Humanium","robots":{"index":"index","follow":"follow","max-snippet":"max-snippet:-1","max-image-preview":"max-image-preview:large","max-video-preview":"max-video-preview:-1"},"canonical":"https:\/\/www.humanium.org\/es\/temas-convencion\/","og_locale":"es_ES","og_type":"article","og_title":"Temas de la Convenci\u00f3n - Humanium","og_description":"La Convenci\u00f3n sobre de los Derechos de los Ni\u00f1os Temas de la Convenci\u00f3n La garant\u00eda y protecci\u00f3n de los derechos de los ni\u00f1os son los principales asuntos de inter\u00e9s considerados en la Convenci\u00f3n. Un texto legal que implica obligaciones para los Estados La Convenci\u00f3n Internacional los Derechos de los Ni\u00f1os, incluyendo sus dos protocolos, representa [&hellip;]","og_url":"https:\/\/www.humanium.org\/es\/temas-convencion\/","og_site_name":"Humanium","article_modified_time":"2017-10-04T09:17:40+00:00","og_image":[{"url":"https:\/\/www.humanium.org\/es\/wp-content\/uploads\/portail-fr\/UN-milton-grant.jpg","type":"","width":"","height":""}],"twitter_card":"summary_large_image","twitter_misc":{"Tiempo de lectura":"3 minutos"},"schema":{"@context":"https:\/\/schema.org","@graph":[{"@type":"WebPage","@id":"https:\/\/www.humanium.org\/es\/temas-convencion\/","url":"https:\/\/www.humanium.org\/es\/temas-convencion\/","name":"Temas de la Convenci\u00f3n - Humanium","isPartOf":{"@id":"https:\/\/www.humanium.org\/es\/#website"},"primaryImageOfPage":{"@id":"https:\/\/www.humanium.org\/es\/temas-convencion\/#primaryimage"},"image":{"@id":"https:\/\/www.humanium.org\/es\/temas-convencion\/#primaryimage"},"thumbnailUrl":"https:\/\/www.humanium.org\/es\/wp-content\/uploads\/portail-fr\/UN-milton-grant.jpg","datePublished":"2012-11-14T11:50:42+00:00","dateModified":"2017-10-04T09:17:40+00:00","breadcrumb":{"@id":"https:\/\/www.humanium.org\/es\/temas-convencion\/#breadcrumb"},"inLanguage":"es","potentialAction":[{"@type":"ReadAction","target":["https:\/\/www.humanium.org\/es\/temas-convencion\/"]}]},{"@type":"ImageObject","inLanguage":"es","@id":"https:\/\/www.humanium.org\/es\/temas-convencion\/#primaryimage","url":"https:\/\/www.humanium.org\/es\/wp-content\/uploads\/portail-fr\/UN-milton-grant.jpg","contentUrl":"https:\/\/www.humanium.org\/es\/wp-content\/uploads\/portail-fr\/UN-milton-grant.jpg"},{"@type":"BreadcrumbList","@id":"https:\/\/www.humanium.org\/es\/temas-convencion\/#breadcrumb","itemListElement":[{"@type":"ListItem","position":1,"name":"Home","item":"https:\/\/www.humanium.org\/es\/"},{"@type":"ListItem","position":2,"name":"Temas de la Convenci\u00f3n"}]},{"@type":"WebSite","@id":"https:\/\/www.humanium.org\/es\/#website","url":"https:\/\/www.humanium.org\/es\/","name":"Humanium","description":"\u00a1Los ni\u00f1os primero!","potentialAction":[{"@type":"SearchAction","target":{"@type":"EntryPoint","urlTemplate":"https:\/\/www.humanium.org\/es\/?s={search_term_string}"},"query-input":{"@type":"PropertyValueSpecification","valueRequired":true,"valueName":"search_term_string"}}],"inLanguage":"es"}]}},"_links":{"self":[{"href":"https:\/\/www.humanium.org\/es\/wp-json\/wp\/v2\/pages\/122","targetHints":{"allow":["GET"]}}],"collection":[{"href":"https:\/\/www.humanium.org\/es\/wp-json\/wp\/v2\/pages"}],"about":[{"href":"https:\/\/www.humanium.org\/es\/wp-json\/wp\/v2\/types\/page"}],"author":[{"embeddable":true,"href":"https:\/\/www.humanium.org\/es\/wp-json\/wp\/v2\/users\/1"}],"replies":[{"embeddable":true,"href":"https:\/\/www.humanium.org\/es\/wp-json\/wp\/v2\/comments?post=122"}],"version-history":[{"count":6,"href":"https:\/\/www.humanium.org\/es\/wp-json\/wp\/v2\/pages\/122\/revisions"}],"predecessor-version":[{"id":11629,"href":"https:\/\/www.humanium.org\/es\/wp-json\/wp\/v2\/pages\/122\/revisions\/11629"}],"wp:attachment":[{"href":"https:\/\/www.humanium.org\/es\/wp-json\/wp\/v2\/media?parent=122"}],"curies":[{"name":"wp","href":"https:\/\/api.w.org\/{rel}","templated":true}]}}