{"id":1252,"date":"2013-05-15T10:15:54","date_gmt":"2013-05-15T10:15:54","guid":{"rendered":"http:\/\/www.humanium.org\/es\/?page_id=1252"},"modified":"2025-12-05T18:01:38","modified_gmt":"2025-12-05T18:01:38","slug":"monaco","status":"publish","type":"page","link":"https:\/\/www.humanium.org\/es\/monaco\/","title":{"rendered":"Ni\u00f1os de M\u00f3naco"},"content":{"rendered":"<h1>Ni\u00f1os de M\u00f3naco<\/h1>\n<h2>Descubriendo los Derechos del Ni\u00f1o en M\u00f3naco<\/h2>\n<p style=\"text-align: center;\"><img loading=\"lazy\" decoding=\"async\" class=\" wp-image-27256 alignnone\" title=\"Ni\u00f1a de M\u00f3naco \u00a9 Abaca\" src=\"https:\/\/www.humanium.org\/fr\/wp-content\/uploads\/2013\/01\/alexandra-de-hanovre-233x300.jpg\" alt=\"\" width=\"153\" height=\"200\" \/> <img loading=\"lazy\" decoding=\"async\" class=\"alignnone wp-image-27262\" title=\"Ni\u00f1o de M\u00f3naco \u00a9 Kashmut (flickr)\" src=\"https:\/\/www.humanium.org\/fr\/wp-content\/uploads\/2013\/01\/jeune-garcon-225x300.jpg\" alt=\"\" width=\"131\" height=\"200\" \/><\/p>\n<p>A pesar de ser el segundo pa\u00eds m\u00e1s peque\u00f1o del mundo, M\u00f3naco tiene el PIB per c\u00e1pita m\u00e1s alto de todos. Su gran desarrollo econ\u00f3mico y excelente infraestructura proporcionan servicios m\u00e9dicos y educativos de primera clase, adem\u00e1s de todas las ventajas que se pueden esperar de una sociedad desarrollada y estable. La gran mayor\u00eda de la poblaci\u00f3n est\u00e1 establecida en las zonas urbanas, y todos los ni\u00f1os tienen acceso a los servicios primarios de salud y educaci\u00f3n. Un bajo crecimiento demogr\u00e1fico y en particular una tasa de natalidad m\u00e1s baja que la media de la UE explican por qu\u00e9 M\u00f3naco tiene pocos ni\u00f1os. Solo el 12% de la poblaci\u00f3n son menores de 14 a\u00f1os, y el 2% menores de 5.<br \/>\nA pesar de que el pa\u00eds se ha involucrado en la mejora de las condiciones de vida de los ni\u00f1os en todo el mundo, M\u00f3naco s\u00f3lo ha observado de manera limitada las convenciones y leyes espec\u00edficas que protegen los derechos de los ni\u00f1os.<\/p>\n<h3>Principales problemas que afectan a los ni\u00f1os en M\u00f3naco:<\/h3>\n<p><strong><a href=\"https:\/\/www.humanium.org\/es\/salud\/\">Salud<\/a><\/strong><br \/>\nLa tasa de mortalidad entre los menores de 5 a\u00f1os es muy baja; de un 4% en el 2010. Adem\u00e1s, el 100% de los ni\u00f1os tienen acceso a agua potable, y el 99% de estos est\u00e1n vacunados contra las principales enfermedades.<\/p>\n<p><img decoding=\"async\" class=\"alignright wp-image-27582\" style=\"line-height: 24px;\" title=\"Adolescents \u00e0 Monaco \u00a9 Bill Liao (flickr)\" src=\"https:\/\/www.humanium.org\/fr\/wp-content\/uploads\/2013\/01\/Bill-Liao-flickr-150x150.jpg\" alt=\"\" height=\"200\" \/><\/p>\n<p>El aborto terap\u00e9utico se legaliz\u00f3 en el 2009, pero solo puede realizarse en caso de problemas graves de salud de la madre o del feto. Su uso tambi\u00e9n ha sido sancionado para casos de violaci\u00f3n. En casos normales de embarazo no deseado, el aborto sigue estando prohibido.<\/p>\n<p>Existe un problema de drogas entre los adolescentes en M\u00f3naco. Seg\u00fan UNICEF, el Estado no toma las precauciones necesarias para resolver esta situaci\u00f3n.<\/p>\n<p><strong><a href=\"https:\/\/www.humanium.org\/es\/derecho-educacion\/\">Educaci\u00f3n<\/a><\/strong><\/p>\n<p><img loading=\"lazy\" decoding=\"async\" class=\"alignright size-medium wp-image-27584\" title=\"No\u00ebl \u00e0 Monaco avec le Prince Albert \u00a9 BestImage\" src=\"https:\/\/www.humanium.org\/fr\/wp-content\/uploads\/2013\/01\/noel-monaco1-300x199.jpg\" alt=\"\" width=\"300\" height=\"199\" \/><\/p>\n<p>La educaci\u00f3n en M\u00f3naco es de la m\u00e1s alta calidad y est\u00e1 garantizada para todos. Todas las escuelas primarias y secundarias y universidades est\u00e1n bien equipadas; y se aplican estrictos est\u00e1ndares de ense\u00f1anza rigurosamente.<\/p>\n<p>El acceso a tecnolog\u00eda de vanguardia est\u00e1 muy desarrollado. Es m\u00e1s, 80 de cada 100 personas tienen acceso a Internet.<\/p>\n<p>Seg\u00fan UNICEF, los \u00fanicos defectos con respecto a la educaci\u00f3n en M\u00f3naco son el \u00e9nfasis inadecuado en la ense\u00f1anza del respeto a los derechos humanos y el hecho de que M\u00f3naco no observa las convenciones en contra de la <a href=\"https:\/\/www.humanium.org\/es\/discriminacion\/\">discriminaci\u00f3n<\/a> en las escuelas.<\/p>\n<p><strong><a href=\"https:\/\/www.humanium.org\/es\/violencia\/\">Violencia contra los ni\u00f1os<\/a><\/strong><br \/>\nEl castigo corporal de ni\u00f1os y la violencia dom\u00e9stica no est\u00e1n espec\u00edficamente prohibidos en M\u00f3naco.<\/p>\n<p>Por lo tanto, el comit\u00e9 de la ONU ha alentado al pa\u00eds a que apruebe una legislaci\u00f3n para proteger a\u00fan m\u00e1s los derechos de las mujeres, ni\u00f1os y discapacitados, especialmente ante la violencia f\u00edsica.<\/p>\n<p>M\u00f3naco no ratific\u00f3 el protocolo de la ONU en contra de la <a href=\"https:\/\/www.humanium.org\/es\/trata-ninos\/\">venta de ni\u00f1os<\/a>.<\/p>\n<p>A pesar de que no se ha citado ni un solo caso de tortura por alguna organizaci\u00f3n gubernamental o no gubernamental, la definici\u00f3n de tortura no est\u00e1 especificada en la legislaci\u00f3n monegasca.<\/p>\n<p><strong><a href=\"https:\/\/www.humanium.org\/es\/ninos-soldado\/\">Ni\u00f1os soldados <\/a><\/strong><br \/>\nLos ciudadanos deben tener 21 a\u00f1os de edad para unirse a la Compa\u00f1\u00eda de Carabineros del Pr\u00edncipe o al Cuerpo de Bomberos, las \u00fanicas fuerzas militares del pa\u00eds. M\u00f3naco participa en la lucha contra el reclutamiento de ni\u00f1os en conflictos armados en todo el mundo. Sin embargo, no existe una ley espec\u00edfica que proh\u00edba a los ciudadanos de M\u00f3naco reclutar a ni\u00f1os en conflictos armados extranjeros.<\/p>\n<p><strong><a href=\"https:\/\/www.humanium.org\/es\/justicia\/\">Justicia<\/a>\u00a0y\u00a0<a href=\"https:\/\/www.humanium.org\/es\/derecho-identidad\/\">el derecho a la identidad<\/a><\/strong><br \/>\nDesde el 2005, la nacionalidad monegasca se transmite a los ni\u00f1os por la madre. Sin embargo, los hijos de madres naturalizadas a trav\u00e9s del matrimonio pueden perder la nacionalidad monegasca si sus padres se divorcian.<\/p>\n<p>Adem\u00e1s, no existe ninguna instituci\u00f3n nacional independiente que garantice el respeto a los derechos humanos en M\u00f3naco, ni ninguna organizaci\u00f3n que promueva la igualdad de g\u00e9nero.<\/p>\n<p>Por \u00faltimo, no existe ninguna ley que proteja los derechos de homosexuales, bisexuales o transexuales.<\/p>\n","protected":false},"excerpt":{"rendered":"<p>Ni\u00f1os de M\u00f3naco Descubriendo los Derechos del Ni\u00f1o en M\u00f3naco A pesar de ser el segundo pa\u00eds m\u00e1s peque\u00f1o del mundo, M\u00f3naco tiene el PIB per c\u00e1pita m\u00e1s alto de todos. Su gran desarrollo econ\u00f3mico y excelente infraestructura proporcionan servicios m\u00e9dicos y educativos de primera clase, adem\u00e1s de todas las ventajas que se pueden esperar [&hellip;]<\/p>\n","protected":false},"author":1,"featured_media":0,"parent":0,"menu_order":0,"comment_status":"closed","ping_status":"open","template":"","meta":{"footnotes":""},"class_list":["post-1252","page","type-page","status-publish","hentry"],"yoast_head":"<!-- This site is optimized with the Yoast SEO plugin v26.5 - https:\/\/yoast.com\/wordpress\/plugins\/seo\/ -->\n<title>Ni\u00f1os de M\u00f3naco - Humanium<\/title>\n<meta name=\"description\" content=\"El gran desarrollo econ\u00f3mico y excelente infraestructura de M\u00f3naco, proporcionan servicios m\u00e9dicos y educativos de primera clase para los ni\u00f1os.\" \/>\n<meta name=\"robots\" content=\"index, follow, max-snippet:-1, max-image-preview:large, max-video-preview:-1\" \/>\n<link rel=\"canonical\" href=\"https:\/\/www.humanium.org\/es\/monaco\/\" \/>\n<meta property=\"og:locale\" content=\"es_ES\" \/>\n<meta property=\"og:type\" content=\"article\" \/>\n<meta property=\"og:title\" content=\"Ni\u00f1os de M\u00f3naco - Humanium\" \/>\n<meta property=\"og:description\" content=\"El gran desarrollo econ\u00f3mico y excelente infraestructura de M\u00f3naco, proporcionan servicios m\u00e9dicos y educativos de primera clase para los ni\u00f1os.\" \/>\n<meta property=\"og:url\" content=\"https:\/\/www.humanium.org\/es\/monaco\/\" \/>\n<meta property=\"og:site_name\" content=\"Humanium\" \/>\n<meta property=\"article:modified_time\" content=\"2025-12-05T18:01:38+00:00\" \/>\n<meta name=\"twitter:card\" content=\"summary_large_image\" \/>\n<meta name=\"twitter:label1\" content=\"Tiempo de lectura\" \/>\n\t<meta name=\"twitter:data1\" content=\"4 minutos\" \/>\n<script type=\"application\/ld+json\" class=\"yoast-schema-graph\">{\"@context\":\"https:\/\/schema.org\",\"@graph\":[{\"@type\":\"WebPage\",\"@id\":\"https:\/\/www.humanium.org\/es\/monaco\/\",\"url\":\"https:\/\/www.humanium.org\/es\/monaco\/\",\"name\":\"Ni\u00f1os de M\u00f3naco - Humanium\",\"isPartOf\":{\"@id\":\"https:\/\/www.humanium.org\/es\/#website\"},\"primaryImageOfPage\":{\"@id\":\"https:\/\/www.humanium.org\/es\/monaco\/#primaryimage\"},\"image\":{\"@id\":\"https:\/\/www.humanium.org\/es\/monaco\/#primaryimage\"},\"thumbnailUrl\":\"https:\/\/www.humanium.org\/fr\/wp-content\/uploads\/2013\/01\/alexandra-de-hanovre-233x300.jpg\",\"datePublished\":\"2013-05-15T10:15:54+00:00\",\"dateModified\":\"2025-12-05T18:01:38+00:00\",\"description\":\"El gran desarrollo econ\u00f3mico y excelente infraestructura de M\u00f3naco, proporcionan servicios m\u00e9dicos y educativos de primera clase para los ni\u00f1os.\",\"breadcrumb\":{\"@id\":\"https:\/\/www.humanium.org\/es\/monaco\/#breadcrumb\"},\"inLanguage\":\"es\",\"potentialAction\":[{\"@type\":\"ReadAction\",\"target\":[\"https:\/\/www.humanium.org\/es\/monaco\/\"]}]},{\"@type\":\"ImageObject\",\"inLanguage\":\"es\",\"@id\":\"https:\/\/www.humanium.org\/es\/monaco\/#primaryimage\",\"url\":\"https:\/\/www.humanium.org\/fr\/wp-content\/uploads\/2013\/01\/alexandra-de-hanovre-233x300.jpg\",\"contentUrl\":\"https:\/\/www.humanium.org\/fr\/wp-content\/uploads\/2013\/01\/alexandra-de-hanovre-233x300.jpg\"},{\"@type\":\"BreadcrumbList\",\"@id\":\"https:\/\/www.humanium.org\/es\/monaco\/#breadcrumb\",\"itemListElement\":[{\"@type\":\"ListItem\",\"position\":1,\"name\":\"Home\",\"item\":\"https:\/\/www.humanium.org\/es\/\"},{\"@type\":\"ListItem\",\"position\":2,\"name\":\"Ni\u00f1os de M\u00f3naco\"}]},{\"@type\":\"WebSite\",\"@id\":\"https:\/\/www.humanium.org\/es\/#website\",\"url\":\"https:\/\/www.humanium.org\/es\/\",\"name\":\"Humanium\",\"description\":\"\u00a1Los ni\u00f1os primero!\",\"potentialAction\":[{\"@type\":\"SearchAction\",\"target\":{\"@type\":\"EntryPoint\",\"urlTemplate\":\"https:\/\/www.humanium.org\/es\/?s={search_term_string}\"},\"query-input\":{\"@type\":\"PropertyValueSpecification\",\"valueRequired\":true,\"valueName\":\"search_term_string\"}}],\"inLanguage\":\"es\"}]}<\/script>\n<!-- \/ Yoast SEO plugin. -->","yoast_head_json":{"title":"Ni\u00f1os de M\u00f3naco - Humanium","description":"El gran desarrollo econ\u00f3mico y excelente infraestructura de M\u00f3naco, proporcionan servicios m\u00e9dicos y educativos de primera clase para los ni\u00f1os.","robots":{"index":"index","follow":"follow","max-snippet":"max-snippet:-1","max-image-preview":"max-image-preview:large","max-video-preview":"max-video-preview:-1"},"canonical":"https:\/\/www.humanium.org\/es\/monaco\/","og_locale":"es_ES","og_type":"article","og_title":"Ni\u00f1os de M\u00f3naco - Humanium","og_description":"El gran desarrollo econ\u00f3mico y excelente infraestructura de M\u00f3naco, proporcionan servicios m\u00e9dicos y educativos de primera clase para los ni\u00f1os.","og_url":"https:\/\/www.humanium.org\/es\/monaco\/","og_site_name":"Humanium","article_modified_time":"2025-12-05T18:01:38+00:00","twitter_card":"summary_large_image","twitter_misc":{"Tiempo de lectura":"4 minutos"},"schema":{"@context":"https:\/\/schema.org","@graph":[{"@type":"WebPage","@id":"https:\/\/www.humanium.org\/es\/monaco\/","url":"https:\/\/www.humanium.org\/es\/monaco\/","name":"Ni\u00f1os de M\u00f3naco - Humanium","isPartOf":{"@id":"https:\/\/www.humanium.org\/es\/#website"},"primaryImageOfPage":{"@id":"https:\/\/www.humanium.org\/es\/monaco\/#primaryimage"},"image":{"@id":"https:\/\/www.humanium.org\/es\/monaco\/#primaryimage"},"thumbnailUrl":"https:\/\/www.humanium.org\/fr\/wp-content\/uploads\/2013\/01\/alexandra-de-hanovre-233x300.jpg","datePublished":"2013-05-15T10:15:54+00:00","dateModified":"2025-12-05T18:01:38+00:00","description":"El gran desarrollo econ\u00f3mico y excelente infraestructura de M\u00f3naco, proporcionan servicios m\u00e9dicos y educativos de primera clase para los ni\u00f1os.","breadcrumb":{"@id":"https:\/\/www.humanium.org\/es\/monaco\/#breadcrumb"},"inLanguage":"es","potentialAction":[{"@type":"ReadAction","target":["https:\/\/www.humanium.org\/es\/monaco\/"]}]},{"@type":"ImageObject","inLanguage":"es","@id":"https:\/\/www.humanium.org\/es\/monaco\/#primaryimage","url":"https:\/\/www.humanium.org\/fr\/wp-content\/uploads\/2013\/01\/alexandra-de-hanovre-233x300.jpg","contentUrl":"https:\/\/www.humanium.org\/fr\/wp-content\/uploads\/2013\/01\/alexandra-de-hanovre-233x300.jpg"},{"@type":"BreadcrumbList","@id":"https:\/\/www.humanium.org\/es\/monaco\/#breadcrumb","itemListElement":[{"@type":"ListItem","position":1,"name":"Home","item":"https:\/\/www.humanium.org\/es\/"},{"@type":"ListItem","position":2,"name":"Ni\u00f1os de M\u00f3naco"}]},{"@type":"WebSite","@id":"https:\/\/www.humanium.org\/es\/#website","url":"https:\/\/www.humanium.org\/es\/","name":"Humanium","description":"\u00a1Los ni\u00f1os primero!","potentialAction":[{"@type":"SearchAction","target":{"@type":"EntryPoint","urlTemplate":"https:\/\/www.humanium.org\/es\/?s={search_term_string}"},"query-input":{"@type":"PropertyValueSpecification","valueRequired":true,"valueName":"search_term_string"}}],"inLanguage":"es"}]}},"_links":{"self":[{"href":"https:\/\/www.humanium.org\/es\/wp-json\/wp\/v2\/pages\/1252","targetHints":{"allow":["GET"]}}],"collection":[{"href":"https:\/\/www.humanium.org\/es\/wp-json\/wp\/v2\/pages"}],"about":[{"href":"https:\/\/www.humanium.org\/es\/wp-json\/wp\/v2\/types\/page"}],"author":[{"embeddable":true,"href":"https:\/\/www.humanium.org\/es\/wp-json\/wp\/v2\/users\/1"}],"replies":[{"embeddable":true,"href":"https:\/\/www.humanium.org\/es\/wp-json\/wp\/v2\/comments?post=1252"}],"version-history":[{"count":3,"href":"https:\/\/www.humanium.org\/es\/wp-json\/wp\/v2\/pages\/1252\/revisions"}],"predecessor-version":[{"id":20495,"href":"https:\/\/www.humanium.org\/es\/wp-json\/wp\/v2\/pages\/1252\/revisions\/20495"}],"wp:attachment":[{"href":"https:\/\/www.humanium.org\/es\/wp-json\/wp\/v2\/media?parent=1252"}],"curies":[{"name":"wp","href":"https:\/\/api.w.org\/{rel}","templated":true}]}}