{"id":1267,"date":"2013-05-15T10:36:00","date_gmt":"2013-05-15T10:36:00","guid":{"rendered":"http:\/\/www.humanium.org\/es\/?page_id=1267"},"modified":"2025-12-05T18:02:07","modified_gmt":"2025-12-05T18:02:07","slug":"luxemburgo","status":"publish","type":"page","link":"https:\/\/www.humanium.org\/es\/luxemburgo\/","title":{"rendered":"Ni\u00f1os de Luxemburgo"},"content":{"rendered":"<h1>Ni\u00f1os de Luxemburgo<\/h1>\n<h2>Descubriendo los Derechos del Ni\u00f1o en Luxemburgo<\/h2>\n<p style=\"text-align: center;\"><img loading=\"lazy\" decoding=\"async\" class=\" wp-image-27256 alignnone\" title=\"Ni\u00f1a de Luxemburgo \u00a9 Manu-Claude (flickr)\" src=\"https:\/\/www.humanium.org\/fr\/wp-content\/uploads\/2013\/01\/jeune-fille-allfr-trois-d.jpg\" alt=\"\" width=\"153\" height=\"200\" \/> <img loading=\"lazy\" decoding=\"async\" class=\"alignnone wp-image-27262\" title=\"Ni\u00f1o de Luxemburgo \u00a9 gwenael-piaser\" src=\"https:\/\/www.humanium.org\/fr\/wp-content\/uploads\/2013\/01\/jeune-garcon-gwenael-piaser.jpg\" alt=\"\" width=\"204\" height=\"200\" \/><\/p>\n<p>En Luxemburgo, los ni\u00f1os representan un cuarto de la poblaci\u00f3n total. Aunque el pa\u00eds ha ratificado la <a href=\"https:\/\/www.humanium.org\/es\/convencion\/\">Convenci\u00f3n Internacional sobre los Derechos del Ni\u00f1o<\/a> y, en general, sus ni\u00f1os no tienen problemas, aun es necesario hacer esfuerzos en \u00e1reas espec\u00edficas relativas a los menores de edad.<\/p>\n<h3>Principales problemas que afectan a los ni\u00f1os en Luxemburgo:<\/h3>\n<p><strong>Ni\u00f1os inmigrantes y <a href=\"https:\/\/www.humanium.org\/es\/derecho-educacion\/\">educaci\u00f3n<br \/>\n<\/a><\/strong><br \/>\nLuxemburgo concede una gran importancia a la integraci\u00f3n de los ni\u00f1os de familias migrantes en el sistema escolar, para promover la cohesi\u00f3n social. La educaci\u00f3n es obligatoria desde los 4 a\u00f1os para todos los ni\u00f1os; esto permite que los ni\u00f1os migrantes dispongan de <a href=\"https:\/\/www.humanium.org\/es\/derecho-educacion\/\">educaci\u00f3n<\/a> y aprendan luxemburgu\u00e9s desde una corta edad.<\/p>\n<p>Luxemburgo tiene tres idiomas oficiales que son el luxemburgu\u00e9s, el franc\u00e9s y el alem\u00e1n, y todos ellos son ense\u00f1ados en la escuela. Los ni\u00f1os extranjeros que llegan al pa\u00eds a una edad m\u00e1s avanzada no tienen las habilidades idiom\u00e1ticas necesarias y esto les impide seguir el nivel escolar que corresponde a su edad. A pesar de los esfuerzos puestos en marcha para integrar a los estudiantes extranjeros, aprender 3 idiomas puede ser un factor de fracaso para los ni\u00f1os migrantes.<\/p>\n<p><strong><a href=\"https:\/\/www.humanium.org\/es\/justicia\/\">La justicia de menores<br \/>\n<\/a><\/strong><br \/>\nUna caracter\u00edstica clave del \u00e9xito de la intervenci\u00f3n judicial relativa a los menores en conflicto con la ley, es la respuesta judicial r\u00e1pida. Los j\u00f3venes no tienen la misma noci\u00f3n del tiempo, por lo tanto, cuando el sistema de justicia se demora demasiado para dar respuesta a la infracci\u00f3n cometida, los j\u00f3venes son menos conscientes del v\u00ednculo entre la falta y la pena impuesta. Uno de los principales problemas en el sistema de justicia juvenil de Luxemburgo es que la dilaci\u00f3n judicial es demasiado larga y por lo tanto no sirve a los intereses del ni\u00f1o.<\/p>\n<p><strong><a href=\"https:\/\/www.humanium.org\/es\/abuso-infantil\/\">El Abuso<br \/>\n<\/a><\/strong><br \/>\nLos casos de abuso reportados est\u00e1n aumentando en Luxemburgo. En 2009, la Asociaci\u00f3n de Luxemburgo para Ni\u00f1os Abusados registr\u00f3 184 casos de violencia contra los ni\u00f1os, contra 163 en 2008. Este incremento se debe probablemente a una mejor comprensi\u00f3n de la estructura, lo que resultar\u00eda en un mayor n\u00famero de informes.<\/p>\n<p><strong>Los ni\u00f1os en el sistema de bienestar social<\/strong><\/p>\n<p>Con 1.143 ni\u00f1os ubicados en instituciones de bienestar social y en familias de acogida en Luxemburgo o en el extranjero, en 2011, Luxemburgo tuvo uno de los mayores \u00edndices mundiales de ni\u00f1os bajo cuidado. Las solicitudes de colocaci\u00f3n de los adolescentes han ido en aumento desde 2005. Los procedimientos pueden ser cuestionados porque esas decisiones se llevan a cabo directamente sin antes haber dado u ofrecido ayuda a las familias.<\/p>\n<p><strong><a href=\"https:\/\/www.humanium.org\/es\/suicidio-infantil\/\">El suicidio en los j\u00f3venes<br \/>\n<\/a><\/strong><br \/>\nEs muy dif\u00edcil encontrar datos fiables y actualizados sobre las tasas de suicidio o de intento de suicidio. Este problema parece estar relacionado en parte con la propia definici\u00f3n de suicidio: si por ejemplo un ni\u00f1o no es hospitalizado despu\u00e9s de un intento de suicidio sino que recibe atenci\u00f3n ambulatoria, no ser\u00e1 incluido dentro de las estad\u00edsticas. Sin embargo, la estimaci\u00f3n del n\u00famero de intentos de suicidio es de 700 personas por a\u00f1o, y entre esta gente, los adolescentes son los m\u00e1s afectados.<\/p>\n<p><strong>El Entorno<br \/>\n<\/strong><br \/>\nLa emisi\u00f3n importante de CO2 en Luxemburgo tiene consecuencias para el bienestar de los ni\u00f1os. Esa contaminaci\u00f3n del aire puede causar problemas de <a href=\"https:\/\/www.humanium.org\/es\/derecho-salud\/\">salud<\/a> como afecciones respiratorias. Adem\u00e1s, el gobierno no ha tomado en cuenta el impacto que producen en los ni\u00f1os sus medidas para reducir la contaminaci\u00f3n.<\/p>\n","protected":false},"excerpt":{"rendered":"<p>Ni\u00f1os de Luxemburgo Descubriendo los Derechos del Ni\u00f1o en Luxemburgo En Luxemburgo, los ni\u00f1os representan un cuarto de la poblaci\u00f3n total. Aunque el pa\u00eds ha ratificado la Convenci\u00f3n Internacional sobre los Derechos del Ni\u00f1o y, en general, sus ni\u00f1os no tienen problemas, aun es necesario hacer esfuerzos en \u00e1reas espec\u00edficas relativas a los menores de [&hellip;]<\/p>\n","protected":false},"author":1,"featured_media":0,"parent":0,"menu_order":0,"comment_status":"closed","ping_status":"open","template":"","meta":{"footnotes":""},"class_list":["post-1267","page","type-page","status-publish","hentry"],"yoast_head":"<!-- This site is optimized with the Yoast SEO plugin v26.5 - https:\/\/yoast.com\/wordpress\/plugins\/seo\/ -->\n<title>Ni\u00f1os de Luxemburgo - Humanium<\/title>\n<meta name=\"description\" content=\"Aunque Luxemburgo ha ratificado la Convenci\u00f3n Internacional sobre los Derechos del Ni\u00f1o, y la situaci\u00f3n de estos es buena, a\u00fan es necesario hacer esfuerzos.\" \/>\n<meta name=\"robots\" content=\"index, follow, max-snippet:-1, max-image-preview:large, max-video-preview:-1\" \/>\n<link rel=\"canonical\" href=\"https:\/\/www.humanium.org\/es\/luxemburgo\/\" \/>\n<meta property=\"og:locale\" content=\"es_ES\" \/>\n<meta property=\"og:type\" content=\"article\" \/>\n<meta property=\"og:title\" content=\"Ni\u00f1os de Luxemburgo - Humanium\" \/>\n<meta property=\"og:description\" content=\"Aunque Luxemburgo ha ratificado la Convenci\u00f3n Internacional sobre los Derechos del Ni\u00f1o, y la situaci\u00f3n de estos es buena, a\u00fan es necesario hacer esfuerzos.\" \/>\n<meta property=\"og:url\" content=\"https:\/\/www.humanium.org\/es\/luxemburgo\/\" \/>\n<meta property=\"og:site_name\" content=\"Humanium\" \/>\n<meta property=\"article:modified_time\" content=\"2025-12-05T18:02:07+00:00\" \/>\n<meta name=\"twitter:card\" content=\"summary_large_image\" \/>\n<meta name=\"twitter:label1\" content=\"Tiempo de lectura\" \/>\n\t<meta name=\"twitter:data1\" content=\"4 minutos\" \/>\n<script type=\"application\/ld+json\" class=\"yoast-schema-graph\">{\"@context\":\"https:\/\/schema.org\",\"@graph\":[{\"@type\":\"WebPage\",\"@id\":\"https:\/\/www.humanium.org\/es\/luxemburgo\/\",\"url\":\"https:\/\/www.humanium.org\/es\/luxemburgo\/\",\"name\":\"Ni\u00f1os de Luxemburgo - Humanium\",\"isPartOf\":{\"@id\":\"https:\/\/www.humanium.org\/es\/#website\"},\"primaryImageOfPage\":{\"@id\":\"https:\/\/www.humanium.org\/es\/luxemburgo\/#primaryimage\"},\"image\":{\"@id\":\"https:\/\/www.humanium.org\/es\/luxemburgo\/#primaryimage\"},\"thumbnailUrl\":\"https:\/\/www.humanium.org\/fr\/wp-content\/uploads\/2013\/01\/jeune-fille-allfr-trois-d.jpg\",\"datePublished\":\"2013-05-15T10:36:00+00:00\",\"dateModified\":\"2025-12-05T18:02:07+00:00\",\"description\":\"Aunque Luxemburgo ha ratificado la Convenci\u00f3n Internacional sobre los Derechos del Ni\u00f1o, y la situaci\u00f3n de estos es buena, a\u00fan es necesario hacer esfuerzos.\",\"breadcrumb\":{\"@id\":\"https:\/\/www.humanium.org\/es\/luxemburgo\/#breadcrumb\"},\"inLanguage\":\"es\",\"potentialAction\":[{\"@type\":\"ReadAction\",\"target\":[\"https:\/\/www.humanium.org\/es\/luxemburgo\/\"]}]},{\"@type\":\"ImageObject\",\"inLanguage\":\"es\",\"@id\":\"https:\/\/www.humanium.org\/es\/luxemburgo\/#primaryimage\",\"url\":\"https:\/\/www.humanium.org\/fr\/wp-content\/uploads\/2013\/01\/jeune-fille-allfr-trois-d.jpg\",\"contentUrl\":\"https:\/\/www.humanium.org\/fr\/wp-content\/uploads\/2013\/01\/jeune-fille-allfr-trois-d.jpg\"},{\"@type\":\"BreadcrumbList\",\"@id\":\"https:\/\/www.humanium.org\/es\/luxemburgo\/#breadcrumb\",\"itemListElement\":[{\"@type\":\"ListItem\",\"position\":1,\"name\":\"Home\",\"item\":\"https:\/\/www.humanium.org\/es\/\"},{\"@type\":\"ListItem\",\"position\":2,\"name\":\"Ni\u00f1os de Luxemburgo\"}]},{\"@type\":\"WebSite\",\"@id\":\"https:\/\/www.humanium.org\/es\/#website\",\"url\":\"https:\/\/www.humanium.org\/es\/\",\"name\":\"Humanium\",\"description\":\"\u00a1Los ni\u00f1os primero!\",\"potentialAction\":[{\"@type\":\"SearchAction\",\"target\":{\"@type\":\"EntryPoint\",\"urlTemplate\":\"https:\/\/www.humanium.org\/es\/?s={search_term_string}\"},\"query-input\":{\"@type\":\"PropertyValueSpecification\",\"valueRequired\":true,\"valueName\":\"search_term_string\"}}],\"inLanguage\":\"es\"}]}<\/script>\n<!-- \/ Yoast SEO plugin. -->","yoast_head_json":{"title":"Ni\u00f1os de Luxemburgo - Humanium","description":"Aunque Luxemburgo ha ratificado la Convenci\u00f3n Internacional sobre los Derechos del Ni\u00f1o, y la situaci\u00f3n de estos es buena, a\u00fan es necesario hacer esfuerzos.","robots":{"index":"index","follow":"follow","max-snippet":"max-snippet:-1","max-image-preview":"max-image-preview:large","max-video-preview":"max-video-preview:-1"},"canonical":"https:\/\/www.humanium.org\/es\/luxemburgo\/","og_locale":"es_ES","og_type":"article","og_title":"Ni\u00f1os de Luxemburgo - Humanium","og_description":"Aunque Luxemburgo ha ratificado la Convenci\u00f3n Internacional sobre los Derechos del Ni\u00f1o, y la situaci\u00f3n de estos es buena, a\u00fan es necesario hacer esfuerzos.","og_url":"https:\/\/www.humanium.org\/es\/luxemburgo\/","og_site_name":"Humanium","article_modified_time":"2025-12-05T18:02:07+00:00","twitter_card":"summary_large_image","twitter_misc":{"Tiempo de lectura":"4 minutos"},"schema":{"@context":"https:\/\/schema.org","@graph":[{"@type":"WebPage","@id":"https:\/\/www.humanium.org\/es\/luxemburgo\/","url":"https:\/\/www.humanium.org\/es\/luxemburgo\/","name":"Ni\u00f1os de Luxemburgo - Humanium","isPartOf":{"@id":"https:\/\/www.humanium.org\/es\/#website"},"primaryImageOfPage":{"@id":"https:\/\/www.humanium.org\/es\/luxemburgo\/#primaryimage"},"image":{"@id":"https:\/\/www.humanium.org\/es\/luxemburgo\/#primaryimage"},"thumbnailUrl":"https:\/\/www.humanium.org\/fr\/wp-content\/uploads\/2013\/01\/jeune-fille-allfr-trois-d.jpg","datePublished":"2013-05-15T10:36:00+00:00","dateModified":"2025-12-05T18:02:07+00:00","description":"Aunque Luxemburgo ha ratificado la Convenci\u00f3n Internacional sobre los Derechos del Ni\u00f1o, y la situaci\u00f3n de estos es buena, a\u00fan es necesario hacer esfuerzos.","breadcrumb":{"@id":"https:\/\/www.humanium.org\/es\/luxemburgo\/#breadcrumb"},"inLanguage":"es","potentialAction":[{"@type":"ReadAction","target":["https:\/\/www.humanium.org\/es\/luxemburgo\/"]}]},{"@type":"ImageObject","inLanguage":"es","@id":"https:\/\/www.humanium.org\/es\/luxemburgo\/#primaryimage","url":"https:\/\/www.humanium.org\/fr\/wp-content\/uploads\/2013\/01\/jeune-fille-allfr-trois-d.jpg","contentUrl":"https:\/\/www.humanium.org\/fr\/wp-content\/uploads\/2013\/01\/jeune-fille-allfr-trois-d.jpg"},{"@type":"BreadcrumbList","@id":"https:\/\/www.humanium.org\/es\/luxemburgo\/#breadcrumb","itemListElement":[{"@type":"ListItem","position":1,"name":"Home","item":"https:\/\/www.humanium.org\/es\/"},{"@type":"ListItem","position":2,"name":"Ni\u00f1os de Luxemburgo"}]},{"@type":"WebSite","@id":"https:\/\/www.humanium.org\/es\/#website","url":"https:\/\/www.humanium.org\/es\/","name":"Humanium","description":"\u00a1Los ni\u00f1os primero!","potentialAction":[{"@type":"SearchAction","target":{"@type":"EntryPoint","urlTemplate":"https:\/\/www.humanium.org\/es\/?s={search_term_string}"},"query-input":{"@type":"PropertyValueSpecification","valueRequired":true,"valueName":"search_term_string"}}],"inLanguage":"es"}]}},"_links":{"self":[{"href":"https:\/\/www.humanium.org\/es\/wp-json\/wp\/v2\/pages\/1267","targetHints":{"allow":["GET"]}}],"collection":[{"href":"https:\/\/www.humanium.org\/es\/wp-json\/wp\/v2\/pages"}],"about":[{"href":"https:\/\/www.humanium.org\/es\/wp-json\/wp\/v2\/types\/page"}],"author":[{"embeddable":true,"href":"https:\/\/www.humanium.org\/es\/wp-json\/wp\/v2\/users\/1"}],"replies":[{"embeddable":true,"href":"https:\/\/www.humanium.org\/es\/wp-json\/wp\/v2\/comments?post=1267"}],"version-history":[{"count":3,"href":"https:\/\/www.humanium.org\/es\/wp-json\/wp\/v2\/pages\/1267\/revisions"}],"predecessor-version":[{"id":20499,"href":"https:\/\/www.humanium.org\/es\/wp-json\/wp\/v2\/pages\/1267\/revisions\/20499"}],"wp:attachment":[{"href":"https:\/\/www.humanium.org\/es\/wp-json\/wp\/v2\/media?parent=1267"}],"curies":[{"name":"wp","href":"https:\/\/api.w.org\/{rel}","templated":true}]}}