{"id":1276,"date":"2013-05-16T07:46:14","date_gmt":"2013-05-16T07:46:14","guid":{"rendered":"http:\/\/www.humanium.org\/es\/?page_id=1276"},"modified":"2025-12-05T18:01:59","modified_gmt":"2025-12-05T18:01:59","slug":"macedonia","status":"publish","type":"page","link":"https:\/\/www.humanium.org\/es\/macedonia\/","title":{"rendered":"Ni\u00f1os de Macedonia"},"content":{"rendered":"<h1>Ni\u00f1os de Macedonia<\/h1>\n<h2>Descubriendo los Derechos del Ni\u00f1o en Macedonia<\/h2>\n<p style=\"text-align: center;\"><img loading=\"lazy\" decoding=\"async\" class=\" wp-image-27256 alignnone\" title=\"Ni\u00f1a de Macedonia \u00a9 Manu-Claude (flickr)\" src=\"https:\/\/www.humanium.org\/fr\/wp-content\/uploads\/2013\/01\/Image-du-Petite-Fille-300x214.jpg\" alt=\"\" width=\"216\" height=\"200\" \/><\/p>\n<p>Macedonia, Antigua Rep\u00fablica yugoslava de Macedonia, form\u00f3 parte de la Rep\u00fablica de Yugoslavia. Su independencia la obliga a partir de ahora a establecer sus propias leyes y los derechos de los ni\u00f1os a\u00fan no se respetan totalmente.<\/p>\n<h3>Principales problemas que afectan a los ni\u00f1os en Macedonia:<\/h3>\n<p><strong><a href=\"https:\/\/www.humanium.org\/es\/discriminacion\/\">La discriminaci\u00f3n<br \/>\n<\/a><\/strong><br \/>\nExiste una ley que prohibe la <a href=\"https:\/\/www.humanium.org\/es\/discriminacion\/\">discriminaci\u00f3n<\/a>, pero contiene ciertas excepciones . As\u00ed en 2011, el Comit\u00e9 de las Naciones Unidas a favor de los derechos del ni\u00f1o constat\u00f3 que los ni\u00f1os de minor\u00edas y sobre todo los ni\u00f1os roms no poseen documentos de identidad; esto no les permite acceder a los servicios administrativos b\u00e1sicos .<\/p>\n<p>En consecuencia , la mortalidad infantil ser\u00eda m\u00e1s alta en la comunidad rom debido a un acceso m\u00e1s limitado al sistema de salud.<\/p>\n<p>Por otro lado, el sistema de cuidado tambi\u00e9n es discriminante puesto que se ocupa solamente de los ni\u00f1os escolarizados de manera formal y cuyos padres tienen un empleo o los cubre el r\u00e9gimen de protecci\u00f3n social.<\/p>\n<p><strong><a href=\"https:\/\/www.humanium.org\/es\/derecho-educacion\/\">El Derecho a la Educaci\u00f3n<br \/>\n<\/a><\/strong><br \/>\nAunque la tasa de escolarizaci\u00f3n en la escuela primaria entre 2007 y 2009 se considera (93%), la escolarizaci\u00f3n sigue siendo dif\u00edcil para las minor\u00edas, particularmente para los roms En efecto, los ni\u00f1os roms no tienen acceso a la educaci\u00f3n en su idioma, lo que no les permite llevar una educaci\u00f3n normal. Cada vez es m\u00e1s frecuente que los ni\u00f1os sean reagrupados en escuelas seg\u00fan su origen \u00e9tnico, lo que acarrea desigualdades en el nivel de educaci\u00f3n obtenido.<\/p>\n<p>Por otra parte, muy pocas escuelas son accesibles por el momento para los ni\u00f1os discapacitados que permanecen al margen del sistema educativo.<\/p>\n<p><strong><a href=\"https:\/\/www.humanium.org\/es\/derecho-identidad\/\">El Derecho a la Identidad<br \/>\n<\/a><\/strong><br \/>\nEl Derecho a la Identidad es esencial para que todos sean reconocidos oficialmente en el seno de su pa\u00eds. En Macedonia, un gran n\u00famero de ni\u00f1os no tiene su documento de identidad o certificado de nacimiento, lo que les impide tener acceso a los servicios administrativos b\u00e1sicos (educaci\u00f3n, salud, subsidios familiares, etc.). Esta falta de documentos concierne sobre todo a los ni\u00f1os roms y a los ni\u00f1os refugiados.<\/p>\n<p>Por otra parte, la ley de la ex Rep\u00fablica yugoslava de Macedonia autoriza la supresi\u00f3n de informaciones sobre el origen de los ni\u00f1os adoptados. As\u00ed, los ni\u00f1os adoptados no tienen necesariamente la posibilidad de conocer sus or\u00edgenes y su verdadera identidad.<\/p>\n<p><strong><a href=\"https:\/\/www.humanium.org\/es\/trata-ninos\/\">El tr\u00e1fico infantil<br \/>\n<\/a><\/strong><br \/>\nLas pr\u00e1cticas tradicionales siguen vigentes y se oponen a los derechos de los ni\u00f1os. As\u00ed, aunque la edad legal para contraer <a href=\"https:\/\/www.humanium.org\/es\/matrimonio-infantil\/\">matrimonio<\/a> es de 18 a\u00f1os, muchos ni\u00f1os son todav\u00eda vendidos antes de esa edad para casarse a la fuerza.<img loading=\"lazy\" decoding=\"async\" class=\"alignright size-medium wp-image-27796\" title=\"Trafic d'enfants mac\u00e9doine \u00a9 Impact Visuals\" src=\"https:\/\/www.humanium.org\/fr\/wp-content\/uploads\/2013\/01\/Trafic-denfants-300x198.jpg\" alt=\"\" width=\"300\" height=\"198\" \/><\/p>\n<p>Los ni\u00f1os a veces tambi\u00e9n son usados para trabajar de forma ilegal. Deben tener un m\u00ednimo de 15 a\u00f1os para hacerlo de forma legal. Y hay que se\u00f1alar que los asalariados menores de 18 a\u00f1os se benefician de una protecci\u00f3n social particular. Sin embargo, el Comit\u00e9 de las Naciones Unidas a favor de los derechos de los ni\u00f1os estima que estas leyes no se respetan mucho. Igualmente, existir\u00eda una muy fuerte econom\u00eda paralela en la cual numerosos ni\u00f1os trabajar\u00edan particularmente para la mendicidad, la venta ambulante en las calles o en los restaurantes.<\/p>\n<p><strong><a href=\"https:\/\/www.humanium.org\/es\/violencia\/\">Los maltratos f\u00edsicos<br \/>\n<\/a><\/strong><br \/>\nExiste una ley para prohibir los maltratos f\u00edsicos en la escuela, pero esta pr\u00e1ctica de maltrato no est\u00e1 suprimida en las familias en las cuales es muy com\u00fan.<\/p>\n<p>Por otra parte, el Comit\u00e9 de las Naciones Unidas asimismo constat\u00f3 que el maltrato es muy frecuente en las instituciones de reemplazo de la familia, como los orfanatos o los centros de correcci\u00f3n, donde los golpes se usan con frecuencia<\/p>\n","protected":false},"excerpt":{"rendered":"<p>Ni\u00f1os de Macedonia Descubriendo los Derechos del Ni\u00f1o en Macedonia Macedonia, Antigua Rep\u00fablica yugoslava de Macedonia, form\u00f3 parte de la Rep\u00fablica de Yugoslavia. Su independencia la obliga a partir de ahora a establecer sus propias leyes y los derechos de los ni\u00f1os a\u00fan no se respetan totalmente. Principales problemas que afectan a los ni\u00f1os en [&hellip;]<\/p>\n","protected":false},"author":1,"featured_media":0,"parent":0,"menu_order":0,"comment_status":"closed","ping_status":"open","template":"","meta":{"footnotes":""},"class_list":["post-1276","page","type-page","status-publish","hentry"],"yoast_head":"<!-- This site is optimized with the Yoast SEO plugin v26.5 - https:\/\/yoast.com\/wordpress\/plugins\/seo\/ -->\n<title>Ni\u00f1os de Macedonia - Humanium<\/title>\n<meta name=\"description\" content=\"La independencia de Macedonia la ha obligado a establecer sus propias leyes. Los derechos de los ni\u00f1os a\u00fan no se respetan totalmente.\" \/>\n<meta name=\"robots\" content=\"index, follow, max-snippet:-1, max-image-preview:large, max-video-preview:-1\" \/>\n<link rel=\"canonical\" href=\"https:\/\/www.humanium.org\/es\/macedonia\/\" \/>\n<meta property=\"og:locale\" content=\"es_ES\" \/>\n<meta property=\"og:type\" content=\"article\" \/>\n<meta property=\"og:title\" content=\"Ni\u00f1os de Macedonia - Humanium\" \/>\n<meta property=\"og:description\" content=\"La independencia de Macedonia la ha obligado a establecer sus propias leyes. Los derechos de los ni\u00f1os a\u00fan no se respetan totalmente.\" \/>\n<meta property=\"og:url\" content=\"https:\/\/www.humanium.org\/es\/macedonia\/\" \/>\n<meta property=\"og:site_name\" content=\"Humanium\" \/>\n<meta property=\"article:modified_time\" content=\"2025-12-05T18:01:59+00:00\" \/>\n<meta name=\"twitter:card\" content=\"summary_large_image\" \/>\n<meta name=\"twitter:label1\" content=\"Tiempo de lectura\" \/>\n\t<meta name=\"twitter:data1\" content=\"4 minutos\" \/>\n<script type=\"application\/ld+json\" class=\"yoast-schema-graph\">{\"@context\":\"https:\/\/schema.org\",\"@graph\":[{\"@type\":\"WebPage\",\"@id\":\"https:\/\/www.humanium.org\/es\/macedonia\/\",\"url\":\"https:\/\/www.humanium.org\/es\/macedonia\/\",\"name\":\"Ni\u00f1os de Macedonia - Humanium\",\"isPartOf\":{\"@id\":\"https:\/\/www.humanium.org\/es\/#website\"},\"primaryImageOfPage\":{\"@id\":\"https:\/\/www.humanium.org\/es\/macedonia\/#primaryimage\"},\"image\":{\"@id\":\"https:\/\/www.humanium.org\/es\/macedonia\/#primaryimage\"},\"thumbnailUrl\":\"https:\/\/www.humanium.org\/fr\/wp-content\/uploads\/2013\/01\/Image-du-Petite-Fille-300x214.jpg\",\"datePublished\":\"2013-05-16T07:46:14+00:00\",\"dateModified\":\"2025-12-05T18:01:59+00:00\",\"description\":\"La independencia de Macedonia la ha obligado a establecer sus propias leyes. Los derechos de los ni\u00f1os a\u00fan no se respetan totalmente.\",\"breadcrumb\":{\"@id\":\"https:\/\/www.humanium.org\/es\/macedonia\/#breadcrumb\"},\"inLanguage\":\"es\",\"potentialAction\":[{\"@type\":\"ReadAction\",\"target\":[\"https:\/\/www.humanium.org\/es\/macedonia\/\"]}]},{\"@type\":\"ImageObject\",\"inLanguage\":\"es\",\"@id\":\"https:\/\/www.humanium.org\/es\/macedonia\/#primaryimage\",\"url\":\"https:\/\/www.humanium.org\/fr\/wp-content\/uploads\/2013\/01\/Image-du-Petite-Fille-300x214.jpg\",\"contentUrl\":\"https:\/\/www.humanium.org\/fr\/wp-content\/uploads\/2013\/01\/Image-du-Petite-Fille-300x214.jpg\"},{\"@type\":\"BreadcrumbList\",\"@id\":\"https:\/\/www.humanium.org\/es\/macedonia\/#breadcrumb\",\"itemListElement\":[{\"@type\":\"ListItem\",\"position\":1,\"name\":\"Home\",\"item\":\"https:\/\/www.humanium.org\/es\/\"},{\"@type\":\"ListItem\",\"position\":2,\"name\":\"Ni\u00f1os de Macedonia\"}]},{\"@type\":\"WebSite\",\"@id\":\"https:\/\/www.humanium.org\/es\/#website\",\"url\":\"https:\/\/www.humanium.org\/es\/\",\"name\":\"Humanium\",\"description\":\"\u00a1Los ni\u00f1os primero!\",\"potentialAction\":[{\"@type\":\"SearchAction\",\"target\":{\"@type\":\"EntryPoint\",\"urlTemplate\":\"https:\/\/www.humanium.org\/es\/?s={search_term_string}\"},\"query-input\":{\"@type\":\"PropertyValueSpecification\",\"valueRequired\":true,\"valueName\":\"search_term_string\"}}],\"inLanguage\":\"es\"}]}<\/script>\n<!-- \/ Yoast SEO plugin. -->","yoast_head_json":{"title":"Ni\u00f1os de Macedonia - Humanium","description":"La independencia de Macedonia la ha obligado a establecer sus propias leyes. Los derechos de los ni\u00f1os a\u00fan no se respetan totalmente.","robots":{"index":"index","follow":"follow","max-snippet":"max-snippet:-1","max-image-preview":"max-image-preview:large","max-video-preview":"max-video-preview:-1"},"canonical":"https:\/\/www.humanium.org\/es\/macedonia\/","og_locale":"es_ES","og_type":"article","og_title":"Ni\u00f1os de Macedonia - Humanium","og_description":"La independencia de Macedonia la ha obligado a establecer sus propias leyes. Los derechos de los ni\u00f1os a\u00fan no se respetan totalmente.","og_url":"https:\/\/www.humanium.org\/es\/macedonia\/","og_site_name":"Humanium","article_modified_time":"2025-12-05T18:01:59+00:00","twitter_card":"summary_large_image","twitter_misc":{"Tiempo de lectura":"4 minutos"},"schema":{"@context":"https:\/\/schema.org","@graph":[{"@type":"WebPage","@id":"https:\/\/www.humanium.org\/es\/macedonia\/","url":"https:\/\/www.humanium.org\/es\/macedonia\/","name":"Ni\u00f1os de Macedonia - Humanium","isPartOf":{"@id":"https:\/\/www.humanium.org\/es\/#website"},"primaryImageOfPage":{"@id":"https:\/\/www.humanium.org\/es\/macedonia\/#primaryimage"},"image":{"@id":"https:\/\/www.humanium.org\/es\/macedonia\/#primaryimage"},"thumbnailUrl":"https:\/\/www.humanium.org\/fr\/wp-content\/uploads\/2013\/01\/Image-du-Petite-Fille-300x214.jpg","datePublished":"2013-05-16T07:46:14+00:00","dateModified":"2025-12-05T18:01:59+00:00","description":"La independencia de Macedonia la ha obligado a establecer sus propias leyes. Los derechos de los ni\u00f1os a\u00fan no se respetan totalmente.","breadcrumb":{"@id":"https:\/\/www.humanium.org\/es\/macedonia\/#breadcrumb"},"inLanguage":"es","potentialAction":[{"@type":"ReadAction","target":["https:\/\/www.humanium.org\/es\/macedonia\/"]}]},{"@type":"ImageObject","inLanguage":"es","@id":"https:\/\/www.humanium.org\/es\/macedonia\/#primaryimage","url":"https:\/\/www.humanium.org\/fr\/wp-content\/uploads\/2013\/01\/Image-du-Petite-Fille-300x214.jpg","contentUrl":"https:\/\/www.humanium.org\/fr\/wp-content\/uploads\/2013\/01\/Image-du-Petite-Fille-300x214.jpg"},{"@type":"BreadcrumbList","@id":"https:\/\/www.humanium.org\/es\/macedonia\/#breadcrumb","itemListElement":[{"@type":"ListItem","position":1,"name":"Home","item":"https:\/\/www.humanium.org\/es\/"},{"@type":"ListItem","position":2,"name":"Ni\u00f1os de Macedonia"}]},{"@type":"WebSite","@id":"https:\/\/www.humanium.org\/es\/#website","url":"https:\/\/www.humanium.org\/es\/","name":"Humanium","description":"\u00a1Los ni\u00f1os primero!","potentialAction":[{"@type":"SearchAction","target":{"@type":"EntryPoint","urlTemplate":"https:\/\/www.humanium.org\/es\/?s={search_term_string}"},"query-input":{"@type":"PropertyValueSpecification","valueRequired":true,"valueName":"search_term_string"}}],"inLanguage":"es"}]}},"_links":{"self":[{"href":"https:\/\/www.humanium.org\/es\/wp-json\/wp\/v2\/pages\/1276","targetHints":{"allow":["GET"]}}],"collection":[{"href":"https:\/\/www.humanium.org\/es\/wp-json\/wp\/v2\/pages"}],"about":[{"href":"https:\/\/www.humanium.org\/es\/wp-json\/wp\/v2\/types\/page"}],"author":[{"embeddable":true,"href":"https:\/\/www.humanium.org\/es\/wp-json\/wp\/v2\/users\/1"}],"replies":[{"embeddable":true,"href":"https:\/\/www.humanium.org\/es\/wp-json\/wp\/v2\/comments?post=1276"}],"version-history":[{"count":5,"href":"https:\/\/www.humanium.org\/es\/wp-json\/wp\/v2\/pages\/1276\/revisions"}],"predecessor-version":[{"id":20498,"href":"https:\/\/www.humanium.org\/es\/wp-json\/wp\/v2\/pages\/1276\/revisions\/20498"}],"wp:attachment":[{"href":"https:\/\/www.humanium.org\/es\/wp-json\/wp\/v2\/media?parent=1276"}],"curies":[{"name":"wp","href":"https:\/\/api.w.org\/{rel}","templated":true}]}}