{"id":1281,"date":"2013-05-16T08:08:36","date_gmt":"2013-05-16T08:08:36","guid":{"rendered":"http:\/\/www.humanium.org\/es\/?page_id=1281"},"modified":"2025-12-05T17:44:21","modified_gmt":"2025-12-05T17:44:21","slug":"islas-cook","status":"publish","type":"page","link":"https:\/\/www.humanium.org\/es\/islas-cook\/","title":{"rendered":"Ni\u00f1os de las Islas Cook"},"content":{"rendered":"<h1>Ni\u00f1os de las Islas Cook<\/h1>\n<h2>Descubriendo los Derechos del Ni\u00f1o en las Islas Cook<\/h2>\n<p>Las Islas Cook conforman un archipi\u00e9lago de quince islas localizadas en el oc\u00e9ano Pac\u00edfico. Desde 1965 poseen un sistema de gobierno de libre asociaci\u00f3n con Nueva Zelanda. Las reformas econ\u00f3micas llevadas a cabo por el gobierno durante los a\u00f1os 1995 y 1996 han provocado que a\u00f1o tras a\u00f1o gran parte de su poblaci\u00f3n emigre a Nueva Zelanda. El gobierno actual, para poner fin a esta fuga de cerebros, ha centrado su pol\u00edtica en la educaci\u00f3n y la formaci\u00f3n de su poblaci\u00f3n.<\/p>\n<h3>Principales problemas que afectan a los ni\u00f1os en las Islas Cook:<\/h3>\n<p><strong><a href=\"https:\/\/www.humanium.org\/es\/derecho-educacion\/\">Derecho a la educaci\u00f3n<\/a><\/strong><\/p>\n<p>Los nexos con Nueva Zelanda han provocado que las Islas Cook hayan adoptado un sistema educativo gratuito y obligatorio para los ni\u00f1os y ni\u00f1as con edades comprendidas entre los 5 y los 15 a\u00f1os. En 2010 el 98% de los menores recibieron una educaci\u00f3n primaria. Cabe mencionar que la educaci\u00f3n es una prioridad para el gobierno, de ah\u00ed, que el 47% de los estudiantes sean ni\u00f1as. Adem\u00e1s, los ni\u00f1os con edades comprendidas entre los 3 y 5 a\u00f1os, pueden recibir una educaci\u00f3n voluntaria. Sin embargo, la tasa de escolarizaci\u00f3n en la educaci\u00f3n secundaria no supera el 64%. Las autoridades han mostrado su preocupaci\u00f3n ya que las tasas de fracaso escolar contin\u00faan siendo muy elevadas en los niveles superiores.<\/p>\n<p><strong><a href=\"https:\/\/www.humanium.org\/es\/no-discriminacion\/\">Derecho a la no-discriminaci\u00f3n<br \/>\n<\/a><\/strong><br \/>\nAntiguamente las <a href=\"https:\/\/www.humanium.org\/es\/ninos-discapacitados\/\">personas discapacitadas<\/a> eran blanco de discriminaci\u00f3n, sobre todo en \u00e1reas educativas. Sin embargo, en los \u00faltimos a\u00f1os, se han producido numerosos cambios en las Islas Cook, ahora las personas discapacitadas pueden disfrutar plenamente de sus derechos. Desde 2008 se ha desarrollado un Plan de Acci\u00f3n Pol\u00edtica con el objetivo de promover un sistema de educaci\u00f3n integral.<\/p>\n<p><strong><a href=\"https:\/\/www.humanium.org\/es\/derecho-salud\/\">Derecho a la Salud<\/a><\/strong><\/p>\n<p>Aunque la tasa de mortalidad infantil es relativamente baja (9 ni\u00f1os cada 1000 nacimientos), las mejoras a\u00fan no se han hecho efectivas y no garantizan el acceso de los menores a la salud. Las carencias en educaci\u00f3n sexual y la debilidad del sistema sanitario para los m\u00e1s peque\u00f1os han provocado la aparici\u00f3n de numerosas enfermedades de transmisi\u00f3n sexual.<\/p>\n<p>Las Islas Cook, tienen un gran n\u00famero de madres adolescentes, lo que a su vez es una consecuencia directa de los <a href=\"https:\/\/www.humanium.org\/es\/explotacion-sexual-infantil\/\">abusos sexuales<\/a>, las violaciones e incluso del incesto. La elevada tasa de embarazos a edades tempranas tambi\u00e9n se debe a las dificultades de los adolescentes menores de 16 a\u00f1os para acceder a m\u00e9todos anticonceptivos, as\u00ed como, la falta de educaci\u00f3n sexual. Adem\u00e1s, La Ley de 1915 proh\u00edbe el aborto en caso de incesto o violaci\u00f3n.<\/p>\n<p><strong><a href=\"https:\/\/www.humanium.org\/es\/trata-ninos\/\">Tr\u00e1fico de Ni\u00f1os<br \/>\n<\/a><\/strong><br \/>\nLas ONG han mostrado su preocupaci\u00f3n por la <a href=\"https:\/\/www.humanium.org\/es\/explotacion-sexual-infantil\/\">explotaci\u00f3n sexual de ni\u00f1os<\/a> y el papel que ha desempe\u00f1ado el turismo en el aumento de la prostituci\u00f3n.<\/p>\n<p>Seg\u00fan un estudio realizado por una ONG local en 2007, la <a href=\"https:\/\/www.humanium.org\/es\/prostitucion-infantil\/\">prostituci\u00f3n infantil<\/a> se realiza en forma clandestina, lo que justifica la falta de datos exactos. Adem\u00e1s, este estudio revel\u00f3 que los ni\u00f1os sufren abusos sexuales por parte de hombres a cambio de dinero, alcohol e incluso cigarrillos. Como la homosexualidad est\u00e1 prohibida y es ilegal en las Islas Cook, en la mayor\u00eda de las ocasiones no se informa a las autoridades de los casos de explotaci\u00f3n de j\u00f3venes ya que estos temen las posibles represalias legales.<\/p>\n<p><strong><a href=\"https:\/\/www.humanium.org\/es\/trabajo-infantil\/\">Trabajo Infantil<br \/>\n<\/a><\/strong><br \/>\nEl director de Relaciones Industriales es el responsable de decidir si un menor de 16 a\u00f1os puede y debe trabajar. Adem\u00e1s, la ley solo estipula que los menores tienen prohibido participar en cualquier \u201cactividad peligrosa\u201d sin especificar nada m\u00e1s.<\/p>\n<p><strong><a href=\"https:\/\/www.humanium.org\/es\/matrimonio-infantil\/\">Matrimonio<br \/>\n<\/a><\/strong><br \/>\nLa Ley de Matrimonio de 1973 establece que la edad m\u00ednima legal para contraer matrimonio es de 16 a\u00f1os. Cabe mencionar, que los ni\u00f1os pueden contraer matrimonio a una edad m\u00e1s temprana, siempre que cuenten con el consentimiento de sus progenitores o de su tutor legal. La Convenci\u00f3n sobre los Derechos del Ni\u00f1o solo autoriza los matrimonios entre personas mayores de 18 a\u00f1os. La legislaci\u00f3n de las Islas Cook ofrece poca protecci\u00f3n en esta \u00e1rea.<\/p>\n","protected":false},"excerpt":{"rendered":"<p>Ni\u00f1os de las Islas Cook Descubriendo los Derechos del Ni\u00f1o en las Islas Cook Las Islas Cook conforman un archipi\u00e9lago de quince islas localizadas en el oc\u00e9ano Pac\u00edfico. Desde 1965 poseen un sistema de gobierno de libre asociaci\u00f3n con Nueva Zelanda. Las reformas econ\u00f3micas llevadas a cabo por el gobierno durante los a\u00f1os 1995 y [&hellip;]<\/p>\n","protected":false},"author":1,"featured_media":0,"parent":0,"menu_order":0,"comment_status":"closed","ping_status":"open","template":"","meta":{"footnotes":""},"class_list":["post-1281","page","type-page","status-publish","hentry"],"yoast_head":"<!-- This site is optimized with the Yoast SEO plugin v26.5 - https:\/\/yoast.com\/wordpress\/plugins\/seo\/ -->\n<title>Ni\u00f1os de las Islas Cook - Humanium<\/title>\n<meta name=\"description\" content=\"El gobierno actual de las Islas Cook, ha centrado su pol\u00edtica en la educaci\u00f3n y la formaci\u00f3n de su poblaci\u00f3n con el fin de parar su fuerte migraci\u00f3n.\" \/>\n<meta name=\"robots\" content=\"index, follow, max-snippet:-1, max-image-preview:large, max-video-preview:-1\" \/>\n<link rel=\"canonical\" href=\"https:\/\/www.humanium.org\/es\/islas-cook\/\" \/>\n<meta property=\"og:locale\" content=\"es_ES\" \/>\n<meta property=\"og:type\" content=\"article\" \/>\n<meta property=\"og:title\" content=\"Ni\u00f1os de las Islas Cook - Humanium\" \/>\n<meta property=\"og:description\" content=\"El gobierno actual de las Islas Cook, ha centrado su pol\u00edtica en la educaci\u00f3n y la formaci\u00f3n de su poblaci\u00f3n con el fin de parar su fuerte migraci\u00f3n.\" \/>\n<meta property=\"og:url\" content=\"https:\/\/www.humanium.org\/es\/islas-cook\/\" \/>\n<meta property=\"og:site_name\" content=\"Humanium\" \/>\n<meta property=\"article:modified_time\" content=\"2025-12-05T17:44:21+00:00\" \/>\n<meta name=\"twitter:card\" content=\"summary_large_image\" \/>\n<meta name=\"twitter:label1\" content=\"Tiempo de lectura\" \/>\n\t<meta name=\"twitter:data1\" content=\"4 minutos\" \/>\n<script type=\"application\/ld+json\" class=\"yoast-schema-graph\">{\"@context\":\"https:\/\/schema.org\",\"@graph\":[{\"@type\":\"WebPage\",\"@id\":\"https:\/\/www.humanium.org\/es\/islas-cook\/\",\"url\":\"https:\/\/www.humanium.org\/es\/islas-cook\/\",\"name\":\"Ni\u00f1os de las Islas Cook - Humanium\",\"isPartOf\":{\"@id\":\"https:\/\/www.humanium.org\/es\/#website\"},\"datePublished\":\"2013-05-16T08:08:36+00:00\",\"dateModified\":\"2025-12-05T17:44:21+00:00\",\"description\":\"El gobierno actual de las Islas Cook, ha centrado su pol\u00edtica en la educaci\u00f3n y la formaci\u00f3n de su poblaci\u00f3n con el fin de parar su fuerte migraci\u00f3n.\",\"breadcrumb\":{\"@id\":\"https:\/\/www.humanium.org\/es\/islas-cook\/#breadcrumb\"},\"inLanguage\":\"es\",\"potentialAction\":[{\"@type\":\"ReadAction\",\"target\":[\"https:\/\/www.humanium.org\/es\/islas-cook\/\"]}]},{\"@type\":\"BreadcrumbList\",\"@id\":\"https:\/\/www.humanium.org\/es\/islas-cook\/#breadcrumb\",\"itemListElement\":[{\"@type\":\"ListItem\",\"position\":1,\"name\":\"Home\",\"item\":\"https:\/\/www.humanium.org\/es\/\"},{\"@type\":\"ListItem\",\"position\":2,\"name\":\"Ni\u00f1os de las Islas Cook\"}]},{\"@type\":\"WebSite\",\"@id\":\"https:\/\/www.humanium.org\/es\/#website\",\"url\":\"https:\/\/www.humanium.org\/es\/\",\"name\":\"Humanium\",\"description\":\"\u00a1Los ni\u00f1os primero!\",\"potentialAction\":[{\"@type\":\"SearchAction\",\"target\":{\"@type\":\"EntryPoint\",\"urlTemplate\":\"https:\/\/www.humanium.org\/es\/?s={search_term_string}\"},\"query-input\":{\"@type\":\"PropertyValueSpecification\",\"valueRequired\":true,\"valueName\":\"search_term_string\"}}],\"inLanguage\":\"es\"}]}<\/script>\n<!-- \/ Yoast SEO plugin. -->","yoast_head_json":{"title":"Ni\u00f1os de las Islas Cook - Humanium","description":"El gobierno actual de las Islas Cook, ha centrado su pol\u00edtica en la educaci\u00f3n y la formaci\u00f3n de su poblaci\u00f3n con el fin de parar su fuerte migraci\u00f3n.","robots":{"index":"index","follow":"follow","max-snippet":"max-snippet:-1","max-image-preview":"max-image-preview:large","max-video-preview":"max-video-preview:-1"},"canonical":"https:\/\/www.humanium.org\/es\/islas-cook\/","og_locale":"es_ES","og_type":"article","og_title":"Ni\u00f1os de las Islas Cook - Humanium","og_description":"El gobierno actual de las Islas Cook, ha centrado su pol\u00edtica en la educaci\u00f3n y la formaci\u00f3n de su poblaci\u00f3n con el fin de parar su fuerte migraci\u00f3n.","og_url":"https:\/\/www.humanium.org\/es\/islas-cook\/","og_site_name":"Humanium","article_modified_time":"2025-12-05T17:44:21+00:00","twitter_card":"summary_large_image","twitter_misc":{"Tiempo de lectura":"4 minutos"},"schema":{"@context":"https:\/\/schema.org","@graph":[{"@type":"WebPage","@id":"https:\/\/www.humanium.org\/es\/islas-cook\/","url":"https:\/\/www.humanium.org\/es\/islas-cook\/","name":"Ni\u00f1os de las Islas Cook - Humanium","isPartOf":{"@id":"https:\/\/www.humanium.org\/es\/#website"},"datePublished":"2013-05-16T08:08:36+00:00","dateModified":"2025-12-05T17:44:21+00:00","description":"El gobierno actual de las Islas Cook, ha centrado su pol\u00edtica en la educaci\u00f3n y la formaci\u00f3n de su poblaci\u00f3n con el fin de parar su fuerte migraci\u00f3n.","breadcrumb":{"@id":"https:\/\/www.humanium.org\/es\/islas-cook\/#breadcrumb"},"inLanguage":"es","potentialAction":[{"@type":"ReadAction","target":["https:\/\/www.humanium.org\/es\/islas-cook\/"]}]},{"@type":"BreadcrumbList","@id":"https:\/\/www.humanium.org\/es\/islas-cook\/#breadcrumb","itemListElement":[{"@type":"ListItem","position":1,"name":"Home","item":"https:\/\/www.humanium.org\/es\/"},{"@type":"ListItem","position":2,"name":"Ni\u00f1os de las Islas Cook"}]},{"@type":"WebSite","@id":"https:\/\/www.humanium.org\/es\/#website","url":"https:\/\/www.humanium.org\/es\/","name":"Humanium","description":"\u00a1Los ni\u00f1os primero!","potentialAction":[{"@type":"SearchAction","target":{"@type":"EntryPoint","urlTemplate":"https:\/\/www.humanium.org\/es\/?s={search_term_string}"},"query-input":{"@type":"PropertyValueSpecification","valueRequired":true,"valueName":"search_term_string"}}],"inLanguage":"es"}]}},"_links":{"self":[{"href":"https:\/\/www.humanium.org\/es\/wp-json\/wp\/v2\/pages\/1281","targetHints":{"allow":["GET"]}}],"collection":[{"href":"https:\/\/www.humanium.org\/es\/wp-json\/wp\/v2\/pages"}],"about":[{"href":"https:\/\/www.humanium.org\/es\/wp-json\/wp\/v2\/types\/page"}],"author":[{"embeddable":true,"href":"https:\/\/www.humanium.org\/es\/wp-json\/wp\/v2\/users\/1"}],"replies":[{"embeddable":true,"href":"https:\/\/www.humanium.org\/es\/wp-json\/wp\/v2\/comments?post=1281"}],"version-history":[{"count":8,"href":"https:\/\/www.humanium.org\/es\/wp-json\/wp\/v2\/pages\/1281\/revisions"}],"predecessor-version":[{"id":20419,"href":"https:\/\/www.humanium.org\/es\/wp-json\/wp\/v2\/pages\/1281\/revisions\/20419"}],"wp:attachment":[{"href":"https:\/\/www.humanium.org\/es\/wp-json\/wp\/v2\/media?parent=1281"}],"curies":[{"name":"wp","href":"https:\/\/api.w.org\/{rel}","templated":true}]}}