{"id":1311,"date":"2013-05-16T09:53:32","date_gmt":"2013-05-16T09:53:32","guid":{"rendered":"http:\/\/www.humanium.org\/es\/?page_id=1311"},"modified":"2025-12-05T17:43:34","modified_gmt":"2025-12-05T17:43:34","slug":"kiribati","status":"publish","type":"page","link":"https:\/\/www.humanium.org\/es\/kiribati\/","title":{"rendered":"Ni\u00f1os de Kiribati"},"content":{"rendered":"<h1>Los ni\u00f1os de Kiribati<\/h1>\n<h2>Descubriendo los Derechos del Ni\u00f1o en Kiribati<\/h2>\n<p style=\"text-align: center;\"><img loading=\"lazy\" decoding=\"async\" class=\" wp-image-27256 alignnone\" title=\"Ni\u00f1a de Kiribati \u00a9Luigi Guarino\" src=\"https:\/\/www.humanium.org\/fr\/wp-content\/uploads\/2013\/01\/Une-fille-de-Kiribati-\u00a9Luigi-Guarino.jpg\" alt=\"\" width=\"92\" height=\"200\" \/><\/p>\n<p>Culturalmente, los ni\u00f1os kiribatianos son el coraz\u00f3n de la sociedad Kiribatiana. A pesar de ello, siguen siendo vulnerables y corren el riesgo de perder sus derechos, sobre todo debido al crecimiento de la prostituci\u00f3n.<\/p>\n<p><strong><a href=\"https:\/\/www.humanium.org\/es\/derecho-identidad\/\">Derecho a una identidad<br \/>\n<\/a><\/strong><br \/>\nLa tasa para el registro del nacimiento es gratuita durante los tres primeros meses luego del nacimiento. No obstante, la legislaci\u00f3n no siempre se cumple. Las tasas son cargadas si los reci\u00e9n nacidos son registrados diez d\u00edas despu\u00e9s del nacimiento y tambi\u00e9n se debe pagar para obtener el certificado de nacimiento. Esto provoca que haya gran cantidad de ni\u00f1os sin registrar y por lo tanto, <a href=\"https:\/\/www.humanium.org\/es\/derecho-identidad\/\">invisibles a ojos de la sociedad<\/a>, lo cual los sit\u00faa en grave riesgo de discriminaci\u00f3n, negligencia, explotaci\u00f3n y abuso, normalmente de naturaleza sexual.<\/p>\n<p><strong><a href=\"https:\/\/www.humanium.org\/es\/derecho-identidad\/\">Salud<br \/>\n<\/a><\/strong><br \/>\nEn el a\u00f1o 2009, la tasa de mortalidad de ni\u00f1os menores de cinco a\u00f1os era del 46%. Consecuentemente Kiribati ocupa el puesto 61 de la clasificaci\u00f3n de los pa\u00edses por orden decreciente en t\u00e9rminos de \u00edndice de desarrollo humano (puesto 129 de la clasificaci\u00f3n mundial). Adem\u00e1s, las estad\u00edsticas llevadas a cabo por UNICEF muestran que el porcentaje de reci\u00e9n nacidos con insuficiencia ponderal se quintuplic\u00f3 entre los a\u00f1os 2005 y 2009. Esta situaci\u00f3n afecta m\u00e1s a las poblaciones rurales que a las urbanas.<\/p>\n<p>En marzo de 2012 el Programa de Desarrollo de la ONU estim\u00f3 que Kiribati se encontraba en condiciones de reducir la tasa de mortalidad infantil y de mejorar la salud de las madres, pudiendo as\u00ed alcanzar los Objetivos de Desarrollo del Milenio.<\/p>\n<p>Los ni\u00f1os de Kiribati tambi\u00e9n padecen problemas de salud (enfermedades respiratorias, diarrea, anemia y obesidad) ligados a la desnutrici\u00f3n y a una dieta rica en az\u00facar.<\/p>\n<p>Asimismo, se est\u00e1n extendiendo enfermedades de transmisi\u00f3n sexual (ETS) como el SIDA.<\/p>\n<p>La falta de acceso al agua potable y a una correcta red de saneamiento supone un riesgo para la salud de los ni\u00f1os; algunos estudios de UNICEF revelan que, en algunas zonas, el agua contiene grandes concentraciones de nitratos. Los nitratos provocan enfermedades, sobre todo problemas cerebrales en los ni\u00f1os.<\/p>\n<p><strong><a href=\"https:\/\/www.humanium.org\/es\/derecho-educacion\/\">Educaci\u00f3n<\/a><\/strong><br \/>\n<img loading=\"lazy\" decoding=\"async\" class=\"size-medium wp-image-27869 alignright\" title=\"Education en Kiribati \u00a9 datakid musicman\" src=\"https:\/\/www.humanium.org\/fr\/wp-content\/uploads\/2013\/01\/Education-en-Kiribati-\u00a9-datakid-musicman-300x225.jpg\" alt=\"\" width=\"300\" height=\"225\" \/><br \/>\nEl acceso a las escuelas es gratuito y la educaci\u00f3n es obligatoria para todos los ni\u00f1os de edades comprendidas entre los 6 y 14 a\u00f1os. En 1999, el 99.5% de los ni\u00f1os estaban escolarizados en educaci\u00f3n primaria. La proporci\u00f3n entre chicos \/chicas era casi id\u00e9ntica en primaria, sin embargo, el n\u00famero de chicas superaba al de chicos en secundaria y en la universidad.<\/p>\n<p>A pesar de las pol\u00edticas del gobierno, que destinan casi una quinta parte del presupuesto a educaci\u00f3n, a\u00fan existen problemas significativos en lo que concierne a la calidad de la ense\u00f1anza, el acceso a la escuela de los ni\u00f1os en las zonas rurales, los costes de la ense\u00f1anza, por no mencionar la falta de profesorado cualificado.<\/p>\n<p>Las diferencias entre las zonas m\u00e1s remotas de Kiribati y las escuelas de Tarawa meridional, impulsan a muchas familias a enviar a sus hijos fuera para cursar la secundaria. Debido a esto, es com\u00fan que las escuelas de Tarawa meridional est\u00e9n superpobladas (algunos centros est\u00e1n a cargo de m\u00e1s de 1000 alumnos). Asimismo, las escuelas son cada vez menos seguras para los ni\u00f1os, ya que cada vez se alejan m\u00e1s de sus padres. Los ni\u00f1os son v\u00edctimas de hostigamiento escolar severo, acoso, incluyendoel acoso sexual, y la explotaci\u00f3n comercial, lo que los lleva a hacer novillos.<\/p>\n<p><strong>Medio ambiente<\/strong><br \/>\n<img loading=\"lazy\" decoding=\"async\" class=\"size-medium wp-image-27871 alignright\" title=\"Les enfants dans un workshop en Kiribati \u00a9 UNICEF\/NYH Q2006-2457\/Giacomo Pirozzi\" src=\"https:\/\/www.humanium.org\/fr\/wp-content\/uploads\/2013\/01\/Les-enfants-dans-un-workshop-en-Kiribati-\u00a9-UNICEF-NYH-Q2006-2457-Giacomo-Pirozzi-300x225.jpg\" alt=\"\" width=\"300\" height=\"225\" \/><br \/>\nAl estar formada por 33 atolones, Kiribati se ve directamente afectada por el cambio clim\u00e1tico. El aumento del nivel del mar supone una amenaza real para las condiciones de vida de los ni\u00f1os y para el abastecimiento de alimentos. En algunos casos, los ni\u00f1os son ya testigos del deterioro de sus casas, y en otros, se ven forzados a abandonar sus hogares para escapar de las inundaciones. Durante la \u00faltima conferencia Doha, el presidente de Kiribati, Anote Tong, declar\u00f3 que \u00ab(&#8230;) las comunidades (&#8230;) tendr\u00e1n que mudarse porque sus pueblos quedar\u00e1n sumergidos\u00bb. Anunci\u00f3 que se avecinan m\u00e1s subidas del nivel del mar y que \u00aben Kiribati no hablamos de crecimiento econ\u00f3mico o del nivel de vida; hablamos de supervivencia\u00bb antes de a\u00f1adir que\u00ab[sus] d\u00edas est\u00e1n contados\u00bb.<\/p>\n<p>Kiribati est\u00e1 negociando con las islas Fiji la compra de varias hect\u00e1reas de tierra; se pretende que una parte de la poblaci\u00f3n kiribatiana se traslade all\u00ed.<\/p>\n<p>El Estado destina gran parte de sus recursos a llevar a cabo estas negociaciones, en detrimento de las pol\u00edticas en salud p\u00fablica y del gasto en alimentos y en educaci\u00f3n.<\/p>\n<p>Paralelamente, la Rep\u00fablica de Kiribati ha creado la mayor reserva natural marina del mundo, la PIPA (Phoenix Islands Protected Area, que ocupa aproximadamente la misma extensi\u00f3n que California), para proteger su vida marina y conservar su h\u00e1bitat natural. Desde 2010, esta reserva forma parte de la lista del patrimonio mundial de la UNESCO.<\/p>\n<p><iframe loading=\"lazy\" title=\"Kiribati Climate Change and Adolescents\" width=\"1170\" height=\"658\" src=\"https:\/\/www.youtube.com\/embed\/b6DpVzRU1Iw?feature=oembed\" frameborder=\"0\" allow=\"accelerometer; autoplay; clipboard-write; encrypted-media; gyroscope; picture-in-picture; web-share\" referrerpolicy=\"strict-origin-when-cross-origin\" allowfullscreen><\/iframe><\/p>\n<p><strong><a href=\"https:\/\/www.humanium.org\/es\/trabajo-infantil\/\">Trabajo infantil<br \/>\n<\/a><\/strong><br \/>\nEn Kiribati, la edad m\u00ednima legal de admisi\u00f3n al empleo es de 14 a\u00f1os (Parte 9, Secci\u00f3n 84 de la Ley de Trabajo, Empleo Infantil y Juvenil de Kiribati). A los menores de 16 a\u00f1os de edad no se les permite trabajar en el sector industrial ni en embarcasiones. La Constituci\u00f3n tambi\u00e9n proh\u00edbe el trabajo forzoso.<\/p>\n<p>No obstante, en un pa\u00eds con una poblaci\u00f3n de 98,000 habitantes, de los que el 50% son ni\u00f1os, y con un PIB de $1,890 d\u00f3lares per c\u00e1pita, los ni\u00f1os se ven a menudo forzados a trabajar para suplir las necesidades de sus familias. Por lo tanto, muchos ni\u00f1os menores de 14 a\u00f1os est\u00e1n contratados en el sector informal de la econom\u00eda, ya sea a tiempo completo o despu\u00e9s de clases. As\u00ed, venden escobas, peines, flores u otros peque\u00f1os art\u00edculos en la calle.<\/p>\n<p><strong><a href=\"https:\/\/www.humanium.org\/es\/trata-ninos\/\">Tr\u00e1fico infantil<br \/>\n<\/a><\/strong><br \/>\nAunque los ni\u00f1os de Kiribati no parecen ser objeto del tr\u00e1fico infantil, la ley no recoge este tipo de protecci\u00f3n, por lo que el tr\u00e1fico infantil no es ilegal.<\/p>\n<p><strong><a href=\"https:\/\/www.humanium.org\/es\/abuso-infantil\/\">Violencia infantil<br \/>\n<\/a><\/strong><br \/>\nLa violencia dom\u00e9stica es algo frecuente y aceptado por las comunidades. En muchos casos, la violencia infantil se ve agravada por el alcohol y por las presiones econ\u00f3micas familiares.<\/p>\n<p>La violencia dom\u00e9stica es m\u00e1s procupante en el caso de los ni\u00f1os, ya que la \u00abley del silencio\u00bb imperante en las comunidades, permite que la violencia no cuente con ning\u00fan tipo de oposici\u00f3n; rara vez se denuncian estas situaciones. Adem\u00e1s, la polic\u00eda denuncia cada vez m\u00e1s casos de ataques de j\u00f3venes a miembros de su familia bajo los efectos del alcohol, siendo las ni\u00f1as las v\u00edctimas m\u00e1s habituales de estas agresiones.<\/p>\n<p>Aunque se suele evitar, la violaci\u00f3n infantil es una forma tradicional de castigo. En la mayor\u00eda de los casos, las ni\u00f1as son violadas por un miembro de la familia o por un conocido. Esta pr\u00e1ctica acarrea consecuencias graves para la ni\u00f1a puesto que, una vez pierde la virginidad, la comunidad la considera un \u00abobjeto defectuoso\u00bb. Asimismo, las ni\u00f1as pueden presentar cicatrices en la cara, que muestran a la comunidad que ya no son v\u00edrgenes.<\/p>\n<p><strong><a href=\"https:\/\/www.humanium.org\/es\/prostitucion-infantil\/\">Prostituci\u00f3n<\/a> y <a href=\"https:\/\/www.humanium.org\/es\/explotacion-sexual-infantil\/\">explotaci\u00f3n sexual<br \/>\n<\/a><\/strong><br \/>\nCoaccionar a un menor de 15 a\u00f1os para que mantenga relaciones sexuales conlleva una pena de dos a\u00f1os de c\u00e1rcel, seg\u00fan el C\u00f3digo Penal, que tambi\u00e9n proh\u00edbe a los padres y tutores prostituir a los menores de 15 a\u00f1os.<\/p>\n<p>Muchas ni\u00f1as son v\u00edctimas de la explotaci\u00f3n sexual por parte de miembros de sus propias familias y de la comunidad.<\/p>\n<p>En el a\u00f1o 2000, 80 j\u00f3venes \u00abte korekorea\u00bb (trabajadoras del sexo que ejercen en nav\u00edos de pesca, extranjeros que atracan en Kiribati), entraron en varios barcos al puerto, a menudo a cambio de dinero, ropa y pescado. Algunas de estas j\u00f3venes no ten\u00edan m\u00e1s de 14 a\u00f1os de edad. Al no utilizar ning\u00fan tipo de protecci\u00f3n, se arriesgaban a contraer infecciones de transmisi\u00f3n sexual.<\/p>\n<p>La prostituci\u00f3n se debe a las escasas medidas de protecci\u00f3n a favor de mujeres y ni\u00f1os, a la falta de educaci\u00f3n, a la tasa de desempleo, a la deficiente legislaci\u00f3n y a la pobreza.<\/p>\n<p>Estas ni\u00f1as forman parte de un sistema que alimenta a familias enteras y que, a veces, las obliga a ejercer la prostituci\u00f3n.<\/p>\n<p><strong><a href=\"https:\/\/www.humanium.org\/es\/no-discriminacion\/\">Discriminaci\u00f3n<br \/>\n<\/a><\/strong><br \/>\nEn Kiribati, las chicas tienen menos posibilidades que los chicos de acceder a la educaci\u00f3n; aunque los tiempos est\u00e1n cambiando, sobre todo desde la resoluci\u00f3n de la ONU del a\u00f1o 2006. La divisi\u00f3n entre chicas y chicos ya no existe en la educaci\u00f3n primaria ni secundaria. Adem\u00e1s, las chicas cada vez superan m\u00e1s en n\u00famero a los chicos en el bachillerato y en la formaci\u00f3n profesional. Sin embargo, la discriminaci\u00f3n a\u00fan es evidente: las chicas y adolescentes v\u00edctimas de violaciones o incesto que, consecuentemente han perdidio la virginidad, no son aceptadas en muchos centros. Se ven exclu\u00eddas del sistema educativo, as\u00ed como estigmatizadas por la sociedad.<\/p>\n<p>Los ni\u00f1os pertenecientes a familias pobres contin\u00faan siendo v\u00edctimas de discriminaci\u00f3n como consecuencia del coste de la educaci\u00f3n, de la falta de infraestructuras en las zonas remotas y de las desigualdades en preescolar.<\/p>\n<p><strong><a href=\"https:\/\/www.humanium.org\/es\/ninos-discapacitados\/\">El ni\u00f1o con discapacidad<br \/>\n<\/a><\/strong><br \/>\nEl 23% de las 3,840 personas con discapacidad encuestadas son menores de 20 a\u00f1os (sondeo 2003-2005).<\/p>\n<p>Los ni\u00f1os con discapacidad son culturalmente aceptados y las familias cumplen son su deber de proporcionarles un entorno seguro y cari\u00f1oso.<\/p>\n<p>La Constituci\u00f3n tambi\u00e9n proh\u00edbe la <a href=\"https:\/\/www.humanium.org\/es\/no-discriminacion\/\">discriminaci\u00f3n<\/a> contra los ni\u00f1os con discapacidad f\u00edsica o mental.<\/p>\n<p>Sin embargo, se les discrimina de otras formas, ya que en la pr\u00e1ctica existen muy pocos recursos a disposici\u00f3n de estos ni\u00f1os.<\/p>\n<p>\u00danicamente una escuela de Tarawa meridional, fundada por la Cruz Roja, se encarga de las personas con discapacidad. Esta escuela acepata a ni\u00f1os de todas las edades y con todo tipo de discapacidad, aunque no est\u00e1 gestionada por profesores con una formaci\u00f3n espec\u00edfica. En adici\u00f3n, el criterio de admisi\u00f3n para los usuarios de sillas de ruedas se basa en su peso y movilidad; si el ni\u00f1o pesa demasiado para poder ser elevado y acceder al autob\u00fas, no podr\u00e1 asistir a la escuela, ya que los autobuses no est\u00e1n dotados de un sistema mec\u00e1nico que permita elevar e introducir estas sillas. En realidad, denegar el acceso a la escuela por motivos de discapacidad supone un quebrantamiento de los derechos del ni\u00f1o, como establece el art\u00edculo 23 de la Convenci\u00f3n sobre los Derechos del Ni\u00f1o.<\/p>\n<p>A pesar de la falta de recursos y fondos, el gobierno se ha comprometido a implementar pol\u00edticas para la poblaci\u00f3n con discapacidad y espera que el pa\u00eds pueda cumplir con el art\u00edculo 23 de la Convenci\u00f3n sobre los Derechos del Ni\u00f1o.<\/p>\n<p><strong>Pornograf\u00eda infantil<br \/>\n<\/strong><br \/>\nLa pornograf\u00eda infantil a\u00fan no es delito. Por lo tanto, se puede acceder a ella a trav\u00e9s de v\u00eddeo o en l\u00ednea.<\/p>\n<p><strong><a href=\"https:\/\/www.humanium.org\/es\/matrimonio-infantil\/\">Matrimonio<br \/>\n<\/a><\/strong><br \/>\nLa edad legal para contraer matrimonio es de 16 a\u00f1os. Pero, por razones culturales, los padres, los miembros de la familia o los l\u00edderes de los pueblos en nombre de la familia conciertan matrimonios para menores de 13 a\u00f1os.<\/p>\n<p>El matrimonio es tambi\u00e9n una forma enga\u00f1osa de vender a los menores para cubrir las necesidades del resto de la familia.<\/p>\n<p><strong>Adopci\u00f3n<br \/>\n<\/strong><br \/>\nLos ni\u00f1os no est\u00e1n totalmente protegidos por las leyes de adopci\u00f3n, y siguen siendo objeto de adopciones informales, fundamentadas en la tradici\u00f3n kiribatiana de compartir los ni\u00f1os con otras familias. Una adopci\u00f3n legal puede rescindirse si se demuestra que el ni\u00f1o no muestra apego o no es lo suficientemente atento con sus padres o abuelos adoptivos. Todo queda en manos del juez.<\/p>\n<p><strong><a href=\"https:\/\/www.humanium.org\/es\/abuso-infantil\/\">Castigo corporal<br \/>\n<\/a><\/strong><br \/>\nEntre 2005 y 2006, el 81% de los ni\u00f1os con edades comprendidas entre los 2 y los 14 a\u00f1os sufrieron alg\u00fan tipo de castigo corporal.<\/p>\n<p>En la cultura kiribatiana, los ni\u00f1os deben respetar y obedecer a sus mayores desde una edad temprana. Aunque los tribunales de lo penal proh\u00edben los comportamientos crueles contra los ni\u00f1os, \u00e9stos permiten \u00abun castigo razonable\u00bb (art\u00edculo 226).<\/p>\n<p>El castigo corporal es legal en el \u00e1mbito dom\u00e9stico, as\u00ed como en los orfanatos e internados.<\/p>\n<p>En las escuelas, es ilegal desde 1997 (Enmienda de Educaci\u00f3n de 1997 y Ley de Educaci\u00f3n de 1997). Sin embargo, el C\u00f3digo Penal no lo establece como ilegal. El castigo corporal tambi\u00e9n puede aplicarse como sentencia, aunque en la pr\u00e1ctica, los jueces rara vez la dictan.<\/p>\n<p>En las c\u00e1rceles tambi\u00e9n existen medidas disciplinarias legales.<\/p>\n<p><strong><a href=\"https:\/\/www.humanium.org\/es\/justicia-juvenil\/\">Justicia infantil<br \/>\n<\/a><\/strong><br \/>\nEl C\u00f3digo Penal de Kiribati no contempla a los ni\u00f1os. Por lo tanto, los ni\u00f1os entre 16 y 18 a\u00f1os reciben el mismo trato que cualquier adulto. Tampoco existen c\u00e1rceles para los delincuentes menores, lo que esviolatorio del art\u00edculo 40 de la Convenci\u00f3n sobre los Derechos del Ni\u00f1o.<\/p>\n","protected":false},"excerpt":{"rendered":"<p>Los ni\u00f1os de Kiribati Descubriendo los Derechos del Ni\u00f1o en Kiribati Culturalmente, los ni\u00f1os kiribatianos son el coraz\u00f3n de la sociedad Kiribatiana. A pesar de ello, siguen siendo vulnerables y corren el riesgo de perder sus derechos, sobre todo debido al crecimiento de la prostituci\u00f3n. Derecho a una identidad La tasa para el registro del [&hellip;]<\/p>\n","protected":false},"author":1,"featured_media":0,"parent":0,"menu_order":0,"comment_status":"closed","ping_status":"open","template":"","meta":{"footnotes":""},"class_list":["post-1311","page","type-page","status-publish","hentry"],"yoast_head":"<!-- This site is optimized with the Yoast SEO plugin v26.5 - https:\/\/yoast.com\/wordpress\/plugins\/seo\/ -->\n<title>Ni\u00f1os de Kiribati - Humanium<\/title>\n<meta name=\"description\" content=\"Los ni\u00f1os de Kiribati son el coraz\u00f3n de la sociedad. Aun as\u00ed, corren el riesgo de perder sus derechos, sobre todo con el crecimiento de la prostituci\u00f3n.\" \/>\n<meta name=\"robots\" content=\"index, follow, max-snippet:-1, max-image-preview:large, max-video-preview:-1\" \/>\n<link rel=\"canonical\" href=\"https:\/\/www.humanium.org\/es\/kiribati\/\" \/>\n<meta property=\"og:locale\" content=\"es_ES\" \/>\n<meta property=\"og:type\" content=\"article\" \/>\n<meta property=\"og:title\" content=\"Ni\u00f1os de Kiribati - Humanium\" \/>\n<meta property=\"og:description\" content=\"Los ni\u00f1os de Kiribati son el coraz\u00f3n de la sociedad. Aun as\u00ed, corren el riesgo de perder sus derechos, sobre todo con el crecimiento de la prostituci\u00f3n.\" \/>\n<meta property=\"og:url\" content=\"https:\/\/www.humanium.org\/es\/kiribati\/\" \/>\n<meta property=\"og:site_name\" content=\"Humanium\" \/>\n<meta property=\"article:modified_time\" content=\"2025-12-05T17:43:34+00:00\" \/>\n<meta name=\"twitter:card\" content=\"summary_large_image\" \/>\n<meta name=\"twitter:label1\" content=\"Tiempo de lectura\" \/>\n\t<meta name=\"twitter:data1\" content=\"11 minutos\" \/>\n<script type=\"application\/ld+json\" class=\"yoast-schema-graph\">{\"@context\":\"https:\/\/schema.org\",\"@graph\":[{\"@type\":\"WebPage\",\"@id\":\"https:\/\/www.humanium.org\/es\/kiribati\/\",\"url\":\"https:\/\/www.humanium.org\/es\/kiribati\/\",\"name\":\"Ni\u00f1os de Kiribati - Humanium\",\"isPartOf\":{\"@id\":\"https:\/\/www.humanium.org\/es\/#website\"},\"datePublished\":\"2013-05-16T09:53:32+00:00\",\"dateModified\":\"2025-12-05T17:43:34+00:00\",\"description\":\"Los ni\u00f1os de Kiribati son el coraz\u00f3n de la sociedad. Aun as\u00ed, corren el riesgo de perder sus derechos, sobre todo con el crecimiento de la prostituci\u00f3n.\",\"breadcrumb\":{\"@id\":\"https:\/\/www.humanium.org\/es\/kiribati\/#breadcrumb\"},\"inLanguage\":\"es\",\"potentialAction\":[{\"@type\":\"ReadAction\",\"target\":[\"https:\/\/www.humanium.org\/es\/kiribati\/\"]}]},{\"@type\":\"BreadcrumbList\",\"@id\":\"https:\/\/www.humanium.org\/es\/kiribati\/#breadcrumb\",\"itemListElement\":[{\"@type\":\"ListItem\",\"position\":1,\"name\":\"Home\",\"item\":\"https:\/\/www.humanium.org\/es\/\"},{\"@type\":\"ListItem\",\"position\":2,\"name\":\"Ni\u00f1os de Kiribati\"}]},{\"@type\":\"WebSite\",\"@id\":\"https:\/\/www.humanium.org\/es\/#website\",\"url\":\"https:\/\/www.humanium.org\/es\/\",\"name\":\"Humanium\",\"description\":\"\u00a1Los ni\u00f1os primero!\",\"potentialAction\":[{\"@type\":\"SearchAction\",\"target\":{\"@type\":\"EntryPoint\",\"urlTemplate\":\"https:\/\/www.humanium.org\/es\/?s={search_term_string}\"},\"query-input\":{\"@type\":\"PropertyValueSpecification\",\"valueRequired\":true,\"valueName\":\"search_term_string\"}}],\"inLanguage\":\"es\"}]}<\/script>\n<!-- \/ Yoast SEO plugin. -->","yoast_head_json":{"title":"Ni\u00f1os de Kiribati - Humanium","description":"Los ni\u00f1os de Kiribati son el coraz\u00f3n de la sociedad. Aun as\u00ed, corren el riesgo de perder sus derechos, sobre todo con el crecimiento de la prostituci\u00f3n.","robots":{"index":"index","follow":"follow","max-snippet":"max-snippet:-1","max-image-preview":"max-image-preview:large","max-video-preview":"max-video-preview:-1"},"canonical":"https:\/\/www.humanium.org\/es\/kiribati\/","og_locale":"es_ES","og_type":"article","og_title":"Ni\u00f1os de Kiribati - Humanium","og_description":"Los ni\u00f1os de Kiribati son el coraz\u00f3n de la sociedad. Aun as\u00ed, corren el riesgo de perder sus derechos, sobre todo con el crecimiento de la prostituci\u00f3n.","og_url":"https:\/\/www.humanium.org\/es\/kiribati\/","og_site_name":"Humanium","article_modified_time":"2025-12-05T17:43:34+00:00","twitter_card":"summary_large_image","twitter_misc":{"Tiempo de lectura":"11 minutos"},"schema":{"@context":"https:\/\/schema.org","@graph":[{"@type":"WebPage","@id":"https:\/\/www.humanium.org\/es\/kiribati\/","url":"https:\/\/www.humanium.org\/es\/kiribati\/","name":"Ni\u00f1os de Kiribati - Humanium","isPartOf":{"@id":"https:\/\/www.humanium.org\/es\/#website"},"datePublished":"2013-05-16T09:53:32+00:00","dateModified":"2025-12-05T17:43:34+00:00","description":"Los ni\u00f1os de Kiribati son el coraz\u00f3n de la sociedad. Aun as\u00ed, corren el riesgo de perder sus derechos, sobre todo con el crecimiento de la prostituci\u00f3n.","breadcrumb":{"@id":"https:\/\/www.humanium.org\/es\/kiribati\/#breadcrumb"},"inLanguage":"es","potentialAction":[{"@type":"ReadAction","target":["https:\/\/www.humanium.org\/es\/kiribati\/"]}]},{"@type":"BreadcrumbList","@id":"https:\/\/www.humanium.org\/es\/kiribati\/#breadcrumb","itemListElement":[{"@type":"ListItem","position":1,"name":"Home","item":"https:\/\/www.humanium.org\/es\/"},{"@type":"ListItem","position":2,"name":"Ni\u00f1os de Kiribati"}]},{"@type":"WebSite","@id":"https:\/\/www.humanium.org\/es\/#website","url":"https:\/\/www.humanium.org\/es\/","name":"Humanium","description":"\u00a1Los ni\u00f1os primero!","potentialAction":[{"@type":"SearchAction","target":{"@type":"EntryPoint","urlTemplate":"https:\/\/www.humanium.org\/es\/?s={search_term_string}"},"query-input":{"@type":"PropertyValueSpecification","valueRequired":true,"valueName":"search_term_string"}}],"inLanguage":"es"}]}},"_links":{"self":[{"href":"https:\/\/www.humanium.org\/es\/wp-json\/wp\/v2\/pages\/1311","targetHints":{"allow":["GET"]}}],"collection":[{"href":"https:\/\/www.humanium.org\/es\/wp-json\/wp\/v2\/pages"}],"about":[{"href":"https:\/\/www.humanium.org\/es\/wp-json\/wp\/v2\/types\/page"}],"author":[{"embeddable":true,"href":"https:\/\/www.humanium.org\/es\/wp-json\/wp\/v2\/users\/1"}],"replies":[{"embeddable":true,"href":"https:\/\/www.humanium.org\/es\/wp-json\/wp\/v2\/comments?post=1311"}],"version-history":[{"count":6,"href":"https:\/\/www.humanium.org\/es\/wp-json\/wp\/v2\/pages\/1311\/revisions"}],"predecessor-version":[{"id":20412,"href":"https:\/\/www.humanium.org\/es\/wp-json\/wp\/v2\/pages\/1311\/revisions\/20412"}],"wp:attachment":[{"href":"https:\/\/www.humanium.org\/es\/wp-json\/wp\/v2\/media?parent=1311"}],"curies":[{"name":"wp","href":"https:\/\/api.w.org\/{rel}","templated":true}]}}