{"id":135,"date":"2012-11-15T09:55:40","date_gmt":"2012-11-15T09:55:40","guid":{"rendered":"http:\/\/www.humanium.org\/es\/?page_id=135"},"modified":"2017-10-04T07:58:30","modified_gmt":"2017-10-04T07:58:30","slug":"convenio-182-peores-formas-trabajo-infantil-1999","status":"publish","type":"page","link":"https:\/\/www.humanium.org\/es\/convenio-182-peores-formas-trabajo-infantil-1999\/","title":{"rendered":"El Convenio N\u00ba 182 sobre Las Peores Formas de Trabajo Infantil, 1999"},"content":{"rendered":"<h1><span style=\"color: #800000;\">El Convenio N\u00ba 182 sobre las Peores Formas de Trabajo Infantil, 1999<\/span><\/h1>\n<h2>Presentaci\u00f3n del Convenio 182<\/h2>\n<p><img loading=\"lazy\" decoding=\"async\" class=\"size-full wp-image-3870 alignright\" title=\"ILO\" alt=\"\" src=\"https:\/\/www.humanium.org\/es\/wp-content\/uploads\/portail-fr\/OIT.jpg\" width=\"83\" height=\"80\" \/><\/p>\n<p>El <a href=\"https:\/\/www.humanium.org\/es\/convenio-182-texto-completo\/\" target=\"_self\">Convenio 182<\/a> fue presentado por la Organizaci\u00f3n Internacional del Trabajo (OIT) y adoptado por unanimidad por sus miembros el 17 de junio de 1999, en Ginebra.<\/p>\n<h3>Or\u00edgenes del Convenio 182<\/h3>\n<p>La OIT estima que m\u00e1s de 250 millones de chicos, entre los 5 y 14 a\u00f1os, son forzados a trabajar para sobrevivir y mantener a sus familias. M\u00e1s del 70% lo realiza en condiciones peligrosas.<\/p>\n<p><img loading=\"lazy\" decoding=\"async\" class=\"size-full wp-image-3987 alignleft\" title=\"Millones de ni\u00f1os trabajan a diario en condiciones deplorables - \u00a9 UN\/J.-P.Laffont\" alt=\"\" src=\"https:\/\/www.humanium.org\/es\/wp-content\/uploads\/portail-fr\/15-UN-Photo-Jean-Pierre-Laffont.jpg\" width=\"147\" height=\"217\" \/><\/p>\n<p>No obstante, estas estad\u00edsticas no toman en cuenta al mill\u00f3n de ni\u00f1os trabajadores considerados como \u201cinvisibles\u201d, que son escondidos por sus empleadores y sometidos a condiciones laborales cercanas a la esclavitud.<\/p>\n<p>Esta alarmante situaci\u00f3n llev\u00f3 a la OIT a presentar un nuevo convenio y una serie de planes de acci\u00f3n, con el objetivo de erradicar el trabajo infantil.<\/p>\n<p>El <a href=\"https:\/\/www.humanium.org\/es\/convenio-182-texto-completo\/\">Convenio 182 sobre las Peores Formas de Trabajo Infantil<\/a> y la Recomendaci\u00f3n R190 sobre la Acci\u00f3n Inmediata para su Erradicaci\u00f3n fueron adoptados por unanimidad por los Estados Miembros de la OIT el 17 de junio de 1999 y puestos en vigencia el 19 de noviembre de 2000.<\/p>\n<h3>Contenido del Convenio<\/h3>\n<p>El <a href=\"https:\/\/www.humanium.org\/es\/convenio-182-texto-completo\/\">Convenio 182<\/a> destaca las cinco peores formas de trabajo que deben erradicarse a fin de intensificar la lucha contra esta problem\u00e1tica. \u00c9stas son las siguientes:<\/p>\n<p><img loading=\"lazy\" decoding=\"async\" class=\"size-full wp-image-3991 alignright\" title=\"El convenio proh\u00edbe, sobre todo, el trabajo que pueda da\u00f1ar la salud, la seguridad y la moralidad de los ni\u00f1os - \u00a9 UN\/J.-P.Laffont\" alt=\"\" src=\"https:\/\/www.humanium.org\/es\/wp-content\/uploads\/portail-fr\/50-UN-Photo-Jean-Pierre-Laffont.jpg\" width=\"175\" height=\"258\" \/><\/p>\n<ul>\n<li>Esclavitud o pr\u00e1cticas similares, tales como la venta o trata de ni\u00f1os, la servidumbre por deudas o la condici\u00f3n de siervo;<\/li>\n<li>Trabajo obligatorio o forzoso, incluido el reclutamiento de ni\u00f1os para utilizarlos en conflictos armados;<\/li>\n<li>La contrataci\u00f3n, utilizaci\u00f3n u oferta de ni\u00f1os para la prostituci\u00f3n, materiales pornogr\u00e1ficos o shows de la misma \u00edndole;<\/li>\n<li>La contrataci\u00f3n, utilizaci\u00f3n u oferta para actividades il\u00edcitas, en especial la producci\u00f3n o tr\u00e1fico de drogas, tal como se definen en los tratados internacionales pertinentes;<\/li>\n<li>Trabajos que, por su naturaleza o condiciones en que se realizan, puedan poner en riesgo la salud, la seguridad o la moralidad de los ni\u00f1os.<\/li>\n<\/ul>\n<p>El Programa Internacional para la Erradicaci\u00f3n del Trabajo Infantil (IPEC, por sus siglas en ingl\u00e9s), creado por la OIT en 1992, ayuda a los Estados Miembros en la implementaci\u00f3n de las medidas necesarias para eliminar estas peores formas de trabajo. De igual modo, el IPEC hace \u00e9nfasis en los casos de trabajo infantil donde se pueda ofrecer apoyo a los ni\u00f1os v\u00edctimas y proporcionar soluciones adaptadas a cada situaci\u00f3n.<\/p>\n<p><a href=\"https:\/\/www.humanium.org\/es\/convenio-182-texto-completo\/\"><\/a><\/p>\n<table>\n<tbody style=\"background: #f9f9f9;\">\n<tr>\n<td>\n<div style=\"float: left; width: 65%;\">Traducido por: Romina Medina<br \/>\nCorregido por: Vanesa Knoop<\/div>\n<\/td>\n<\/tr>\n<\/tbody>\n<\/table>\n<div id=\"toggle\"><a onclick=\"show_voir_aussi('voir_aussi_box')\" href=\"javascript:show_voir_aussi(id)\"><\/a><\/div>\n<div id=\"voir_aussi_box\" style=\"display: none;\">\n<div id=\"stb-body-box-7077\">\n<div id=\"stb-body-box-404\">\n<div id=\"stb-body-box-536\">\n<div id=\"stb-body-box-567\">\n<ul>\n<li><a href=\"https:\/\/www.humanium.org\/es\/trabajo-infantil\/\" target=\"_blank\">Trabajo Infantil<\/a><\/li>\n<li><a title=\"Referencias Est\u00e1ndares\" href=\"https:\/\/www.humanium.org\/es\/referecias-estandares\/\">Referencias Est\u00e1ndares sobre los Derechos del Ni\u00f1o<\/a><\/li>\n<\/ul>\n<\/div>\n<\/div>\n<\/div>\n<\/div>\n<\/div>\n<p>&nbsp;<\/p>\n","protected":false},"excerpt":{"rendered":"<p>El Convenio N\u00ba 182 sobre las Peores Formas de Trabajo Infantil, 1999 Presentaci\u00f3n del Convenio 182 El Convenio 182 fue presentado por la Organizaci\u00f3n Internacional del Trabajo (OIT) y adoptado por unanimidad por sus miembros el 17 de junio de 1999, en Ginebra. Or\u00edgenes del Convenio 182 La OIT estima que m\u00e1s de 250 millones [&hellip;]<\/p>\n","protected":false},"author":1,"featured_media":0,"parent":0,"menu_order":0,"comment_status":"closed","ping_status":"closed","template":"","meta":{"footnotes":""},"class_list":["post-135","page","type-page","status-publish","hentry"],"yoast_head":"<!-- This site is optimized with the Yoast SEO plugin v26.5 - https:\/\/yoast.com\/wordpress\/plugins\/seo\/ -->\n<title>El Convenio N\u00ba 182 sobre Las Peores Formas de Trabajo Infantil, 1999 - Humanium<\/title>\n<meta name=\"robots\" content=\"index, follow, max-snippet:-1, max-image-preview:large, max-video-preview:-1\" \/>\n<link rel=\"canonical\" href=\"https:\/\/www.humanium.org\/es\/convenio-182-peores-formas-trabajo-infantil-1999\/\" \/>\n<meta property=\"og:locale\" content=\"es_ES\" \/>\n<meta property=\"og:type\" content=\"article\" \/>\n<meta property=\"og:title\" content=\"El Convenio N\u00ba 182 sobre Las Peores Formas de Trabajo Infantil, 1999 - Humanium\" \/>\n<meta property=\"og:description\" content=\"El Convenio N\u00ba 182 sobre las Peores Formas de Trabajo Infantil, 1999 Presentaci\u00f3n del Convenio 182 El Convenio 182 fue presentado por la Organizaci\u00f3n Internacional del Trabajo (OIT) y adoptado por unanimidad por sus miembros el 17 de junio de 1999, en Ginebra. Or\u00edgenes del Convenio 182 La OIT estima que m\u00e1s de 250 millones [&hellip;]\" \/>\n<meta property=\"og:url\" content=\"https:\/\/www.humanium.org\/es\/convenio-182-peores-formas-trabajo-infantil-1999\/\" \/>\n<meta property=\"og:site_name\" content=\"Humanium\" \/>\n<meta property=\"article:modified_time\" content=\"2017-10-04T07:58:30+00:00\" \/>\n<meta property=\"og:image\" content=\"https:\/\/www.humanium.org\/es\/wp-content\/uploads\/portail-fr\/OIT.jpg\" \/>\n<meta name=\"twitter:card\" content=\"summary_large_image\" \/>\n<meta name=\"twitter:label1\" content=\"Tiempo de lectura\" \/>\n\t<meta name=\"twitter:data1\" content=\"2 minutos\" \/>\n<script type=\"application\/ld+json\" class=\"yoast-schema-graph\">{\"@context\":\"https:\/\/schema.org\",\"@graph\":[{\"@type\":\"WebPage\",\"@id\":\"https:\/\/www.humanium.org\/es\/convenio-182-peores-formas-trabajo-infantil-1999\/\",\"url\":\"https:\/\/www.humanium.org\/es\/convenio-182-peores-formas-trabajo-infantil-1999\/\",\"name\":\"El Convenio N\u00ba 182 sobre Las Peores Formas de Trabajo Infantil, 1999 - Humanium\",\"isPartOf\":{\"@id\":\"https:\/\/www.humanium.org\/es\/#website\"},\"primaryImageOfPage\":{\"@id\":\"https:\/\/www.humanium.org\/es\/convenio-182-peores-formas-trabajo-infantil-1999\/#primaryimage\"},\"image\":{\"@id\":\"https:\/\/www.humanium.org\/es\/convenio-182-peores-formas-trabajo-infantil-1999\/#primaryimage\"},\"thumbnailUrl\":\"https:\/\/www.humanium.org\/es\/wp-content\/uploads\/portail-fr\/OIT.jpg\",\"datePublished\":\"2012-11-15T09:55:40+00:00\",\"dateModified\":\"2017-10-04T07:58:30+00:00\",\"breadcrumb\":{\"@id\":\"https:\/\/www.humanium.org\/es\/convenio-182-peores-formas-trabajo-infantil-1999\/#breadcrumb\"},\"inLanguage\":\"es\",\"potentialAction\":[{\"@type\":\"ReadAction\",\"target\":[\"https:\/\/www.humanium.org\/es\/convenio-182-peores-formas-trabajo-infantil-1999\/\"]}]},{\"@type\":\"ImageObject\",\"inLanguage\":\"es\",\"@id\":\"https:\/\/www.humanium.org\/es\/convenio-182-peores-formas-trabajo-infantil-1999\/#primaryimage\",\"url\":\"https:\/\/www.humanium.org\/es\/wp-content\/uploads\/portail-fr\/OIT.jpg\",\"contentUrl\":\"https:\/\/www.humanium.org\/es\/wp-content\/uploads\/portail-fr\/OIT.jpg\"},{\"@type\":\"BreadcrumbList\",\"@id\":\"https:\/\/www.humanium.org\/es\/convenio-182-peores-formas-trabajo-infantil-1999\/#breadcrumb\",\"itemListElement\":[{\"@type\":\"ListItem\",\"position\":1,\"name\":\"Home\",\"item\":\"https:\/\/www.humanium.org\/es\/\"},{\"@type\":\"ListItem\",\"position\":2,\"name\":\"El Convenio N\u00ba 182 sobre Las Peores Formas de Trabajo Infantil, 1999\"}]},{\"@type\":\"WebSite\",\"@id\":\"https:\/\/www.humanium.org\/es\/#website\",\"url\":\"https:\/\/www.humanium.org\/es\/\",\"name\":\"Humanium\",\"description\":\"\u00a1Los ni\u00f1os primero!\",\"potentialAction\":[{\"@type\":\"SearchAction\",\"target\":{\"@type\":\"EntryPoint\",\"urlTemplate\":\"https:\/\/www.humanium.org\/es\/?s={search_term_string}\"},\"query-input\":{\"@type\":\"PropertyValueSpecification\",\"valueRequired\":true,\"valueName\":\"search_term_string\"}}],\"inLanguage\":\"es\"}]}<\/script>\n<!-- \/ Yoast SEO plugin. -->","yoast_head_json":{"title":"El Convenio N\u00ba 182 sobre Las Peores Formas de Trabajo Infantil, 1999 - Humanium","robots":{"index":"index","follow":"follow","max-snippet":"max-snippet:-1","max-image-preview":"max-image-preview:large","max-video-preview":"max-video-preview:-1"},"canonical":"https:\/\/www.humanium.org\/es\/convenio-182-peores-formas-trabajo-infantil-1999\/","og_locale":"es_ES","og_type":"article","og_title":"El Convenio N\u00ba 182 sobre Las Peores Formas de Trabajo Infantil, 1999 - Humanium","og_description":"El Convenio N\u00ba 182 sobre las Peores Formas de Trabajo Infantil, 1999 Presentaci\u00f3n del Convenio 182 El Convenio 182 fue presentado por la Organizaci\u00f3n Internacional del Trabajo (OIT) y adoptado por unanimidad por sus miembros el 17 de junio de 1999, en Ginebra. Or\u00edgenes del Convenio 182 La OIT estima que m\u00e1s de 250 millones [&hellip;]","og_url":"https:\/\/www.humanium.org\/es\/convenio-182-peores-formas-trabajo-infantil-1999\/","og_site_name":"Humanium","article_modified_time":"2017-10-04T07:58:30+00:00","og_image":[{"url":"https:\/\/www.humanium.org\/es\/wp-content\/uploads\/portail-fr\/OIT.jpg","type":"","width":"","height":""}],"twitter_card":"summary_large_image","twitter_misc":{"Tiempo de lectura":"2 minutos"},"schema":{"@context":"https:\/\/schema.org","@graph":[{"@type":"WebPage","@id":"https:\/\/www.humanium.org\/es\/convenio-182-peores-formas-trabajo-infantil-1999\/","url":"https:\/\/www.humanium.org\/es\/convenio-182-peores-formas-trabajo-infantil-1999\/","name":"El Convenio N\u00ba 182 sobre Las Peores Formas de Trabajo Infantil, 1999 - Humanium","isPartOf":{"@id":"https:\/\/www.humanium.org\/es\/#website"},"primaryImageOfPage":{"@id":"https:\/\/www.humanium.org\/es\/convenio-182-peores-formas-trabajo-infantil-1999\/#primaryimage"},"image":{"@id":"https:\/\/www.humanium.org\/es\/convenio-182-peores-formas-trabajo-infantil-1999\/#primaryimage"},"thumbnailUrl":"https:\/\/www.humanium.org\/es\/wp-content\/uploads\/portail-fr\/OIT.jpg","datePublished":"2012-11-15T09:55:40+00:00","dateModified":"2017-10-04T07:58:30+00:00","breadcrumb":{"@id":"https:\/\/www.humanium.org\/es\/convenio-182-peores-formas-trabajo-infantil-1999\/#breadcrumb"},"inLanguage":"es","potentialAction":[{"@type":"ReadAction","target":["https:\/\/www.humanium.org\/es\/convenio-182-peores-formas-trabajo-infantil-1999\/"]}]},{"@type":"ImageObject","inLanguage":"es","@id":"https:\/\/www.humanium.org\/es\/convenio-182-peores-formas-trabajo-infantil-1999\/#primaryimage","url":"https:\/\/www.humanium.org\/es\/wp-content\/uploads\/portail-fr\/OIT.jpg","contentUrl":"https:\/\/www.humanium.org\/es\/wp-content\/uploads\/portail-fr\/OIT.jpg"},{"@type":"BreadcrumbList","@id":"https:\/\/www.humanium.org\/es\/convenio-182-peores-formas-trabajo-infantil-1999\/#breadcrumb","itemListElement":[{"@type":"ListItem","position":1,"name":"Home","item":"https:\/\/www.humanium.org\/es\/"},{"@type":"ListItem","position":2,"name":"El Convenio N\u00ba 182 sobre Las Peores Formas de Trabajo Infantil, 1999"}]},{"@type":"WebSite","@id":"https:\/\/www.humanium.org\/es\/#website","url":"https:\/\/www.humanium.org\/es\/","name":"Humanium","description":"\u00a1Los ni\u00f1os primero!","potentialAction":[{"@type":"SearchAction","target":{"@type":"EntryPoint","urlTemplate":"https:\/\/www.humanium.org\/es\/?s={search_term_string}"},"query-input":{"@type":"PropertyValueSpecification","valueRequired":true,"valueName":"search_term_string"}}],"inLanguage":"es"}]}},"_links":{"self":[{"href":"https:\/\/www.humanium.org\/es\/wp-json\/wp\/v2\/pages\/135","targetHints":{"allow":["GET"]}}],"collection":[{"href":"https:\/\/www.humanium.org\/es\/wp-json\/wp\/v2\/pages"}],"about":[{"href":"https:\/\/www.humanium.org\/es\/wp-json\/wp\/v2\/types\/page"}],"author":[{"embeddable":true,"href":"https:\/\/www.humanium.org\/es\/wp-json\/wp\/v2\/users\/1"}],"replies":[{"embeddable":true,"href":"https:\/\/www.humanium.org\/es\/wp-json\/wp\/v2\/comments?post=135"}],"version-history":[{"count":2,"href":"https:\/\/www.humanium.org\/es\/wp-json\/wp\/v2\/pages\/135\/revisions"}],"predecessor-version":[{"id":11373,"href":"https:\/\/www.humanium.org\/es\/wp-json\/wp\/v2\/pages\/135\/revisions\/11373"}],"wp:attachment":[{"href":"https:\/\/www.humanium.org\/es\/wp-json\/wp\/v2\/media?parent=135"}],"curies":[{"name":"wp","href":"https:\/\/api.w.org\/{rel}","templated":true}]}}