{"id":1364,"date":"2013-05-20T17:41:45","date_gmt":"2013-05-20T17:41:45","guid":{"rendered":"http:\/\/www.humanium.org\/es\/?page_id=1364"},"modified":"2025-12-06T16:31:37","modified_gmt":"2025-12-06T16:31:37","slug":"kuwait","status":"publish","type":"page","link":"https:\/\/www.humanium.org\/es\/kuwait\/","title":{"rendered":"Ni\u00f1os de Kuwait"},"content":{"rendered":"<h1>Ni\u00f1os de Kuwait<\/h1>\n<h2>Descubriendo los derechos infantiles\u00a0en Kuwait<\/h2>\n<p style=\"text-align: center;\"><img loading=\"lazy\" decoding=\"async\" class=\"alignnone wp-image-2856\" title=\"girl of Kuwait \u00a9 Abdullah-Mohammad\" src=\"https:\/\/www.humanium.org\/es\/wp-content\/uploads\/2013\/05\/Abdullah-Muhammad-flickr-300x270.png\" alt=\"\" width=\"243\" height=\"220\" \/>\u00a0<img loading=\"lazy\" decoding=\"async\" class=\"alignnone wp-image-2857\" title=\"boy of Kuwait \u00a9 bu-youssef\" src=\"https:\/\/www.humanium.org\/es\/wp-content\/uploads\/2013\/05\/jeune-garcon-bu-youssef-300x246.jpg\" alt=\"\" width=\"268\" height=\"219\" \/><\/p>\n<p>Seg\u00fan las observaciones finales, recogidas en el informe que el Comit\u00e9 de los Derechos del Ni\u00f1o present\u00f3 en 1998, la situaci\u00f3n de los menores kuwait\u00edes ha mejorado considerablemente. El pa\u00eds, sin embargo, se niega a enmendar su legislaci\u00f3n y garantizar as\u00ed el cumplimiento de ciertos derechos, ya que los problemas relacionados con una educaci\u00f3n discriminatoria y matrimonios infantiles se dan de forma constante.<\/p>\n<h3>Principales problemas que afectan a los ni\u00f1os en Kuwait:<\/h3>\n<p><strong>Matrimonios infantiles<br \/>\n<\/strong><br \/>\n<img loading=\"lazy\" decoding=\"async\" class=\"alignright wp-image-24818\" title=\"En Kuwait la edad m\u00ednima legal para contraer matrimonio es diferente dependiendo del g\u00e9nero. \u00a9 steve-et jemma-copley \" src=\"https:\/\/www.humanium.org\/fr\/wp-content\/uploads\/2012\/09\/violence-steve-et-jemma-copley-225x300.jpg\" alt=\"\" width=\"225\" height=\"300\" \/>En Kuwait la edad m\u00ednima legal para contraer matrimonio var\u00eda en funci\u00f3n del g\u00e9nero. Para las j\u00f3venes, la edad m\u00ednima que capacita para el matrimonio es de 15 a\u00f1os, y para los j\u00f3venes es de 17 a\u00f1os. . Los matrimonios infantiles son uno de los principales obst\u00e1culos para la educaci\u00f3n de las ni\u00f1as.<\/p>\n<p>En este pa\u00eds uno de los fines del matrimonio es la procreaci\u00f3n, sin embargo las j\u00f3venes en general a\u00fan no est\u00e1n lo suficientemente desarrolladas f\u00edsicamente para tener un hijo,por lo que el embarazo puede tener consecuencias nefastas para su salud.<\/p>\n<p>Con los matrimonios infantiles tambi\u00e9n se plantea el tema de la violaci\u00f3n marital, y como no est\u00e1 reconocida por la legislaci\u00f3n kuwait\u00ed, las ni\u00f1as casadas son propensas a sufrir esta clase de violencia.<\/p>\n<p>En su informe, el Comit\u00e9 de los Derechos del Ni\u00f1o, recomienda a Kuwait que eleve a 17 la edad m\u00ednima legal para que las ni\u00f1as puedan contraer matrimonio.<\/p>\n<p><strong>Derecho a la identidad<\/strong><\/p>\n<p><img loading=\"lazy\" decoding=\"async\" class=\"alignright wp-image-24819\" title=\"Il existe des in\u00e9galit\u00e9s entre hommes et femmes quant \u00e0 la transmission de la nationalit\u00e9 kowe\u00eftienne \u00a9 discrimination-brett-jordan (flickr)\" src=\"https:\/\/www.humanium.org\/fr\/wp-content\/uploads\/2012\/09\/discrimination-brett-jordan-300x196.jpg\" alt=\"\" width=\"300\" height=\"196\" \/>Las desigualdades entre hombres y mujeres vuelven a ser evidentes en la transmisi\u00f3n de la nacionalidad kuwait\u00ed a los menores. Los menores pueden heredar autom\u00e1ticamente la ciudadan\u00eda de sus padres, sin embargo la Ley de Nacionalidad s\u00f3lo permite que las mujeres otorguen la ciudadan\u00eda a sus hijos en casos concretos, como divorcio o fallecimiento del padre ap\u00e1trida.<\/p>\n<p>A pesar de que s\u00f3lo se necesita una de estas condiciones para que la concesi\u00f3n de la ciudadan\u00eda sea efectiva, la transmisi\u00f3n de la misma no es autom\u00e1tica ni hereditaria, por lo que el riesgo de apatridia de los menores es mucho m\u00e1s elevado de lo que parece. Por ejemplo, cuando una madre kuwait\u00ed contrae matrimonio con un extranjero, \u00e9sta no puede transmitir su nacionalidad a sus hijos, por lo que el ni\u00f1o ser\u00e1 ap\u00e1trida.<\/p>\n<p>En general, el derecho a la identidad es un privilegio y no un derecho tal y como indica su nombre.<\/p>\n<p>Por \u00faltimo, hay que mencionar que Kuwait a\u00fan no se ha adherido a la Convenci\u00f3n de 1954 sobre el Estatuto de los Ap\u00e1tridas, ni a la Convenci\u00f3n para Reducir los Casos de Apatridia de 1961.<\/p>\n<p><strong>Discriminaci\u00f3n<\/strong><img loading=\"lazy\" decoding=\"async\" class=\"alignright size-medium wp-image-24820\" title=\" Kuwait ha creado una fundaci\u00f3n ben\u00e9fica para facilitar el acceso a la educaci\u00f3n de los menores ap\u00e1tridas. \u00a9 alain-bachellier (flickr)\" src=\"https:\/\/www.humanium.org\/fr\/wp-content\/uploads\/2012\/09\/alain-bachellier-205x300.jpg\" alt=\"\" width=\"205\" height=\"300\" \/><\/p>\n<p>Seg\u00fan la ley de ense\u00f1anza obligatoria, el Gobierno de Kuwait garantiza el acceso a una ense\u00f1anza gratuita para los ciudadanos menores sin que haya discriminaci\u00f3n entre ni\u00f1os y ni\u00f1as. Sin embargo, los ni\u00f1os no ciudadanos no tienen derecho a acceder libre y gratuitamente a estos servicios.<\/p>\n<p>Si bien est\u00e1 distinci\u00f3n se debe a la falta de legislaci\u00f3n a favor de los hijos de los ap\u00e1tridas, la Fundaci\u00f3n Kuwait ha creado una organizaci\u00f3n para sufragar gastos relacionados con estos servicios (como matr\u00edculas) y as\u00ed garantizar el acceso de los ni\u00f1os ap\u00e1tridas a los mismos. A\u00fan as\u00ed el acceso de estos ni\u00f1os a la sanidad y a la educaci\u00f3n es restringido .<\/p>\n<p><strong>El maltrato infantil<br \/>\n<\/strong><br \/>\nKuwait ha abolido el castigo f\u00edsico en la escuela, sin embargo est\u00e1 prohibici\u00f3n rara vez se aplica. Adem\u00e1s las familias consideran est\u00e1 pr\u00e1ctica un m\u00e9todo educativo m\u00e1s.<\/p>\n<p>Las encuestas han revelado que los centros de salud dependientes del Ministerio de Asuntos Sociales y Trabajo se niegan a tratar a ni\u00f1as menores de 18 a\u00f1os que hayan sido v\u00edctimas de violencia dom\u00e9stica.<\/p>\n<p>La falta de datos estad\u00edsticos sobre el maltrato infantil es preocupante.<\/p>\n<p><strong>Medio Ambiente<\/strong><img loading=\"lazy\" decoding=\"async\" class=\"alignright wp-image-24822\" title=\"L'environnement doit \u00eatre prot\u00e9g\u00e9 \u00a9 ena tounes (flikr)\" src=\"https:\/\/www.humanium.org\/fr\/wp-content\/uploads\/2012\/09\/ena-topunes-300x199.jpg\" alt=\"\" width=\"300\" height=\"199\" \/><\/p>\n<p>En Kuwait, la presencia de instalaciones petrol\u00edferas y de plantas qu\u00edmicas e industriales contribuyen a la alta emisi\u00f3n de di\u00f3xido de carbono (CO2). Este gas no es t\u00f3xico pero s\u00ed es considerado un contaminante, ya que es uno de los principales responsables del calentamiento global. El riesgo a que se produzca un desastre natural y a que se desplome el rendimiento de los cultivos ha aumentado en los \u00faltimos a\u00f1os a consecuencia del cambio clim\u00e1tico global, por lo que este fen\u00f3meno es una amenaza para las generaciones futuras.<\/p>\n<p>La preocupaci\u00f3n por el problema es tal que en 2010, 150.000 estudiantes convocaron a una huelga en se\u00f1al de protesta contra la contaminaci\u00f3n.<\/p>\n<p><strong>Accidentes de tr\u00e1fico<br \/>\n<\/strong><br \/>\nEn Kuwait el tr\u00e1fico es muy denso, lo que ha incrementado considerablemente el n\u00famero de siniestros. Bien como ocupantes del veh\u00edculo o bien como peatones, este problema pone en peligro la vida de un sinf\u00edn de menores.<\/p>\n<p>Para reducir el riesgo de accidentes, el Gobierno kuwait\u00ed se ha comprometido a lanzar planes nacionales para incrementar la seguridad y garantizar apoyo a las v\u00edctimas.<\/p>\n","protected":false},"excerpt":{"rendered":"<p>Ni\u00f1os de Kuwait Descubriendo los derechos infantiles\u00a0en Kuwait \u00a0 Seg\u00fan las observaciones finales, recogidas en el informe que el Comit\u00e9 de los Derechos del Ni\u00f1o present\u00f3 en 1998, la situaci\u00f3n de los menores kuwait\u00edes ha mejorado considerablemente. El pa\u00eds, sin embargo, se niega a enmendar su legislaci\u00f3n y garantizar as\u00ed el cumplimiento de ciertos derechos, [&hellip;]<\/p>\n","protected":false},"author":1,"featured_media":0,"parent":0,"menu_order":0,"comment_status":"closed","ping_status":"open","template":"","meta":{"footnotes":""},"class_list":["post-1364","page","type-page","status-publish","hentry"],"yoast_head":"<!-- This site is optimized with the Yoast SEO plugin v26.5 - https:\/\/yoast.com\/wordpress\/plugins\/seo\/ -->\n<title>Ni\u00f1os de Kuwait - Humanium<\/title>\n<meta name=\"description\" content=\"La situaci\u00f3n de los ni\u00f1os en Kuwait ha mejorado considerablemente. Sin embargo, ciertos derechos a\u00fan no son garantizados por la ley.\" \/>\n<meta name=\"robots\" content=\"index, follow, max-snippet:-1, max-image-preview:large, max-video-preview:-1\" \/>\n<link rel=\"canonical\" href=\"https:\/\/www.humanium.org\/es\/kuwait\/\" \/>\n<meta property=\"og:locale\" content=\"es_ES\" \/>\n<meta property=\"og:type\" content=\"article\" \/>\n<meta property=\"og:title\" content=\"Ni\u00f1os de Kuwait - Humanium\" \/>\n<meta property=\"og:description\" content=\"La situaci\u00f3n de los ni\u00f1os en Kuwait ha mejorado considerablemente. Sin embargo, ciertos derechos a\u00fan no son garantizados por la ley.\" \/>\n<meta property=\"og:url\" content=\"https:\/\/www.humanium.org\/es\/kuwait\/\" \/>\n<meta property=\"og:site_name\" content=\"Humanium\" \/>\n<meta property=\"article:modified_time\" content=\"2025-12-06T16:31:37+00:00\" \/>\n<meta name=\"twitter:card\" content=\"summary_large_image\" \/>\n<meta name=\"twitter:label1\" content=\"Tiempo de lectura\" \/>\n\t<meta name=\"twitter:data1\" content=\"5 minutos\" \/>\n<script type=\"application\/ld+json\" class=\"yoast-schema-graph\">{\"@context\":\"https:\/\/schema.org\",\"@graph\":[{\"@type\":\"WebPage\",\"@id\":\"https:\/\/www.humanium.org\/es\/kuwait\/\",\"url\":\"https:\/\/www.humanium.org\/es\/kuwait\/\",\"name\":\"Ni\u00f1os de Kuwait - Humanium\",\"isPartOf\":{\"@id\":\"https:\/\/www.humanium.org\/es\/#website\"},\"primaryImageOfPage\":{\"@id\":\"https:\/\/www.humanium.org\/es\/kuwait\/#primaryimage\"},\"image\":{\"@id\":\"https:\/\/www.humanium.org\/es\/kuwait\/#primaryimage\"},\"thumbnailUrl\":\"https:\/\/www.humanium.org\/es\/wp-content\/uploads\/2013\/05\/Abdullah-Muhammad-flickr-300x270.png\",\"datePublished\":\"2013-05-20T17:41:45+00:00\",\"dateModified\":\"2025-12-06T16:31:37+00:00\",\"description\":\"La situaci\u00f3n de los ni\u00f1os en Kuwait ha mejorado considerablemente. Sin embargo, ciertos derechos a\u00fan no son garantizados por la ley.\",\"breadcrumb\":{\"@id\":\"https:\/\/www.humanium.org\/es\/kuwait\/#breadcrumb\"},\"inLanguage\":\"es\",\"potentialAction\":[{\"@type\":\"ReadAction\",\"target\":[\"https:\/\/www.humanium.org\/es\/kuwait\/\"]}]},{\"@type\":\"ImageObject\",\"inLanguage\":\"es\",\"@id\":\"https:\/\/www.humanium.org\/es\/kuwait\/#primaryimage\",\"url\":\"https:\/\/www.humanium.org\/es\/wp-content\/uploads\/2013\/05\/Abdullah-Muhammad-flickr-300x270.png\",\"contentUrl\":\"https:\/\/www.humanium.org\/es\/wp-content\/uploads\/2013\/05\/Abdullah-Muhammad-flickr-300x270.png\"},{\"@type\":\"BreadcrumbList\",\"@id\":\"https:\/\/www.humanium.org\/es\/kuwait\/#breadcrumb\",\"itemListElement\":[{\"@type\":\"ListItem\",\"position\":1,\"name\":\"Home\",\"item\":\"https:\/\/www.humanium.org\/es\/\"},{\"@type\":\"ListItem\",\"position\":2,\"name\":\"Ni\u00f1os de Kuwait\"}]},{\"@type\":\"WebSite\",\"@id\":\"https:\/\/www.humanium.org\/es\/#website\",\"url\":\"https:\/\/www.humanium.org\/es\/\",\"name\":\"Humanium\",\"description\":\"\u00a1Los ni\u00f1os primero!\",\"potentialAction\":[{\"@type\":\"SearchAction\",\"target\":{\"@type\":\"EntryPoint\",\"urlTemplate\":\"https:\/\/www.humanium.org\/es\/?s={search_term_string}\"},\"query-input\":{\"@type\":\"PropertyValueSpecification\",\"valueRequired\":true,\"valueName\":\"search_term_string\"}}],\"inLanguage\":\"es\"}]}<\/script>\n<!-- \/ Yoast SEO plugin. -->","yoast_head_json":{"title":"Ni\u00f1os de Kuwait - Humanium","description":"La situaci\u00f3n de los ni\u00f1os en Kuwait ha mejorado considerablemente. Sin embargo, ciertos derechos a\u00fan no son garantizados por la ley.","robots":{"index":"index","follow":"follow","max-snippet":"max-snippet:-1","max-image-preview":"max-image-preview:large","max-video-preview":"max-video-preview:-1"},"canonical":"https:\/\/www.humanium.org\/es\/kuwait\/","og_locale":"es_ES","og_type":"article","og_title":"Ni\u00f1os de Kuwait - Humanium","og_description":"La situaci\u00f3n de los ni\u00f1os en Kuwait ha mejorado considerablemente. Sin embargo, ciertos derechos a\u00fan no son garantizados por la ley.","og_url":"https:\/\/www.humanium.org\/es\/kuwait\/","og_site_name":"Humanium","article_modified_time":"2025-12-06T16:31:37+00:00","twitter_card":"summary_large_image","twitter_misc":{"Tiempo de lectura":"5 minutos"},"schema":{"@context":"https:\/\/schema.org","@graph":[{"@type":"WebPage","@id":"https:\/\/www.humanium.org\/es\/kuwait\/","url":"https:\/\/www.humanium.org\/es\/kuwait\/","name":"Ni\u00f1os de Kuwait - Humanium","isPartOf":{"@id":"https:\/\/www.humanium.org\/es\/#website"},"primaryImageOfPage":{"@id":"https:\/\/www.humanium.org\/es\/kuwait\/#primaryimage"},"image":{"@id":"https:\/\/www.humanium.org\/es\/kuwait\/#primaryimage"},"thumbnailUrl":"https:\/\/www.humanium.org\/es\/wp-content\/uploads\/2013\/05\/Abdullah-Muhammad-flickr-300x270.png","datePublished":"2013-05-20T17:41:45+00:00","dateModified":"2025-12-06T16:31:37+00:00","description":"La situaci\u00f3n de los ni\u00f1os en Kuwait ha mejorado considerablemente. Sin embargo, ciertos derechos a\u00fan no son garantizados por la ley.","breadcrumb":{"@id":"https:\/\/www.humanium.org\/es\/kuwait\/#breadcrumb"},"inLanguage":"es","potentialAction":[{"@type":"ReadAction","target":["https:\/\/www.humanium.org\/es\/kuwait\/"]}]},{"@type":"ImageObject","inLanguage":"es","@id":"https:\/\/www.humanium.org\/es\/kuwait\/#primaryimage","url":"https:\/\/www.humanium.org\/es\/wp-content\/uploads\/2013\/05\/Abdullah-Muhammad-flickr-300x270.png","contentUrl":"https:\/\/www.humanium.org\/es\/wp-content\/uploads\/2013\/05\/Abdullah-Muhammad-flickr-300x270.png"},{"@type":"BreadcrumbList","@id":"https:\/\/www.humanium.org\/es\/kuwait\/#breadcrumb","itemListElement":[{"@type":"ListItem","position":1,"name":"Home","item":"https:\/\/www.humanium.org\/es\/"},{"@type":"ListItem","position":2,"name":"Ni\u00f1os de Kuwait"}]},{"@type":"WebSite","@id":"https:\/\/www.humanium.org\/es\/#website","url":"https:\/\/www.humanium.org\/es\/","name":"Humanium","description":"\u00a1Los ni\u00f1os primero!","potentialAction":[{"@type":"SearchAction","target":{"@type":"EntryPoint","urlTemplate":"https:\/\/www.humanium.org\/es\/?s={search_term_string}"},"query-input":{"@type":"PropertyValueSpecification","valueRequired":true,"valueName":"search_term_string"}}],"inLanguage":"es"}]}},"_links":{"self":[{"href":"https:\/\/www.humanium.org\/es\/wp-json\/wp\/v2\/pages\/1364","targetHints":{"allow":["GET"]}}],"collection":[{"href":"https:\/\/www.humanium.org\/es\/wp-json\/wp\/v2\/pages"}],"about":[{"href":"https:\/\/www.humanium.org\/es\/wp-json\/wp\/v2\/types\/page"}],"author":[{"embeddable":true,"href":"https:\/\/www.humanium.org\/es\/wp-json\/wp\/v2\/users\/1"}],"replies":[{"embeddable":true,"href":"https:\/\/www.humanium.org\/es\/wp-json\/wp\/v2\/comments?post=1364"}],"version-history":[{"count":5,"href":"https:\/\/www.humanium.org\/es\/wp-json\/wp\/v2\/pages\/1364\/revisions"}],"predecessor-version":[{"id":20928,"href":"https:\/\/www.humanium.org\/es\/wp-json\/wp\/v2\/pages\/1364\/revisions\/20928"}],"wp:attachment":[{"href":"https:\/\/www.humanium.org\/es\/wp-json\/wp\/v2\/media?parent=1364"}],"curies":[{"name":"wp","href":"https:\/\/api.w.org\/{rel}","templated":true}]}}