{"id":1369,"date":"2013-05-20T17:45:29","date_gmt":"2013-05-20T17:45:29","guid":{"rendered":"http:\/\/www.humanium.org\/es\/?page_id=1369"},"modified":"2025-12-05T17:49:44","modified_gmt":"2025-12-05T17:49:44","slug":"samoa","status":"publish","type":"page","link":"https:\/\/www.humanium.org\/es\/samoa\/","title":{"rendered":"Ni\u00f1os de Samoa"},"content":{"rendered":"<h1>Ni\u00f1os de Samoa<\/h1>\n<h2>Descubriendo los Derechos del Ni\u00f1o en Samoa<\/h2>\n<p style=\"text-align: center;\"><img loading=\"lazy\" decoding=\"async\" class=\" wp-image-27256 alignnone\" title=\"Ni\u00f1a de Samoa \u00a9 John Harrold (flickr)\" src=\"https:\/\/www.humanium.org\/fr\/wp-content\/uploads\/2013\/01\/fille-samoa2-300x179.jpg\" alt=\"\" width=\"234\" height=\"200\" \/> <img loading=\"lazy\" decoding=\"async\" class=\"alignnone wp-image-27262\" title=\"Ni\u00f1o de Samoa \u00a9 John Harrold (flickr)\" src=\"https:\/\/www.humanium.org\/fr\/wp-content\/uploads\/2013\/01\/John-Harrold2-flickr-300x202.jpg\" alt=\"\" width=\"192\" height=\"200\" \/><\/p>\n<p>Samoa es un pa\u00eds independiente de la Polinesia, localizado en el sur del Oc\u00e9ano Pac\u00edfico y compuesto por cuatro islas habitadas y otras seis no habitadas. En este pa\u00eds, que contin\u00faa siendo profundamente rural, las pr\u00e1cticas culturales basadas en creencias religiosas todav\u00eda dominan una gran parte de la sociedad en la que crecen los ni\u00f1os samoanos.<\/p>\n<h3>Principales problemas que afectan a los ni\u00f1os en Samoa:<\/h3>\n<p><strong>Pobreza<br \/>\n<\/strong><br \/>\nLa econom\u00eda samoana se ha basado tradicionalmente en la agricultura. La mayor\u00eda de la poblaci\u00f3n rural depende de la tierra y del mar tanto para comer como para obtener ingresos.<\/p>\n<p>Gracias a los buenos resultados econ\u00f3micos obtenidos en los \u00faltimos a\u00f1os, la renta per c\u00e1pita anual alcanz\u00f3 los 5.038 tala en el a\u00f1o 2003, cifra que ha permitido que Samoa deje de pertenecer a la categor\u00eda de pa\u00edses \u201cmenos desarrollados\u201d, seg\u00fan la clasificaci\u00f3n de Naciones Unidas.<\/p>\n<p>Sin embargo, la econom\u00eda samoana contin\u00faa siendo muy vulnerable, al quedar a merced de las cat\u00e1strofes naturales (en particular, ciclones) y de la ralentizaci\u00f3n del crecimiento de las econom\u00edas australiana y neozelandesa, de donde provienen gran cantidad del capital.<\/p>\n<p><strong>Educaci\u00f3n<\/strong><\/p>\n<p><img decoding=\"async\" class=\"alignright wp-image-27611\" title=\"Enfants de Samoa \u00a9 JSA_NZ (flickr)\" src=\"https:\/\/www.humanium.org\/fr\/wp-content\/uploads\/2013\/01\/JSA_NZ-flickr-300x237.jpg\" alt=\"\" width=\"220\" \/>Los samoanos dan gran importancia a la educaci\u00f3n de sus hijos, como lo demuestran el nivel de escolarizaci\u00f3n primaria y secundaria y una tasa de alfabetizaci\u00f3n del 98%.<\/p>\n<p>De un extremo a otro del pa\u00eds, los ni\u00f1os tienen acceso a la educaci\u00f3n hasta los doce a\u00f1os gracias a la existencia de escuelas primarias en todos los pueblos.<\/p>\n<p>En Samoa, la ley establece la obligatoriedad de la educaci\u00f3n primaria aunque, hasta la fecha, la aplicaci\u00f3n de dicha ley no se controle m\u00e1s que en contadas ocasiones.<\/p>\n<p>En la escuela primaria, la ense\u00f1anza se realiza en samoano entre el primer y el tercer a\u00f1o, pasando a ser biling\u00fce (en samoano e ingl\u00e9s) a partir del cuarto a\u00f1o y hasta el sexto. Durante el s\u00e9ptimo y el octavo a\u00f1o de escolarizaci\u00f3n, se hace mayor hincapi\u00e9 en el ingl\u00e9s.<\/p>\n<p>El 29 de septiembre de 2009 un potente terremoto submarino provoc\u00f3 un tsunami qu\u00e9, al golpear el sureste de Samoa, destruy\u00f3 escuelas tanto primarias como secundarias.<\/p>\n<p><strong>Violencia<br \/>\n<\/strong><br \/>\nEn Samoa los ni\u00f1os no est\u00e1n suficientemente protegidos contra los numerosos tipos de violencia de los que pueden ser v\u00edctimas, como por ejemplo el abuso y la explotaci\u00f3n sexual, el trabajo en la calle o el castigo f\u00edsico.<\/p>\n<p>Con el objetivo de luchar contra estos castigos, se han establecido programas sociales dirigidos a cualquier persona que tenga ni\u00f1os a su cuidado, ya se trate de familia cercana, parientes lejanos o cualquier otra persona de su entorno, ya que se considera que todos desempe\u00f1an alg\u00fan papel en el cuidado de los menores.<\/p>\n<p>El castigo f\u00edsico est\u00e1 prohibido en las escuelas y los profesores que incumplan esta norma se arriesgan a perder su trabajo.<\/p>\n<p>Samoa se encuentra actualmente en una etapa de transici\u00f3n, en la que evolucionan progresivamente ideas firmemente arraigadas acerca de los m\u00e9todos que deben utilizarse para imponer disciplina a los ni\u00f1os, abandonando los castigos f\u00edsicos en favor de otras medidas disciplinarias.<\/p>\n<p>Sin embargo, todav\u00eda es com\u00fan que los profesores contin\u00faen aplicando castigos f\u00edsicos. Los medios de comunicaci\u00f3n informan con frecuencia, acerca de incidentes en los que los ni\u00f1os han sido tan brutalmente golpeados que deben recibir tratamiento m\u00e9dico.<\/p>\n<p>Por \u00faltimo, la legislaci\u00f3n sobre la protecci\u00f3n de los ni\u00f1os y los derechos y libertades p\u00fablicas contiene, en muchas ocasiones, importantes lagunas en lo relativo a la protecci\u00f3n de los ni\u00f1os que han sido v\u00edctimas de malos tratos, a menudo por parte de su propia familia.<\/p>\n<p><strong>El maltrato infantil<br \/>\n<\/strong><br \/>\nSamoa ha abolido el castigo f\u00edsico en la escuela, sin embargo est\u00e1 prohibici\u00f3n rara vez se aplica. Adem\u00e1s las familias consideran est\u00e1 pr\u00e1ctica un m\u00e9todo educativo m\u00e1s.<\/p>\n<p>Las encuestas han revelado que los centros de salud dependientes del Ministerio de Asuntos Sociales y Trabajo se niegan a tratar a ni\u00f1as menores de 18 a\u00f1os que hayan sido v\u00edctimas de violencia dom\u00e9stica.<\/p>\n<p>La falta de datos estad\u00edsticos sobre el maltrato infantil es preocupante.<\/p>\n<p><strong>Discriminaci\u00f3n<\/strong><\/p>\n<p><img decoding=\"async\" class=\"alignright wp-image-27612\" title=\"Petite fille de Samoa \u00a9 Gefafwisp (flickr)\" src=\"https:\/\/www.humanium.org\/fr\/wp-content\/uploads\/2013\/01\/gefafwisp-flickr-225x300.jpg\" alt=\"\" height=\"230\" \/>Las ni\u00f1as no reciben el mismo trato que los ni\u00f1os.<\/p>\n<p>Por ejemplo, la edad legal para contraer matrimonio es de 18 a\u00f1os para los hombres y de 16 para las mujeres. Deber\u00eda igualarse a 18 a\u00f1os para ambos sexos.<\/p>\n<p>Se ha solicitado que a partir de ahora se utilice un vocabulario no sexista en las futuras revisiones que se hagan de las leyes ya que, en la actualidad, predomina una perspectiva masculina en la mayor\u00eda de los textos legislativos.<\/p>\n<p><strong>Salud<br \/>\n<\/strong><br \/>\nSituaciones de emergencia como la del tsunami que golpe\u00f3 Samoa el 29 de septiembre de 2009, ponen en peligro la salud de los ni\u00f1os samoanos, volvi\u00e9ndolos m\u00e1s propensos a enfermedades. Deber\u00edan haber puesto en marcha campa\u00f1as de vacunaci\u00f3n masivas.<\/p>\n<p>Todav\u00eda se tienen que realizar progresos, como por ejemplo en lo relativo a la anemia infantil. En Samoa el 61% de los ni\u00f1os de entre 6 y 23 meses, el 23,2% de los ni\u00f1os de entre 2 y 4 a\u00f1os, el 10% de los ni\u00f1os de entre 5 y 12 a\u00f1os y el 20,7% de los adolescentes de entre 13 y 19 a\u00f1os son an\u00e9micos.<\/p>\n<p><img decoding=\"async\" class=\"alignright wp-image-27613\" title=\"Enfants souriants au Samoa \u00a9 Taupou (flickr)\" src=\"https:\/\/www.humanium.org\/fr\/wp-content\/uploads\/2013\/01\/taupou2-flickr-300x225.jpg\" alt=\"\" width=\"250\" \/>Si embargo, en los \u00faltimos a\u00f1os, Samoa ha desarrollado sus servicios de salud p\u00fablica: hay acceso universal a la asistencia primaria y la calidad de la vivienda, el agua y las infraestructuras sanitarias son satisfactorias, as\u00ed como tambi\u00e9n lo son las vacunaciones y la asistencia sanitaria materno-infantil.<\/p>\n<p>Todos los ni\u00f1os menores de seis a\u00f1os tienen acceso gratuito a la atenci\u00f3n sanitaria.<\/p>\n<p>El principal objetivo del sector sanitario es garantizar a todos los samoanos un acceso justo a una asistencia de calidad, centr\u00e1ndose sobre todo en la atenci\u00f3n primaria.<\/p>\n<p>Junto a la medicina moderna, en Samoa se recurre con mucha frecuencia a la medicina tradicional practicada por taulaseas (farmac\u00e9uticos) y fofos (masajistas).<\/p>\n<p>En los pueblos, estos m\u00e9todos de curaci\u00f3n tradicionales juegan un papel importante en la asistencia m\u00e9dica que se pr\u00e1ctica a los ni\u00f1os, especialmente a los reci\u00e9n nacidos, a qui\u00e9nes se da delicados masajes o ba\u00f1os en agua aromatizada con plantas.<\/p>\n<p><strong>Trabajo infantil<br \/>\n<\/strong><br \/>\nEn Samoa, el trabajo infantil se subdivide en tres categor\u00edas: empleo en sectores estructurados de la econom\u00eda, empleo en sectores semiestructurados y empleo sumergido.<\/p>\n<p>Deber\u00eda ampliarse la prohibici\u00f3n del trabajo infantil de menores de 15 a\u00f1os para incluir tambi\u00e9n a aquellos ni\u00f1os empleados en la econom\u00eda sumergida, que no se encuentran amparados por la actual legislaci\u00f3n laboral.<\/p>\n<p>Cerca de 4.000 j\u00f3venes abandonan la escuela cada a\u00f1o y deben ser incorporados al mercado laboral. Aunque no existen datos actualizados sobre el desempleo, resulta evidente que un n\u00famero de estos j\u00f3venes son incapaces de encontrar empleo en sectores estructurados de la econom\u00eda, vi\u00e9ndose obligados a emigrar o trabajar en la econom\u00eda sumergida de sus pueblos semiagr\u00edcolas.<\/p>\n<p><strong>Justicia para menores <\/strong><\/p>\n<p><img loading=\"lazy\" decoding=\"async\" class=\"alignright wp-image-27614\" title=\"Deux gar\u00e7ons de Samoa \u00a9 John Harrold (flickr)\" src=\"https:\/\/www.humanium.org\/fr\/wp-content\/uploads\/2013\/01\/John-Harrold-flickr-300x199.jpg\" alt=\"\" width=\"220\" height=\"146\" \/>En Samoa no existe ni tribunal de menores ni centros de reeducaci\u00f3n juvenil. Como esta situaci\u00f3n conduce a que a los j\u00f3venes delincuentes se les aplique el sistema de detenci\u00f3n adulto, en muchas ocasiones los jueces prefieren dejarlos en libertad bajo vigilancia. Sin embargo, desde el a\u00f1o 2003 las cosas han cambiado y a los ni\u00f1os se les detiene por separado de los adultos.<\/p>\n<p>De conformidad con lo establecido en el C\u00f3digo Penal de 1961, \u201cning\u00fan ni\u00f1o menor de 8 a\u00f1os puede ser condenado por sus propias acciones u omisiones\u201d.<\/p>\n<p>El Art\u00edculo 12 establece que \u201cninguna persona ser\u00e1 condenada por las acciones u omisiones que hubiera podido cometer entre las edades de 8 y 14 a\u00f1os, excepto en el supuesto de que el jurado o tribunal encargado del caso en cuesti\u00f3n fuera de la opini\u00f3n de que el ni\u00f1o ten\u00eda conocimiento de que dichas acciones u omisiones eran moralmente condenables\u201d.<\/p>\n<p><strong>Pr\u00e1cticas culturales<br \/>\n<\/strong><br \/>\nEn 2001, el 100% de la poblaci\u00f3n declar\u00f3 tener creencias religiosas y el 99% manifest\u00f3 ser cristiana. Por tanto, los principios culturales y cristianos juegan un papel muy importante en la educaci\u00f3n de los ni\u00f1os.<\/p>\n<p><img loading=\"lazy\" decoding=\"async\" class=\"alignright size-medium wp-image-27615\" title=\"Petits enfants de Samoa \u00a9 US Embassy New Zealand (flickr)\" src=\"https:\/\/www.humanium.org\/fr\/wp-content\/uploads\/2013\/01\/UsEmbassyNewZealand-flickr-199x300.jpg\" alt=\"\" width=\"199\" height=\"300\" \/>En Samoa se piensa que los ni\u00f1os son el futuro de su familia, de su comunidad y de su naci\u00f3n. Por ese motivo, se les considera una bendici\u00f3n divina. Como consecuencia, las familias son, por regla general, muy protectoras con sus hijos.<\/p>\n<p>Sin embargo, las esperanzas y expectativas que los padres ponen en sus hijos crecen a medida que estos se hacen mayores, y pueden llegar a ser excesivas y opresivas cuando alcanzan la pubertad.<\/p>\n<p>En caso de ruptura familiar, es com\u00fan que los t\u00edos, t\u00edas, abuelos y otros parientes cuiden a los ni\u00f1os. De esta manera, la \u201cred de seguridad\u201d que ofrece la cultura samoana, se convierte en un importante mecanismo de protecci\u00f3n del ni\u00f1o que es especialmente relevante en ausencia de un sistema de seguridad social al estilo occidental.<\/p>\n","protected":false},"excerpt":{"rendered":"<p>Ni\u00f1os de Samoa Descubriendo los Derechos del Ni\u00f1o en Samoa Samoa es un pa\u00eds independiente de la Polinesia, localizado en el sur del Oc\u00e9ano Pac\u00edfico y compuesto por cuatro islas habitadas y otras seis no habitadas. En este pa\u00eds, que contin\u00faa siendo profundamente rural, las pr\u00e1cticas culturales basadas en creencias religiosas todav\u00eda dominan una gran [&hellip;]<\/p>\n","protected":false},"author":1,"featured_media":0,"parent":0,"menu_order":0,"comment_status":"closed","ping_status":"open","template":"","meta":{"footnotes":""},"class_list":["post-1369","page","type-page","status-publish","hentry"],"yoast_head":"<!-- This site is optimized with the Yoast SEO plugin v26.5 - https:\/\/yoast.com\/wordpress\/plugins\/seo\/ -->\n<title>Ni\u00f1os de Samoa - Humanium<\/title>\n<meta name=\"description\" content=\"En Samoa, las pr\u00e1cticas culturales basadas en creencias religiosas todav\u00eda dominan una gran parte de la sociedad en la que crecen los ni\u00f1os.\" \/>\n<meta name=\"robots\" content=\"index, follow, max-snippet:-1, max-image-preview:large, max-video-preview:-1\" \/>\n<link rel=\"canonical\" href=\"https:\/\/www.humanium.org\/es\/samoa\/\" \/>\n<meta property=\"og:locale\" content=\"es_ES\" \/>\n<meta property=\"og:type\" content=\"article\" \/>\n<meta property=\"og:title\" content=\"Ni\u00f1os de Samoa - Humanium\" \/>\n<meta property=\"og:description\" content=\"En Samoa, las pr\u00e1cticas culturales basadas en creencias religiosas todav\u00eda dominan una gran parte de la sociedad en la que crecen los ni\u00f1os.\" \/>\n<meta property=\"og:url\" content=\"https:\/\/www.humanium.org\/es\/samoa\/\" \/>\n<meta property=\"og:site_name\" content=\"Humanium\" \/>\n<meta property=\"article:modified_time\" content=\"2025-12-05T17:49:44+00:00\" \/>\n<meta name=\"twitter:card\" content=\"summary_large_image\" \/>\n<meta name=\"twitter:label1\" content=\"Tiempo de lectura\" \/>\n\t<meta name=\"twitter:data1\" content=\"8 minutos\" \/>\n<script type=\"application\/ld+json\" class=\"yoast-schema-graph\">{\"@context\":\"https:\/\/schema.org\",\"@graph\":[{\"@type\":\"WebPage\",\"@id\":\"https:\/\/www.humanium.org\/es\/samoa\/\",\"url\":\"https:\/\/www.humanium.org\/es\/samoa\/\",\"name\":\"Ni\u00f1os de Samoa - Humanium\",\"isPartOf\":{\"@id\":\"https:\/\/www.humanium.org\/es\/#website\"},\"primaryImageOfPage\":{\"@id\":\"https:\/\/www.humanium.org\/es\/samoa\/#primaryimage\"},\"image\":{\"@id\":\"https:\/\/www.humanium.org\/es\/samoa\/#primaryimage\"},\"thumbnailUrl\":\"https:\/\/www.humanium.org\/fr\/wp-content\/uploads\/2013\/01\/fille-samoa2-300x179.jpg\",\"datePublished\":\"2013-05-20T17:45:29+00:00\",\"dateModified\":\"2025-12-05T17:49:44+00:00\",\"description\":\"En Samoa, las pr\u00e1cticas culturales basadas en creencias religiosas todav\u00eda dominan una gran parte de la sociedad en la que crecen los ni\u00f1os.\",\"breadcrumb\":{\"@id\":\"https:\/\/www.humanium.org\/es\/samoa\/#breadcrumb\"},\"inLanguage\":\"es\",\"potentialAction\":[{\"@type\":\"ReadAction\",\"target\":[\"https:\/\/www.humanium.org\/es\/samoa\/\"]}]},{\"@type\":\"ImageObject\",\"inLanguage\":\"es\",\"@id\":\"https:\/\/www.humanium.org\/es\/samoa\/#primaryimage\",\"url\":\"https:\/\/www.humanium.org\/fr\/wp-content\/uploads\/2013\/01\/fille-samoa2-300x179.jpg\",\"contentUrl\":\"https:\/\/www.humanium.org\/fr\/wp-content\/uploads\/2013\/01\/fille-samoa2-300x179.jpg\"},{\"@type\":\"BreadcrumbList\",\"@id\":\"https:\/\/www.humanium.org\/es\/samoa\/#breadcrumb\",\"itemListElement\":[{\"@type\":\"ListItem\",\"position\":1,\"name\":\"Home\",\"item\":\"https:\/\/www.humanium.org\/es\/\"},{\"@type\":\"ListItem\",\"position\":2,\"name\":\"Ni\u00f1os de Samoa\"}]},{\"@type\":\"WebSite\",\"@id\":\"https:\/\/www.humanium.org\/es\/#website\",\"url\":\"https:\/\/www.humanium.org\/es\/\",\"name\":\"Humanium\",\"description\":\"\u00a1Los ni\u00f1os primero!\",\"potentialAction\":[{\"@type\":\"SearchAction\",\"target\":{\"@type\":\"EntryPoint\",\"urlTemplate\":\"https:\/\/www.humanium.org\/es\/?s={search_term_string}\"},\"query-input\":{\"@type\":\"PropertyValueSpecification\",\"valueRequired\":true,\"valueName\":\"search_term_string\"}}],\"inLanguage\":\"es\"}]}<\/script>\n<!-- \/ Yoast SEO plugin. -->","yoast_head_json":{"title":"Ni\u00f1os de Samoa - Humanium","description":"En Samoa, las pr\u00e1cticas culturales basadas en creencias religiosas todav\u00eda dominan una gran parte de la sociedad en la que crecen los ni\u00f1os.","robots":{"index":"index","follow":"follow","max-snippet":"max-snippet:-1","max-image-preview":"max-image-preview:large","max-video-preview":"max-video-preview:-1"},"canonical":"https:\/\/www.humanium.org\/es\/samoa\/","og_locale":"es_ES","og_type":"article","og_title":"Ni\u00f1os de Samoa - Humanium","og_description":"En Samoa, las pr\u00e1cticas culturales basadas en creencias religiosas todav\u00eda dominan una gran parte de la sociedad en la que crecen los ni\u00f1os.","og_url":"https:\/\/www.humanium.org\/es\/samoa\/","og_site_name":"Humanium","article_modified_time":"2025-12-05T17:49:44+00:00","twitter_card":"summary_large_image","twitter_misc":{"Tiempo de lectura":"8 minutos"},"schema":{"@context":"https:\/\/schema.org","@graph":[{"@type":"WebPage","@id":"https:\/\/www.humanium.org\/es\/samoa\/","url":"https:\/\/www.humanium.org\/es\/samoa\/","name":"Ni\u00f1os de Samoa - Humanium","isPartOf":{"@id":"https:\/\/www.humanium.org\/es\/#website"},"primaryImageOfPage":{"@id":"https:\/\/www.humanium.org\/es\/samoa\/#primaryimage"},"image":{"@id":"https:\/\/www.humanium.org\/es\/samoa\/#primaryimage"},"thumbnailUrl":"https:\/\/www.humanium.org\/fr\/wp-content\/uploads\/2013\/01\/fille-samoa2-300x179.jpg","datePublished":"2013-05-20T17:45:29+00:00","dateModified":"2025-12-05T17:49:44+00:00","description":"En Samoa, las pr\u00e1cticas culturales basadas en creencias religiosas todav\u00eda dominan una gran parte de la sociedad en la que crecen los ni\u00f1os.","breadcrumb":{"@id":"https:\/\/www.humanium.org\/es\/samoa\/#breadcrumb"},"inLanguage":"es","potentialAction":[{"@type":"ReadAction","target":["https:\/\/www.humanium.org\/es\/samoa\/"]}]},{"@type":"ImageObject","inLanguage":"es","@id":"https:\/\/www.humanium.org\/es\/samoa\/#primaryimage","url":"https:\/\/www.humanium.org\/fr\/wp-content\/uploads\/2013\/01\/fille-samoa2-300x179.jpg","contentUrl":"https:\/\/www.humanium.org\/fr\/wp-content\/uploads\/2013\/01\/fille-samoa2-300x179.jpg"},{"@type":"BreadcrumbList","@id":"https:\/\/www.humanium.org\/es\/samoa\/#breadcrumb","itemListElement":[{"@type":"ListItem","position":1,"name":"Home","item":"https:\/\/www.humanium.org\/es\/"},{"@type":"ListItem","position":2,"name":"Ni\u00f1os de Samoa"}]},{"@type":"WebSite","@id":"https:\/\/www.humanium.org\/es\/#website","url":"https:\/\/www.humanium.org\/es\/","name":"Humanium","description":"\u00a1Los ni\u00f1os primero!","potentialAction":[{"@type":"SearchAction","target":{"@type":"EntryPoint","urlTemplate":"https:\/\/www.humanium.org\/es\/?s={search_term_string}"},"query-input":{"@type":"PropertyValueSpecification","valueRequired":true,"valueName":"search_term_string"}}],"inLanguage":"es"}]}},"_links":{"self":[{"href":"https:\/\/www.humanium.org\/es\/wp-json\/wp\/v2\/pages\/1369","targetHints":{"allow":["GET"]}}],"collection":[{"href":"https:\/\/www.humanium.org\/es\/wp-json\/wp\/v2\/pages"}],"about":[{"href":"https:\/\/www.humanium.org\/es\/wp-json\/wp\/v2\/types\/page"}],"author":[{"embeddable":true,"href":"https:\/\/www.humanium.org\/es\/wp-json\/wp\/v2\/users\/1"}],"replies":[{"embeddable":true,"href":"https:\/\/www.humanium.org\/es\/wp-json\/wp\/v2\/comments?post=1369"}],"version-history":[{"count":4,"href":"https:\/\/www.humanium.org\/es\/wp-json\/wp\/v2\/pages\/1369\/revisions"}],"predecessor-version":[{"id":20444,"href":"https:\/\/www.humanium.org\/es\/wp-json\/wp\/v2\/pages\/1369\/revisions\/20444"}],"wp:attachment":[{"href":"https:\/\/www.humanium.org\/es\/wp-json\/wp\/v2\/media?parent=1369"}],"curies":[{"name":"wp","href":"https:\/\/api.w.org\/{rel}","templated":true}]}}