{"id":1375,"date":"2013-05-20T21:04:44","date_gmt":"2013-05-20T21:04:44","guid":{"rendered":"http:\/\/www.humanium.org\/es\/?page_id=1375"},"modified":"2025-12-05T18:13:06","modified_gmt":"2025-12-05T18:13:06","slug":"eslovenia","status":"publish","type":"page","link":"https:\/\/www.humanium.org\/es\/eslovenia\/","title":{"rendered":"Ni\u00f1os de Eslovenia"},"content":{"rendered":"<h1>Los ni\u00f1os de Eslovenia<\/h1>\n<h2>Descubriendo los derechos infantiles en Eslovenia<\/h2>\n<p style=\"text-align: center;\"><img decoding=\"async\" class=\"alignnone wp-image-27305\" title=\"ni\u00f1a de Eslovenia \u00a9 Anja Horvat (flickr)\" src=\"https:\/\/www.humanium.org\/fr\/wp-content\/uploads\/2012\/12\/Fillette-slovenie-200x300.jpg\" alt=\"\" height=\"200\" \/>\u00a0 <img decoding=\"async\" class=\"alignnone wp-image-27306\" title=\"ni\u00f1o de Eslovenia \u00a9 simonkole\u017enik(Flickr)\" src=\"https:\/\/www.humanium.org\/fr\/wp-content\/uploads\/2012\/12\/Garcon-slovenie-300x199.jpg\" alt=\"\" height=\"200\" \/><\/p>\n<p>En Eslovenia, la situaci\u00f3n de los ni\u00f1os es buena, en general. Durante varios a\u00f1os, el pa\u00eds ha dado pasos importantes y contin\u00faa sus esfuerzos para garantizar y proteger los derechos humanos, incluidos los derechos del ni\u00f1o. Sin embargo, persisten problemas graves (la discriminaci\u00f3n, la violencia dom\u00e9stica, la trata de personas&#8230;) que requieren una mayor atenci\u00f3n por parte de las autoridades eslovenas.<\/p>\n<h3>Principales problemas que afectan a los ni\u00f1os en Eslovenia:<\/h3>\n<p><a href=\"https:\/\/www.humanium.org\/es\/no-discriminacion\/\">Discriminaci\u00f3n<\/a><\/p>\n<p>En Eslovenia, algunos grupos o minor\u00edas son objeto de discriminaci\u00f3n, especialmente la minor\u00eda gitana que no son de origen esloveno y los ciudadanos pertenecientes a la antigua Yugoslavia.<\/p>\n<p>&#8211; <em>Discriminaci\u00f3n de la comunidad roman\u00ed<\/em><br \/>\nEslovenia ha adoptado varias medidas para eliminar la discriminaci\u00f3n contra las comunidades roman\u00edes, este es el caso, del Programa Nacional para los Roman\u00edes, 2010-2015. Sin embargo, la minor\u00eda roman\u00ed sigue siendo en gran medida marginada y discriminada, sobre todo en materia de vivienda, salud, educaci\u00f3n y empleo. Por otra parte, a pesar de que el C\u00f3digo Penal esloveno tipifica el odio racial como delito, los prejuicios y las actitudes hostiles hacia la comunidad gitana persisten, especialmente en los c\u00edrculos pol\u00edticos y los medios de comunicaci\u00f3n.<\/p>\n<p><em>&#8211; La situaci\u00f3n de los \u00abborrados\u00bb de Eslovenia<\/em><br \/>\nEn febrero de 1992, m\u00e1s de 25.000 personas fueron eliminadas del registro esloveno de residentes permanentes, la mayor\u00eda de personas de otras rep\u00fablicas de la antigua Yugoslavia que viven en Eslovenia, pero estas personas no adquirieron la nacionalidad eslovena despu\u00e9s de la independencia. En marzo de 2010, Eslovenia adopt\u00f3 una ley que regulaba la situaci\u00f3n jur\u00eddica de las llamadas personas \u00abborradas\u00bb.<\/p>\n<p>Sin embargo, la situaci\u00f3n de los ciudadanos de la antigua Yugoslavia que viven en Eslovenia (incluyendo albaneses, bosnios, macedonios y serbios) sigue siendo precaria en el pa\u00eds. Y a pesar de varias sentencias de la Corte Constitucional de Eslovenia y la decisi\u00f3n de la Corte Europea de Derechos Humanos de junio de 2012, estas pr\u00e1cticas contrarias a los derechos humanos siguen existiendo. En efecto, el estatuto jur\u00eddico de los nacionales de pa\u00edses pertenecientes a la ex Yugoslavia sigue pendiente estos ciudadanos tienen dificultades para ejercer sus derechos sociales y econ\u00f3micos, en particular el acceso a los servicios de salud, seguridad social, la educaci\u00f3n y el empleo.<\/p>\n<p><a href=\"https:\/\/www.humanium.org\/es\/trata-ninos\/\"><strong>El tr\u00e1fico de mujeres y ni\u00f1os<\/strong><\/a><\/p>\n<p><strong style=\"line-height: 24px;\"><a style=\"color: #ff4b33;\" href=\"https:\/\/www.humanium.org\/fr\/wp-content\/uploads\/2012\/12\/Fillettes.jpg\"><img loading=\"lazy\" decoding=\"async\" class=\"alignright size-thumbnail wp-image-27313\" title=\"Los ni\u00f1os siguen siendo v\u00edctimas de la trata en Eslovenia \u00a9 Clyde Bentley (flickr)\" src=\"https:\/\/www.humanium.org\/fr\/wp-content\/uploads\/2012\/12\/Fillettes-150x150.jpg\" alt=\"\" width=\"150\" height=\"150\" \/><\/a><\/strong>Eslovenia es un pa\u00eds de origen, tr\u00e1nsito y destino de trata de personas. Las primeras v\u00edctimas de la trata de personas son las mujeres y los ni\u00f1os. Las mujeres son a menudo enviadas a Europa Occidental, sobre todo a Italia y Alemania, donde son obligadas a prostituirse. A pesar de los esfuerzos de Eslovenia para prevenir y sancionar la trata de personas, el problema persiste y las v\u00edctimas siguen siendo numerosas.<\/p>\n<p><a href=\"https:\/\/www.humanium.org\/es\/abuso-infantil\/\"><strong>Violencia<\/strong><\/a><\/p>\n<p>En Eslovenia, la violencia contra mujeres y los ni\u00f1os es muy com\u00fan. Durante el primer semestre de 2011, por ejemplo, se registraron m\u00e1s de 1.000 casos de violencia dom\u00e9stica, y m\u00e1s de 350 entre casos de negligencia de los padres y <a href=\"https:\/\/www.humanium.org\/es\/abuso-infantil\/\">abuso<\/a>\u00a0infantil.<\/p>\n<p><a href=\"https:\/\/www.humanium.org\/es\/derecho-educacion\/\"><strong>La educaci\u00f3n<\/strong><\/a><\/p>\n<p><a href=\"https:\/\/www.humanium.org\/fr\/wp-content\/uploads\/2012\/12\/Roms.jpg\"><img loading=\"lazy\" decoding=\"async\" class=\"alignright size-medium wp-image-27314\" title=\"Las dificultades que enfrentan los ni\u00f1os roman\u00edes en la educaci\u00f3n tienen una pobreza extrema en la que viven \u00a9 Borut Peterlin (flickr) \" src=\"https:\/\/www.humanium.org\/fr\/wp-content\/uploads\/2012\/12\/Roms-199x300.jpg\" alt=\"\" width=\"199\" height=\"300\" \/><\/a>Aunque la educaci\u00f3n es obligatoria hasta los 14 a\u00f1os, muchos ni\u00f1os de la comunidad roman\u00ed no llega a la escuela secundaria.<\/p>\n<p>La pobreza, la discriminaci\u00f3n, la falta de los padres y de apoyo de la familia y la barrera del idioma, son un obst\u00e1culo para la integraci\u00f3n de los ni\u00f1os roman\u00edes en el curr\u00edculo escolar. Discriminaci\u00f3n en las escuelas y la falta de planes de estudio verdaderamente inclusivos y multiculturales atentan contra el <a href=\"https:\/\/www.humanium.org\/es\/derecho-educacion\/\">derecho a la educaci\u00f3n <\/a> de estos ni\u00f1os. Por ejemplo, las lenguas habladas por los roman\u00edes, est\u00e1n totalmente ausentes en las escuelas. A diferencia de algunas otras lenguas minoritarias.<br \/>\nLas dificultades a las que se enfrentan los ni\u00f1os roman\u00edes en la educaci\u00f3n van unidas a la situaci\u00f3n de <a href=\"https:\/\/www.humanium.org\/es\/pobreza-infantil\/\">pobreza<\/a> a la que est\u00e1 expuesta esta comunidad. Los ni\u00f1os, por ejemplo, no suelen hacer los deberes y estudiar sus casas en muchos casos no est\u00e1n correctamente acondicionadas y no cuentan con electricidad.<\/p>\n","protected":false},"excerpt":{"rendered":"<p>Los ni\u00f1os de Eslovenia Descubriendo los derechos infantiles en Eslovenia \u00a0 En Eslovenia, la situaci\u00f3n de los ni\u00f1os es buena, en general. Durante varios a\u00f1os, el pa\u00eds ha dado pasos importantes y contin\u00faa sus esfuerzos para garantizar y proteger los derechos humanos, incluidos los derechos del ni\u00f1o. Sin embargo, persisten problemas graves (la discriminaci\u00f3n, la [&hellip;]<\/p>\n","protected":false},"author":1,"featured_media":0,"parent":0,"menu_order":0,"comment_status":"closed","ping_status":"open","template":"","meta":{"footnotes":""},"class_list":["post-1375","page","type-page","status-publish","hentry"],"yoast_head":"<!-- This site is optimized with the Yoast SEO plugin v26.5 - https:\/\/yoast.com\/wordpress\/plugins\/seo\/ -->\n<title>Ni\u00f1os de Eslovenia - Humanium<\/title>\n<meta name=\"description\" content=\"En Eslovenia, la situaci\u00f3n de los ni\u00f1os es buena en general. Pero, la discriminaci\u00f3n, la violencia dom\u00e9stica y la trata de personas siguen siendo problemas.\" \/>\n<meta name=\"robots\" content=\"index, follow, max-snippet:-1, max-image-preview:large, max-video-preview:-1\" \/>\n<link rel=\"canonical\" href=\"https:\/\/www.humanium.org\/es\/eslovenia\/\" \/>\n<meta property=\"og:locale\" content=\"es_ES\" \/>\n<meta property=\"og:type\" content=\"article\" \/>\n<meta property=\"og:title\" content=\"Ni\u00f1os de Eslovenia - Humanium\" \/>\n<meta property=\"og:description\" content=\"En Eslovenia, la situaci\u00f3n de los ni\u00f1os es buena en general. Pero, la discriminaci\u00f3n, la violencia dom\u00e9stica y la trata de personas siguen siendo problemas.\" \/>\n<meta property=\"og:url\" content=\"https:\/\/www.humanium.org\/es\/eslovenia\/\" \/>\n<meta property=\"og:site_name\" content=\"Humanium\" \/>\n<meta property=\"article:modified_time\" content=\"2025-12-05T18:13:06+00:00\" \/>\n<meta name=\"twitter:card\" content=\"summary_large_image\" \/>\n<meta name=\"twitter:label1\" content=\"Tiempo de lectura\" \/>\n\t<meta name=\"twitter:data1\" content=\"4 minutos\" \/>\n<script type=\"application\/ld+json\" class=\"yoast-schema-graph\">{\"@context\":\"https:\/\/schema.org\",\"@graph\":[{\"@type\":\"WebPage\",\"@id\":\"https:\/\/www.humanium.org\/es\/eslovenia\/\",\"url\":\"https:\/\/www.humanium.org\/es\/eslovenia\/\",\"name\":\"Ni\u00f1os de Eslovenia - Humanium\",\"isPartOf\":{\"@id\":\"https:\/\/www.humanium.org\/es\/#website\"},\"primaryImageOfPage\":{\"@id\":\"https:\/\/www.humanium.org\/es\/eslovenia\/#primaryimage\"},\"image\":{\"@id\":\"https:\/\/www.humanium.org\/es\/eslovenia\/#primaryimage\"},\"thumbnailUrl\":\"https:\/\/www.humanium.org\/fr\/wp-content\/uploads\/2012\/12\/Fillette-slovenie-200x300.jpg\",\"datePublished\":\"2013-05-20T21:04:44+00:00\",\"dateModified\":\"2025-12-05T18:13:06+00:00\",\"description\":\"En Eslovenia, la situaci\u00f3n de los ni\u00f1os es buena en general. Pero, la discriminaci\u00f3n, la violencia dom\u00e9stica y la trata de personas siguen siendo problemas.\",\"breadcrumb\":{\"@id\":\"https:\/\/www.humanium.org\/es\/eslovenia\/#breadcrumb\"},\"inLanguage\":\"es\",\"potentialAction\":[{\"@type\":\"ReadAction\",\"target\":[\"https:\/\/www.humanium.org\/es\/eslovenia\/\"]}]},{\"@type\":\"ImageObject\",\"inLanguage\":\"es\",\"@id\":\"https:\/\/www.humanium.org\/es\/eslovenia\/#primaryimage\",\"url\":\"https:\/\/www.humanium.org\/fr\/wp-content\/uploads\/2012\/12\/Fillette-slovenie-200x300.jpg\",\"contentUrl\":\"https:\/\/www.humanium.org\/fr\/wp-content\/uploads\/2012\/12\/Fillette-slovenie-200x300.jpg\"},{\"@type\":\"BreadcrumbList\",\"@id\":\"https:\/\/www.humanium.org\/es\/eslovenia\/#breadcrumb\",\"itemListElement\":[{\"@type\":\"ListItem\",\"position\":1,\"name\":\"Home\",\"item\":\"https:\/\/www.humanium.org\/es\/\"},{\"@type\":\"ListItem\",\"position\":2,\"name\":\"Ni\u00f1os de Eslovenia\"}]},{\"@type\":\"WebSite\",\"@id\":\"https:\/\/www.humanium.org\/es\/#website\",\"url\":\"https:\/\/www.humanium.org\/es\/\",\"name\":\"Humanium\",\"description\":\"\u00a1Los ni\u00f1os primero!\",\"potentialAction\":[{\"@type\":\"SearchAction\",\"target\":{\"@type\":\"EntryPoint\",\"urlTemplate\":\"https:\/\/www.humanium.org\/es\/?s={search_term_string}\"},\"query-input\":{\"@type\":\"PropertyValueSpecification\",\"valueRequired\":true,\"valueName\":\"search_term_string\"}}],\"inLanguage\":\"es\"}]}<\/script>\n<!-- \/ Yoast SEO plugin. -->","yoast_head_json":{"title":"Ni\u00f1os de Eslovenia - Humanium","description":"En Eslovenia, la situaci\u00f3n de los ni\u00f1os es buena en general. Pero, la discriminaci\u00f3n, la violencia dom\u00e9stica y la trata de personas siguen siendo problemas.","robots":{"index":"index","follow":"follow","max-snippet":"max-snippet:-1","max-image-preview":"max-image-preview:large","max-video-preview":"max-video-preview:-1"},"canonical":"https:\/\/www.humanium.org\/es\/eslovenia\/","og_locale":"es_ES","og_type":"article","og_title":"Ni\u00f1os de Eslovenia - Humanium","og_description":"En Eslovenia, la situaci\u00f3n de los ni\u00f1os es buena en general. Pero, la discriminaci\u00f3n, la violencia dom\u00e9stica y la trata de personas siguen siendo problemas.","og_url":"https:\/\/www.humanium.org\/es\/eslovenia\/","og_site_name":"Humanium","article_modified_time":"2025-12-05T18:13:06+00:00","twitter_card":"summary_large_image","twitter_misc":{"Tiempo de lectura":"4 minutos"},"schema":{"@context":"https:\/\/schema.org","@graph":[{"@type":"WebPage","@id":"https:\/\/www.humanium.org\/es\/eslovenia\/","url":"https:\/\/www.humanium.org\/es\/eslovenia\/","name":"Ni\u00f1os de Eslovenia - Humanium","isPartOf":{"@id":"https:\/\/www.humanium.org\/es\/#website"},"primaryImageOfPage":{"@id":"https:\/\/www.humanium.org\/es\/eslovenia\/#primaryimage"},"image":{"@id":"https:\/\/www.humanium.org\/es\/eslovenia\/#primaryimage"},"thumbnailUrl":"https:\/\/www.humanium.org\/fr\/wp-content\/uploads\/2012\/12\/Fillette-slovenie-200x300.jpg","datePublished":"2013-05-20T21:04:44+00:00","dateModified":"2025-12-05T18:13:06+00:00","description":"En Eslovenia, la situaci\u00f3n de los ni\u00f1os es buena en general. Pero, la discriminaci\u00f3n, la violencia dom\u00e9stica y la trata de personas siguen siendo problemas.","breadcrumb":{"@id":"https:\/\/www.humanium.org\/es\/eslovenia\/#breadcrumb"},"inLanguage":"es","potentialAction":[{"@type":"ReadAction","target":["https:\/\/www.humanium.org\/es\/eslovenia\/"]}]},{"@type":"ImageObject","inLanguage":"es","@id":"https:\/\/www.humanium.org\/es\/eslovenia\/#primaryimage","url":"https:\/\/www.humanium.org\/fr\/wp-content\/uploads\/2012\/12\/Fillette-slovenie-200x300.jpg","contentUrl":"https:\/\/www.humanium.org\/fr\/wp-content\/uploads\/2012\/12\/Fillette-slovenie-200x300.jpg"},{"@type":"BreadcrumbList","@id":"https:\/\/www.humanium.org\/es\/eslovenia\/#breadcrumb","itemListElement":[{"@type":"ListItem","position":1,"name":"Home","item":"https:\/\/www.humanium.org\/es\/"},{"@type":"ListItem","position":2,"name":"Ni\u00f1os de Eslovenia"}]},{"@type":"WebSite","@id":"https:\/\/www.humanium.org\/es\/#website","url":"https:\/\/www.humanium.org\/es\/","name":"Humanium","description":"\u00a1Los ni\u00f1os primero!","potentialAction":[{"@type":"SearchAction","target":{"@type":"EntryPoint","urlTemplate":"https:\/\/www.humanium.org\/es\/?s={search_term_string}"},"query-input":{"@type":"PropertyValueSpecification","valueRequired":true,"valueName":"search_term_string"}}],"inLanguage":"es"}]}},"_links":{"self":[{"href":"https:\/\/www.humanium.org\/es\/wp-json\/wp\/v2\/pages\/1375","targetHints":{"allow":["GET"]}}],"collection":[{"href":"https:\/\/www.humanium.org\/es\/wp-json\/wp\/v2\/pages"}],"about":[{"href":"https:\/\/www.humanium.org\/es\/wp-json\/wp\/v2\/types\/page"}],"author":[{"embeddable":true,"href":"https:\/\/www.humanium.org\/es\/wp-json\/wp\/v2\/users\/1"}],"replies":[{"embeddable":true,"href":"https:\/\/www.humanium.org\/es\/wp-json\/wp\/v2\/comments?post=1375"}],"version-history":[{"count":4,"href":"https:\/\/www.humanium.org\/es\/wp-json\/wp\/v2\/pages\/1375\/revisions"}],"predecessor-version":[{"id":20711,"href":"https:\/\/www.humanium.org\/es\/wp-json\/wp\/v2\/pages\/1375\/revisions\/20711"}],"wp:attachment":[{"href":"https:\/\/www.humanium.org\/es\/wp-json\/wp\/v2\/media?parent=1375"}],"curies":[{"name":"wp","href":"https:\/\/api.w.org\/{rel}","templated":true}]}}