{"id":142,"date":"2012-11-15T10:16:55","date_gmt":"2012-11-15T10:16:55","guid":{"rendered":"http:\/\/www.humanium.org\/es\/?page_id=142"},"modified":"2025-12-05T18:16:29","modified_gmt":"2025-12-05T18:16:29","slug":"facultativo-conflictos-armados-2000","status":"publish","type":"page","link":"https:\/\/www.humanium.org\/es\/facultativo-conflictos-armados-2000\/","title":{"rendered":"Protocolo Facultativo de la Convenci\u00f3n sobre los Derechos del Ni\u00f1o relacionado a la participaci\u00f3n de ni\u00f1os en los conflictos armados, 2000"},"content":{"rendered":"<h1>Protocolo Facultativo de la Convenci\u00f3n sobre los Derechos del Ni\u00f1o relacionado a la participaci\u00f3n de ni\u00f1os en los conflictos armados, 2000<\/h1>\n<h2>Introducci\u00f3n del Protocolo<\/h2>\n<p><strong>El <a href=\"https:\/\/www.humanium.org\/es\/conflictos-armados-texto-completo\/\" target=\"_self\">Protocolo facultativo sobre la participaci\u00f3n de los ni\u00f1os en los conflictos armados<\/a> fue aprobado por la Asamblea General de las Naciones Unidas el 25 de mayo de 2000 en Nueva York.<\/strong><\/p>\n<h3>Origen del Protocolo<\/h3>\n<p>Los conflictos civiles de los a\u00f1os 90, especialmente en la regi\u00f3n de \u00c1frica subsahariana (Liberia, Sierra Leona, Ruanda, Burundi, Somalia, etc.), se caracterizaron por el uso masivo de ni\u00f1os en los campos de batalla por parte de las fuerzas armadas.<\/p>\n<p><img loading=\"lazy\" decoding=\"async\" class=\"size-full wp-image-4147 alignright\" title=\"Ni\u00f1o soldado - \u00a9 UNICEF\" src=\"https:\/\/www.humanium.org\/es\/wp-content\/uploads\/portail-fr\/unicef-enfant-soldat.jpg\" alt=\"\" width=\"249\" height=\"168\" \/><\/p>\n<p>Apareci\u00f3 entonces una nueva categor\u00eda de combatientes: los ni\u00f1os soldado. En todo el mundo, las im\u00e1genes de estos ni\u00f1os con armas de guerra originaron una toma de conciencia y generaron la indignaci\u00f3n de la comunidad internacional, la cual se apresur\u00f3 a reaccionar.<\/p>\n<p>Si bien los ni\u00f1os fueron objeto de una protecci\u00f3n especial en la Convenci\u00f3n de Ginebra de 1949, el caso de los ni\u00f1os soldados no fue tenido en cuenta, lo cual dej\u00f3 un vac\u00edo legal en esta \u00e1rea.<\/p>\n<p>La OIT fue la primera organizaci\u00f3n en reaccionar con en el <a title=\"Peores formas de trabajo infantil\" href=\"https:\/\/www.humanium.org\/es\/convenio-182-peores-formas-trabajo-infantil-1999\/\">Convenio 182 sobre las peores formas de trabajo infantil<\/a>, al definir el reclutamiento de ni\u00f1os para conflictos armados como una de las peores formas de explotaci\u00f3n.<\/p>\n<p>Posteriormente, el Consejo de Seguridad de las Naciones Unidas adopt\u00f3 varias resoluciones denunciando el trabajo infantil en los conflictos armados y caracterizados estos graves actos como violaci\u00f3n de los derechos humanos (1).<\/p>\n<p>Los autores de la <a title=\"Peores formas de trabajo infantil\" href=\"https:\/\/www.humanium.org\/es\/convencion\/\">Convenci\u00f3n internacional relativa a los Derechos del Ni\u00f1o de 1989<\/a> tambi\u00e9n hicieron alusi\u00f3n a este problema en el art\u00edculo 38 de la Convenci\u00f3n. Sin embargo, el reclutamiento de ni\u00f1os no estaba prohibido. La Convenci\u00f3n simplemente preve\u00eda la posibilidad de reclutar ni\u00f1os en los conflictos armados con la \u00fanica condici\u00f3n de que sean mayores de 15 a\u00f1os de edad:<\/p>\n<blockquote><p>\u00ab2. Los Estados participantes adoptar\u00e1n todas las medidas posibles para asegurar que las personas que a\u00fan no hayan cumplido los 15 a\u00f1os de edad no participen directamente en las hostilidades.<br \/>\n3. Los Estados participantes se abstendr\u00e1n de reclutar en las fuerzas armadas a las personas que no hayan cumplido los 15 a\u00f1os de edad. En el caso de reclutar personas mayores de 15, pero menores de 18, los Estados participantes procurar\u00e1n dar prioridad a los de m\u00e1s edad.\u00bb (2)<\/p><\/blockquote>\n<p>Para llenar este vac\u00edo y para rectificar este art\u00edculo, las Naciones Unidas decidi\u00f3 adoptar un <a href=\"https:\/\/www.humanium.org\/es\/conflictos-armados-texto-completo\/\" target=\"_self\">Protocolo Facultativo a la Convenci\u00f3n en relaci\u00f3n a la participaci\u00f3n de ni\u00f1os en los conflictos armados<\/a>.<\/p>\n<p>El Protocolo fue adoptado el 25 de mayo del 2000, junto con el <a href=\"https:\/\/www.humanium.org\/es\/facultativo-venta-prostitucion-pornografia\/\" target=\"_self\">Protocolo facultativo respecto a la venta de ni\u00f1os, la prostituci\u00f3n y la pornograf\u00eda infantil<\/a>. Este Protocolo ser\u00eda jur\u00eddicamente vinculante el 12 de febrero del 2002.<\/p>\n<h3>\u00bfQu\u00e9 dice el Protocolo?<\/h3>\n<p>El <a href=\"https:\/\/www.humanium.org\/es\/conflictos-armados-texto-completo\/\" target=\"_self\">Protocolo facultativo relacionado a la participaci\u00f3n de ni\u00f1os en los conflictos armados<\/a> proh\u00edbe de manera absoluta el reclutamiento de ni\u00f1os en las fuerzas armadas. A partir de entonces, los Estados tienen la obligaci\u00f3n y la responsabilidad p\u00fablica de prohibir el reclutamiento de una persona menor de 18 a\u00f1os de edad para la guerra.<\/p>\n<p><img loading=\"lazy\" decoding=\"async\" class=\"size-full wp-image-4092 alignleft\" title=\"Los ni\u00f1os son seres vulnerables y las primeras v\u00edctimas de los conflictos armados \u00a9 Croix Rouge de Belgique \" src=\"https:\/\/www.humanium.org\/es\/wp-content\/uploads\/portail-fr\/Croix-rouge-de-belgique-enfant-soldat.jpg\" alt=\"\" width=\"220\" height=\"156\" \/><\/p>\n<p>Este Protocolo nos recuerda que los ni\u00f1os no tienen la madurez ni el desarrollo f\u00edsico y mental necesario para entender la gravedad y las consecuencias de su incorporaci\u00f3n en las fuerzas armadas.<\/p>\n<p>El Protocolo condena el fen\u00f3meno de los ni\u00f1os soldado y ofrece una amplia definici\u00f3n de esta expresi\u00f3n a fin de proteger el mayor n\u00famero de ni\u00f1os involucrados en conflictos armados. De acuerdo con el Protocolo, el t\u00e9rmino \u00abni\u00f1o soldado\u00bb abarca esclavos dom\u00e9sticos o sexuales, cocineros, centinelas, mineros o desactivadores de minas, reclutados a la fuerza o voluntariamente.<\/p>\n<table>\n<tbody style=\"background: #f9f9f9;\">\n<tr>\n<td>\n<div style=\"float: left; width: 65%;\">Traducido por: Oscaradri\u00e1n Arango<br \/>\nCorregido por: Vanessa Hayashi<\/div>\n<\/td>\n<\/tr>\n<\/tbody>\n<\/table>\n<div id=\"toggle\"><a><\/a><\/div>\n<div id=\"voir_aussi_box\" style=\"display: none;\">\n<ul>\n<li><a href=\"https:\/\/www.humanium.org\/es\/ninos-soldado\/\">Ni\u00f1os soldado<\/a><\/li>\n<li><a href=\"https:\/\/www.humanium.org\/es\/facultativo-venta-prostitucion-pornografia\/\">Protocolo facultativo de la Convenci\u00f3n de los Derechos del Ni\u00f1o relativo a la venta, la prostituci\u00f3n y la pornograf\u00eda infantil, 2000<\/a><\/li>\n<li><a href=\"https:\/\/www.humanium.org\/es\/protocolo-comunicaciones\/\">Protocolo Facultativo de la Convenci\u00f3n sobre los Derechos del Ni\u00f1o relativo al procedimiento de comunicaciones, 2011<\/a><\/li>\n<li><a href=\"https:\/\/www.humanium.org\/es\/referecias-estandares\/\">Referencias Est\u00e1ndares sobre los Derechos del Ni\u00f1o<\/a><\/li>\n<\/ul>\n<\/div>\n<div id=\"toggle\"><a><\/a><\/div>\n<div id=\"plus_loin_box\" style=\"display: none;\">\n<ul>\n<li>CSI: Child Soldiers International (en ingl\u00e9s y franc\u00e9s)<\/li>\n<li><a href=\"https:\/\/www.icrc.org\/spa\/resources\/documents\/news-release\/2009-and-earlier\/children-in-war-news-120207.htm\"> El CICR insta a acabar con el reclutamiento de ni\u00f1os soldados<\/a><\/li>\n<li><a href=\"https:\/\/es.wikipedia.org\/wiki\/Uso_militar_de_ni%C3%B1os\" target=\"_blank\" rel=\"noopener noreferrer\">Wikipedia, Uso militar de ni\u00f1os<\/a><\/li>\n<\/ul>\n<\/div>\n<div id=\"toggle\"><a><\/a><\/div>\n<div id=\"sources_box\" style=\"display: none;\">\n<ul>\n<li><a href=\"https:\/\/www.unicef.org\/spanish\/sowc05\/conflict.html\" target=\"_blank\" rel=\"noopener noreferrer\">UNICEF, Ni\u00f1os y ni\u00f1as atrapados en conflicto<\/a><\/li>\n<li><a href=\"https:\/\/childrenandarmedconflict.un.org\/es\/\" target=\"_blank\" rel=\"noopener noreferrer\">Oficina del Representante Especial del Secretario General para la cuesti\u00f3n de los Ni\u00f1os y los Conflictos Armados<\/a><\/li>\n<\/ul>\n<\/div>\n","protected":false},"excerpt":{"rendered":"<p>Protocolo Facultativo de la Convenci\u00f3n sobre los Derechos del Ni\u00f1o relacionado a la participaci\u00f3n de ni\u00f1os en los conflictos armados, 2000 Introducci\u00f3n del Protocolo El Protocolo facultativo sobre la participaci\u00f3n de los ni\u00f1os en los conflictos armados fue aprobado por la Asamblea General de las Naciones Unidas el 25 de mayo de 2000 en Nueva [&hellip;]<\/p>\n","protected":false},"author":1,"featured_media":0,"parent":0,"menu_order":0,"comment_status":"closed","ping_status":"closed","template":"","meta":{"footnotes":""},"class_list":["post-142","page","type-page","status-publish","hentry"],"yoast_head":"<!-- This site is optimized with the Yoast SEO plugin v26.5 - https:\/\/yoast.com\/wordpress\/plugins\/seo\/ -->\n<title>Protocolo Facultativo de la Convenci\u00f3n sobre los Derechos del Ni\u00f1o relacionado a la participaci\u00f3n de ni\u00f1os en los conflictos armados, 2000 - Humanium<\/title>\n<meta name=\"robots\" content=\"index, follow, max-snippet:-1, max-image-preview:large, max-video-preview:-1\" \/>\n<link rel=\"canonical\" href=\"https:\/\/www.humanium.org\/es\/facultativo-conflictos-armados-2000\/\" \/>\n<meta property=\"og:locale\" content=\"es_ES\" \/>\n<meta property=\"og:type\" content=\"article\" \/>\n<meta property=\"og:title\" content=\"Protocolo Facultativo de la Convenci\u00f3n sobre los Derechos del Ni\u00f1o relacionado a la participaci\u00f3n de ni\u00f1os en los conflictos armados, 2000 - Humanium\" \/>\n<meta property=\"og:description\" content=\"Protocolo Facultativo de la Convenci\u00f3n sobre los Derechos del Ni\u00f1o relacionado a la participaci\u00f3n de ni\u00f1os en los conflictos armados, 2000 Introducci\u00f3n del Protocolo El Protocolo facultativo sobre la participaci\u00f3n de los ni\u00f1os en los conflictos armados fue aprobado por la Asamblea General de las Naciones Unidas el 25 de mayo de 2000 en Nueva [&hellip;]\" \/>\n<meta property=\"og:url\" content=\"https:\/\/www.humanium.org\/es\/facultativo-conflictos-armados-2000\/\" \/>\n<meta property=\"og:site_name\" content=\"Humanium\" \/>\n<meta property=\"article:modified_time\" content=\"2025-12-05T18:16:29+00:00\" \/>\n<meta name=\"twitter:card\" content=\"summary_large_image\" \/>\n<meta name=\"twitter:label1\" content=\"Tiempo de lectura\" \/>\n\t<meta name=\"twitter:data1\" content=\"4 minutos\" \/>\n<script type=\"application\/ld+json\" class=\"yoast-schema-graph\">{\"@context\":\"https:\/\/schema.org\",\"@graph\":[{\"@type\":\"WebPage\",\"@id\":\"https:\/\/www.humanium.org\/es\/facultativo-conflictos-armados-2000\/\",\"url\":\"https:\/\/www.humanium.org\/es\/facultativo-conflictos-armados-2000\/\",\"name\":\"Protocolo Facultativo de la Convenci\u00f3n sobre los Derechos del Ni\u00f1o relacionado a la participaci\u00f3n de ni\u00f1os en los conflictos armados, 2000 - Humanium\",\"isPartOf\":{\"@id\":\"https:\/\/www.humanium.org\/es\/#website\"},\"primaryImageOfPage\":{\"@id\":\"https:\/\/www.humanium.org\/es\/facultativo-conflictos-armados-2000\/#primaryimage\"},\"image\":{\"@id\":\"https:\/\/www.humanium.org\/es\/facultativo-conflictos-armados-2000\/#primaryimage\"},\"thumbnailUrl\":\"https:\/\/www.humanium.org\/es\/wp-content\/uploads\/portail-fr\/unicef-enfant-soldat.jpg\",\"datePublished\":\"2012-11-15T10:16:55+00:00\",\"dateModified\":\"2025-12-05T18:16:29+00:00\",\"breadcrumb\":{\"@id\":\"https:\/\/www.humanium.org\/es\/facultativo-conflictos-armados-2000\/#breadcrumb\"},\"inLanguage\":\"es\",\"potentialAction\":[{\"@type\":\"ReadAction\",\"target\":[\"https:\/\/www.humanium.org\/es\/facultativo-conflictos-armados-2000\/\"]}]},{\"@type\":\"ImageObject\",\"inLanguage\":\"es\",\"@id\":\"https:\/\/www.humanium.org\/es\/facultativo-conflictos-armados-2000\/#primaryimage\",\"url\":\"https:\/\/www.humanium.org\/es\/wp-content\/uploads\/portail-fr\/unicef-enfant-soldat.jpg\",\"contentUrl\":\"https:\/\/www.humanium.org\/es\/wp-content\/uploads\/portail-fr\/unicef-enfant-soldat.jpg\"},{\"@type\":\"BreadcrumbList\",\"@id\":\"https:\/\/www.humanium.org\/es\/facultativo-conflictos-armados-2000\/#breadcrumb\",\"itemListElement\":[{\"@type\":\"ListItem\",\"position\":1,\"name\":\"Home\",\"item\":\"https:\/\/www.humanium.org\/es\/\"},{\"@type\":\"ListItem\",\"position\":2,\"name\":\"Protocolo Facultativo de la Convenci\u00f3n sobre los Derechos del Ni\u00f1o relacionado a la participaci\u00f3n de ni\u00f1os en los conflictos armados, 2000\"}]},{\"@type\":\"WebSite\",\"@id\":\"https:\/\/www.humanium.org\/es\/#website\",\"url\":\"https:\/\/www.humanium.org\/es\/\",\"name\":\"Humanium\",\"description\":\"\u00a1Los ni\u00f1os primero!\",\"potentialAction\":[{\"@type\":\"SearchAction\",\"target\":{\"@type\":\"EntryPoint\",\"urlTemplate\":\"https:\/\/www.humanium.org\/es\/?s={search_term_string}\"},\"query-input\":{\"@type\":\"PropertyValueSpecification\",\"valueRequired\":true,\"valueName\":\"search_term_string\"}}],\"inLanguage\":\"es\"}]}<\/script>\n<!-- \/ Yoast SEO plugin. -->","yoast_head_json":{"title":"Protocolo Facultativo de la Convenci\u00f3n sobre los Derechos del Ni\u00f1o relacionado a la participaci\u00f3n de ni\u00f1os en los conflictos armados, 2000 - Humanium","robots":{"index":"index","follow":"follow","max-snippet":"max-snippet:-1","max-image-preview":"max-image-preview:large","max-video-preview":"max-video-preview:-1"},"canonical":"https:\/\/www.humanium.org\/es\/facultativo-conflictos-armados-2000\/","og_locale":"es_ES","og_type":"article","og_title":"Protocolo Facultativo de la Convenci\u00f3n sobre los Derechos del Ni\u00f1o relacionado a la participaci\u00f3n de ni\u00f1os en los conflictos armados, 2000 - Humanium","og_description":"Protocolo Facultativo de la Convenci\u00f3n sobre los Derechos del Ni\u00f1o relacionado a la participaci\u00f3n de ni\u00f1os en los conflictos armados, 2000 Introducci\u00f3n del Protocolo El Protocolo facultativo sobre la participaci\u00f3n de los ni\u00f1os en los conflictos armados fue aprobado por la Asamblea General de las Naciones Unidas el 25 de mayo de 2000 en Nueva [&hellip;]","og_url":"https:\/\/www.humanium.org\/es\/facultativo-conflictos-armados-2000\/","og_site_name":"Humanium","article_modified_time":"2025-12-05T18:16:29+00:00","twitter_card":"summary_large_image","twitter_misc":{"Tiempo de lectura":"4 minutos"},"schema":{"@context":"https:\/\/schema.org","@graph":[{"@type":"WebPage","@id":"https:\/\/www.humanium.org\/es\/facultativo-conflictos-armados-2000\/","url":"https:\/\/www.humanium.org\/es\/facultativo-conflictos-armados-2000\/","name":"Protocolo Facultativo de la Convenci\u00f3n sobre los Derechos del Ni\u00f1o relacionado a la participaci\u00f3n de ni\u00f1os en los conflictos armados, 2000 - Humanium","isPartOf":{"@id":"https:\/\/www.humanium.org\/es\/#website"},"primaryImageOfPage":{"@id":"https:\/\/www.humanium.org\/es\/facultativo-conflictos-armados-2000\/#primaryimage"},"image":{"@id":"https:\/\/www.humanium.org\/es\/facultativo-conflictos-armados-2000\/#primaryimage"},"thumbnailUrl":"https:\/\/www.humanium.org\/es\/wp-content\/uploads\/portail-fr\/unicef-enfant-soldat.jpg","datePublished":"2012-11-15T10:16:55+00:00","dateModified":"2025-12-05T18:16:29+00:00","breadcrumb":{"@id":"https:\/\/www.humanium.org\/es\/facultativo-conflictos-armados-2000\/#breadcrumb"},"inLanguage":"es","potentialAction":[{"@type":"ReadAction","target":["https:\/\/www.humanium.org\/es\/facultativo-conflictos-armados-2000\/"]}]},{"@type":"ImageObject","inLanguage":"es","@id":"https:\/\/www.humanium.org\/es\/facultativo-conflictos-armados-2000\/#primaryimage","url":"https:\/\/www.humanium.org\/es\/wp-content\/uploads\/portail-fr\/unicef-enfant-soldat.jpg","contentUrl":"https:\/\/www.humanium.org\/es\/wp-content\/uploads\/portail-fr\/unicef-enfant-soldat.jpg"},{"@type":"BreadcrumbList","@id":"https:\/\/www.humanium.org\/es\/facultativo-conflictos-armados-2000\/#breadcrumb","itemListElement":[{"@type":"ListItem","position":1,"name":"Home","item":"https:\/\/www.humanium.org\/es\/"},{"@type":"ListItem","position":2,"name":"Protocolo Facultativo de la Convenci\u00f3n sobre los Derechos del Ni\u00f1o relacionado a la participaci\u00f3n de ni\u00f1os en los conflictos armados, 2000"}]},{"@type":"WebSite","@id":"https:\/\/www.humanium.org\/es\/#website","url":"https:\/\/www.humanium.org\/es\/","name":"Humanium","description":"\u00a1Los ni\u00f1os primero!","potentialAction":[{"@type":"SearchAction","target":{"@type":"EntryPoint","urlTemplate":"https:\/\/www.humanium.org\/es\/?s={search_term_string}"},"query-input":{"@type":"PropertyValueSpecification","valueRequired":true,"valueName":"search_term_string"}}],"inLanguage":"es"}]}},"_links":{"self":[{"href":"https:\/\/www.humanium.org\/es\/wp-json\/wp\/v2\/pages\/142","targetHints":{"allow":["GET"]}}],"collection":[{"href":"https:\/\/www.humanium.org\/es\/wp-json\/wp\/v2\/pages"}],"about":[{"href":"https:\/\/www.humanium.org\/es\/wp-json\/wp\/v2\/types\/page"}],"author":[{"embeddable":true,"href":"https:\/\/www.humanium.org\/es\/wp-json\/wp\/v2\/users\/1"}],"replies":[{"embeddable":true,"href":"https:\/\/www.humanium.org\/es\/wp-json\/wp\/v2\/comments?post=142"}],"version-history":[{"count":11,"href":"https:\/\/www.humanium.org\/es\/wp-json\/wp\/v2\/pages\/142\/revisions"}],"predecessor-version":[{"id":20733,"href":"https:\/\/www.humanium.org\/es\/wp-json\/wp\/v2\/pages\/142\/revisions\/20733"}],"wp:attachment":[{"href":"https:\/\/www.humanium.org\/es\/wp-json\/wp\/v2\/media?parent=142"}],"curies":[{"name":"wp","href":"https:\/\/api.w.org\/{rel}","templated":true}]}}