{"id":1421,"date":"2013-05-22T17:53:36","date_gmt":"2013-05-22T17:53:36","guid":{"rendered":"http:\/\/www.humanium.org\/es\/?page_id=1421"},"modified":"2025-12-05T18:00:23","modified_gmt":"2025-12-05T18:00:23","slug":"serbia","status":"publish","type":"page","link":"https:\/\/www.humanium.org\/es\/serbia\/","title":{"rendered":"Ni\u00f1os de Serbia"},"content":{"rendered":"<h1>Los ni\u00f1os de Serbia<\/h1>\n<h2>Descubriendo los Derechos de los ni\u00f1os de Serbia<\/h2>\n<p style=\"text-align: center;\"><img loading=\"lazy\" decoding=\"async\" class=\"alignnone size-full wp-image-12016\" title=\"Ni\u00f1a de Serbia \u00a9 Photo de Tibo (Flickr)\" src=\"https:\/\/www.humanium.org\/fr\/wp-content\/uploads\/2011\/07\/serbie-fille-photo-de-tibo-flickr.jpg\" alt=\"\" width=\"120\" height=\"200\" \/> <img loading=\"lazy\" decoding=\"async\" class=\"alignnone size-full wp-image-12018\" title=\"Ni\u00f1o de Serbia. \u00a9 Metaleks (Flickr).\" src=\"https:\/\/www.humanium.org\/fr\/wp-content\/uploads\/2011\/07\/serbie-garcon-metaleks-flickr.jpg\" alt=\"\" width=\"124\" height=\"200\" \/><\/p>\n<p>A pesar de los continuos problemas pol\u00edticos, Serbia ha hecho progresos constantes en los campos de la salud y la educaci\u00f3n infant\u00edl. Sin embargo, la pobreza, la exclusi\u00f3n social y la discriminaci\u00f3n contin\u00faan siendo graves problemas. Como respuesta a esta situaci\u00f3n, el gobierno serbio ha puesto en marcha un sistema nacional de protecci\u00f3n de la infancia.<\/p>\n<h3>Principales problemas que afectan a los ni\u00f1os en Serbia:<\/h3>\n<p><strong><a href=\"https:\/\/www.humanium.org\/es\/pobreza-infantil\/\">Pobreza<\/a><\/strong><\/p>\n<p>E<img loading=\"lazy\" decoding=\"async\" class=\"size-full wp-image-12236 alignright\" title=\"Muchos ni\u00f1os viven por debajo del umbral de la pobreza \u00a9 Fotoda (Flickr)\" src=\"https:\/\/www.humanium.org\/fr\/wp-content\/uploads\/2011\/08\/serbie-pauvrete-fotoda-flickr1.jpg\" alt=\"\" width=\"93\" height=\"147\" \/>No solo debido a la crisis econ\u00f3mica mundial, pero tambi\u00e9n a una sociedad en transici\u00f3n, el \u00edndice de pobreza en Serbia est\u00e1 al alza. M\u00e1s de 150.000 ni\u00f1os viven por debajo del <a href=\"https:\/\/www.humanium.org\/es\/pobreza-infantil\/\">umbral de la pobreza<\/a>.Los ni\u00f1os que viven en \u00e1reas rurales, sobretodo los de origen gitano, son los m\u00e1s afectados.<\/p>\n<p><strong><a href=\"https:\/\/www.humanium.org\/es\/abuso-infantil\/\">Abuso infantil<\/a><\/strong><\/p>\n<p>Muchos ni\u00f1os serbios sufren <a href=\"https:\/\/www.humanium.org\/es\/abuso-infantil\/\">abusos, est\u00e1n desatendidos <\/a> y explotados. Pero no hay datos estad\u00edsticos disponibles sobre el tema. Adem\u00e1s, el gobierno no ha puesto en marcha ning\u00fan mecanismo para procesar las quejas formales.<\/p>\n<p><strong><a href=\"https:\/\/www.humanium.org\/es\/derecho-salud\/\">Derecho a la salud<\/a><\/strong><\/p>\n<p>En Serbia, el <a href=\"https:\/\/www.humanium.org\/es\/mortalidad-infantil\/\"> \u00edndice de mortalidad infantil en ni\u00f1os <\/a> menores de 5 a\u00f1os es relativamente bajo: 7%. Pero entre los ni\u00f1os gitanos, alcanza el 20%. Por lo tanto, existen disparidades en el campo de la sanidad dentro del mismo pa\u00eds.<\/p>\n<p>A pesar de las mejoras en sus sistema <a href=\"https:\/\/www.humanium.org\/es\/derecho-salud\/\">sanitario<\/a>, Serbia padece una falta de recursos financieros. Esto provoca, por una parte, dificultades en el mantenimiento de los servicios hospitalarios y, por otra, una falta de motivaci\u00f3n en sus empleados.<\/p>\n<p>Un gran porcentaje de la juventud serbia padece de <a href=\"https:\/\/www.humanium.org\/es\/ninos-sida\/\">SIDA<\/a>y a menudo no recibe mucha atenci\u00f3n antes de llegar a las fases finales de la enfermedad. Adem\u00e1s, el gobierno ofrece poca o nula informaci\u00f3n respecto a las v\u00edas de transmisi\u00f3n de esta enfermedad y a los m\u00e9todos efectivos para la anticoncepci\u00f3n<\/p>\n<p><strong><a href=\"https:\/\/www.humanium.org\/es\/no-discriminacion\/\">Derecho a la no discriminaci\u00f3n<\/a><\/strong><\/p>\n<p><img loading=\"lazy\" decoding=\"async\" class=\"alignright size-full wp-image-15739\" title=\"Roma se enfrentan a m\u00faltiples formas de discriminaci\u00f3n, en particular en las \u00e1reas de salud, educaci\u00f3n, vivienda, etc \u00a9 Zarko Drincic (flickr)\" src=\"https:\/\/www.humanium.org\/fr\/wp-content\/uploads\/2011\/10\/serbie-discrimination-zarko-drincic.flickr.jpg\" alt=\"\" width=\"200\" height=\"150\" \/>Aunque la legislaci\u00f3n serbia garantiza a todos los ni\u00f1os el derecho a una vida libre de toda <a href=\"https:\/\/www.humanium.org\/es\/no-discriminacion\/\">discriminaci\u00f3n<\/a>, algunos de ellos, en \u00e1reas rurales y en las regiones menos desarrolladas, son tratados de forma injusta.<\/p>\n<p>Incluso hoy en d\u00eda, los <a href=\"https:\/\/www.humanium.org\/es\/ninos-discapacitados\/\">ni\u00f1os discapacitados <\/a> son tratados de forma diferente a otros ni\u00f1os. Son separados de sus familias e internados en instituciones. Muchas veces no reciben los cuidados especializados que requieren, ni tienen f\u00e1cil acceso al sistema educativo del pa\u00eds. Adem\u00e1s, son frecuentemente abandonados por sus familias y sometidos a abusos y otras formas de violencia.<\/p>\n<p>De una manera similar, los gitanos y sus ni\u00f1os son v\u00edctimas de varias <a href=\"https:\/\/www.humanium.org\/es\/no-discriminacion\/\">formas de discriminaci\u00f3n <\/a>, que limitan su acceso a la <a href=\"https:\/\/www.humanium.org\/es\/derecho-salud\/\">asistencia sanitaria<\/a>, la<a href=\"https:\/\/www.humanium.org\/es\/derecho-educacion\/\">educaci\u00f3n<\/a>, la vivienda, etc. Frecuentemente padecen vejaciones, palizas e insultos por parte de la polic\u00eda y otros miembros de la sociedad serbia.<\/p>\n<p>Con frecuencia los doctores les niegan el tratamiento m\u00e9dico. Por eso, sus <a href=\"https:\/\/www.humanium.org\/es\/derecho-salud\/\">problemas de salud<\/a>, que a menudo se deben a las condiciones muy poco salubres de sus viviendas, contin\u00faan invariablemente.<\/p>\n<p>El gobierno serbio ha puesto en marcha un programa dise\u00f1ado para proteger a los ni\u00f1os gitanos y mejorar su situaci\u00f3n general.<\/p>\n<p><strong><a href=\"https:\/\/www.humanium.org\/es\/matrimonio-infantil\/\">Matrimonio infantil<\/a><\/strong><\/p>\n<p>En algunas comunidades, sobretodo las gitanas, que viven en las regiones del sur y este de Serbia, a\u00fan existen los matrimonios infantiles. Efectivamente, j\u00f3venes de entre 14 y 18 a\u00f1os contraen matrimonio. En los \u00faltimos a\u00f1os, la cantidad de <a href=\"https:\/\/www.humanium.org\/es\/matrimonio-infantil\/\">matrimonios infantiles <\/a> entre los gitanos ha disminuido, mientras que entre los serbios ha aumentado.<\/p>\n<p><strong><a href=\"https:\/\/www.humanium.org\/es\/derecho-identidad\/\"> Derecho a una Identidad<\/a><\/strong><\/p>\n<p><img loading=\"lazy\" decoding=\"async\" class=\"size-full wp-image-12232 alignright\" title=\"El nacimiento de los ni\u00f1os roman\u00edes no est\u00e1n todos declarados a las autoridades serbias \u00a9 Perecca (Flickr)\" src=\"https:\/\/www.humanium.org\/fr\/wp-content\/uploads\/2011\/08\/serbie-identite-perecca-flickr.jpg\" alt=\"\" width=\"133\" height=\"164\" \/>Los nacimientos entre la comunidad gitana no siempre se comunican a las autoridades serbias. Los ni\u00f1os que carecen de certificado de nacimiento carecen de <a href=\"https:\/\/www.humanium.org\/fr\/comprendre\/droit-a-l-identite\/\">identidad<\/a> legal. Por lo tanto, no se les reconoce como miembros leg\u00edtimos de la sociedad y no pueden disfrutar de sus derechos, pues t\u00e9cnicamente, <a href=\"https:\/\/www.humanium.org\/es\/derecho-identidad\/\">no existen<\/a>.<\/p>\n<p>Los ni\u00f1os que no son inscritos oficialmente resultan vulnerables a todo tipo de abusos y pr\u00e1cticas infames como, por ejemplo, explotaci\u00f3n laboral, prostituci\u00f3n, matrimonios entre menores, tr\u00e1fico de personas, esclavitud, etc.<\/p>\n<p><strong><a href=\"https:\/\/www.humanium.org\/es\/ninos-desplazados\/\">Ni\u00f1os refugiados<\/a><\/strong><\/p>\n<p><img loading=\"lazy\" decoding=\"async\" class=\"size-full wp-image-12234 alignright\" title=\"Serbia alberga una de las mayores poblaciones de refugiados y desplazados en Europa \u00a9 Magne G (Flickr)\" src=\"https:\/\/www.humanium.org\/fr\/wp-content\/uploads\/2011\/08\/serbie-refugie-magne-g-flickr.jpg\" alt=\"\" width=\"206\" height=\"252\" \/><\/p>\n<p>Tras los conflictos de la d\u00e9cada de 1990, Serbia ha ofrecido refugio a poblaciones <a href=\"https:\/\/www.humanium.org\/es\/ninos-desplazados\/\/\">desplazadas y refugiados<\/a> en Europa (Kosovo, Croacia, Bosnia-Herzegovina, etc.).<\/p>\n<p>Generalmente, familias con hijos viven en centros de refugio comunitarios que se han puesto a su disposici\u00f3n. Pero estos alojamientos temporales en muchos casos carecen de instalaciones de fontaner\u00eda y electricidad, y est\u00e1n en malas condiciones. Por lo tanto, el derecho a cosas como la asistencia sanitaria y una vivienda digna contin\u00faa sin cumplirse en algunas regiones serbias.<\/p>\n<p><a href=\"https:\/\/www.humanium.org\/es\/ninos-detenidos\/\"><strong>Detenci\u00f3n de menores<\/strong><\/a><\/p>\n<p>Los<a href=\"https:\/\/www.humanium.org\/es\/ninos-sistema-judicial\/\"> ni\u00f1os serbios que entran en conflicto con la ley<\/a> son, a menudo v\u00edctimas. En efecto, acaban siendo delincuentes empujados por dificultades econ\u00f3micas y familiares (abuso, desatenci\u00f3n, etc.). En vez de obtener ayuda, estos j\u00f3venes son muchas veces excluidos y se encaminan hacia la delincuencia.<\/p>\n<p>El sistema de <a href=\"https:\/\/www.humanium.org\/es\/justicia-juvenil\/\">justicia juvenil <\/a> de Serbia tiene por costumbre ignorar las directrices de la ONU, y se enfrenta a problemas que est\u00e1n lejos de ser insignificantes. A pesar de todo, el estado serbio, en colaboraci\u00f3n con organizaciones internacionales, ha iniciado un programa dirigido a reformar el sistema y a asegurar el respeto de los <a href=\"https:\/\/www.humanium.org\/fr\/\">derechos de los ni\u00f1os <\/a> que se encuentran en conflicto con la ley.<\/p>\n","protected":false},"excerpt":{"rendered":"<p>Los ni\u00f1os de Serbia Descubriendo los Derechos de los ni\u00f1os de Serbia A pesar de los continuos problemas pol\u00edticos, Serbia ha hecho progresos constantes en los campos de la salud y la educaci\u00f3n infant\u00edl. Sin embargo, la pobreza, la exclusi\u00f3n social y la discriminaci\u00f3n contin\u00faan siendo graves problemas. Como respuesta a esta situaci\u00f3n, el gobierno [&hellip;]<\/p>\n","protected":false},"author":1,"featured_media":0,"parent":0,"menu_order":0,"comment_status":"closed","ping_status":"open","template":"","meta":{"footnotes":""},"class_list":["post-1421","page","type-page","status-publish","hentry"],"yoast_head":"<!-- This site is optimized with the Yoast SEO plugin v26.5 - https:\/\/yoast.com\/wordpress\/plugins\/seo\/ -->\n<title>Ni\u00f1os de Serbia - Humanium<\/title>\n<meta name=\"description\" content=\"El gobierno de Serbia, ha creado un sistema nacional de protecci\u00f3n de la infancia, como respuesta a la exclusi\u00f3n social y a la discriminaci\u00f3n de los ni\u00f1os.\" \/>\n<meta name=\"robots\" content=\"index, follow, max-snippet:-1, max-image-preview:large, max-video-preview:-1\" \/>\n<link rel=\"canonical\" href=\"https:\/\/www.humanium.org\/es\/serbia\/\" \/>\n<meta property=\"og:locale\" content=\"es_ES\" \/>\n<meta property=\"og:type\" content=\"article\" \/>\n<meta property=\"og:title\" content=\"Ni\u00f1os de Serbia - Humanium\" \/>\n<meta property=\"og:description\" content=\"El gobierno de Serbia, ha creado un sistema nacional de protecci\u00f3n de la infancia, como respuesta a la exclusi\u00f3n social y a la discriminaci\u00f3n de los ni\u00f1os.\" \/>\n<meta property=\"og:url\" content=\"https:\/\/www.humanium.org\/es\/serbia\/\" \/>\n<meta property=\"og:site_name\" content=\"Humanium\" \/>\n<meta property=\"article:modified_time\" content=\"2025-12-05T18:00:23+00:00\" \/>\n<meta name=\"twitter:card\" content=\"summary_large_image\" \/>\n<meta name=\"twitter:label1\" content=\"Tiempo de lectura\" \/>\n\t<meta name=\"twitter:data1\" content=\"6 minutos\" \/>\n<script type=\"application\/ld+json\" class=\"yoast-schema-graph\">{\"@context\":\"https:\/\/schema.org\",\"@graph\":[{\"@type\":\"WebPage\",\"@id\":\"https:\/\/www.humanium.org\/es\/serbia\/\",\"url\":\"https:\/\/www.humanium.org\/es\/serbia\/\",\"name\":\"Ni\u00f1os de Serbia - Humanium\",\"isPartOf\":{\"@id\":\"https:\/\/www.humanium.org\/es\/#website\"},\"primaryImageOfPage\":{\"@id\":\"https:\/\/www.humanium.org\/es\/serbia\/#primaryimage\"},\"image\":{\"@id\":\"https:\/\/www.humanium.org\/es\/serbia\/#primaryimage\"},\"thumbnailUrl\":\"https:\/\/www.humanium.org\/fr\/wp-content\/uploads\/2011\/07\/serbie-fille-photo-de-tibo-flickr.jpg\",\"datePublished\":\"2013-05-22T17:53:36+00:00\",\"dateModified\":\"2025-12-05T18:00:23+00:00\",\"description\":\"El gobierno de Serbia, ha creado un sistema nacional de protecci\u00f3n de la infancia, como respuesta a la exclusi\u00f3n social y a la discriminaci\u00f3n de los ni\u00f1os.\",\"breadcrumb\":{\"@id\":\"https:\/\/www.humanium.org\/es\/serbia\/#breadcrumb\"},\"inLanguage\":\"es\",\"potentialAction\":[{\"@type\":\"ReadAction\",\"target\":[\"https:\/\/www.humanium.org\/es\/serbia\/\"]}]},{\"@type\":\"ImageObject\",\"inLanguage\":\"es\",\"@id\":\"https:\/\/www.humanium.org\/es\/serbia\/#primaryimage\",\"url\":\"https:\/\/www.humanium.org\/fr\/wp-content\/uploads\/2011\/07\/serbie-fille-photo-de-tibo-flickr.jpg\",\"contentUrl\":\"https:\/\/www.humanium.org\/fr\/wp-content\/uploads\/2011\/07\/serbie-fille-photo-de-tibo-flickr.jpg\"},{\"@type\":\"BreadcrumbList\",\"@id\":\"https:\/\/www.humanium.org\/es\/serbia\/#breadcrumb\",\"itemListElement\":[{\"@type\":\"ListItem\",\"position\":1,\"name\":\"Home\",\"item\":\"https:\/\/www.humanium.org\/es\/\"},{\"@type\":\"ListItem\",\"position\":2,\"name\":\"Ni\u00f1os de Serbia\"}]},{\"@type\":\"WebSite\",\"@id\":\"https:\/\/www.humanium.org\/es\/#website\",\"url\":\"https:\/\/www.humanium.org\/es\/\",\"name\":\"Humanium\",\"description\":\"\u00a1Los ni\u00f1os primero!\",\"potentialAction\":[{\"@type\":\"SearchAction\",\"target\":{\"@type\":\"EntryPoint\",\"urlTemplate\":\"https:\/\/www.humanium.org\/es\/?s={search_term_string}\"},\"query-input\":{\"@type\":\"PropertyValueSpecification\",\"valueRequired\":true,\"valueName\":\"search_term_string\"}}],\"inLanguage\":\"es\"}]}<\/script>\n<!-- \/ Yoast SEO plugin. -->","yoast_head_json":{"title":"Ni\u00f1os de Serbia - Humanium","description":"El gobierno de Serbia, ha creado un sistema nacional de protecci\u00f3n de la infancia, como respuesta a la exclusi\u00f3n social y a la discriminaci\u00f3n de los ni\u00f1os.","robots":{"index":"index","follow":"follow","max-snippet":"max-snippet:-1","max-image-preview":"max-image-preview:large","max-video-preview":"max-video-preview:-1"},"canonical":"https:\/\/www.humanium.org\/es\/serbia\/","og_locale":"es_ES","og_type":"article","og_title":"Ni\u00f1os de Serbia - Humanium","og_description":"El gobierno de Serbia, ha creado un sistema nacional de protecci\u00f3n de la infancia, como respuesta a la exclusi\u00f3n social y a la discriminaci\u00f3n de los ni\u00f1os.","og_url":"https:\/\/www.humanium.org\/es\/serbia\/","og_site_name":"Humanium","article_modified_time":"2025-12-05T18:00:23+00:00","twitter_card":"summary_large_image","twitter_misc":{"Tiempo de lectura":"6 minutos"},"schema":{"@context":"https:\/\/schema.org","@graph":[{"@type":"WebPage","@id":"https:\/\/www.humanium.org\/es\/serbia\/","url":"https:\/\/www.humanium.org\/es\/serbia\/","name":"Ni\u00f1os de Serbia - Humanium","isPartOf":{"@id":"https:\/\/www.humanium.org\/es\/#website"},"primaryImageOfPage":{"@id":"https:\/\/www.humanium.org\/es\/serbia\/#primaryimage"},"image":{"@id":"https:\/\/www.humanium.org\/es\/serbia\/#primaryimage"},"thumbnailUrl":"https:\/\/www.humanium.org\/fr\/wp-content\/uploads\/2011\/07\/serbie-fille-photo-de-tibo-flickr.jpg","datePublished":"2013-05-22T17:53:36+00:00","dateModified":"2025-12-05T18:00:23+00:00","description":"El gobierno de Serbia, ha creado un sistema nacional de protecci\u00f3n de la infancia, como respuesta a la exclusi\u00f3n social y a la discriminaci\u00f3n de los ni\u00f1os.","breadcrumb":{"@id":"https:\/\/www.humanium.org\/es\/serbia\/#breadcrumb"},"inLanguage":"es","potentialAction":[{"@type":"ReadAction","target":["https:\/\/www.humanium.org\/es\/serbia\/"]}]},{"@type":"ImageObject","inLanguage":"es","@id":"https:\/\/www.humanium.org\/es\/serbia\/#primaryimage","url":"https:\/\/www.humanium.org\/fr\/wp-content\/uploads\/2011\/07\/serbie-fille-photo-de-tibo-flickr.jpg","contentUrl":"https:\/\/www.humanium.org\/fr\/wp-content\/uploads\/2011\/07\/serbie-fille-photo-de-tibo-flickr.jpg"},{"@type":"BreadcrumbList","@id":"https:\/\/www.humanium.org\/es\/serbia\/#breadcrumb","itemListElement":[{"@type":"ListItem","position":1,"name":"Home","item":"https:\/\/www.humanium.org\/es\/"},{"@type":"ListItem","position":2,"name":"Ni\u00f1os de Serbia"}]},{"@type":"WebSite","@id":"https:\/\/www.humanium.org\/es\/#website","url":"https:\/\/www.humanium.org\/es\/","name":"Humanium","description":"\u00a1Los ni\u00f1os primero!","potentialAction":[{"@type":"SearchAction","target":{"@type":"EntryPoint","urlTemplate":"https:\/\/www.humanium.org\/es\/?s={search_term_string}"},"query-input":{"@type":"PropertyValueSpecification","valueRequired":true,"valueName":"search_term_string"}}],"inLanguage":"es"}]}},"_links":{"self":[{"href":"https:\/\/www.humanium.org\/es\/wp-json\/wp\/v2\/pages\/1421","targetHints":{"allow":["GET"]}}],"collection":[{"href":"https:\/\/www.humanium.org\/es\/wp-json\/wp\/v2\/pages"}],"about":[{"href":"https:\/\/www.humanium.org\/es\/wp-json\/wp\/v2\/types\/page"}],"author":[{"embeddable":true,"href":"https:\/\/www.humanium.org\/es\/wp-json\/wp\/v2\/users\/1"}],"replies":[{"embeddable":true,"href":"https:\/\/www.humanium.org\/es\/wp-json\/wp\/v2\/comments?post=1421"}],"version-history":[{"count":3,"href":"https:\/\/www.humanium.org\/es\/wp-json\/wp\/v2\/pages\/1421\/revisions"}],"predecessor-version":[{"id":20484,"href":"https:\/\/www.humanium.org\/es\/wp-json\/wp\/v2\/pages\/1421\/revisions\/20484"}],"wp:attachment":[{"href":"https:\/\/www.humanium.org\/es\/wp-json\/wp\/v2\/media?parent=1421"}],"curies":[{"name":"wp","href":"https:\/\/api.w.org\/{rel}","templated":true}]}}