{"id":1443,"date":"2013-05-23T09:23:16","date_gmt":"2013-05-23T09:23:16","guid":{"rendered":"http:\/\/www.humanium.org\/es\/?page_id=1443"},"modified":"2025-12-05T18:00:29","modified_gmt":"2025-12-05T18:00:29","slug":"san-marino","status":"publish","type":"page","link":"https:\/\/www.humanium.org\/es\/san-marino\/","title":{"rendered":"Ni\u00f1os de San Marino"},"content":{"rendered":"<h1>Ni\u00f1os de San Marino<\/h1>\n<h2>Descubriendo los Derechos del Ni\u00f1o en San Marino<\/h2>\n<p style=\"text-align: center;\"><img loading=\"lazy\" decoding=\"async\" class=\" wp-image-27256 alignnone\" title=\"Ni\u00f1a de San Marino \u00a9 Carlitos (flickr)\" src=\"https:\/\/www.humanium.org\/fr\/wp-content\/uploads\/2013\/01\/fille-saintmarin-225x300.jpg\" alt=\"\" width=\"153\" height=\"200\" \/> <img loading=\"lazy\" decoding=\"async\" class=\"alignnone wp-image-27262\" title=\"Ni\u00f1o de San Marino \u00a9 Something From Nancy (flickr)\" src=\"https:\/\/www.humanium.org\/fr\/wp-content\/uploads\/2013\/01\/garcon-saintmarin-199x300.jpg\" alt=\"\" width=\"131\" height=\"200\" \/><\/p>\n<p>San Marino se encuentra rodeado por Italia y es el quinto Estado m\u00e1s peque\u00f1o del mundo; es adem\u00e1s un pa\u00eds con alrededor de 5.000 ni\u00f1os de menos de 15 a\u00f1os. En otras palabras, un \u201cmundo\u201d tan peque\u00f1o facilita la aplicaci\u00f3n de la Convenci\u00f3n de los Derechos del Ni\u00f1o. En este sentido, San Marino da gran importancia a la protecci\u00f3n y la promoci\u00f3n de los derechos de los ni\u00f1os, y asigna considerables recursos para asegurar su adecuada protecci\u00f3n en todas las etapas de sus vidas.<\/p>\n<h3>Principales problemas que afectan a los ni\u00f1os en San Marino:<\/h3>\n<p><strong>Educaci\u00f3n<br \/>\n<\/strong><br \/>\nLa tasa de alfabetizaci\u00f3n se estima en 98% y la educaci\u00f3n (gratuita) es obligatoria hasta los 16 a\u00f1os; los cursos se imparten en italiano. Dado el peque\u00f1o tama\u00f1o del pa\u00eds, San Marino solo cuenta con una universidad: la Universidad de San Marino.<\/p>\n<p>En San Marino todos los ni\u00f1os van al colegio, incluyendo a aquellos que sufren de trastornos o discapacidades.<\/p>\n<p><strong>Justicia<br \/>\n<\/strong><br \/>\n<img loading=\"lazy\" decoding=\"async\" class=\"alignright size-medium wp-image-27514\" title=\"Enfants de Saint-marin \u00a9 Mesaba (flickr)\" src=\"https:\/\/www.humanium.org\/fr\/wp-content\/uploads\/2013\/01\/enfant-saintmarin-300x200.jpg\" alt=\"enfant-saintmarin\" width=\"300\" height=\"200\" \/>La edad de responsabilidad penal est\u00e1 establecida en 12 a\u00f1os; lo cual es considerado muy bajo por el Comit\u00e9 de los Derechos del Ni\u00f1o. De acuerdo con el art\u00edculo 10 del C\u00f3digo Penal, un ni\u00f1o de menos de 12 a\u00f1os no puede ser acusado de un crimen; sin embargo, un menor con edad superior a los 12 a\u00f1os puede obtener una sentencia reducida, despu\u00e9s de que su capacidad mental sea examinada.<\/p>\n<p>Con respecto a la administraci\u00f3n de justicia de menores, la ley penal estipula que una persona de menos de 18 a\u00f1os que sea condenada puede ser indultada cuando, despu\u00e9s de haber considerado la informaci\u00f3n disponible, el juez llegue a la conclusi\u00f3n de que no reincidir\u00e1.<\/p>\n<p>No existe tribunal de menores en San Marino, sino una secci\u00f3n especial encargada de los asuntos relacionados con menores en los tribunales.<\/p>\n<p>Adicionalmente, San Marino no exige servicio militar.<\/p>\n<p><strong>Salud<br \/>\n<\/strong><br \/>\nEl pa\u00eds se encuentra entre los 3 primeros proveedores de servicios m\u00e9dicos en Europa.<\/p>\n<p>La Seguridad Social no depende del poder adquisitivo de la ciudadan\u00eda de San Marino, y todos los habitantes del pa\u00eds se pueden beneficiar de la cobertura de salud.<\/p>\n<p>Sin embargo, como en muchos pa\u00edses desarrollados, desafortunadamente hay una alta prevalencia de obesidad.<\/p>\n<p>Por otra parte, el aborto es ilegal en San Marino incluso en casos en los que la vida de la madre est\u00e1 en riesgo. Esta es una de las legislaciones europeas m\u00e1s restrictivas en este \u00e1mbito.<\/p>\n<p><strong>Crimen<br \/>\n<\/strong><br \/>\nA San Marino se le pidi\u00f3 establecer estad\u00edsticas en cuanto a maltrato y abandono infantil; sin cifras, es dif\u00edcil saber lo que realmente sucede.<\/p>\n<p>No obstante, el Comit\u00e9 de los Derechos del Ni\u00f1o ha pedido al Estado tomar medidas adicionales para proteger a los ni\u00f1os contra todas las formas de violencia, incluyendo abuso f\u00edsico o mental, abandono, negligencia, maltrato o explotaci\u00f3n.<\/p>\n<p>En relaci\u00f3n con el castigo f\u00edsico, las leyes de San Marino castigan los abusos del poder de correcci\u00f3n, los cuales son considerados delitos.<\/p>\n","protected":false},"excerpt":{"rendered":"<p>Ni\u00f1os de San Marino Descubriendo los Derechos del Ni\u00f1o en San Marino San Marino se encuentra rodeado por Italia y es el quinto Estado m\u00e1s peque\u00f1o del mundo; es adem\u00e1s un pa\u00eds con alrededor de 5.000 ni\u00f1os de menos de 15 a\u00f1os. En otras palabras, un \u201cmundo\u201d tan peque\u00f1o facilita la aplicaci\u00f3n de la Convenci\u00f3n [&hellip;]<\/p>\n","protected":false},"author":1,"featured_media":0,"parent":0,"menu_order":0,"comment_status":"closed","ping_status":"open","template":"","meta":{"footnotes":""},"class_list":["post-1443","page","type-page","status-publish","hentry"],"yoast_head":"<!-- This site is optimized with the Yoast SEO plugin v26.5 - https:\/\/yoast.com\/wordpress\/plugins\/seo\/ -->\n<title>Ni\u00f1os de San Marino - Humanium<\/title>\n<meta name=\"description\" content=\"San Marino asigna importantes recursos para asegurar la adecuada protecci\u00f3n y la promoci\u00f3n de los derechos de los ni\u00f1os del pa\u00eds.\" \/>\n<meta name=\"robots\" content=\"index, follow, max-snippet:-1, max-image-preview:large, max-video-preview:-1\" \/>\n<link rel=\"canonical\" href=\"https:\/\/www.humanium.org\/es\/san-marino\/\" \/>\n<meta property=\"og:locale\" content=\"es_ES\" \/>\n<meta property=\"og:type\" content=\"article\" \/>\n<meta property=\"og:title\" content=\"Ni\u00f1os de San Marino - Humanium\" \/>\n<meta property=\"og:description\" content=\"San Marino asigna importantes recursos para asegurar la adecuada protecci\u00f3n y la promoci\u00f3n de los derechos de los ni\u00f1os del pa\u00eds.\" \/>\n<meta property=\"og:url\" content=\"https:\/\/www.humanium.org\/es\/san-marino\/\" \/>\n<meta property=\"og:site_name\" content=\"Humanium\" \/>\n<meta property=\"article:modified_time\" content=\"2025-12-05T18:00:29+00:00\" \/>\n<meta name=\"twitter:card\" content=\"summary_large_image\" \/>\n<meta name=\"twitter:label1\" content=\"Tiempo de lectura\" \/>\n\t<meta name=\"twitter:data1\" content=\"3 minutos\" \/>\n<script type=\"application\/ld+json\" class=\"yoast-schema-graph\">{\"@context\":\"https:\/\/schema.org\",\"@graph\":[{\"@type\":\"WebPage\",\"@id\":\"https:\/\/www.humanium.org\/es\/san-marino\/\",\"url\":\"https:\/\/www.humanium.org\/es\/san-marino\/\",\"name\":\"Ni\u00f1os de San Marino - Humanium\",\"isPartOf\":{\"@id\":\"https:\/\/www.humanium.org\/es\/#website\"},\"primaryImageOfPage\":{\"@id\":\"https:\/\/www.humanium.org\/es\/san-marino\/#primaryimage\"},\"image\":{\"@id\":\"https:\/\/www.humanium.org\/es\/san-marino\/#primaryimage\"},\"thumbnailUrl\":\"https:\/\/www.humanium.org\/fr\/wp-content\/uploads\/2013\/01\/fille-saintmarin-225x300.jpg\",\"datePublished\":\"2013-05-23T09:23:16+00:00\",\"dateModified\":\"2025-12-05T18:00:29+00:00\",\"description\":\"San Marino asigna importantes recursos para asegurar la adecuada protecci\u00f3n y la promoci\u00f3n de los derechos de los ni\u00f1os del pa\u00eds.\",\"breadcrumb\":{\"@id\":\"https:\/\/www.humanium.org\/es\/san-marino\/#breadcrumb\"},\"inLanguage\":\"es\",\"potentialAction\":[{\"@type\":\"ReadAction\",\"target\":[\"https:\/\/www.humanium.org\/es\/san-marino\/\"]}]},{\"@type\":\"ImageObject\",\"inLanguage\":\"es\",\"@id\":\"https:\/\/www.humanium.org\/es\/san-marino\/#primaryimage\",\"url\":\"https:\/\/www.humanium.org\/fr\/wp-content\/uploads\/2013\/01\/fille-saintmarin-225x300.jpg\",\"contentUrl\":\"https:\/\/www.humanium.org\/fr\/wp-content\/uploads\/2013\/01\/fille-saintmarin-225x300.jpg\"},{\"@type\":\"BreadcrumbList\",\"@id\":\"https:\/\/www.humanium.org\/es\/san-marino\/#breadcrumb\",\"itemListElement\":[{\"@type\":\"ListItem\",\"position\":1,\"name\":\"Home\",\"item\":\"https:\/\/www.humanium.org\/es\/\"},{\"@type\":\"ListItem\",\"position\":2,\"name\":\"Ni\u00f1os de San Marino\"}]},{\"@type\":\"WebSite\",\"@id\":\"https:\/\/www.humanium.org\/es\/#website\",\"url\":\"https:\/\/www.humanium.org\/es\/\",\"name\":\"Humanium\",\"description\":\"\u00a1Los ni\u00f1os primero!\",\"potentialAction\":[{\"@type\":\"SearchAction\",\"target\":{\"@type\":\"EntryPoint\",\"urlTemplate\":\"https:\/\/www.humanium.org\/es\/?s={search_term_string}\"},\"query-input\":{\"@type\":\"PropertyValueSpecification\",\"valueRequired\":true,\"valueName\":\"search_term_string\"}}],\"inLanguage\":\"es\"}]}<\/script>\n<!-- \/ Yoast SEO plugin. -->","yoast_head_json":{"title":"Ni\u00f1os de San Marino - Humanium","description":"San Marino asigna importantes recursos para asegurar la adecuada protecci\u00f3n y la promoci\u00f3n de los derechos de los ni\u00f1os del pa\u00eds.","robots":{"index":"index","follow":"follow","max-snippet":"max-snippet:-1","max-image-preview":"max-image-preview:large","max-video-preview":"max-video-preview:-1"},"canonical":"https:\/\/www.humanium.org\/es\/san-marino\/","og_locale":"es_ES","og_type":"article","og_title":"Ni\u00f1os de San Marino - Humanium","og_description":"San Marino asigna importantes recursos para asegurar la adecuada protecci\u00f3n y la promoci\u00f3n de los derechos de los ni\u00f1os del pa\u00eds.","og_url":"https:\/\/www.humanium.org\/es\/san-marino\/","og_site_name":"Humanium","article_modified_time":"2025-12-05T18:00:29+00:00","twitter_card":"summary_large_image","twitter_misc":{"Tiempo de lectura":"3 minutos"},"schema":{"@context":"https:\/\/schema.org","@graph":[{"@type":"WebPage","@id":"https:\/\/www.humanium.org\/es\/san-marino\/","url":"https:\/\/www.humanium.org\/es\/san-marino\/","name":"Ni\u00f1os de San Marino - Humanium","isPartOf":{"@id":"https:\/\/www.humanium.org\/es\/#website"},"primaryImageOfPage":{"@id":"https:\/\/www.humanium.org\/es\/san-marino\/#primaryimage"},"image":{"@id":"https:\/\/www.humanium.org\/es\/san-marino\/#primaryimage"},"thumbnailUrl":"https:\/\/www.humanium.org\/fr\/wp-content\/uploads\/2013\/01\/fille-saintmarin-225x300.jpg","datePublished":"2013-05-23T09:23:16+00:00","dateModified":"2025-12-05T18:00:29+00:00","description":"San Marino asigna importantes recursos para asegurar la adecuada protecci\u00f3n y la promoci\u00f3n de los derechos de los ni\u00f1os del pa\u00eds.","breadcrumb":{"@id":"https:\/\/www.humanium.org\/es\/san-marino\/#breadcrumb"},"inLanguage":"es","potentialAction":[{"@type":"ReadAction","target":["https:\/\/www.humanium.org\/es\/san-marino\/"]}]},{"@type":"ImageObject","inLanguage":"es","@id":"https:\/\/www.humanium.org\/es\/san-marino\/#primaryimage","url":"https:\/\/www.humanium.org\/fr\/wp-content\/uploads\/2013\/01\/fille-saintmarin-225x300.jpg","contentUrl":"https:\/\/www.humanium.org\/fr\/wp-content\/uploads\/2013\/01\/fille-saintmarin-225x300.jpg"},{"@type":"BreadcrumbList","@id":"https:\/\/www.humanium.org\/es\/san-marino\/#breadcrumb","itemListElement":[{"@type":"ListItem","position":1,"name":"Home","item":"https:\/\/www.humanium.org\/es\/"},{"@type":"ListItem","position":2,"name":"Ni\u00f1os de San Marino"}]},{"@type":"WebSite","@id":"https:\/\/www.humanium.org\/es\/#website","url":"https:\/\/www.humanium.org\/es\/","name":"Humanium","description":"\u00a1Los ni\u00f1os primero!","potentialAction":[{"@type":"SearchAction","target":{"@type":"EntryPoint","urlTemplate":"https:\/\/www.humanium.org\/es\/?s={search_term_string}"},"query-input":{"@type":"PropertyValueSpecification","valueRequired":true,"valueName":"search_term_string"}}],"inLanguage":"es"}]}},"_links":{"self":[{"href":"https:\/\/www.humanium.org\/es\/wp-json\/wp\/v2\/pages\/1443","targetHints":{"allow":["GET"]}}],"collection":[{"href":"https:\/\/www.humanium.org\/es\/wp-json\/wp\/v2\/pages"}],"about":[{"href":"https:\/\/www.humanium.org\/es\/wp-json\/wp\/v2\/types\/page"}],"author":[{"embeddable":true,"href":"https:\/\/www.humanium.org\/es\/wp-json\/wp\/v2\/users\/1"}],"replies":[{"embeddable":true,"href":"https:\/\/www.humanium.org\/es\/wp-json\/wp\/v2\/comments?post=1443"}],"version-history":[{"count":3,"href":"https:\/\/www.humanium.org\/es\/wp-json\/wp\/v2\/pages\/1443\/revisions"}],"predecessor-version":[{"id":20485,"href":"https:\/\/www.humanium.org\/es\/wp-json\/wp\/v2\/pages\/1443\/revisions\/20485"}],"wp:attachment":[{"href":"https:\/\/www.humanium.org\/es\/wp-json\/wp\/v2\/media?parent=1443"}],"curies":[{"name":"wp","href":"https:\/\/api.w.org\/{rel}","templated":true}]}}