{"id":1449,"date":"2013-05-23T09:46:30","date_gmt":"2013-05-23T09:46:30","guid":{"rendered":"http:\/\/www.humanium.org\/es\/?page_id=1449"},"modified":"2025-12-05T18:06:56","modified_gmt":"2025-12-05T18:06:56","slug":"emiratos-arabes-unidos","status":"publish","type":"page","link":"https:\/\/www.humanium.org\/es\/emiratos-arabes-unidos\/","title":{"rendered":"Ni\u00f1os de los Emiratos \u00c1rabes Unidos"},"content":{"rendered":"<h1>Ni\u00f1os de Emiratos \u00c1rabes Unidos<\/h1>\n<h2>Descubriendo los Derechos del Ni\u00f1o en Emiratos \u00c1rabes Unidos<\/h2>\n<p style=\"text-align: center;\"><img loading=\"lazy\" decoding=\"async\" class=\" wp-image-27256 alignnone\" title=\"Ni\u00f1a de Emiratos \u00c1rabes Unidos \u00a9 Julie Quetier (Flickr)\" src=\"https:\/\/www.humanium.org\/fr\/wp-content\/uploads\/2012\/11\/portrait-a-recadrer-julie-quetier-Flickr.jpg\" alt=\"\" width=\"153\" height=\"200\" \/> <img loading=\"lazy\" decoding=\"async\" class=\"alignnone wp-image-27262\" title=\"Ni\u00f1o de Emiratos \u00c1rabes Unidos \u00a9 Julie Quetier (Flickr)\" src=\"https:\/\/www.humanium.org\/fr\/wp-content\/uploads\/2012\/11\/portrait-garcon-julie-quetier-Flickr.gif\" alt=\"\" width=\"131\" height=\"200\" \/><\/p>\n<p>Fundados el 2 de diciembre de 1971, los Emiratos \u00c1rabes Unidos consisten hoy en d\u00eda en siete emiratos federados. Su primer presidente encamin\u00f3 al pa\u00eds hacia la modernizaci\u00f3n, invirtiendo los ingresos del petr\u00f3leo en la construcci\u00f3n de hospitales, escuelas y viviendas. Los Emiratos \u00c1rabes Unidos se encuentran entre los pa\u00edses m\u00e1s ricos del mundo; sin embargo, a pesar de todos los esfuerzos, la situaci\u00f3n de los derechos de los ni\u00f1os y de los no ciudadanos sigue siendo preocupante. El maltrato y el acceso a la educaci\u00f3n, especialmente para las ni\u00f1as, contin\u00faan siendo cuestiones delicadas.<\/p>\n<h3>Principales problemas que afectan a los ni\u00f1os en Emiratos \u00c1rabes Unidos:<\/h3>\n<p><strong>Discriminaci\u00f3n hacia los no ciudadanos<br \/>\n<\/strong><br \/>\nEn los Emiratos \u00c1rabes Unidos, solo unas 825 500 personas de una poblaci\u00f3n total de m\u00e1s de 5,3 millones de residentes tienen nacionalidad emirat\u00ed. En varios informes, las Naciones Unidas han expresado su preocupaci\u00f3n por el hecho de que los no ciudadanos en los EAU tienen acceso limitado a los derechos fundamentales, especialmente con respecto al acceso a la atenci\u00f3n sanitaria y la educaci\u00f3n.<\/p>\n<p><strong>Los ap\u00e1tridas y el derecho a la ciudadan\u00eda<br \/>\n<\/strong><br \/>\n<img loading=\"lazy\" decoding=\"async\" class=\"alignright size-full wp-image-25011\" title=\"\u00a9 Efatima (Flickr)\" src=\"https:\/\/www.humanium.org\/fr\/wp-content\/uploads\/2012\/11\/droit-a-la-nationalite-efatima-flickr.gif\" alt=\"\" width=\"240\" height=\"159\" \/>Las condiciones de acceso a la ciudadan\u00eda en los EAU son muy estrictas. Prevalece la paternidad, y solo los ni\u00f1os de padres emirat\u00edes pueden obtener la nacionalidad por nacimiento. Las mujeres emirat\u00edes casadas con extranjeros no tienen derecho a transmitir su nacionalidad. Cuando a estos ni\u00f1os se les impide obtener la nacionalidad de sus padres, se convierten en ap\u00e1tridas y son vulnerables a numerosas violaciones de sus derechos.<\/p>\n<p>No obstante, desde el 19 de febrero de 2012, la situaci\u00f3n ha mejorado y estos ni\u00f1os pueden solicitar la ciudadan\u00eda cuando cumplen dieciocho a\u00f1os. Aunque esta medida suele reducir las desigualdades entre hombres y mujeres, la situaci\u00f3n dista mucho de ser ideal, ya que muchos menores contin\u00faan desprotegidos en la infancia.<\/p>\n<p><strong>El derecho a la educaci\u00f3n<br \/>\n<\/strong><br \/>\n<img loading=\"lazy\" decoding=\"async\" class=\"alignright\" title=\"Ni\u00f1as yendo al colegio \u00a9 lola cha (Flickr)\" src=\"https:\/\/www.humanium.org\/fr\/wp-content\/uploads\/2012\/11\/jeunes-filles-allant-a-l-ecole-lola-cha-flickr.gif\" alt=\"\" width=\"300\" height=\"224\" \/>Seg\u00fan la informaci\u00f3n de UNICEF, la totalidad de la poblaci\u00f3n de los EAU est\u00e1 alfabetizada, y la tasa de escolarizaci\u00f3n es alta tanto para ni\u00f1os como para ni\u00f1as. Sin embargo, la ONU ha criticado el hecho de que las ni\u00f1as no pueden acceder a determinados tipos de educaci\u00f3n.<\/p>\n<p>Adem\u00e1s, los ni\u00f1os de trabajadores extranjeros provienen, en su mayor\u00eda, de pa\u00edses no \u00e1rabes (India, Bangladesh, etc.). Teniendo en cuenta los problemas de la integraci\u00f3n de estos ni\u00f1os en el sistema educativo, el gobierno emirat\u00ed ha permitido la creaci\u00f3n de escuelas \u201ccomunitarias\u201d con diferentes programas de estudios, ense\u00f1ados en sus propios idiomas.<\/p>\n<p>Estas escuelas privadas pueden ayudar a los ni\u00f1os extranjeros a reintegrarse r\u00e1pidamente cuando vuelvan a sus pa\u00edses de origen. -Lamentablemente, esta pol\u00edtica educativa no permite, -, la integraci\u00f3n de estos ni\u00f1os extranjeros en la sociedad emirat\u00ed, lo que refleja el car\u00e1cter temporal de la inmigraci\u00f3n en los EAU, donde los no ciudadanos son tratados como una clase aparte en la sociedad emirat\u00ed.<\/p>\n<p><strong>Tr\u00e1ficos de menores y trabajos forzados<br \/>\n<\/strong><br \/>\nLos ni\u00f1os de Asia y tambi\u00e9n los de Sud\u00e1n y Mauritania suelen ser v\u00edctimas de secuestros o son vendidos por sus familias a la edad de &#8211; 4 \u00f3 5 a\u00f1os para convertirse en jinetes de camellos, un deporte muy popular en el Golfo P\u00e9rsico. Obligados a trabajar muchas horas en condiciones duras, algunos ni\u00f1os son privados de alimentos y descanso para ralentizar su crecimiento e impedir el aumento de peso. Estos actos de tortura tienen consecuencias irreversibles en la salud de los ni\u00f1os, y en ocasiones podr\u00edan provocarles la muerte antes de los 11 a\u00f1os.<\/p>\n<p>En 2005, los Emiratos \u00c1rabes Unidos indemnizaron, ayudaron y repatriaron a los ni\u00f1os v\u00edctimas del tr\u00e1fico con el apoyo de UNICEF. Esta postura es bien recibida y deber\u00eda generalizarse. Sin embargo, las graves consecuencias de estas pr\u00e1cticas persisten en los ni\u00f1os que han sido v\u00edctimas, y que no siempre reciben la atenci\u00f3n adecuada en sus pa\u00edses de origen.<\/p>\n<p><strong>Maltrato infantil y justicia de menores<br \/>\n<\/strong><br \/>\nEn los Emiratos \u00c1rabes Unidos, el castigo f\u00edsico est\u00e1 prohibido en las escuelas pero est\u00e1 permitido en la familia y puede imponerse como castigo.<\/p>\n<p>Seg\u00fan la ley de delincuencia juvenil de los EAU, un chico de m\u00e1s de 16 a\u00f1os puede recibir azotes por asesinato, atraco y agresi\u00f3n, as\u00ed como por delitos relacionados con el alcohol, robos o relaciones sexuales il\u00edcitas fuera del matrimonio. La sharia tambi\u00e9n permite el castigo f\u00edsico para los ni\u00f1os, ya que la edad de responsabilidad penal est\u00e1 establecida en 7 a\u00f1os, que est\u00e1 por debajo de las recomendaciones del Comit\u00e9 de los Derechos del Ni\u00f1o.<\/p>\n<p>Por \u00faltimo, y lo que es muy preocupante, los Emiratos \u00c1rabes Unidos siguen aplicando la pena de muerte. En 2011, 31 personas fueron sentenciadas a muerte y una fue ejecutada. En 2010, la Amnist\u00eda Internacional ha observado que cuatro personas han sido sentenciadas a muerte, incluyendo a tres que eran menores en -el momento en que se cometi\u00f3 la ofensa, lo que est\u00e1 prohibido por la Convenci\u00f3n de los Derechos del Ni\u00f1o, de los que forma parte este pa\u00eds.<\/p>\n<p><strong>Matrimonio infantil<br \/>\n<\/strong><br \/>\nSeg\u00fan las estad\u00edsticas oficiales, la edad legal para contraer matrimonio en los EAU es de 18 a\u00f1os, y la edad media en las mujeres es de 24. Sin embargo, a pesar de la falta de datos actuales y precisos, existe la preocupaci\u00f3n de que el matrimonio infantil siga siendo una pr\u00e1ctica frecuente en los EAU. En 2001, UNICEF estim\u00f3, en su informe sobre los matrimonios precoces, que el 55% de las mujeres de menos de 20 a\u00f1os ya estaban casadas.<\/p>\n<p><strong>Medio ambiente<br \/>\n<\/strong><br \/>\nEn un pa\u00eds donde el petr\u00f3leo es pr\u00e1cticamente gratis, el consumo de gasolina con plomo es muy elevado, y esto tiene consecuencias para la salud de los ni\u00f1os: debido al envenenamiento por plomo y contaminaci\u00f3n del aire. El estado ha reconocido este problema y ha invertido en los \u00faltimos a\u00f1os grandes sumas en energ\u00edas renovables m\u00e1s limpias, como la energ\u00eda solar.<\/p>\n<p><strong>Seguridad vial<br \/>\n<\/strong><br \/>\n<img decoding=\"async\" class=\"alignright\" title=\"\u00a9 efatima (flickr)\" src=\"https:\/\/www.humanium.org\/fr\/wp-content\/uploads\/2012\/11\/nombreux-accidents-efatima.gif\" alt=\"\" width=\"250\" \/>Los EAU tienen una de las tasas de mortalidad m\u00e1s altas del mundo por accidentes de circulaci\u00f3n. Tambi\u00e9n es una de las principales causas de muerte entre personas de 15 a 44 a\u00f1os, con casi 40 muertes por cada 100 000 habitantes. Asimismo, cientos de miles de personas resultan gravemente heridas en accidentes de tr\u00e1fico.<\/p>\n","protected":false},"excerpt":{"rendered":"<p>Ni\u00f1os de Emiratos \u00c1rabes Unidos Descubriendo los Derechos del Ni\u00f1o en Emiratos \u00c1rabes Unidos Fundados el 2 de diciembre de 1971, los Emiratos \u00c1rabes Unidos consisten hoy en d\u00eda en siete emiratos federados. Su primer presidente encamin\u00f3 al pa\u00eds hacia la modernizaci\u00f3n, invirtiendo los ingresos del petr\u00f3leo en la construcci\u00f3n de hospitales, escuelas y viviendas. [&hellip;]<\/p>\n","protected":false},"author":1,"featured_media":0,"parent":0,"menu_order":0,"comment_status":"closed","ping_status":"open","template":"","meta":{"footnotes":""},"class_list":["post-1449","page","type-page","status-publish","hentry"],"yoast_head":"<!-- This site is optimized with the Yoast SEO plugin v26.5 - https:\/\/yoast.com\/wordpress\/plugins\/seo\/ -->\n<title>Ni\u00f1os de los Emiratos \u00c1rabes Unidos - Humanium<\/title>\n<meta name=\"description\" content=\"En los Emiratos \u00c1rabes Unidos, a pesar de los esfuerzos realizados, la situaci\u00f3n de los derechos de los ni\u00f1os sigue siendo preocupante.\" \/>\n<meta name=\"robots\" content=\"index, follow, max-snippet:-1, max-image-preview:large, max-video-preview:-1\" \/>\n<link rel=\"canonical\" href=\"https:\/\/www.humanium.org\/es\/emiratos-arabes-unidos\/\" \/>\n<meta property=\"og:locale\" content=\"es_ES\" \/>\n<meta property=\"og:type\" content=\"article\" \/>\n<meta property=\"og:title\" content=\"Ni\u00f1os de los Emiratos \u00c1rabes Unidos - Humanium\" \/>\n<meta property=\"og:description\" content=\"En los Emiratos \u00c1rabes Unidos, a pesar de los esfuerzos realizados, la situaci\u00f3n de los derechos de los ni\u00f1os sigue siendo preocupante.\" \/>\n<meta property=\"og:url\" content=\"https:\/\/www.humanium.org\/es\/emiratos-arabes-unidos\/\" \/>\n<meta property=\"og:site_name\" content=\"Humanium\" \/>\n<meta property=\"article:modified_time\" content=\"2025-12-05T18:06:56+00:00\" \/>\n<meta name=\"twitter:card\" content=\"summary_large_image\" \/>\n<meta name=\"twitter:label1\" content=\"Tiempo de lectura\" \/>\n\t<meta name=\"twitter:data1\" content=\"6 minutos\" \/>\n<script type=\"application\/ld+json\" class=\"yoast-schema-graph\">{\"@context\":\"https:\/\/schema.org\",\"@graph\":[{\"@type\":\"WebPage\",\"@id\":\"https:\/\/www.humanium.org\/es\/emiratos-arabes-unidos\/\",\"url\":\"https:\/\/www.humanium.org\/es\/emiratos-arabes-unidos\/\",\"name\":\"Ni\u00f1os de los Emiratos \u00c1rabes Unidos - Humanium\",\"isPartOf\":{\"@id\":\"https:\/\/www.humanium.org\/es\/#website\"},\"primaryImageOfPage\":{\"@id\":\"https:\/\/www.humanium.org\/es\/emiratos-arabes-unidos\/#primaryimage\"},\"image\":{\"@id\":\"https:\/\/www.humanium.org\/es\/emiratos-arabes-unidos\/#primaryimage\"},\"thumbnailUrl\":\"https:\/\/www.humanium.org\/fr\/wp-content\/uploads\/2012\/11\/portrait-a-recadrer-julie-quetier-Flickr.jpg\",\"datePublished\":\"2013-05-23T09:46:30+00:00\",\"dateModified\":\"2025-12-05T18:06:56+00:00\",\"description\":\"En los Emiratos \u00c1rabes Unidos, a pesar de los esfuerzos realizados, la situaci\u00f3n de los derechos de los ni\u00f1os sigue siendo preocupante.\",\"breadcrumb\":{\"@id\":\"https:\/\/www.humanium.org\/es\/emiratos-arabes-unidos\/#breadcrumb\"},\"inLanguage\":\"es\",\"potentialAction\":[{\"@type\":\"ReadAction\",\"target\":[\"https:\/\/www.humanium.org\/es\/emiratos-arabes-unidos\/\"]}]},{\"@type\":\"ImageObject\",\"inLanguage\":\"es\",\"@id\":\"https:\/\/www.humanium.org\/es\/emiratos-arabes-unidos\/#primaryimage\",\"url\":\"https:\/\/www.humanium.org\/fr\/wp-content\/uploads\/2012\/11\/portrait-a-recadrer-julie-quetier-Flickr.jpg\",\"contentUrl\":\"https:\/\/www.humanium.org\/fr\/wp-content\/uploads\/2012\/11\/portrait-a-recadrer-julie-quetier-Flickr.jpg\"},{\"@type\":\"BreadcrumbList\",\"@id\":\"https:\/\/www.humanium.org\/es\/emiratos-arabes-unidos\/#breadcrumb\",\"itemListElement\":[{\"@type\":\"ListItem\",\"position\":1,\"name\":\"Home\",\"item\":\"https:\/\/www.humanium.org\/es\/\"},{\"@type\":\"ListItem\",\"position\":2,\"name\":\"Ni\u00f1os de los Emiratos \u00c1rabes Unidos\"}]},{\"@type\":\"WebSite\",\"@id\":\"https:\/\/www.humanium.org\/es\/#website\",\"url\":\"https:\/\/www.humanium.org\/es\/\",\"name\":\"Humanium\",\"description\":\"\u00a1Los ni\u00f1os primero!\",\"potentialAction\":[{\"@type\":\"SearchAction\",\"target\":{\"@type\":\"EntryPoint\",\"urlTemplate\":\"https:\/\/www.humanium.org\/es\/?s={search_term_string}\"},\"query-input\":{\"@type\":\"PropertyValueSpecification\",\"valueRequired\":true,\"valueName\":\"search_term_string\"}}],\"inLanguage\":\"es\"}]}<\/script>\n<!-- \/ Yoast SEO plugin. -->","yoast_head_json":{"title":"Ni\u00f1os de los Emiratos \u00c1rabes Unidos - Humanium","description":"En los Emiratos \u00c1rabes Unidos, a pesar de los esfuerzos realizados, la situaci\u00f3n de los derechos de los ni\u00f1os sigue siendo preocupante.","robots":{"index":"index","follow":"follow","max-snippet":"max-snippet:-1","max-image-preview":"max-image-preview:large","max-video-preview":"max-video-preview:-1"},"canonical":"https:\/\/www.humanium.org\/es\/emiratos-arabes-unidos\/","og_locale":"es_ES","og_type":"article","og_title":"Ni\u00f1os de los Emiratos \u00c1rabes Unidos - Humanium","og_description":"En los Emiratos \u00c1rabes Unidos, a pesar de los esfuerzos realizados, la situaci\u00f3n de los derechos de los ni\u00f1os sigue siendo preocupante.","og_url":"https:\/\/www.humanium.org\/es\/emiratos-arabes-unidos\/","og_site_name":"Humanium","article_modified_time":"2025-12-05T18:06:56+00:00","twitter_card":"summary_large_image","twitter_misc":{"Tiempo de lectura":"6 minutos"},"schema":{"@context":"https:\/\/schema.org","@graph":[{"@type":"WebPage","@id":"https:\/\/www.humanium.org\/es\/emiratos-arabes-unidos\/","url":"https:\/\/www.humanium.org\/es\/emiratos-arabes-unidos\/","name":"Ni\u00f1os de los Emiratos \u00c1rabes Unidos - Humanium","isPartOf":{"@id":"https:\/\/www.humanium.org\/es\/#website"},"primaryImageOfPage":{"@id":"https:\/\/www.humanium.org\/es\/emiratos-arabes-unidos\/#primaryimage"},"image":{"@id":"https:\/\/www.humanium.org\/es\/emiratos-arabes-unidos\/#primaryimage"},"thumbnailUrl":"https:\/\/www.humanium.org\/fr\/wp-content\/uploads\/2012\/11\/portrait-a-recadrer-julie-quetier-Flickr.jpg","datePublished":"2013-05-23T09:46:30+00:00","dateModified":"2025-12-05T18:06:56+00:00","description":"En los Emiratos \u00c1rabes Unidos, a pesar de los esfuerzos realizados, la situaci\u00f3n de los derechos de los ni\u00f1os sigue siendo preocupante.","breadcrumb":{"@id":"https:\/\/www.humanium.org\/es\/emiratos-arabes-unidos\/#breadcrumb"},"inLanguage":"es","potentialAction":[{"@type":"ReadAction","target":["https:\/\/www.humanium.org\/es\/emiratos-arabes-unidos\/"]}]},{"@type":"ImageObject","inLanguage":"es","@id":"https:\/\/www.humanium.org\/es\/emiratos-arabes-unidos\/#primaryimage","url":"https:\/\/www.humanium.org\/fr\/wp-content\/uploads\/2012\/11\/portrait-a-recadrer-julie-quetier-Flickr.jpg","contentUrl":"https:\/\/www.humanium.org\/fr\/wp-content\/uploads\/2012\/11\/portrait-a-recadrer-julie-quetier-Flickr.jpg"},{"@type":"BreadcrumbList","@id":"https:\/\/www.humanium.org\/es\/emiratos-arabes-unidos\/#breadcrumb","itemListElement":[{"@type":"ListItem","position":1,"name":"Home","item":"https:\/\/www.humanium.org\/es\/"},{"@type":"ListItem","position":2,"name":"Ni\u00f1os de los Emiratos \u00c1rabes Unidos"}]},{"@type":"WebSite","@id":"https:\/\/www.humanium.org\/es\/#website","url":"https:\/\/www.humanium.org\/es\/","name":"Humanium","description":"\u00a1Los ni\u00f1os primero!","potentialAction":[{"@type":"SearchAction","target":{"@type":"EntryPoint","urlTemplate":"https:\/\/www.humanium.org\/es\/?s={search_term_string}"},"query-input":{"@type":"PropertyValueSpecification","valueRequired":true,"valueName":"search_term_string"}}],"inLanguage":"es"}]}},"_links":{"self":[{"href":"https:\/\/www.humanium.org\/es\/wp-json\/wp\/v2\/pages\/1449","targetHints":{"allow":["GET"]}}],"collection":[{"href":"https:\/\/www.humanium.org\/es\/wp-json\/wp\/v2\/pages"}],"about":[{"href":"https:\/\/www.humanium.org\/es\/wp-json\/wp\/v2\/types\/page"}],"author":[{"embeddable":true,"href":"https:\/\/www.humanium.org\/es\/wp-json\/wp\/v2\/users\/1"}],"replies":[{"embeddable":true,"href":"https:\/\/www.humanium.org\/es\/wp-json\/wp\/v2\/comments?post=1449"}],"version-history":[{"count":3,"href":"https:\/\/www.humanium.org\/es\/wp-json\/wp\/v2\/pages\/1449\/revisions"}],"predecessor-version":[{"id":20522,"href":"https:\/\/www.humanium.org\/es\/wp-json\/wp\/v2\/pages\/1449\/revisions\/20522"}],"wp:attachment":[{"href":"https:\/\/www.humanium.org\/es\/wp-json\/wp\/v2\/media?parent=1449"}],"curies":[{"name":"wp","href":"https:\/\/api.w.org\/{rel}","templated":true}]}}