{"id":1455,"date":"2013-05-23T11:02:15","date_gmt":"2013-05-23T11:02:15","guid":{"rendered":"http:\/\/www.humanium.org\/es\/?page_id=1455"},"modified":"2025-12-05T17:44:02","modified_gmt":"2025-12-05T17:44:02","slug":"islas-salomon","status":"publish","type":"page","link":"https:\/\/www.humanium.org\/es\/islas-salomon\/","title":{"rendered":"Ni\u00f1os de las Islas Salom\u00f3n"},"content":{"rendered":"<h1>Ni\u00f1os de las Islas Salom\u00f3n<\/h1>\n<h2>Descubriendo los Derechos del Ni\u00f1o en las Islas Salom\u00f3n<\/h2>\n<p style=\"text-align: center;\"><img loading=\"lazy\" decoding=\"async\" class=\" wp-image-27256 alignnone\" title=\"Ni\u00f1a de las Islas Salom\u00f3n \u00a9 Girl Australian Civil Military Centre (flickr)\" src=\"https:\/\/www.humanium.org\/fr\/wp-content\/uploads\/2013\/01\/Fillette-salomon-300x195.jpg\" alt=\"\" width=\"207\" height=\"200\" \/> <img loading=\"lazy\" decoding=\"async\" class=\"alignnone wp-image-27262\" title=\"Ni\u00f1o de las Islas Salom\u00f3n \u00a9 Tom Gruber (flickr)\" src=\"https:\/\/www.humanium.org\/fr\/wp-content\/uploads\/2013\/01\/garcon-salomon-300x200.jpg\" alt=\"\" width=\"185\" height=\"200\" \/><\/p>\n<p>Las Islas Salom\u00f3n se enfrentan en la actualidad a numerosas dificultades que obstaculizan su desarrollo. Tras la guerra civil de esta \u00faltima d\u00e9cada, el pa\u00eds ha sufrido serios problemas econ\u00f3micos, incluyendo la pobreza y el desempleo, aunque parece que el pa\u00eds empieza a crecer.<\/p>\n<p>Adem\u00e1s la vulnerabilidad de este archipi\u00e9lago a los desastres naturales pone en peligro a su poblaci\u00f3n. En este contexto, la situaci\u00f3n de los ni\u00f1os est\u00e1 muy lejos de ser la ideal, y las Islas Salom\u00f3n est\u00e1n revisando las leyes para reconocer los derechos fundamentales de los ni\u00f1os.<\/p>\n<h3>Principales problemas que afectan a los ni\u00f1os en las Islas Salom\u00f3n:<\/h3>\n<p><strong>Pobreza<br \/>\n<\/strong><br \/>\n<img loading=\"lazy\" decoding=\"async\" class=\"alignright size-medium wp-image-27559\" title=\"Ni\u00f1os de las Islas Salom\u00f3n \u00a9 Luigig (flickr)\" src=\"https:\/\/www.humanium.org\/fr\/wp-content\/uploads\/2013\/01\/enfants-salomon-300x230.jpg\" alt=\"\" width=\"300\" height=\"230\" \/>Las Islas Salom\u00f3n es el pa\u00eds m\u00e1s pobre de la regi\u00f3n del Pac\u00edfico y los \u00edndices de desarrollo humano son muy bajos. La principal actividad econ\u00f3mica est\u00e1 basada en la agricultura de subsistencia, la pesca, y la explotaci\u00f3n forestal.<\/p>\n<p>Tan s\u00f3lo un n\u00famero limitado de familias tiene derecho a un seguro de salud y otros beneficios de seguridad social.<\/p>\n<p>Del mismo modo, s\u00f3lo una escasa proporci\u00f3n de la poblaci\u00f3n tiene acceso a la electricidad, instalaciones sanitarias y agua en sus hogares.<\/p>\n<p>Existe un alto nivel de pobreza y un gran n\u00famero de ni\u00f1os sufre sus consecuencias.<\/p>\n<p><strong>Educaci\u00f3n<br \/>\n<\/strong><br \/>\nEl hecho de que la educaci\u00f3n no sea obligatoria en las Islas Salom\u00f3n supone un problema. Nunca ha existido una edad fija para la admisi\u00f3n y finalizaci\u00f3n de la educaci\u00f3n primaria.<\/p>\n<p>Esto explica que al menos entre el 20 y el 25% de los ni\u00f1os en edad escolar no haya recibido ninguna educaci\u00f3n y que alrededor del 30% abandone el colegio antes de finalizar la educaci\u00f3n primaria. Debido a la elevada tasa de abandono en la educaci\u00f3n primaria y a la ausencia de una edad m\u00ednima para trabajar, los ni\u00f1os se encuentran en situaciones intolerables de explotaci\u00f3n laboral.<\/p>\n<p><img loading=\"lazy\" decoding=\"async\" class=\"alignright size-medium wp-image-27560\" title=\"Dos ni\u00f1as peque\u00f1as \u00a9 Webwontok (flickr)\" src=\"https:\/\/www.humanium.org\/fr\/wp-content\/uploads\/2013\/01\/filles-salomon-300x199.jpg\" alt=\"\" width=\"300\" height=\"199\" \/>En las Islas Salom\u00f3n, el n\u00famero de ni\u00f1as que cursa la educaci\u00f3n primaria es inferior al de los ni\u00f1os. En la educaci\u00f3n secundaria, las ni\u00f1as apenas tienen representaci\u00f3n.<\/p>\n<p>La calidad de la ense\u00f1anza es tambi\u00e9n objeto de cr\u00edticas porque hay pocos profesores cualificados y porque existen diferencias importantes entre las diferentes islas en cuanto a la calidad de la educaci\u00f3n y al n\u00famero de ni\u00f1os escolarizados.<\/p>\n<p><strong>Salud<br \/>\n<\/strong><br \/>\nEn 2010, la tasa de mortalidad entre los ni\u00f1os menores de 5 a\u00f1os era del 36%o * Esta cifra es muy elevada, a pesar de que se han realizado progresos desde 1990, cuando la tasa de mortalidad infantil entre los ni\u00f1os menores de 5 a\u00f1os era del 45%o<\/p>\n<p><img loading=\"lazy\" decoding=\"async\" class=\"alignright size-medium wp-image-27561\" title=\"Ni\u00f1o sonriendo \u00a9 Boy Friar s Balsam (flickr)\" src=\"https:\/\/www.humanium.org\/fr\/wp-content\/uploads\/2013\/01\/garcon-souriant-salomon-300x225.jpg\" alt=\"\" width=\"300\" height=\"225\" \/><br \/>\nLa desnutrici\u00f3n es tambi\u00e9n un problema recurrente; aproximadamente el 12% de los ni\u00f1os menores de 5 a\u00f1os tiene un peso inferior al normal.<\/p>\n<p>Debido a la falta de recursos financieros, varios hospitales han cerrado y la protecci\u00f3n y acceso a la asistencia sanitaria no est\u00e1n totalmente garantizados para los ni\u00f1os.<\/p>\n<p>Mientras tanto, los adolescentes son extremadamente vulnerables a las enfermedades de transmisi\u00f3n sexual y las ni\u00f1as no tienen protecci\u00f3n ante el riesgo de quedarse embarazadas.<\/p>\n<p>No existe ninguna pol\u00edtica o estrategia para afrontar los problemas de salud, incluyendo la salud mental de los adolescentes.<\/p>\n<p>Por otro lado, el abuso del tabaco, del alcohol y de otras sustancias da\u00f1inas, est\u00e1 muy extendido entre la poblaci\u00f3n joven.<\/p>\n<p><strong>Justicia<br \/>\n<\/strong><br \/>\nLa edad m\u00ednima de responsabilidad penal es actualmente de 8 a\u00f1os.<\/p>\n<p>El Comit\u00e9 de los Derechos del Ni\u00f1o considera que esta edad es demasiado baja y recomienda a las Islas Salom\u00f3n que la edad m\u00ednima de responsabilidad penal concuerde con los est\u00e1ndares internacionalmente aceptados. De este modo, todos los ni\u00f1os que no hayan cumplido los 18 a\u00f1os podr\u00edan beneficiarse de la justicia para menores.<\/p>\n<p>De hecho, no existen todav\u00eda centros de detenci\u00f3n separados para los menores delincuentes, quienes pueden por lo tanto ser encarcelados con los adultos. Adem\u00e1s, la polic\u00eda suele enviar a ni\u00f1os y adolescentes, en forma de arresto preventivo antes del juicio, a la C\u00e1rcel Central de Rove, donde encierran a los prisioneros.<\/p>\n<p><strong>Trabajo infantil<br \/>\n<\/strong><br \/>\nLa edad m\u00ednima para trabajar, fijada en los 12 a\u00f1os, es demasiado baja.<\/p>\n<p>Muchos ni\u00f1os menores de 15 a\u00f1os trabajan, a menudo en malas condiciones y durante muchas horas. Esta es una pr\u00e1ctica muy extendida y todos esos ni\u00f1os no asisten al colegio.<\/p>\n<p>Resulta dif\u00edcil luchar contra la extrema pobreza que provoca que muchos padres y familias hagan que sus hijos trabajen, como evidencia el gran n\u00famero de ni\u00f1as que trabajan como criadas en el hogar, a veces en el de la familia extendida.<\/p>\n<p>De acuerdo con la OIT, el trabajo infantil afecta al 24% de los ni\u00f1os de entre 10 y 14 a\u00f1os.<\/p>\n<p>El trabajo infantil, especialmente el que se desarrolla en las peores condiciones, representa un serio problema en las Islas Salom\u00f3n.<\/p>\n<p><strong>La explotaci\u00f3n sexual y la trata de ni\u00f1os<br \/>\n<\/strong><br \/>\nLos ni\u00f1os de ambos sexos est\u00e1n expuestos a la prostituci\u00f3n debido a las dificultades econ\u00f3micas.<\/p>\n<p>La polic\u00eda no recibe ning\u00fan tipo de orientaci\u00f3n respecto al papel que deber\u00eda desempe\u00f1ar en este asunto, y no existe ninguna instituci\u00f3n que trabaje para la rehabilitaci\u00f3n de los ni\u00f1os que han sido v\u00edctimas de estos abusos.<\/p>\n<p>Existen muy pocos datos acerca del n\u00famero de ni\u00f1os explotados.<\/p>\n<p><strong>Discriminaci\u00f3n<br \/>\n<\/strong><br \/>\nLas mujeres y las ni\u00f1as siguen siendo con frecuencia v\u00edctimas de la discriminaci\u00f3n. En particular, las ni\u00f1as apenas tienen representaci\u00f3n en el colegio, y las mujeres son consideradas inferiores a los hombres. Con el fin de no darles demasiada responsabilidad, pocas mujeres trabajan.<\/p>\n<p><img decoding=\"async\" class=\"alignright wp-image-27562\" title=\"Ni\u00f1o \u00a9United nations photo (flickr)\" src=\"https:\/\/www.humanium.org\/fr\/wp-content\/uploads\/2013\/01\/garcon-jouant-206x300.jpg\" alt=\"\" height=\"180\" \/>Adem\u00e1s, no se aplica suficientemente el principio de no discriminaci\u00f3n a los ni\u00f1os de minor\u00edas \u00e9tnicas y familias con desventajas econ\u00f3micas, as\u00ed como a aquellos que viven en islas remotas, los que han nacido fuera del matrimonio o los que tienen alguna discapacidad, especialmente en lo que se refiere al acceso a instalaciones m\u00e9dicas y colegios adecuados.<\/p>\n<p><strong>Maltrato y abuso infantil<br \/>\n<\/strong><br \/>\nEl castigo f\u00edsico se practica de forma generalizada entre la familia, colegios, y otras instituciones tales como las c\u00e1rceles y los centros de acogimiento.<\/p>\n<p>Las leyes del pa\u00eds permiten estas pr\u00e1cticas, cuya abolici\u00f3n solicit\u00f3 el Comit\u00e9 de los Derechos del Ni\u00f1o.<\/p>\n<p>Todav\u00eda no es obligatorio denunciar los casos de abuso, y no existen procedimientos para presentar una denuncia, para hospedar a un ni\u00f1o que haya sido v\u00edctima de abuso, o para proporcionar los servicios que estos ni\u00f1os necesitan.<\/p>\n<p>Tambi\u00e9n preocupa el n\u00famero de denuncias por violencia dom\u00e9stica. Muchas mujeres son v\u00edctimas de violencia f\u00edsica o sexual por parte de su familia inmediata o extendida, y sus autores no reciben ning\u00fan castigo. Estos actos de violencia contra la madre u otro miembro de la familia tienen lugar frecuentemente en presencia de los ni\u00f1os.<\/p>\n<p>UNICEF denunci\u00f3 que el 37% de las mujeres declararon haber sido v\u00edctimas de abuso cuando eran menores de 15 a\u00f1os.<\/p>\n<p>En pocas ocasiones los culpables de abuso f\u00edsico y sexual son realmente detenidos por la polic\u00eda y presentados ante la justicia.<\/p>\n<p><strong>Los ni\u00f1os de las calles<br \/>\n<\/strong><br \/>\nLos ni\u00f1os est\u00e1n obligados a vivir en las calles, donde est\u00e1n especialmente expuestos al abuso sexual y a la violencia, incluso por parte de la polic\u00eda. Tambi\u00e9n son las primeras v\u00edctimas de la explotaci\u00f3n y sufren el abuso de estupefacientes, las enfermedades de transmisi\u00f3n sexual, y la desnutrici\u00f3n.<\/p>\n<p><strong>Pr\u00e1cticas culturales<br \/>\n<\/strong><br \/>\nExisten algunos pa\u00edses cuyas pr\u00e1cticas culturales son contrarias a los intereses de los ni\u00f1os, y este es especialmente el caso de las Islas Salom\u00f3n. La edad para contraer matrimonio es demasiado baja, ya que es posible casarse a la edad de 15 a\u00f1os. Adem\u00e1s, puesto que no es necesario entregar certificado de nacimiento ni cualquier otro documento oficial a la hora de casarse, la boda puede celebrarse por la simple determinaci\u00f3n de la edad del solicitante bas\u00e1ndose en su aspecto f\u00edsico.<\/p>\n<p>En los casos de matrimonio de menores, se prefiere el consentimiento del padre, lo que refuerza la idea ya presente en estas islas de que el padre es el cabeza de familia y la madre no tiene derecho de opini\u00f3n.<\/p>\n<p><img decoding=\"async\" class=\"alignright wp-image-27563\" title=\"Tres ni\u00f1os en las Islas Salom\u00f3n \u00a9 Mpeacey (flickr)\" src=\"https:\/\/www.humanium.org\/fr\/wp-content\/uploads\/2013\/01\/trois-enfants-salomon-216x300.jpg\" alt=\"\" height=\"250\" \/>En las Islas Salom\u00f3n, el 3% de los ni\u00f1os contrae matrimonio a los 15 a\u00f1os, y el 22%, a los 18.<\/p>\n<p>La violencia de los maridos contra sus mujeres parece estar aceptada entre la sociedad del pa\u00eds y constituye otro problema. En una encuesta realizada a adolescentes de entre 15 y 19 a\u00f1os, m\u00e1s del 70% opinaba que est\u00e1 justificado que el marido pegue a su mujer en determinadas circunstancias.<\/p>\n","protected":false},"excerpt":{"rendered":"<p>Ni\u00f1os de las Islas Salom\u00f3n Descubriendo los Derechos del Ni\u00f1o en las Islas Salom\u00f3n Las Islas Salom\u00f3n se enfrentan en la actualidad a numerosas dificultades que obstaculizan su desarrollo. Tras la guerra civil de esta \u00faltima d\u00e9cada, el pa\u00eds ha sufrido serios problemas econ\u00f3micos, incluyendo la pobreza y el desempleo, aunque parece que el pa\u00eds [&hellip;]<\/p>\n","protected":false},"author":1,"featured_media":0,"parent":0,"menu_order":0,"comment_status":"closed","ping_status":"open","template":"","meta":{"footnotes":""},"class_list":["post-1455","page","type-page","status-publish","hentry"],"yoast_head":"<!-- This site is optimized with the Yoast SEO plugin v26.5 - https:\/\/yoast.com\/wordpress\/plugins\/seo\/ -->\n<title>Ni\u00f1os de las Islas Salom\u00f3n - Humanium<\/title>\n<meta name=\"description\" content=\"En las Islas Salom\u00f3n, la situaci\u00f3n de los ni\u00f1os no es ideal. Deben revisarse las leyes para que se reconozcan los derechos fundamentales de los ni\u00f1os.\" \/>\n<meta name=\"robots\" content=\"index, follow, max-snippet:-1, max-image-preview:large, max-video-preview:-1\" \/>\n<link rel=\"canonical\" href=\"https:\/\/www.humanium.org\/es\/islas-salomon\/\" \/>\n<meta property=\"og:locale\" content=\"es_ES\" \/>\n<meta property=\"og:type\" content=\"article\" \/>\n<meta property=\"og:title\" content=\"Ni\u00f1os de las Islas Salom\u00f3n - Humanium\" \/>\n<meta property=\"og:description\" content=\"En las Islas Salom\u00f3n, la situaci\u00f3n de los ni\u00f1os no es ideal. Deben revisarse las leyes para que se reconozcan los derechos fundamentales de los ni\u00f1os.\" \/>\n<meta property=\"og:url\" content=\"https:\/\/www.humanium.org\/es\/islas-salomon\/\" \/>\n<meta property=\"og:site_name\" content=\"Humanium\" \/>\n<meta property=\"article:modified_time\" content=\"2025-12-05T17:44:02+00:00\" \/>\n<meta name=\"twitter:card\" content=\"summary_large_image\" \/>\n<meta name=\"twitter:label1\" content=\"Tiempo de lectura\" \/>\n\t<meta name=\"twitter:data1\" content=\"8 minutos\" \/>\n<script type=\"application\/ld+json\" class=\"yoast-schema-graph\">{\"@context\":\"https:\/\/schema.org\",\"@graph\":[{\"@type\":\"WebPage\",\"@id\":\"https:\/\/www.humanium.org\/es\/islas-salomon\/\",\"url\":\"https:\/\/www.humanium.org\/es\/islas-salomon\/\",\"name\":\"Ni\u00f1os de las Islas Salom\u00f3n - Humanium\",\"isPartOf\":{\"@id\":\"https:\/\/www.humanium.org\/es\/#website\"},\"primaryImageOfPage\":{\"@id\":\"https:\/\/www.humanium.org\/es\/islas-salomon\/#primaryimage\"},\"image\":{\"@id\":\"https:\/\/www.humanium.org\/es\/islas-salomon\/#primaryimage\"},\"thumbnailUrl\":\"https:\/\/www.humanium.org\/fr\/wp-content\/uploads\/2013\/01\/Fillette-salomon-300x195.jpg\",\"datePublished\":\"2013-05-23T11:02:15+00:00\",\"dateModified\":\"2025-12-05T17:44:02+00:00\",\"description\":\"En las Islas Salom\u00f3n, la situaci\u00f3n de los ni\u00f1os no es ideal. Deben revisarse las leyes para que se reconozcan los derechos fundamentales de los ni\u00f1os.\",\"breadcrumb\":{\"@id\":\"https:\/\/www.humanium.org\/es\/islas-salomon\/#breadcrumb\"},\"inLanguage\":\"es\",\"potentialAction\":[{\"@type\":\"ReadAction\",\"target\":[\"https:\/\/www.humanium.org\/es\/islas-salomon\/\"]}]},{\"@type\":\"ImageObject\",\"inLanguage\":\"es\",\"@id\":\"https:\/\/www.humanium.org\/es\/islas-salomon\/#primaryimage\",\"url\":\"https:\/\/www.humanium.org\/fr\/wp-content\/uploads\/2013\/01\/Fillette-salomon-300x195.jpg\",\"contentUrl\":\"https:\/\/www.humanium.org\/fr\/wp-content\/uploads\/2013\/01\/Fillette-salomon-300x195.jpg\"},{\"@type\":\"BreadcrumbList\",\"@id\":\"https:\/\/www.humanium.org\/es\/islas-salomon\/#breadcrumb\",\"itemListElement\":[{\"@type\":\"ListItem\",\"position\":1,\"name\":\"Home\",\"item\":\"https:\/\/www.humanium.org\/es\/\"},{\"@type\":\"ListItem\",\"position\":2,\"name\":\"Ni\u00f1os de las Islas Salom\u00f3n\"}]},{\"@type\":\"WebSite\",\"@id\":\"https:\/\/www.humanium.org\/es\/#website\",\"url\":\"https:\/\/www.humanium.org\/es\/\",\"name\":\"Humanium\",\"description\":\"\u00a1Los ni\u00f1os primero!\",\"potentialAction\":[{\"@type\":\"SearchAction\",\"target\":{\"@type\":\"EntryPoint\",\"urlTemplate\":\"https:\/\/www.humanium.org\/es\/?s={search_term_string}\"},\"query-input\":{\"@type\":\"PropertyValueSpecification\",\"valueRequired\":true,\"valueName\":\"search_term_string\"}}],\"inLanguage\":\"es\"}]}<\/script>\n<!-- \/ Yoast SEO plugin. -->","yoast_head_json":{"title":"Ni\u00f1os de las Islas Salom\u00f3n - Humanium","description":"En las Islas Salom\u00f3n, la situaci\u00f3n de los ni\u00f1os no es ideal. Deben revisarse las leyes para que se reconozcan los derechos fundamentales de los ni\u00f1os.","robots":{"index":"index","follow":"follow","max-snippet":"max-snippet:-1","max-image-preview":"max-image-preview:large","max-video-preview":"max-video-preview:-1"},"canonical":"https:\/\/www.humanium.org\/es\/islas-salomon\/","og_locale":"es_ES","og_type":"article","og_title":"Ni\u00f1os de las Islas Salom\u00f3n - Humanium","og_description":"En las Islas Salom\u00f3n, la situaci\u00f3n de los ni\u00f1os no es ideal. Deben revisarse las leyes para que se reconozcan los derechos fundamentales de los ni\u00f1os.","og_url":"https:\/\/www.humanium.org\/es\/islas-salomon\/","og_site_name":"Humanium","article_modified_time":"2025-12-05T17:44:02+00:00","twitter_card":"summary_large_image","twitter_misc":{"Tiempo de lectura":"8 minutos"},"schema":{"@context":"https:\/\/schema.org","@graph":[{"@type":"WebPage","@id":"https:\/\/www.humanium.org\/es\/islas-salomon\/","url":"https:\/\/www.humanium.org\/es\/islas-salomon\/","name":"Ni\u00f1os de las Islas Salom\u00f3n - Humanium","isPartOf":{"@id":"https:\/\/www.humanium.org\/es\/#website"},"primaryImageOfPage":{"@id":"https:\/\/www.humanium.org\/es\/islas-salomon\/#primaryimage"},"image":{"@id":"https:\/\/www.humanium.org\/es\/islas-salomon\/#primaryimage"},"thumbnailUrl":"https:\/\/www.humanium.org\/fr\/wp-content\/uploads\/2013\/01\/Fillette-salomon-300x195.jpg","datePublished":"2013-05-23T11:02:15+00:00","dateModified":"2025-12-05T17:44:02+00:00","description":"En las Islas Salom\u00f3n, la situaci\u00f3n de los ni\u00f1os no es ideal. Deben revisarse las leyes para que se reconozcan los derechos fundamentales de los ni\u00f1os.","breadcrumb":{"@id":"https:\/\/www.humanium.org\/es\/islas-salomon\/#breadcrumb"},"inLanguage":"es","potentialAction":[{"@type":"ReadAction","target":["https:\/\/www.humanium.org\/es\/islas-salomon\/"]}]},{"@type":"ImageObject","inLanguage":"es","@id":"https:\/\/www.humanium.org\/es\/islas-salomon\/#primaryimage","url":"https:\/\/www.humanium.org\/fr\/wp-content\/uploads\/2013\/01\/Fillette-salomon-300x195.jpg","contentUrl":"https:\/\/www.humanium.org\/fr\/wp-content\/uploads\/2013\/01\/Fillette-salomon-300x195.jpg"},{"@type":"BreadcrumbList","@id":"https:\/\/www.humanium.org\/es\/islas-salomon\/#breadcrumb","itemListElement":[{"@type":"ListItem","position":1,"name":"Home","item":"https:\/\/www.humanium.org\/es\/"},{"@type":"ListItem","position":2,"name":"Ni\u00f1os de las Islas Salom\u00f3n"}]},{"@type":"WebSite","@id":"https:\/\/www.humanium.org\/es\/#website","url":"https:\/\/www.humanium.org\/es\/","name":"Humanium","description":"\u00a1Los ni\u00f1os primero!","potentialAction":[{"@type":"SearchAction","target":{"@type":"EntryPoint","urlTemplate":"https:\/\/www.humanium.org\/es\/?s={search_term_string}"},"query-input":{"@type":"PropertyValueSpecification","valueRequired":true,"valueName":"search_term_string"}}],"inLanguage":"es"}]}},"_links":{"self":[{"href":"https:\/\/www.humanium.org\/es\/wp-json\/wp\/v2\/pages\/1455","targetHints":{"allow":["GET"]}}],"collection":[{"href":"https:\/\/www.humanium.org\/es\/wp-json\/wp\/v2\/pages"}],"about":[{"href":"https:\/\/www.humanium.org\/es\/wp-json\/wp\/v2\/types\/page"}],"author":[{"embeddable":true,"href":"https:\/\/www.humanium.org\/es\/wp-json\/wp\/v2\/users\/1"}],"replies":[{"embeddable":true,"href":"https:\/\/www.humanium.org\/es\/wp-json\/wp\/v2\/comments?post=1455"}],"version-history":[{"count":4,"href":"https:\/\/www.humanium.org\/es\/wp-json\/wp\/v2\/pages\/1455\/revisions"}],"predecessor-version":[{"id":20417,"href":"https:\/\/www.humanium.org\/es\/wp-json\/wp\/v2\/pages\/1455\/revisions\/20417"}],"wp:attachment":[{"href":"https:\/\/www.humanium.org\/es\/wp-json\/wp\/v2\/media?parent=1455"}],"curies":[{"name":"wp","href":"https:\/\/api.w.org\/{rel}","templated":true}]}}