{"id":1471,"date":"2013-05-23T13:16:58","date_gmt":"2013-05-23T13:16:58","guid":{"rendered":"http:\/\/www.humanium.org\/es\/?page_id=1471"},"modified":"2025-12-05T18:00:16","modified_gmt":"2025-12-05T18:00:16","slug":"suecia","status":"publish","type":"page","link":"https:\/\/www.humanium.org\/es\/suecia\/","title":{"rendered":"Ni\u00f1os de Suecia"},"content":{"rendered":"<h1>Ni\u00f1os de Suecia<\/h1>\n<h2>Descubriendo los Derechos del Ni\u00f1o en Suecia<\/h2>\n<p style=\"text-align: center;\"><img loading=\"lazy\" decoding=\"async\" class=\" wp-image-27256 alignnone\" title=\"Ni\u00f1a de Suecia \u00a9 Muskva (flickr)\" src=\"https:\/\/www.humanium.org\/fr\/wp-content\/uploads\/2012\/08\/portrait-fille-muskva-flickr.jpg\" alt=\"\" width=\"190\" height=\"200\" \/> <img loading=\"lazy\" decoding=\"async\" class=\"alignnone wp-image-27262\" title=\"Ni\u00f1o de Suecia \u00a9 Runintherain (flickr)\" src=\"https:\/\/www.humanium.org\/fr\/wp-content\/uploads\/2012\/08\/portrait-gars-runintherain.jpg\" alt=\"\" width=\"131\" height=\"200\" \/><\/p>\n<p>Quienes han visitado Suecia, a menudo, ven al pa\u00eds como un para\u00edso para los ni\u00f1os y efectivamente, el pa\u00eds respeta los Derechos de los ni\u00f1os, pero queda mucho por hacer, sobre todo en lo que se refiere a la violencia hacia los ni\u00f1os y la acogida de inmigrantes.<\/p>\n<h3>Principales problemas que afectan a los ni\u00f1os en Suecia:<\/h3>\n<p><strong>Implantaci\u00f3n de los Derechos de manera uniforme<\/strong><\/p>\n<p><img loading=\"lazy\" decoding=\"async\" class=\"alignright size-full wp-image-24268\" title=\"No todos los ni\u00f1os est\u00e1n protegidos de la misma manera en Suecia. \u00a9 Upplandsmuseet (flickr)\" src=\"https:\/\/www.humanium.org\/fr\/wp-content\/uploads\/2012\/08\/application-des-droits-upplandsmuseet-flickr.jpg\" alt=\"\" width=\"200\" height=\"125\" \/>La principal cr\u00edtica contra Suecia es que los Derechos de los ni\u00f1os en el pa\u00eds est\u00e1n implantados de manera inconsistente. En realidad, existen enormes disparidades entre municipios e incluso entre regiones, ya que estas entidades tienen mucha autonom\u00eda en cuestiones de la infancia. Esto significa que algunos j\u00f3venes est\u00e1n menos protegidos que otros porque viven en lugares donde su bienestar y sus necesidades espec\u00edficas no se tienen suficientemente en cuenta.<\/p>\n<p><strong>Ni\u00f1os Inmigrantes<br \/>\n<\/strong><br \/>\nSuecia se ha negado a firmar la Convenci\u00f3n Internacional sobre la Protecci\u00f3n de los Derechos de todos los trabajadores inmigrantes y de sus familiares. Cada vez se dan m\u00e1s casos de inmigrantes ilegales y solicitantes de asilo que son deportados a sus pa\u00edses de origen, sin tener en cuenta el riesgo de tortura o persecuci\u00f3n al que pueden estar expuestos.<\/p>\n<p><img loading=\"lazy\" decoding=\"async\" class=\"alignright size-full wp-image-24269\" title=\"Las necesidades de los ni\u00f1os inmigrantes no siempre se tienen suficientemente en cuenta. \u00a9 Tricia Wang (flickr)\" src=\"https:\/\/www.humanium.org\/fr\/wp-content\/uploads\/2012\/08\/migrants-Tricia-Wang-flickr.jpg\" alt=\"\" width=\"200\" height=\"150\" \/>El destino de los menores inmigrantes o solicitantes de asilo se deja en mano de los servicios sociales de los municipios donde sus necesidades no son siempre suficientemente consideradas. Un n\u00famero preocupante de ni\u00f1os sin acompa\u00f1antes y solicitantes de asilo han desaparecido de los centros de acogida de Suecia, convirti\u00e9ndose en presas f\u00e1ciles para el abuso y la explotaci\u00f3n.<\/p>\n<p>Los ni\u00f1os sin permisos de residencia s\u00f3lo tienen derecho a acceder a los servicios m\u00e9dicos de urgencia y rara vez, tienen la oportunidad de estudiar. Esto limita su desarrollo e integraci\u00f3n.<\/p>\n<p>Adem\u00e1s, la presentaci\u00f3n de la solicitud de reagrupaci\u00f3n familiar es, a veces, como completar un circuito que no siempre se concluye con \u00e9xito, ni siquiera para las personas que han obtenido el estatus de refugiado. Esto significa que los ni\u00f1os son separados de sus padres dej\u00e1ndoles en situaciones peligrosas donde sus derechos no son respetados.<\/p>\n<p><strong>Derecho a la Identidad<br \/>\n<\/strong><br \/>\nLa nacionalidad en Suecia se obtiene por derecho de sangre. Para obtenerla autom\u00e1ticamente, al menos uno de los progenitores debe ser sueco. Los ni\u00f1os nacidos de padres ap\u00e1tridas son por consiguiente ap\u00e1tridas hasta que sus padres obtienen la nacionalidad sueca al menos que posean un visado de residencia permanente.<\/p>\n<p>La falta de identidad hace a estos ni\u00f1os \u00abinvisibles\u00bb a los ojos de la sociedad y por lo tanto vulnerables a la discriminaci\u00f3n y la exclusi\u00f3n ya que no pueden acceder a determinados servicios ni obtener la protecci\u00f3n necesaria como menores de edad.<\/p>\n<p><strong>Discriminaci\u00f3n<br \/>\n<\/strong><br \/>\n<img loading=\"lazy\" decoding=\"async\" class=\"alignright size-full wp-image-24270\" title=\"Muchos ni\u00f1os gitanos rumanos son objeto de intimidaci\u00f3n en la escuela \u00a9 Runintherain (flickr)\" src=\"https:\/\/www.humanium.org\/fr\/wp-content\/uploads\/2012\/08\/education-runintherain-flickr.jpg\" alt=\"\" width=\"200\" height=\"133\" \/>Desde el a\u00f1o 2000, el n\u00famero de inmigrantes en el pa\u00eds ha crecido. Esto ha provocado un aumento de la xenofobia, el racismo y la discriminaci\u00f3n en detrimento de los ni\u00f1os refugiados, los solicitantes de asilo o los ni\u00f1os que pertenecen a familias inmigrantes, as\u00ed como de los que proceden de minor\u00edas. Por ejemplo, muchos ni\u00f1os gitanos rumanos son objeto de acoso en el colegio. Tambi\u00e9n se han observado y registrado actos antisemitas e islamofobia.<\/p>\n<p>Los ni\u00f1os discapacitados, a menudo, tambi\u00e9n tienen dificultades para acceder a los servicios apropiados y al alojamiento. Esto perjudica su integraci\u00f3n social y les impide beneficiarse de todos sus derechos. Adem\u00e1s, se desconoce el n\u00famero de ni\u00f1os que se encuentran en esta situaci\u00f3n debido a la falta de estad\u00edsticas.<\/p>\n<p><strong>Educaci\u00f3n<br \/>\n<\/strong><br \/>\nActualmente, los profesores suecos pueden prohibir a los alumnos llevar el velo en la escuela en situaciones concretas, incluso en las clases de laboratorio o en los debates. Esta decisi\u00f3n ha sido criticada, ya que deja el acceso al derecho fundamental de la educaci\u00f3n al criterio del profesor.<\/p>\n<p><strong>Salud<br \/>\n<\/strong><br \/>\nCon m\u00e1s frecuencia, los ni\u00f1os y j\u00f3venes suecos tienen problemas de obesidad. Un estudio realizado en 2011, el primero de este tipo que se realizaba en el pa\u00eds, revel\u00f3 que el 17% de los ni\u00f1os entre 7-9 a\u00f1os ten\u00edan sobrepeso y el 3% eran obesos. El aumento de peso es la causa de varios problemas de salud que pueden afectar al coraz\u00f3n, al pulm\u00f3n y provocar problemas en las articulaciones.<\/p>\n<p><img loading=\"lazy\" decoding=\"async\" class=\"alignright size-full wp-image-24271\" title=\"El n\u00famero de j\u00f3venes que se perjudican a s\u00ed mismos va en aumento. \u00a9 Quinnums (flickr)\" src=\"https:\/\/www.humanium.org\/fr\/wp-content\/uploads\/2012\/08\/enfants-auto-destructeurs-quinnums-flickr.jpg\" alt=\"\" width=\"200\" height=\"133\" \/>Por otra parte, el n\u00famero de ni\u00f1os que sufren trastornos psicol\u00f3gicos est\u00e1 aumentando. El exceso de alcohol o el consumo de drogas, los intentos de suicidio y otros actos de autolesi\u00f3n son cada vez m\u00e1s frecuentes, poniendo en riesgo la salud de los j\u00f3venes. El problema de la drogadicci\u00f3n entre los adolescentes no se est\u00e1 tratando correctamente por parte de las organizaciones y no existen estad\u00edsticas disponibles sobre este asunto.<\/p>\n<p><strong>La Justicia y los Menores<\/strong><\/p>\n<p><img loading=\"lazy\" decoding=\"async\" class=\"alignright size-full wp-image-24272\" title=\"Los casos de abuso, negligencia y otras formas de violencia contra los ni\u00f1os son preocupantes. \u00a9 Heinrock (flickr)\" src=\"https:\/\/www.humanium.org\/fr\/wp-content\/uploads\/2012\/08\/violence-Heinrock-flickr.jpg\" alt=\"\" width=\"200\" height=\"150\" \/>El aislamiento todav\u00eda est\u00e1 autorizado y se utiliza como una forma de castigo en centros de detenci\u00f3n juvenil. Esta pr\u00e1ctica consiste en aislar en una celda a un ni\u00f1o solo y limitar su contacto con otros seres humanos, pudiendo tener graves consecuencias psicol\u00f3gicas.<\/p>\n<p><strong>Abuso<br \/>\n<\/strong><br \/>\nA pesar de la prohibici\u00f3n en Suecia de las bofetadas o de las azotainas a los ni\u00f1os, hay un n\u00famero preocupante de casos de abuso, negligencia y otras formas de violencia contra ellos. Un estudio realizado en el a\u00f1o 2008 demostr\u00f3 que hasta medio mill\u00f3n de ni\u00f1os podr\u00edan estar en riesgo por vivir con un padre adicto al alcohol o a las drogas, que es violento o que tiene una discapacidad mental.<\/p>\n<p>Se han implantado medidas legislativas y acciones preventivas, pero a\u00fan queda mucho por hacer. La violencia dom\u00e9stica no esta todav\u00eda considerada como delito en el C\u00f3digo Penal.<\/p>\n<p><strong>Ni\u00f1os aislados<br \/>\n<\/strong><br \/>\nCada a\u00f1o, muchos ni\u00f1os son separados de sus familias y colocados en centros de acogida. Otros huyen o tienen que abandonar sus hogares. En todos los casos, estos ni\u00f1os son privados de la protecci\u00f3n de sus padres, encontr\u00e1ndose en una situaci\u00f3n de vulnerabilidad y con el riesgo de que sus derechos sean violados a\u00fan m\u00e1s. Esto es muy preocupante, ya que el control y seguimiento de estos casos son insuficientes y no existe un procedimiento de denuncia para estos ni\u00f1os sin amparo paterno.<\/p>\n<p><strong>Explotaci\u00f3n infantil<br \/>\n<\/strong><br \/>\nLa explotaci\u00f3n infantil est\u00e1 prohibida en Suecia. A pesar de ello, en el a\u00f1o 2010 el Comit\u00e9 de los Derechos del Ni\u00f1o expres\u00f3 su preocupaci\u00f3n sobre el alcance de la trata de ni\u00f1os con fines econ\u00f3micos o de explotaci\u00f3n sexual. Los menores inmigrantes ilegales que carecen de protecci\u00f3n son especialmente vulnerables. Cientos de j\u00f3venes rumanos, rusos, nigerianos y ni\u00f1as albanesas, entre otros, son tra\u00eddos a Suecia cada a\u00f1o para prostituirlos. Sin embargo, el n\u00famero exacto de ni\u00f1os v\u00edctimas de explotaci\u00f3n es desconocido, ya que no se ha llevado a cabo ning\u00fan estudio sobre este asunto.<\/p>\n<p><strong>Medio ambiente<br \/>\n<\/strong><br \/>\nSuecia est\u00e1 lejos de ser un pa\u00eds limpio ya que emite 5,3 toneladas de CO2 por habitante. Esto tiene un efecto directo y perjudicial en la vida de los ni\u00f1os y sus perspectivas de futuro. Su derecho a vivir y crecer en un ambiente limpio no se respeta.<\/p>\n","protected":false},"excerpt":{"rendered":"<p>Ni\u00f1os de Suecia Descubriendo los Derechos del Ni\u00f1o en Suecia Quienes han visitado Suecia, a menudo, ven al pa\u00eds como un para\u00edso para los ni\u00f1os y efectivamente, el pa\u00eds respeta los Derechos de los ni\u00f1os, pero queda mucho por hacer, sobre todo en lo que se refiere a la violencia hacia los ni\u00f1os y la [&hellip;]<\/p>\n","protected":false},"author":1,"featured_media":0,"parent":0,"menu_order":0,"comment_status":"closed","ping_status":"open","template":"","meta":{"footnotes":""},"class_list":["post-1471","page","type-page","status-publish","hentry"],"yoast_head":"<!-- This site is optimized with the Yoast SEO plugin v26.5 - https:\/\/yoast.com\/wordpress\/plugins\/seo\/ -->\n<title>Ni\u00f1os de Suecia - Humanium<\/title>\n<meta name=\"description\" content=\"Suecia respeta los Derechos de los ni\u00f1os, pero quedan cambios por hacer en lo que concierne la violencia hacia los ni\u00f1os y la acogida de inmigrantes.\" \/>\n<meta name=\"robots\" content=\"index, follow, max-snippet:-1, max-image-preview:large, max-video-preview:-1\" \/>\n<link rel=\"canonical\" href=\"https:\/\/www.humanium.org\/es\/suecia\/\" \/>\n<meta property=\"og:locale\" content=\"es_ES\" \/>\n<meta property=\"og:type\" content=\"article\" \/>\n<meta property=\"og:title\" content=\"Ni\u00f1os de Suecia - Humanium\" \/>\n<meta property=\"og:description\" content=\"Suecia respeta los Derechos de los ni\u00f1os, pero quedan cambios por hacer en lo que concierne la violencia hacia los ni\u00f1os y la acogida de inmigrantes.\" \/>\n<meta property=\"og:url\" content=\"https:\/\/www.humanium.org\/es\/suecia\/\" \/>\n<meta property=\"og:site_name\" content=\"Humanium\" \/>\n<meta property=\"article:modified_time\" content=\"2025-12-05T18:00:16+00:00\" \/>\n<meta name=\"twitter:card\" content=\"summary_large_image\" \/>\n<meta name=\"twitter:label1\" content=\"Tiempo de lectura\" \/>\n\t<meta name=\"twitter:data1\" content=\"8 minutos\" \/>\n<script type=\"application\/ld+json\" class=\"yoast-schema-graph\">{\"@context\":\"https:\/\/schema.org\",\"@graph\":[{\"@type\":\"WebPage\",\"@id\":\"https:\/\/www.humanium.org\/es\/suecia\/\",\"url\":\"https:\/\/www.humanium.org\/es\/suecia\/\",\"name\":\"Ni\u00f1os de Suecia - Humanium\",\"isPartOf\":{\"@id\":\"https:\/\/www.humanium.org\/es\/#website\"},\"primaryImageOfPage\":{\"@id\":\"https:\/\/www.humanium.org\/es\/suecia\/#primaryimage\"},\"image\":{\"@id\":\"https:\/\/www.humanium.org\/es\/suecia\/#primaryimage\"},\"thumbnailUrl\":\"https:\/\/www.humanium.org\/fr\/wp-content\/uploads\/2012\/08\/portrait-fille-muskva-flickr.jpg\",\"datePublished\":\"2013-05-23T13:16:58+00:00\",\"dateModified\":\"2025-12-05T18:00:16+00:00\",\"description\":\"Suecia respeta los Derechos de los ni\u00f1os, pero quedan cambios por hacer en lo que concierne la violencia hacia los ni\u00f1os y la acogida de inmigrantes.\",\"breadcrumb\":{\"@id\":\"https:\/\/www.humanium.org\/es\/suecia\/#breadcrumb\"},\"inLanguage\":\"es\",\"potentialAction\":[{\"@type\":\"ReadAction\",\"target\":[\"https:\/\/www.humanium.org\/es\/suecia\/\"]}]},{\"@type\":\"ImageObject\",\"inLanguage\":\"es\",\"@id\":\"https:\/\/www.humanium.org\/es\/suecia\/#primaryimage\",\"url\":\"https:\/\/www.humanium.org\/fr\/wp-content\/uploads\/2012\/08\/portrait-fille-muskva-flickr.jpg\",\"contentUrl\":\"https:\/\/www.humanium.org\/fr\/wp-content\/uploads\/2012\/08\/portrait-fille-muskva-flickr.jpg\"},{\"@type\":\"BreadcrumbList\",\"@id\":\"https:\/\/www.humanium.org\/es\/suecia\/#breadcrumb\",\"itemListElement\":[{\"@type\":\"ListItem\",\"position\":1,\"name\":\"Home\",\"item\":\"https:\/\/www.humanium.org\/es\/\"},{\"@type\":\"ListItem\",\"position\":2,\"name\":\"Ni\u00f1os de Suecia\"}]},{\"@type\":\"WebSite\",\"@id\":\"https:\/\/www.humanium.org\/es\/#website\",\"url\":\"https:\/\/www.humanium.org\/es\/\",\"name\":\"Humanium\",\"description\":\"\u00a1Los ni\u00f1os primero!\",\"potentialAction\":[{\"@type\":\"SearchAction\",\"target\":{\"@type\":\"EntryPoint\",\"urlTemplate\":\"https:\/\/www.humanium.org\/es\/?s={search_term_string}\"},\"query-input\":{\"@type\":\"PropertyValueSpecification\",\"valueRequired\":true,\"valueName\":\"search_term_string\"}}],\"inLanguage\":\"es\"}]}<\/script>\n<!-- \/ Yoast SEO plugin. -->","yoast_head_json":{"title":"Ni\u00f1os de Suecia - Humanium","description":"Suecia respeta los Derechos de los ni\u00f1os, pero quedan cambios por hacer en lo que concierne la violencia hacia los ni\u00f1os y la acogida de inmigrantes.","robots":{"index":"index","follow":"follow","max-snippet":"max-snippet:-1","max-image-preview":"max-image-preview:large","max-video-preview":"max-video-preview:-1"},"canonical":"https:\/\/www.humanium.org\/es\/suecia\/","og_locale":"es_ES","og_type":"article","og_title":"Ni\u00f1os de Suecia - Humanium","og_description":"Suecia respeta los Derechos de los ni\u00f1os, pero quedan cambios por hacer en lo que concierne la violencia hacia los ni\u00f1os y la acogida de inmigrantes.","og_url":"https:\/\/www.humanium.org\/es\/suecia\/","og_site_name":"Humanium","article_modified_time":"2025-12-05T18:00:16+00:00","twitter_card":"summary_large_image","twitter_misc":{"Tiempo de lectura":"8 minutos"},"schema":{"@context":"https:\/\/schema.org","@graph":[{"@type":"WebPage","@id":"https:\/\/www.humanium.org\/es\/suecia\/","url":"https:\/\/www.humanium.org\/es\/suecia\/","name":"Ni\u00f1os de Suecia - Humanium","isPartOf":{"@id":"https:\/\/www.humanium.org\/es\/#website"},"primaryImageOfPage":{"@id":"https:\/\/www.humanium.org\/es\/suecia\/#primaryimage"},"image":{"@id":"https:\/\/www.humanium.org\/es\/suecia\/#primaryimage"},"thumbnailUrl":"https:\/\/www.humanium.org\/fr\/wp-content\/uploads\/2012\/08\/portrait-fille-muskva-flickr.jpg","datePublished":"2013-05-23T13:16:58+00:00","dateModified":"2025-12-05T18:00:16+00:00","description":"Suecia respeta los Derechos de los ni\u00f1os, pero quedan cambios por hacer en lo que concierne la violencia hacia los ni\u00f1os y la acogida de inmigrantes.","breadcrumb":{"@id":"https:\/\/www.humanium.org\/es\/suecia\/#breadcrumb"},"inLanguage":"es","potentialAction":[{"@type":"ReadAction","target":["https:\/\/www.humanium.org\/es\/suecia\/"]}]},{"@type":"ImageObject","inLanguage":"es","@id":"https:\/\/www.humanium.org\/es\/suecia\/#primaryimage","url":"https:\/\/www.humanium.org\/fr\/wp-content\/uploads\/2012\/08\/portrait-fille-muskva-flickr.jpg","contentUrl":"https:\/\/www.humanium.org\/fr\/wp-content\/uploads\/2012\/08\/portrait-fille-muskva-flickr.jpg"},{"@type":"BreadcrumbList","@id":"https:\/\/www.humanium.org\/es\/suecia\/#breadcrumb","itemListElement":[{"@type":"ListItem","position":1,"name":"Home","item":"https:\/\/www.humanium.org\/es\/"},{"@type":"ListItem","position":2,"name":"Ni\u00f1os de Suecia"}]},{"@type":"WebSite","@id":"https:\/\/www.humanium.org\/es\/#website","url":"https:\/\/www.humanium.org\/es\/","name":"Humanium","description":"\u00a1Los ni\u00f1os primero!","potentialAction":[{"@type":"SearchAction","target":{"@type":"EntryPoint","urlTemplate":"https:\/\/www.humanium.org\/es\/?s={search_term_string}"},"query-input":{"@type":"PropertyValueSpecification","valueRequired":true,"valueName":"search_term_string"}}],"inLanguage":"es"}]}},"_links":{"self":[{"href":"https:\/\/www.humanium.org\/es\/wp-json\/wp\/v2\/pages\/1471","targetHints":{"allow":["GET"]}}],"collection":[{"href":"https:\/\/www.humanium.org\/es\/wp-json\/wp\/v2\/pages"}],"about":[{"href":"https:\/\/www.humanium.org\/es\/wp-json\/wp\/v2\/types\/page"}],"author":[{"embeddable":true,"href":"https:\/\/www.humanium.org\/es\/wp-json\/wp\/v2\/users\/1"}],"replies":[{"embeddable":true,"href":"https:\/\/www.humanium.org\/es\/wp-json\/wp\/v2\/comments?post=1471"}],"version-history":[{"count":3,"href":"https:\/\/www.humanium.org\/es\/wp-json\/wp\/v2\/pages\/1471\/revisions"}],"predecessor-version":[{"id":20483,"href":"https:\/\/www.humanium.org\/es\/wp-json\/wp\/v2\/pages\/1471\/revisions\/20483"}],"wp:attachment":[{"href":"https:\/\/www.humanium.org\/es\/wp-json\/wp\/v2\/media?parent=1471"}],"curies":[{"name":"wp","href":"https:\/\/api.w.org\/{rel}","templated":true}]}}