{"id":1476,"date":"2013-05-23T17:19:12","date_gmt":"2013-05-23T17:19:12","guid":{"rendered":"http:\/\/www.humanium.org\/es\/?page_id=1476"},"modified":"2025-12-05T17:46:15","modified_gmt":"2025-12-05T17:46:15","slug":"afganistan","status":"publish","type":"page","link":"https:\/\/www.humanium.org\/es\/afganistan\/","title":{"rendered":"Ni\u00f1os de Afganist\u00e1n"},"content":{"rendered":"<h1>Ni\u00f1os de Afganist\u00e1n<\/h1>\n<h2>Descubriendo los derechos infantiles en Afganist\u00e1n<\/h2>\n<p style=\"text-align: center;\"><img loading=\"lazy\" decoding=\"async\" class=\" wp-image-27256 alignnone\" title=\"Ni\u00f1a de Afganist\u00e1n \u00a9 UN Photos\/ Luke Powell\" src=\"https:\/\/www.humanium.org\/fr\/wp-content\/uploads\/fille-afghanistan-UNLuke-Powell.jpg\" alt=\"\" width=\"153\" height=\"200\" \/> <img loading=\"lazy\" decoding=\"async\" class=\"alignnone wp-image-27262\" title=\"Ni\u00f1o de Afganist\u00e1n \u00a9 UN Photos\/ Luke Powell\" src=\"https:\/\/www.humanium.org\/fr\/wp-content\/uploads\/2011\/07\/Garcon-afghan-unphoto-lukepowell.jpg\" alt=\"\" width=\"131\" height=\"200\" \/><\/p>\n<p>Un informe de la Unicef califica Afganist\u00e1n como \u201cel peor lugar del mundo para nacer\u201d.\u00a0De hecho, los ni\u00f1os afganos deben hacer frente cotidianamente a la miseria y la\u00a0violencia. Su situaci\u00f3n es dram\u00e1tica: mortalidad infantil, malnutrici\u00f3n, matrimonios\u00a0forzados, abusos sexuales, etc.<\/p>\n<h3>Principales problemas que afectan a los ni\u00f1os en Afganist\u00e1n:<\/h3>\n<p><strong>Pobreza<\/strong><\/p>\n<p>Casi la mitad de la poblaci\u00f3n afgana (46%) vive por debajo del umbral de la pobreza. Seg\u00fan las estad\u00edsticas de la ONU, Afganist\u00e1n es el segundo pa\u00eds m\u00e1s pobre del mundo. El producto interior bruto per c\u00e1pita se eleva a 370 d\u00f3lares por a\u00f1o; a modo de ejemplo, un juez o un profesor ganan alrededor de 50 d\u00f3lares al mes.<\/p>\n<p><strong>Salud<\/strong><\/p>\n<p>La tasa de mortalidad infantil es particularmente elevada en Afganist\u00e1n, y la esperanza de vida es la m\u00e1s baja registrada en el mundo: 44 a\u00f1os. Las estad\u00edsticas demuestran que el 35% de los reci\u00e9n nacidos pesan muy poco al nacer. Hoy en d\u00eda, el 87% de partos todav\u00eda tienen lugar en el domicilio familiar, generalmente sin ning\u00fan tipo de asistencia m\u00e9dica. La sociedad afgana es muy patriarcal por lo que a menudo, las mujeres no tienen el derecho a salir de casa, ni para ir al hospital lo que provoca que 1 de cada 8 mujeres muera en el parto. Existen muy pocos hospitales en Afganist\u00e1n por lo que en ocasiones, hay que recorrer centenares de kil\u00f3metros para ser atendido. Adem\u00e1s, el personal m\u00e9dico carece de la formaci\u00f3n y el equipo apropiados. Por otro lado, alrededor del 70% de la poblaci\u00f3n no tiene acceso al agua potable lo que pone en peligro la salud de las personas, sobre todo la de los m\u00e1s j\u00f3venes.<\/p>\n<p><strong>Educaci\u00f3n\u00a0<\/strong><\/p>\n<p><img loading=\"lazy\" decoding=\"async\" class=\"alignright size-full wp-image-7272\" title=\"Fille afghane\" src=\"https:\/\/www.humanium.org\/fr\/wp-content\/uploads\/Fille-afghane.jpg\" alt=\"\" width=\"171\" height=\"200\" \/>S\u00f3lo alrededor del 60% de los ni\u00f1os afganos est\u00e1n escolarizados hoy en d\u00eda. Entre los adultos, el 28% de la poblaci\u00f3n est\u00e1 alfabetizada. Adem\u00e1s, el sistema educativo carece de infraestructuras: en Kabul, algunas aulas cuentan con m\u00e1s de 60 alumnos. Afganist\u00e1n posee el lamentable record de mayor n\u00famero de ataques terroristas en las escuelas, concretamente en las escuelas femeninas. A pesar de que la abolici\u00f3n del r\u00e9gimen talib\u00e1n ha permitido a muchos ni\u00f1os volver a la escuela, todav\u00eda hay mucho por hacer para garantizar la seguridad de los alumnos, as\u00ed como el derecho a la educaci\u00f3n para todos los ni\u00f1os afganos.<\/p>\n<p><strong>El trabajo infantil <\/strong><\/p>\n<p>En Afganist\u00e1n, alrededor del 20% de los ni\u00f1os est\u00e1n obligados a trabajar para satisfacer sus necesidades y las de sus familiares. Vendedores ambulantes, portadores de agua, recolectores de cart\u00f3n, limpia botas, ayudantes de taxistas, empleados del hogar o auxiliares dependientes de comercio son las actividades ejercidas por los ni\u00f1os afganos. <img loading=\"lazy\" decoding=\"async\" class=\"size-full wp-image-11724 alignright\" title=\"L'enfant joue un r\u00f4le \u00e9conomique important \u00a9 UN Shehzad Noorani\" src=\"https:\/\/www.humanium.org\/fr\/wp-content\/uploads\/2011\/07\/travail-enfant-un-shehzad-noorani.jpg\" alt=\"\" width=\"203\" height=\"182\" \/>El ni\u00f1o juega un rol econ\u00f3mico importante en el seno de su unidad familiarya que los ingresos de sus padres son tan bajos que les cuesta proveer a la familia de alimentos. Adem\u00e1s, por razones culturales, es muy raro que las mujeres trabajen fuera de casa. Por esta raz\u00f3n, las familias necesitan ingresos de los ni\u00f1os aunque eso signifique que el ni\u00f1o tenga que mendigar por las calles. Las consecuencias derivadas de esta situaci\u00f3n son particularmente dram\u00e1ticas: falta de educaci\u00f3n, violencia por parte de la polic\u00eda y enfermedades ligadas a la poluci\u00f3n y al clima muy variable (hay m\u00e1s de 40\u00baC en verano, despu\u00e9s la temperatura desciende hasta -20\u00baC en invierno).<\/p>\n<p><strong>Violencia y Explotaci\u00f3n infantil<\/strong><\/p>\n<p>Los ni\u00f1os afganos son v\u00edctimas de violencia de manera generalizada. En 2009, alrededor de 250 ni\u00f1os fueros asesinados a causa de ataques terroristas. Por otro lado, un gran n\u00famero de ni\u00f1os son v\u00edctimas de abusos sexuales: alrededor de 1500 casos son registrados cada a\u00f1o, pero la mayor parte de los ni\u00f1os no denuncian jam\u00e1s esta violencia. En la mayor\u00eda de ocasiones, los autores no rinden cuenta ante la justicia por razones pol\u00edticas (viejos l\u00edderes de guerra o miembros de la autoridad, corrupci\u00f3n, etc.). Un verdadero cambio de mentalidad es necesario para que todos los afganos dejen de tratar a los ni\u00f1os como objetos que pueden explotar.<\/p>\n<p><strong>Ni\u00f1os soldados<\/strong><\/p>\n<p>Durante el r\u00e9gimen de los Talibanes, miles de menores afganos fueron alistados en fuerzas terroristas por propia voluntad o forzados. Se les hac\u00eda un \u00ab lavado de cerebro \u00bby luego eran formados en el manejo de las armas para enviarles a la guerra. Adem\u00e1s, algunos ni\u00f1os con menos de 6 a\u00f1os tambi\u00e9n eran usadoscomo ni\u00f1os Kamikaze. A principios de 2011, Afganist\u00e1n firm\u00f3 un acuerdo con las Naciones Unidas, comprometi\u00e9ndose a detener el reclutamiento de ni\u00f1os para la polic\u00eda del estado despu\u00e9s de que \u00e9sta fuese incluida en la lista negra de la ONU en 2010. De esta manera, el gobierno da un primer paso en un proceso que deber\u00eda poner fin al uso de ni\u00f1os soldados y ayudar a aquellos que han vivido este infierno a reintegrarse en la vida civil.<\/p>\n<p><strong>Ni\u00f1os hu\u00e9rfanos<\/strong><\/p>\n<p>Afganist\u00e1n cuenta con miles de hu\u00e9rfanos como consecuencia directa de la guerra que ha devastado el pa\u00eds. Sin embargo, a muy pocos ni\u00f1os se les deja a su suerte porque la cultura afgana, que se basa en los principios del Islam, obliga a los afganos a ayudar a los ni\u00f1os que lo necesiten. Los ni\u00f1os son, por regla general, acogidos por miembros de sus familias o por otras personas de su poblado. Desgraciadamente, algunos \u00ab padres adoptivos \u00bb tratan a estos ni\u00f1os como peque\u00f1os esclavos. A veces, los hu\u00e9rfanos reciben un trato discriminatorio en comparaci\u00f3n con los hijos biol\u00f3gicos de sus tutores y su educaci\u00f3n pasa a un segundo plano. Frecuentemente, podemos observar c\u00f3mo los ni\u00f1os hu\u00e9rfanos desean trabajar para \u00ab reembolsar \u00bb a su familia de acogida, como muestra de agradecimiento. Es necesario crear organizaciones que permitan a estos ni\u00f1os acceder a la educaci\u00f3nser escuchados como se merecen y ser atendidos adecuadamente . Un plan nacional para la protecci\u00f3n de los ni\u00f1os acaba de ser lanzado para mejorar su situaci\u00f3n.<\/p>\n<p><strong>Ni\u00f1os discapacitados<\/strong><\/p>\n<p><img loading=\"lazy\" decoding=\"async\" class=\"alignright size-full wp-image-7315\" title=\"Joven ni\u00f1a discapacitada por la explosi\u00f3n de una mina. \u00a9 UN Photos\/Hassan Zakizada\" src=\"https:\/\/www.humanium.org\/fr\/wp-content\/uploads\/enfanthandicap-un-hassan-zakizada.jpg\" alt=\"\" width=\"184\" height=\"197\" \/>La presencia de numerosas minas antipersonas en Afganist\u00e1n produce diaremente accidentes, a menudo mortales sobre todo entre los m\u00e1s j\u00f3venes por no saber reconocerlas. Muchos programas de sensibilizaci\u00f3n y de remoci\u00f3n de minas han sido llevados a cabo por el gobierno y las ONGs. El objetivo es eliminar todos los restos de explosivos en el presente a\u00f1o 2013.<\/p>\n<p><strong>Matrimonio infantil<\/strong><\/p>\n<p>Entre los a\u00f1os 2000 y 2009, casi el 40% de las mujeres j\u00f3venes afganas entrevistadas confesaron haberse casado antes de los 18 a\u00f1os. Estos matrimonios precoces tienen consecuencias graves en la salud de las j\u00f3venes, especialmente cuando no est\u00e1n preparadas para quedarse embarazadas.<\/p>\n<p><strong>Derecho a una identidad<\/strong><\/p>\n<p>S\u00f3lo el 6% de los nacimientos son registrados en Afganist\u00e1n. Como consecuencia, la mayor\u00eda de los ni\u00f1os afganos no tienen una identidad oficial, ni una nacionalidad: son invisibles a los ojos de la sociedad. <img loading=\"lazy\" decoding=\"async\" class=\"size-full wp-image-11725 alignright\" title=\"Ni\u00f1os afganos dentro de un campo de refugiados. \u00a9 UN Photos\/Eric Kanalstein\" src=\"https:\/\/www.humanium.org\/fr\/wp-content\/uploads\/2011\/07\/camprefugies-un-eric-kanasltein.jpg\" alt=\"\" width=\"201\" height=\"139\" \/>Es un grave problema, especialmente, para los ni\u00f1os afganos refugiados que han huido de la guerra. Se calcula que entre los campos de refugiados de Pakist\u00e1n e Ir\u00e1n habr\u00e1 alrededor de 1,5 millones ni\u00f1os refugiados . Estos ni\u00f1os se encuentran en situaci\u00f3n ilegal y sin ning\u00fan tipo de derecho ya que oficialmente no tienen existencia jur\u00eddica.<\/p>\n<p><strong>Justicia de menores<\/strong><\/p>\n<p>El derecho penal afgano no diferencia entre los cr\u00edmenes graves y los delitos menores. Pese a que en 2005 se adapt\u00f3 el C\u00f3digo Penal para los menores de edad, en la pr\u00e1ctica, no hay ninguna alternativa a la prisi\u00f3n para un joven delincuente. Este hecho va en contra de lo dictado en el art\u00edculo 40 de la Convenci\u00f3n Internacional de los Derechos del Ni\u00f1o (CIDN). Gracias al trabajo de las ONGs, se han observado mejoras en las regiones. Sin embargo, el sistema judicial debe mejorar en todos los aspectos para que aumente la importancia de los Derechos del Ni\u00f1o en comparaci\u00f3n con el contexto actual.<\/p>\n","protected":false},"excerpt":{"rendered":"<p>Ni\u00f1os de Afganist\u00e1n Descubriendo los derechos infantiles en Afganist\u00e1n Un informe de la Unicef califica Afganist\u00e1n como \u201cel peor lugar del mundo para nacer\u201d.\u00a0De hecho, los ni\u00f1os afganos deben hacer frente cotidianamente a la miseria y la\u00a0violencia. Su situaci\u00f3n es dram\u00e1tica: mortalidad infantil, malnutrici\u00f3n, matrimonios\u00a0forzados, abusos sexuales, etc. Principales problemas que afectan a los ni\u00f1os [&hellip;]<\/p>\n","protected":false},"author":1,"featured_media":0,"parent":0,"menu_order":0,"comment_status":"closed","ping_status":"open","template":"","meta":{"footnotes":""},"class_list":["post-1476","page","type-page","status-publish","hentry"],"yoast_head":"<!-- This site is optimized with the Yoast SEO plugin v26.5 - https:\/\/yoast.com\/wordpress\/plugins\/seo\/ -->\n<title>Ni\u00f1os de Afganist\u00e1n - Humanium<\/title>\n<meta name=\"description\" content=\"Los ni\u00f1os afganos sufren cotidianamente de miseria y\u00a0violencias. Hay un largo trabajo que hacer para que los derechos de estos ni\u00f1os sean respetados.\" \/>\n<meta name=\"robots\" content=\"index, follow, max-snippet:-1, max-image-preview:large, max-video-preview:-1\" \/>\n<link rel=\"canonical\" href=\"https:\/\/www.humanium.org\/es\/afganistan\/\" \/>\n<meta property=\"og:locale\" content=\"es_ES\" \/>\n<meta property=\"og:type\" content=\"article\" \/>\n<meta property=\"og:title\" content=\"Ni\u00f1os de Afganist\u00e1n - Humanium\" \/>\n<meta property=\"og:description\" content=\"Los ni\u00f1os afganos sufren cotidianamente de miseria y\u00a0violencias. Hay un largo trabajo que hacer para que los derechos de estos ni\u00f1os sean respetados.\" \/>\n<meta property=\"og:url\" content=\"https:\/\/www.humanium.org\/es\/afganistan\/\" \/>\n<meta property=\"og:site_name\" content=\"Humanium\" \/>\n<meta property=\"article:modified_time\" content=\"2025-12-05T17:46:15+00:00\" \/>\n<meta name=\"twitter:card\" content=\"summary_large_image\" \/>\n<meta name=\"twitter:label1\" content=\"Tiempo de lectura\" \/>\n\t<meta name=\"twitter:data1\" content=\"8 minutos\" \/>\n<script type=\"application\/ld+json\" class=\"yoast-schema-graph\">{\"@context\":\"https:\/\/schema.org\",\"@graph\":[{\"@type\":\"WebPage\",\"@id\":\"https:\/\/www.humanium.org\/es\/afganistan\/\",\"url\":\"https:\/\/www.humanium.org\/es\/afganistan\/\",\"name\":\"Ni\u00f1os de Afganist\u00e1n - Humanium\",\"isPartOf\":{\"@id\":\"https:\/\/www.humanium.org\/es\/#website\"},\"primaryImageOfPage\":{\"@id\":\"https:\/\/www.humanium.org\/es\/afganistan\/#primaryimage\"},\"image\":{\"@id\":\"https:\/\/www.humanium.org\/es\/afganistan\/#primaryimage\"},\"thumbnailUrl\":\"https:\/\/www.humanium.org\/fr\/wp-content\/uploads\/fille-afghanistan-UNLuke-Powell.jpg\",\"datePublished\":\"2013-05-23T17:19:12+00:00\",\"dateModified\":\"2025-12-05T17:46:15+00:00\",\"description\":\"Los ni\u00f1os afganos sufren cotidianamente de miseria y\u00a0violencias. Hay un largo trabajo que hacer para que los derechos de estos ni\u00f1os sean respetados.\",\"breadcrumb\":{\"@id\":\"https:\/\/www.humanium.org\/es\/afganistan\/#breadcrumb\"},\"inLanguage\":\"es\",\"potentialAction\":[{\"@type\":\"ReadAction\",\"target\":[\"https:\/\/www.humanium.org\/es\/afganistan\/\"]}]},{\"@type\":\"ImageObject\",\"inLanguage\":\"es\",\"@id\":\"https:\/\/www.humanium.org\/es\/afganistan\/#primaryimage\",\"url\":\"https:\/\/www.humanium.org\/fr\/wp-content\/uploads\/fille-afghanistan-UNLuke-Powell.jpg\",\"contentUrl\":\"https:\/\/www.humanium.org\/fr\/wp-content\/uploads\/fille-afghanistan-UNLuke-Powell.jpg\"},{\"@type\":\"BreadcrumbList\",\"@id\":\"https:\/\/www.humanium.org\/es\/afganistan\/#breadcrumb\",\"itemListElement\":[{\"@type\":\"ListItem\",\"position\":1,\"name\":\"Home\",\"item\":\"https:\/\/www.humanium.org\/es\/\"},{\"@type\":\"ListItem\",\"position\":2,\"name\":\"Ni\u00f1os de Afganist\u00e1n\"}]},{\"@type\":\"WebSite\",\"@id\":\"https:\/\/www.humanium.org\/es\/#website\",\"url\":\"https:\/\/www.humanium.org\/es\/\",\"name\":\"Humanium\",\"description\":\"\u00a1Los ni\u00f1os primero!\",\"potentialAction\":[{\"@type\":\"SearchAction\",\"target\":{\"@type\":\"EntryPoint\",\"urlTemplate\":\"https:\/\/www.humanium.org\/es\/?s={search_term_string}\"},\"query-input\":{\"@type\":\"PropertyValueSpecification\",\"valueRequired\":true,\"valueName\":\"search_term_string\"}}],\"inLanguage\":\"es\"}]}<\/script>\n<!-- \/ Yoast SEO plugin. -->","yoast_head_json":{"title":"Ni\u00f1os de Afganist\u00e1n - Humanium","description":"Los ni\u00f1os afganos sufren cotidianamente de miseria y\u00a0violencias. Hay un largo trabajo que hacer para que los derechos de estos ni\u00f1os sean respetados.","robots":{"index":"index","follow":"follow","max-snippet":"max-snippet:-1","max-image-preview":"max-image-preview:large","max-video-preview":"max-video-preview:-1"},"canonical":"https:\/\/www.humanium.org\/es\/afganistan\/","og_locale":"es_ES","og_type":"article","og_title":"Ni\u00f1os de Afganist\u00e1n - Humanium","og_description":"Los ni\u00f1os afganos sufren cotidianamente de miseria y\u00a0violencias. Hay un largo trabajo que hacer para que los derechos de estos ni\u00f1os sean respetados.","og_url":"https:\/\/www.humanium.org\/es\/afganistan\/","og_site_name":"Humanium","article_modified_time":"2025-12-05T17:46:15+00:00","twitter_card":"summary_large_image","twitter_misc":{"Tiempo de lectura":"8 minutos"},"schema":{"@context":"https:\/\/schema.org","@graph":[{"@type":"WebPage","@id":"https:\/\/www.humanium.org\/es\/afganistan\/","url":"https:\/\/www.humanium.org\/es\/afganistan\/","name":"Ni\u00f1os de Afganist\u00e1n - Humanium","isPartOf":{"@id":"https:\/\/www.humanium.org\/es\/#website"},"primaryImageOfPage":{"@id":"https:\/\/www.humanium.org\/es\/afganistan\/#primaryimage"},"image":{"@id":"https:\/\/www.humanium.org\/es\/afganistan\/#primaryimage"},"thumbnailUrl":"https:\/\/www.humanium.org\/fr\/wp-content\/uploads\/fille-afghanistan-UNLuke-Powell.jpg","datePublished":"2013-05-23T17:19:12+00:00","dateModified":"2025-12-05T17:46:15+00:00","description":"Los ni\u00f1os afganos sufren cotidianamente de miseria y\u00a0violencias. Hay un largo trabajo que hacer para que los derechos de estos ni\u00f1os sean respetados.","breadcrumb":{"@id":"https:\/\/www.humanium.org\/es\/afganistan\/#breadcrumb"},"inLanguage":"es","potentialAction":[{"@type":"ReadAction","target":["https:\/\/www.humanium.org\/es\/afganistan\/"]}]},{"@type":"ImageObject","inLanguage":"es","@id":"https:\/\/www.humanium.org\/es\/afganistan\/#primaryimage","url":"https:\/\/www.humanium.org\/fr\/wp-content\/uploads\/fille-afghanistan-UNLuke-Powell.jpg","contentUrl":"https:\/\/www.humanium.org\/fr\/wp-content\/uploads\/fille-afghanistan-UNLuke-Powell.jpg"},{"@type":"BreadcrumbList","@id":"https:\/\/www.humanium.org\/es\/afganistan\/#breadcrumb","itemListElement":[{"@type":"ListItem","position":1,"name":"Home","item":"https:\/\/www.humanium.org\/es\/"},{"@type":"ListItem","position":2,"name":"Ni\u00f1os de Afganist\u00e1n"}]},{"@type":"WebSite","@id":"https:\/\/www.humanium.org\/es\/#website","url":"https:\/\/www.humanium.org\/es\/","name":"Humanium","description":"\u00a1Los ni\u00f1os primero!","potentialAction":[{"@type":"SearchAction","target":{"@type":"EntryPoint","urlTemplate":"https:\/\/www.humanium.org\/es\/?s={search_term_string}"},"query-input":{"@type":"PropertyValueSpecification","valueRequired":true,"valueName":"search_term_string"}}],"inLanguage":"es"}]}},"_links":{"self":[{"href":"https:\/\/www.humanium.org\/es\/wp-json\/wp\/v2\/pages\/1476","targetHints":{"allow":["GET"]}}],"collection":[{"href":"https:\/\/www.humanium.org\/es\/wp-json\/wp\/v2\/pages"}],"about":[{"href":"https:\/\/www.humanium.org\/es\/wp-json\/wp\/v2\/types\/page"}],"author":[{"embeddable":true,"href":"https:\/\/www.humanium.org\/es\/wp-json\/wp\/v2\/users\/1"}],"replies":[{"embeddable":true,"href":"https:\/\/www.humanium.org\/es\/wp-json\/wp\/v2\/comments?post=1476"}],"version-history":[{"count":4,"href":"https:\/\/www.humanium.org\/es\/wp-json\/wp\/v2\/pages\/1476\/revisions"}],"predecessor-version":[{"id":20432,"href":"https:\/\/www.humanium.org\/es\/wp-json\/wp\/v2\/pages\/1476\/revisions\/20432"}],"wp:attachment":[{"href":"https:\/\/www.humanium.org\/es\/wp-json\/wp\/v2\/media?parent=1476"}],"curies":[{"name":"wp","href":"https:\/\/api.w.org\/{rel}","templated":true}]}}