{"id":14771,"date":"2020-10-26T09:32:33","date_gmt":"2020-10-26T09:32:33","guid":{"rendered":"https:\/\/www.humanium.org\/es\/?page_id=14771"},"modified":"2020-10-26T09:32:55","modified_gmt":"2020-10-26T09:32:55","slug":"entorno","status":"publish","type":"page","link":"https:\/\/www.humanium.org\/es\/enfoques-tematicos\/entorno\/","title":{"rendered":"Entorno"},"content":{"rendered":"\n<div class=\"wp-block-columns is-layout-flex wp-container-core-columns-is-layout-9d6595d7 wp-block-columns-is-layout-flex\">\n<div class=\"wp-block-column is-layout-flow wp-block-column-is-layout-flow\" style=\"flex-basis:33.33%\">\n<figure class=\"wp-block-image size-large\"><img loading=\"lazy\" decoding=\"async\" width=\"300\" height=\"300\" src=\"https:\/\/www.humanium.org\/es\/wp-content\/uploads\/2020\/10\/image1_300x300.jpg\" alt=\"\" class=\"wp-image-14772\" srcset=\"https:\/\/www.humanium.org\/es\/wp-content\/uploads\/2020\/10\/image1_300x300.jpg 300w, https:\/\/www.humanium.org\/es\/wp-content\/uploads\/2020\/10\/image1_300x300-150x150.jpg 150w, https:\/\/www.humanium.org\/es\/wp-content\/uploads\/2020\/10\/image1_300x300-230x230.jpg 230w\" sizes=\"auto, (max-width: 300px) 100vw, 300px\" \/><\/figure>\n<\/div>\n\n\n\n<div class=\"wp-block-column is-layout-flow wp-block-column-is-layout-flow\" style=\"flex-basis:66.66%\">\n<h2 class=\"wp-block-heading\"><a href=\"#\">Derechos medioambientales<\/a><\/h2>\n\n\n\n<p>Para entender bien los <a href=\"https:\/\/www.humanium.org\/es\/derechos\/\">derechos<\/a> medioambientales, es importante analizar los distintos actores y las diversas regulaciones que influyen en los derechos ambientales y, por lo tanto, en los derechos humanos [&#8230;]<\/p>\n<\/div>\n<\/div>\n\n\n\n<hr class=\"wp-block-separator\"\/>\n\n\n\n<div class=\"wp-block-columns is-layout-flex wp-container-core-columns-is-layout-9d6595d7 wp-block-columns-is-layout-flex\">\n<div class=\"wp-block-column is-layout-flow wp-block-column-is-layout-flow\" style=\"flex-basis:33.33%\">\n<figure class=\"wp-block-image size-large\"><img loading=\"lazy\" decoding=\"async\" width=\"300\" height=\"300\" src=\"https:\/\/www.humanium.org\/es\/wp-content\/uploads\/2020\/10\/climate_emergency_300x300.jpg\" alt=\"\" class=\"wp-image-14773\" srcset=\"https:\/\/www.humanium.org\/es\/wp-content\/uploads\/2020\/10\/climate_emergency_300x300.jpg 300w, https:\/\/www.humanium.org\/es\/wp-content\/uploads\/2020\/10\/climate_emergency_300x300-150x150.jpg 150w, https:\/\/www.humanium.org\/es\/wp-content\/uploads\/2020\/10\/climate_emergency_300x300-230x230.jpg 230w\" sizes=\"auto, (max-width: 300px) 100vw, 300px\" \/><\/figure>\n<\/div>\n\n\n\n<div class=\"wp-block-column is-layout-flow wp-block-column-is-layout-flow\" style=\"flex-basis:66.66%\">\n<h2 class=\"wp-block-heading\"><a href=\"#\">Emergencia clim\u00e1tica<\/a><\/h2>\n\n\n\n<p>La naturaleza es crucial para sobrevivir. La humanidad est\u00e1 atestiguando, sin embargo, la destrucci\u00f3n prolongada de la naturaleza y por lo tanto el \u00edmpetu por un mundo diferente ha comenzado. En todas partes, las comunidades se est\u00e1n uniendo para luchar en contra del <a href=\"https:\/\/www.humanium.org\/en\/climate-change\/\">cambio clim\u00e1tico<\/a> y proteger nuestro planeta [&#8230;]<\/p>\n<\/div>\n<\/div>\n\n\n\n<hr class=\"wp-block-separator\"\/>\n\n\n\n<div class=\"wp-block-columns is-layout-flex wp-container-core-columns-is-layout-9d6595d7 wp-block-columns-is-layout-flex\">\n<div class=\"wp-block-column is-layout-flow wp-block-column-is-layout-flow\" style=\"flex-basis:33.33%\">\n<figure class=\"wp-block-image size-large\"><img loading=\"lazy\" decoding=\"async\" width=\"300\" height=\"300\" src=\"https:\/\/www.humanium.org\/es\/wp-content\/uploads\/2020\/10\/env_rights_defender_300x300.jpg\" alt=\"\" class=\"wp-image-14774\" srcset=\"https:\/\/www.humanium.org\/es\/wp-content\/uploads\/2020\/10\/env_rights_defender_300x300.jpg 300w, https:\/\/www.humanium.org\/es\/wp-content\/uploads\/2020\/10\/env_rights_defender_300x300-150x150.jpg 150w, https:\/\/www.humanium.org\/es\/wp-content\/uploads\/2020\/10\/env_rights_defender_300x300-230x230.jpg 230w\" sizes=\"auto, (max-width: 300px) 100vw, 300px\" \/><\/figure>\n<\/div>\n\n\n\n<div class=\"wp-block-column is-layout-flow wp-block-column-is-layout-flow\" style=\"flex-basis:66.66%\">\n<h2 class=\"wp-block-heading\"><a href=\"#\">Child environmental rights defenders<\/a><\/h2>\n\n\n\n<p>Child environmental rights defenders work across the planet on every continent to protect and promote human and environmental rights. These children often work at great personal risk of reprisal and targeting to defend the rights of current and future generations [&#8230;]<\/p>\n<\/div>\n<\/div>\n\n\n\n<hr class=\"wp-block-separator\"\/>\n\n\n\n<div class=\"wp-block-columns is-layout-flex wp-container-core-columns-is-layout-9d6595d7 wp-block-columns-is-layout-flex\">\n<div class=\"wp-block-column is-layout-flow wp-block-column-is-layout-flow\" style=\"flex-basis:33.33%\">\n<figure class=\"wp-block-image size-large\"><img loading=\"lazy\" decoding=\"async\" width=\"300\" height=\"300\" src=\"https:\/\/www.humanium.org\/es\/wp-content\/uploads\/2020\/10\/climate_refugees_300x300.jpg\" alt=\"\" class=\"wp-image-14775\" srcset=\"https:\/\/www.humanium.org\/es\/wp-content\/uploads\/2020\/10\/climate_refugees_300x300.jpg 300w, https:\/\/www.humanium.org\/es\/wp-content\/uploads\/2020\/10\/climate_refugees_300x300-150x150.jpg 150w, https:\/\/www.humanium.org\/es\/wp-content\/uploads\/2020\/10\/climate_refugees_300x300-230x230.jpg 230w\" sizes=\"auto, (max-width: 300px) 100vw, 300px\" \/><\/figure>\n\n\n\n<p><\/p>\n<\/div>\n\n\n\n<div class=\"wp-block-column is-layout-flow wp-block-column-is-layout-flow\" style=\"flex-basis:66.66%\">\n<h2 class=\"wp-block-heading\"><a href=\"#\">Ni\u00f1os Refugiados Clim\u00e1ticos<\/a><\/h2>\n\n\n\n<p>En a\u00f1os recientes, el concepto de refugiados clim\u00e1ticos ha ganado importancia como emergencia clim\u00e1tica global, amenazando los medios de vida de millones de personas, causando a muchos la necesidad de ser <a href=\"about:blank\">exiliados del hogar<\/a>. Los refugiados clim\u00e1ticos representan uno de los desaf\u00edos humanitarios m\u00e1s grandes de hoy en d\u00eda (UNHCR, 2015) [&#8230;]<\/p>\n<\/div>\n<\/div>\n","protected":false},"excerpt":{"rendered":"<p>Derechos medioambientales Para entender bien los derechos medioambientales, es importante analizar los distintos actores y las diversas regulaciones que influyen en los derechos ambientales y, por lo tanto, en los derechos humanos [&#8230;] Emergencia clim\u00e1tica La naturaleza es crucial para sobrevivir. La humanidad est\u00e1 atestiguando, sin embargo, la destrucci\u00f3n prolongada de la naturaleza y por [&hellip;]<\/p>\n","protected":false},"author":17,"featured_media":0,"parent":283,"menu_order":0,"comment_status":"closed","ping_status":"closed","template":"","meta":{"footnotes":""},"class_list":["post-14771","page","type-page","status-publish","hentry"],"yoast_head":"<!-- This site is optimized with the Yoast SEO plugin v26.5 - https:\/\/yoast.com\/wordpress\/plugins\/seo\/ -->\n<title>Entorno - Humanium<\/title>\n<meta name=\"robots\" content=\"index, follow, max-snippet:-1, max-image-preview:large, max-video-preview:-1\" \/>\n<link rel=\"canonical\" href=\"https:\/\/www.humanium.org\/es\/enfoques-tematicos\/entorno\/\" \/>\n<meta property=\"og:locale\" content=\"es_ES\" \/>\n<meta property=\"og:type\" content=\"article\" \/>\n<meta property=\"og:title\" content=\"Entorno - Humanium\" \/>\n<meta property=\"og:description\" content=\"Derechos medioambientales Para entender bien los derechos medioambientales, es importante analizar los distintos actores y las diversas regulaciones que influyen en los derechos ambientales y, por lo tanto, en los derechos humanos [&#8230;] Emergencia clim\u00e1tica La naturaleza es crucial para sobrevivir. La humanidad est\u00e1 atestiguando, sin embargo, la destrucci\u00f3n prolongada de la naturaleza y por [&hellip;]\" \/>\n<meta property=\"og:url\" content=\"https:\/\/www.humanium.org\/es\/enfoques-tematicos\/entorno\/\" \/>\n<meta property=\"og:site_name\" content=\"Humanium\" \/>\n<meta property=\"article:modified_time\" content=\"2020-10-26T09:32:55+00:00\" \/>\n<meta property=\"og:image\" content=\"https:\/\/www.humanium.org\/es\/wp-content\/uploads\/2020\/10\/image1_300x300.jpg\" \/>\n<meta name=\"twitter:card\" content=\"summary_large_image\" \/>\n<meta name=\"twitter:label1\" content=\"Tiempo de lectura\" \/>\n\t<meta name=\"twitter:data1\" content=\"1 minuto\" \/>\n<script type=\"application\/ld+json\" class=\"yoast-schema-graph\">{\"@context\":\"https:\/\/schema.org\",\"@graph\":[{\"@type\":\"WebPage\",\"@id\":\"https:\/\/www.humanium.org\/es\/enfoques-tematicos\/entorno\/\",\"url\":\"https:\/\/www.humanium.org\/es\/enfoques-tematicos\/entorno\/\",\"name\":\"Entorno - Humanium\",\"isPartOf\":{\"@id\":\"https:\/\/www.humanium.org\/es\/#website\"},\"primaryImageOfPage\":{\"@id\":\"https:\/\/www.humanium.org\/es\/enfoques-tematicos\/entorno\/#primaryimage\"},\"image\":{\"@id\":\"https:\/\/www.humanium.org\/es\/enfoques-tematicos\/entorno\/#primaryimage\"},\"thumbnailUrl\":\"https:\/\/www.humanium.org\/es\/wp-content\/uploads\/2020\/10\/image1_300x300.jpg\",\"datePublished\":\"2020-10-26T09:32:33+00:00\",\"dateModified\":\"2020-10-26T09:32:55+00:00\",\"breadcrumb\":{\"@id\":\"https:\/\/www.humanium.org\/es\/enfoques-tematicos\/entorno\/#breadcrumb\"},\"inLanguage\":\"es\",\"potentialAction\":[{\"@type\":\"ReadAction\",\"target\":[\"https:\/\/www.humanium.org\/es\/enfoques-tematicos\/entorno\/\"]}]},{\"@type\":\"ImageObject\",\"inLanguage\":\"es\",\"@id\":\"https:\/\/www.humanium.org\/es\/enfoques-tematicos\/entorno\/#primaryimage\",\"url\":\"https:\/\/www.humanium.org\/es\/wp-content\/uploads\/2020\/10\/image1_300x300.jpg\",\"contentUrl\":\"https:\/\/www.humanium.org\/es\/wp-content\/uploads\/2020\/10\/image1_300x300.jpg\",\"width\":300,\"height\":300},{\"@type\":\"BreadcrumbList\",\"@id\":\"https:\/\/www.humanium.org\/es\/enfoques-tematicos\/entorno\/#breadcrumb\",\"itemListElement\":[{\"@type\":\"ListItem\",\"position\":1,\"name\":\"Home\",\"item\":\"https:\/\/www.humanium.org\/es\/\"},{\"@type\":\"ListItem\",\"position\":2,\"name\":\"Enfoques tem\u00e1ticos\",\"item\":\"https:\/\/www.humanium.org\/es\/enfoques-tematicos\/\"},{\"@type\":\"ListItem\",\"position\":3,\"name\":\"Entorno\"}]},{\"@type\":\"WebSite\",\"@id\":\"https:\/\/www.humanium.org\/es\/#website\",\"url\":\"https:\/\/www.humanium.org\/es\/\",\"name\":\"Humanium\",\"description\":\"\u00a1Los ni\u00f1os primero!\",\"potentialAction\":[{\"@type\":\"SearchAction\",\"target\":{\"@type\":\"EntryPoint\",\"urlTemplate\":\"https:\/\/www.humanium.org\/es\/?s={search_term_string}\"},\"query-input\":{\"@type\":\"PropertyValueSpecification\",\"valueRequired\":true,\"valueName\":\"search_term_string\"}}],\"inLanguage\":\"es\"}]}<\/script>\n<!-- \/ Yoast SEO plugin. -->","yoast_head_json":{"title":"Entorno - Humanium","robots":{"index":"index","follow":"follow","max-snippet":"max-snippet:-1","max-image-preview":"max-image-preview:large","max-video-preview":"max-video-preview:-1"},"canonical":"https:\/\/www.humanium.org\/es\/enfoques-tematicos\/entorno\/","og_locale":"es_ES","og_type":"article","og_title":"Entorno - Humanium","og_description":"Derechos medioambientales Para entender bien los derechos medioambientales, es importante analizar los distintos actores y las diversas regulaciones que influyen en los derechos ambientales y, por lo tanto, en los derechos humanos [&#8230;] Emergencia clim\u00e1tica La naturaleza es crucial para sobrevivir. La humanidad est\u00e1 atestiguando, sin embargo, la destrucci\u00f3n prolongada de la naturaleza y por [&hellip;]","og_url":"https:\/\/www.humanium.org\/es\/enfoques-tematicos\/entorno\/","og_site_name":"Humanium","article_modified_time":"2020-10-26T09:32:55+00:00","og_image":[{"url":"https:\/\/www.humanium.org\/es\/wp-content\/uploads\/2020\/10\/image1_300x300.jpg","type":"","width":"","height":""}],"twitter_card":"summary_large_image","twitter_misc":{"Tiempo de lectura":"1 minuto"},"schema":{"@context":"https:\/\/schema.org","@graph":[{"@type":"WebPage","@id":"https:\/\/www.humanium.org\/es\/enfoques-tematicos\/entorno\/","url":"https:\/\/www.humanium.org\/es\/enfoques-tematicos\/entorno\/","name":"Entorno - Humanium","isPartOf":{"@id":"https:\/\/www.humanium.org\/es\/#website"},"primaryImageOfPage":{"@id":"https:\/\/www.humanium.org\/es\/enfoques-tematicos\/entorno\/#primaryimage"},"image":{"@id":"https:\/\/www.humanium.org\/es\/enfoques-tematicos\/entorno\/#primaryimage"},"thumbnailUrl":"https:\/\/www.humanium.org\/es\/wp-content\/uploads\/2020\/10\/image1_300x300.jpg","datePublished":"2020-10-26T09:32:33+00:00","dateModified":"2020-10-26T09:32:55+00:00","breadcrumb":{"@id":"https:\/\/www.humanium.org\/es\/enfoques-tematicos\/entorno\/#breadcrumb"},"inLanguage":"es","potentialAction":[{"@type":"ReadAction","target":["https:\/\/www.humanium.org\/es\/enfoques-tematicos\/entorno\/"]}]},{"@type":"ImageObject","inLanguage":"es","@id":"https:\/\/www.humanium.org\/es\/enfoques-tematicos\/entorno\/#primaryimage","url":"https:\/\/www.humanium.org\/es\/wp-content\/uploads\/2020\/10\/image1_300x300.jpg","contentUrl":"https:\/\/www.humanium.org\/es\/wp-content\/uploads\/2020\/10\/image1_300x300.jpg","width":300,"height":300},{"@type":"BreadcrumbList","@id":"https:\/\/www.humanium.org\/es\/enfoques-tematicos\/entorno\/#breadcrumb","itemListElement":[{"@type":"ListItem","position":1,"name":"Home","item":"https:\/\/www.humanium.org\/es\/"},{"@type":"ListItem","position":2,"name":"Enfoques tem\u00e1ticos","item":"https:\/\/www.humanium.org\/es\/enfoques-tematicos\/"},{"@type":"ListItem","position":3,"name":"Entorno"}]},{"@type":"WebSite","@id":"https:\/\/www.humanium.org\/es\/#website","url":"https:\/\/www.humanium.org\/es\/","name":"Humanium","description":"\u00a1Los ni\u00f1os primero!","potentialAction":[{"@type":"SearchAction","target":{"@type":"EntryPoint","urlTemplate":"https:\/\/www.humanium.org\/es\/?s={search_term_string}"},"query-input":{"@type":"PropertyValueSpecification","valueRequired":true,"valueName":"search_term_string"}}],"inLanguage":"es"}]}},"_links":{"self":[{"href":"https:\/\/www.humanium.org\/es\/wp-json\/wp\/v2\/pages\/14771","targetHints":{"allow":["GET"]}}],"collection":[{"href":"https:\/\/www.humanium.org\/es\/wp-json\/wp\/v2\/pages"}],"about":[{"href":"https:\/\/www.humanium.org\/es\/wp-json\/wp\/v2\/types\/page"}],"author":[{"embeddable":true,"href":"https:\/\/www.humanium.org\/es\/wp-json\/wp\/v2\/users\/17"}],"replies":[{"embeddable":true,"href":"https:\/\/www.humanium.org\/es\/wp-json\/wp\/v2\/comments?post=14771"}],"version-history":[{"count":2,"href":"https:\/\/www.humanium.org\/es\/wp-json\/wp\/v2\/pages\/14771\/revisions"}],"predecessor-version":[{"id":14777,"href":"https:\/\/www.humanium.org\/es\/wp-json\/wp\/v2\/pages\/14771\/revisions\/14777"}],"up":[{"embeddable":true,"href":"https:\/\/www.humanium.org\/es\/wp-json\/wp\/v2\/pages\/283"}],"wp:attachment":[{"href":"https:\/\/www.humanium.org\/es\/wp-json\/wp\/v2\/media?parent=14771"}],"curies":[{"name":"wp","href":"https:\/\/api.w.org\/{rel}","templated":true}]}}