{"id":148,"date":"2012-11-15T11:15:01","date_gmt":"2012-11-15T11:15:01","guid":{"rendered":"http:\/\/www.humanium.org\/es\/?page_id=148"},"modified":"2017-10-04T09:18:39","modified_gmt":"2017-10-04T09:18:39","slug":"facultativo-venta-prostitucion-pornografia","status":"publish","type":"page","link":"https:\/\/www.humanium.org\/es\/facultativo-venta-prostitucion-pornografia\/","title":{"rendered":"Protocolo facultativo de la Convenci\u00f3n de los derechos de la Ni\u00f1ez relativo a la venta, prostituci\u00f3n y pornograf\u00eda infantil, 2000"},"content":{"rendered":"<h1><span style=\"color: #800000;\">Protocolo facultativo de la Convenci\u00f3n de los Derechos del Ni\u00f1o relativo a la venta, la prostituci\u00f3n y la pornograf\u00eda infantil, 2000<\/span><\/h1>\n<h2>Presentaci\u00f3n del Protocolo<\/h2>\n<p><strong>El 25 de mayo de 2000, la Asamblea General de las Naciones Unidas aprob\u00f3 el <a href=\"https:\/\/www.humanium.org\/es\/protocolo-venta-prostitucion-texto-completo\/\" target=\"_self\">Protocolo Facultativo relativo a la venta de infantes, la prostituci\u00f3n de menores y la pornograf\u00eda infantil<\/a>. Este protocolo ha estado en vigencia desde el 18 de enero de 2002.<\/strong><\/p>\n<h3>Origen del Protocolo<\/h3>\n<p>Cada a\u00f1o, seg\u00fan UNICEF, m\u00e1s de un mill\u00f3n de ni\u00f1os, particularmente ni\u00f1as, se ven involucrados en la industria del sexo (prostituci\u00f3n, pornograf\u00eda, etc.). Algunos ni\u00f1os consideran este tipo de actividad como una oportunidad para escapar de la pobreza.<br \/>\nEn realidad, est\u00e1n recorriendo un camino peligroso que podr\u00eda tener consecuencias dram\u00e1ticas tanto para su salud f\u00edsica como para su bienestar mental. Otros han sido arrastrados a este mundo en contra de su voluntad, secuestrados, vendidos o adoptados en beneficio de redes dedicadas a la prostituci\u00f3n y pornograf\u00eda.<\/p>\n<p><img loading=\"lazy\" decoding=\"async\" class=\"size-full wp-image-4244 alignright\" title=\"Cada d\u00eda, millones de ni\u00f1os\/as buscan en las calles medios econ\u00f3micos que les permitan sobrevivir. - \u00a9 Amnist\u00eda Internacional\" src=\"https:\/\/www.humanium.org\/es\/wp-content\/uploads\/portail-fr\/amnnesty-international-prostitution-enfant.jpg\" alt=\"\" width=\"248\" height=\"161\" \/><\/p>\n<p>Es a menudo muy dif\u00edcil para estos ni\u00f1os obtener ayuda debido a su escasa visibilidad.<br \/>\nSin documentos oficiales, no son reconocidos por las autoridades y su desaparici\u00f3n pasa inadvertida.<br \/>\nEl problema afecta por igual a pa\u00edses desarrollados y pa\u00edses en v\u00edas de desarrollo y ha llamado la atenci\u00f3n de organizaciones internacionales por varios a\u00f1os.<\/p>\n<p>La OIT fue la primera en tratar el problema definiendo, en la <a title=\"Convenci\u00f3n 182\" href=\"https:\/\/www.humanium.org\/es\/convenio-182-peores-formas-trabajo-infantil-1999\/\">Convenci\u00f3n 182<\/a>, la utilizaci\u00f3n y el reclutamiento de infantes para prop\u00f3sitos sexuales, entre las m\u00e1s infames formas de trabajo a las que ni\u00f1os pueden estar sometidos, y que por lo tanto deben ser r\u00e1pidamente erradicadas por los gobiernos.<\/p>\n<p><img loading=\"lazy\" decoding=\"async\" class=\"size-full wp-image-4252 alignleft\" title=\"La pornograf\u00eda infantil est\u00e1 aumentando.\" src=\"https:\/\/www.humanium.org\/es\/wp-content\/uploads\/portail-fr\/pornographie-infantile.jpg\" alt=\"tsr.ch\" width=\"263\" height=\"163\" \/> Sin embargo, debido a las dimensiones y al alcance de este fen\u00f3meno, que contin\u00faa empeorando en todo el mundo, las Naciones Unidas decidieron adoptar el protocolo de la Convenci\u00f3n Internacional de los Derechos de los ni\u00f1os\/as, espec\u00edficamente dirigido a la participaci\u00f3n de ni\u00f1os\/as en actividades de explotaci\u00f3n sexual.<\/p>\n<p>El <a href=\"https:\/\/www.humanium.org\/es\/protocolo-venta-prostitucion-texto-completo\/\" target=\"_self\">Protocolo facultativo relativo a la venta de ni\u00f1os\/as, prostituci\u00f3n y pornograf\u00eda infantil<\/a>, fue aprobado el 25 de mayo de 2000, al mismo tiempo que el <a title=\"Protocolo facultativo conflictos armados\" href=\"https:\/\/www.humanium.org\/es\/facultativo-conflictos-armados-2000\/\">Protocolo facultativo relativo a la participaci\u00f3n de infantes en conflictos armados<\/a>. Este protocolo entr\u00f3 en vigencia el 18 de enero de 2002.<\/p>\n<h3>Contenido del Protocolo<\/h3>\n<p><img loading=\"lazy\" decoding=\"async\" class=\"size-full wp-image-4255 alignright\" title=\"El protocolo formalmente proh\u00edbe la participaci\u00f3n de ni\u00f1os en cualquier actividad que implique explotaci\u00f3n sexual - \u00a9 CozayAfrica\" src=\"https:\/\/www.humanium.org\/es\/wp-content\/uploads\/portail-fr\/cozay-africa-pornographie-infantile.jpg\" alt=\"\" width=\"273\" height=\"182\" \/><\/p>\n<p>El <a href=\"https:\/\/www.humanium.org\/es\/protocolo-venta-prostitucion-texto-completo\/\" target=\"_self\">protocolo facultativo relativo a la venta de ni\u00f1os\/as, prostituci\u00f3n infantil y representaci\u00f3n pornogr\u00e1fica de infantes<\/a>, es principalmente una herramienta jur\u00eddica destinada a definir y prohibir la participaci\u00f3n de ni\u00f1os\/as en prostituci\u00f3n y pornograf\u00eda.<\/p>\n<p>Estas actividades est\u00e1n catalogadas no solo como violaciones serias de los derechos de los ni\u00f1os\/as sino tambi\u00e9n como actos criminales. El Protocolo claramente define:<\/p>\n<blockquote><p>\u00ab<strong>Art\u00edculo 2<\/strong> Objetivos del presente Protocolo:<br \/>\na) La venta de ni\u00f1os hace referencia a cualquier acto o transacci\u00f3n en la cual cualquier individuo o grupo de individuos entrega un ni\u00f1o a otra persona o grupo de personas como alguna forma de pago;<br \/>\nb) La prostituci\u00f3n infantil se refiere al acto de utilizar un ni\u00f1o con fines de explotaci\u00f3n sexual como alguna forma de pago;<br \/>\nc) La representaci\u00f3n pornogr\u00e1fica de infantes se refiere a cualquier representaci\u00f3n (obtenida por cualquier medio de transmisi\u00f3n o por cualquier medio) de un ni\u00f1o participando en actividades sexuales expl\u00edcitas (reales o simuladas) o de los \u00f3rganos sexuales de ni\u00f1os, utilizadas con prop\u00f3sitos que son primariamente sexuales\u2019\u2019. (1)<\/p><\/blockquote>\n<p>Este protocolo requiere que los gobiernos tomen medidas inmediatas y radicales frente a este serio problema. De hecho, los Estados miembros deben realizar las siguientes tres acciones:<\/p>\n<ul>\n<li>Los Estados deben tratar como delitos aquellas acciones que concuerden con las definiciones del art\u00edculo 2. Esto significa que los Estados deben establecer dentro su sistema legal interno sanciones de peso para los autores de dichas actividades (un m\u00ednimo de 10 a\u00f1os en prisi\u00f3n, etc.).<\/li>\n<li>Los Estados tienen la responsabilidad de enjuiciar a los autores de dichos delitos.<\/li>\n<li>Los Estados tienen la obligaci\u00f3n de prestar asistencia. Tienen que acudir en auxilio de los ni\u00f1os v\u00edctimas y brindarles apoyo hasta que sus vidas hayan retornado a la normalidad. Si los infantes tienen que sobrevivir por su propia cuenta, el Estado debe hacer todo lo que est\u00e9 a su alcance para encontrarles una familia o, si esto \u00faltimo no es posible, colocarles al cuidado de una familia adoptiva.<\/li>\n<\/ul>\n<p style=\"text-align: center;\">\n<table>\n<tbody style=\"background: #f9f9f9;\">\n<tr>\n<td>\n<div style=\"float: left; width: 65%;\">Traducido por: Mar\u00eda Fernanda Vinueza<br \/>\nCorregido por: Vanesa Knoop<\/div>\n<\/td>\n<\/tr>\n<\/tbody>\n<\/table>\n<div id=\"toggle\"><a><\/a><\/div>\n<div id=\"voir_aussi_box\" style=\"display: none;\">\n<ul>\n<li><a href=\"https:\/\/www.humanium.org\/es\/facultativo-conflictos-armados-2000\/\">Protocolo facultativo de la Convenci\u00f3n de los Derechos del Ni\u00f1o relacionada a la participaci\u00f3n de los ni\u00f1os en los conflictos armados, 2000<\/a><\/li>\n<li><a href=\"https:\/\/www.humanium.org\/es\/protocolo-comunicaciones\/\">Protocolo Facultativo de la Convenci\u00f3n sobre los Derechos del Ni\u00f1o relativo al procedimiento de comunicaciones, 2011<\/a><\/li>\n<li><a href=\"https:\/\/www.humanium.org\/es\/referecias-estandares\/\">Referencias est\u00e1ndares sobre los Derechos del Ni\u00f1o<\/a><\/li>\n<\/ul>\n<\/div>\n<div id=\"toggle\"><a><\/a><\/div>\n<div id=\"plus_loin_box\" style=\"display: none;\">\n<ul>\n<li><a href=\"https:\/\/rm.coe.int\/1680720f66\" target=\"_blank\" rel=\"noopener noreferrer\">European Council, Luchando contra la Explotaci\u00f3n Sexual Infantil y el Abuso en Europa (en ingl\u00e9s)<\/a><\/li>\n<li><a href=\"https:\/\/es.wikipedia.org\/wiki\/Pornograf%C3%ADa_infantil\" target=\"_blank\" rel=\"noopener noreferrer\">Wikipedia, Pornograf\u00eda infantil<\/a><\/li>\n<\/ul>\n<\/div>\n","protected":false},"excerpt":{"rendered":"<p>Protocolo facultativo de la Convenci\u00f3n de los Derechos del Ni\u00f1o relativo a la venta, la prostituci\u00f3n y la pornograf\u00eda infantil, 2000 Presentaci\u00f3n del Protocolo El 25 de mayo de 2000, la Asamblea General de las Naciones Unidas aprob\u00f3 el Protocolo Facultativo relativo a la venta de infantes, la prostituci\u00f3n de menores y la pornograf\u00eda infantil. [&hellip;]<\/p>\n","protected":false},"author":1,"featured_media":0,"parent":0,"menu_order":0,"comment_status":"closed","ping_status":"closed","template":"","meta":{"footnotes":""},"class_list":["post-148","page","type-page","status-publish","hentry"],"yoast_head":"<!-- This site is optimized with the Yoast SEO plugin v26.5 - https:\/\/yoast.com\/wordpress\/plugins\/seo\/ -->\n<title>Protocolo facultativo de la Convenci\u00f3n de los derechos de la Ni\u00f1ez relativo a la venta, prostituci\u00f3n y pornograf\u00eda infantil, 2000 - Humanium<\/title>\n<meta name=\"robots\" content=\"index, follow, max-snippet:-1, max-image-preview:large, max-video-preview:-1\" \/>\n<link rel=\"canonical\" href=\"https:\/\/www.humanium.org\/es\/facultativo-venta-prostitucion-pornografia\/\" \/>\n<meta property=\"og:locale\" content=\"es_ES\" \/>\n<meta property=\"og:type\" content=\"article\" \/>\n<meta property=\"og:title\" content=\"Protocolo facultativo de la Convenci\u00f3n de los derechos de la Ni\u00f1ez relativo a la venta, prostituci\u00f3n y pornograf\u00eda infantil, 2000 - Humanium\" \/>\n<meta property=\"og:description\" content=\"Protocolo facultativo de la Convenci\u00f3n de los Derechos del Ni\u00f1o relativo a la venta, la prostituci\u00f3n y la pornograf\u00eda infantil, 2000 Presentaci\u00f3n del Protocolo El 25 de mayo de 2000, la Asamblea General de las Naciones Unidas aprob\u00f3 el Protocolo Facultativo relativo a la venta de infantes, la prostituci\u00f3n de menores y la pornograf\u00eda infantil. [&hellip;]\" \/>\n<meta property=\"og:url\" content=\"https:\/\/www.humanium.org\/es\/facultativo-venta-prostitucion-pornografia\/\" \/>\n<meta property=\"og:site_name\" content=\"Humanium\" \/>\n<meta property=\"article:modified_time\" content=\"2017-10-04T09:18:39+00:00\" \/>\n<meta property=\"og:image\" content=\"https:\/\/www.humanium.org\/es\/wp-content\/uploads\/portail-fr\/amnnesty-international-prostitution-enfant.jpg\" \/>\n<meta name=\"twitter:card\" content=\"summary_large_image\" \/>\n<meta name=\"twitter:label1\" content=\"Tiempo de lectura\" \/>\n\t<meta name=\"twitter:data1\" content=\"4 minutos\" \/>\n<script type=\"application\/ld+json\" class=\"yoast-schema-graph\">{\"@context\":\"https:\/\/schema.org\",\"@graph\":[{\"@type\":\"WebPage\",\"@id\":\"https:\/\/www.humanium.org\/es\/facultativo-venta-prostitucion-pornografia\/\",\"url\":\"https:\/\/www.humanium.org\/es\/facultativo-venta-prostitucion-pornografia\/\",\"name\":\"Protocolo facultativo de la Convenci\u00f3n de los derechos de la Ni\u00f1ez relativo a la venta, prostituci\u00f3n y pornograf\u00eda infantil, 2000 - Humanium\",\"isPartOf\":{\"@id\":\"https:\/\/www.humanium.org\/es\/#website\"},\"primaryImageOfPage\":{\"@id\":\"https:\/\/www.humanium.org\/es\/facultativo-venta-prostitucion-pornografia\/#primaryimage\"},\"image\":{\"@id\":\"https:\/\/www.humanium.org\/es\/facultativo-venta-prostitucion-pornografia\/#primaryimage\"},\"thumbnailUrl\":\"https:\/\/www.humanium.org\/es\/wp-content\/uploads\/portail-fr\/amnnesty-international-prostitution-enfant.jpg\",\"datePublished\":\"2012-11-15T11:15:01+00:00\",\"dateModified\":\"2017-10-04T09:18:39+00:00\",\"breadcrumb\":{\"@id\":\"https:\/\/www.humanium.org\/es\/facultativo-venta-prostitucion-pornografia\/#breadcrumb\"},\"inLanguage\":\"es\",\"potentialAction\":[{\"@type\":\"ReadAction\",\"target\":[\"https:\/\/www.humanium.org\/es\/facultativo-venta-prostitucion-pornografia\/\"]}]},{\"@type\":\"ImageObject\",\"inLanguage\":\"es\",\"@id\":\"https:\/\/www.humanium.org\/es\/facultativo-venta-prostitucion-pornografia\/#primaryimage\",\"url\":\"https:\/\/www.humanium.org\/es\/wp-content\/uploads\/portail-fr\/amnnesty-international-prostitution-enfant.jpg\",\"contentUrl\":\"https:\/\/www.humanium.org\/es\/wp-content\/uploads\/portail-fr\/amnnesty-international-prostitution-enfant.jpg\"},{\"@type\":\"BreadcrumbList\",\"@id\":\"https:\/\/www.humanium.org\/es\/facultativo-venta-prostitucion-pornografia\/#breadcrumb\",\"itemListElement\":[{\"@type\":\"ListItem\",\"position\":1,\"name\":\"Home\",\"item\":\"https:\/\/www.humanium.org\/es\/\"},{\"@type\":\"ListItem\",\"position\":2,\"name\":\"Protocolo facultativo de la Convenci\u00f3n de los derechos de la Ni\u00f1ez relativo a la venta, prostituci\u00f3n y pornograf\u00eda infantil, 2000\"}]},{\"@type\":\"WebSite\",\"@id\":\"https:\/\/www.humanium.org\/es\/#website\",\"url\":\"https:\/\/www.humanium.org\/es\/\",\"name\":\"Humanium\",\"description\":\"\u00a1Los ni\u00f1os primero!\",\"potentialAction\":[{\"@type\":\"SearchAction\",\"target\":{\"@type\":\"EntryPoint\",\"urlTemplate\":\"https:\/\/www.humanium.org\/es\/?s={search_term_string}\"},\"query-input\":{\"@type\":\"PropertyValueSpecification\",\"valueRequired\":true,\"valueName\":\"search_term_string\"}}],\"inLanguage\":\"es\"}]}<\/script>\n<!-- \/ Yoast SEO plugin. -->","yoast_head_json":{"title":"Protocolo facultativo de la Convenci\u00f3n de los derechos de la Ni\u00f1ez relativo a la venta, prostituci\u00f3n y pornograf\u00eda infantil, 2000 - Humanium","robots":{"index":"index","follow":"follow","max-snippet":"max-snippet:-1","max-image-preview":"max-image-preview:large","max-video-preview":"max-video-preview:-1"},"canonical":"https:\/\/www.humanium.org\/es\/facultativo-venta-prostitucion-pornografia\/","og_locale":"es_ES","og_type":"article","og_title":"Protocolo facultativo de la Convenci\u00f3n de los derechos de la Ni\u00f1ez relativo a la venta, prostituci\u00f3n y pornograf\u00eda infantil, 2000 - Humanium","og_description":"Protocolo facultativo de la Convenci\u00f3n de los Derechos del Ni\u00f1o relativo a la venta, la prostituci\u00f3n y la pornograf\u00eda infantil, 2000 Presentaci\u00f3n del Protocolo El 25 de mayo de 2000, la Asamblea General de las Naciones Unidas aprob\u00f3 el Protocolo Facultativo relativo a la venta de infantes, la prostituci\u00f3n de menores y la pornograf\u00eda infantil. [&hellip;]","og_url":"https:\/\/www.humanium.org\/es\/facultativo-venta-prostitucion-pornografia\/","og_site_name":"Humanium","article_modified_time":"2017-10-04T09:18:39+00:00","og_image":[{"url":"https:\/\/www.humanium.org\/es\/wp-content\/uploads\/portail-fr\/amnnesty-international-prostitution-enfant.jpg","type":"","width":"","height":""}],"twitter_card":"summary_large_image","twitter_misc":{"Tiempo de lectura":"4 minutos"},"schema":{"@context":"https:\/\/schema.org","@graph":[{"@type":"WebPage","@id":"https:\/\/www.humanium.org\/es\/facultativo-venta-prostitucion-pornografia\/","url":"https:\/\/www.humanium.org\/es\/facultativo-venta-prostitucion-pornografia\/","name":"Protocolo facultativo de la Convenci\u00f3n de los derechos de la Ni\u00f1ez relativo a la venta, prostituci\u00f3n y pornograf\u00eda infantil, 2000 - Humanium","isPartOf":{"@id":"https:\/\/www.humanium.org\/es\/#website"},"primaryImageOfPage":{"@id":"https:\/\/www.humanium.org\/es\/facultativo-venta-prostitucion-pornografia\/#primaryimage"},"image":{"@id":"https:\/\/www.humanium.org\/es\/facultativo-venta-prostitucion-pornografia\/#primaryimage"},"thumbnailUrl":"https:\/\/www.humanium.org\/es\/wp-content\/uploads\/portail-fr\/amnnesty-international-prostitution-enfant.jpg","datePublished":"2012-11-15T11:15:01+00:00","dateModified":"2017-10-04T09:18:39+00:00","breadcrumb":{"@id":"https:\/\/www.humanium.org\/es\/facultativo-venta-prostitucion-pornografia\/#breadcrumb"},"inLanguage":"es","potentialAction":[{"@type":"ReadAction","target":["https:\/\/www.humanium.org\/es\/facultativo-venta-prostitucion-pornografia\/"]}]},{"@type":"ImageObject","inLanguage":"es","@id":"https:\/\/www.humanium.org\/es\/facultativo-venta-prostitucion-pornografia\/#primaryimage","url":"https:\/\/www.humanium.org\/es\/wp-content\/uploads\/portail-fr\/amnnesty-international-prostitution-enfant.jpg","contentUrl":"https:\/\/www.humanium.org\/es\/wp-content\/uploads\/portail-fr\/amnnesty-international-prostitution-enfant.jpg"},{"@type":"BreadcrumbList","@id":"https:\/\/www.humanium.org\/es\/facultativo-venta-prostitucion-pornografia\/#breadcrumb","itemListElement":[{"@type":"ListItem","position":1,"name":"Home","item":"https:\/\/www.humanium.org\/es\/"},{"@type":"ListItem","position":2,"name":"Protocolo facultativo de la Convenci\u00f3n de los derechos de la Ni\u00f1ez relativo a la venta, prostituci\u00f3n y pornograf\u00eda infantil, 2000"}]},{"@type":"WebSite","@id":"https:\/\/www.humanium.org\/es\/#website","url":"https:\/\/www.humanium.org\/es\/","name":"Humanium","description":"\u00a1Los ni\u00f1os primero!","potentialAction":[{"@type":"SearchAction","target":{"@type":"EntryPoint","urlTemplate":"https:\/\/www.humanium.org\/es\/?s={search_term_string}"},"query-input":{"@type":"PropertyValueSpecification","valueRequired":true,"valueName":"search_term_string"}}],"inLanguage":"es"}]}},"_links":{"self":[{"href":"https:\/\/www.humanium.org\/es\/wp-json\/wp\/v2\/pages\/148","targetHints":{"allow":["GET"]}}],"collection":[{"href":"https:\/\/www.humanium.org\/es\/wp-json\/wp\/v2\/pages"}],"about":[{"href":"https:\/\/www.humanium.org\/es\/wp-json\/wp\/v2\/types\/page"}],"author":[{"embeddable":true,"href":"https:\/\/www.humanium.org\/es\/wp-json\/wp\/v2\/users\/1"}],"replies":[{"embeddable":true,"href":"https:\/\/www.humanium.org\/es\/wp-json\/wp\/v2\/comments?post=148"}],"version-history":[{"count":6,"href":"https:\/\/www.humanium.org\/es\/wp-json\/wp\/v2\/pages\/148\/revisions"}],"predecessor-version":[{"id":11644,"href":"https:\/\/www.humanium.org\/es\/wp-json\/wp\/v2\/pages\/148\/revisions\/11644"}],"wp:attachment":[{"href":"https:\/\/www.humanium.org\/es\/wp-json\/wp\/v2\/media?parent=148"}],"curies":[{"name":"wp","href":"https:\/\/api.w.org\/{rel}","templated":true}]}}