{"id":14811,"date":"2020-11-02T14:08:51","date_gmt":"2020-11-02T14:08:51","guid":{"rendered":"https:\/\/www.humanium.org\/es\/?page_id=14811"},"modified":"2024-02-04T09:50:13","modified_gmt":"2024-02-04T09:50:13","slug":"ambiente","status":"publish","type":"page","link":"https:\/\/www.humanium.org\/es\/enfoques-tematicos\/ambiente\/","title":{"rendered":"Ambiente"},"content":{"rendered":"\n<div class=\"wp-block-columns is-layout-flex wp-container-core-columns-is-layout-9d6595d7 wp-block-columns-is-layout-flex\">\n<div class=\"wp-block-column is-layout-flow wp-block-column-is-layout-flow\" style=\"flex-basis:33.33%\">\n<figure class=\"wp-block-image size-large\"><img decoding=\"async\" src=\"https:\/\/www.humanium.org\/fr\/wp-content\/uploads\/2020\/10\/image1_300x300.jpg\" alt=\"\" class=\"wp-image-48811\"\/><\/figure>\n<\/div>\n\n\n\n<div class=\"wp-block-column is-layout-flow wp-block-column-is-layout-flow\" style=\"flex-basis:66.66%\">\n<h2 class=\"wp-block-heading\"><a href=\"https:\/\/www.humanium.org\/es\/enfoques-tematicos\/ambiente\/derechos-medioambientales\/\">Derechos medioambientales<\/a><\/h2>\n\n\n\n<p>Para entender bien los <a href=\"https:\/\/www.humanium.org\/es\/derechos\/\">derechos<\/a> medioambientales, es importante analizar los distintos actores y las diversas regulaciones que influyen en los derechos ambientales y, por lo tanto, en los derechos humanos.<\/p>\n<\/div>\n<\/div>\n\n\n\n<hr class=\"wp-block-separator has-css-opacity\"\/>\n\n\n\n<div class=\"wp-block-columns is-layout-flex wp-container-core-columns-is-layout-9d6595d7 wp-block-columns-is-layout-flex\">\n<div class=\"wp-block-column is-layout-flow wp-block-column-is-layout-flow\" style=\"flex-basis:33.33%\">\n<figure class=\"wp-block-image size-large\"><img decoding=\"async\" src=\"https:\/\/www.humanium.org\/fr\/wp-content\/uploads\/2020\/10\/climate_emergency_300x300.jpg\" alt=\"\" class=\"wp-image-48812\"\/><\/figure>\n\n\n\n<p><\/p>\n<\/div>\n\n\n\n<div class=\"wp-block-column is-layout-flow wp-block-column-is-layout-flow\" style=\"flex-basis:66.66%\">\n<h2 class=\"wp-block-heading\"><a href=\"https:\/\/www.humanium.org\/es\/enfoques-tematicos\/ambiente\/emergencia-climatica\/\">Emergencia clim\u00e1tica<\/a><\/h2>\n\n\n\n<p>La naturaleza es crucial para sobrevivir. La humanidad est\u00e1 atestiguando, sin embargo, la destrucci\u00f3n prolongada de la naturaleza y por lo tanto el \u00edmpetu por un mundo diferente ha comenzado. En todas partes, las comunidades se est\u00e1n uniendo para luchar en contra del cambio clim\u00e1tico y proteger nuestro planeta.<\/p>\n<\/div>\n<\/div>\n\n\n\n<hr class=\"wp-block-separator has-css-opacity\"\/>\n\n\n\n<div class=\"wp-block-columns is-layout-flex wp-container-core-columns-is-layout-9d6595d7 wp-block-columns-is-layout-flex\">\n<div class=\"wp-block-column is-layout-flow wp-block-column-is-layout-flow\" style=\"flex-basis:33.33%\">\n<figure class=\"wp-block-image size-large\"><img decoding=\"async\" src=\"https:\/\/www.humanium.org\/fr\/wp-content\/uploads\/2020\/10\/env_rights_defender_300x300.jpg\" alt=\"\" class=\"wp-image-48813\"\/><\/figure>\n<\/div>\n\n\n\n<div class=\"wp-block-column is-layout-flow wp-block-column-is-layout-flow\" style=\"flex-basis:66.66%\">\n<h2 class=\"wp-block-heading\"><a href=\"https:\/\/www.humanium.org\/es\/enfoques-tematicos\/ambiente\/jovenes-defensores-de-los-derechos-ambientales\/\">J\u00f3venes defensores de los derechos ambientales<\/a><\/h2>\n\n\n\n<p>J\u00f3venes defensores de los derechos ambientales trabajan en cada continente, en el mundo entero, para proteger y promover los derechos ambientales y humanos. Esos ni\u00f1os se dedican a una tarea que conlleve grandes riesgos, con el \u00fanico prop\u00f3sito de defender esos derechos, para esta generaci\u00f3n y las pr\u00f3ximas.<\/p>\n<\/div>\n<\/div>\n\n\n\n<hr class=\"wp-block-separator has-css-opacity\"\/>\n\n\n\n<div class=\"wp-block-columns is-layout-flex wp-container-core-columns-is-layout-9d6595d7 wp-block-columns-is-layout-flex\">\n<div class=\"wp-block-column is-layout-flow wp-block-column-is-layout-flow\" style=\"flex-basis:33.33%\">\n<figure class=\"wp-block-image size-large\"><img decoding=\"async\" src=\"https:\/\/www.humanium.org\/fr\/wp-content\/uploads\/2020\/10\/climate_refugees_300x300.jpg\" alt=\"\" class=\"wp-image-48814\"\/><\/figure>\n\n\n\n<p><\/p>\n<\/div>\n\n\n\n<div class=\"wp-block-column is-layout-flow wp-block-column-is-layout-flow\" style=\"flex-basis:66.66%\">\n<h2 class=\"wp-block-heading\"><a href=\"https:\/\/www.humanium.org\/es\/enfoques-tematicos\/ambiente\/ninos-refugiados-climaticos\/\">Ni\u00f1os refugiados clim\u00e1ticos<\/a><\/h2>\n\n\n\n<p>En a\u00f1os recientes, el concepto de refugiados clim\u00e1ticos ha ganado importancia como emergencia clim\u00e1tica global, amenazando los medios de vida de millones de personas, causando a muchos la necesidad de ser exiliados del hogar. Los refugiados clim\u00e1ticos representan uno de los desaf\u00edos humanitarios m\u00e1s grandes de hoy en d\u00eda (UNHCR, 2015). <\/p>\n<\/div>\n<\/div>\n\n\n\n<hr class=\"wp-block-separator has-alpha-channel-opacity\"\/>\n\n\n\n<div class=\"wp-block-columns is-layout-flex wp-container-core-columns-is-layout-9d6595d7 wp-block-columns-is-layout-flex\">\n<div class=\"wp-block-column is-layout-flow wp-block-column-is-layout-flow\" style=\"flex-basis:33.33%\">\n<figure class=\"wp-block-image size-large\"><img loading=\"lazy\" decoding=\"async\" width=\"1024\" height=\"683\" src=\"https:\/\/www.humanium.org\/es\/wp-content\/uploads\/2024\/02\/shutterstock_1294508779-1024x683.jpg\" alt=\"\" class=\"wp-image-18512\" style=\"aspect-ratio:1;object-fit:cover\" srcset=\"https:\/\/www.humanium.org\/es\/wp-content\/uploads\/2024\/02\/shutterstock_1294508779-1024x683.jpg 1024w, https:\/\/www.humanium.org\/es\/wp-content\/uploads\/2024\/02\/shutterstock_1294508779-300x200.jpg 300w, https:\/\/www.humanium.org\/es\/wp-content\/uploads\/2024\/02\/shutterstock_1294508779-768x512.jpg 768w, https:\/\/www.humanium.org\/es\/wp-content\/uploads\/2024\/02\/shutterstock_1294508779-1536x1024.jpg 1536w, https:\/\/www.humanium.org\/es\/wp-content\/uploads\/2024\/02\/shutterstock_1294508779-2048x1365.jpg 2048w, https:\/\/www.humanium.org\/es\/wp-content\/uploads\/2024\/02\/shutterstock_1294508779-830x553.jpg 830w, https:\/\/www.humanium.org\/es\/wp-content\/uploads\/2024\/02\/shutterstock_1294508779-230x153.jpg 230w, https:\/\/www.humanium.org\/es\/wp-content\/uploads\/2024\/02\/shutterstock_1294508779-350x233.jpg 350w, https:\/\/www.humanium.org\/es\/wp-content\/uploads\/2024\/02\/shutterstock_1294508779-480x320.jpg 480w, https:\/\/www.humanium.org\/es\/wp-content\/uploads\/2024\/02\/shutterstock_1294508779-272x182.jpg 272w\" sizes=\"auto, (max-width: 1024px) 100vw, 1024px\" \/><\/figure>\n<\/div>\n\n\n\n<div class=\"wp-block-column is-layout-flow wp-block-column-is-layout-flow\" style=\"flex-basis:66.66%\">\n<h2 class=\"wp-block-heading\"><a href=\"https:\/\/www.humanium.org\/es\/la-contaminacion-por-plasticos-y-los-derechos-de-los-ninos\/\">La contaminaci\u00f3n por pl\u00e1sticos y los derechos de los ni\u00f1os<\/a><\/h2>\n\n\n\n<p>Ning\u00fan grupo es m\u00e1s vulnerable frente al da\u00f1o ambiental que los ni\u00f1os. La producci\u00f3n, el uso y la eliminaci\u00f3n de pl\u00e1sticos tienen un impacto significativo en los derechos del ni\u00f1o. Los pl\u00e1sticos contienen aditivos qu\u00edmicos t\u00f3xicos que pueden plantear amenazas significativas para el desarrollo infantil.<\/p>\n<\/div>\n<\/div>\n","protected":false},"excerpt":{"rendered":"<p>Derechos medioambientales Para entender bien los derechos medioambientales, es importante analizar los distintos actores y las diversas regulaciones que influyen en los derechos ambientales y, por lo tanto, en los derechos humanos. Emergencia clim\u00e1tica La naturaleza es crucial para sobrevivir. La humanidad est\u00e1 atestiguando, sin embargo, la destrucci\u00f3n prolongada de la naturaleza y por lo [&hellip;]<\/p>\n","protected":false},"author":17,"featured_media":0,"parent":283,"menu_order":0,"comment_status":"closed","ping_status":"closed","template":"","meta":{"footnotes":""},"class_list":["post-14811","page","type-page","status-publish","hentry"],"yoast_head":"<!-- This site is optimized with the Yoast SEO plugin v26.5 - https:\/\/yoast.com\/wordpress\/plugins\/seo\/ -->\n<title>Ambiente - Humanium<\/title>\n<meta name=\"robots\" content=\"index, follow, max-snippet:-1, max-image-preview:large, max-video-preview:-1\" \/>\n<link rel=\"canonical\" href=\"https:\/\/www.humanium.org\/es\/enfoques-tematicos\/ambiente\/\" \/>\n<meta property=\"og:locale\" content=\"es_ES\" \/>\n<meta property=\"og:type\" content=\"article\" \/>\n<meta property=\"og:title\" content=\"Ambiente - Humanium\" \/>\n<meta property=\"og:description\" content=\"Derechos medioambientales Para entender bien los derechos medioambientales, es importante analizar los distintos actores y las diversas regulaciones que influyen en los derechos ambientales y, por lo tanto, en los derechos humanos. Emergencia clim\u00e1tica La naturaleza es crucial para sobrevivir. La humanidad est\u00e1 atestiguando, sin embargo, la destrucci\u00f3n prolongada de la naturaleza y por lo [&hellip;]\" \/>\n<meta property=\"og:url\" content=\"https:\/\/www.humanium.org\/es\/enfoques-tematicos\/ambiente\/\" \/>\n<meta property=\"og:site_name\" content=\"Humanium\" \/>\n<meta property=\"article:modified_time\" content=\"2024-02-04T09:50:13+00:00\" \/>\n<meta property=\"og:image\" content=\"https:\/\/www.humanium.org\/fr\/wp-content\/uploads\/2020\/10\/image1_300x300.jpg\" \/>\n<meta name=\"twitter:card\" content=\"summary_large_image\" \/>\n<meta name=\"twitter:label1\" content=\"Tiempo de lectura\" \/>\n\t<meta name=\"twitter:data1\" content=\"3 minutos\" \/>\n<script type=\"application\/ld+json\" class=\"yoast-schema-graph\">{\"@context\":\"https:\/\/schema.org\",\"@graph\":[{\"@type\":\"WebPage\",\"@id\":\"https:\/\/www.humanium.org\/es\/enfoques-tematicos\/ambiente\/\",\"url\":\"https:\/\/www.humanium.org\/es\/enfoques-tematicos\/ambiente\/\",\"name\":\"Ambiente - Humanium\",\"isPartOf\":{\"@id\":\"https:\/\/www.humanium.org\/es\/#website\"},\"primaryImageOfPage\":{\"@id\":\"https:\/\/www.humanium.org\/es\/enfoques-tematicos\/ambiente\/#primaryimage\"},\"image\":{\"@id\":\"https:\/\/www.humanium.org\/es\/enfoques-tematicos\/ambiente\/#primaryimage\"},\"thumbnailUrl\":\"https:\/\/www.humanium.org\/fr\/wp-content\/uploads\/2020\/10\/image1_300x300.jpg\",\"datePublished\":\"2020-11-02T14:08:51+00:00\",\"dateModified\":\"2024-02-04T09:50:13+00:00\",\"breadcrumb\":{\"@id\":\"https:\/\/www.humanium.org\/es\/enfoques-tematicos\/ambiente\/#breadcrumb\"},\"inLanguage\":\"es\",\"potentialAction\":[{\"@type\":\"ReadAction\",\"target\":[\"https:\/\/www.humanium.org\/es\/enfoques-tematicos\/ambiente\/\"]}]},{\"@type\":\"ImageObject\",\"inLanguage\":\"es\",\"@id\":\"https:\/\/www.humanium.org\/es\/enfoques-tematicos\/ambiente\/#primaryimage\",\"url\":\"https:\/\/www.humanium.org\/fr\/wp-content\/uploads\/2020\/10\/image1_300x300.jpg\",\"contentUrl\":\"https:\/\/www.humanium.org\/fr\/wp-content\/uploads\/2020\/10\/image1_300x300.jpg\"},{\"@type\":\"BreadcrumbList\",\"@id\":\"https:\/\/www.humanium.org\/es\/enfoques-tematicos\/ambiente\/#breadcrumb\",\"itemListElement\":[{\"@type\":\"ListItem\",\"position\":1,\"name\":\"Home\",\"item\":\"https:\/\/www.humanium.org\/es\/\"},{\"@type\":\"ListItem\",\"position\":2,\"name\":\"Enfoques tem\u00e1ticos\",\"item\":\"https:\/\/www.humanium.org\/es\/enfoques-tematicos\/\"},{\"@type\":\"ListItem\",\"position\":3,\"name\":\"Ambiente\"}]},{\"@type\":\"WebSite\",\"@id\":\"https:\/\/www.humanium.org\/es\/#website\",\"url\":\"https:\/\/www.humanium.org\/es\/\",\"name\":\"Humanium\",\"description\":\"\u00a1Los ni\u00f1os primero!\",\"potentialAction\":[{\"@type\":\"SearchAction\",\"target\":{\"@type\":\"EntryPoint\",\"urlTemplate\":\"https:\/\/www.humanium.org\/es\/?s={search_term_string}\"},\"query-input\":{\"@type\":\"PropertyValueSpecification\",\"valueRequired\":true,\"valueName\":\"search_term_string\"}}],\"inLanguage\":\"es\"}]}<\/script>\n<!-- \/ Yoast SEO plugin. -->","yoast_head_json":{"title":"Ambiente - Humanium","robots":{"index":"index","follow":"follow","max-snippet":"max-snippet:-1","max-image-preview":"max-image-preview:large","max-video-preview":"max-video-preview:-1"},"canonical":"https:\/\/www.humanium.org\/es\/enfoques-tematicos\/ambiente\/","og_locale":"es_ES","og_type":"article","og_title":"Ambiente - Humanium","og_description":"Derechos medioambientales Para entender bien los derechos medioambientales, es importante analizar los distintos actores y las diversas regulaciones que influyen en los derechos ambientales y, por lo tanto, en los derechos humanos. Emergencia clim\u00e1tica La naturaleza es crucial para sobrevivir. La humanidad est\u00e1 atestiguando, sin embargo, la destrucci\u00f3n prolongada de la naturaleza y por lo [&hellip;]","og_url":"https:\/\/www.humanium.org\/es\/enfoques-tematicos\/ambiente\/","og_site_name":"Humanium","article_modified_time":"2024-02-04T09:50:13+00:00","og_image":[{"url":"https:\/\/www.humanium.org\/fr\/wp-content\/uploads\/2020\/10\/image1_300x300.jpg","type":"","width":"","height":""}],"twitter_card":"summary_large_image","twitter_misc":{"Tiempo de lectura":"3 minutos"},"schema":{"@context":"https:\/\/schema.org","@graph":[{"@type":"WebPage","@id":"https:\/\/www.humanium.org\/es\/enfoques-tematicos\/ambiente\/","url":"https:\/\/www.humanium.org\/es\/enfoques-tematicos\/ambiente\/","name":"Ambiente - Humanium","isPartOf":{"@id":"https:\/\/www.humanium.org\/es\/#website"},"primaryImageOfPage":{"@id":"https:\/\/www.humanium.org\/es\/enfoques-tematicos\/ambiente\/#primaryimage"},"image":{"@id":"https:\/\/www.humanium.org\/es\/enfoques-tematicos\/ambiente\/#primaryimage"},"thumbnailUrl":"https:\/\/www.humanium.org\/fr\/wp-content\/uploads\/2020\/10\/image1_300x300.jpg","datePublished":"2020-11-02T14:08:51+00:00","dateModified":"2024-02-04T09:50:13+00:00","breadcrumb":{"@id":"https:\/\/www.humanium.org\/es\/enfoques-tematicos\/ambiente\/#breadcrumb"},"inLanguage":"es","potentialAction":[{"@type":"ReadAction","target":["https:\/\/www.humanium.org\/es\/enfoques-tematicos\/ambiente\/"]}]},{"@type":"ImageObject","inLanguage":"es","@id":"https:\/\/www.humanium.org\/es\/enfoques-tematicos\/ambiente\/#primaryimage","url":"https:\/\/www.humanium.org\/fr\/wp-content\/uploads\/2020\/10\/image1_300x300.jpg","contentUrl":"https:\/\/www.humanium.org\/fr\/wp-content\/uploads\/2020\/10\/image1_300x300.jpg"},{"@type":"BreadcrumbList","@id":"https:\/\/www.humanium.org\/es\/enfoques-tematicos\/ambiente\/#breadcrumb","itemListElement":[{"@type":"ListItem","position":1,"name":"Home","item":"https:\/\/www.humanium.org\/es\/"},{"@type":"ListItem","position":2,"name":"Enfoques tem\u00e1ticos","item":"https:\/\/www.humanium.org\/es\/enfoques-tematicos\/"},{"@type":"ListItem","position":3,"name":"Ambiente"}]},{"@type":"WebSite","@id":"https:\/\/www.humanium.org\/es\/#website","url":"https:\/\/www.humanium.org\/es\/","name":"Humanium","description":"\u00a1Los ni\u00f1os primero!","potentialAction":[{"@type":"SearchAction","target":{"@type":"EntryPoint","urlTemplate":"https:\/\/www.humanium.org\/es\/?s={search_term_string}"},"query-input":{"@type":"PropertyValueSpecification","valueRequired":true,"valueName":"search_term_string"}}],"inLanguage":"es"}]}},"_links":{"self":[{"href":"https:\/\/www.humanium.org\/es\/wp-json\/wp\/v2\/pages\/14811","targetHints":{"allow":["GET"]}}],"collection":[{"href":"https:\/\/www.humanium.org\/es\/wp-json\/wp\/v2\/pages"}],"about":[{"href":"https:\/\/www.humanium.org\/es\/wp-json\/wp\/v2\/types\/page"}],"author":[{"embeddable":true,"href":"https:\/\/www.humanium.org\/es\/wp-json\/wp\/v2\/users\/17"}],"replies":[{"embeddable":true,"href":"https:\/\/www.humanium.org\/es\/wp-json\/wp\/v2\/comments?post=14811"}],"version-history":[{"count":6,"href":"https:\/\/www.humanium.org\/es\/wp-json\/wp\/v2\/pages\/14811\/revisions"}],"predecessor-version":[{"id":18522,"href":"https:\/\/www.humanium.org\/es\/wp-json\/wp\/v2\/pages\/14811\/revisions\/18522"}],"up":[{"embeddable":true,"href":"https:\/\/www.humanium.org\/es\/wp-json\/wp\/v2\/pages\/283"}],"wp:attachment":[{"href":"https:\/\/www.humanium.org\/es\/wp-json\/wp\/v2\/media?parent=14811"}],"curies":[{"name":"wp","href":"https:\/\/api.w.org\/{rel}","templated":true}]}}